{"id":18974,"date":"2025-04-07T06:04:58","date_gmt":"2025-04-07T06:04:58","guid":{"rendered":"https:\/\/www.hydraulic-cylinders.net\/product\/boom-cylinder-for-caterpillar-large-excavator-e349d\/"},"modified":"2025-04-07T06:05:00","modified_gmt":"2025-04-07T06:05:00","slug":"boom-cylinder-for-caterpillar-large-excavator-e349d","status":"publish","type":"product","link":"https:\/\/www.hydraulic-cylinders.net\/tr\/urun\/boom-cylinder-for-caterpillar-large-excavator-e349d\/","title":{"rendered":"Caterpillar B\u00fcy\u00fck Ekskavat\u00f6r E349D i\u00e7in Bom Silindiri"},"content":{"rendered":"<h1>Caterpillar B\u00fcy\u00fck Ekskavat\u00f6r E349D i\u00e7in Bom Silindiri<\/h1>\n<h2>Bom Silindirine Giri\u015f<\/h2>\n<p>Bom Silindiri, \u00f6zellikle Caterpillar E349D ekskavat\u00f6r olmak \u00fczere a\u011f\u0131r makineler i\u00e7in \u00f6zel olarak tasarlanm\u0131\u015f temel bir hidrolik bile\u015fendir. Bu hidrolik silindir, bomun hareketini kontrol ederek ekskavat\u00f6r\u00fcn temel i\u015flevlerini hassas ve verimli bir \u015fekilde yerine getirmesini sa\u011flar. Bom silindiri, in\u015faat ve kaz\u0131 uygulamalar\u0131ndaki \u00e7e\u015fitli malzeme ta\u015f\u0131ma g\u00f6revleri i\u00e7in hayati \u00f6nem ta\u015f\u0131yan bomun kald\u0131r\u0131lmas\u0131n\u0131, indirilmesini ve e\u011filmesini kolayla\u015ft\u0131r\u0131r.<\/p>\n<p><img decoding=\"async\" src=\"https:\/\/www.hydraulic-cylinders.net\/wp-content\/uploads\/2025\/04\/songte-company-1.webp\" alt=\"Bom Silindiri G\u00f6r\u00fcnt\u00fcs\u00fc\"><\/p>\n<h3>Tan\u0131m ve Genel Bak\u0131\u015f<\/h3>\n<p>Bom silindiri de dahil olmak \u00fczere hidrolik silindirler, hidrolik enerjiyi mekanik enerjiye d\u00f6n\u00fc\u015ft\u00fcren mekanik cihazlard\u0131r. Bom silindiri, ekskavat\u00f6r\u00fcn bomunun mafsall\u0131 hareketini sa\u011flar. Bu hareket, operat\u00f6rlerin malzemeleri etkili bir \u015fekilde kazmas\u0131n\u0131, kald\u0131rmas\u0131n\u0131 ve ta\u015f\u0131mas\u0131n\u0131 sa\u011flar. Hidrolik sistem, hareket yaratmak i\u00e7in bas\u0131n\u00e7l\u0131 s\u0131v\u0131 kullan\u0131r ve hassasiyetin \u00f6nemli oldu\u011fu karma\u015f\u0131k g\u00f6revlerde olmazsa olmaz olan sorunsuz ve kontroll\u00fc bir \u00e7al\u0131\u015fma sa\u011flar.<\/p>\n<h2>Bom Silindirinin \u00d6zellikleri<\/h2>\n<ul>\n<li><strong>Y\u00fcksek Dayan\u0131kl\u0131l\u0131k ve Dayan\u0131kl\u0131l\u0131k:<\/strong> Genellikle y\u00fcksek bas\u0131n\u00e7 ve a\u011f\u0131r y\u00fcklere dayanacak \u015fekilde y\u00fcksek mukavemetli \u00e7elik veya al\u00fcminyumdan \u00fcretilirler ve zorlu \u00e7al\u0131\u015fma ortamlar\u0131nda uzun \u00f6m\u00fcrl\u00fc olmalar\u0131n\u0131 sa\u011flarlar.<\/li>\n<li><strong>Verimli Hidrolik \u00c7al\u0131\u015fma:<\/strong> P\u00fcr\u00fczs\u00fcz uzatma ve geri \u00e7ekme sa\u011flamak i\u00e7in hidrolik ya\u011f bas\u0131nc\u0131n\u0131 kullan\u0131r, operat\u00f6r komutlar\u0131na h\u0131zl\u0131 yan\u0131t verir ve \u00f6nemli itme ve \u00e7ekme kuvveti \u00fcretir.<\/li>\n<li><strong>\u00c7e\u015fitli T\u00fcrler:<\/strong> \u00c7e\u015fitli operasyonel ihtiya\u00e7lar\u0131 kar\u015f\u0131lamak i\u00e7in tek etkili veya \u00e7ift etkili tasar\u0131mlarda mevcuttur; baz\u0131 modellerde, d\u0131\u015f boyutlar\u0131 art\u0131rmadan geni\u015fletilmi\u015f eri\u015fime izin veren teleskopik tasar\u0131mlar bulunur.<\/li>\n<li><strong>Geli\u015fmi\u015f A\u015f\u0131nma Direnci:<\/strong> Zorlu ko\u015fullarda \u00fcr\u00fcn\u00fcn kullan\u0131m \u00f6mr\u00fcn\u00fc uzatmak i\u00e7in a\u015f\u0131nma ve korozyon direnci g\u00f6z \u00f6n\u00fcnde bulundurularak tasarlanm\u0131\u015ft\u0131r.<\/li>\n<li><strong>Kolay Bak\u0131m:<\/strong> Kolay bak\u0131m i\u00e7in tasarlanm\u0131\u015ft\u0131r, optimum \u00e7al\u0131\u015fmay\u0131 garantilemek i\u00e7in h\u0131zl\u0131 denetimlere ve rutin servislere olanak tan\u0131r.<\/li>\n<\/ul>\n<h2>\u00dcretim Yetenekleri<\/h2>\n<p>Mevcut modellerin yerini m\u00fckemmel \u015fekilde alabilecek Bom Silindiri ve di\u011fer hidrolik silindirleri \u00fcretme kapasitesine sahibiz. \u00dcr\u00fcnlerimiz, hassasiyet ve kalite g\u00f6z \u00f6n\u00fcnde bulundurularak tasarlanmakta olup, sekt\u00f6r standartlar\u0131n\u0131 kar\u015f\u0131layan veya a\u015fan uyumluluk ve performans sa\u011flamaktad\u0131r.<\/p>\n<p><img decoding=\"async\" src=\"https:\/\/www.hydraulic-cylinders.net\/wp-content\/uploads\/2025\/04\/songte-cylinder-head-with-all-kinds-excavator-models.webp\" alt=\"Ekskavat\u00f6r Modelleri i\u00e7in Silindirler\"><\/p>\n<h2>Uygulama Senaryolar\u0131<\/h2>\n<h3>\u0130n\u015faat Ekipmanlar\u0131<\/h3>\n<p>Ekskavat\u00f6rler gibi in\u015faat makinelerinde bom silindirleri, kazma, y\u00fckleme ve toprak veya moloz ta\u015f\u0131ma i\u00e7in hayati \u00f6nem ta\u015f\u0131r. Bu silindirlerin sundu\u011fu hassas kontrol, operat\u00f6rlerin karma\u015f\u0131k g\u00f6revleri yerine getirmesine olanak tan\u0131yarak \u015fantiyedeki verimlili\u011fi art\u0131r\u0131r.<\/p>\n<h3>Tar\u0131m Makinalar\u0131<\/h3>\n<p>Bom silindirleri ayr\u0131ca \u00f6n y\u00fckleyicilerde de kullan\u0131l\u0131r ve toprak, saman ve di\u011fer malzemelerin kep\u00e7elenmesine, kald\u0131r\u0131lmas\u0131na ve ta\u015f\u0131nmas\u0131na yard\u0131mc\u0131 olur, bu da onlar\u0131 tar\u0131msal faaliyetlerde vazge\u00e7ilmez k\u0131lar.<\/p>\n<h3>Ekskavat\u00f6rler<\/h3>\n<p>Ekskavat\u00f6rlerde bom silindiri, kep\u00e7enin zemine etkili bir \u015fekilde n\u00fcfuz etmesini sa\u011flayarak kaz\u0131 eylemlerini kolayla\u015ft\u0131r\u0131r, bu da kaz\u0131 projeleri i\u00e7in hayati \u00f6nem ta\u015f\u0131r.<\/p>\n<h3>Y\u00fckleyiciler<\/h3>\n<p>\u00d6n y\u00fckleyicilerde bom silindirleri, \u00e7e\u015fitli end\u00fcstrilerdeki malzeme ta\u015f\u0131ma g\u00f6revleri i\u00e7in gerekli olan y\u00fcklerin etkili bir \u015fekilde kald\u0131r\u0131lmas\u0131na ve bo\u015falt\u0131lmas\u0131na yard\u0131mc\u0131 olur.<\/p>\n<h2>Tasar\u0131m Hususlar\u0131<\/h2>\n<h3>Y\u00fck Kapasitesi<\/h3>\n<p>Bir bom silindiri tasar\u0131m\u0131nda temel hususlardan biri y\u00fck kapasitesidir. G\u00fcvenlik veya performanstan \u00f6d\u00fcn vermeden, kald\u0131raca\u011f\u0131 y\u00fcklerin a\u011f\u0131rl\u0131\u011f\u0131n\u0131 ve stresini kald\u0131rabilmelidir. Bu, silindirin \u00e7al\u0131\u015fma s\u0131ras\u0131nda kar\u015f\u0131la\u015f\u0131lan dinamik kuvvetlere dayanabilmesini sa\u011flamak i\u00e7in dikkatli malzeme se\u00e7imi ve m\u00fchendislik uygulamalar\u0131 gerektirir.<\/p>\n<h3>S\u0131zd\u0131rmazl\u0131k Performans\u0131<\/h3>\n<p>Hidrolik s\u0131v\u0131 s\u0131z\u0131nt\u0131s\u0131n\u0131 \u00f6nlemek ve \u00e7al\u0131\u015fma verimlili\u011fini sa\u011flamak i\u00e7in etkili s\u0131zd\u0131rmazl\u0131k \u00e7ok \u00f6nemlidir. Conta ve conta se\u00e7imi, \u00e7al\u0131\u015fma ortam\u0131n\u0131, s\u0131cakl\u0131k dalgalanmalar\u0131n\u0131 ve kullan\u0131lan hidrolik s\u0131v\u0131n\u0131n t\u00fcr\u00fcn\u00fc dikkate almal\u0131d\u0131r. Y\u00fcksek kaliteli contalar, hidrolik silindirin \u00f6mr\u00fcn\u00fc \u00f6nemli \u00f6l\u00e7\u00fcde uzatabilir.<\/p>\n<h3>Dayan\u0131kl\u0131l\u0131k<\/h3>\n<p>Bom silindirinin dayan\u0131kl\u0131l\u0131\u011f\u0131, \u00e7al\u0131\u015ft\u0131\u011f\u0131 zorlu ko\u015fullar g\u00f6z \u00f6n\u00fcne al\u0131nd\u0131\u011f\u0131nda son derece \u00f6nemlidir. Malzeme se\u00e7imi, y\u00fczey i\u015fleme ve tasar\u0131m \u00f6zellikleri gibi fakt\u00f6rler, silindirin a\u015f\u0131nd\u0131r\u0131c\u0131 malzemelere ve a\u015f\u0131nd\u0131r\u0131c\u0131 unsurlara dayanmas\u0131n\u0131 sa\u011flayarak dayan\u0131kl\u0131l\u0131\u011f\u0131 art\u0131rmada kritik bir rol oynar.<\/p>\n<h3>G\u00fcvenlik \u00d6zellikleri<\/h3>\n<p>Hidrolik silindirlerin tasar\u0131m\u0131nda g\u00fcvenlik \u00f6ncelikli bir husustur. Bas\u0131n\u00e7 tahliye valfleri ve patlama diskleri gibi \u00f6zelliklerin dahil edilmesi, felaket boyutunda ar\u0131zalar\u0131 \u00f6nleyerek, \u00e7al\u0131\u015fma s\u0131ras\u0131nda hem operat\u00f6rlerin hem de makinelerin g\u00fcvenli\u011fini sa\u011flar.<\/p>\n<h3>Bak\u0131m Eri\u015filebilirli\u011fi<\/h3>\n<p>Hidrolik silindirler i\u00e7in bak\u0131m eri\u015filebilirli\u011fine uygun tasar\u0131mlar hayati \u00f6nem ta\u015f\u0131r. Kolay muayene ve bak\u0131m imk\u00e2n\u0131 sa\u011flayan \u00f6zelliklerin eklenmesi, ar\u0131za s\u00fcrelerini azaltabilir ve ekipman\u0131n \u00e7al\u0131\u015fma \u00f6mr\u00fcn\u00fc uzatabilir.<\/p>\n<p><img decoding=\"async\" src=\"https:\/\/www.hydraulic-cylinders.net\/wp-content\/uploads\/2025\/04\/songte-oil-pipes-and-spare-parts.webp\" alt=\"Hidrolik Par\u00e7alar ve Contalar\"><\/p>\n<h2>S\u0131zd\u0131rmazl\u0131k ve Ya\u011flama<\/h2>\n<p>Hidrolik silindirlerin verimli \u00e7al\u0131\u015fmas\u0131 i\u00e7in uygun s\u0131zd\u0131rmazl\u0131k ve ya\u011flama hayati \u00f6nem ta\u015f\u0131r. Piston ke\u00e7eleri ve piston kolu ke\u00e7eleri gibi \u00e7e\u015fitli s\u0131zd\u0131rmazl\u0131k bile\u015fenleri, hidrolik b\u00fct\u00fcnl\u00fc\u011f\u00fcn korunmas\u0131nda \u00f6nemli bir rol oynar. Poli\u00fcretan ve nitril kau\u00e7uk gibi dayan\u0131kl\u0131 malzemelerden \u00fcretilen ke\u00e7eler genellikle a\u015f\u0131nma ve y\u0131pranmaya kar\u015f\u0131 dayan\u0131kl\u0131d\u0131r. Ayr\u0131ca, silindir g\u00f6vdesi ve di\u015fli u\u00e7lar\u0131 a\u015f\u0131nma direncini art\u0131rmak i\u00e7in hassas bir \u015fekilde i\u015flenmi\u015ftir. Sorunsuz \u00e7al\u0131\u015fma sa\u011flamak ve s\u00fcrt\u00fcnme kaynakl\u0131 hasarlar\u0131 \u00f6nlemek i\u00e7in hidrolik ya\u011f ile d\u00fczenli ya\u011flama gereklidir.<\/p>\n<h2>\u00d6nleyici Bak\u0131m \u00d6nlemleri<\/h2>\n<ul>\n<li><strong>D\u00fczenli Denetimler:<\/strong> Silindirde a\u015f\u0131nma, s\u0131z\u0131nt\u0131 veya hasar belirtileri a\u00e7\u0131s\u0131ndan rutin kontroller yapmak, sorunlar\u0131n b\u00fcy\u00fcmeden \u00f6nce tespit edilmesine yard\u0131mc\u0131 olabilir ve makinenin g\u00fcvenilirli\u011finin devam etmesini sa\u011flar.<\/li>\n<li><strong>Ya\u011flama:<\/strong> Silindirin yeterli \u015fekilde ya\u011flanmas\u0131 s\u00fcrt\u00fcnmeyi ve a\u015f\u0131nmay\u0131 azaltarak, bile\u015fenin genel kullan\u0131m \u00f6mr\u00fcn\u00fcn uzamas\u0131na katk\u0131da bulunur.<\/li>\n<li><strong>Conta De\u011fi\u015fimi:<\/strong> Contalar\u0131n d\u00fczenli olarak kontrol edilmesi ve gerekti\u011finde de\u011fi\u015ftirilmesi, s\u0131z\u0131nt\u0131lar\u0131 \u00f6nler ve silindir i\u00e7indeki hidrolik bas\u0131nc\u0131 korur.<\/li>\n<\/ul>\n<h2>Kurulum Talimatlar\u0131<\/h2>\n<p>Bom silindirinin do\u011fru montaj\u0131, performans\u0131 a\u00e7\u0131s\u0131ndan \u00e7ok \u00f6nemlidir. En iyi sonu\u00e7lar i\u00e7in a\u015fa\u011f\u0131daki y\u00f6nergeleri izleyin:<\/p>\n<ul>\n<li>Hatal\u0131 \u00e7al\u0131\u015fmay\u0131 \u00f6nlemek i\u00e7in silindirin bomla do\u011fru \u015fekilde hizaland\u0131\u011f\u0131ndan emin olun.<\/li>\n<li>Silindiri yerinde sabitlemek i\u00e7in uygun montaj braketlerini kullan\u0131n, b\u00f6ylece \u00e7al\u0131\u015fma s\u0131ras\u0131nda hareket etmesi en aza indirilmi\u015f olur.<\/li>\n<li>\u00c7al\u0131\u015ft\u0131rmadan \u00f6nce t\u00fcm hidrolik ba\u011flant\u0131lar\u0131n g\u00fcvenli ve s\u0131z\u0131nt\u0131s\u0131z oldu\u011fundan emin olun.<\/li>\n<li>Hidrolik s\u0131v\u0131 seviyesini kontrol edin ve \u00fcreticinin belirledi\u011fi de\u011ferlere uygun oldu\u011fundan emin olun.<\/li>\n<li>Silindirin d\u00fczg\u00fcn \u00e7al\u0131\u015ft\u0131\u011f\u0131n\u0131 teyit etmek i\u00e7in kurulumdan sonra fonksiyonel bir test ger\u00e7ekle\u015ftirin.<\/li>\n<\/ul>\n<h2>Yayg\u0131n Bak\u0131m G\u00f6revleri<\/h2>\n<h3>D\u00fczenli Denetimler<\/h3>\n<p>Olas\u0131 sorunlar\u0131 erken tespit etmek i\u00e7in bom silindirinin d\u00fczenli kontrolleri \u00e7ok \u00f6nemlidir. Bu, s\u0131z\u0131nt\u0131, a\u015f\u0131nma veya hizalama hatas\u0131 belirtilerinin kontrol edilmesini i\u00e7erir. Silindirin iyi durumda oldu\u011fundan emin olmak, operasyonel ar\u0131za riskini \u00f6nemli \u00f6l\u00e7\u00fcde azaltabilir.<\/p>\n<h3>Uygun Ya\u011flama<\/h3>\n<p>Hidrolik silindirin kusursuz \u00e7al\u0131\u015fmas\u0131 i\u00e7in uygun ya\u011flaman\u0131n sa\u011flanmas\u0131 hayati \u00f6nem ta\u015f\u0131r. Do\u011fru tip ve miktarda hidrolik ya\u011f\u0131n d\u00fczenli olarak uygulanmas\u0131, contalar\u0131n etkinli\u011fini korumas\u0131n\u0131 ve s\u00fcrt\u00fcnmenin en aza indirilmesini sa\u011flayarak silindirin \u00f6mr\u00fcn\u00fc uzat\u0131r.<\/p>\n<h3>Conta De\u011fi\u015fimi ve Kalibrasyon Kontrolleri<\/h3>\n<p>Zamanla contalar a\u015f\u0131nabilir ve de\u011fi\u015ftirilmeleri gerekebilir. Contalar\u0131 a\u015f\u0131nma belirtileri a\u00e7\u0131s\u0131ndan d\u00fczenli olarak kontrol etmek ve gerekti\u011finde de\u011fi\u015ftirmek, hidrolik verimlili\u011finin korunmas\u0131na yard\u0131mc\u0131 olur. Kalibrasyon kontrolleri, silindirin belirtilen parametreler dahilinde \u00e7al\u0131\u015fmas\u0131n\u0131 sa\u011flayarak olas\u0131 hasarlar\u0131 \u00f6nler ve optimum performans sa\u011flar.<\/p>\n<p><img decoding=\"async\" src=\"https:\/\/www.hydraulic-cylinders.net\/wp-content\/uploads\/2025\/04\/songte-chushion-collar.webp\" alt=\"Yast\u0131k Yaka G\u00f6rseli\"><\/p>\n<h2>G\u00fcvenlik Hususlar\u0131<\/h2>\n<p>Hidrolik silindirlerle \u00e7al\u0131\u015f\u0131rken g\u00fcvenlik \u00f6nlemleri son derece \u00f6nemlidir. Operat\u00f6rler i\u00e7in uygun e\u011fitim, g\u00fcvenlik protokollerine uyum ve ki\u015fisel koruyucu ekipman (KKD) kullan\u0131m\u0131 esast\u0131r. Hidrolik sistemin t\u00fcm g\u00fcvenlik \u00f6zelliklerinin \u00e7al\u0131\u015f\u0131r durumda olmas\u0131n\u0131 sa\u011flamak, \u00e7al\u0131\u015fma s\u0131ras\u0131nda kaza ve yaralanmalar\u0131 \u00f6nleyebilir.<\/p>\n<h2>Ar\u0131za Te\u015fhisi ve Yayg\u0131n Sorunlar<\/h2>\n<ul>\n<li><strong>S\u0131z\u0131nt\u0131:<\/strong> En yayg\u0131n sorunlardan biri, a\u015f\u0131nm\u0131\u015f contalardan veya hasarl\u0131 bile\u015fenlerden kaynaklanabilen hidrolik s\u0131v\u0131 s\u0131z\u0131nt\u0131s\u0131d\u0131r. D\u00fczenli kontroller, s\u0131z\u0131nt\u0131lar\u0131n h\u0131zl\u0131 bir \u015fekilde tespit edilip giderilmesine yard\u0131mc\u0131 olabilir.<\/li>\n<li><strong>Zay\u0131f Performans:<\/strong> Silindir d\u00fczg\u00fcn bir \u015fekilde a\u00e7\u0131l\u0131p kapanm\u0131yorsa, bu durum d\u00fc\u015f\u00fck hidrolik s\u0131v\u0131s\u0131 seviyelerinin veya i\u00e7 hasar\u0131n g\u00f6stergesi olabilir. Daha fazla hasar\u0131 \u00f6nlemek i\u00e7in bu sorunlar\u0131n h\u0131zl\u0131 bir \u015fekilde giderilmesi \u00e7ok \u00f6nemlidir.<\/li>\n<li><strong>A\u015f\u0131r\u0131 Is\u0131nma:<\/strong> A\u015f\u0131r\u0131 \u0131s\u0131, hidrolik s\u0131v\u0131s\u0131n\u0131n bozulmas\u0131na ve dolay\u0131s\u0131yla d\u00fc\u015f\u00fck performansa yol a\u00e7abilir. \u00c7al\u0131\u015fma s\u0131cakl\u0131klar\u0131n\u0131n d\u00fczenli olarak izlenmesi bu sorunu hafifletmeye yard\u0131mc\u0131 olabilir.<\/li>\n<\/ul>\n<h2>Sorun Giderme \u0130pu\u00e7lar\u0131<\/h2>\n<p>Bom silindirindeki sorunlar\u0131 etkili bir \u015fekilde te\u015fhis etmek ve \u00e7\u00f6zmek i\u00e7in a\u015fa\u011f\u0131daki ipu\u00e7lar\u0131n\u0131 g\u00f6z \u00f6n\u00fcnde bulundurun:<\/p>\n<ul>\n<li>Herhangi bir hasar veya a\u015f\u0131nma belirtisi olup olmad\u0131\u011f\u0131n\u0131 g\u00f6rmek i\u00e7in g\u00f6rsel bir inceleme yap\u0131n.<\/li>\n<li>Hidrolik s\u0131v\u0131 seviyelerini kontrol edin ve gerekirse tamamlay\u0131n.<\/li>\n<li>Contalar\u0131 herhangi bir bozulma belirtisi a\u00e7\u0131s\u0131ndan inceleyin ve gerekirse de\u011fi\u015ftirin.<\/li>\n<li>Silindirle ilgili \u00f6zel sorunlar i\u00e7in \u00fcreticinin sorun giderme y\u00f6nergelerine bak\u0131n.<\/li>\n<\/ul>\n<p><img decoding=\"async\" src=\"https:\/\/www.hydraulic-cylinders.net\/wp-content\/uploads\/2025\/04\/songte-bushings-with-all-kinds-of-excavator-models.webp\" alt=\"Ekskavat\u00f6r Modelleri i\u00e7in Bur\u00e7\"><\/p>\n<h2>\u015eirket Genel Bak\u0131\u015f\u0131<\/h2>\n<p>Hem yurt i\u00e7i hem de yurt d\u0131\u015f\u0131 pazarlar\u0131n ihtiya\u00e7lar\u0131n\u0131 kar\u015f\u0131layan geni\u015f bir \u00fcr\u00fcn yelpazesi sunan lider bir yedek hidrolik silindir \u00fcreticisiyiz. Kalite ve hassas \u00fcretim uygulamalar\u0131m\u0131zdaki m\u00fckemmellik taahh\u00fcd\u00fcm\u00fcz, bizi hidrolik silindir sekt\u00f6r\u00fcnde g\u00fcvenilir bir ortak konumuna getirmi\u015ftir. \u00dcretim kapasitemizi art\u0131rmak ve \u00fcr\u00fcnlerimizin en y\u00fcksek standartlar\u0131 kar\u015f\u0131lamas\u0131n\u0131 sa\u011flamak i\u00e7in geli\u015fmi\u015f \u00fcretim teknolojilerinden, yetenekli teknik personelden ve g\u00fc\u00e7l\u00fc bir kalite g\u00fcvence sisteminden yararlan\u0131yoruz.<\/p>\n<p><img decoding=\"async\" src=\"https:\/\/www.hydraulic-cylinders.net\/wp-content\/uploads\/2025\/04\/songte-company-4.webp\" alt=\"\u015eirket \u00dcretim Tesisi\"><br \/>\n<img decoding=\"async\" src=\"https:\/\/www.hydraulic-cylinders.net\/wp-content\/uploads\/2025\/04\/songte-company-3.webp\" alt=\"\u015eirket \u00dcretim Ekipmanlar\u0131\"><\/p>\n<h3>Profesyonellik ve Sertifikalar<\/h3>\n<p>Ekibimiz, birinci s\u0131n\u0131f \u00fcr\u00fcnler sunmaya kendini adam\u0131\u015f, son derece yetenekli profesyonellerden olu\u015fmaktad\u0131r. Kalite ve g\u00fcvenilirli\u011fe olan ba\u011fl\u0131l\u0131\u011f\u0131m\u0131z\u0131 kan\u0131tlayan uluslararas\u0131 sertifikalara sahibiz ve m\u00fc\u015fterilerimizin g\u00fcvenebilecekleri \u00fcr\u00fcnlere kavu\u015fmalar\u0131n\u0131 sa\u011fl\u0131yoruz.<\/p>\n<h3>\u00d6zelle\u015ftirilmi\u015f Hizmetler<\/h3>\n<p>M\u00fc\u015fterilerimizin \u00f6zel gereksinimlerini kar\u015f\u0131lamak \u00fczere tasarlanm\u0131\u015f \u00f6zel hidrolik silindir \u00e7\u00f6z\u00fcmleri sunuyoruz; b\u00f6ylece benzersiz uygulamalar\u0131 etkili bir \u015fekilde ele alabiliyoruz.<\/p>\n<h3>\u00dcretim Ekipmanlar\u0131<\/h3>\n<p>\u00dcretim s\u00fcre\u00e7lerimizde son teknoloji \u00fcretim ekipmanlar\u0131 kullanarak y\u00fcksek operasyonel verimlilik ve hassasiyet sa\u011fl\u0131yoruz, b\u00f6ylece y\u00fcksek kaliteli \u00fcr\u00fcnlerin h\u0131zl\u0131 teslimat\u0131n\u0131 kolayla\u015ft\u0131r\u0131yoruz.<\/p>\n<h3>Sat\u0131\u015f Sonras\u0131 Destek<\/h3>\n<p>M\u00fc\u015fteri memnuniyetine olan ba\u011fl\u0131l\u0131\u011f\u0131m\u0131z sat\u0131\u015f\u0131n \u00f6tesine ge\u00e7er. M\u00fc\u015fterilerimizin \u00fcr\u00fcnlerinden en iyi \u015fekilde yararlanmas\u0131n\u0131 sa\u011flamak i\u00e7in bak\u0131m tavsiyeleri ve sorun giderme deste\u011fi de dahil olmak \u00fczere kapsaml\u0131 sat\u0131\u015f sonras\u0131 destek sunuyoruz.<\/p>\n<p>Yazar: lyl<\/p>","protected":false},"excerpt":{"rendered":"<p>Boom Cylinder For Caterpillar Large Excavator E349D Introduction to Boom Cylinder The Boom Cylinder is an essential hydraulic component designed specifically for heavy machinery, particularly the Caterpillar E349D excavator. This hydraulic cylinder is responsible for controlling the movement of the boom, enabling the excavator to perform its primary functions with precision and efficiency. The boom [&hellip;]<\/p>","protected":false},"featured_media":17871,"comment_status":"open","ping_status":"closed","template":"","meta":{"_et_pb_use_builder":"","_et_pb_old_content":"","_et_gb_content_width":""},"product_brand":[],"product_cat":[1546],"product_tag":[1547,1496],"class_list":{"0":"post-18974","1":"product","2":"type-product","3":"status-publish","4":"has-post-thumbnail","6":"product_cat-boom-cylinders","7":"product_tag-boom-cylinders","8":"product_tag-hydraulic-cylinders","10":"first","11":"instock","12":"shipping-taxable","13":"product-type-simple"},"amp_enabled":true,"_links":{"self":[{"href":"https:\/\/www.hydraulic-cylinders.net\/tr\/wp-json\/wp\/v2\/product\/18974","targetHints":{"allow":["GET"]}}],"collection":[{"href":"https:\/\/www.hydraulic-cylinders.net\/tr\/wp-json\/wp\/v2\/product"}],"about":[{"href":"https:\/\/www.hydraulic-cylinders.net\/tr\/wp-json\/wp\/v2\/types\/product"}],"replies":[{"embeddable":true,"href":"https:\/\/www.hydraulic-cylinders.net\/tr\/wp-json\/wp\/v2\/comments?post=18974"}],"wp:featuredmedia":[{"embeddable":true,"href":"https:\/\/www.hydraulic-cylinders.net\/tr\/wp-json\/wp\/v2\/media\/17871"}],"wp:attachment":[{"href":"https:\/\/www.hydraulic-cylinders.net\/tr\/wp-json\/wp\/v2\/media?parent=18974"}],"wp:term":[{"taxonomy":"product_brand","embeddable":true,"href":"https:\/\/www.hydraulic-cylinders.net\/tr\/wp-json\/wp\/v2\/product_brand?post=18974"},{"taxonomy":"product_cat","embeddable":true,"href":"https:\/\/www.hydraulic-cylinders.net\/tr\/wp-json\/wp\/v2\/product_cat?post=18974"},{"taxonomy":"product_tag","embeddable":true,"href":"https:\/\/www.hydraulic-cylinders.net\/tr\/wp-json\/wp\/v2\/product_tag?post=18974"}],"curies":[{"name":"wp","href":"https:\/\/api.w.org\/{rel}","templated":true}]}}