{"id":18975,"date":"2025-04-07T06:05:00","date_gmt":"2025-04-07T06:05:00","guid":{"rendered":"https:\/\/www.hydraulic-cylinders.net\/product\/boom-cylinder-for-caterpillar-large-excavator-e345dl\/"},"modified":"2025-04-07T06:05:21","modified_gmt":"2025-04-07T06:05:21","slug":"boom-cylinder-for-caterpillar-large-excavator-e345dl","status":"publish","type":"product","link":"https:\/\/www.hydraulic-cylinders.net\/tr\/urun\/boom-cylinder-for-caterpillar-large-excavator-e345dl\/","title":{"rendered":"Caterpillar E345DL B\u00fcy\u00fck Ekskavat\u00f6r \u0130\u00e7in Bom Silindiri"},"content":{"rendered":"<h1>Caterpillar E345DL B\u00fcy\u00fck Ekskavat\u00f6r \u0130\u00e7in Bom Silindiri<\/h1>\n<h2>Bom Silindirine Giri\u015f<\/h2>\n<p>Bom silindiri, \u00f6zellikle ekskavat\u00f6rler, beko y\u00fckleyiciler ve \u00f6n y\u00fckleyiciler gibi a\u011f\u0131r makinelerde kep\u00e7elerin hareketini y\u00f6netmek i\u00e7in tasarlanm\u0131\u015f, hidrolik sistemlerde kritik bir bile\u015fendir. Bu hidrolik silindir, kep\u00e7enin kalkmas\u0131n\u0131, al\u00e7almas\u0131n\u0131 ve e\u011filmesini sa\u011flayarak verimli malzeme ta\u015f\u0131ma i\u015flemlerini kolayla\u015ft\u0131r\u0131r. Bom silindirlerinin tasar\u0131m\u0131 ve i\u015flevselli\u011fi, kaz\u0131 ekipman\u0131n\u0131n performans\u0131n\u0131 optimize etmek i\u00e7in \u00e7ok \u00f6nemlidir.<\/p>\n<p>Hidrolik sistemlerde, bom silindiri hidrolik bas\u0131nc\u0131 mekanik kuvvete d\u00f6n\u00fc\u015ft\u00fcrerek \u00e7al\u0131\u015f\u0131r ve bu da d\u00fczg\u00fcn ve hassas hareketlere olanak tan\u0131r. Bu i\u015flem, a\u011f\u0131r kald\u0131rma ve malzemelerin hassas bir \u015fekilde yerle\u015ftirilmesinin gerekli oldu\u011fu in\u015faat ve y\u0131k\u0131m ortamlar\u0131nda \u00e7ok \u00f6nemlidir. Do\u011fru bom silindiri ile operat\u00f6rler, ar\u0131za s\u00fcrelerini ve bak\u0131m sorunlar\u0131n\u0131 en aza indirirken verimlili\u011fi en \u00fcst d\u00fczeye \u00e7\u0131karabilirler.<\/p>\n<p><img decoding=\"async\" src=\"https:\/\/www.hydraulic-cylinders.net\/wp-content\/uploads\/2025\/04\/songte-company-1.webp\" alt=\"Bom Silindiri\" \/><\/p>\n<h2>Bom Silindirinin \u00d6zellikleri<\/h2>\n<ul>\n<li><strong>Y\u00fcksek Dayan\u0131kl\u0131l\u0131k ve Dayan\u0131kl\u0131l\u0131k:<\/strong> Genellikle y\u00fcksek mukavemetli \u00e7elik veya al\u00fcminyumdan \u00fcretilen bom silindiri, y\u00fcksek bas\u0131nca ve a\u011f\u0131r y\u00fcklere dayanacak \u015fekilde tasarlanm\u0131\u015ft\u0131r ve bu da onu zorlu \u00e7al\u0131\u015fma ortamlar\u0131 i\u00e7in ideal hale getirir.<\/li>\n<li><strong>Verimli Hidrolik \u00c7al\u0131\u015fma:<\/strong> Silindir, d\u00fczg\u00fcn uzama ve geri \u00e7ekilme i\u00e7in hidrolik ya\u011f bas\u0131nc\u0131n\u0131 kullan\u0131r, operasyonel komutlara h\u0131zl\u0131 yan\u0131t verir ve g\u00fc\u00e7l\u00fc itme ve \u00e7ekme kuvvetleri sa\u011flar.<\/li>\n<li><strong>\u00c7e\u015fitli T\u00fcrler:<\/strong> Tek y\u00f6nl\u00fc (tek y\u00f6nde \u00e7al\u0131\u015fan) veya \u00e7ift y\u00f6nl\u00fc (iki y\u00f6nde \u00e7al\u0131\u015fan) olarak mevcut olan bom silindiri, d\u0131\u015f boyutlar\u0131 b\u00fcy\u00fctmeden eri\u015fimi art\u0131rmak i\u00e7in teleskopik modeller de dahil olmak \u00fczere \u00e7e\u015fitli operasyonel ihtiya\u00e7lar\u0131 kar\u015f\u0131layacak \u015fekilde uyarlanabilir.<\/li>\n<li><strong>Bak\u0131m\u0131 Kolay Tasar\u0131m:<\/strong> Bom silindirinin yap\u0131s\u0131, bak\u0131m kolayl\u0131\u011f\u0131n\u0131 g\u00f6z \u00f6n\u00fcnde bulundurarak, minimum ar\u0131za s\u00fcresiyle \u00e7al\u0131\u015fmaya devam etmesini sa\u011flar.<\/li>\n<li><strong>Korozyon Direnci:<\/strong> \u00c7e\u015fitli d\u0131\u015f etkenlere dayanacak \u015fekilde tasarlanan bom silindirleri, korozyona ve a\u015f\u0131nmaya kar\u015f\u0131 koruma sa\u011flayan \u00f6zelliklerle donat\u0131lm\u0131\u015ft\u0131r, b\u00f6ylece kullan\u0131m \u00f6m\u00fcrleri uzar.<\/li>\n<\/ul>\n<p>Firmam\u0131z bu \u00fcr\u00fcn\u00fc titiz kalite kontrolleri alt\u0131nda \u00fcretmekte olup, bom silindirlerimizin mevcut hidrolik silindirlerin m\u00fckemmel birer alternatifi olmas\u0131n\u0131 sa\u011flamaktad\u0131r.<\/p>\n<p><img decoding=\"async\" src=\"https:\/\/www.hydraulic-cylinders.net\/wp-content\/uploads\/2025\/04\/songte-cylinder-head-with-all-kinds-excavator-models.webp\" alt=\"Ekskavat\u00f6r Modelleri\" \/><\/p>\n<h2>Bom Silindirinin Uygulamalar\u0131<\/h2>\n<h3>\u0130n\u015faat Ekipmanlar\u0131<\/h3>\n<p>Ekskavat\u00f6rlerde, bom silindirleri toprak veya moloz kazma, y\u00fckleme ve ta\u015f\u0131ma i\u015flemlerinde hayati \u00f6neme sahiptir. Kep\u00e7enin zemine etkili bir \u015fekilde n\u00fcfuz etmesini sa\u011flayarak verimli kaz\u0131 i\u015flemlerine olanak tan\u0131r. Bom silindirinin tasar\u0131m\u0131, a\u011f\u0131r y\u00fcklerin ve zorlu ko\u015fullar\u0131n yayg\u0131n oldu\u011fu \u015fantiyelerin zorluklar\u0131na dayanabilmesini sa\u011flar.<\/p>\n<h3>Tar\u0131m Makinalar\u0131<\/h3>\n<p>\u00d6n y\u00fckleyicilerde, bom silindirleri toprak ve saman gibi malzemelerin kald\u0131r\u0131lmas\u0131na, kep\u00e7elenmesine ve ta\u015f\u0131nmas\u0131na olanak tan\u0131r. Tar\u0131m makinelerinde rolleri \u00e7ok \u00f6nemlidir, \u00e7\u00fcnk\u00fc makinelerin birden fazla g\u00f6revi yerine getirme yetene\u011fini art\u0131rarak \u00e7iftliklerde ve tar\u0131m alanlar\u0131nda verimlili\u011fi etkili bir \u015fekilde y\u00fckseltirler.<\/p>\n<h3>Ekskavat\u00f6rler<\/h3>\n<p>Ekskavat\u00f6rlerde, bom silindiri kep\u00e7enin topra\u011fa n\u00fcfuz etmesini sa\u011flayarak kazma i\u015flemini kolayla\u015ft\u0131r\u0131r. Operat\u00f6rler, kep\u00e7enin konumunu ayarlayarak hassas kazma derinlikleri ve a\u00e7\u0131lar\u0131 elde edebilir ve b\u00f6ylece kaz\u0131 i\u015flerinde genel verimlili\u011fi art\u0131rabilirler.<\/p>\n<h3>Y\u00fckleyiciler<\/h3>\n<p>\u00d6n y\u00fckleyicilerde, bom silindirleri y\u00fcklerin verimli bir \u015fekilde kald\u0131r\u0131lmas\u0131na ve bo\u015falt\u0131lmas\u0131na yard\u0131mc\u0131 olur. G\u00fc\u00e7l\u00fc uzatma kapasiteleri, operat\u00f6rlerin malzemeleri kolayca manevra etmelerini sa\u011flayarak y\u00fckleme ve bo\u015faltma s\u00fcrecini kolayla\u015ft\u0131r\u0131r.<\/p>\n<h2>Tasar\u0131m Hususlar\u0131 ve Se\u00e7im Kriterleri<\/h2>\n<h3>Y\u00fck Kapasitesi<\/h3>\n<p>Bir bom silindiri se\u00e7erken, en \u00f6nemli hususlardan biri y\u00fck ta\u015f\u0131ma kapasitesidir. Silindir, g\u00fcvenlik veya performanstan \u00f6d\u00fcn vermeden beklenen maksimum y\u00fck\u00fc ta\u015f\u0131yabilmelidir. \u00dcreticiler genellikle kapsaml\u0131 testlere dayanarak y\u00fck kapasitelerini belirtir ve silindirin a\u011f\u0131r makinelerin a\u015f\u0131r\u0131 \u00e7al\u0131\u015fma ko\u015fullar\u0131na dayanabilmesini sa\u011flarlar. Ta\u015f\u0131nan malzemelerin a\u011f\u0131rl\u0131\u011f\u0131n\u0131 ve \u00e7al\u0131\u015fma s\u0131kl\u0131\u011f\u0131n\u0131 anlamak, silindir i\u00e7in uygun y\u00fck ta\u015f\u0131ma kapasitesini belirlemede \u00e7ok \u00f6nemlidir.<\/p>\n<h3>S\u0131zd\u0131rmazl\u0131k Mekanizmalar\u0131<\/h3>\n<p>Etkin s\u0131zd\u0131rmazl\u0131k, bir di\u011fer kritik tasar\u0131m unsurudur. Bom silindiri, hidrolik s\u0131v\u0131 s\u0131z\u0131nt\u0131lar\u0131n\u0131 \u00f6nlemek i\u00e7in y\u00fcksek kaliteli contalarla donat\u0131lmal\u0131d\u0131r; aksi takdirde verimlilik d\u00fc\u015f\u00fc\u015f\u00fc ve potansiyel hasar meydana gelebilir. Poli\u00fcretan veya nitril kau\u00e7uk gibi contalar i\u00e7in kullan\u0131lan malzemeler, bas\u0131n\u00e7 alt\u0131nda g\u00fcvenilir bir s\u0131zd\u0131rmazl\u0131k sa\u011flarken a\u015f\u0131nmaya ve korozyona kar\u015f\u0131 dayan\u0131kl\u0131 olmal\u0131d\u0131r. Bu contalar\u0131n bak\u0131m\u0131, hidrolik sistemin uzun vadeli i\u015flevselli\u011fini sa\u011flamak i\u00e7in hayati \u00f6nem ta\u015f\u0131r.<\/p>\n<h3>Dayan\u0131kl\u0131l\u0131k<\/h3>\n<p>Bom silindiri se\u00e7erken dayan\u0131kl\u0131l\u0131k \u00e7ok \u00f6nemlidir. Silindir, a\u015f\u0131r\u0131 s\u0131cakl\u0131klara, neme ve a\u015f\u0131nd\u0131r\u0131c\u0131 malzemelere maruz kalma da dahil olmak \u00fczere zorlu \u00e7al\u0131\u015fma ortamlar\u0131na dayanabilecek malzemelerden \u00fcretilmelidir. Tasar\u0131m, a\u015f\u0131nma ve y\u0131pranmaya kar\u015f\u0131 direnci art\u0131ran \u00f6zellikler i\u00e7ermeli ve silindirin zaman i\u00e7inde zorlu ko\u015fullar alt\u0131nda performans\u0131n\u0131 korumas\u0131n\u0131 sa\u011flamal\u0131d\u0131r.<\/p>\n<h3>G\u00fcvenlik \u00d6zellikleri<\/h3>\n<p>Hidrolik sistemlerde g\u00fcvenlik her \u015feyden \u00f6nemlidir. Bom silindirinin tasar\u0131m\u0131nda, sistem a\u015f\u0131r\u0131 y\u00fcklenmelerini \u00f6nleyen bas\u0131n\u00e7 tahliye vanalar\u0131 ve makineye g\u00fcvenli bir \u015fekilde ba\u011flanmay\u0131 sa\u011flayan sa\u011flam montaj sistemleri gibi g\u00fcvenlik \u00f6zellikleri bulunmal\u0131d\u0131r. Operat\u00f6rler bu g\u00fcvenlik \u00f6zelliklerinin fark\u0131nda olmal\u0131 ve i\u015f sahas\u0131nda kazalar\u0131 ve yaralanmalar\u0131 \u00f6nlemek i\u00e7in bunlar\u0131n do\u011fru \u015fekilde \u00e7al\u0131\u015ft\u0131\u011f\u0131ndan emin olmal\u0131d\u0131r.<\/p>\n<h3>Bak\u0131m Eri\u015filebilirli\u011fi<\/h3>\n<p>Bak\u0131m kolayl\u0131\u011f\u0131 da kritik bir tasar\u0131m unsurudur. Bom silindiri, rutin incelemeler ve onar\u0131mlar i\u00e7in bile\u015fenlere kolayca eri\u015filebilecek \u015fekilde tasarlanmal\u0131d\u0131r. Bu tasar\u0131m \u00f6zelli\u011fi, ar\u0131za s\u00fcrelerini en aza indirmeye ve makinenin \u00e7al\u0131\u015f\u0131r durumda kalmas\u0131n\u0131 sa\u011flamaya yard\u0131mc\u0131 olarak, \u015fantiyelerde verimlili\u011fi art\u0131r\u0131r. \u00dcreticiler, operat\u00f6rlerin ekipman\u0131 en iyi durumda tutmalar\u0131na yard\u0131mc\u0131 olmak i\u00e7in bak\u0131m prosed\u00fcrlerini ve aral\u0131klar\u0131n\u0131 \u00f6zetleyen ayr\u0131nt\u0131l\u0131 servis k\u0131lavuzlar\u0131 sa\u011flamay\u0131 d\u00fc\u015f\u00fcnmelidir.<\/p>\n<p><img decoding=\"async\" src=\"https:\/\/www.hydraulic-cylinders.net\/wp-content\/uploads\/2025\/04\/songte-oil-pipes-and-spare-parts.webp\" alt=\"Petrol Borular\u0131 ve Yedek Par\u00e7alar\u0131\" \/><\/p>\n<h2>Bom Silindirinin S\u0131zd\u0131rmazl\u0131\u011f\u0131 ve Ya\u011flanmas\u0131<\/h2>\n<p>Bom silindirlerinin s\u0131zd\u0131rmazl\u0131\u011f\u0131 ve ya\u011flanmas\u0131, verimli \u00e7al\u0131\u015fmalar\u0131n\u0131 sa\u011flamak i\u00e7in \u00e7ok \u00f6nemlidir. Piston contalar\u0131 ve mil contalar\u0131 gibi \u00e7e\u015fitli s\u0131zd\u0131rmazl\u0131k bile\u015fenleri, hidrolik s\u0131v\u0131n\u0131n s\u0131zd\u0131rmazl\u0131\u011f\u0131n\u0131 sa\u011flamada kritik bir rol oynar. Poli\u00fcretan ve nitril kau\u00e7uk gibi dayan\u0131kl\u0131 malzemelerden yap\u0131lan contalar, a\u015f\u0131nmaya kar\u015f\u0131 ola\u011fan\u00fcst\u00fc diren\u00e7 g\u00f6sterir ve in\u015faat ve end\u00fcstriyel ortamlar\u0131n zorlu ko\u015fullar\u0131na dayanabilir.<\/p>\n<p>Silindir g\u00f6vdesi ve di\u015fli u\u00e7 y\u00fczeyleri, a\u015f\u0131nma direncini art\u0131rmak i\u00e7in hassas i\u015fleme tabi tutulur; bu da s\u0131z\u0131nt\u0131y\u0131 en aza indirmek ve silindirin \u00f6mr\u00fcn\u00fc uzatmak i\u00e7in kritik \u00f6neme sahiptir. Sorunsuz \u00e7al\u0131\u015fma sa\u011flamak ve hareketli par\u00e7alar aras\u0131ndaki s\u00fcrt\u00fcnmeyi azaltmak i\u00e7in uygun hidrolik ya\u011f ile d\u00fczenli ya\u011flama gereklidir. Bu ya\u011flama, optimum performans\u0131 korumak ve a\u015f\u0131nma ve y\u0131pranmaya ba\u011fl\u0131 olas\u0131 sorunlar\u0131 \u00f6nlemek i\u00e7in d\u00fczenli olarak yap\u0131lmal\u0131d\u0131r.<\/p>\n<h2>D\u00fczenli Muayene ve \u00d6nleyici Bak\u0131m<\/h2>\n<ul>\n<li><strong>G\u00f6rsel Muayene:<\/strong> A\u015f\u0131nma, s\u0131z\u0131nt\u0131 veya hasar belirtileri i\u00e7in d\u00fczenli g\u00f6rsel incelemeler yap\u0131n. Bu, sorunlar\u0131n daha ciddi hale gelmeden \u00f6nce tespit edilmesine yard\u0131mc\u0131 olur.<\/li>\n<li><strong>Ya\u011flama:<\/strong> S\u00fcrt\u00fcnmeyi ve a\u015f\u0131nmay\u0131 azaltmak i\u00e7in t\u00fcm hareketli par\u00e7alar\u0131n yeterince ya\u011fland\u0131\u011f\u0131ndan emin olun. Optimum performans\u0131 korumak i\u00e7in ya\u011flamay\u0131 kullan\u0131m s\u0131kl\u0131\u011f\u0131na g\u00f6re planlay\u0131n.<\/li>\n<li><strong>Conta De\u011fi\u015fimi:<\/strong> Sistem b\u00fct\u00fcnl\u00fc\u011f\u00fcn\u00fc tehlikeye atabilecek hidrolik s\u0131v\u0131 s\u0131z\u0131nt\u0131lar\u0131n\u0131 \u00f6nlemek i\u00e7in contalar\u0131n durumunu d\u00fczenli olarak kontrol edin ve gerekti\u011finde de\u011fi\u015ftirin.<\/li>\n<\/ul>\n<h2>Bom Silindiri i\u00e7in Kurulum Talimatlar\u0131<\/h2>\n<p>Bom silindirinin do\u011fru montaj\u0131, optimum performans ve uzun \u00f6m\u00fcr i\u00e7in \u00e7ok \u00f6nemlidir. Montaj s\u0131ras\u0131nda a\u015fa\u011f\u0131daki ad\u0131mlar\u0131n izlendi\u011finden emin olun:<\/p>\n<ol>\n<li><strong>Montaj Alan\u0131n\u0131 Haz\u0131rlay\u0131n:<\/strong> Montajdan \u00f6nce, do\u011fru hizalamay\u0131 engelleyebilecek her t\u00fcrl\u00fc kal\u0131nt\u0131 veya eski s\u0131zd\u0131rmazl\u0131k malzemesini temizlemek i\u00e7in montaj alan\u0131n\u0131 temizleyin.<\/li>\n<li><strong>Silindiri hizalay\u0131n:<\/strong> Hidrolik silindiri montaj noktalar\u0131yla dikkatlice hizalay\u0131n. Hassasiyet sa\u011flamak i\u00e7in gerekirse hizalama aletleri kullan\u0131n.<\/li>\n<li><strong>Silindiri Sabitleyin:<\/strong> Silindiri g\u00fcvenli bir \u015fekilde takmak i\u00e7in uygun montaj braketleri ve ba\u011flant\u0131 elemanlar\u0131 kullan\u0131n. \u00c7al\u0131\u015fma s\u0131ras\u0131nda hareket etmesini \u00f6nlemek i\u00e7in t\u00fcm ba\u011flant\u0131lar\u0131n s\u0131k\u0131 oldu\u011fundan emin olun.<\/li>\n<li><strong>Hidrolik Hatlar\u0131 Ba\u011flay\u0131n:<\/strong> S\u0131z\u0131nt\u0131lar\u0131 \u00f6nlemek i\u00e7in hidrolik hatlar\u0131 silindire do\u011fru \u015fekilde tak\u0131n.<\/li>\n<li><strong>Test \u0130\u015flemi:<\/strong> Kurulum tamamland\u0131ktan sonra, silindirin beklendi\u011fi gibi \u00e7al\u0131\u015ft\u0131\u011f\u0131ndan emin olmak i\u00e7in bir deneme i\u015flemi ger\u00e7ekle\u015ftirin. S\u0131z\u0131nt\u0131 olup olmad\u0131\u011f\u0131n\u0131 kontrol edin ve gerekirse ayarlamalar yap\u0131n.<\/li>\n<\/ol>\n<h2>Yayg\u0131n Bak\u0131m G\u00f6revleri<\/h2>\n<ul>\n<li><strong>D\u00fczenli Denetimler:<\/strong> S\u0131z\u0131nt\u0131lar\u0131, a\u015f\u0131nmay\u0131 ve hasarlar\u0131 kontrol etmek i\u00e7in d\u00fczenli denetimler planlay\u0131n. Erken tespit, maliyetli onar\u0131mlar\u0131 \u00f6nleyebilir.<\/li>\n<li><strong>Uygun Ya\u011flama:<\/strong> Silindirin sorunsuz \u00e7al\u0131\u015fmas\u0131n\u0131 sa\u011flamak ve kullan\u0131m \u00f6mr\u00fcn\u00fc uzatmak i\u00e7in \u00fcretici spesifikasyonlar\u0131na uygun olarak ya\u011fland\u0131\u011f\u0131ndan emin olun.<\/li>\n<li><strong>Conta De\u011fi\u015fimi:<\/strong> Hidrolik s\u0131v\u0131 s\u0131z\u0131nt\u0131s\u0131n\u0131 \u00f6nlemek ve sistem verimlili\u011fini korumak i\u00e7in a\u015f\u0131nm\u0131\u015f veya hasar g\u00f6rm\u00fc\u015f contalar\u0131 derhal de\u011fi\u015ftirin.<\/li>\n<\/ul>\n<p>Silindirin do\u011fru montaj\u0131 ve hizalanmas\u0131, sorunsuz \u00e7al\u0131\u015fma i\u00e7in hayati \u00f6nem ta\u015f\u0131r. Silindiri sabitlemek i\u00e7in uygun montaj braketleri kullan\u0131n ve t\u00fcm hidrolik ba\u011flant\u0131lar\u0131n s\u0131k\u0131 oldu\u011fundan emin olun. Hidrolik sistemin i\u015flevselli\u011fini korumak i\u00e7in bile\u015fenleri d\u00fczenli olarak kontrol edin, onar\u0131n ve gerekti\u011finde de\u011fi\u015ftirin. Bu prosed\u00fcrleri izlemek, bom silindirinizin \u00f6mr\u00fcn\u00fc \u00f6nemli \u00f6l\u00e7\u00fcde uzatabilir.<\/p>\n<p><img decoding=\"async\" src=\"https:\/\/www.hydraulic-cylinders.net\/wp-content\/uploads\/2025\/04\/songte-chushion-collar.webp\" alt=\"Yast\u0131k Yaka\" \/><\/p>\n<h2>G\u00fcvenlik Hususlar\u0131 ve \u00c7evresel Fakt\u00f6rler<\/h2>\n<p>Hidrolik sistemlerde bom silindirleri kullan\u0131l\u0131rken g\u00fcvenlik \u00f6nlemleri \u00e7ok \u00f6nemlidir. Operat\u00f6rler, hidrolik makinelerle ili\u015fkili riskleri ve g\u00fcvenlik protokollerine uyman\u0131n \u00f6nemini anlamak i\u00e7in e\u011fitilmelidir. Hidrolik s\u0131v\u0131 s\u0131z\u0131nt\u0131lar\u0131 gibi potansiyel tehlikelerden i\u015f\u00e7ileri korumak i\u00e7in ki\u015fisel koruyucu ekipman (KKD) kullan\u0131m\u0131 \u015fartt\u0131r; bu s\u0131z\u0131nt\u0131lar g\u00fcvenlik riskleri ve \u00e7evresel sorunlar olu\u015fturabilir.<\/p>\n<p>Hidrolik s\u0131v\u0131lar\u0131n \u00e7evresel etkilerinin de fark\u0131nda olmak \u00f6nemlidir. Toprak ve su kaynaklar\u0131n\u0131n kirlenmesini \u00f6nlemek i\u00e7in hidrolik s\u0131v\u0131lar\u0131n uygun \u015fekilde bertaraf edilmesi ve y\u00f6netimi gereklidir. \u00c7evre d\u00fczenlemelerine ve en iyi uygulamalara uyulmas\u0131, hidrolik sistemlerin \u00e7evre \u00fczerindeki etkisini azaltmaya yard\u0131mc\u0131 olabilir.<\/p>\n<h2>Ar\u0131za Te\u015fhisi ve Yayg\u0131n Sorunlar<\/h2>\n<ul>\n<li><strong>S\u0131v\u0131 Ka\u00e7a\u011f\u0131:<\/strong> Bu, hidrolik silindirlerde en s\u0131k kar\u015f\u0131la\u015f\u0131lan sorunlardan biridir. S\u0131z\u0131nt\u0131lara yol a\u00e7abilecek a\u015f\u0131nma veya hasar olup olmad\u0131\u011f\u0131n\u0131 kontrol etmek i\u00e7in contalar\u0131 ve ba\u011flant\u0131lar\u0131 inceleyin.<\/li>\n<li><strong>Yava\u015f \u00c7al\u0131\u015fma:<\/strong> Silindir yava\u015f \u00e7al\u0131\u015f\u0131yorsa, bu hidrolik s\u0131v\u0131 seviyesinin d\u00fc\u015f\u00fck oldu\u011funu veya hidrolik pompada bir sorun oldu\u011funu g\u00f6sterebilir. S\u0131v\u0131 seviyelerini kontrol edin ve pompay\u0131 olas\u0131 sorunlar a\u00e7\u0131s\u0131ndan inceleyin.<\/li>\n<li><strong>Al\u0131\u015f\u0131lmad\u0131k Sesler:<\/strong> \u00c7al\u0131\u015fma s\u0131ras\u0131nda duyulan ola\u011fand\u0131\u015f\u0131 sesler, a\u015f\u0131nm\u0131\u015f rulmanlar veya yetersiz ya\u011flama gibi mekanik sorunlara i\u015faret edebilir. Sesin kayna\u011f\u0131n\u0131 ara\u015ft\u0131r\u0131n ve gerekli d\u00fczeltici \u00f6nlemleri al\u0131n.<\/li>\n<\/ul>\n<h2>Sorun Giderme \u0130pu\u00e7lar\u0131 ve \u00c7\u00f6z\u00fcmleri<\/h2>\n<p>Etkili sorun giderme, sorunun belirtilerini belirlemekle ba\u015flar. S\u0131v\u0131 s\u0131z\u0131nt\u0131s\u0131 i\u00e7in, contalar\u0131 ve ba\u011flant\u0131 par\u00e7alar\u0131n\u0131 hasar a\u00e7\u0131s\u0131ndan inceleyin ve gerekirse de\u011fi\u015ftirin. Silindir yava\u015f \u00e7al\u0131\u015f\u0131yorsa, hidrolik s\u0131v\u0131 seviyesini kontrol edin ve d\u00fc\u015f\u00fckse doldurun. Ayr\u0131ca, hidrolik pompan\u0131n performans sorunlar\u0131n\u0131 inceleyin.<\/p>\n<p>Olas\u0131 sorunlar\u0131 en aza indirmek i\u00e7in, d\u00fczenli bir bak\u0131m program\u0131 olu\u015fturun; bu program muayeneleri, ya\u011flamay\u0131 ve tespit edilen sorunlar\u0131n derhal onar\u0131lmas\u0131n\u0131 i\u00e7ermelidir. Operat\u00f6rleri sorunlar\u0131n erken belirtilerini tan\u0131ma konusunda e\u011fitmek, \u00f6nemli ar\u0131zalar\u0131n riskini daha da azaltabilir.<\/p>\n<p><img decoding=\"async\" src=\"https:\/\/www.hydraulic-cylinders.net\/wp-content\/uploads\/2025\/04\/songte-bushings-with-all-kinds-of-excavator-models.webp\" alt=\"Ekskavat\u00f6r Modelleri i\u00e7in Bur\u00e7lar\" \/><\/p>\n<h2>\u015eirketimiz Hakk\u0131nda<\/h2>\n<p>Biz, yedek hidrolik silindirlerin \u00f6nde gelen \u00fcreticisi ve toptanc\u0131s\u0131y\u0131z ve hem yurt i\u00e7i hem de uluslararas\u0131 pazarlarda geni\u015f bir \u00fcr\u00fcn yelpazesi sunuyoruz. M\u00fckemmelli\u011fe olan ba\u011fl\u0131l\u0131\u011f\u0131m\u0131z, en son teknolojiyi ve nitelikli i\u015f g\u00fcc\u00fcn\u00fc kullanan titiz \u00fcretim y\u00f6netim stratejilerimize yans\u0131maktad\u0131r.<\/p>\n<p>Tesislerimiz, geli\u015fmi\u015f dijital \u00fcretim ekipmanlar\u0131na ve kapsaml\u0131 bir kalite kontrol sistemine sahiptir. Bu kombinasyon, \u00e7e\u015fitli m\u00fc\u015fteri ihtiya\u00e7lar\u0131n\u0131 verimli bir \u015fekilde kar\u015f\u0131larken \u00fcretim kapasitemizi s\u00fcrekli olarak geli\u015ftirmemizi sa\u011flar. \u00dcr\u00fcnlerimizin m\u00fc\u015fteri beklentilerini a\u015fmas\u0131n\u0131 sa\u011flamak i\u00e7in y\u00fcksek verimlilik, hassasiyet ve kaliteye \u00f6ncelik veriyoruz.<\/p>\n<p>\u00dcretim kapasitemizin yan\u0131 s\u0131ra, m\u00fc\u015fterilerimizin \u00f6zel gereksinimlerini kar\u015f\u0131lamak \u00fczere tasarlanm\u0131\u015f \u00f6zel hizmetler de sunuyoruz. Uluslararas\u0131 sertifikalar\u0131m\u0131z, kalite ve g\u00fcvenlik standartlar\u0131na olan ba\u011fl\u0131l\u0131\u011f\u0131m\u0131z\u0131 teyit etmektedir. Ayr\u0131ca, m\u00fc\u015fterilerimizin \u00fcr\u00fcnlerimizin ya\u015fam d\u00f6ng\u00fcs\u00fc boyunca ihtiya\u00e7 duyduklar\u0131 yard\u0131ma eri\u015febilmelerini sa\u011flayan ola\u011fan\u00fcst\u00fc sat\u0131\u015f sonras\u0131 destek de sunuyoruz.<\/p>\n<p><img decoding=\"async\" src=\"https:\/\/www.hydraulic-cylinders.net\/wp-content\/uploads\/2025\/04\/songte-company-4.webp\" alt=\"\u015eirket G\u00f6rseli 1\" \/><br \/>\n<img decoding=\"async\" src=\"https:\/\/www.hydraulic-cylinders.net\/wp-content\/uploads\/2025\/04\/songte-company-3.webp\" alt=\"\u015eirket G\u00f6rseli 2\" \/><\/p>\n<p>Yazar: lyl<\/p>","protected":false},"excerpt":{"rendered":"<p>Boom Cylinder For Caterpillar Large Excavator E345DL Introduction to Boom Cylinder The Boom Cylinder is a critical component in hydraulic systems, specifically designed to manage the movement of buckets in heavy machinery such as excavators, backhoe loaders, and front loaders. This hydraulic cylinder enables the bucket to lift, lower, and tilt, facilitating efficient material handling [&hellip;]<\/p>","protected":false},"featured_media":17872,"comment_status":"open","ping_status":"closed","template":"","meta":{"_et_pb_use_builder":"","_et_pb_old_content":"","_et_gb_content_width":""},"product_brand":[],"product_cat":[1546],"product_tag":[1547,1496],"class_list":{"0":"post-18975","1":"product","2":"type-product","3":"status-publish","4":"has-post-thumbnail","6":"product_cat-boom-cylinders","7":"product_tag-boom-cylinders","8":"product_tag-hydraulic-cylinders","10":"first","11":"instock","12":"shipping-taxable","13":"product-type-simple"},"amp_enabled":true,"_links":{"self":[{"href":"https:\/\/www.hydraulic-cylinders.net\/tr\/wp-json\/wp\/v2\/product\/18975","targetHints":{"allow":["GET"]}}],"collection":[{"href":"https:\/\/www.hydraulic-cylinders.net\/tr\/wp-json\/wp\/v2\/product"}],"about":[{"href":"https:\/\/www.hydraulic-cylinders.net\/tr\/wp-json\/wp\/v2\/types\/product"}],"replies":[{"embeddable":true,"href":"https:\/\/www.hydraulic-cylinders.net\/tr\/wp-json\/wp\/v2\/comments?post=18975"}],"wp:featuredmedia":[{"embeddable":true,"href":"https:\/\/www.hydraulic-cylinders.net\/tr\/wp-json\/wp\/v2\/media\/17872"}],"wp:attachment":[{"href":"https:\/\/www.hydraulic-cylinders.net\/tr\/wp-json\/wp\/v2\/media?parent=18975"}],"wp:term":[{"taxonomy":"product_brand","embeddable":true,"href":"https:\/\/www.hydraulic-cylinders.net\/tr\/wp-json\/wp\/v2\/product_brand?post=18975"},{"taxonomy":"product_cat","embeddable":true,"href":"https:\/\/www.hydraulic-cylinders.net\/tr\/wp-json\/wp\/v2\/product_cat?post=18975"},{"taxonomy":"product_tag","embeddable":true,"href":"https:\/\/www.hydraulic-cylinders.net\/tr\/wp-json\/wp\/v2\/product_tag?post=18975"}],"curies":[{"name":"wp","href":"https:\/\/api.w.org\/{rel}","templated":true}]}}