{"id":18976,"date":"2025-04-07T06:05:22","date_gmt":"2025-04-07T06:05:22","guid":{"rendered":"https:\/\/www.hydraulic-cylinders.net\/product\/boom-cylinder-for-caterpillar-large-excavator-e374fl\/"},"modified":"2025-04-07T06:05:25","modified_gmt":"2025-04-07T06:05:25","slug":"boom-cylinder-for-caterpillar-large-excavator-e374fl","status":"publish","type":"product","link":"https:\/\/www.hydraulic-cylinders.net\/tr\/urun\/boom-cylinder-for-caterpillar-large-excavator-e374fl\/","title":{"rendered":"Caterpillar B\u00fcy\u00fck Ekskavat\u00f6r E374FL i\u00e7in Bom Silindiri"},"content":{"rendered":"<h1>Caterpillar B\u00fcy\u00fck Ekskavat\u00f6r E374FL i\u00e7in Bom Silindiri<\/h1>\n<h2>Bom Silindirine Giri\u015f<\/h2>\n<p>Bom silindiri, \u00f6zellikle Caterpillar E374FL gibi ekskavat\u00f6rlerde olmak \u00fczere a\u011f\u0131r makinelerde kritik bir bile\u015fendir. Bu hidrolik silindir, bomun hareketini kontrol ederek kald\u0131rma, indirme ve yat\u0131rma i\u015flemlerini ger\u00e7ekle\u015ftirmek \u00fczere tasarlanm\u0131\u015ft\u0131r. Bom silindirinin i\u015flevi, ekskavat\u00f6r\u00fcn kolunun etkili bir \u015fekilde kaz\u0131lmas\u0131, kald\u0131r\u0131lmas\u0131 ve konumland\u0131r\u0131lmas\u0131 i\u00e7in gerekli hassas hareketleri sa\u011flad\u0131\u011f\u0131 i\u00e7in malzeme ta\u015f\u0131ma g\u00f6revleri i\u00e7in olmazsa olmazd\u0131r.<\/p>\n<p>Hidrolik sistemlerde, bom silindiri \u00e7e\u015fitli g\u00f6revleri ger\u00e7ekle\u015ftirmek i\u00e7in gereken kuvveti \u00fcreten hidrolik s\u0131v\u0131y\u0131 al\u0131r. Bu mekanizma, in\u015faattan tar\u0131ma kadar \u00e7e\u015fitli uygulamalarda kritik \u00f6neme sahiptir. \u0130yi tasarlanm\u0131\u015f bir bom silindiri, optimum performans, g\u00fcvenilirlik ve verimlilik sa\u011flayarak zorlu ortamlardaki operat\u00f6rler i\u00e7in vazge\u00e7ilmezdir.<\/p>\n<p><img decoding=\"async\" src=\"https:\/\/www.hydraulic-cylinders.net\/wp-content\/uploads\/2025\/04\/songte-company-1.webp\" alt=\"Hidrolik Silindir\" \/><\/p>\n<h2>Bom Silindirinin Temel \u00d6zellikleri<\/h2>\n<ul>\n<li><strong>Y\u00fcksek Dayan\u0131kl\u0131l\u0131k ve Dayan\u0131kl\u0131l\u0131k:<\/strong> Genellikle y\u00fcksek mukavemetli \u00e7elik veya al\u00fcminyumdan \u00fcretilen bom silindiri, y\u00fcksek bas\u0131n\u00e7lara ve a\u011f\u0131r y\u00fcklere dayanacak \u015fekilde tasarlanm\u0131\u015ft\u0131r ve zorlu \u00e7al\u0131\u015fma ko\u015fullar\u0131nda bile uzun \u00f6m\u00fcrl\u00fc olmas\u0131n\u0131 sa\u011flar.<\/li>\n<li><strong>Verimli Hidrolik \u00c7al\u0131\u015fma:<\/strong> Hidrolik s\u0131v\u0131n\u0131n bas\u0131nc\u0131n\u0131 kullanan silindir, d\u00fczg\u00fcn uzatma ve geri \u00e7ekmeyi kolayla\u015ft\u0131r\u0131r, operat\u00f6r komutlar\u0131na h\u0131zl\u0131 yan\u0131t verirken \u00f6nemli itme ve \u00e7ekme kabiliyetleri sa\u011flar.<\/li>\n<li><strong>\u00c7e\u015fitli T\u00fcrler:<\/strong> Bom silindirleri, farkl\u0131 operasyonel ihtiya\u00e7lara cevap veren tek etkili (tek y\u00f6nde \u00e7al\u0131\u015fan) veya \u00e7ift etkili (her iki y\u00f6nde \u00e7al\u0131\u015fan) versiyonlarda mevcuttur. Baz\u0131 modeller, d\u0131\u015f boyutlar\u0131 art\u0131rmadan daha fazla uzatma sa\u011flayan teleskopik tasar\u0131mlara sahiptir ve dar alanlar i\u00e7in idealdir.<\/li>\n<li><strong>\u00d6zel \u00dcretim:<\/strong> Firmam\u0131z, mevcut hidrolik silindirlerin yerini m\u00fckemmel \u015fekilde alan, kusursuz entegrasyon ve performans sa\u011flayan en y\u00fcksek kalitede bom silindirleri \u00fcretme konusunda uzmanla\u015fm\u0131\u015ft\u0131r.<\/li>\n<li><strong>\u0130leri Malzeme Teknolojisi:<\/strong> Yenilik\u00e7i malzemelerin kullan\u0131m\u0131, \u00fcr\u00fcn\u00fcn a\u015f\u0131nma ve korozyona kar\u015f\u0131 direncini art\u0131rarak, en zorlu uygulamalarda bile kullan\u0131m \u00f6mr\u00fcn\u00fc \u00f6nemli \u00f6l\u00e7\u00fcde uzat\u0131r.<\/li>\n<\/ul>\n<p><img decoding=\"async\" src=\"https:\/\/www.hydraulic-cylinders.net\/wp-content\/uploads\/2025\/04\/songte-cylinder-head-with-all-kinds-excavator-models.webp\" alt=\"Ekskavat\u00f6r Modelleri\" \/><\/p>\n<h2>Bom Silindirinin Uygulamalar\u0131<\/h2>\n<h3>\u0130n\u015faat Ekipmanlar\u0131<\/h3>\n<p>Ekskavat\u00f6rlerde bom silindirleri, kazma, y\u00fckleme ve toprak veya moloz ta\u015f\u0131ma i\u015flemlerinde \u00f6nemli bir rol oynar. Bu silindirler, bomun etkili kaz\u0131 i\u00e7in gerekli derinlik ve a\u00e7\u0131lara ula\u015fmas\u0131n\u0131 sa\u011flayarak, a\u011f\u0131r y\u00fckleri kald\u0131rmak ve kolu do\u011fru bir \u015fekilde konumland\u0131rmak i\u00e7in gereken g\u00fcc\u00fc sa\u011flar. G\u00fcvenilir bir bom silindiri olmadan, kaz\u0131 i\u015fleri verimsiz ve zahmetli olur.<\/p>\n<h3>Tar\u0131m Makinalar\u0131<\/h3>\n<p>\u00d6n y\u00fckleyicilerde bom silindirleri, toprak, saman ve di\u011fer malzemelerin kep\u00e7elenmesi, kald\u0131r\u0131lmas\u0131 ve ta\u015f\u0131nmas\u0131 i\u00e7in olmazsa olmazd\u0131r. Operat\u00f6rlerin toplu malzemeleri etkili bir \u015fekilde y\u00f6netmelerini sa\u011flayarak, tar\u0131m i\u015flerini daha kolay ve verimli hale getirir. Bom silindirinin kald\u0131rma kapasitesi, tar\u0131msal faaliyetlerde \u00fcretkenli\u011fe \u00f6nemli \u00f6l\u00e7\u00fcde katk\u0131da bulunur.<\/p>\n<h3>Ekskavat\u00f6rler<\/h3>\n<p>Ekskavat\u00f6rlerde bom silindirleri, kep\u00e7enin topra\u011fa n\u00fcfuz etmesini sa\u011flayarak kazma i\u015flemini kolayla\u015ft\u0131r\u0131r. Bu i\u015flev, operat\u00f6rlere zorlu arazileri a\u015fmak i\u00e7in gereken kald\u0131rac\u0131 sa\u011flad\u0131\u011f\u0131 i\u00e7in etkili kaz\u0131 i\u00e7in kritik \u00f6neme sahiptir. Bomun hidrolik kontrol\u00fc, kazma g\u00f6revleri i\u00e7in gerekli olan hassas hareketleri sa\u011flar.<\/p>\n<h3>Y\u00fckleyiciler<\/h3>\n<p>\u00d6n y\u00fckleyicilerde bom silindirleri, y\u00fcklerin verimli bir \u015fekilde kald\u0131r\u0131lmas\u0131na ve bo\u015falt\u0131lmas\u0131na yard\u0131mc\u0131 olur. Malzemeleri bo\u015faltmak i\u00e7in istenen y\u00fcksekli\u011fe kald\u0131rmak i\u00e7in gerekli kuvveti sa\u011flayarak, operat\u00f6rlerin y\u00fckleri sorunsuz bir \u015fekilde y\u00f6netip ta\u015f\u0131yabilmelerini sa\u011flar. Bu silindirlerin g\u00fcvenilirli\u011fi, in\u015faat ve peyzaj alanlar\u0131nda verimlili\u011fin korunmas\u0131nda hayati \u00f6nem ta\u015f\u0131r.<\/p>\n<h2>Tasar\u0131m Hususlar\u0131 ve Se\u00e7im Kriterleri<\/h2>\n<h3>Y\u00fck Kapasitesi<\/h3>\n<p>Bir bom silindiri se\u00e7erken, y\u00fck kapasitesini g\u00f6z \u00f6n\u00fcnde bulundurmak hayati \u00f6nem ta\u015f\u0131r. Silindir, \u00e7al\u0131\u015fma s\u0131ras\u0131nda maruz kalaca\u011f\u0131 maksimum a\u011f\u0131rl\u0131\u011f\u0131 kald\u0131rabilecek kapasitede olmal\u0131d\u0131r. Bu, bom kolunun sa\u011flad\u0131\u011f\u0131 kald\u0131ra\u00e7 da dahil olmak \u00fczere ekskavat\u00f6r\u00fcn sundu\u011fu mekanik avantajlar\u0131n anla\u015f\u0131lmas\u0131n\u0131 gerektirir. Silindirin y\u00fck s\u0131n\u0131rlar\u0131 dahilinde g\u00fcvenli bir \u015fekilde \u00e7al\u0131\u015fabilmesini sa\u011flamak, mekanik ar\u0131zalar\u0131 \u00f6nlemek ve operat\u00f6r g\u00fcvenli\u011fini sa\u011flamak i\u00e7in \u00e7ok \u00f6nemlidir.<\/p>\n<h3>S\u0131zd\u0131rmazl\u0131k Mekanizmalar\u0131<\/h3>\n<p>Hidrolik silindirlerde s\u0131v\u0131 s\u0131z\u0131nt\u0131s\u0131n\u0131 \u00f6nlemek ve bas\u0131nc\u0131 korumak i\u00e7in etkili s\u0131zd\u0131rmazl\u0131k olmazsa olmazd\u0131r. \u00dcr\u00fcnler, normal \u00e7al\u0131\u015fma ko\u015fullar\u0131ndaki a\u015f\u0131nma ve y\u0131pranmaya dayan\u0131kl\u0131 y\u00fcksek kaliteli contalar kullanmal\u0131d\u0131r. Poli\u00fcretan gibi dayan\u0131kl\u0131 malzemelerden \u00fcretilen piston contalar\u0131 ve piston kolu contalar\u0131 gibi geli\u015fmi\u015f s\u0131zd\u0131rmazl\u0131k teknolojileri, uzun \u00f6m\u00fcr ve g\u00fcvenilirlik sa\u011flayarak hidrolik s\u0131v\u0131 kayb\u0131 riskini azalt\u0131r ve verimlili\u011fi art\u0131r\u0131r.<\/p>\n<h3>Dayan\u0131kl\u0131l\u0131k<\/h3>\n<p>Bir bom silindirinin dayan\u0131kl\u0131l\u0131\u011f\u0131, yap\u0131m\u0131nda kullan\u0131lan malzemeler ve \u00e7evresel fakt\u00f6rlere kar\u015f\u0131 direnciyle belirlenir. \u00d6zellikle zorlu \u00e7al\u0131\u015fma sahalar\u0131nda, korozyon ve a\u015f\u0131nmaya dayan\u0131kl\u0131 y\u00fcksek mukavemetli malzemeler se\u00e7mek hayati \u00f6nem ta\u015f\u0131r. A\u015f\u0131nma ve y\u0131pranmay\u0131 d\u00fczenli olarak kontrol etmek ve koruyucu kaplamalar kullanmak, hidrolik silindirlerin \u00f6mr\u00fcn\u00fc ve g\u00fcvenilirli\u011fini art\u0131rabilir.<\/p>\n<h3>G\u00fcvenlik \u00d6zellikleri<\/h3>\n<p>Hidrolik silindirlerin tasar\u0131m\u0131nda g\u00fcvenlik en \u00f6nemli unsurdur. Bas\u0131n\u00e7 tahliye valfleri ve uygun montaj d\u00fczenlemeleri gibi \u00f6zellikler, hidrolik ar\u0131zalarla ili\u015fkili riskleri azaltmaya yard\u0131mc\u0131 olur. Silindirin g\u00fcvenlik g\u00f6z \u00f6n\u00fcnde bulundurularak tasarlanmas\u0131, operat\u00f6rleri ve ekipman\u0131 koruyarak \u00e7al\u0131\u015fma s\u0131ras\u0131nda kaza veya kaza olas\u0131l\u0131\u011f\u0131n\u0131 azalt\u0131r.<\/p>\n<p><img decoding=\"async\" src=\"https:\/\/www.hydraulic-cylinders.net\/wp-content\/uploads\/2025\/04\/songte-oil-pipes-and-spare-parts.webp\" alt=\"Petrol Borular\u0131 ve Yedek Par\u00e7alar\u0131\" \/><\/p>\n<h2>Hidrolik Silindirin S\u0131zd\u0131rmazl\u0131\u011f\u0131 ve Ya\u011flanmas\u0131<\/h2>\n<p>Bom silindirinin etkili \u00e7al\u0131\u015fmas\u0131 i\u00e7in uygun s\u0131zd\u0131rmazl\u0131k ve ya\u011flama kritik \u00f6neme sahiptir. Piston contalar\u0131 ve piston kolu contalar\u0131 dahil olmak \u00fczere \u00e7e\u015fitli contalar, s\u0131z\u0131nt\u0131lar\u0131 \u00f6nlerken hidrolik bas\u0131nc\u0131 korumak i\u00e7in kullan\u0131l\u0131r. Bu contalar genellikle dayan\u0131kl\u0131l\u0131k ve performans\u0131 art\u0131ran poli\u00fcretan ve nitril kau\u00e7uk gibi a\u015f\u0131nmaya dayan\u0131kl\u0131 malzemelerden \u00fcretilir.<\/p>\n<p>Silindir g\u00f6vdesinin y\u00fczeyleri ve di\u015fli u\u00e7lar\u0131, a\u015f\u0131nma direncini art\u0131rmak i\u00e7in \u00f6zenle i\u015flenmi\u015ftir. Sorunsuz \u00e7al\u0131\u015fma ve a\u015f\u0131r\u0131 \u0131s\u0131nmay\u0131 \u00f6nlemek i\u00e7in hidrolik ya\u011f eklenmesi gerekti\u011finden, d\u00fczenli ya\u011flama gereklidir. Bu bak\u0131m uygulamas\u0131, i\u00e7 bile\u015fenlerdeki a\u015f\u0131nmay\u0131 azaltarak hidrolik sistemin uzun \u00f6m\u00fcrl\u00fc ve verimli olmas\u0131n\u0131 sa\u011flar.<\/p>\n<h2>Rutin Muayene ve \u00d6nleyici Bak\u0131m \u00d6nlemleri<\/h2>\n<ul>\n<li><strong>D\u00fczenli Denetimler:<\/strong> Bom silindirinde a\u015f\u0131nma, hasar veya s\u0131z\u0131nt\u0131 belirtileri olup olmad\u0131\u011f\u0131n\u0131 kontrol etmek i\u00e7in s\u0131k s\u0131k kontroller planlay\u0131n. Sorunlar\u0131n erken tespiti, zaman\u0131nda onar\u0131m yap\u0131lmas\u0131n\u0131 sa\u011flayarak felaketle sonu\u00e7lanabilecek ar\u0131za riskini azalt\u0131r.<\/li>\n<li><strong>Uygun Ya\u011flama:<\/strong> Hidrolik silindirin yeterli ya\u011fland\u0131\u011f\u0131ndan emin olun. Bu, s\u0131v\u0131 seviyelerinin kontrol edilmesini ve sorunsuz \u00e7al\u0131\u015fmay\u0131 sa\u011flamak ve a\u015f\u0131nmay\u0131 \u00f6nlemek i\u00e7in gerekti\u011finde hidrolik ya\u011f\u0131n yenilenmesini i\u00e7erir.<\/li>\n<li><strong>Conta De\u011fi\u015fimi:<\/strong> Contalar\u0131 a\u015f\u0131nma veya hasar belirtileri a\u00e7\u0131s\u0131ndan d\u00fczenli olarak kontrol edin. Contalar\u0131n zaman\u0131nda de\u011fi\u015ftirilmesi, hidrolik bas\u0131nc\u0131n korunmas\u0131na ve s\u0131z\u0131nt\u0131lar\u0131n \u00f6nlenmesine yard\u0131mc\u0131 olarak verimli bir \u00e7al\u0131\u015fma sa\u011flar.<\/li>\n<\/ul>\n<h2>Bom Silindiri Kurulum Talimatlar\u0131<\/h2>\n<p>Optimum performans i\u00e7in bom silindirinin do\u011fru montaj\u0131 hayati \u00f6nem ta\u015f\u0131r. T\u00fcm montaj noktalar\u0131n\u0131n do\u011fru hizaland\u0131\u011f\u0131ndan emin olarak ba\u015flay\u0131n; yanl\u0131\u015f hizalama, d\u00fczensiz a\u015f\u0131nmaya ve potansiyel ar\u0131zaya yol a\u00e7abilir. Silindiri yerinde sabitlemek ve \u00e7al\u0131\u015fma s\u0131ras\u0131nda stabilite sa\u011flamak i\u00e7in uygun montaj braketlerini kullan\u0131n.<\/p>\n<p>Hidrolik hatlar\u0131 ba\u011flamadan \u00f6nce, t\u00fcm di\u015flerin temiz ve contalar\u0131n iyi durumda oldu\u011fundan emin olun. Ba\u011flant\u0131 tamamland\u0131ktan sonra, s\u0131z\u0131nt\u0131 olup olmad\u0131\u011f\u0131n\u0131 kontrol etmek ve sorunsuz \u00e7al\u0131\u015ft\u0131\u011f\u0131ndan emin olmak i\u00e7in hidrolik fonksiyonlar\u0131 t\u00fcm aral\u0131klar\u0131nda \u00e7al\u0131\u015ft\u0131rarak sistemi test edin. Hidrolik silindirden en iyi performans\u0131 elde etmek i\u00e7in kurulum s\u0131ras\u0131nda \u00fcretici talimatlar\u0131na uymak \u00e7ok \u00f6nemlidir.<\/p>\n<h2>Yayg\u0131n Bak\u0131m G\u00f6revleri<\/h2>\n<h3>D\u00fczenli Kontroller<\/h3>\n<p>Bom silindirinin d\u00fczenli kontrollerinin yap\u0131lmas\u0131, verimlili\u011finin korunmas\u0131 i\u00e7in hayati \u00f6nem ta\u015f\u0131r. Bu, s\u0131v\u0131 seviyelerinin izlenmesini, s\u0131z\u0131nt\u0131lar\u0131n kontrol edilmesini ve silindirin genel durumunun de\u011ferlendirilmesini i\u00e7erir. D\u00fczenli kontroller, potansiyel sorunlar\u0131n daha ciddi sorunlara d\u00f6n\u00fc\u015fmeden \u00f6nce tespit edilmesine yard\u0131mc\u0131 olarak hidrolik silindirin \u00f6mr\u00fcn\u00fc uzat\u0131r.<\/p>\n<h3>Uygun Ya\u011flama<\/h3>\n<p>Hidrolik silindirin d\u00fczg\u00fcn \u00e7al\u0131\u015fmas\u0131 i\u00e7in uygun ya\u011flaman\u0131n sa\u011flanmas\u0131 hayati \u00f6nem ta\u015f\u0131r. Hidrolik ya\u011f\u0131n d\u00fczenli olarak yenilendi\u011finden ve contalar\u0131n sa\u011flam oldu\u011fundan emin olun, b\u00f6ylece s\u0131v\u0131 kayb\u0131 \u00f6nlenir. Uygun ya\u011flama, hareketli par\u00e7alar aras\u0131ndaki s\u00fcrt\u00fcnmeyi en aza indirerek silindirin \u00f6mr\u00fcn\u00fc uzat\u0131r ve performans\u0131n\u0131 art\u0131r\u0131r.<\/p>\n<h3>Conta De\u011fi\u015fimi ve Kalibrasyon Kontrolleri<\/h3>\n<p>Hidrolik sistemin b\u00fct\u00fcnl\u00fc\u011f\u00fcn\u00fc korumak i\u00e7in contalar\u0131n d\u00fczenli olarak de\u011fi\u015ftirilmesi \u015fartt\u0131r. A\u015f\u0131nm\u0131\u015f veya hasarl\u0131 contalar s\u0131z\u0131nt\u0131lara ve performans d\u00fc\u015f\u00fckl\u00fc\u011f\u00fcne yol a\u00e7abilir. Ayr\u0131ca, periyodik kalibrasyon kontrolleri, silindirin belirtilen parametreler dahilinde \u00e7al\u0131\u015fmas\u0131n\u0131 sa\u011flayarak kullan\u0131m s\u0131ras\u0131nda g\u00fcvenilirli\u011fi ve emniyeti art\u0131r\u0131r.<\/p>\n<p><img decoding=\"async\" src=\"https:\/\/www.hydraulic-cylinders.net\/wp-content\/uploads\/2025\/04\/songte-chushion-collar.webp\" alt=\"Yast\u0131k Yaka\" \/><\/p>\n<h2>G\u00fcvenlik Hususlar\u0131 ve \u00c7evresel Fakt\u00f6rler<\/h2>\n<p>Hidrolik silindirler kullan\u0131l\u0131rken g\u00fcvenlik \u00f6nlemlerine \u00f6ncelik verilmelidir. Operat\u00f6rler, olas\u0131 s\u0131v\u0131 s\u0131z\u0131nt\u0131lar\u0131 ve bas\u0131n\u00e7 tehlikeleri de dahil olmak \u00fczere hidrolik sistemlerle ili\u015fkili riskleri anlayacak \u015fekilde e\u011fitilmelidir. Koruyucu ekipman kullan\u0131m\u0131 ve temiz \u00e7al\u0131\u015fma alanlar\u0131n\u0131n korunmas\u0131 gibi g\u00fcvenlik protokollerinin uygulanmas\u0131, kazalar\u0131 en aza indirmede hayati \u00f6nem ta\u015f\u0131r.<\/p>\n<h2>Ar\u0131za Te\u015fhisi ve Yayg\u0131n Sorunlar<\/h2>\n<ul>\n<li><strong>S\u0131z\u0131nt\u0131:<\/strong> Hidrolik s\u0131v\u0131 s\u0131z\u0131nt\u0131lar\u0131, conta ar\u0131zas\u0131 veya hasar\u0131na i\u015faret edebilir. S\u0131v\u0131 kayb\u0131n\u0131 \u00f6nlemek ve bas\u0131nc\u0131 korumak i\u00e7in contalar\u0131 ve ba\u011flant\u0131lar\u0131 d\u00fczenli olarak kontrol edin.<\/li>\n<li><strong>Tutarl\u0131 Olmayan Hareket:<\/strong> Silindir hareketindeki herhangi bir d\u00fczensizlik, i\u00e7 hasara veya hidrolik s\u0131v\u0131 kirlili\u011fine i\u015faret edebilir. T\u0131kan\u0131kl\u0131k olup olmad\u0131\u011f\u0131n\u0131 kontrol edin ve hidrolik s\u0131v\u0131s\u0131n\u0131n temiz ve do\u011fru seviyede oldu\u011fundan emin olun.<\/li>\n<li><strong>S\u0131rad\u0131\u015f\u0131 Sesler:<\/strong> \u00c7al\u0131\u015fma s\u0131ras\u0131nda gelen garip sesler, a\u015f\u0131nma veya hasar belirtisi olabilir. Daha fazla hasar\u0131 \u00f6nlemek i\u00e7in anormal sesleri derhal inceleyin.<\/li>\n<\/ul>\n<h2>Sorun Giderme \u0130pu\u00e7lar\u0131 ve \u00c7\u00f6z\u00fcmleri<\/h2>\n<p>Bom silindirindeki sorunlar\u0131 etkili bir \u015fekilde gidermek i\u00e7in, \u00f6ncelikle kapsaml\u0131 bir inceleme yap\u0131n. A\u015f\u0131nma veya hasar belirtileri aray\u0131n ve s\u0131v\u0131 seviyelerini kontrol edin. S\u0131z\u0131nt\u0131 varsa, contalar\u0131 de\u011fi\u015ftirin ve t\u00fcm ba\u011flant\u0131lar\u0131n sa\u011flam oldu\u011fundan emin olun. Hidrolik s\u0131v\u0131s\u0131n\u0131n temiz ve optimum seviyelerde tutulmas\u0131, kirlenmeyi \u00f6nlemeye yard\u0131mc\u0131 olur ve sorunsuz \u00e7al\u0131\u015fmay\u0131 sa\u011flar.<\/p>\n<p>Gelecekteki sorun riskini en aza indirmek i\u00e7in d\u00fczenli bak\u0131m kontrolleri ve zaman\u0131nda onar\u0131mlar gibi \u00f6nleyici tedbirler uygulay\u0131n. Operat\u00f6rlere erken uyar\u0131 i\u015faretlerini tan\u0131ma konusunda e\u011fitim vermek, b\u00fcy\u00fck ar\u0131zalar\u0131n \u00f6nlenmesine ve hidrolik silindirlerin \u00f6mr\u00fcn\u00fcn uzat\u0131lmas\u0131na yard\u0131mc\u0131 olabilir.<\/p>\n<p><img decoding=\"async\" src=\"https:\/\/www.hydraulic-cylinders.net\/wp-content\/uploads\/2025\/04\/songte-bushings-with-all-kinds-of-excavator-models.webp\" alt=\"Ekskavat\u00f6r Modelleri i\u00e7in Bur\u00e7lar\" \/><\/p>\n<h2>\u015eirketimiz Hakk\u0131nda<\/h2>\n<p>Yedek hidrolik silindir \u00fcretiminde lider bir \u00fcreticiyiz ve \u00e7e\u015fitli pazar taleplerini kar\u015f\u0131lamak i\u00e7in kapsaml\u0131 bir \u00fcr\u00fcn yelpazesi sunuyoruz. M\u00fckemmelli\u011fe olan ba\u011fl\u0131l\u0131\u011f\u0131m\u0131z, detayl\u0131 \u00fcretim s\u00fcre\u00e7lerimizde ve y\u00fcksek kalite standartlar\u0131na ba\u011fl\u0131l\u0131\u011f\u0131m\u0131zda kendini g\u00f6stermektedir. Hassas m\u00fchendislik ve yenilik\u00e7i teknolojiye odaklanarak, \u00fcretim kapasitemizi s\u00fcrekli olarak geli\u015ftiriyoruz.<\/p>\n<p>Yurt i\u00e7inde ve yurt d\u0131\u015f\u0131nda g\u00fcvenilir bir tedarik\u00e7i olarak kendimizi kan\u0131tlad\u0131k. Uluslararas\u0131 sertifikalar\u0131m\u0131z, \u00fcr\u00fcnlerimizin k\u00fcresel kalite standartlar\u0131n\u0131 kar\u015f\u0131lamas\u0131n\u0131 sa\u011flar. Ayr\u0131ca, geli\u015fmi\u015f \u00fcretim ekipmanlar\u0131 ve uzmanl\u0131\u011f\u0131m\u0131zdan yararlanarak, m\u00fc\u015fterilerin \u00f6zel ihtiya\u00e7lar\u0131n\u0131 kar\u015f\u0131layan \u00f6zelle\u015ftirilmi\u015f \u00e7\u00f6z\u00fcmler de sunuyoruz.<\/p>\n<p>Sat\u0131\u015f sonras\u0131 \u00f6zel servisimiz, m\u00fc\u015fterilerimizin s\u00fcrekli destek ve yard\u0131m almas\u0131n\u0131 garanti alt\u0131na alarak sekt\u00f6rdeki itibar\u0131m\u0131z\u0131 daha da sa\u011flamla\u015ft\u0131r\u0131yor.<\/p>\n<p><img decoding=\"async\" src=\"https:\/\/www.hydraulic-cylinders.net\/wp-content\/uploads\/2025\/04\/songte-company-4.webp\" alt=\"\u015eirket Genel Bak\u0131\u015f\u0131\" \/><br \/>\n<img decoding=\"async\" src=\"https:\/\/www.hydraulic-cylinders.net\/wp-content\/uploads\/2025\/04\/songte-company-3.webp\" alt=\"\u00dcretim Tesisi\" \/><\/p>\n<p>Yazar: lyl<\/p>","protected":false},"excerpt":{"rendered":"<p>Boom Cylinder For Caterpillar Large Excavator E374FL Introduction to Boom Cylinder The boom cylinder is a critical component in heavy machinery, especially in excavators like the Caterpillar E374FL. This hydraulic cylinder is designed to control the movement of the boom, allowing it to lift, lower, and tilt. The function of a boom cylinder is essential [&hellip;]<\/p>","protected":false},"featured_media":17873,"comment_status":"open","ping_status":"closed","template":"","meta":{"_et_pb_use_builder":"","_et_pb_old_content":"","_et_gb_content_width":""},"product_brand":[],"product_cat":[1546],"product_tag":[1547,1496],"class_list":{"0":"post-18976","1":"product","2":"type-product","3":"status-publish","4":"has-post-thumbnail","6":"product_cat-boom-cylinders","7":"product_tag-boom-cylinders","8":"product_tag-hydraulic-cylinders","10":"first","11":"instock","12":"shipping-taxable","13":"product-type-simple"},"amp_enabled":true,"_links":{"self":[{"href":"https:\/\/www.hydraulic-cylinders.net\/tr\/wp-json\/wp\/v2\/product\/18976","targetHints":{"allow":["GET"]}}],"collection":[{"href":"https:\/\/www.hydraulic-cylinders.net\/tr\/wp-json\/wp\/v2\/product"}],"about":[{"href":"https:\/\/www.hydraulic-cylinders.net\/tr\/wp-json\/wp\/v2\/types\/product"}],"replies":[{"embeddable":true,"href":"https:\/\/www.hydraulic-cylinders.net\/tr\/wp-json\/wp\/v2\/comments?post=18976"}],"wp:featuredmedia":[{"embeddable":true,"href":"https:\/\/www.hydraulic-cylinders.net\/tr\/wp-json\/wp\/v2\/media\/17873"}],"wp:attachment":[{"href":"https:\/\/www.hydraulic-cylinders.net\/tr\/wp-json\/wp\/v2\/media?parent=18976"}],"wp:term":[{"taxonomy":"product_brand","embeddable":true,"href":"https:\/\/www.hydraulic-cylinders.net\/tr\/wp-json\/wp\/v2\/product_brand?post=18976"},{"taxonomy":"product_cat","embeddable":true,"href":"https:\/\/www.hydraulic-cylinders.net\/tr\/wp-json\/wp\/v2\/product_cat?post=18976"},{"taxonomy":"product_tag","embeddable":true,"href":"https:\/\/www.hydraulic-cylinders.net\/tr\/wp-json\/wp\/v2\/product_tag?post=18976"}],"curies":[{"name":"wp","href":"https:\/\/api.w.org\/{rel}","templated":true}]}}