{"id":18987,"date":"2025-04-07T06:05:51","date_gmt":"2025-04-07T06:05:51","guid":{"rendered":"https:\/\/www.hydraulic-cylinders.net\/product\/boom-cylinder-for-doosan-small-excavator-dh150-7\/"},"modified":"2025-04-07T06:05:53","modified_gmt":"2025-04-07T06:05:53","slug":"boom-cylinder-for-doosan-small-excavator-dh150-7","status":"publish","type":"product","link":"https:\/\/www.hydraulic-cylinders.net\/tr\/urun\/boom-cylinder-for-doosan-small-excavator-dh150-7\/","title":{"rendered":"Doosan DH150-7 K\u00fc\u00e7\u00fck Ekskavat\u00f6r \u0130\u00e7in Bom Silindiri"},"content":{"rendered":"<h1>Doosan DH150-7 K\u00fc\u00e7\u00fck Ekskavat\u00f6r \u0130\u00e7in Bom Silindiri<\/h1>\n<h2>Bom Silindirine Giri\u015f<\/h2>\n<p>Bom silindiri, ekskavat\u00f6rler, kaz\u0131c\u0131 y\u00fckleyiciler ve \u00f6n y\u00fckleyiciler de dahil olmak \u00fczere \u00e7e\u015fitli a\u011f\u0131r makinelerin kep\u00e7elerinin hareketlerini kontrol etmek i\u00e7in \u00f6zel olarak tasarlanm\u0131\u015f \u00f6nemli bir hidrolik bile\u015fendir. Bu hidrolik silindir, kep\u00e7enin kald\u0131r\u0131lmas\u0131n\u0131, indirilmesini ve e\u011filmesini sa\u011flayarak malzeme ta\u015f\u0131ma g\u00f6revlerini verimli bir \u015fekilde kolayla\u015ft\u0131r\u0131r. Bom silindiri, hareket \u00fcretmek i\u00e7in bas\u0131n\u00e7l\u0131 s\u0131v\u0131 kullanan bir hidrolik sistem i\u00e7inde \u00e7al\u0131\u015f\u0131r. Ba\u015fl\u0131ca i\u015flevleri aras\u0131nda ekskavat\u00f6r\u00fcn bomunun eri\u015fimini uzatmak, kazma, kald\u0131rma ve malzemeleri hassas ve kontroll\u00fc bir \u015fekilde ta\u015f\u0131ma i\u015flemlerine yard\u0131mc\u0131 olmak yer al\u0131r.<\/p>\n<p><img decoding=\"async\" src=\"https:\/\/www.hydraulic-cylinders.net\/wp-content\/uploads\/2025\/04\/songte-company-1.webp\" alt=\"Bom Silindiri\"><\/p>\n<h2>Bom Silindirinin \u00d6zellikleri<\/h2>\n<ul>\n<li><strong>Y\u00fcksek Dayan\u0131kl\u0131l\u0131k ve Dayan\u0131kl\u0131l\u0131k:<\/strong> Y\u00fcksek mukavemetli \u00e7elik veya al\u00fcminyumdan \u00fcretilen bom silindiri, y\u00fcksek bas\u0131nca ve a\u011f\u0131r y\u00fcklere dayanabilir, bu da onu zorlu \u00e7al\u0131\u015fma ortamlar\u0131 i\u00e7in uygun hale getirir. A\u015f\u0131nma ve korozyon direnci i\u00e7eren tasar\u0131m\u0131, kullan\u0131m \u00f6mr\u00fcn\u00fc uzat\u0131r.<\/li>\n<li><strong>Verimli Hidrolik \u00c7al\u0131\u015fma:<\/strong> Hidrolik ya\u011f\u0131n bas\u0131nc\u0131ndan yararlanan silindir, sorunsuz bir \u015fekilde uzama ve geri \u00e7ekilme sa\u011flayarak operasyonel komutlara h\u0131zl\u0131 yan\u0131t verir ve a\u011f\u0131r ve karma\u015f\u0131k i\u015flerin \u00fcstesinden gelmek i\u00e7in ideal olan \u00f6nemli bir \u00e7ekme ve itme kuvveti sunar.<\/li>\n<li><strong>\u00c7e\u015fitli T\u00fcrler:<\/strong> Bom silindiri, farkl\u0131 \u00e7al\u0131\u015fma ihtiya\u00e7lar\u0131n\u0131 kar\u015f\u0131lamak \u00fczere tek etkili (hidrolik bas\u0131nc\u0131 tek y\u00f6nde uygulayan) ve \u00e7ift etkili (her iki y\u00f6nde de uygulayan) silindirler de dahil olmak \u00fczere \u00e7e\u015fitli konfig\u00fcrasyonlarda mevcuttur. Baz\u0131 modellerde teleskopik tasar\u0131m bulunur; bu da d\u0131\u015f boyutlar\u0131 art\u0131rmadan daha fazla uzatmaya olanak tan\u0131yarak, alan k\u0131s\u0131tlamal\u0131 uygulamalar i\u00e7in m\u00fckemmel hale getirir.<\/li>\n<li><strong>Uyumluluk:<\/strong> \u00dcr\u00fcnlerimiz \u00e7e\u015fitli hidrolik silindirlerin yerini m\u00fckemmel \u015fekilde alabilir. Bom silindirlerimizin OEM spesifikasyonlar\u0131n\u0131 kar\u015f\u0131lad\u0131\u011f\u0131ndan veya a\u015ft\u0131\u011f\u0131ndan emin olarak, sorunsuz entegrasyon ve performans sa\u011fl\u0131yoruz.<\/li>\n<\/ul>\n<p><img decoding=\"async\" src=\"https:\/\/www.hydraulic-cylinders.net\/wp-content\/uploads\/2025\/04\/songte-cylinder-head-with-all-kinds-excavator-models.webp\" alt=\"Ekskavat\u00f6r Modelleri\"><\/p>\n<h2>Bom Silindirinin Uygulamalar\u0131<\/h2>\n<h3>\u0130n\u015faat Ekipmanlar\u0131<\/h3>\n<p>Ekskavat\u00f6rlerde, bom silindirleri toprak veya moloz kazma, y\u00fckleme ve ta\u015f\u0131ma i\u015flemlerinde hayati \u00f6neme sahiptir. G\u00fc\u00e7l\u00fc itme kuvveti ve hassas kontrol sa\u011flayarak operat\u00f6rlerin karma\u015f\u0131k kaz\u0131 i\u015flerini ger\u00e7ekle\u015ftirmesine olanak tan\u0131rlar. Kaz\u0131c\u0131 y\u00fckleyicilerde ise bu silindirler hem kazma hem de kald\u0131rma i\u015flemlerine yard\u0131mc\u0131 olarak, \u00e7ok y\u00f6nl\u00fcl\u00fc\u011f\u00fcn gerekli oldu\u011fu \u015fantiyelerde paha bi\u00e7ilmez bir de\u011fer ta\u015f\u0131rlar.<\/p>\n<h3>Tar\u0131m Makinalar\u0131<\/h3>\n<p>\u00d6n y\u00fckleyicilerde, bom silindirleri toprak, saman ve di\u011fer malzemeleri kep\u00e7elemek, kald\u0131rmak ve ta\u015f\u0131mak i\u00e7in kullan\u0131l\u0131r. Verimli \u00e7al\u0131\u015fma sa\u011flayarak \u00e7ift\u00e7ilerin yem y\u00fckleme veya tarlalar\u0131 temizleme gibi \u00e7e\u015fitli i\u015fleri y\u00f6netmelerine yard\u0131mc\u0131 olurlar. Bom silindirinin \u00f6nemli y\u00fckleri ta\u015f\u0131yabilme yetene\u011fi, onu tar\u0131m makinelerinde vazge\u00e7ilmez bir bile\u015fen haline getirir.<\/p>\n<h3>Ekskavat\u00f6rler<\/h3>\n<p>Bom silindiri, ekskavat\u00f6rlerin topra\u011fa verimli bir \u015fekilde n\u00fcfuz etmesini sa\u011flayarak \u00e7e\u015fitli in\u015faat projeleri i\u00e7in gerekli kazma i\u015flemini kolayla\u015ft\u0131r\u0131r. Gerekli kuvveti ve kontrol\u00fc sa\u011flayarak, bu silindirler ekskavat\u00f6rlerin genel performans\u0131n\u0131 art\u0131r\u0131r ve onlar\u0131 toprak ta\u015f\u0131ma i\u015flemlerinde vazge\u00e7ilmez k\u0131lar.<\/p>\n<h3>Y\u00fckleyiciler<\/h3>\n<p>\u00d6n y\u00fckleyicilerde, bom silindirleri malzemelerin etkili bir \u015fekilde kald\u0131r\u0131lmas\u0131na ve bo\u015falt\u0131lmas\u0131na yard\u0131mc\u0131 olur. A\u011f\u0131r y\u00fckleri \u00f6nemli y\u00fcksekliklere kald\u0131rmak i\u00e7in gerekli g\u00fcc\u00fc sa\u011flayarak, h\u0131zl\u0131 malzeme transferi ve bo\u015falt\u0131m\u0131na olanak tan\u0131yarak \u015fantiyelerde verimlili\u011fi art\u0131r\u0131rlar.<\/p>\n<h2>Tasar\u0131m Hususlar\u0131 ve Se\u00e7im Kriterleri<\/h2>\n<h3>Y\u00fck Kapasitesi<\/h3>\n<p>Bom silindirinin y\u00fck ta\u015f\u0131ma kapasitesi, se\u00e7im s\u0131ras\u0131nda dikkate al\u0131nmas\u0131 gereken kritik bir husustur. Kullan\u0131laca\u011f\u0131 makinenin maksimum y\u00fck gereksinimlerini kar\u015f\u0131layabilecek bir silindir se\u00e7mek \u00e7ok \u00f6nemlidir. Uygun kapasitede bir silindir se\u00e7ilmemesi, mekanik ar\u0131zaya, g\u00fcvenlik risklerine ve maliyetli ar\u0131za s\u00fcrelerine yol a\u00e7abilir. \u00dcreticiler genellikle y\u00fck kapasiteleriyle ilgili \u00f6zellikler sunarlar ve bu \u00f6zellikler, operasyonel taleplerle uyumlulu\u011fu sa\u011flamak i\u00e7in dikkatlice incelenmelidir.<\/p>\n<h3>S\u0131zd\u0131rmazl\u0131k ve Dayan\u0131kl\u0131l\u0131k<\/h3>\n<p>Hidrolik silindirlerde s\u0131z\u0131nt\u0131y\u0131 \u00f6nlemek ve bas\u0131nc\u0131 korumak i\u00e7in s\u0131zd\u0131rmazl\u0131k son derece \u00f6nemlidir. Piston contalar\u0131 ve mil contalar\u0131 gibi contalar\u0131n se\u00e7imi, \u00e7al\u0131\u015fma ortam\u0131na ve s\u0131v\u0131 uyumlulu\u011funa ba\u011fl\u0131 olmal\u0131d\u0131r. A\u015f\u0131nmaya ve y\u0131pranmaya dayan\u0131kl\u0131 olduklar\u0131 i\u00e7in poli\u00fcretan ve nitril kau\u00e7uk gibi dayan\u0131kl\u0131 malzemeler yayg\u0131n olarak kullan\u0131l\u0131r. Silindirin genel dayan\u0131kl\u0131l\u0131\u011f\u0131, uzun \u00f6m\u00fcrl\u00fcl\u00fc\u011f\u00fc sa\u011flamak i\u00e7in kat\u0131 end\u00fcstri standartlar\u0131n\u0131 kar\u015f\u0131lamas\u0131 gereken malzeme kalitesi ve \u00fcretim s\u00fcre\u00e7lerinden etkilenir.<\/p>\n<h3>G\u00fcvenlik \u00d6zellikleri<\/h3>\n<p>Bom silindirlerinin tasar\u0131m\u0131nda g\u00fcvenlik \u00f6zelliklerinin entegre edilmesi \u00e7ok \u00f6nemlidir. Bu \u00f6zellikler aras\u0131nda a\u015f\u0131r\u0131 bas\u0131n\u00e7lanmay\u0131 \u00f6nleyen bas\u0131n\u00e7 tahliye vanalar\u0131 ve ar\u0131za durumunda kontroll\u00fc ar\u0131zay\u0131 sa\u011flayan ar\u0131za emniyet mekanizmalar\u0131 yer al\u0131r. Bu g\u00fcvenlik \u00f6zelliklerinin d\u00fczenli olarak de\u011ferlendirilmesi, operasyonel g\u00fcvenli\u011fi art\u0131rabilir ve kaza riskini en aza indirebilir. Operat\u00f6rler, g\u00fcvenli kullan\u0131m ve acil durum haz\u0131rl\u0131\u011f\u0131 i\u00e7in hidrolik ekipmanla ilgili g\u00fcvenlik protokolleri konusunda e\u011fitilmelidir.<\/p>\n<h3>Bak\u0131m kolayl\u0131\u011f\u0131<\/h3>\n<p>Bak\u0131m kolayl\u0131\u011f\u0131 da \u00f6nemli bir fakt\u00f6rd\u00fcr. \u0130yi tasarlanm\u0131\u015f bir bom silindiri, inceleme, ya\u011flama ve onar\u0131m i\u00e7in kritik bile\u015fenlere kolay eri\u015fim sa\u011flamal\u0131d\u0131r. Silindirin ve bile\u015fenlerinin durumunu izlemek i\u00e7in d\u00fczenli bak\u0131m programlar\u0131 olu\u015fturulmal\u0131d\u0131r. Mod\u00fcler tasar\u0131mlar, par\u00e7alar\u0131n daha kolay de\u011fi\u015ftirilmesini sa\u011flayarak bak\u0131m kolayl\u0131\u011f\u0131n\u0131 daha da art\u0131r\u0131r ve ar\u0131za s\u00fcresini azalt\u0131r.<\/p>\n<p><img decoding=\"async\" src=\"https:\/\/www.hydraulic-cylinders.net\/wp-content\/uploads\/2025\/04\/songte-oil-pipes-and-spare-parts.webp\" alt=\"Hidrolik Par\u00e7alar\"><\/p>\n<h2>S\u0131zd\u0131rmazl\u0131k ve Ya\u011flama<\/h2>\n<p>Bom silindirlerinin optimum performans\u0131 i\u00e7in etkili s\u0131zd\u0131rmazl\u0131k ve ya\u011flama hayati \u00f6nem ta\u015f\u0131r. Piston contalar\u0131 ve mil contalar\u0131 da dahil olmak \u00fczere \u00e7e\u015fitli contalar, silindir i\u00e7indeki bas\u0131nc\u0131 korurken hidrolik s\u0131v\u0131 s\u0131z\u0131nt\u0131s\u0131n\u0131 \u00f6nlemede \u00f6nemli bir rol oynar. Poli\u00fcretan ve nitril kau\u00e7uk gibi dayan\u0131kl\u0131 malzemelerden yap\u0131lm\u0131\u015f contalar, a\u015f\u0131nmaya kar\u015f\u0131 diren\u00e7leri nedeniyle tercih edilir. Silindir g\u00f6vdesi ve di\u015fli u\u00e7 y\u00fczeyleri, a\u015f\u0131nma direncini art\u0131rmak i\u00e7in hassas bir \u015fekilde i\u015flenmelidir.<\/p>\n<p>Ayr\u0131ca, sorunsuz \u00e7al\u0131\u015fma sa\u011flamak i\u00e7in d\u00fczenli ya\u011flama gereklidir. Optimum performans\u0131 korumak i\u00e7in hidrolik s\u0131v\u0131s\u0131, \u00fcreticinin s\u0131v\u0131 t\u00fcr\u00fc ve yenileme aral\u0131klar\u0131 ile ilgili y\u00f6nergelerine uyularak uygun miktarlarda eklenmelidir. Do\u011fru ya\u011flama, s\u00fcrt\u00fcnmeyi en aza indirerek i\u00e7 bile\u015fenlerdeki a\u015f\u0131nmay\u0131 azalt\u0131r ve silindirin \u00f6mr\u00fcn\u00fc uzat\u0131r.<\/p>\n<h2>D\u00fczenli Muayene ve \u00d6nleyici Bak\u0131m<\/h2>\n<ul>\n<li><strong>S\u0131k Denetimler:<\/strong> Bom silindirinde a\u015f\u0131nma, s\u0131z\u0131nt\u0131 veya hasar belirtileri olup olmad\u0131\u011f\u0131n\u0131 d\u00fczenli olarak kontrol etmek, sorunlar\u0131n erken tespit edilmesine yard\u0131mc\u0131 olacakt\u0131r. Operat\u00f6rler, contalar\u0131n etraf\u0131ndaki s\u0131v\u0131 s\u0131z\u0131nt\u0131lar\u0131n\u0131 kontrol etmeli ve \u00e7al\u0131\u015fma s\u0131ras\u0131nda ola\u011fand\u0131\u015f\u0131 sesler olup olmad\u0131\u011f\u0131n\u0131 incelemelidir.<\/li>\n<li><strong>Ya\u011flama Program\u0131:<\/strong> D\u00fczenli bir ya\u011flama program\u0131 olu\u015fturmak \u00e7ok \u00f6nemlidir. Operat\u00f6rler, optimum performans sa\u011flamak i\u00e7in kullan\u0131lacak ya\u011flay\u0131c\u0131 t\u00fcr\u00fc ve ya\u011flama s\u0131kl\u0131\u011f\u0131 konusunda \u00fcreticinin tavsiyelerine uymal\u0131d\u0131r.<\/li>\n<li><strong>Conta De\u011fi\u015fimi:<\/strong> Contalar d\u00fczenli olarak kontrol edilmeli ve a\u015f\u0131nma belirtileri varsa de\u011fi\u015ftirilmelidir. Zaman\u0131nda de\u011fi\u015ftirme, s\u0131v\u0131 s\u0131z\u0131nt\u0131lar\u0131n\u0131 \u00f6nleyebilir ve silindirin verimli \u00e7al\u0131\u015fmas\u0131n\u0131 sa\u011flayabilir.<\/li>\n<\/ul>\n<h2>Kurulum Talimatlar\u0131<\/h2>\n<p>Bom silindirinin do\u011fru montaj\u0131, performans\u0131 ve uzun \u00f6mr\u00fc i\u00e7in \u00e7ok \u00f6nemlidir. \u00d6ncelikle t\u00fcm bile\u015fenlerin temiz ve kal\u0131nt\u0131lardan ar\u0131nd\u0131r\u0131lm\u0131\u015f oldu\u011fundan emin olun. Silindiri, uygun montaj braketlerini kullanarak montaj noktalar\u0131yla do\u011fru bir \u015fekilde hizalay\u0131n ve sa\u011flam bir \u015fekilde yerine sabitleyin. Do\u011fru hizalama, silindir ve ilgili bile\u015fenler \u00fczerindeki gereksiz gerilimi \u00f6nlemek i\u00e7in \u00e7ok \u00f6nemlidir.<\/p>\n<p>Montaj s\u0131ras\u0131nda, s\u0131z\u0131nt\u0131lar\u0131 \u00f6nlemek i\u00e7in t\u00fcm hidrolik ba\u011flant\u0131lar\u0131n sa\u011flam oldu\u011fundan emin olun. Montajdan sonra, sistemin herhangi bir s\u0131z\u0131nt\u0131 olmadan do\u011fru \u015fekilde \u00e7al\u0131\u015ft\u0131\u011f\u0131n\u0131 do\u011frulamak i\u00e7in bir bas\u0131n\u00e7 testi yap\u0131lmas\u0131 \u00f6nerilir. \u00dcreticinin montaj y\u00f6nergelerini takip etmek, optimum performans sa\u011flamaya ve \u00e7al\u0131\u015fma sorunlar\u0131n\u0131n olas\u0131l\u0131\u011f\u0131n\u0131 azaltmaya yard\u0131mc\u0131 olacakt\u0131r.<\/p>\n<h2>Yayg\u0131n Bak\u0131m G\u00f6revleri<\/h2>\n<ul>\n<li><strong>D\u00fczenli Denetimler:<\/strong> A\u015f\u0131nma, s\u0131z\u0131nt\u0131 veya hasar belirtilerini kontrol etmek i\u00e7in d\u00fczenli denetimler yap\u0131n. Bu proaktif \u00f6nlem, potansiyel sorunlar\u0131n daha b\u00fcy\u00fck problemlere d\u00f6n\u00fc\u015fmeden \u00f6nce tespit edilmesine yard\u0131mc\u0131 olur.<\/li>\n<li><strong>Uygun Ya\u011flama:<\/strong> Silindiri, \u00fcreticinin tavsiyelerine uygun olarak ve do\u011fru tip ve miktarda hidrolik s\u0131v\u0131s\u0131 kullanarak ya\u011flay\u0131n. Bu ad\u0131m, sorunsuz \u00e7al\u0131\u015fmay\u0131 s\u00fcrd\u00fcrmek ve a\u015f\u0131r\u0131 a\u015f\u0131nmay\u0131 \u00f6nlemek i\u00e7in \u00e7ok \u00f6nemlidir.<\/li>\n<li><strong>Conta De\u011fi\u015fimi ve Kalibrasyon Kontrolleri:<\/strong> Contalar\u0131 d\u00fczenli olarak a\u015f\u0131nma belirtileri a\u00e7\u0131s\u0131ndan kontrol edin ve gerekti\u011finde de\u011fi\u015ftirin. Sistemin kalibrasyonu, belirtilen parametreler dahilinde \u00e7al\u0131\u015fmas\u0131n\u0131 sa\u011flayarak performans\u0131n\u0131 ve g\u00fcvenli\u011fini art\u0131r\u0131r.<\/li>\n<\/ul>\n<p>Montaj s\u0131ras\u0131nda, erken a\u015f\u0131nmaya ve ar\u0131zaya yol a\u00e7abilecek yanl\u0131\u015f hizalama sorunlar\u0131n\u0131 \u00f6nlemek i\u00e7in silindirin do\u011fru \u015fekilde hizaland\u0131\u011f\u0131ndan emin olun. Silindiri sabitlemek i\u00e7in uygun montaj braketlerinin kullan\u0131lmas\u0131, stabilite a\u00e7\u0131s\u0131ndan \u00e7ok \u00f6nemlidir. Silindirin b\u00fct\u00fcnl\u00fc\u011f\u00fcn\u00fc korumak ve \u00f6mr\u00fcn\u00fc uzatmak i\u00e7in kontroller, onar\u0131mlar ve de\u011fi\u015ftirmeler i\u00e7in bir rutin olu\u015fturun.<\/p>\n<p><img decoding=\"async\" src=\"https:\/\/www.hydraulic-cylinders.net\/wp-content\/uploads\/2025\/04\/songte-chushion-collar.webp\" alt=\"Yast\u0131k Yaka\"><\/p>\n<h2>G\u00fcvenlik Hususlar\u0131 ve \u00c7evresel Fakt\u00f6rler<\/h2>\n<p>Bom silindirleri kullan\u0131l\u0131rken g\u00fcvenlik \u00f6nlemlerinin uygulanmas\u0131, operat\u00f6rlerin ve \u00e7evrelerindekilerin g\u00fcvenli\u011fini sa\u011flamak i\u00e7in son derece \u00f6nemlidir. Operat\u00f6rler, hidrolik bas\u0131n\u00e7 sistemleriyle ili\u015fkili potansiyel tehlikeleri anlamak da dahil olmak \u00fczere, hidrolik sistemlerin g\u00fcvenli kullan\u0131m\u0131 konusunda yeterli e\u011fitim almal\u0131d\u0131r. Ayr\u0131ca, g\u00fcvenlik koruyucular\u0131n\u0131n ve acil durum kapatma mekanizmalar\u0131n\u0131n yerinde olmas\u0131 riskleri \u00f6nemli \u00f6l\u00e7\u00fcde azaltabilir.<\/p>\n<h2>Ar\u0131za Te\u015fhisi ve Yayg\u0131n Sorunlar<\/h2>\n<ul>\n<li><strong>S\u0131v\u0131 S\u0131z\u0131nt\u0131lar\u0131:<\/strong> S\u0131k kar\u015f\u0131la\u015f\u0131lan sorunlardan biri, a\u015f\u0131nm\u0131\u015f contalar veya hasarl\u0131 hortumlar nedeniyle olu\u015fabilen s\u0131v\u0131 s\u0131z\u0131nt\u0131s\u0131d\u0131r. S\u0131z\u0131nt\u0131 tespit edilirse, kayna\u011f\u0131 belirlemek ve hasarl\u0131 par\u00e7alar\u0131 derhal de\u011fi\u015ftirmek \u00e7ok \u00f6nemlidir.<\/li>\n<li><strong>Bas\u0131n\u00e7 Kayb\u0131:<\/strong> Hidrolik bas\u0131n\u00e7ta ani bir d\u00fc\u015f\u00fc\u015f, hidrolik sistemde bir ar\u0131zaya i\u015faret edebilir. Operat\u00f6rler, sorunu gidermek i\u00e7in sistem i\u00e7indeki olas\u0131 t\u0131kan\u0131kl\u0131klar\u0131 veya s\u0131z\u0131nt\u0131lar\u0131 ara\u015ft\u0131rmal\u0131d\u0131r.<\/li>\n<li><strong>Al\u0131\u015f\u0131lmad\u0131k Sesler:<\/strong> \u00c7al\u0131\u015fma s\u0131ras\u0131nda ola\u011fand\u0131\u015f\u0131 sesler duyulmas\u0131, i\u00e7 a\u015f\u0131nma veya hasara i\u015faret edebilir. Bu durumda, \u00e7al\u0131\u015fmay\u0131 derhal durdurup kapsaml\u0131 bir inceleme yap\u0131lmas\u0131 \u00f6nerilir.<\/li>\n<\/ul>\n<h2>Sorun Giderme \u0130pu\u00e7lar\u0131<\/h2>\n<p>Sorunlar\u0131 etkili bir \u015fekilde te\u015fhis etmek ve \u00e7\u00f6zmek i\u00e7in operat\u00f6rler her zaman s\u0131z\u0131nt\u0131lar\u0131 kontrol ederek ve t\u00fcm ba\u011flant\u0131lar\u0131n sa\u011flam oldu\u011fundan emin olarak i\u015fe ba\u015flamal\u0131d\u0131r. Bas\u0131n\u00e7 kayb\u0131ndan \u015f\u00fcpheleniliyorsa, hortumlar\u0131 ve ba\u011flant\u0131 par\u00e7alar\u0131n\u0131 t\u0131kan\u0131kl\u0131k a\u00e7\u0131s\u0131ndan inceleyin. Ola\u011fand\u0131\u015f\u0131 sesler i\u00e7in makineyi durdurun ve silindiri ve ilgili bile\u015fenleri a\u015f\u0131nma veya hasar a\u00e7\u0131s\u0131ndan inceleyin. D\u00fczenli bak\u0131m ve kontroller gibi \u00f6nleyici tedbirlerin uygulanmas\u0131, bu yayg\u0131n sorunlarla kar\u015f\u0131la\u015fma olas\u0131l\u0131\u011f\u0131n\u0131 \u00f6nemli \u00f6l\u00e7\u00fcde azaltabilir.<\/p>\n<p><img decoding=\"async\" src=\"https:\/\/www.hydraulic-cylinders.net\/wp-content\/uploads\/2025\/04\/songte-bushings-with-all-kinds-of-excavator-models.webp\" alt=\"Ekskavat\u00f6r Bur\u00e7lar\u0131\"><\/p>\n<h2>\u015eirketimiz Hakk\u0131nda<\/h2>\n<p>Hidrolik silindirler konusunda uzmanla\u015fm\u0131\u015f bir \u00fcreticiyiz ve kapsaml\u0131 bir \u00fcr\u00fcn yelpazesi sunarak hem yurt i\u00e7i hem de uluslararas\u0131 pazarlarda \u00f6nde gelen \u00fcretici ve toptanc\u0131lardan biri haline geldik. Kalitede m\u00fckemmelli\u011fe \u00f6nem veriyor ve geli\u015fmi\u015f bir \u00fcretim y\u00f6netim stratejisi uyguluyoruz. \u015eirketimiz, teknik yetenek, geli\u015fmi\u015f dijital \u00fcretim ekipmanlar\u0131 ve \u00f6zel test sistemlerinden yararlanarak \u00fcretim platformunu s\u00fcrekli olarak geli\u015ftiriyor.<\/p>\n<p>G\u00fc\u00e7l\u00fc inovasyon yetene\u011fimizle, m\u00fc\u015fterilerimizin \u00e7e\u015fitli ihtiya\u00e7lar\u0131n\u0131 kar\u015f\u0131lamak i\u00e7in verimlilik, hassasiyet ve y\u00fcksek kalite ilkelerine \u00f6ncelik veriyoruz. Profesyonel hizmetlerimiz, \u00fcr\u00fcnlerimizi farkl\u0131 \u00f6zelliklere ve gereksinimlere uyarlayabilmemizi sa\u011flayan \u00f6zelle\u015ftirilmi\u015f \u00e7\u00f6z\u00fcmleri i\u00e7ermektedir.<\/p>\n<p>\u00dcretim tesislerimiz, y\u00fcksek standartlar\u0131 ve uluslararas\u0131 sertifikalar\u0131 korumam\u0131z\u0131 sa\u011flayan en son teknolojiyle donat\u0131lm\u0131\u015ft\u0131r. Ayr\u0131ca, \u00fcst\u00fcn sat\u0131\u015f sonras\u0131 destek sa\u011flayarak m\u00fc\u015fteri memnuniyetini ve \u00fcr\u00fcnlerimizin uzun \u00f6m\u00fcrl\u00fc performans\u0131n\u0131 garanti alt\u0131na almaktan gurur duyuyoruz.<\/p>\n<p><img decoding=\"async\" src=\"https:\/\/www.hydraulic-cylinders.net\/wp-content\/uploads\/2025\/04\/songte-company-4.webp\" alt=\"\u015eirket Genel Bak\u0131\u015f\u0131\"><br \/>\n<img decoding=\"async\" src=\"https:\/\/www.hydraulic-cylinders.net\/wp-content\/uploads\/2025\/04\/songte-company-3.webp\" alt=\"\u015eirket Tesisleri\"><\/p>\n<p>Yazar: lyl<\/p>","protected":false},"excerpt":{"rendered":"<p>Boom Cylinder For Doosan Small Excavator DH150-7 Introduction to Boom Cylinder The Boom Cylinder is an essential hydraulic component specifically designed for controlling the movements of various heavy machinery&#8217;s buckets, including excavators, backhoe loaders, and front loaders. This hydraulic cylinder allows the bucket to lift, lower, and tilt, facilitating material handling tasks efficiently. The boom [&hellip;]<\/p>","protected":false},"featured_media":17869,"comment_status":"open","ping_status":"closed","template":"","meta":{"_et_pb_use_builder":"","_et_pb_old_content":"","_et_gb_content_width":""},"product_brand":[],"product_cat":[1546],"product_tag":[1547,1496],"class_list":{"0":"post-18987","1":"product","2":"type-product","3":"status-publish","4":"has-post-thumbnail","6":"product_cat-boom-cylinders","7":"product_tag-boom-cylinders","8":"product_tag-hydraulic-cylinders","10":"first","11":"instock","12":"shipping-taxable","13":"product-type-simple"},"amp_enabled":true,"_links":{"self":[{"href":"https:\/\/www.hydraulic-cylinders.net\/tr\/wp-json\/wp\/v2\/product\/18987","targetHints":{"allow":["GET"]}}],"collection":[{"href":"https:\/\/www.hydraulic-cylinders.net\/tr\/wp-json\/wp\/v2\/product"}],"about":[{"href":"https:\/\/www.hydraulic-cylinders.net\/tr\/wp-json\/wp\/v2\/types\/product"}],"replies":[{"embeddable":true,"href":"https:\/\/www.hydraulic-cylinders.net\/tr\/wp-json\/wp\/v2\/comments?post=18987"}],"wp:featuredmedia":[{"embeddable":true,"href":"https:\/\/www.hydraulic-cylinders.net\/tr\/wp-json\/wp\/v2\/media\/17869"}],"wp:attachment":[{"href":"https:\/\/www.hydraulic-cylinders.net\/tr\/wp-json\/wp\/v2\/media?parent=18987"}],"wp:term":[{"taxonomy":"product_brand","embeddable":true,"href":"https:\/\/www.hydraulic-cylinders.net\/tr\/wp-json\/wp\/v2\/product_brand?post=18987"},{"taxonomy":"product_cat","embeddable":true,"href":"https:\/\/www.hydraulic-cylinders.net\/tr\/wp-json\/wp\/v2\/product_cat?post=18987"},{"taxonomy":"product_tag","embeddable":true,"href":"https:\/\/www.hydraulic-cylinders.net\/tr\/wp-json\/wp\/v2\/product_tag?post=18987"}],"curies":[{"name":"wp","href":"https:\/\/api.w.org\/{rel}","templated":true}]}}