{"id":1900,"date":"2023-10-19T06:38:44","date_gmt":"2023-10-19T06:38:44","guid":{"rendered":"https:\/\/hydraulic-cylinders.net\/?post_type=product&#038;p=1900"},"modified":"2025-04-11T03:43:26","modified_gmt":"2025-04-11T03:43:26","slug":"open-tbm-torque-cylinder","status":"publish","type":"product","link":"https:\/\/www.hydraulic-cylinders.net\/tr\/urun\/open-tbm-torque-cylinder\/","title":{"rendered":"A\u00e7\u0131k TBM Tork Silindiri"},"content":{"rendered":"<h1 style=\"text-align: center;\"><strong>A\u00e7\u0131k TBM Tork Silindiri<\/strong><\/h1>\n<p><img loading=\"lazy\" decoding=\"async\" class=\"aligncenter wp-image-1901\" src=\"https:\/\/hydraulic-cylinders.net\/wp-content\/uploads\/2023\/10\/torque-cylinder-1-300x300.webp\" alt=\"\" width=\"400\" height=\"400\" \/><\/p>\n<p>A\u00e7\u0131k TBM tork silindiri, t\u00fcnel a\u00e7ma operasyonlar\u0131nda ola\u011fan\u00fcst\u00fc g\u00fc\u00e7 ve hassasiyet sa\u011flamak \u00fczere tasarlanm\u0131\u015f, son teknoloji \u00fcr\u00fcn\u00fc bir hidrolik bile\u015fendir. Bu \u00f6zel silindir, t\u00fcnel a\u00e7ma makinesine (TBM) tork kuvveti sa\u011flamada hayati bir rol oynar ve \u00e7e\u015fitli jeolojik olu\u015fumlarda verimli kaz\u0131 yap\u0131lmas\u0131n\u0131 sa\u011flar. Bu bilgilendirici makalede, a\u00e7\u0131k TBM tork silindirinin temel \u00f6zelliklerini, kullan\u0131m y\u00f6ntemlerini ve bak\u0131m y\u00f6nergelerini inceleyece\u011fiz.<\/p>\n<p>A\u00e7\u0131k TBM tork silindiri, t\u00fcnel a\u00e7ma operasyonlar\u0131n\u0131n verimlili\u011fini ve hassasiyetini art\u0131ran g\u00fc\u00e7l\u00fc bir hidrolik bile\u015fendir. Y\u00fcksek tork \u00e7\u0131k\u0131\u015f\u0131, hassas kontrol\u00fc, dayan\u0131kl\u0131l\u0131\u011f\u0131 ve g\u00fcvenlik \u00f6zellikleriyle bu silindir, t\u00fcnellerin sorunsuz ve g\u00fcvenilir bir \u015fekilde kaz\u0131lmas\u0131n\u0131 sa\u011flar. \u00d6nerilen kullan\u0131m y\u00f6ntemlerine uyulmas\u0131 ve d\u00fczenli bak\u0131m uygulamalar\u0131na uyulmas\u0131yla, a\u00e7\u0131k TBM tork silindiri ola\u011fan\u00fcst\u00fc performans sunmaya devam ederek t\u00fcnel projelerinin ba\u015far\u0131s\u0131na katk\u0131da bulunacakt\u0131r. E\u015fsiz verimlilikle t\u00fcnel a\u00e7ma operasyonlar\u0131nda devrim yaratan a\u00e7\u0131k TBM tork silindirinin g\u00fcc\u00fcn\u00fc ve hassasiyetini deneyimleyin.<\/p>\n<p>A\u00e7\u0131k TBM Tork Silindirinin Temel \u00d6zellikleri:<\/p>\n<ul>\n<li>Y\u00fcksek Tork \u00c7\u0131k\u0131\u015f\u0131: A\u00e7\u0131k tbm tork silindiri, etkileyici bir tork \u00e7\u0131k\u0131\u015f\u0131 sunarak tbm'nin zorlu zemin ko\u015fullar\u0131n\u0131n \u00fcstesinden kolayl\u0131kla gelmesini sa\u011flar. Sa\u011flam tasar\u0131m\u0131 ve hassas m\u00fchendisli\u011fi, optimum tork iletimi sa\u011flayarak verimli kaz\u0131 imkan\u0131 sunar ve proje s\u00fcrelerini k\u0131salt\u0131r.<\/li>\n<li>Hassas Kontrol ve Do\u011fruluk: Geli\u015fmi\u015f hidrolik sistemlerle donat\u0131lm\u0131\u015f bu silindir, TBM taraf\u0131ndan uygulanan tork \u00fczerinde hassas kontrol sa\u011flar. Operat\u00f6rler, farkl\u0131 jeolojik olu\u015fumlar\u0131n \u00f6zel gereksinimlerine uyacak \u015fekilde tork \u00e7\u0131k\u0131\u015f\u0131n\u0131 ayarlayarak hassas ve verimli bir kaz\u0131 sa\u011flar.<\/li>\n<li>Dayan\u0131kl\u0131l\u0131k ve G\u00fcvenilirlik: Y\u00fcksek kaliteli malzemelerden \u00fcretilen a\u00e7\u0131k tbm tork silindiri, t\u00fcnel a\u00e7ma operasyonlar\u0131nda kar\u015f\u0131la\u015f\u0131lan zorlu ko\u015fullara dayanacak \u015fekilde tasarlanm\u0131\u015ft\u0131r. A\u011f\u0131r y\u00fcklere, titre\u015fimlere ve darbelere dayanabilir, uzun s\u00fcreli dayan\u0131kl\u0131l\u0131k sa\u011flar, ar\u0131za s\u00fcresini en aza indirir ve bak\u0131m maliyetlerini d\u00fc\u015f\u00fcr\u00fcr.<\/li>\n<li>G\u00fcvenlik \u00d6zellikleri: A\u00e7\u0131k tbm tork silindiri, a\u015f\u0131r\u0131 y\u00fck korumas\u0131 ve acil durdurma mekanizmalar\u0131 gibi g\u00fcvenlik \u00f6zelliklerine sahiptir. Bu \u00f6zellikler, a\u015f\u0131r\u0131 torku \u00f6nlemeye ve tbm operat\u00f6rlerinin g\u00fcvenli\u011fini sa\u011flayarak ekipman hasar\u0131 riskini en aza indirmeye yard\u0131mc\u0131 olur.<\/li>\n<\/ul>\n<h2><strong>A\u00e7\u0131k TBM Tork Silindiri Parametresi:<\/strong><\/h2>\n<table border=\"1\" cellspacing=\"0\" cellpadding=\"0\">\n<tbody>\n<tr>\n<td>\u00dcr\u00fcn Ad\u0131<\/td>\n<td>A\u00e7\u0131k T\u00fcnel Delme Makinesi Tork Silindiri<\/td>\n<\/tr>\n<tr>\n<td>\u00d6zellikler:<\/td>\n<td>T\u00fcnel delme makinesinin y\u00f6n ayarlamas\u0131 ve kesici kafa torkunun iletimi i\u00e7in kullan\u0131l\u0131r<\/td>\n<\/tr>\n<tr>\n<td>Delik \u00e7ap\u0131:<\/td>\n<td>220 mm\uff5e450 mm<\/td>\n<\/tr>\n<tr>\n<td>\u00c7ubuk \u00e7ap\u0131:<\/td>\n<td>125 mm\uff5e260 mm<br \/>\nStrok 200mm\uff5e260mm<\/td>\n<\/tr>\n<tr>\n<td>Bas\u0131n\u00e7:<\/td>\n<td>35MPa'ya kadar<\/td>\n<\/tr>\n<tr>\n<td>Uygulamalar:<\/td>\n<td>A\u00e7\u0131k T\u00fcnel A\u00e7ma Makinesi<\/td>\n<\/tr>\n<\/tbody>\n<\/table>\n<h2><strong>A\u00e7\u0131k TBM Silindir Uygulamas\u0131:<\/strong><\/h2>\n<p><img loading=\"lazy\" decoding=\"async\" class=\"alignnone wp-image-1899 size-full\" src=\"https:\/\/hydraulic-cylinders.net\/wp-content\/uploads\/2023\/10\/open-tbm-cylinder-1.webp\" alt=\"\" width=\"709\" height=\"473\" srcset=\"https:\/\/hydraulic-cylinders.net\/wp-content\/uploads\/2023\/10\/open-tbm-cylinder-1.webp 709w, https:\/\/hydraulic-cylinders.net\/wp-content\/uploads\/2023\/10\/open-tbm-cylinder-1-480x320.webp 480w\" sizes=\"(min-width: 0px) and (max-width: 480px) 480px, (min-width: 481px) 709px, 100vw\" \/><\/p>\n<h2><strong>A\u00e7\u0131k TBM Tork Silindirinin Kullan\u0131m Y\u00f6ntemi<\/strong><strong>:<\/strong><\/h2>\n<ul>\n<li><strong>Silindir Montaj\u0131:<\/strong>\u00a0 A\u00e7\u0131k tbm tork silindirini \u00fcreticinin talimatlar\u0131na g\u00f6re tak\u0131n. Uygun montaj braketleri veya aksesuarlar\u0131 kullanarak tbm'nin yap\u0131s\u0131na uygun hizalamay\u0131 ve sabitlemeyi sa\u011flay\u0131n.<\/li>\n<li><strong>Hidrolik Sistem Entegrasyonu:<\/strong> Silindiri, uyumlu hortum ve ba\u011flant\u0131 par\u00e7alar\u0131 kullanarak TBM'nin hidrolik sistemine ba\u011flay\u0131n. Optimum hidrolik performans\u0131 sa\u011flamak i\u00e7in t\u00fcm ba\u011flant\u0131lar\u0131n g\u00fcvenli, s\u0131zd\u0131rmaz ve yeterli s\u0131kl\u0131kta oldu\u011fundan emin olun.<\/li>\n<li><strong>Tork Ayar\u0131:<\/strong>\u00a0 A\u00e7\u0131k tbm tork silindirine \u00f6zg\u00fc kontrolleri \u00f6\u011frenin. Bu kontroller tork \u00e7\u0131k\u0131\u015f\u0131n\u0131 ayarlayarak tbm'nin kaz\u0131 kuvveti \u00fczerinde hassas kontrol sa\u011flar. Tork \u00e7\u0131k\u0131\u015f\u0131n\u0131 zemin ko\u015fullar\u0131na ve kaz\u0131 gereksinimlerine g\u00f6re uyarlay\u0131n.<\/li>\n<li><strong>G\u00fcvenlik \u00d6nlemleri:<\/strong>\u00a0 TBM \u00fcreticisi taraf\u0131ndan sa\u011flanan t\u00fcm g\u00fcvenlik protokollerine ve y\u00f6nergelerine uyun. Operat\u00f6rlerin TBM ve a\u00e7\u0131k TBM tork silindirinin g\u00fcvenli kullan\u0131m\u0131 konusunda e\u011fitildi\u011finden emin olun. G\u00fcvenlik mekanizmalar\u0131n\u0131 d\u00fczenli olarak inceleyin ve d\u00fczg\u00fcn \u00e7al\u0131\u015fmas\u0131n\u0131 sa\u011flamak i\u00e7in \u00f6nerilen \u015fekilde bak\u0131m yap\u0131n.<\/li>\n<\/ul>\n<h2><strong>Trakt\u00f6rde Hidrolik Silindirin Havas\u0131 Nas\u0131l Al\u0131n\u0131r?<\/strong><\/h2>\n<p>Trakt\u00f6rdeki hidrolik silindirin havas\u0131n\u0131 almak, hidrolik sistemin d\u00fczg\u00fcn \u00e7al\u0131\u015fmas\u0131 ve performans\u0131 i\u00e7in \u00f6nemlidir. Hidrolik silindirin havas\u0131n\u0131 alman\u0131za yard\u0131mc\u0131 olacak ad\u0131m ad\u0131m bir k\u0131lavuz:<\/p>\n<ol>\n<li><strong>\u00d6nce G\u00fcvenlik:<\/strong> Ba\u015flamadan \u00f6nce trakt\u00f6r\u00fcn kapal\u0131, motorun so\u011fumu\u015f ve hidrolik sistemin bas\u0131nc\u0131n\u0131n al\u0131nm\u0131\u015f oldu\u011fundan emin olun. Ayr\u0131ca eldiven ve koruyucu g\u00f6zl\u00fck gibi uygun ki\u015fisel koruyucu ekipman (KKD) giyin.<\/li>\n<li><strong>Tahliye Vanas\u0131n\u0131 Bulun:<\/strong> Hidrolik silindirdeki tahliye vanas\u0131n\u0131 bulun. Tahliye vanas\u0131, genellikle silindir g\u00f6vdesinde veya hidrolik ba\u011flant\u0131lar\u0131n yak\u0131n\u0131nda bulunan k\u00fc\u00e7\u00fck bir vida veya vanad\u0131r.<\/li>\n<li><strong>Toplama Kab\u0131n\u0131 Haz\u0131rlay\u0131n:<\/strong> Kanama i\u015flemi s\u0131ras\u0131nda d\u0131\u015far\u0131 \u00e7\u0131kabilecek hidrolik s\u0131v\u0131y\u0131 toplamak i\u00e7in, hava alma valfinin alt\u0131na uygun bir kap yerle\u015ftirin.<\/li>\n<li><strong>A\u00e7\u0131k Hava Tahliye Vanas\u0131:<\/strong> Uygun bir anahtar veya alet kullanarak, tahliye vanas\u0131n\u0131 saat y\u00f6n\u00fcn\u00fcn tersine \u00e7evirerek dikkatlice a\u00e7\u0131n. Bu, havan\u0131n ve s\u0131k\u0131\u015fan s\u0131v\u0131n\u0131n d\u0131\u015far\u0131 \u00e7\u0131kmas\u0131n\u0131 sa\u011flayacakt\u0131r.<\/li>\n<li><strong>Motoru \u00c7al\u0131\u015ft\u0131r\u0131n:<\/strong> Trakt\u00f6r\u00fcn motorunu \u00e7al\u0131\u015ft\u0131r\u0131n ve r\u00f6lantide \u00e7al\u0131\u015ft\u0131r\u0131n. Bu i\u015flem, hidrolik pompay\u0131 harekete ge\u00e7irerek s\u0131v\u0131n\u0131n sisteme akmas\u0131n\u0131 sa\u011flar.<\/li>\n<li><strong>Hidrolik Kontrol\u00fc \u00c7al\u0131\u015ft\u0131r\u0131n:<\/strong> Havas\u0131n\u0131 almak istedi\u011finiz silindiri \u00e7al\u0131\u015ft\u0131ran hidrolik kumanday\u0131 devreye al\u0131n. Kumanday\u0131, istenen eyleme ba\u011fl\u0131 olarak uzatma veya geri \u00e7ekme konumuna getirin. Bu, hidrolik bas\u0131n\u00e7 olu\u015fturmaya ve silindirdeki s\u0131k\u0131\u015fm\u0131\u015f havay\u0131 d\u0131\u015far\u0131 atmaya yard\u0131mc\u0131 olacakt\u0131r.<\/li>\n<li><strong>S\u0131v\u0131 Ak\u0131\u015f\u0131n\u0131 G\u00f6zlemleyin:<\/strong> Tahliye vanas\u0131ndan s\u0131v\u0131 ak\u0131\u015f\u0131n\u0131 izleyin. Ba\u015flang\u0131\u00e7ta hava kabarc\u0131klar\u0131 g\u00f6rebilirsiniz, ancak tahliye i\u015flemi devam ettik\u00e7e s\u0131v\u0131 k\u0131vaml\u0131 hale gelmeli ve havadan ar\u0131nd\u0131r\u0131lmal\u0131d\u0131r. T\u00fcm havan\u0131n d\u0131\u015far\u0131 at\u0131ld\u0131\u011f\u0131ndan emin olmak i\u00e7in s\u0131v\u0131n\u0131n bir s\u00fcre akmas\u0131na izin verin.<\/li>\n<li><strong>Kanama Vanas\u0131n\u0131 Kapat\u0131n:<\/strong> S\u0131v\u0131 hava kabarc\u0131\u011f\u0131 b\u0131rakmadan d\u00fczg\u00fcn bir \u015fekilde akmaya ba\u015flad\u0131\u011f\u0131nda, tahliye vanas\u0131n\u0131 saat y\u00f6n\u00fcnde \u00e7evirerek kapat\u0131n. A\u015f\u0131r\u0131 s\u0131kmamaya dikkat edin.<\/li>\n<li><strong>Hidrolik S\u0131v\u0131 Seviyesini Kontrol Edin:<\/strong> Trakt\u00f6r\u00fcn deposundaki hidrolik s\u0131v\u0131 seviyesini kontrol edin. Gerekirse, uygun seviyeyi korumak i\u00e7in \u00f6nerilen hidrolik s\u0131v\u0131s\u0131n\u0131 ekleyin. Do\u011fru hidrolik s\u0131v\u0131s\u0131 t\u00fcr\u00fc ve \u00f6zellikleri i\u00e7in trakt\u00f6r\u00fcn kullan\u0131m k\u0131lavuzuna bak\u0131n.<\/li>\n<li><strong>Test \u0130\u015flemi:<\/strong> Hidrolik silindirin havas\u0131n\u0131 al\u0131p s\u0131v\u0131 seviyesini kontrol ettikten sonra, havas\u0131n\u0131 ald\u0131\u011f\u0131n\u0131z silindirin kumandas\u0131n\u0131 \u00e7al\u0131\u015ft\u0131rarak trakt\u00f6r\u00fcn hidrolik sistemini test edin. Silindirin performans\u0131n\u0131 g\u00f6zlemleyin. Sorunsuz \u00e7al\u0131\u015fmal\u0131 ve yeterli kuvvet sa\u011flamal\u0131d\u0131r.<\/li>\n<li><strong>Gerekirse tekrarlay\u0131n:<\/strong> Baz\u0131 durumlarda, inat\u00e7\u0131 hava cepleri birden fazla hava alma d\u00f6ng\u00fcs\u00fc gerektirebilir. Sistemde hala hava fark ederseniz veya performans d\u00fc\u015f\u00fckl\u00fc\u011f\u00fc ya\u015farsan\u0131z, hava alma i\u015flemini tekrarlay\u0131n.<\/li>\n<\/ol>\n<h2><strong>Fabrikan\u0131n Kapasitesi ve Kapasitesi:<\/strong><\/h2>\n<h3>(1) Meclis<\/h3>\n<p>Birinci s\u0131n\u0131f ba\u011f\u0131ms\u0131z bir ara\u015ft\u0131rma ve geli\u015ftirme montaj platformumuz bulunmaktad\u0131r. Hidrolik silindir \u00fcretim at\u00f6lyemizde, y\u0131ll\u0131k 1 milyon adet \u00fcretim kapasitesine sahip d\u00f6rt adet yar\u0131 otomatik kald\u0131rma silindiri montaj hatt\u0131 ve bir adet otomatik devirme silindiri montaj hatt\u0131 bulunmaktad\u0131r. \u00d6zel silindir at\u00f6lyemiz, y\u0131ll\u0131k 200.000 adet \u00fcretim kapasitesine sahip \u00e7e\u015fitli \u00f6zelliklerde yar\u0131 otomatik temizleme montaj sistemiyle donat\u0131lm\u0131\u015ft\u0131r. Ayr\u0131ca, \u00fcnl\u00fc CNC i\u015fleme ekipmanlar\u0131, bir i\u015fleme merkezi, y\u00fcksek hassasiyetli silindir i\u015fleme \u00f6zel ekipmanlar\u0131, bir robot kaynak makinesi, bir otomatik temizleme makinesi, otomatik silindir montaj makinesi ve otomatik boyama \u00fcretim hatt\u0131 ile donat\u0131lm\u0131\u015ft\u0131r. 300'den fazla setten olu\u015fan kritik ekipmanlar mevcuttur. Ekipman kaynaklar\u0131n\u0131n optimum da\u011f\u0131l\u0131m\u0131 ve verimli kullan\u0131m\u0131, \u00fcr\u00fcnlerin hassasiyet gereksinimlerini kar\u015f\u0131lar ve \u00fcr\u00fcnlerin y\u00fcksek kalite ihtiya\u00e7lar\u0131n\u0131 kar\u015f\u0131lar.<\/p>\n<p><img loading=\"lazy\" decoding=\"async\" class=\"alignnone wp-image-626\" src=\"https:\/\/hydraulic-cylinders.net\/wp-content\/uploads\/2023\/08\/hydraulic-cylinder-product-1-300x158.webp\" alt=\"\" width=\"495\" height=\"260\" srcset=\"https:\/\/hydraulic-cylinders.net\/wp-content\/uploads\/2023\/08\/hydraulic-cylinder-product-1-300x158.webp 495w, https:\/\/hydraulic-cylinders.net\/wp-content\/uploads\/2023\/08\/hydraulic-cylinder-product-1-480x252.webp 480w\" sizes=\"(min-width: 0px) and (max-width: 480px) 480px, (min-width: 481px) 495px, 100vw\" \/> <img loading=\"lazy\" decoding=\"async\" class=\"alignnone wp-image-627\" src=\"https:\/\/hydraulic-cylinders.net\/wp-content\/uploads\/2023\/08\/hydraulic-cylinder-product-2-300x189.webp\" alt=\"\" width=\"413\" height=\"260\" \/><\/p>\n<h3>(2) \u0130\u015fleme<\/h3>\n<p>\u0130\u015fleme at\u00f6lyesi, maksimum 400 mm i\u00e7 \u00e7apa ve maksimum 6 metre uzunlu\u011fa sahip silindir borular\u0131n\u0131n i\u015flenmesini ger\u00e7ekle\u015ftirebilen \u00f6zel e\u011fimli ray torna merkezi, i\u015fleme merkezi, y\u00fcksek h\u0131zl\u0131 honlama makinesi, kaynak robotu ve di\u011fer ilgili ekipmanlarla donat\u0131lm\u0131\u015ft\u0131r.<\/p>\n<p><img loading=\"lazy\" decoding=\"async\" class=\"alignnone wp-image-628 size-large\" src=\"https:\/\/hydraulic-cylinders.net\/wp-content\/uploads\/2023\/08\/hydraulic-cylinder-product-3-1024x391.webp\" alt=\"\" width=\"1024\" height=\"391\" srcset=\"https:\/\/hydraulic-cylinders.net\/wp-content\/uploads\/2023\/08\/hydraulic-cylinder-product-3-980x374.webp 980w, https:\/\/hydraulic-cylinders.net\/wp-content\/uploads\/2023\/08\/hydraulic-cylinder-product-3-480x183.webp 480w\" sizes=\"(min-width: 0px) and (max-width: 480px) 480px, (min-width: 481px) and (max-width: 980px) 980px, (min-width: 981px) 1024px, 100vw\" \/><\/p>\n<h3>(3) Kaynak<\/h3>\n<p><img loading=\"lazy\" decoding=\"async\" class=\"alignnone wp-image-629 size-large\" src=\"https:\/\/hydraulic-cylinders.net\/wp-content\/uploads\/2023\/08\/hydraulic-cylinder-product-4-1024x510.webp\" alt=\"\" width=\"1024\" height=\"510\" srcset=\"https:\/\/hydraulic-cylinders.net\/wp-content\/uploads\/2023\/08\/hydraulic-cylinder-product-4-980x488.webp 980w, https:\/\/hydraulic-cylinders.net\/wp-content\/uploads\/2023\/08\/hydraulic-cylinder-product-4-480x239.webp 480w\" sizes=\"(min-width: 0px) and (max-width: 480px) 480px, (min-width: 481px) and (max-width: 980px) 980px, (min-width: 981px) 1024px, 100vw\" \/><\/p>\n<h3>(4) Boyama ve kaplama<\/h3>\n<p>K\u00fc\u00e7\u00fck ve orta \u00f6l\u00e7ekli silindirli otomatik su bazl\u0131 boya kaplama hatlar\u0131nda, otomatik robot y\u00fckleme-bo\u015faltma ve otomatik p\u00fcsk\u00fcrtmeyi ger\u00e7ekle\u015ftirmek i\u00e7in, vardiya ba\u015f\u0131na 4000 adet tasar\u0131m kapasitesi;<br \/>\nAyr\u0131ca, vardiya ba\u015f\u0131na 60 kasa kapasiteli, g\u00fc\u00e7 zinciriyle \u00e7al\u0131\u015fan b\u00fcy\u00fck silindirler i\u00e7in yar\u0131 otomatik boya \u00fcretim hatt\u0131m\u0131z da bulunmaktad\u0131r.<\/p>\n<p><img loading=\"lazy\" decoding=\"async\" class=\"alignnone wp-image-630\" src=\"https:\/\/hydraulic-cylinders.net\/wp-content\/uploads\/2023\/08\/hydraulic-cylinder-product-5-300x213.webp\" alt=\"\" width=\"366\" height=\"260\" \/> <img loading=\"lazy\" decoding=\"async\" class=\"alignnone wp-image-631\" src=\"https:\/\/hydraulic-cylinders.net\/wp-content\/uploads\/2023\/08\/hydraulic-cylinder-product-6-300x225.webp\" alt=\"\" width=\"347\" height=\"260\" \/><\/p>\n<h3>(5) Test etme<\/h3>\n<p>Silindirin performans\u0131n\u0131n gereklilikleri kar\u015f\u0131lad\u0131\u011f\u0131ndan emin olmak i\u00e7in birinci s\u0131n\u0131f muayene tesislerimiz ve test yataklar\u0131m\u0131z bulunmaktad\u0131r.<\/p>\n<p><img loading=\"lazy\" decoding=\"async\" class=\"alignnone wp-image-632\" src=\"https:\/\/hydraulic-cylinders.net\/wp-content\/uploads\/2023\/08\/hydraulic-cylinder-product-8-300x200.webp\" alt=\"\" width=\"389\" height=\"260\" \/><\/p>\n<p>&nbsp;<\/p>\n<p>&nbsp;<\/p>\n<p>En iyi hidrolik silindir \u00fcreticilerinden biriyiz. Kapsaml\u0131 hidrolik silindirler sunabiliyoruz. Ayr\u0131ca, ilgili hidrolik silindirleri de sa\u011fl\u0131yoruz. <a href=\"https:\/\/hzpt.com\/agricultural-pto-gearbox\/\" target=\"_blank\" rel=\"noopener\">tar\u0131msal di\u015fli kutular\u0131<\/a>\u00dcr\u00fcnlerimizi d\u00fcnya \u00e7ap\u0131ndaki m\u00fc\u015fterilerimize ihra\u00e7 ettik ve \u00fcst\u00fcn \u00fcr\u00fcn kalitemiz ve sat\u0131\u015f sonras\u0131 hizmetlerimiz sayesinde iyi bir itibar kazand\u0131k. Yurt i\u00e7i ve yurt d\u0131\u015f\u0131ndaki m\u00fc\u015fterilerimizi i\u015f g\u00f6r\u00fc\u015fmeleri yapmak, bilgi al\u0131\u015fveri\u015finde bulunmak ve <a href=\"https:\/\/www.hydraulic-cylinders.net\/tr\/contact-us\/\">bizimle i\u015fbirli\u011fi yap\u0131n<\/a>!<\/p>\n<p>&nbsp;<\/p>","protected":false},"excerpt":{"rendered":"<p>Open TBM Torque Cylinder The open TBM torque cylinder is a cutting-edge hydraulic component designed to deliver exceptional power and precision in tunnel boring operations. This specialized cylinder plays a vital role in providing torque force to the tunnel boring machine (TBM), enabling efficient excavation through various geological formations. In this informative article, we will [&hellip;]<\/p>","protected":false},"featured_media":1902,"comment_status":"open","ping_status":"closed","template":"","meta":{"_et_pb_use_builder":"","_et_pb_old_content":"","_et_gb_content_width":""},"product_brand":[],"product_cat":[1550,1519],"product_tag":[1380],"class_list":{"0":"post-1900","1":"product","2":"type-product","3":"status-publish","4":"has-post-thumbnail","6":"product_cat-double-acting-hydraulic-cylinder","7":"product_cat-shield-machine-hydraulic-cylinders","8":"product_tag-hydraulic-cylinder","10":"first","11":"instock","12":"shipping-taxable","13":"product-type-simple"},"amp_enabled":true,"_links":{"self":[{"href":"https:\/\/www.hydraulic-cylinders.net\/tr\/wp-json\/wp\/v2\/product\/1900","targetHints":{"allow":["GET"]}}],"collection":[{"href":"https:\/\/www.hydraulic-cylinders.net\/tr\/wp-json\/wp\/v2\/product"}],"about":[{"href":"https:\/\/www.hydraulic-cylinders.net\/tr\/wp-json\/wp\/v2\/types\/product"}],"replies":[{"embeddable":true,"href":"https:\/\/www.hydraulic-cylinders.net\/tr\/wp-json\/wp\/v2\/comments?post=1900"}],"wp:featuredmedia":[{"embeddable":true,"href":"https:\/\/www.hydraulic-cylinders.net\/tr\/wp-json\/wp\/v2\/media\/1902"}],"wp:attachment":[{"href":"https:\/\/www.hydraulic-cylinders.net\/tr\/wp-json\/wp\/v2\/media?parent=1900"}],"wp:term":[{"taxonomy":"product_brand","embeddable":true,"href":"https:\/\/www.hydraulic-cylinders.net\/tr\/wp-json\/wp\/v2\/product_brand?post=1900"},{"taxonomy":"product_cat","embeddable":true,"href":"https:\/\/www.hydraulic-cylinders.net\/tr\/wp-json\/wp\/v2\/product_cat?post=1900"},{"taxonomy":"product_tag","embeddable":true,"href":"https:\/\/www.hydraulic-cylinders.net\/tr\/wp-json\/wp\/v2\/product_tag?post=1900"}],"curies":[{"name":"wp","href":"https:\/\/api.w.org\/{rel}","templated":true}]}}