{"id":19000,"date":"2025-04-07T06:06:31","date_gmt":"2025-04-07T06:06:31","guid":{"rendered":"https:\/\/www.hydraulic-cylinders.net\/product\/boom-cylinder-for-doosan-middle-excavator-dh225lc-9\/"},"modified":"2025-04-07T06:06:34","modified_gmt":"2025-04-07T06:06:34","slug":"boom-cylinder-for-doosan-middle-excavator-dh225lc-9","status":"publish","type":"product","link":"https:\/\/www.hydraulic-cylinders.net\/tr\/urun\/boom-cylinder-for-doosan-middle-excavator-dh225lc-9\/","title":{"rendered":"Doosan Orta Ekskavat\u00f6r DH225LC-9 i\u00e7in Bom Silindiri"},"content":{"rendered":"<h1>Doosan Orta Ekskavat\u00f6r DH225LC-9 i\u00e7in Bom Silindiri<\/h1>\n<h2>Bom Silindirini Anlamak<\/h2>\n<p>Bom silindiri, ekskavat\u00f6rler, beko-loderler ve \u00f6n y\u00fckleyiciler gibi a\u011f\u0131r i\u015f makinelerinde kep\u00e7enin hareketini kontrol etmek i\u00e7in \u00f6zel olarak tasarlanm\u0131\u015f \u00f6nemli bir hidrolik bile\u015fendir. Bu hidrolik silindir, kep\u00e7enin kald\u0131r\u0131lmas\u0131n\u0131, indirilmesini ve e\u011filmesini sa\u011flayarak \u00e7e\u015fitli malzeme ta\u015f\u0131ma g\u00f6revlerini kolayla\u015ft\u0131r\u0131r. Bom silindiri, \u00f6z\u00fcnde ekskavat\u00f6rlerin hidrolik sisteminde hayati bir rol oynayarak hassas kontrol sa\u011flar ve operasyonel verimlili\u011fi art\u0131r\u0131r.<\/p>\n<p><img decoding=\"async\" src=\"https:\/\/www.hydraulic-cylinders.net\/wp-content\/uploads\/2025\/04\/songte-company-1.webp\" alt=\"Bom Silindiri G\u00f6r\u00fcnt\u00fcs\u00fc\" \/><\/p>\n<h3>Bom Silindirinin \u00d6zellikleri<\/h3>\n<ul>\n<li><strong>Y\u00fcksek Dayan\u0131kl\u0131l\u0131k ve Dayan\u0131kl\u0131l\u0131k:<\/strong> Y\u00fcksek mukavemetli \u00e7elik veya al\u00fcminyumdan \u00fcretilen bom silindiri, y\u00fcksek bas\u0131nca ve a\u011f\u0131r y\u00fcklere dayanacak \u015fekilde tasarlanm\u0131\u015ft\u0131r ve bu sayede zorlu \u00e7al\u0131\u015fma ko\u015fullar\u0131na uygundur.<\/li>\n<li><strong>Verimli Hidrolik \u00c7al\u0131\u015fma:<\/strong> Bom silindiri, hidrolik ya\u011f bas\u0131nc\u0131n\u0131 kullanarak d\u00fczg\u00fcn uzatma ve geri \u00e7ekme hareketleri sa\u011flar, operat\u00f6r komutlar\u0131na h\u0131zl\u0131 tepki verilmesini ve g\u00fc\u00e7l\u00fc itme ve \u00e7ekme kuvvetlerinin sa\u011flanmas\u0131n\u0131 m\u00fcmk\u00fcn k\u0131lar.<\/li>\n<li><strong>\u00c7e\u015fitli T\u00fcrler:<\/strong> \u00c7e\u015fitli operasyonel ihtiya\u00e7lar\u0131 kar\u015f\u0131lamak i\u00e7in tek etkili (bir y\u00f6nde hidrolik kullanan) veya \u00e7ift etkili (her iki y\u00f6nde hidrolik kullanan) konfig\u00fcrasyonlarda mevcuttur; baz\u0131 modellerde d\u0131\u015f boyutlar\u0131 art\u0131rmadan geni\u015fletilmi\u015f eri\u015fim sa\u011flayan teleskopik tasar\u0131mlar bulunur.<\/li>\n<\/ul>\n<p>Bu \u00fcr\u00fcn\u00fc \u00fcretiyoruz ve \u00fcr\u00fcnlerimiz \u00e7e\u015fitli hidrolik silindirlerin yerini m\u00fckemmel \u015fekilde alabiliyor.<\/p>\n<p><img decoding=\"async\" src=\"https:\/\/www.hydraulic-cylinders.net\/wp-content\/uploads\/2025\/04\/songte-cylinder-head-with-all-kinds-excavator-models.webp\" alt=\"Ekskavat\u00f6r Modelleri\" \/><\/p>\n<h2>Bom Silindirinin Uygulamalar\u0131<\/h2>\n<h3>\u0130n\u015faat Ekipmanlar\u0131<\/h3>\n<p>Ekskavat\u00f6rlerde bom silindirleri, kazma, y\u00fckleme ve toprak veya moloz ta\u015f\u0131ma i\u00e7in vazge\u00e7ilmezdir. Kovan\u0131n zemine etkili bir \u015fekilde n\u00fcfuz etmesini sa\u011flayarak a\u011f\u0131r malzemelerin verimli bir \u015fekilde kaz\u0131lmas\u0131n\u0131 sa\u011flarlar. Beko-loderlerde ise bu silindirler hem kazma hem de kald\u0131rma i\u015flemlerine yard\u0131mc\u0131 olarak \u015fantiyede \u00e7ok y\u00f6nl\u00fcl\u00fc\u011f\u00fc art\u0131r\u0131r.<\/p>\n<h3>Tar\u0131m Makinalar\u0131<\/h3>\n<p>\u00d6n y\u00fckleyicilerde kullan\u0131lan bom silindirleri, toprak, saman ve di\u011fer malzemelerin kep\u00e7elenmesi, kald\u0131r\u0131lmas\u0131 ve ta\u015f\u0131nmas\u0131 i\u00e7in olmazsa olmazd\u0131r. Tasar\u0131mlar\u0131, tar\u0131m \u00fcr\u00fcnlerinin verimli bir \u015fekilde ta\u015f\u0131nmas\u0131n\u0131 sa\u011flayarak \u00e7ift\u00e7ilik faaliyetlerinde \u00fcretkenli\u011fe katk\u0131da bulunur.<\/p>\n<h3>Ekskavat\u00f6rler<\/h3>\n<p>Ekskavat\u00f6rlerdeki bom silindiri, kep\u00e7enin topra\u011fa n\u00fcfuz etmesini sa\u011flayarak kazma i\u015flemini kolayla\u015ft\u0131r\u0131r. Bu i\u015flevsellik, kaz\u0131 i\u015fleri i\u00e7in hayati \u00f6nem ta\u015f\u0131r ve madencilik ve in\u015faat faaliyetlerinde \u00f6nemli bir bile\u015fen haline getirir.<\/p>\n<h3>Y\u00fckleyiciler<\/h3>\n<p>\u00d6n y\u00fckleyicilerde bom silindirleri, malzemelerin etkili bir \u015fekilde kald\u0131r\u0131lmas\u0131na ve bo\u015falt\u0131lmas\u0131na yard\u0131mc\u0131 olur. Sa\u011flam tasar\u0131mlar\u0131, \u00f6nemli y\u00fcklerin ta\u015f\u0131nmas\u0131na olanak tan\u0131r ve malzemelerin farkl\u0131 arazilerde verimli bir \u015fekilde ta\u015f\u0131nmas\u0131n\u0131 sa\u011flar.<\/p>\n<h2>Tasar\u0131m Hususlar\u0131 ve Se\u00e7im Kriterleri<\/h2>\n<h3>Y\u00fck Kapasitesi<\/h3>\n<p>Bom silindirinin y\u00fck kapasitesi kritik bir tasar\u0131m unsurudur. G\u00fcvenlik ve verimlili\u011fi sa\u011flamak i\u00e7in makinenin operasyonel gereksinimleriyle uyumlu olmal\u0131d\u0131r. Yetersiz bir y\u00fck kapasitesi felaketle sonu\u00e7lanabilecek ar\u0131zalara yol a\u00e7abilirken, a\u015f\u0131r\u0131 sa\u011flam bir tasar\u0131m gereksiz maliyetlere neden olabilir.<\/p>\n<h3>S\u0131zd\u0131rmazl\u0131k<\/h3>\n<p>Performans\u0131 olumsuz etkileyebilecek hidrolik s\u0131v\u0131 s\u0131z\u0131nt\u0131s\u0131n\u0131 \u00f6nlemek i\u00e7in etkili s\u0131zd\u0131rmazl\u0131k olmazsa olmazd\u0131r. Poli\u00fcretan ve nitril kau\u00e7uk gibi dayan\u0131kl\u0131 malzemelerden \u00fcretilen piston ve piston kolu contalar\u0131 gibi y\u00fcksek kaliteli contalar, uzun \u00f6m\u00fcr ve verimlilik sa\u011flamak i\u00e7in hayati \u00f6nem ta\u015f\u0131r.<\/p>\n<h3>Dayan\u0131kl\u0131l\u0131k<\/h3>\n<p>Bom silindirleri zorlu ko\u015fullara maruz kald\u0131klar\u0131ndan, tasar\u0131mlar\u0131nda dayan\u0131kl\u0131l\u0131k \u00e7ok \u00f6nemlidir. Kullan\u0131lan malzemeler a\u015f\u0131nma ve korozyona dayan\u0131kl\u0131 olmal\u0131, b\u00f6ylece silindirin \u00f6mr\u00fc uzar ve bak\u0131m maliyetleri azal\u0131r.<\/p>\n<h3>Emniyet<\/h3>\n<p>Operat\u00f6rleri ve makineleri korumak i\u00e7in bom silindirlerinin tasar\u0131m\u0131na g\u00fcvenlik \u00f6zellikleri entegre edilmelidir. Bunlar aras\u0131nda, \u00e7al\u0131\u015fma s\u0131ras\u0131nda dengeyi sa\u011flamak i\u00e7in bas\u0131n\u00e7 tahliye valfleri ve sa\u011flam montaj sistemleri yer al\u0131r.<\/p>\n<h3>Bak\u0131m<\/h3>\n<p>Bom silindirlerinin tasar\u0131m\u0131nda bak\u0131m kolayl\u0131\u011f\u0131 \u00f6nemli bir fakt\u00f6rd\u00fcr. Ar\u0131za s\u00fcresini en aza indirmek ve \u00fcretkenli\u011fi art\u0131rmak i\u00e7in bile\u015fenlerin muayene, ya\u011flama ve de\u011fi\u015ftirme i\u00e7in kolayca eri\u015filebilir olmas\u0131 gerekir.<\/p>\n<p><img decoding=\"async\" src=\"https:\/\/www.hydraulic-cylinders.net\/wp-content\/uploads\/2025\/04\/songte-oil-pipes-and-spare-parts.webp\" alt=\"Hidrolik Par\u00e7alar\" \/><\/p>\n<h2>S\u0131zd\u0131rmazl\u0131k ve Ya\u011flama<\/h2>\n<p>Bom silindirlerinde, hidrolik s\u0131v\u0131 kayb\u0131n\u0131 \u00f6nlemek i\u00e7in kritik \u00f6neme sahip piston contalar\u0131 ve piston kolu contalar\u0131 da dahil olmak \u00fczere \u00e7e\u015fitli contalar kullan\u0131l\u0131r. Poli\u00fcretan ve nitril kau\u00e7uk gibi a\u015f\u0131nmaya dayan\u0131kl\u0131 malzemelerden \u00fcretilen contalar, zorlu ko\u015fullar i\u00e7in gereken dayan\u0131kl\u0131l\u0131\u011f\u0131 sa\u011flar. Ayr\u0131ca, silindir g\u00f6vdesi ve di\u015fli u\u00e7 y\u00fczeyleri, a\u015f\u0131nma direncini art\u0131rmak i\u00e7in hassas bir \u015fekilde i\u015flenmi\u015ftir. Hareketli par\u00e7alardaki s\u00fcrt\u00fcnme ve a\u015f\u0131nmay\u0131 en aza indirdi\u011fi i\u00e7in, optimum performans\u0131 korumak i\u00e7in hidrolik ya\u011f ile d\u00fczenli ya\u011flama gereklidir.<\/p>\n<h2>\u00d6nleyici Bak\u0131m \u00d6nlemleri<\/h2>\n<ul>\n<li><strong>D\u00fczenli Muayene:<\/strong> Bom silindirinde a\u015f\u0131nma, s\u0131z\u0131nt\u0131 veya hasar belirtileri olup olmad\u0131\u011f\u0131n\u0131 rutin olarak kontrol edin. Bu proaktif yakla\u015f\u0131m, sorunlar\u0131n ciddi sorunlara d\u00f6n\u00fc\u015fmeden \u00f6nce tespit edilmesine yard\u0131mc\u0131 olabilir.<\/li>\n<li><strong>Uygun Ya\u011flama:<\/strong> Sorunsuz \u00e7al\u0131\u015fmay\u0131 sa\u011flamak i\u00e7in hidrolik ya\u011f\u0131n yeterli miktarda dolduruldu\u011fundan ve ya\u011flaman\u0131n \u00fcreticinin \u00f6nerileri do\u011frultusunda yap\u0131ld\u0131\u011f\u0131ndan emin olun.<\/li>\n<li><strong>Conta De\u011fi\u015fimi:<\/strong> S\u0131v\u0131 s\u0131z\u0131nt\u0131s\u0131n\u0131 \u00f6nlemek ve performans\u0131 korumak i\u00e7in contalar\u0131 d\u00fczenli olarak a\u015f\u0131nma a\u00e7\u0131s\u0131ndan kontrol edin ve gerekti\u011finde de\u011fi\u015ftirin.<\/li>\n<\/ul>\n<h2>Kurulum Talimatlar\u0131<\/h2>\n<p>Bom silindirinin optimum performans\u0131 i\u00e7in do\u011fru montaj hayati \u00f6nem ta\u015f\u0131r. \u00c7al\u0131\u015fma s\u0131ras\u0131nda hizalama hatalar\u0131n\u0131 \u00f6nlemek i\u00e7in silindirin montaj noktalar\u0131yla do\u011fru \u015fekilde hizaland\u0131\u011f\u0131ndan emin olun. Silindiri yerinde sabitlemek ve stabilite sa\u011flamak i\u00e7in uygun montaj braketlerini kullan\u0131n. Ba\u015far\u0131l\u0131 bir montaj i\u00e7in tork ayarlar\u0131 ve montaj prosed\u00fcrleri konusunda \u00fcreticinin talimatlar\u0131n\u0131 izleyin. Tutarl\u0131 performans\u0131 korumak ve erken a\u015f\u0131nmay\u0131 \u00f6nlemek i\u00e7in montajdan sonra hizalamay\u0131 d\u00fczenli olarak kontrol edin.<\/p>\n<h2>Yayg\u0131n Bak\u0131m G\u00f6revleri<\/h2>\n<ul>\n<li><strong>D\u00fczenli Denetimler:<\/strong> Silindir bile\u015fenlerinde a\u015f\u0131nma veya hasar belirtileri olup olmad\u0131\u011f\u0131n\u0131n d\u00fczenli olarak kontrol edilmesi hayati \u00f6nem ta\u015f\u0131r. Sorunlar\u0131n erken tespiti, maliyetli onar\u0131mlar\u0131 ve aksama s\u00fcrelerini \u00f6nleyebilir.<\/li>\n<li><strong>Uygun Ya\u011flama:<\/strong> Hidrolik ya\u011f seviyelerinin yeterli olmas\u0131 ve d\u00fczenli ya\u011flama yap\u0131lmas\u0131, bom silindirinin uzun \u00f6m\u00fcrl\u00fc olmas\u0131 i\u00e7in \u00e7ok \u00f6nemlidir. Yeterli ya\u011flama, kritik bile\u015fenlerdeki s\u00fcrt\u00fcnme ve a\u015f\u0131nmay\u0131 en aza indirir.<\/li>\n<li><strong>Conta De\u011fi\u015fimi:<\/strong> Sistem performans\u0131n\u0131 tehlikeye atabilecek hidrolik s\u0131v\u0131 s\u0131z\u0131nt\u0131s\u0131n\u0131 \u00f6nlemek i\u00e7in contalar\u0131n b\u00fct\u00fcnl\u00fc\u011f\u00fcn\u00fc d\u00fczenli olarak kontrol etmek ve gerekti\u011finde de\u011fi\u015ftirmek hayati \u00f6nem ta\u015f\u0131r.<\/li>\n<\/ul>\n<p><img decoding=\"async\" src=\"https:\/\/www.hydraulic-cylinders.net\/wp-content\/uploads\/2025\/04\/songte-chushion-collar.webp\" alt=\"Yast\u0131k Yaka\" \/><\/p>\n<h2>G\u00fcvenlik ve \u00c7evresel Hususlar<\/h2>\n<p>Bom silindirleri kullan\u0131l\u0131rken, operat\u00f6rleri ve \u00e7evreyi korumak i\u00e7in g\u00fcvenlik \u00f6nlemlerinin uygulanmas\u0131 \u00e7ok \u00f6nemlidir. Bu \u00f6nlemler, \u00e7al\u0131\u015fma s\u0131ras\u0131nda uygun g\u00fcvenlik protokollerine uymay\u0131, t\u00fcm bile\u015fenlerin iyi \u00e7al\u0131\u015f\u0131r durumda olmas\u0131n\u0131 sa\u011flamay\u0131 ve d\u00fczenli g\u00fcvenlik denetimleri yapmay\u0131 i\u00e7erir. \u00c7evresel a\u00e7\u0131dan, hidrolik s\u0131v\u0131lar\u0131n ve a\u015f\u0131nm\u0131\u015f bile\u015fenlerin uygun \u015fekilde bertaraf edilmesi, kirlenmeyi \u00f6nlemek ve \u00e7evre y\u00f6netmeliklerine uymak i\u00e7in hayati \u00f6nem ta\u015f\u0131r.<\/p>\n<h2>Ar\u0131za Te\u015fhisi ve Yayg\u0131n Sorunlar<\/h2>\n<ul>\n<li><strong>Hidrolik S\u0131v\u0131 S\u0131z\u0131nt\u0131lar\u0131:<\/strong> En s\u0131k kar\u015f\u0131la\u015f\u0131lan sorunlardan biri olan s\u0131z\u0131nt\u0131lar, a\u015f\u0131nm\u0131\u015f contalardan veya hasarl\u0131 hortumlardan kaynaklanabilir. D\u00fczenli kontrol, sorunlar\u0131n h\u0131zl\u0131 bir \u015fekilde tespit edilip d\u00fczeltilmesine yard\u0131mc\u0131 olabilir.<\/li>\n<li><strong>Zay\u0131f Performans:<\/strong> Bom silindiri yeterli tepki vermiyorsa, bu durum hidrolik sistemde d\u00fc\u015f\u00fck s\u0131v\u0131 seviyesi veya hatlarda hava gibi sorunlara i\u015faret ediyor olabilir.<\/li>\n<li><strong>Beklenmeyen G\u00fcr\u00fclt\u00fc:<\/strong> \u00c7al\u0131\u015fma s\u0131ras\u0131nda duyulan ola\u011fand\u0131\u015f\u0131 sesler, hizalama bozuklu\u011fu veya i\u00e7 hasar gibi mekanik sorunlar\u0131n habercisi olabilir.<\/li>\n<\/ul>\n<h2>Sorun Giderme \u0130pu\u00e7lar\u0131<\/h2>\n<p>Bom silindirindeki sorunlar\u0131 etkili bir \u015fekilde te\u015fhis edip \u00e7\u00f6zmek i\u00e7in, \u00f6ncelikle hidrolik s\u0131v\u0131 seviyelerini kontrol edin ve s\u0131z\u0131nt\u0131lar\u0131 inceleyin. Daha fazla hasar\u0131 \u00f6nlemek i\u00e7in conta sorunlar\u0131n\u0131 derhal giderin. Ya\u011flama ve muayene gibi d\u00fczenli bak\u0131m uygulamalar\u0131, olas\u0131 sorun riskini \u00f6nemli \u00f6l\u00e7\u00fcde azalt\u0131r. \u00d6nleyici tedbirlerin uygulanmas\u0131 ve bak\u0131m programlar\u0131na uyulmas\u0131, bom silindirinin \u00f6mr\u00fcn\u00fc uzatacak ve operasyonel verimlili\u011fi art\u0131racakt\u0131r.<\/p>\n<p><img decoding=\"async\" src=\"https:\/\/www.hydraulic-cylinders.net\/wp-content\/uploads\/2025\/04\/songte-bushings-with-all-kinds-of-excavator-models.webp\" alt=\"Ekskavat\u00f6r Modelleri i\u00e7in Bur\u00e7lar\" \/><\/p>\n<h2>\u015eirketimiz Hakk\u0131nda<\/h2>\n<p>Yurt i\u00e7i ve yurt d\u0131\u015f\u0131 pazarlara y\u00f6nelik kapsaml\u0131 bir \u00fcr\u00fcn yelpazesine sahip, alternatif hidrolik silindirlerin lider \u00fcreticisi ve toptanc\u0131s\u0131y\u0131z. M\u00fckemmelli\u011fe olan ba\u011fl\u0131l\u0131\u011f\u0131m\u0131z, s\u0131k\u0131 kalite standartlar\u0131na ba\u011fl\u0131 \u00fcretim s\u00fcre\u00e7lerimizde a\u00e7\u0131k\u00e7a g\u00f6r\u00fclmektedir. \u00dcretim kapasitemizi art\u0131rmak i\u00e7in geli\u015fmi\u015f \u00fcretim stratejileri, yetenekli teknik personel ve ileri teknoloji dijital ekipmanlardan yararlan\u0131yoruz. Kalite ve hassasiyete odaklanmam\u0131z, \u00e7e\u015fitli m\u00fc\u015fteri ihtiya\u00e7lar\u0131n\u0131 etkili bir \u015fekilde kar\u015f\u0131lamam\u0131z\u0131 sa\u011fl\u0131yor.<\/p>\n<h3>Profesyonellik<\/h3>\n<p>Ekibimiz, her \u00fcr\u00fcn\u00fcn uluslararas\u0131 kalite standartlar\u0131na uygun olmas\u0131n\u0131 sa\u011flamaya kendini adam\u0131\u015f, y\u00fcksek vas\u0131fl\u0131 profesyonellerden olu\u015fmaktad\u0131r.<\/p>\n<h3>Uluslararas\u0131 Sertifikasyon<\/h3>\n<p>\u00dcr\u00fcnlerimizin k\u00fcresel pazarlardaki kalitesini ve g\u00fcvenilirli\u011fini teyit eden \u00e7e\u015fitli uluslararas\u0131 sertifikalara sahibiz.<\/p>\n<h3>\u00d6zel \u00c7\u00f6z\u00fcmler<\/h3>\n<p>M\u00fc\u015fterilerimizin \u00f6zel gereksinimlerini kar\u015f\u0131lamak i\u00e7in \u00f6zel \u00e7\u00f6z\u00fcmler sunuyoruz ve \u00fcr\u00fcnlerimizin uygulamalar\u0131na m\u00fckemmel \u015fekilde uymas\u0131n\u0131 sa\u011fl\u0131yoruz.<\/p>\n<h3>Geli\u015fmi\u015f \u00dcretim Ekipmanlar\u0131<\/h3>\n<p>Son teknoloji \u00fcretim ekipmanlar\u0131m\u0131z, y\u00fcksek kaliteli hidrolik silindirleri hassasiyet ve verimlilikle \u00fcretmemizi sa\u011fl\u0131yor.<\/p>\n<h3>Sat\u0131\u015f Sonras\u0131 Hizmetler<\/h3>\n<p>M\u00fc\u015fterilerimizin bak\u0131m ve sorun giderme konusunda ihtiya\u00e7 duyduklar\u0131 yard\u0131m\u0131 almalar\u0131n\u0131 sa\u011flayarak ola\u011fan\u00fcst\u00fc sat\u0131\u015f sonras\u0131 destek sunuyoruz.<\/p>\n<p><img decoding=\"async\" src=\"https:\/\/www.hydraulic-cylinders.net\/wp-content\/uploads\/2025\/04\/songte-company-4.webp\" alt=\"\u015eirket G\u00f6rseli 1\" \/><br \/>\n<img decoding=\"async\" src=\"https:\/\/www.hydraulic-cylinders.net\/wp-content\/uploads\/2025\/04\/songte-company-3.webp\" alt=\"\u015eirket G\u00f6rseli 2\" \/><\/p>\n<p>Yazar: lyl<\/p>","protected":false},"excerpt":{"rendered":"<p>Boom Cylinder For Doosan Middle Excavator DH225LC-9 Understanding the Boom Cylinder The boom cylinder is a crucial hydraulic component specifically designed for controlling the movement of the bucket on heavy machinery such as excavators, backhoe loaders, and front loaders. This hydraulic cylinder allows for the lifting, lowering, and tilting of the bucket, facilitating various material [&hellip;]<\/p>","protected":false},"featured_media":17867,"comment_status":"open","ping_status":"closed","template":"","meta":{"_et_pb_use_builder":"","_et_pb_old_content":"","_et_gb_content_width":""},"product_brand":[],"product_cat":[1546],"product_tag":[1547,1496],"class_list":{"0":"post-19000","1":"product","2":"type-product","3":"status-publish","4":"has-post-thumbnail","6":"product_cat-boom-cylinders","7":"product_tag-boom-cylinders","8":"product_tag-hydraulic-cylinders","10":"first","11":"instock","12":"shipping-taxable","13":"product-type-simple"},"amp_enabled":true,"_links":{"self":[{"href":"https:\/\/www.hydraulic-cylinders.net\/tr\/wp-json\/wp\/v2\/product\/19000","targetHints":{"allow":["GET"]}}],"collection":[{"href":"https:\/\/www.hydraulic-cylinders.net\/tr\/wp-json\/wp\/v2\/product"}],"about":[{"href":"https:\/\/www.hydraulic-cylinders.net\/tr\/wp-json\/wp\/v2\/types\/product"}],"replies":[{"embeddable":true,"href":"https:\/\/www.hydraulic-cylinders.net\/tr\/wp-json\/wp\/v2\/comments?post=19000"}],"wp:featuredmedia":[{"embeddable":true,"href":"https:\/\/www.hydraulic-cylinders.net\/tr\/wp-json\/wp\/v2\/media\/17867"}],"wp:attachment":[{"href":"https:\/\/www.hydraulic-cylinders.net\/tr\/wp-json\/wp\/v2\/media?parent=19000"}],"wp:term":[{"taxonomy":"product_brand","embeddable":true,"href":"https:\/\/www.hydraulic-cylinders.net\/tr\/wp-json\/wp\/v2\/product_brand?post=19000"},{"taxonomy":"product_cat","embeddable":true,"href":"https:\/\/www.hydraulic-cylinders.net\/tr\/wp-json\/wp\/v2\/product_cat?post=19000"},{"taxonomy":"product_tag","embeddable":true,"href":"https:\/\/www.hydraulic-cylinders.net\/tr\/wp-json\/wp\/v2\/product_tag?post=19000"}],"curies":[{"name":"wp","href":"https:\/\/api.w.org\/{rel}","templated":true}]}}