{"id":19003,"date":"2025-04-07T06:06:39","date_gmt":"2025-04-07T06:06:39","guid":{"rendered":"https:\/\/www.hydraulic-cylinders.net\/product\/boom-cylinder-for-doosan-large-excavator-dh290\/"},"modified":"2025-04-07T06:06:41","modified_gmt":"2025-04-07T06:06:41","slug":"boom-cylinder-for-doosan-large-excavator-dh290","status":"publish","type":"product","link":"https:\/\/www.hydraulic-cylinders.net\/tr\/urun\/boom-cylinder-for-doosan-large-excavator-dh290\/","title":{"rendered":"Doosan B\u00fcy\u00fck Ekskavat\u00f6r DH290 i\u00e7in Bom Silindiri"},"content":{"rendered":"<h1>Doosan B\u00fcy\u00fck Ekskavat\u00f6r DH290 i\u00e7in Bom Silindiri<\/h1>\n<h2>Bom Silindirine Giri\u015f<\/h2>\n<p>Bom Silindiri, Doosan DH290 gibi b\u00fcy\u00fck ekskavat\u00f6rler i\u00e7in \u00f6zel olarak tasarlanm\u0131\u015f kritik bir hidrolik bile\u015fendir. Bu hidrolik silindir, bomun hareketini kontrol etmede \u00f6nemli bir rol oynar ve ekskavat\u00f6r\u00fcn kolunun hassas bir \u015fekilde kald\u0131r\u0131lmas\u0131n\u0131, indirilmesini ve e\u011filmesini sa\u011flar. Bom silindirinin i\u015flevselli\u011fi, \u00e7e\u015fitli malzeme ta\u015f\u0131ma g\u00f6revleri i\u00e7in hayati \u00f6nem ta\u015f\u0131r ve in\u015faat, madencilik ve di\u011fer a\u011f\u0131r hizmet uygulamalar\u0131nda verimli \u00e7al\u0131\u015fma sa\u011flar.<\/p>\n<p><img decoding=\"async\" src=\"https:\/\/www.hydraulic-cylinders.net\/wp-content\/uploads\/2025\/04\/songte-company-1.webp\" alt=\"Bom Silindiri G\u00f6r\u00fcnt\u00fcs\u00fc\" \/><\/p>\n<h3>Kova Silindirini Anlamak<\/h3>\n<p>Kova silindirleri, ekskavat\u00f6rler, beko-loderler ve \u00f6n y\u00fckleyiciler gibi a\u011f\u0131r makinelerde kovan\u0131n hareketini kontrol eden \u00f6zel hidrolik silindirlerdir. Kovan\u0131n kald\u0131rma, indirme ve yat\u0131rma i\u015flemlerini sa\u011flayarak malzeme ta\u015f\u0131ma g\u00f6revlerini kolayla\u015ft\u0131r\u0131rlar. Bu silindirler, y\u00fcksek bas\u0131nca ve a\u011f\u0131r y\u00fcklere dayanacak \u015fekilde tasarlanm\u0131\u015ft\u0131r ve bu da onlar\u0131 \u00e7e\u015fitli \u00e7al\u0131\u015fma ortamlar\u0131nda verimli \u00e7al\u0131\u015fma i\u00e7in vazge\u00e7ilmez k\u0131lar.<\/p>\n<h2>Bom Silindirinin \u00d6zellikleri<\/h2>\n<ul>\n<li><strong>Y\u00fcksek Dayan\u0131kl\u0131l\u0131k ve Dayan\u0131kl\u0131l\u0131k:<\/strong> Y\u00fcksek mukavemetli \u00e7elik veya al\u00fcminyumdan \u00fcretilen bom silindiri, y\u00fcksek bas\u0131nca ve a\u011f\u0131r y\u00fcklere dayanabilir ve zorlu \u00e7al\u0131\u015fma ko\u015fullar\u0131na uygundur. Tasar\u0131m\u0131nda a\u015f\u0131nma ve korozyon direnci g\u00f6z \u00f6n\u00fcnde bulundurularak kullan\u0131m \u00f6mr\u00fc uzat\u0131lm\u0131\u015ft\u0131r.<\/li>\n<li><strong>Verimli Hidrolik \u00c7al\u0131\u015fma:<\/strong> Hidrolik s\u0131v\u0131 bas\u0131nc\u0131n\u0131 kullanan bom silindiri, sorunsuz uzatma ve geri \u00e7ekme sa\u011flar. Operat\u00f6r komutlar\u0131na h\u0131zl\u0131 tepki vererek, a\u011f\u0131r ve karma\u015f\u0131k g\u00f6revlerin \u00fcstesinden gelmek i\u00e7in g\u00fc\u00e7l\u00fc itme ve \u00e7ekme kuvvetleri sa\u011flar.<\/li>\n<li><strong>T\u00fcr \u00c7e\u015fitlili\u011fi:<\/strong> \u00c7e\u015fitli operasyonel ihtiya\u00e7lar\u0131 kar\u015f\u0131lamak i\u00e7in tek etkili (tek y\u00f6nde hidrolik kullanan) veya \u00e7ift etkili (her iki y\u00f6nde hidrolik kullanan) konfig\u00fcrasyonlarda mevcuttur. Baz\u0131 modeller teleskopiktir ve d\u0131\u015f boyutlar\u0131 art\u0131rmadan daha fazla uzatma sa\u011flar; bu da alan k\u0131s\u0131tlamas\u0131 olan uygulamalar i\u00e7in idealdir.<\/li>\n<li><strong>\u00d6zelle\u015ftirilebilir \u00c7\u00f6z\u00fcmler:<\/strong> \u00dcretim kapasitemiz, mevcut hidrolik silindirlerin yerini m\u00fckemmel \u015fekilde alabilecek bom silindirleri \u00fcretmemize olanak tan\u0131yor ve \u00e7e\u015fitli ekipmanlar i\u00e7in \u00f6zel \u00e7\u00f6z\u00fcmler sunuyor.<\/li>\n<li><strong>\u0130leri Teknoloji:<\/strong> Hidrolik tasar\u0131mda en son teknolojiyi b\u00fcnyesinde bar\u0131nd\u0131ran bom silindirlerimiz, performans\u0131 ve g\u00fcvenilirli\u011fi art\u0131rarak operasyonlarda optimum verimlili\u011fi garanti alt\u0131na al\u0131r.<\/li>\n<\/ul>\n<p><img decoding=\"async\" src=\"https:\/\/www.hydraulic-cylinders.net\/wp-content\/uploads\/2025\/04\/songte-cylinder-head-with-all-kinds-excavator-models.webp\" alt=\"Ekskavat\u00f6r Model Uyumlulu\u011fu\" \/><\/p>\n<h2>Bom Silindirinin Uygulamalar\u0131<\/h2>\n<h3>\u0130n\u015faat Ekipmanlar\u0131<\/h3>\n<p>Ekskavat\u00f6rlerde bom silindirleri, kazma, y\u00fckleme ve toprak veya moloz ta\u015f\u0131ma i\u00e7in hayati \u00f6nem ta\u015f\u0131r. Ekskavat\u00f6r\u00fcn g\u00f6revleri verimli bir \u015fekilde yerine getirmesini sa\u011flayarak \u015fantiyelerde \u00fcretkenli\u011fi art\u0131r\u0131r. Beko-loderlerde ise bom silindiri hem kazma hem de kald\u0131rma i\u015flemlerine yard\u0131mc\u0131 olarak \u00e7e\u015fitli in\u015faat i\u015fleri i\u00e7in vazge\u00e7ilmezdir.<\/p>\n<h3>Tar\u0131m Makinalar\u0131<\/h3>\n<p>\u00d6n y\u00fckleyicilerde kullan\u0131lan bom silindirleri, toprak, saman ve di\u011fer malzemelerin kep\u00e7elenmesine, kald\u0131r\u0131lmas\u0131na ve ta\u015f\u0131nmas\u0131na yard\u0131mc\u0131 olur. Sa\u011flam tasar\u0131mlar\u0131, zorlu tar\u0131msal i\u015flerin \u00fcstesinden gelmelerini sa\u011flayarak \u00e7ift\u00e7ilik faaliyetlerinde verimlili\u011fi art\u0131r\u0131r.<\/p>\n<h3>Ekskavat\u00f6rler<\/h3>\n<p>Ekskavat\u00f6rlerde, kova silindirleri kovan\u0131n topra\u011fa n\u00fcfuz etmesini sa\u011flayarak etkili kaz\u0131 i\u015flemlerini kolayla\u015ft\u0131r\u0131r. Tasar\u0131mlar\u0131 maksimum kuvvet uygulamas\u0131na olanak tan\u0131r ve bu da onlar\u0131 a\u011f\u0131r kaz\u0131 i\u015fleri i\u00e7in ideal k\u0131lar.<\/p>\n<h3>Y\u00fckleyiciler<\/h3>\n<p>\u00d6n y\u00fckleyicilerde bom silindirleri, malzemelerin etkili bir \u015fekilde kald\u0131r\u0131lmas\u0131na ve bo\u015falt\u0131lmas\u0131na katk\u0131da bulunur. Sa\u011flaml\u0131klar\u0131 ve g\u00fcvenilirlikleri, operasyonlar\u0131n sorunsuz bir \u015fekilde y\u00fcr\u00fct\u00fclmesini sa\u011flayarak duru\u015f s\u00fcrelerini azalt\u0131r ve genel operasyonel verimlili\u011fi art\u0131r\u0131r.<\/p>\n<h2>Tasar\u0131m Hususlar\u0131 ve Se\u00e7im Kriterleri<\/h2>\n<h3>Y\u00fck Kapasitesi<\/h3>\n<p>Bir bom silindiri se\u00e7erken, y\u00fck kapasitesini anlamak son derece \u00f6nemlidir. Silindir, \u00e7al\u0131\u015fma s\u0131ras\u0131nda kar\u015f\u0131la\u015faca\u011f\u0131 maksimum a\u011f\u0131rl\u0131\u011f\u0131 kald\u0131rabilmelidir. Bu, g\u00f6revlerin yerine getirilmesinde g\u00fcvenlik ve verimlilik sa\u011flar. Uygun y\u00fck kapasitesi ayr\u0131ca erken a\u015f\u0131nma ve ar\u0131zay\u0131 \u00f6nleyerek silindirin \u00f6mr\u00fcn\u00fc uzat\u0131r.<\/p>\n<h3>S\u0131zd\u0131rmazl\u0131k Mekanizmalar\u0131<\/h3>\n<p>Hidrolik s\u0131v\u0131 s\u0131z\u0131nt\u0131lar\u0131n\u0131 \u00f6nlemek ve sistem i\u00e7indeki bas\u0131nc\u0131 korumak i\u00e7in etkili s\u0131zd\u0131rmazl\u0131k \u00e7ok \u00f6nemlidir. Poli\u00fcretan ve nitril kau\u00e7uk gibi dayan\u0131kl\u0131 malzemelerden yap\u0131lm\u0131\u015f y\u00fcksek kaliteli contalar olmazsa olmazd\u0131r. Contalar, zorlu \u00e7al\u0131\u015fma ko\u015fullar\u0131na dayanacak \u015fekilde tasarlanmal\u0131, g\u00fcvenilir performans sa\u011flamal\u0131 ve bak\u0131m maliyetlerini en aza indirmelidir.<\/p>\n<h3>Dayan\u0131kl\u0131l\u0131k ve Diren\u00e7<\/h3>\n<p>Dayan\u0131kl\u0131l\u0131k, bom silindirlerinin tasar\u0131m\u0131nda \u00f6nemli bir fakt\u00f6rd\u00fcr. Zorlu ortamlarda \u00e7al\u0131\u015ft\u0131klar\u0131 i\u00e7in a\u015f\u0131nma ve korozyona dayan\u0131kl\u0131 olmal\u0131d\u0131rlar. \u0130n\u015faatta kullan\u0131lan malzemeler m\u00fckemmel yorulma direncine sahip olmal\u0131 ve bozulmadan tekrarlanan strese dayanabilmelidir.<\/p>\n<h3>G\u00fcvenlik \u00d6zellikleri<\/h3>\n<p>Bom silindirlerinin tasar\u0131m\u0131na g\u00fcvenlik \u00f6zelliklerinin dahil edilmesi, operat\u00f6rlerin ve ekipman\u0131n korunmas\u0131n\u0131 sa\u011flar. Bas\u0131n\u00e7 tahliye valfleri ve a\u015f\u0131r\u0131 y\u00fck koruma mekanizmalar\u0131 gibi \u00f6zellikler, \u00e7al\u0131\u015fma s\u0131ras\u0131nda g\u00fcvenli\u011fi art\u0131r\u0131r. \u00dcreticiler, kazalar\u0131 ve ekipman hasar\u0131n\u0131 \u00f6nleyen silindirler tasarlamaya \u00f6ncelik vermelidir.<\/p>\n<h3>Bak\u0131m ve Servis Kolayl\u0131\u011f\u0131<\/h3>\n<p>Bom silindirlerinin kolay bak\u0131m i\u00e7in tasarlanmas\u0131, uzun \u00f6m\u00fcr ve performans sa\u011flamak a\u00e7\u0131s\u0131ndan \u00f6nemlidir. Eri\u015filebilir ya\u011flama noktalar\u0131, de\u011fi\u015ftirilebilir contalar ve kolay s\u00f6kme gibi \u00f6zellikler, duru\u015f s\u00fcrelerinin azalt\u0131lmas\u0131na ve bak\u0131m maliyetlerinin d\u00fc\u015f\u00fcr\u00fclmesine katk\u0131da bulunur. H\u0131zl\u0131 kontrol ve onar\u0131mlara olanak tan\u0131yan tasar\u0131m se\u00e7enekleri, d\u00fczenli bak\u0131m\u0131 kolayla\u015ft\u0131rmal\u0131d\u0131r.<\/p>\n<p><img decoding=\"async\" src=\"https:\/\/www.hydraulic-cylinders.net\/wp-content\/uploads\/2025\/04\/songte-oil-pipes-and-spare-parts.webp\" alt=\"Hidrolik Bile\u015fenler\" \/><\/p>\n<h2>Hidrolik Silindirlerde S\u0131zd\u0131rmazl\u0131k ve Ya\u011flama<\/h2>\n<p>Bom silindirlerinin optimum \u00e7al\u0131\u015fmas\u0131 i\u00e7in etkili s\u0131zd\u0131rmazl\u0131k ve ya\u011flama hayati \u00f6nem ta\u015f\u0131r. Piston contalar\u0131 ve piston kolu contalar\u0131 dahil olmak \u00fczere \u00e7e\u015fitli s\u0131zd\u0131rmazl\u0131k elemanlar\u0131, silindir i\u00e7indeki hava ge\u00e7irmez b\u00f6lmeleri sa\u011flamak i\u00e7in kullan\u0131l\u0131r. Poli\u00fcretan ve nitril kau\u00e7uk gibi a\u015f\u0131nmaya dayan\u0131kl\u0131 malzemelerden yap\u0131lm\u0131\u015f y\u00fcksek kaliteli contalar, s\u0131z\u0131nt\u0131lar\u0131 \u00f6nlemek ve hidrolik bas\u0131nc\u0131 korumak i\u00e7in olmazsa olmazd\u0131r.<\/p>\n<p>Silindir g\u00f6vdesinin y\u00fczeyleri ve di\u015fli u\u00e7lar\u0131, a\u015f\u0131nma direncini art\u0131rmak i\u00e7in hassas bir \u015fekilde i\u015flenir. S\u00fcrt\u00fcnmeyi ve \u0131s\u0131 olu\u015fumunu azaltarak silindirin \u00f6mr\u00fcn\u00fc uzatmak i\u00e7in hidrolik ya\u011f ile d\u00fczenli ya\u011flama gereklidir. Operat\u00f6rler, sorunsuz \u00e7al\u0131\u015fmay\u0131 sa\u011flamak i\u00e7in do\u011fru tip ve miktarda hidrolik ya\u011f\u0131n kullan\u0131ld\u0131\u011f\u0131ndan emin olmal\u0131d\u0131r.<\/p>\n<h2>D\u00fczenli Muayene ve \u00d6nleyici Bak\u0131m \u00d6nlemleri<\/h2>\n<ul>\n<li><strong>G\u00f6rsel Muayeneler:<\/strong> A\u015f\u0131nma, s\u0131z\u0131nt\u0131 veya hasar belirtilerine y\u00f6nelik d\u00fczenli g\u00f6rsel kontroller, olas\u0131 sorunlar\u0131n b\u00fcy\u00fcmeden \u00f6nce tespit edilmesine yard\u0131mc\u0131 olabilir. Operat\u00f6rler, contalar\u0131, ba\u011flant\u0131 par\u00e7alar\u0131n\u0131 ve hortumlar\u0131 a\u015f\u0131nma veya bozulma a\u00e7\u0131s\u0131ndan incelemelidir.<\/li>\n<li><strong>Hidrolik S\u0131v\u0131 Seviyeleri:<\/strong> Hidrolik s\u0131v\u0131 seviyelerinin korunmas\u0131 kritik \u00f6neme sahiptir. D\u00fc\u015f\u00fck s\u0131v\u0131 seviyeleri yetersiz ya\u011flamaya ve a\u015f\u0131r\u0131 \u0131s\u0131nmaya neden olarak silindir ar\u0131zalar\u0131na yol a\u00e7abilir. Operat\u00f6rler, s\u0131v\u0131lar\u0131 d\u00fczenli olarak kontrol etmeli ve gerekti\u011finde yenilemelidir.<\/li>\n<li><strong>Conta De\u011fi\u015fimi:<\/strong> Contalar, periyodik olarak de\u011fi\u015ftirilmesi gereken a\u015f\u0131nan par\u00e7alard\u0131r. Contalar\u0131n durumunun izlenmesi ve gerekti\u011finde de\u011fi\u015ftirilmesi, s\u0131z\u0131nt\u0131lar\u0131 \u00f6nleyecek ve silindir performans\u0131n\u0131 koruyacakt\u0131r.<\/li>\n<\/ul>\n<h2>Bom Silindirleri i\u00e7in Kurulum K\u0131lavuzu<\/h2>\n<p>Bir bom silindirinin montaj\u0131, optimum performans sa\u011flamak i\u00e7in dikkatli bir planlama ve uygulama gerektirir. \u00d6ncelikle, montaj y\u00fczeyinin temiz ve d\u00fcz oldu\u011fundan ve silindir i\u00e7in sa\u011flam bir temel olu\u015fturdu\u011fundan emin olun. Silindiri montaj braketleriyle hizalay\u0131n ve erken a\u015f\u0131nmaya yol a\u00e7abilecek herhangi bir hizalama hatas\u0131 olmad\u0131\u011f\u0131ndan emin olun.<\/p>\n<p>Silindiri yerinde sabitlemek i\u00e7in uygun montaj donan\u0131mlar\u0131n\u0131 ve tekniklerini kullan\u0131n. Silindiri s\u0131k\u0131ca tutmak i\u00e7in uygun montaj braketleri kullanman\u0131z \u00f6nerilir. Silindir tak\u0131ld\u0131ktan sonra, herhangi bir engel olmadan sorunsuz bir \u015fekilde \u00e7al\u0131\u015ft\u0131\u011f\u0131n\u0131 do\u011frulamak i\u00e7in kapsaml\u0131 bir hizalama kontrol\u00fc yap\u0131n.<\/p>\n<p>Kurulumdan sonra, s\u0131z\u0131nt\u0131 olmad\u0131\u011f\u0131ndan ve silindirin d\u00fczg\u00fcn \u00e7al\u0131\u015ft\u0131\u011f\u0131ndan emin olmak i\u00e7in bir bas\u0131n\u00e7 testi yap\u0131n. Performans\u0131n s\u00fcreklili\u011fini sa\u011flamak i\u00e7in, kurulumdan sonra ba\u011flant\u0131lar\u0131 ve silindirin \u00e7al\u0131\u015fmas\u0131n\u0131 d\u00fczenli olarak kontrol edin.<\/p>\n<h2>Yayg\u0131n Bak\u0131m G\u00f6revleri<\/h2>\n<ul>\n<li><strong>D\u00fczenli Denetimler:<\/strong> Olas\u0131 sorunlar\u0131 erken tespit etmek i\u00e7in periyodik kontroller yapmak \u00e7ok \u00f6nemlidir. D\u00fczenli kontroller, a\u015f\u0131nma veya hasar belirtilerinin tespit edilmesine yard\u0131mc\u0131 olarak zaman\u0131nda onar\u0131m yap\u0131lmas\u0131n\u0131 sa\u011flar.<\/li>\n<li><strong>Uygun Ya\u011flama:<\/strong> Bom silindirinin yeterli \u015fekilde ya\u011flanmas\u0131, s\u00fcrt\u00fcnme ve a\u015f\u0131nmay\u0131 azaltmak i\u00e7in hayati \u00f6nem ta\u015f\u0131r. Do\u011fru tipte hidrolik ya\u011f\u0131 d\u00fczenli olarak eklemek, performans\u0131 ve kullan\u0131m \u00f6mr\u00fcn\u00fc art\u0131racakt\u0131r.<\/li>\n<li><strong>Conta De\u011fi\u015fimi:<\/strong> Hidrolik bas\u0131nc\u0131 korumak ve s\u0131z\u0131nt\u0131lar\u0131 \u00f6nlemek i\u00e7in a\u015f\u0131nm\u0131\u015f contalar\u0131n d\u00fczenli olarak izlenmesi ve de\u011fi\u015ftirilmesi \u00e7ok \u00f6nemlidir. D\u00fczg\u00fcn \u00e7al\u0131\u015fan contalar, hidrolik sistemin verimlili\u011fi a\u00e7\u0131s\u0131ndan kritik \u00f6neme sahiptir.<\/li>\n<\/ul>\n<h2>G\u00fcvenlik Hususlar\u0131 ve \u00c7evresel Fakt\u00f6rler<\/h2>\n<p>Hidrolik silindirler kullan\u0131l\u0131rken g\u00fcvenlik \u00f6nlemleri son derece \u00f6nemlidir. Operat\u00f6rler, bas\u0131n\u00e7l\u0131 s\u0131v\u0131 ve olas\u0131 mekanik ar\u0131zalar da dahil olmak \u00fczere hidrolik sistemlerle ili\u015fkili potansiyel tehlikelerin fark\u0131nda olmal\u0131d\u0131r. Koruyucu ekipman giymek ve d\u00fczenli g\u00fcvenlik kontrolleri yapmak gibi g\u00fcvenlik protokollerinin uygulanmas\u0131, kaza ve yaralanmalar\u0131 \u00f6nlemek i\u00e7in hayati \u00f6nem ta\u015f\u0131r.<\/p>\n<h2>Ar\u0131za Te\u015fhisi ve Yayg\u0131n Sorunlar<\/h2>\n<ul>\n<li><strong>S\u0131z\u0131nt\u0131:<\/strong> Contalardan s\u0131z\u0131nt\u0131, a\u015f\u0131nma veya hasar belirtisi olabilir. D\u00fczenli kontroller ve zaman\u0131nda conta de\u011fi\u015fimi bu sorunu hafifletebilir.<\/li>\n<li><strong>D\u00fc\u015f\u00fck Performans:<\/strong> Silindirin \u00e7al\u0131\u015fma verimlili\u011findeki bir d\u00fc\u015f\u00fc\u015f, d\u00fc\u015f\u00fck hidrolik s\u0131v\u0131 seviyelerine veya i\u00e7 a\u015f\u0131nmaya i\u015faret edebilir. D\u00fczenli bak\u0131m ve izleme, bu sorunlar\u0131n giderilmesine yard\u0131mc\u0131 olabilir.<\/li>\n<li><strong>Al\u0131\u015f\u0131lmad\u0131k Sesler:<\/strong> \u00c7al\u0131\u015fma s\u0131ras\u0131nda duyulan garip sesler, mekanik bir ar\u0131zan\u0131n veya yetersiz ya\u011flaman\u0131n i\u015fareti olabilir. Kapsaml\u0131 kontroller yapmak, bu sorunlar\u0131n tespit edilip d\u00fczeltilmesine yard\u0131mc\u0131 olabilir.<\/li>\n<\/ul>\n<h2>Sorun Giderme \u0130pu\u00e7lar\u0131<\/h2>\n<p>Bom silindirindeki sorunlar\u0131 etkili bir \u015fekilde te\u015fhis etmek ve \u00e7\u00f6zmek i\u00e7in operat\u00f6rler sistematik bir yakla\u015f\u0131m izlemelidir. \u00d6ncelikle belirtileri belirleyip olas\u0131 nedenlere kadar takip edin. S\u0131z\u0131nt\u0131 durumunda, contalar\u0131 ve ba\u011flant\u0131lar\u0131 hasar a\u00e7\u0131s\u0131ndan kontrol edin. Performans d\u00fc\u015f\u00fckse, s\u0131v\u0131 seviyelerini ve hidrolik sistemi t\u0131kan\u0131kl\u0131k veya s\u0131z\u0131nt\u0131 a\u00e7\u0131s\u0131ndan inceleyin.<\/p>\n<p>D\u00fczenli bak\u0131m ve zaman\u0131nda onar\u0131m gibi \u00f6nleyici tedbirler, yayg\u0131n sorunlar\u0131n riskini \u00f6nemli \u00f6l\u00e7\u00fcde azaltabilir. Operat\u00f6rlere do\u011fru kullan\u0131m konusunda kapsaml\u0131 e\u011fitim verilmesi de sorunlar\u0131 en aza indirmeye ve bom silindirinin \u00f6mr\u00fcn\u00fc uzatmaya yard\u0131mc\u0131 olabilir.<\/p>\n<p><img decoding=\"async\" src=\"https:\/\/www.hydraulic-cylinders.net\/wp-content\/uploads\/2025\/04\/songte-bushings-with-all-kinds-of-excavator-models.webp\" alt=\"Ekskavat\u00f6r Bur\u00e7lar\u0131\" \/><\/p>\n<h2>\u015eirketimiz Hakk\u0131nda<\/h2>\n<p>\u00c7e\u015fitli uygulamalar i\u00e7in y\u00fcksek kaliteli yedek par\u00e7alar \u00fcretme konusunda uzmanla\u015fm\u0131\u015f, lider bir hidrolik silindir \u00fcreticisiyiz. Geni\u015f \u00fcr\u00fcn yelpazemizle, hem yurt i\u00e7i hem de yurt d\u0131\u015f\u0131 pazarlarda \u00f6nemli bir oyuncu olarak kendimizi kan\u0131tlad\u0131k. M\u00fckemmelli\u011fe olan ba\u011fl\u0131l\u0131\u011f\u0131m\u0131z, titiz \u00fcretim s\u00fcre\u00e7lerimiz ve uluslararas\u0131 standartlara ba\u011fl\u0131l\u0131\u011f\u0131m\u0131zla kan\u0131tlanmaktad\u0131r.<\/p>\n<p>\u015eirketimiz, geli\u015fmi\u015f \u00fcretim teknikleri ve son teknoloji ekipmanlar kullanarak kaliteye \u00f6nem vermektedir. \u00dcr\u00fcn kalitesini art\u0131rmak i\u00e7in \u00fcretim s\u00fcre\u00e7lerimizi iyile\u015ftirmeye kendini adam\u0131\u015f yetenekli profesyoneller istihdam ediyoruz. Yeteneklerimiz, m\u00fc\u015fterilerimizin \u00e7e\u015fitli ihtiya\u00e7lar\u0131n\u0131 kar\u015f\u0131lamak \u00fczere \u00f6zelle\u015ftirilmi\u015f \u00e7\u00f6z\u00fcmler sunmam\u0131z\u0131 da kapsamaktad\u0131r.<\/p>\n<p><img decoding=\"async\" src=\"https:\/\/www.hydraulic-cylinders.net\/wp-content\/uploads\/2025\/04\/songte-company-4.webp\" alt=\"\u015eirket \u00dcretimi\" \/><br \/>\n<img decoding=\"async\" src=\"https:\/\/www.hydraulic-cylinders.net\/wp-content\/uploads\/2025\/04\/songte-company-3.webp\" alt=\"\u015eirket Tesisi\" \/><\/p>\n<p>\u00dcr\u00fcn ve hizmetlerimiz hakk\u0131nda daha fazla bilgi i\u00e7in l\u00fctfen bizimle ileti\u015fime ge\u00e7in. Ola\u011fan\u00fcst\u00fc m\u00fc\u015fteri hizmeti ve deste\u011fi sunmaya ve t\u00fcm hidrolik silindir ihtiya\u00e7lar\u0131n\u0131z\u0131n verimli bir \u015fekilde kar\u015f\u0131lanmas\u0131n\u0131 sa\u011flamaya kendimizi adad\u0131k.<\/p>\n<p>Yazar: lyl<\/p>","protected":false},"excerpt":{"rendered":"<p>Boom Cylinder For Doosan Large Excavator DH290 Introduction to the Boom Cylinder The Boom Cylinder is a critical hydraulic component designed specifically for large excavators such as the Doosan DH290. This hydraulic cylinder plays an essential role in controlling the movement of the boom, allowing for precise lifting, lowering, and tilting of the excavator&#8217;s arm. [&hellip;]<\/p>","protected":false},"featured_media":17870,"comment_status":"open","ping_status":"closed","template":"","meta":{"_et_pb_use_builder":"","_et_pb_old_content":"","_et_gb_content_width":""},"product_brand":[],"product_cat":[1546],"product_tag":[1547,1496],"class_list":{"0":"post-19003","1":"product","2":"type-product","3":"status-publish","4":"has-post-thumbnail","6":"product_cat-boom-cylinders","7":"product_tag-boom-cylinders","8":"product_tag-hydraulic-cylinders","10":"first","11":"instock","12":"shipping-taxable","13":"product-type-simple"},"amp_enabled":true,"_links":{"self":[{"href":"https:\/\/www.hydraulic-cylinders.net\/tr\/wp-json\/wp\/v2\/product\/19003","targetHints":{"allow":["GET"]}}],"collection":[{"href":"https:\/\/www.hydraulic-cylinders.net\/tr\/wp-json\/wp\/v2\/product"}],"about":[{"href":"https:\/\/www.hydraulic-cylinders.net\/tr\/wp-json\/wp\/v2\/types\/product"}],"replies":[{"embeddable":true,"href":"https:\/\/www.hydraulic-cylinders.net\/tr\/wp-json\/wp\/v2\/comments?post=19003"}],"wp:featuredmedia":[{"embeddable":true,"href":"https:\/\/www.hydraulic-cylinders.net\/tr\/wp-json\/wp\/v2\/media\/17870"}],"wp:attachment":[{"href":"https:\/\/www.hydraulic-cylinders.net\/tr\/wp-json\/wp\/v2\/media?parent=19003"}],"wp:term":[{"taxonomy":"product_brand","embeddable":true,"href":"https:\/\/www.hydraulic-cylinders.net\/tr\/wp-json\/wp\/v2\/product_brand?post=19003"},{"taxonomy":"product_cat","embeddable":true,"href":"https:\/\/www.hydraulic-cylinders.net\/tr\/wp-json\/wp\/v2\/product_cat?post=19003"},{"taxonomy":"product_tag","embeddable":true,"href":"https:\/\/www.hydraulic-cylinders.net\/tr\/wp-json\/wp\/v2\/product_tag?post=19003"}],"curies":[{"name":"wp","href":"https:\/\/api.w.org\/{rel}","templated":true}]}}