{"id":19005,"date":"2025-04-07T06:06:44","date_gmt":"2025-04-07T06:06:44","guid":{"rendered":"https:\/\/www.hydraulic-cylinders.net\/product\/boom-cylinder-for-doosan-large-excavator-dh370\/"},"modified":"2025-04-07T06:06:46","modified_gmt":"2025-04-07T06:06:46","slug":"boom-cylinder-for-doosan-large-excavator-dh370","status":"publish","type":"product","link":"https:\/\/www.hydraulic-cylinders.net\/tr\/urun\/boom-cylinder-for-doosan-large-excavator-dh370\/","title":{"rendered":"Doosan DH370 B\u00fcy\u00fck Ekskavat\u00f6r \u0130\u00e7in Bom Silindiri"},"content":{"rendered":"<h1>Doosan DH370 B\u00fcy\u00fck Ekskavat\u00f6r \u0130\u00e7in Bom Silindiri<\/h1>\n<h2>\u00dcr\u00fcn Genel Bak\u0131\u015f\u0131<\/h2>\n<p>Doosan DH370 B\u00fcy\u00fck Ekskavat\u00f6r i\u00e7in Bom Silindiri, a\u011f\u0131r makinelerin etkili \u00e7al\u0131\u015fmas\u0131 i\u00e7in tasarlanm\u0131\u015f kritik bir bile\u015fendir. Bu hidrolik silindir, ekskavat\u00f6rler, kaz\u0131c\u0131 y\u00fckleyiciler ve \u00f6n y\u00fckleyiciler de dahil olmak \u00fczere \u00e7e\u015fitli a\u011f\u0131r ekipmanlardaki kep\u00e7elerin hareketini kontrol etmek i\u00e7in \u00f6zel olarak tasarlanm\u0131\u015ft\u0131r. Bom silindiri, kep\u00e7enin kald\u0131r\u0131lmas\u0131n\u0131, indirilmesini ve e\u011filmesini sa\u011flayarak verimli malzeme ta\u015f\u0131ma i\u015flemlerini kolayla\u015ft\u0131r\u0131r. Bu silindirler, bas\u0131n\u00e7l\u0131 s\u0131v\u0131n\u0131n hareket olu\u015fturmak i\u00e7in kullan\u0131ld\u0131\u011f\u0131 hidrolik sistemlerde \u00e7ok \u00f6nemli bir rol oynar ve a\u011f\u0131r y\u00fcklerin hassas ve kolay bir \u015fekilde ta\u015f\u0131nmas\u0131n\u0131 sa\u011flar.<\/p>\n<p><img decoding=\"async\" src=\"https:\/\/www.hydraulic-cylinders.net\/wp-content\/uploads\/2025\/04\/songte-company-1.webp\" alt=\"Doosan DH370 Ekskavat\u00f6r i\u00e7in Bom Silindiri\"><\/p>\n<h3>Kova Silindirlerinin \u00d6nemi<\/h3>\n<p>Kep\u00e7e silindirleri, a\u011f\u0131r makinelerdeki kep\u00e7elerin hareketini kontrol etmek i\u00e7in \u00f6zel olarak tasarlanm\u0131\u015f hidrolik silindirlerdir. Verimli kaz\u0131 ve y\u00fckleme i\u015flemlerini m\u00fcmk\u00fcn k\u0131lmak i\u00e7in vazge\u00e7ilmezdirler. Ekskavat\u00f6rlere veya y\u00fckleyicilere tak\u0131ld\u0131\u011f\u0131nda, bu silindirler hidrolik bas\u0131nc\u0131 mekanik kuvvete d\u00f6n\u00fc\u015ft\u00fcrerek operat\u00f6rlerin kazma, kald\u0131rma ve malzeme bo\u015faltma gibi g\u00f6revleri etkili bir \u015fekilde ger\u00e7ekle\u015ftirmelerini sa\u011flar. Bom silindirlerinin sundu\u011fu hassasiyet ve g\u00fc\u00e7, onlar\u0131 \u00e7e\u015fitli end\u00fcstriyel uygulamalarda vazge\u00e7ilmez k\u0131lar ve hidrolik sistemlere sorunsuz entegrasyon sa\u011flar.<\/p>\n<h2>Temel \u00d6zellikler<\/h2>\n<ul>\n<li><strong>Y\u00fcksek Dayan\u0131kl\u0131l\u0131k ve Dayan\u0131kl\u0131l\u0131k:<\/strong> Y\u00fcksek mukavemetli \u00e7elik veya al\u00fcminyumdan \u00fcretilen bu silindirler, y\u00fcksek bas\u0131nca ve a\u011f\u0131r y\u00fcklere dayanabilir, bu da onlar\u0131 zorlu \u00e7al\u0131\u015fma ortamlar\u0131 i\u00e7in uygun hale getirir. Tasar\u0131mlar\u0131 a\u015f\u0131nma direnci ve korozyon korumas\u0131n\u0131 dikkate alarak kullan\u0131m \u00f6mr\u00fcn\u00fc uzat\u0131r.<\/li>\n<li><strong>Verimli Hidrolik \u00c7al\u0131\u015fma:<\/strong> Hidrolik ya\u011f bas\u0131nc\u0131n\u0131 kullanan bu silindirler, sorunsuz uzatma ve geri \u00e7ekme hareketleri sa\u011flar. Operat\u00f6r komutlar\u0131na h\u0131zl\u0131 yan\u0131t vererek, a\u011f\u0131r ve karma\u015f\u0131k i\u015flerin \u00fcstesinden gelmek i\u00e7in ideal olan g\u00fc\u00e7l\u00fc itme ve \u00e7ekme kuvvetleri sunarlar.<\/li>\n<li><strong>\u00c7e\u015fitli T\u00fcrler:<\/strong> Tek y\u00f6nl\u00fc (tek y\u00f6nde \u00e7al\u0131\u015fan) veya \u00e7ift y\u00f6nl\u00fc (iki y\u00f6nde \u00e7al\u0131\u015fan) modelleri bulunan bu silindirler, \u00e7e\u015fitli \u00e7al\u0131\u015fma ihtiya\u00e7lar\u0131na cevap verir. Baz\u0131 modeller teleskopiktir ve d\u0131\u015f boyutlar\u0131 art\u0131rmadan daha fazla uzatmaya olanak tan\u0131r; bu da alan k\u0131s\u0131tlamal\u0131 uygulamalar i\u00e7in idealdir.<\/li>\n<li><strong>\u00d6zelle\u015ftirilebilir \u00c7\u00f6z\u00fcmler:<\/strong> \u00dcr\u00fcnlerimiz, mevcut hidrolik silindirlerin yerini m\u00fckemmel bir \u015fekilde alarak uyumluluk ve i\u015flevsellik sa\u011flar.<\/li>\n<\/ul>\n<p><img decoding=\"async\" src=\"https:\/\/www.hydraulic-cylinders.net\/wp-content\/uploads\/2025\/04\/songte-cylinder-head-with-all-kinds-excavator-models.webp\" alt=\"Bom Silindirli Ekskavat\u00f6r Modelleri\"><\/p>\n<h2>Uygulamalar<\/h2>\n<h3>\u0130n\u015faat Ekipmanlar\u0131<\/h3>\n<p>Ekskavat\u00f6rlerde, bom silindirleri kazma, y\u00fckleme ve toprak veya moloz ta\u015f\u0131ma i\u015flemlerinde kritik \u00f6neme sahiptir. Sert y\u00fczeylere n\u00fcfuz etmek i\u00e7in gerekli g\u00fcc\u00fc sa\u011flayarak verimli kaz\u0131 i\u015flerine olanak tan\u0131rlar. Kaz\u0131c\u0131 y\u00fckleyicilerde ise kova silindiri hem kazma hem de kald\u0131rma i\u015flemlerine yard\u0131mc\u0131 olarak in\u015faat sahalar\u0131 i\u00e7in vazge\u00e7ilmez bir bile\u015fen haline gelir.<\/p>\n<h3>Tar\u0131m Makinalar\u0131<\/h3>\n<p>\u00d6n y\u00fckleyicilerde, bom silindirleri toprak, saman ve di\u011fer malzemeleri kep\u00e7elemek, kald\u0131rmak ve ta\u015f\u0131mak i\u00e7in kullan\u0131l\u0131r. \u00c7ok y\u00f6nl\u00fcl\u00fckleri, \u00e7ift\u00e7ilerin tarla i\u015flerinden \u00e7iftlik i\u00e7inde mal ta\u015f\u0131maya kadar \u00e7e\u015fitli g\u00f6revleri verimli bir \u015fekilde yerine getirmelerini sa\u011flar. Hidrolik \u00e7al\u0131\u015fma, a\u011f\u0131r y\u00fcklerin nispeten kolayl\u0131kla y\u00f6netilmesini sa\u011flar.<\/p>\n<h3>Ekskavat\u00f6rler<\/h3>\n<p>Bom silindiri, kep\u00e7enin zemine etkili bir \u015fekilde n\u00fcfuz etmesini sa\u011flayarak ekskavat\u00f6rlerin kazma i\u015flemlerini ger\u00e7ekle\u015ftirmesine olanak tan\u0131r. Bu \u00f6zellik, temel, hendek ve peyzaj d\u00fczenlemeleri i\u00e7in hassas kaz\u0131 gerektiren \u00e7e\u015fitli in\u015faat ve peyzaj projeleri i\u00e7in hayati \u00f6nem ta\u015f\u0131r.<\/p>\n<h3>Y\u00fckleyiciler<\/h3>\n<p>\u00d6n y\u00fckleyicilerde, bom silindirleri y\u00fcklerin verimli bir \u015fekilde kald\u0131r\u0131lmas\u0131n\u0131 ve bo\u015falt\u0131lmas\u0131n\u0131 kolayla\u015ft\u0131r\u0131r. Hidrolik g\u00fc\u00e7leri, malzeme ta\u015f\u0131ma s\u0131ras\u0131nda sorunsuz \u00e7al\u0131\u015fma sa\u011flayarak, kamyon y\u00fckleme ve toprak ta\u015f\u0131ma gibi i\u015flerin h\u0131zl\u0131 ve g\u00fcvenli bir \u015fekilde yap\u0131lmas\u0131n\u0131 garanti eder.<\/p>\n<h2>Tasar\u0131m Hususlar\u0131 ve Se\u00e7im Kriterleri<\/h2>\n<h3>Y\u00fck Kapasitesi<\/h3>\n<p>Bom silindiri se\u00e7erken, en \u00f6nemli hususlardan biri y\u00fck ta\u015f\u0131ma kapasitesidir. Silindir, \u00e7al\u0131\u015fma s\u0131ras\u0131nda kar\u015f\u0131la\u015faca\u011f\u0131 maksimum a\u011f\u0131rl\u0131\u011f\u0131 kald\u0131rabilecek kapasitede olmal\u0131d\u0131r. Malzeme ve yap\u0131 kalitesi bu kapasiteyi \u00f6nemli \u00f6l\u00e7\u00fcde etkiler ve daha y\u00fcksek y\u00fck ta\u015f\u0131ma kapasitesi, yo\u011fun \u00e7al\u0131\u015fma ko\u015fullar\u0131nda g\u00fcvenlik ve g\u00fcvenilirlik sa\u011flar.<\/p>\n<h3>M\u00fch\u00fcr B\u00fct\u00fcnl\u00fc\u011f\u00fc<\/h3>\n<p>S\u0131zd\u0131rmazl\u0131k elemanlar\u0131n\u0131n b\u00fct\u00fcnl\u00fc\u011f\u00fc, silindir i\u00e7indeki hidrolik bas\u0131nc\u0131n korunmas\u0131 i\u00e7in \u00e7ok \u00f6nemlidir. Y\u00fcksek kaliteli contalar, performans kayb\u0131na ve hidrolik sistemde potansiyel hasara yol a\u00e7abilecek s\u0131v\u0131 s\u0131z\u0131nt\u0131s\u0131n\u0131 \u00f6nler. Poli\u00fcretan veya nitril kau\u00e7uk gibi dayan\u0131kl\u0131 malzemelerden yap\u0131lm\u0131\u015f contalar\u0131n se\u00e7ilmesi, kullan\u0131m \u00f6mr\u00fcn\u00fc uzat\u0131r ve bak\u0131m ihtiyac\u0131n\u0131 en aza indirir.<\/p>\n<h3>Dayan\u0131kl\u0131l\u0131k<\/h3>\n<p>Bom silindirlerinin tasar\u0131m\u0131nda dayan\u0131kl\u0131l\u0131k \u00e7ok \u00f6nemli bir fakt\u00f6rd\u00fcr. Y\u00fcksek bas\u0131n\u00e7l\u0131 ortamlar ve toz, kir ve neme maruz kalma gibi a\u015f\u0131r\u0131 ko\u015fullara maruz kal\u0131rlar. Koruyucu kaplamalara sahip sa\u011flam bir tasar\u0131m, silindirin \u00f6mr\u00fcn\u00fc \u00f6nemli \u00f6l\u00e7\u00fcde uzatarak zaman i\u00e7inde daha uygun maliyetli hale getirebilir.<\/p>\n<h3>G\u00fcvenlik \u00d6zellikleri<\/h3>\n<p>Hidrolik silindirlerin tasar\u0131m\u0131na g\u00fcvenlik \u00f6zelliklerinin dahil edilmesi son derece \u00f6nemlidir. Bu, a\u015f\u0131r\u0131 bas\u0131n\u00e7lanmay\u0131 \u00f6nleyen bas\u0131n\u00e7 tahliye vanalar\u0131n\u0131 ve silindirin beklenmedik y\u00fcklere felaketle sonu\u00e7lanmayacak \u015fekilde dayanabilmesini sa\u011flayan ar\u0131za emniyetli tasar\u0131mlar\u0131 i\u00e7erir. G\u00fcvenlik \u00f6zellikleri hem operat\u00f6r\u00fc hem de makineyi korur.<\/p>\n<h3>Bak\u0131m Eri\u015filebilirli\u011fi<\/h3>\n<p>Bak\u0131m eri\u015filebilirli\u011fini g\u00f6z \u00f6n\u00fcnde bulunduran tasar\u0131m, d\u00fczenli kontrollerin ve onar\u0131mlar\u0131n uzun s\u00fcreli ar\u0131za s\u00fcrelerine yol a\u00e7madan ger\u00e7ekle\u015ftirilebilmesi i\u00e7in \u00e7ok \u00f6nemlidir. \u00c7\u0131kar\u0131labilir kapaklar ve stratejik olarak yerle\u015ftirilmi\u015f gres ba\u011flant\u0131 noktalar\u0131 gibi \u00f6zellikler, bak\u0131m i\u015flemlerini basitle\u015ftirebilir ve hidrolik sistemin \u00e7al\u0131\u015fma \u00f6mr\u00fcn\u00fc uzatabilir.<\/p>\n<p><img decoding=\"async\" src=\"https:\/\/www.hydraulic-cylinders.net\/wp-content\/uploads\/2025\/04\/songte-oil-pipes-and-spare-parts.webp\" alt=\"Hidrolik Par\u00e7alar ve Aksesuarlar\"><\/p>\n<h2>S\u0131zd\u0131rmazl\u0131k ve Ya\u011flama<\/h2>\n<p>Hidrolik silindirlerin performans\u0131 i\u00e7in etkili s\u0131zd\u0131rmazl\u0131k ve ya\u011flama hayati \u00f6nem ta\u015f\u0131r. Piston contalar\u0131 ve mil contalar\u0131 gibi \u00e7e\u015fitli s\u0131zd\u0131rmazl\u0131k bile\u015fenlerinin kullan\u0131m\u0131, hidrolik b\u00fct\u00fcnl\u00fc\u011f\u00fcn korunmas\u0131 i\u00e7in gereklidir. Poli\u00fcretan veya nitril kau\u00e7uk gibi a\u015f\u0131nmaya dayan\u0131kl\u0131 malzemelerden yap\u0131lm\u0131\u015f contalar\u0131n se\u00e7ilmesi dayan\u0131kl\u0131l\u0131\u011f\u0131 art\u0131r\u0131r ve s\u0131z\u0131nt\u0131lar\u0131 \u00f6nler. Silindir g\u00f6vdesi ve di\u015fli u\u00e7 y\u00fczeyleri, a\u015f\u0131nma direncini art\u0131rmak i\u00e7in hassas bir \u015fekilde i\u015flenir. Ayr\u0131ca, d\u00fczg\u00fcn \u00e7al\u0131\u015fma sa\u011flamak ve hareketli par\u00e7alar aras\u0131ndaki s\u00fcrt\u00fcnmeyi azaltmak i\u00e7in hidrolik ya\u011f ile d\u00fczenli ya\u011flama gereklidir.<\/p>\n<h2>\u00d6nleyici Bak\u0131m \u00d6nlemleri<\/h2>\n<ul>\n<li><strong>D\u00fczenli Denetimler:<\/strong> Hidrolik silindirlerde a\u015f\u0131nma, s\u0131z\u0131nt\u0131 veya hasar belirtileri olup olmad\u0131\u011f\u0131n\u0131 belirlemek i\u00e7in kapsaml\u0131 incelemeler yap\u0131n. Erken tespit, b\u00fcy\u00fck sorunlar\u0131n \u00f6nlenmesine ve ekipman\u0131n \u00f6mr\u00fcn\u00fcn uzat\u0131lmas\u0131na yard\u0131mc\u0131 olabilir.<\/li>\n<li><strong>Uygun Ya\u011flama:<\/strong> Silindirlerin d\u00fczg\u00fcn \u00e7al\u0131\u015fmas\u0131n\u0131 sa\u011flamak ve par\u00e7alardaki a\u015f\u0131nmay\u0131 azaltmak i\u00e7in, silindirlerin d\u00fczenli olarak do\u011fru tip ve miktarda hidrolik ya\u011f ile ya\u011flanmas\u0131n\u0131 sa\u011flay\u0131n.<\/li>\n<li><strong>Conta De\u011fi\u015fimi:<\/strong> S\u0131zd\u0131rmazl\u0131\u011f\u0131 sa\u011flamak ve hidrolik s\u0131v\u0131 s\u0131z\u0131nt\u0131lar\u0131n\u0131 \u00f6nlemek i\u00e7in contalar\u0131n durumunu d\u00fczenli olarak kontrol edin ve gerekti\u011finde de\u011fi\u015ftirin.<\/li>\n<\/ul>\n<h2>Uygun Kurulum Y\u00f6nergeleri<\/h2>\n<p>Bom silindiri takarken, optimum performans sa\u011flamak i\u00e7in do\u011fru y\u00f6nergeleri izlemek \u00e7ok \u00f6nemlidir. \u00d6ncelikle silindiri montaj noktalar\u0131yla do\u011fru \u015fekilde hizalay\u0131n. Silindiri yerinde sabitlemek ve yanl\u0131\u015f hizalamaya yol a\u00e7abilecek herhangi bir hareketi \u00f6nlemek i\u00e7in uygun montaj braketleri kullan\u0131n. Hidrolik hatlar\u0131n g\u00fcvenli bir \u015fekilde ba\u011fland\u0131\u011f\u0131ndan ve b\u00fck\u00fclme veya hasar olmad\u0131\u011f\u0131ndan emin olun. Kurulumdan sonra, tam olarak \u00e7al\u0131\u015ft\u0131rmadan \u00f6nce silindirin sorunsuz ve s\u0131z\u0131nt\u0131s\u0131z \u00e7al\u0131\u015ft\u0131\u011f\u0131n\u0131 do\u011frulamak i\u00e7in d\u00fc\u015f\u00fck y\u00fck alt\u0131nda test edin. T\u00fcm bile\u015fenlerin g\u00fcvenli bir \u015fekilde ba\u011fl\u0131 kald\u0131\u011f\u0131ndan ve do\u011fru \u015fekilde \u00e7al\u0131\u015ft\u0131\u011f\u0131ndan emin olmak i\u00e7in kurulumu d\u00fczenli olarak g\u00f6zden ge\u00e7irin.<\/p>\n<h2>Yayg\u0131n Bak\u0131m G\u00f6revleri<\/h2>\n<h3>D\u00fczenli Denetimler<\/h3>\n<p>Hidrolik silindirlerde d\u00fczenli kontroller yapmak, potansiyel sorunlar\u0131 \u00f6nemli problemlere d\u00f6n\u00fc\u015fmeden \u00f6nce tespit etmek i\u00e7in \u00e7ok \u00f6nemlidir. Kontroller, s\u0131z\u0131nt\u0131lar\u0131, contalardaki a\u015f\u0131nmay\u0131 ve korozyon veya hasar belirtilerini kontrol etmeye odaklanmal\u0131d\u0131r. Bu proaktif yakla\u015f\u0131m, hidrolik sistemin verimlili\u011fini ve g\u00fcvenilirli\u011fini korumaya yard\u0131mc\u0131 olur.<\/p>\n<h3>Uygun Ya\u011flama<\/h3>\n<p>Hidrolik silindirlerin sorunsuz \u00e7al\u0131\u015fmas\u0131 i\u00e7in do\u011fru ya\u011flama hayati \u00f6nem ta\u015f\u0131r. Do\u011fru hidrolik ya\u011f kullan\u0131larak ve d\u00fczenli olarak yenilenerek, hareketli par\u00e7alar aras\u0131ndaki s\u00fcrt\u00fcnme en aza indirilir ve silindirin \u00f6mr\u00fc uzar. Ya\u011flama aral\u0131klar\u0131 ve miktarlar\u0131 konusunda \u00fcretici tavsiyelerine uymak \u00f6nemlidir.<\/p>\n<h3>Conta De\u011fi\u015fimi ve Kalibrasyon Kontrolleri<\/h3>\n<p>Zamanla, contalar a\u015f\u0131nabilir ve s\u0131z\u0131nt\u0131lar\u0131 \u00f6nlemek ve bas\u0131nc\u0131 korumak i\u00e7in de\u011fi\u015ftirilmeleri gerekebilir. D\u00fczenli olarak planlanan conta de\u011fi\u015fimleri ve kalibrasyon kontrolleri, hidrolik silindirin en y\u00fcksek verimlilikte \u00e7al\u0131\u015fmas\u0131n\u0131 sa\u011flamak i\u00e7in \u00e7ok \u00f6nemlidir. Bu i\u015flemler s\u0131ras\u0131nda do\u011fru montaj ve hizalama, gelecekteki sorunlar\u0131 \u00f6nlemek ve g\u00fcvenilirli\u011fi sa\u011flamak i\u00e7in hayati \u00f6nem ta\u015f\u0131r.<\/p>\n<p><img decoding=\"async\" src=\"https:\/\/www.hydraulic-cylinders.net\/wp-content\/uploads\/2025\/04\/songte-chushion-collar.webp\" alt=\"Hidrolik Silindir i\u00e7in Yast\u0131k Yaka\"><\/p>\n<h2>G\u00fcvenlik Hususlar\u0131 ve \u00c7evresel Fakt\u00f6rler<\/h2>\n<p>Hidrolik silindirlerle \u00e7al\u0131\u015f\u0131rken, kazalar\u0131 \u00f6nlemek ve operat\u00f6rlerin g\u00fcvenli\u011fini sa\u011flamak i\u00e7in g\u00fcvenlik \u00f6nlemlerinin uygulanmas\u0131 \u00e7ok \u00f6nemlidir. Hidrolik ekipman kullanan t\u00fcm personelin uygun \u015fekilde e\u011fitilmesi \u015fartt\u0131r. Ayr\u0131ca, \u00e7evresel etkileri en aza indirmek i\u00e7in s\u0131v\u0131 d\u00f6k\u00fclmeleri gibi \u00e7evresel fakt\u00f6rler dikkatlice y\u00f6netilmelidir. D\u00fczenli e\u011fitim ve g\u00fcvenlik y\u00f6netmeliklerine uyum, g\u00fcvenli bir \u00e7al\u0131\u015fma ortam\u0131 olu\u015fturmaya yard\u0131mc\u0131 olur.<\/p>\n<h2>Ar\u0131za Te\u015fhisi ve Yayg\u0131n Sorunlar<\/h2>\n<ul>\n<li><strong>Hidrolik S\u0131v\u0131 S\u0131z\u0131nt\u0131lar\u0131:<\/strong> A\u015f\u0131nm\u0131\u015f contalar veya hasarl\u0131 hortumlar nedeniyle s\u0131z\u0131nt\u0131lar meydana gelebilir. D\u00fczenli kontroller, i\u015fletme ar\u0131zalar\u0131na neden olmadan \u00f6nce s\u0131z\u0131nt\u0131lar\u0131 tespit etmeye ve gidermeye yard\u0131mc\u0131 olabilir.<\/li>\n<li><strong>Silindir Hareketinde Tutars\u0131zl\u0131k:<\/strong> Bu durum hidrolik sistemde hava bulunmas\u0131ndan veya yetersiz hidrolik s\u0131v\u0131s\u0131ndan kaynaklanabilir. Sistemi havas\u0131n\u0131 alarak ve do\u011fru s\u0131v\u0131 seviyelerini sa\u011flayarak bu sorun giderilebilir.<\/li>\n<li><strong>Anormal Sesler:<\/strong> \u00c7al\u0131\u015fma s\u0131ras\u0131nda ola\u011fand\u0131\u015f\u0131 sesler, silindir i\u00e7inde a\u015f\u0131nma veya hasara i\u015faret edebilir. Daha fazla hasar\u0131 \u00f6nlemek i\u00e7in derhal inceleme ve gerekirse de\u011fi\u015ftirme gereklidir.<\/li>\n<\/ul>\n<h2>Sorun Giderme \u0130pu\u00e7lar\u0131<\/h2>\n<p>Hidrolik silindirlerdeki sorunlar\u0131 etkili bir \u015fekilde te\u015fhis etmek ve \u00e7\u00f6zmek i\u00e7in sistematik bir yakla\u015f\u0131m izlemek \u015fartt\u0131r. \u00d6ncelikle s\u0131v\u0131 seviyelerini kontrol edin ve s\u0131z\u0131nt\u0131 olup olmad\u0131\u011f\u0131n\u0131 inceleyin. S\u0131z\u0131nt\u0131 tespit edilirse, a\u015f\u0131nm\u0131\u015f contalar\u0131 de\u011fi\u015ftirin ve t\u00fcm ba\u011flant\u0131lar\u0131n s\u0131k\u0131 oldu\u011fundan emin olun. D\u00fczensiz hareket durumunda, hava ceplerini ortadan kald\u0131rmak i\u00e7in hidrolik sistemi havaland\u0131r\u0131n. D\u00fczenli bak\u0131m ve i\u015fletme y\u00f6nergelerine uyulmas\u0131, sorun riskini \u00f6nemli \u00f6l\u00e7\u00fcde azaltabilir ve hidrolik sistemin \u00f6mr\u00fcn\u00fc uzatabilir.<\/p>\n<p><img decoding=\"async\" src=\"https:\/\/www.hydraulic-cylinders.net\/wp-content\/uploads\/2025\/04\/songte-bushings-with-all-kinds-of-excavator-models.webp\" alt=\"Ekskavat\u00f6r Modelleri i\u00e7in Bur\u00e7lar\"><\/p>\n<h2>\u015eirket Genel Bak\u0131\u015f\u0131<\/h2>\n<p>Yedek hidrolik silindir \u00fcreticisi olarak, hem yurt i\u00e7i hem de uluslararas\u0131 pazarlarda \u00f6nde gelen \u00fcretici ve toptanc\u0131lardan biri olarak konumlanmam\u0131z\u0131 sa\u011flayan kapsaml\u0131 bir \u00fcr\u00fcn yelpazesi sunuyoruz. M\u00fckemmelli\u011fe olan ba\u011fl\u0131l\u0131\u011f\u0131m\u0131z, rafine edilmi\u015f \u00fcretim y\u00f6netimi stratejilerine ve kaliteye odaklanmaya dayanmaktad\u0131r. Yetenekli profesyonellerden olu\u015fan bir ekip, son teknoloji dijital \u00fcretim ekipmanlar\u0131 ve sa\u011flam bir test sistemi ile, \u00e7e\u015fitli m\u00fc\u015fteri ihtiya\u00e7lar\u0131n\u0131 kar\u015f\u0131lamak i\u00e7in y\u00fcksek verimlilik, do\u011fruluk ve kalite sa\u011flayarak \u00fcretim kapasitemizi s\u00fcrekli olarak geli\u015ftiriyoruz.<\/p>\n<p><img decoding=\"async\" src=\"https:\/\/www.hydraulic-cylinders.net\/wp-content\/uploads\/2025\/04\/songte-company-4.webp\" alt=\"Songte \u015eirketine Genel Bak\u0131\u015f\"><br \/>\n<img decoding=\"async\" src=\"https:\/\/www.hydraulic-cylinders.net\/wp-content\/uploads\/2025\/04\/songte-company-3.webp\" alt=\"\u00dcretim Tesisi\"><\/p>\n<p>Uzmanl\u0131\u011f\u0131m\u0131z, \u00fcretim ekipmanlar\u0131, uluslararas\u0131 sertifikalar ve \u00f6zelle\u015ftirilebilir hizmetler de dahil olmak \u00fczere \u00e7e\u015fitli alanlar\u0131 kapsamaktad\u0131r. Geli\u015fmi\u015f \u00fcretim tesislerimiz, s\u0131k\u0131 kalite kontrol\u00fc sa\u011flamam\u0131za ve \u00fcr\u00fcnlerimizin en y\u00fcksek standartlar\u0131 kar\u015f\u0131lamas\u0131n\u0131 garanti etmemize olanak tan\u0131r. Sat\u0131\u015f sonras\u0131 hizmetimiz ise, bireysel gereksinimlere g\u00f6re uyarlanm\u0131\u015f destek ve \u00e7\u00f6z\u00fcmler sunarak m\u00fc\u015fteri memnuniyetini daha da garanti alt\u0131na al\u0131r.<\/p>\n<p>Yazar: lyl<\/p>","protected":false},"excerpt":{"rendered":"<p>Boom Cylinder For Doosan Large Excavator DH370 Product Overview The Boom Cylinder for Doosan Large Excavator DH370 is a critical component designed for the effective operation of heavy machinery. This hydraulic cylinder is specifically engineered to control the movement of buckets in various heavy equipment, including excavators, backhoe loaders, and front loaders. The boom cylinder [&hellip;]<\/p>","protected":false},"featured_media":17872,"comment_status":"open","ping_status":"closed","template":"","meta":{"_et_pb_use_builder":"","_et_pb_old_content":"","_et_gb_content_width":""},"product_brand":[],"product_cat":[1546],"product_tag":[1547,1496],"class_list":{"0":"post-19005","1":"product","2":"type-product","3":"status-publish","4":"has-post-thumbnail","6":"product_cat-boom-cylinders","7":"product_tag-boom-cylinders","8":"product_tag-hydraulic-cylinders","10":"first","11":"instock","12":"shipping-taxable","13":"product-type-simple"},"amp_enabled":true,"_links":{"self":[{"href":"https:\/\/www.hydraulic-cylinders.net\/tr\/wp-json\/wp\/v2\/product\/19005","targetHints":{"allow":["GET"]}}],"collection":[{"href":"https:\/\/www.hydraulic-cylinders.net\/tr\/wp-json\/wp\/v2\/product"}],"about":[{"href":"https:\/\/www.hydraulic-cylinders.net\/tr\/wp-json\/wp\/v2\/types\/product"}],"replies":[{"embeddable":true,"href":"https:\/\/www.hydraulic-cylinders.net\/tr\/wp-json\/wp\/v2\/comments?post=19005"}],"wp:featuredmedia":[{"embeddable":true,"href":"https:\/\/www.hydraulic-cylinders.net\/tr\/wp-json\/wp\/v2\/media\/17872"}],"wp:attachment":[{"href":"https:\/\/www.hydraulic-cylinders.net\/tr\/wp-json\/wp\/v2\/media?parent=19005"}],"wp:term":[{"taxonomy":"product_brand","embeddable":true,"href":"https:\/\/www.hydraulic-cylinders.net\/tr\/wp-json\/wp\/v2\/product_brand?post=19005"},{"taxonomy":"product_cat","embeddable":true,"href":"https:\/\/www.hydraulic-cylinders.net\/tr\/wp-json\/wp\/v2\/product_cat?post=19005"},{"taxonomy":"product_tag","embeddable":true,"href":"https:\/\/www.hydraulic-cylinders.net\/tr\/wp-json\/wp\/v2\/product_tag?post=19005"}],"curies":[{"name":"wp","href":"https:\/\/api.w.org\/{rel}","templated":true}]}}