{"id":19017,"date":"2025-04-07T06:07:22","date_gmt":"2025-04-07T06:07:22","guid":{"rendered":"https:\/\/www.hydraulic-cylinders.net\/product\/boom-cylinder-for-doosan-large-excavator-dh300lc\/"},"modified":"2025-04-07T06:07:25","modified_gmt":"2025-04-07T06:07:25","slug":"boom-cylinder-for-doosan-large-excavator-dh300lc","status":"publish","type":"product","link":"https:\/\/www.hydraulic-cylinders.net\/tr\/urun\/boom-cylinder-for-doosan-large-excavator-dh300lc\/","title":{"rendered":"Doosan DH300LC B\u00fcy\u00fck Ekskavat\u00f6r \u0130\u00e7in Bom Silindiri"},"content":{"rendered":"<h1>Doosan DH300LC B\u00fcy\u00fck Ekskavat\u00f6r \u0130\u00e7in Bom Silindiri<\/h1>\n<h2>\u00dcr\u00fcn Genel Bak\u0131\u015f\u0131<\/h2>\n<p>Doosan DH300LC b\u00fcy\u00fck ekskavat\u00f6r i\u00e7in tasarlanm\u0131\u015f \u00f6zel bir hidrolik silindir olan kep\u00e7e silindiri, b\u00fcy\u00fck ekskavat\u00f6rlerde kep\u00e7enin hareketini kontrol etmek i\u00e7in kullan\u0131l\u0131r. Bu temel bile\u015fen, operat\u00f6rlerin kep\u00e7eyi kald\u0131rmas\u0131na, indirmesine ve e\u011fmesine olanak tan\u0131yarak verimli malzeme ta\u015f\u0131ma i\u015flemlerini kolayla\u015ft\u0131r\u0131r. Kep\u00e7e silindiri, hidrolik sistemlerde \u00e7ok \u00f6nemlidir ve kazma, kald\u0131rma ve malzeme ta\u015f\u0131ma gibi \u00e7e\u015fitli a\u011f\u0131r makine fonksiyonlar\u0131 \u00fczerinde hassas kontrol sa\u011flar.<\/p>\n<p><img decoding=\"async\" src=\"https:\/\/www.hydraulic-cylinders.net\/wp-content\/uploads\/2025\/04\/songte-company-1.webp\" alt=\"Bom Silindiri G\u00f6r\u00fcnt\u00fcs\u00fc\" \/><\/p>\n<h3>Tan\u0131m ve \u0130\u015flev<\/h3>\n<p>Kep\u00e7e silindiri, a\u011f\u0131r makinelerde kep\u00e7enin hareketini kontrol etmek i\u00e7in \u00f6zel olarak kullan\u0131lan bir hidrolik silindirdir. Hidrolik sistemlerde hayati bir rol oynayarak sorunsuz \u00e7al\u0131\u015fma ve kontrol sa\u011flar. Kep\u00e7e silindirinin bas\u0131n\u00e7 alt\u0131nda uzay\u0131p k\u0131salabilme \u00f6zelli\u011fi, \u00e7e\u015fitli uygulamalar i\u00e7in onu vazge\u00e7ilmez k\u0131lar ve a\u011f\u0131r ekipmanlar\u0131n verimli ve etkili bir \u015fekilde \u00e7al\u0131\u015fmas\u0131n\u0131 sa\u011flar.<\/p>\n<h2>Temel \u00d6zellikler<\/h2>\n<ul>\n<li><strong>Y\u00fcksek Dayan\u0131kl\u0131l\u0131k ve Dayan\u0131kl\u0131l\u0131k:<\/strong> Y\u00fcksek mukavemetli \u00e7elik veya al\u00fcminyumdan \u00fcretilen bu silindirler, y\u00fcksek bas\u0131nca ve a\u011f\u0131r y\u00fcklere dayanabilir, zorlu \u00e7al\u0131\u015fma ortamlar\u0131 i\u00e7in uygundur ve a\u015f\u0131nma direnci ile korozyon korumas\u0131 i\u00e7in tasarlanm\u0131\u015ft\u0131r.<\/li>\n<li><strong>Verimli Hidrolik \u00c7al\u0131\u015fma:<\/strong> Hidrolik ya\u011f bas\u0131nc\u0131n\u0131 kullanarak d\u00fczg\u00fcn bir \u015fekilde uzama ve geri \u00e7ekilme sa\u011flayan bu silindirler, operasyonel komutlara h\u0131zl\u0131 bir \u015fekilde yan\u0131t verir ve a\u011f\u0131r nesnelerin ve karma\u015f\u0131k g\u00f6revlerin ta\u015f\u0131nmas\u0131 i\u00e7in ideal olan g\u00fc\u00e7l\u00fc bir itme-\u00e7ekme kuvveti sunar.<\/li>\n<li><strong>\u00c7e\u015fitli T\u00fcrler:<\/strong> Tek y\u00f6nl\u00fc (hidrolik tek y\u00f6nde kullan\u0131l\u0131r) veya \u00e7ift y\u00f6nl\u00fc (hidrolik her iki y\u00f6nde kullan\u0131l\u0131r) silindirler halinde bulunan baz\u0131 modeller teleskopiktir ve d\u0131\u015f boyutlar\u0131 art\u0131rmadan daha fazla uzatmaya olanak tan\u0131yarak s\u0131n\u0131rl\u0131 alan gerektiren uygulamalar i\u00e7in uygundur.<\/li>\n<\/ul>\n<h2>\u00dcretim Yetenekleri<\/h2>\n<p>Bu \u00fcr\u00fcn\u00fc biz \u00fcretiyoruz ve silindirlerimiz piyasadaki mevcut hidrolik silindirlerin m\u00fckemmel birer alternatifi.<\/p>\n<p><img decoding=\"async\" src=\"https:\/\/www.hydraulic-cylinders.net\/wp-content\/uploads\/2025\/04\/songte-cylinder-head-with-all-kinds-excavator-models.webp\" alt=\"Hidrolik Silindir \u00dcretimi\" \/><\/p>\n<h2>Uygulamalar<\/h2>\n<h3>\u0130n\u015faat Ekipmanlar\u0131<\/h3>\n<p>Ekskavat\u00f6rlerde, bom silindirleri toprak veya moloz kazma, y\u00fckleme ve ta\u015f\u0131ma i\u015flemlerinde hayati \u00f6neme sahiptir. Bu silindirlerin sundu\u011fu hassas kontrol, operat\u00f6rlerin g\u00f6revleri verimli bir \u015fekilde yerine getirmelerini sa\u011flayarak \u015fantiyelerde verimlili\u011fi \u00f6nemli \u00f6l\u00e7\u00fcde art\u0131r\u0131r.<\/p>\n<h3>Tar\u0131m Makinalar\u0131<\/h3>\n<p>\u00d6n y\u00fckleyicilerde, bom silindirleri toprak, saman ve di\u011fer malzemelerin kep\u00e7eyle al\u0131nmas\u0131n\u0131, kald\u0131r\u0131lmas\u0131n\u0131 ve ta\u015f\u0131nmas\u0131n\u0131 sa\u011flar. G\u00fcvenilirlikleri ve sa\u011flaml\u0131klar\u0131, verimli tar\u0131msal i\u015flemler i\u00e7in hayati \u00f6neme sahiptir ve \u00e7ift\u00e7ilerin i\u015fleri h\u0131zl\u0131 bir \u015fekilde tamamlamas\u0131na olanak tan\u0131r.<\/p>\n<h3>Ekskavat\u00f6rler<\/h3>\n<p>Bom silindiri, kep\u00e7enin zemine n\u00fcfuz etmesini sa\u011flayarak etkili kaz\u0131 i\u015flemlerini kolayla\u015ft\u0131r\u0131r. Hidrolik g\u00fc\u00e7, ekskavat\u00f6r\u00fcn sert toprak ve kayalar\u0131 k\u0131rmas\u0131n\u0131 sa\u011flayarak, kaz\u0131 projeleri i\u00e7in paha bi\u00e7ilmez bir ara\u00e7 haline getirir.<\/p>\n<h3>Y\u00fckleyiciler<\/h3>\n<p>\u00d6n y\u00fckleyicilerde, bom silindirleri y\u00fcklerin kald\u0131r\u0131lmas\u0131na ve bo\u015falt\u0131lmas\u0131na yard\u0131mc\u0131 olur. Hidrolik sistem, b\u00fcy\u00fck y\u00fckleri ta\u015f\u0131mak i\u00e7in gerekli g\u00fcc\u00fc sa\u011flayarak malzemelerin verimli bir \u015fekilde ta\u015f\u0131nmas\u0131n\u0131 ve bo\u015falt\u0131lmas\u0131n\u0131 sa\u011flar ve genel operasyonel verimlili\u011fi art\u0131r\u0131r.<\/p>\n<h2>Tasar\u0131m Hususlar\u0131<\/h2>\n<h3>Y\u00fck Kapasitesi<\/h3>\n<p>Bom silindirinin y\u00fck ta\u015f\u0131ma kapasitesini anlamak, g\u00fcvenli \u00e7al\u0131\u015fma i\u00e7in kritik \u00f6neme sahiptir. Tasar\u0131m, \u00e7e\u015fitli g\u00f6revler s\u0131ras\u0131nda kar\u015f\u0131la\u015f\u0131labilecek maksimum y\u00fckleri kar\u015f\u0131lamal\u0131 ve ar\u0131za riski olmadan \u00e7al\u0131\u015fmas\u0131n\u0131 sa\u011flamal\u0131d\u0131r.<\/p>\n<h3>S\u0131zd\u0131rmazl\u0131k<\/h3>\n<p>Etkili s\u0131zd\u0131rmazl\u0131k, performans\u0131 ve g\u00fcvenli\u011fi tehlikeye atabilecek hidrolik s\u0131v\u0131 s\u0131z\u0131nt\u0131lar\u0131n\u0131 \u00f6nlemek i\u00e7in \u00e7ok \u00f6nemlidir. Sistem b\u00fct\u00fcnl\u00fc\u011f\u00fcn\u00fc ve i\u015flevselli\u011fini korumak i\u00e7in dayan\u0131kl\u0131 malzemelerden yap\u0131lm\u0131\u015f y\u00fcksek kaliteli contalar gereklidir.<\/p>\n<h3>Dayan\u0131kl\u0131l\u0131k<\/h3>\n<p>Bu silindirlerin a\u015f\u0131r\u0131 bas\u0131n\u00e7lara ve zorlu \u00e7al\u0131\u015fma ko\u015fullar\u0131na dayanmas\u0131 gerekti\u011finden, dayan\u0131kl\u0131l\u0131k \u00f6nemli bir tasar\u0131m kriteridir. Titiz testler ve y\u00fcksek kaliteli malzemeler, \u00fcr\u00fcn\u00fcn uzun \u00f6m\u00fcrl\u00fc olmas\u0131na katk\u0131da bulunarak onu ak\u0131ll\u0131 bir yat\u0131r\u0131m haline getirir.<\/p>\n<h3>Emniyet<\/h3>\n<p>Operat\u00f6rleri ve ekipman\u0131 korumak i\u00e7in tasar\u0131mda g\u00fcvenlik \u00f6zellikleri mutlaka yer almal\u0131d\u0131r. Hidrolik silindir \u00e7al\u0131\u015fmas\u0131yla ili\u015fkili riskleri en aza indirmek i\u00e7in do\u011fru m\u00fchendislik ve g\u00fcvenlik standartlar\u0131na uyum son derece \u00f6nemlidir.<\/p>\n<h3>Bak\u0131m kolayl\u0131\u011f\u0131<\/h3>\n<p>Hidrolik silindirlerin tasar\u0131m\u0131nda bak\u0131m kolayl\u0131\u011f\u0131 hayati bir husustur. Bile\u015fenler, ekipman\u0131n minimum ar\u0131za s\u00fcresiyle \u00e7al\u0131\u015f\u0131r durumda kalmas\u0131n\u0131 sa\u011flayacak \u015fekilde, kolay inceleme ve bak\u0131m i\u00e7in tasarlanmal\u0131d\u0131r.<\/p>\n<p><img decoding=\"async\" src=\"https:\/\/www.hydraulic-cylinders.net\/wp-content\/uploads\/2025\/04\/songte-oil-pipes-and-spare-parts.webp\" alt=\"Hidrolik Silindir Par\u00e7alar\u0131\" \/><\/p>\n<h2>S\u0131zd\u0131rmazl\u0131k ve Ya\u011flama<\/h2>\n<p>Etkili s\u0131zd\u0131rmazl\u0131k ve ya\u011flama, hidrolik silindirlerin \u00f6mr\u00fc ve performans\u0131 i\u00e7in \u00e7ok \u00f6nemlidir. Piston contalar\u0131 ve mil contalar\u0131 gibi \u00e7e\u015fitli s\u0131zd\u0131rmazl\u0131k elemanlar\u0131n\u0131n kullan\u0131lmas\u0131, hidrolik s\u0131v\u0131n\u0131n sistem i\u00e7inde kalmas\u0131n\u0131 ve s\u0131z\u0131nt\u0131lar\u0131n \u00f6nlenmesini sa\u011flar.<\/p>\n<p>Poli\u00fcretan ve nitril kau\u00e7uktan \u00fcretilen contalar, a\u015f\u0131nma direnci ve dayan\u0131kl\u0131l\u0131klar\u0131 nedeniyle se\u00e7ilerek hidrolik sistemin genel etkinli\u011fine katk\u0131da bulunur. Silindir g\u00f6vdesi ve di\u015fli u\u00e7 y\u00fczeyleri, dayan\u0131kl\u0131l\u0131\u011f\u0131 ve a\u015f\u0131nma direncini art\u0131rmak i\u00e7in hassas bir \u015fekilde i\u015flenir. Sorunsuz \u00e7al\u0131\u015fmay\u0131 s\u00fcrd\u00fcrmek ve hareketli par\u00e7alarda a\u015f\u0131nmay\u0131 \u00f6nlemek i\u00e7in hidrolik ya\u011f ile d\u00fczenli ya\u011flama \u015fartt\u0131r.<\/p>\n<h2>\u00d6nleyici Bak\u0131m \u00d6nlemleri<\/h2>\n<ul>\n<li><strong>D\u00fczenli Denetimler:<\/strong> D\u00fczenli kontroller, a\u015f\u0131nma veya hasar\u0131 erken tespit etmek, zaman\u0131nda onar\u0131m ve de\u011fi\u015fim yaparak daha b\u00fcy\u00fck sorunlar\u0131n \u00f6n\u00fcne ge\u00e7mek i\u00e7in hayati \u00f6nem ta\u015f\u0131r.<\/li>\n<li><strong>Uygun Ya\u011flama:<\/strong> Hidrolik s\u0131v\u0131 seviyelerinin yeterli olmas\u0131n\u0131 ve sistemin do\u011fru \u015fekilde ya\u011flanmas\u0131n\u0131 sa\u011flamak, optimum performans ve uzun \u00f6m\u00fcr i\u00e7in \u00e7ok \u00f6nemlidir.<\/li>\n<li><strong>Conta De\u011fi\u015fimleri:<\/strong> Contalar\u0131n d\u00fczenli olarak de\u011fi\u015ftirilmesi s\u0131z\u0131nt\u0131lar\u0131 \u00f6nleyebilir ve etkili \u00e7al\u0131\u015fma i\u00e7in gerekli olan hidrolik bas\u0131nc\u0131n korunmas\u0131n\u0131 sa\u011flayabilir.<\/li>\n<\/ul>\n<h2>Kurulum Talimatlar\u0131<\/h2>\n<p>Bom silindirinin do\u011fru montaj\u0131, optimum performans i\u00e7in \u00e7ok \u00f6nemlidir. \u00d6ncelikle t\u00fcm bile\u015fenlerin temiz ve kal\u0131nt\u0131lardan ar\u0131nd\u0131r\u0131lm\u0131\u015f oldu\u011fundan emin olun. Silindiri, uygun montaj braketlerini kullanarak yerine sabitleyerek, montaj noktalar\u0131yla do\u011fru \u015fekilde hizalay\u0131n. Silindire gereksiz stres binmesini \u00f6nlemek i\u00e7in montaj s\u0131ras\u0131nda do\u011fru hizalamay\u0131 korumak \u00e7ok \u00f6nemlidir.<\/p>\n<p>Silindiri sabitledikten sonra, s\u0131z\u0131nt\u0131 olmad\u0131\u011f\u0131ndan emin olarak hidrolik hatlar\u0131 ba\u011flay\u0131n. Her \u015fey ba\u011fland\u0131ktan sonra, silindirin sorunsuz ve verimli \u00e7al\u0131\u015ft\u0131\u011f\u0131n\u0131 do\u011frulamak i\u00e7in hidrolik sistemi test edin. Ekipman\u0131n performans\u0131n\u0131n devaml\u0131l\u0131\u011f\u0131n\u0131 sa\u011flamak i\u00e7in kurulum sonras\u0131 herhangi bir a\u015f\u0131nma veya hasar belirtisi olup olmad\u0131\u011f\u0131n\u0131 d\u00fczenli olarak kontrol edin.<\/p>\n<h2>Yayg\u0131n Bak\u0131m G\u00f6revleri<\/h2>\n<h3>D\u00fczenli Denetimler<\/h3>\n<p>Potansiyel sorunlar\u0131n b\u00fcy\u00fcmeden \u00f6nce tespit edilmesi i\u00e7in d\u00fczenli kontroller yapmak hayati \u00f6nem ta\u015f\u0131r. A\u015f\u0131nma, s\u0131z\u0131nt\u0131 veya hasar belirtileri olup olmad\u0131\u011f\u0131n\u0131 kontrol edin ve hidrolik sistemin b\u00fct\u00fcnl\u00fc\u011f\u00fcn\u00fc korumak i\u00e7in bunlar\u0131 derhal giderin.<\/p>\n<h3>Uygun Ya\u011flama<\/h3>\n<p>Silindirlerin sorunsuz \u00e7al\u0131\u015fmas\u0131 i\u00e7in do\u011fru ya\u011flama seviyelerinin korunmas\u0131 \u00e7ok \u00f6nemlidir. Hidrolik s\u0131v\u0131n\u0131n temiz ve uygun seviyede oldu\u011fundan emin olun ve a\u015f\u0131r\u0131 \u0131s\u0131nmay\u0131 ve a\u015f\u0131nmay\u0131 \u00f6nlemek i\u00e7in gerekti\u011finde takviye yap\u0131n.<\/p>\n<h3>Conta De\u011fi\u015fimleri<\/h3>\n<p>Contalar\u0131n durumunu d\u00fczenli olarak kontrol edin ve gerekti\u011finde de\u011fi\u015ftirin. A\u015f\u0131nm\u0131\u015f contalar s\u0131z\u0131nt\u0131lara ve verimlilik d\u00fc\u015f\u00fc\u015f\u00fcne yol a\u00e7abilir; bu nedenle optimum performans i\u00e7in zaman\u0131nda de\u011fi\u015ftirme \u015fartt\u0131r.<\/p>\n<p><img decoding=\"async\" src=\"https:\/\/www.hydraulic-cylinders.net\/wp-content\/uploads\/2025\/04\/songte-chushion-collar.webp\" alt=\"Bak\u0131m G\u00f6r\u00fcnt\u00fcs\u00fc\" \/><\/p>\n<h2>G\u00fcvenlik Hususlar\u0131 ve \u00c7evresel Fakt\u00f6rler<\/h2>\n<p>Hidrolik silindirlerin \u00e7al\u0131\u015ft\u0131r\u0131lmas\u0131 s\u0131ras\u0131nda g\u00fcvenlik \u00f6nlemlerinin uygulanmas\u0131 \u00e7ok \u00f6nemlidir. Operat\u00f6rler, kazalar\u0131 \u00f6nlemek i\u00e7in her zaman g\u00fcvenlik protokollerine uymal\u0131d\u0131r; bu protokoller aras\u0131nda uygun ki\u015fisel koruyucu ekipman giymek ve ar\u0131zalar\u0131 \u00f6nlemek i\u00e7in makinelerin d\u00fczg\u00fcn bir \u015fekilde bak\u0131m\u0131n\u0131n yap\u0131lmas\u0131n\u0131 sa\u011flamak yer al\u0131r.<\/p>\n<h2>Ar\u0131za Te\u015fhisi ve Yayg\u0131n Sorunlar<\/h2>\n<ul>\n<li><strong>Hidrolik S\u0131z\u0131nt\u0131lar:<\/strong> Genellikle a\u015f\u0131nm\u0131\u015f contalar veya hasarl\u0131 ba\u011flant\u0131 par\u00e7alar\u0131 nedeniyle olu\u015fur. D\u00fczenli kontroller, s\u0131z\u0131nt\u0131lar\u0131 erken tespit etmeye yard\u0131mc\u0131 olabilir.<\/li>\n<li><strong>D\u00fc\u015f\u00fck Performans:<\/strong> Hidrolik s\u0131v\u0131 seviyelerinde veya kirlenmede sorun olabilece\u011fini g\u00f6sterir. S\u0131v\u0131 kalitesini ve seviyelerini d\u00fczenli olarak kontrol edin.<\/li>\n<li><strong>Silindir S\u0131k\u0131\u015fmas\u0131:<\/strong> Yanl\u0131\u015f hizalama veya kal\u0131nt\u0131lardan kaynaklanabilir. Par\u00e7alar\u0131n do\u011fru \u015fekilde tak\u0131ld\u0131\u011f\u0131ndan ve temizlendi\u011finden emin olun.<\/li>\n<\/ul>\n<h2>Sorun Giderme \u0130pu\u00e7lar\u0131<\/h2>\n<p>Sorunlar\u0131 te\u015fhis ederken, \u00f6ncelikle hidrolik s\u0131v\u0131 s\u0131z\u0131nt\u0131lar\u0131n\u0131 kontrol edin ve ba\u011flant\u0131lar\u0131n sa\u011flam oldu\u011fundan emin olun. Performans d\u00fc\u015f\u00fckl\u00fc\u011f\u00fc varsa, hidrolik s\u0131v\u0131y\u0131 kirlenme veya d\u00fc\u015f\u00fck seviye a\u00e7\u0131s\u0131ndan inceleyin ve buna g\u00f6re i\u015flem yap\u0131n. S\u0131k\u0131\u015fma sorunlar\u0131 i\u00e7in, hizalamay\u0131 do\u011frulay\u0131n ve hareketi engelleyebilecek her t\u00fcrl\u00fc kal\u0131nt\u0131y\u0131 temizleyin. D\u00fczenli bak\u0131m uygulamalar\u0131, bu yayg\u0131n sorunlar\u0131n olas\u0131l\u0131\u011f\u0131n\u0131 \u00f6nemli \u00f6l\u00e7\u00fcde azaltabilir.<\/p>\n<p><img decoding=\"async\" src=\"https:\/\/www.hydraulic-cylinders.net\/wp-content\/uploads\/2025\/04\/songte-bushings-with-all-kinds-of-excavator-models.webp\" alt=\"Sorun Giderme G\u00f6r\u00fcnt\u00fcs\u00fc\" \/><\/p>\n<h2>\u015eirket Genel Bak\u0131\u015f\u0131<\/h2>\n<p>\u00d6nde gelen yedek hidrolik silindir \u00fcreticisi olarak, hem yurt i\u00e7i hem de uluslararas\u0131 pazarlarda geni\u015f bir \u00fcr\u00fcn yelpazesi sunuyoruz. Kalitede m\u00fckemmelli\u011fe olan ba\u011fl\u0131l\u0131\u011f\u0131m\u0131z, y\u00fcksek standartlar\u0131 ve hassasiyeti vurgulayan geli\u015fmi\u015f bir \u00fcretim stratejisiyle desteklenmektedir. \u0130\u015f g\u00fcc\u00fcm\u00fcz, yetenekli teknik personelden olu\u015fmaktad\u0131r ve \u00fcretim kapasitemizi s\u00fcrekli olarak geli\u015ftirmek i\u00e7in geli\u015fmi\u015f dijital \u00fcretim ekipmanlar\u0131 ve profesyonel test sistemleri kullan\u0131yoruz.<\/p>\n<p>\u015eirketimiz, \u00e7e\u015fitli m\u00fc\u015fteri ihtiya\u00e7lar\u0131n\u0131 kar\u015f\u0131layarak y\u00fcksek verimlilik, hassasiyet ve kalite sunmaktan gurur duymaktad\u0131r. Uluslararas\u0131 sertifikalar\u0131m\u0131z ve \u00f6zel \u00e7\u00f6z\u00fcmlere odaklanmam\u0131z sayesinde, sat\u0131\u015f sonras\u0131 hizmetimiz, m\u00fc\u015fterilerimizin ekipman performans\u0131n\u0131 en \u00fcst d\u00fczeyde tutmak i\u00e7in ihtiya\u00e7 duyduklar\u0131 deste\u011fi almalar\u0131n\u0131 sa\u011flar.<\/p>\n<p><img decoding=\"async\" src=\"https:\/\/www.hydraulic-cylinders.net\/wp-content\/uploads\/2025\/04\/songte-company-4.webp\" alt=\"\u015eirket \u0130maj\u0131\" \/><\/p>\n<p><img decoding=\"async\" src=\"https:\/\/www.hydraulic-cylinders.net\/wp-content\/uploads\/2025\/04\/songte-company-3.webp\" alt=\"\u015eirket G\u00f6rseli 2\" \/><\/p>\n<p>Yazar: lyl<\/p>","protected":false},"excerpt":{"rendered":"<p>Boom Cylinder For Doosan Large Excavator DH300LC Product Overview The Boom Cylinder for Doosan Large Excavator DH300LC is a specialized hydraulic cylinder designed to control the movement of the boom on large excavators. This essential component enables operators to lift, lower, and tilt the boom, facilitating efficient material handling tasks. The bucket cylinder is crucial [&hellip;]<\/p>","protected":false},"featured_media":17869,"comment_status":"open","ping_status":"closed","template":"","meta":{"_et_pb_use_builder":"","_et_pb_old_content":"","_et_gb_content_width":""},"product_brand":[],"product_cat":[1546],"product_tag":[1547,1496],"class_list":{"0":"post-19017","1":"product","2":"type-product","3":"status-publish","4":"has-post-thumbnail","6":"product_cat-boom-cylinders","7":"product_tag-boom-cylinders","8":"product_tag-hydraulic-cylinders","10":"first","11":"instock","12":"shipping-taxable","13":"product-type-simple"},"amp_enabled":true,"_links":{"self":[{"href":"https:\/\/www.hydraulic-cylinders.net\/tr\/wp-json\/wp\/v2\/product\/19017","targetHints":{"allow":["GET"]}}],"collection":[{"href":"https:\/\/www.hydraulic-cylinders.net\/tr\/wp-json\/wp\/v2\/product"}],"about":[{"href":"https:\/\/www.hydraulic-cylinders.net\/tr\/wp-json\/wp\/v2\/types\/product"}],"replies":[{"embeddable":true,"href":"https:\/\/www.hydraulic-cylinders.net\/tr\/wp-json\/wp\/v2\/comments?post=19017"}],"wp:featuredmedia":[{"embeddable":true,"href":"https:\/\/www.hydraulic-cylinders.net\/tr\/wp-json\/wp\/v2\/media\/17869"}],"wp:attachment":[{"href":"https:\/\/www.hydraulic-cylinders.net\/tr\/wp-json\/wp\/v2\/media?parent=19017"}],"wp:term":[{"taxonomy":"product_brand","embeddable":true,"href":"https:\/\/www.hydraulic-cylinders.net\/tr\/wp-json\/wp\/v2\/product_brand?post=19017"},{"taxonomy":"product_cat","embeddable":true,"href":"https:\/\/www.hydraulic-cylinders.net\/tr\/wp-json\/wp\/v2\/product_cat?post=19017"},{"taxonomy":"product_tag","embeddable":true,"href":"https:\/\/www.hydraulic-cylinders.net\/tr\/wp-json\/wp\/v2\/product_tag?post=19017"}],"curies":[{"name":"wp","href":"https:\/\/api.w.org\/{rel}","templated":true}]}}