{"id":19029,"date":"2025-04-07T06:07:53","date_gmt":"2025-04-07T06:07:53","guid":{"rendered":"https:\/\/www.hydraulic-cylinders.net\/product\/boom-cylinder-for-hyundai-small-excavator-r150-7-9\/"},"modified":"2025-04-07T06:07:56","modified_gmt":"2025-04-07T06:07:56","slug":"boom-cylinder-for-hyundai-small-excavator-r150-7-9","status":"publish","type":"product","link":"https:\/\/www.hydraulic-cylinders.net\/tr\/urun\/boom-cylinder-for-hyundai-small-excavator-r150-7-9\/","title":{"rendered":"Hyundai R150-7-9 K\u00fc\u00e7\u00fck Ekskavat\u00f6r \u0130\u00e7in Bom Silindiri"},"content":{"rendered":"<h1>Hyundai R150-7-9 K\u00fc\u00e7\u00fck Ekskavat\u00f6r \u0130\u00e7in Bom Silindiri<\/h1>\n<h2>\u00dcr\u00fcn Genel Bak\u0131\u015f\u0131<\/h2>\n<p>Hyundai R150-7-9 k\u00fc\u00e7\u00fck ekskavat\u00f6r i\u00e7in tasarlanm\u0131\u015f bom silindiri, ekskavat\u00f6rlerin kep\u00e7esinin manevras\u0131 i\u00e7in \u00f6zel olarak tasarlanm\u0131\u015f hayati bir bile\u015fendir. Bu hidrolik silindirler, a\u011f\u0131r makinelerin hareketini kontrol etmede, kep\u00e7enin kald\u0131r\u0131lmas\u0131n\u0131, indirilmesini ve e\u011filmesini sa\u011flamada \u00e7ok \u00f6nemli bir rol oynar. Bir hidrolik silindir olarak, \u00e7e\u015fitli malzeme ta\u015f\u0131ma g\u00f6revlerinde \u00f6nemli bir rol oynar ve bu da onu in\u015faat ve kaz\u0131 ekipmanlar\u0131n\u0131n vazge\u00e7ilmez bir par\u00e7as\u0131 haline getirir.<\/p>\n<p><img decoding=\"async\" src=\"https:\/\/www.hydraulic-cylinders.net\/wp-content\/uploads\/2025\/04\/songte-company-1.webp\" alt=\"Ekskavat\u00f6r i\u00e7in Bom Silindiri\" \/><\/p>\n<h3>Tan\u0131m ve \u0130\u015flevsellik<\/h3>\n<p>Kep\u00e7e silindiri, ekskavat\u00f6rler, kaz\u0131c\u0131 y\u00fckleyiciler ve \u00f6n y\u00fckleyiciler gibi a\u011f\u0131r makineler i\u00e7in \u00f6zel olarak tasarlanm\u0131\u015f bir hidrolik silindir t\u00fcr\u00fcd\u00fcr. Kep\u00e7enin kontroll\u00fc hareketini sa\u011flayarak kazma, kald\u0131rma ve malzeme ta\u015f\u0131ma gibi g\u00f6revleri etkili bir \u015fekilde kolayla\u015ft\u0131r\u0131r. Bu hidrolik sistem, s\u0131v\u0131 bas\u0131nc\u0131 prensibiyle \u00e7al\u0131\u015f\u0131r ve y\u00fcksek hacimli i\u015f senaryolar\u0131 i\u00e7in gerekli olan d\u00fczg\u00fcn ve verimli hareketi sa\u011flar.<\/p>\n<h2>\u00dcr\u00fcn \u00d6zellikleri<\/h2>\n<ul>\n<li><strong>Y\u00fcksek Dayan\u0131kl\u0131l\u0131k ve Dayan\u0131kl\u0131l\u0131k:<\/strong> Y\u00fcksek mukavemetli \u00e7elik veya al\u00fcminyumdan \u00fcretilen bu silindir, y\u00fcksek bas\u0131nca ve a\u011f\u0131r y\u00fcklere dayanabilir, bu da onu zorlu \u00e7al\u0131\u015fma ortamlar\u0131 i\u00e7in uygun hale getirir.<\/li>\n<li><strong>Verimli Hidrolik \u00c7al\u0131\u015fma:<\/strong> Hidrolik ya\u011f bas\u0131nc\u0131n\u0131 kullanarak sorunsuz uzatma ve geri \u00e7ekme hareketi sa\u011flar, a\u011f\u0131r veya karma\u015f\u0131k i\u015flerin \u00fcstesinden gelmek i\u00e7in g\u00fc\u00e7l\u00fc itme ve \u00e7ekme kuvvetleri sunar.<\/li>\n<li><strong>\u00c7e\u015fitli T\u00fcrler:<\/strong> Tek y\u00f6nl\u00fc (hidroli\u011fi tek y\u00f6nde kullanan) veya \u00e7ift y\u00f6nl\u00fc (hidroli\u011fi her iki y\u00f6nde kullanan) konfig\u00fcrasyonlarda mevcuttur ve farkl\u0131 \u00e7al\u0131\u015fma gereksinimlerini kar\u015f\u0131lar. Baz\u0131 modellerde, d\u0131\u015f boyutlar\u0131 art\u0131rmadan daha uzun eri\u015fim sa\u011flayan teleskopik tasar\u0131mlar bulunur; bu da dar alanlar i\u00e7in idealdir.<\/li>\n<li><strong>\u00d6zel \u00dcretim:<\/strong> \u00dcr\u00fcnlerimiz bu hidrolik silindirlerin yerini m\u00fckemmel bir \u015fekilde alarak uyumluluk ve i\u015flevsellik sa\u011flar.<\/li>\n<\/ul>\n<p><img decoding=\"async\" src=\"https:\/\/www.hydraulic-cylinders.net\/wp-content\/uploads\/2025\/04\/songte-cylinder-head-with-all-kinds-excavator-models.webp\" alt=\"Ekskavat\u00f6r Modelleri\" \/><\/p>\n<h2>Uygulama Senaryolar\u0131<\/h2>\n<h3>\u0130n\u015faat Ekipmanlar\u0131<\/h3>\n<p>\u0130n\u015faat ekipmanlar\u0131nda, \u00f6zellikle ekskavat\u00f6rlerde, bom silindirleri toprak veya moloz kazma, y\u00fckleme ve ta\u015f\u0131ma i\u015flemlerinde hayati \u00f6neme sahiptir. Kaz\u0131c\u0131 y\u00fckleyicilere monte edildi\u011finde, bu silindirler hem kazma hem de kald\u0131rma i\u015flemleri i\u00e7in kritik \u00f6neme sahip olup, \u00e7e\u015fitli \u015fantiyelerde verimli malzeme ta\u015f\u0131ma olana\u011f\u0131 sa\u011flar.<\/p>\n<h3>Tar\u0131m Makinalar\u0131<\/h3>\n<p>Tar\u0131m makinelerinde, bom silindirleri \u00f6n y\u00fckleyicilerde toprak, saman ve di\u011fer malzemeleri kep\u00e7elemek, kald\u0131rmak ve ta\u015f\u0131mak i\u00e7in kullan\u0131l\u0131r. Sa\u011flam tasar\u0131mlar\u0131, tar\u0131msal i\u015flerin zorluklar\u0131n\u0131n \u00fcstesinden gelebilmelerini sa\u011flayarak verimli \u00e7iftlik y\u00f6netimine katk\u0131da bulunur.<\/p>\n<h3>Ekskavat\u00f6rler<\/h3>\n<p>Kaz\u0131c\u0131 makinelerde, kep\u00e7e silindirleri, kep\u00e7enin topra\u011fa etkili bir \u015fekilde n\u00fcfuz etmesini sa\u011flayarak kazma i\u015flemini kolayla\u015ft\u0131r\u0131r. Bu i\u015flevsellik, saha haz\u0131rl\u0131\u011f\u0131ndan peyzaj \u00e7al\u0131\u015fmalar\u0131na kadar \u00e7ok \u00e7e\u015fitli kaz\u0131 projeleri i\u00e7in hayati \u00f6nem ta\u015f\u0131r.<\/p>\n<h3>Y\u00fckleyiciler<\/h3>\n<p>\u00d6n y\u00fckleyicilerde, bom silindirleri y\u00fcklerin verimli bir \u015fekilde kald\u0131r\u0131lmas\u0131na ve bo\u015falt\u0131lmas\u0131na yard\u0131mc\u0131 olur. Tasar\u0131mlar\u0131, h\u0131zl\u0131 ve g\u00fcvenli i\u015flemler sa\u011flayarak \u015fantiyelerde verimlili\u011fi art\u0131r\u0131r.<\/p>\n<h2>Tasar\u0131m Hususlar\u0131<\/h2>\n<h3>Y\u00fck Kapasitesi<\/h3>\n<p>Bom silindirinin y\u00fck ta\u015f\u0131ma kapasitesi son derece \u00f6nemlidir ve g\u00fcvenli bir \u015fekilde ne kadar a\u011f\u0131rl\u0131k kald\u0131rabilece\u011fini belirler. G\u00fcvenlik ve verimlilik sa\u011flamak i\u00e7in, operasyonlarda kar\u015f\u0131la\u015f\u0131lan belirli y\u00fckler i\u00e7in derecelendirilmi\u015f bir silindir se\u00e7mek \u015fartt\u0131r.<\/p>\n<h3>S\u0131zd\u0131rmazl\u0131k<\/h3>\n<p>Etkili s\u0131zd\u0131rmazl\u0131k, hidrolik s\u0131v\u0131 s\u0131z\u0131nt\u0131lar\u0131n\u0131 \u00f6nlemek ve sistem bas\u0131nc\u0131n\u0131 korumak i\u00e7in \u00e7ok \u00f6nemlidir. Y\u00fcksek bas\u0131n\u00e7lar ve de\u011fi\u015fken s\u0131cakl\u0131klar gibi \u00e7al\u0131\u015fma ko\u015fullar\u0131na uygun y\u00fcksek kaliteli contalar se\u00e7ilerek g\u00fcvenilirlik art\u0131r\u0131l\u0131r.<\/p>\n<h3>Dayan\u0131kl\u0131l\u0131k<\/h3>\n<p>Bom silindirlerinin tasar\u0131m\u0131nda dayan\u0131kl\u0131l\u0131k \u00f6nemli bir fakt\u00f6rd\u00fcr, \u00e7\u00fcnk\u00fc zorlu ortamlara dayanmalar\u0131 gerekir. Malzemeler, a\u015f\u0131nmaya ve korozyona kar\u015f\u0131 diren\u00e7leri g\u00f6z \u00f6n\u00fcnde bulundurularak se\u00e7ilir ve bu da daha uzun bir kullan\u0131m \u00f6mr\u00fcne katk\u0131da bulunur.<\/p>\n<h3>Emniyet<\/h3>\n<p>G\u00fcvenlik hususlar\u0131, a\u015f\u0131r\u0131 uzamay\u0131 ve y\u00fck alt\u0131nda olas\u0131 ar\u0131zalar\u0131 \u00f6nleyen \u00f6zellikleri i\u00e7erir. T\u00fcm g\u00fcvenlik mekanizmalar\u0131n\u0131n etkili bir \u015fekilde \u00e7al\u0131\u015fmas\u0131n\u0131 sa\u011flamak i\u00e7in uygun tasar\u0131m ve \u00fcretim standartlar\u0131 \u015fartt\u0131r.<\/p>\n<h3>Bak\u0131m kolayl\u0131\u011f\u0131<\/h3>\n<p>Son olarak, bak\u0131m kolayl\u0131\u011f\u0131 hayati \u00f6nem ta\u015f\u0131r. H\u0131zl\u0131 incelemelere, conta de\u011fi\u015fimlerine ve hidrolik s\u0131v\u0131 takviyelerine olanak sa\u011flayan tasar\u0131m \u00f6zellikleri, ar\u0131za s\u00fcrelerini en aza indirmeye ve operasyonel verimlili\u011fi art\u0131rmaya katk\u0131da bulunur.<\/p>\n<p><img decoding=\"async\" src=\"https:\/\/www.hydraulic-cylinders.net\/wp-content\/uploads\/2025\/04\/songte-oil-pipes-and-spare-parts.webp\" alt=\"Petrol Borular\u0131 ve Yedek Par\u00e7alar\u0131\" \/><\/p>\n<h2>S\u0131zd\u0131rmazl\u0131k ve Ya\u011flama<\/h2>\n<p>Hidrolik silindirlerin etkili \u00e7al\u0131\u015fmas\u0131 i\u00e7in uygun s\u0131zd\u0131rmazl\u0131k ve ya\u011flama \u00e7ok \u00f6nemlidir. Piston contalar\u0131 ve mil contalar\u0131 gibi \u00e7e\u015fitli contalar, hidrolik s\u0131v\u0131n\u0131n silindir i\u00e7inde kalmas\u0131n\u0131 sa\u011flamak i\u00e7in kullan\u0131l\u0131r. Poli\u00fcretan ve nitril kau\u00e7uk gibi dayan\u0131kl\u0131 malzemelerden yap\u0131lm\u0131\u015f contalar\u0131n se\u00e7imi, a\u015f\u0131nma direncini art\u0131r\u0131r ve silindirin \u00f6mr\u00fcn\u00fc uzat\u0131r. Ayr\u0131ca, silindir g\u00f6vdesi ve di\u015fli u\u00e7lar\u0131, a\u015f\u0131nma direncini art\u0131rmak i\u00e7in ince i\u015fleme tabi tutulur. S\u00fcrt\u00fcnmeyi ve a\u015f\u0131nmay\u0131 en aza indirmek, sorunsuz \u00e7al\u0131\u015fmay\u0131 sa\u011flamak ve silindirin \u00f6mr\u00fcn\u00fc uzatmak i\u00e7in hidrolik ya\u011f ile d\u00fczenli ya\u011flama \u015fartt\u0131r.<\/p>\n<h2>Bak\u0131m \u00d6nlemleri<\/h2>\n<ul>\n<li><strong>D\u00fczenli Denetimler:<\/strong> A\u015f\u0131nma, s\u0131z\u0131nt\u0131 veya hasar belirtilerini tespit etmek i\u00e7in d\u00fczenli kontroller yap\u0131n. Sorunlar\u0131n erken tespiti, daha b\u00fcy\u00fck sorunlar\u0131 ve maliyetli onar\u0131mlar\u0131 \u00f6nleyebilir.<\/li>\n<li><strong>Uygun Ya\u011flama:<\/strong> Hidrolik ya\u011f\u0131n do\u011fru seviyede ve iyi durumda oldu\u011fundan emin olun. Optimum performans\u0131 korumak ve kirlenmeyi \u00f6nlemek i\u00e7in gerekti\u011finde ya\u011f\u0131 de\u011fi\u015ftirin.<\/li>\n<li><strong>Conta De\u011fi\u015fimi:<\/strong> Hidrolik s\u0131v\u0131 s\u0131z\u0131nt\u0131lar\u0131n\u0131 \u00f6nlemek ve sistem i\u00e7indeki etkili bas\u0131nc\u0131 korumak i\u00e7in contalar\u0131 d\u00fczenli olarak a\u015f\u0131nma a\u00e7\u0131s\u0131ndan kontrol edin ve gerekti\u011finde de\u011fi\u015ftirin.<\/li>\n<\/ul>\n<h2>Kurulum Talimatlar\u0131<\/h2>\n<p>Bom silindirinin do\u011fru montaj\u0131, optimum performans i\u00e7in kritik \u00f6neme sahiptir. \u00d6ncelikle t\u00fcm bile\u015fenlerin temiz ve hasars\u0131z oldu\u011fundan emin olun. Silindiri montaj braketleriyle do\u011fru \u015fekilde hizalay\u0131n ve silindiri yerinde sabitlemek i\u00e7in uygun montaj desteklerini kullan\u0131n. \u00c7al\u0131\u015fma s\u0131ras\u0131nda gev\u015femeyi \u00f6nlemek i\u00e7in t\u00fcm ba\u011flant\u0131 elemanlar\u0131n\u0131 \u00fcreticinin \u00f6zelliklerine g\u00f6re s\u0131k\u0131n. Montaj tamamland\u0131ktan sonra, kullanmadan \u00f6nce do\u011fru hizalama ve sorunsuz \u00e7al\u0131\u015fma olup olmad\u0131\u011f\u0131n\u0131 kontrol edin. Performans\u0131 ve g\u00fcvenli\u011fi korumak i\u00e7in gerekli ayarlamalar\u0131 yaparak, montaj\u0131 d\u00fczenli olarak herhangi bir yanl\u0131\u015f hizalama veya a\u015f\u0131nma belirtisi a\u00e7\u0131s\u0131ndan izleyin.<\/p>\n<h2>Yayg\u0131n Bak\u0131m G\u00f6revleri<\/h2>\n<h3>D\u00fczenli Denetimler<\/h3>\n<p>Bom silindirlerinin i\u015flevselli\u011fini korumak i\u00e7in d\u00fczenli kontroller yapmak \u015fartt\u0131r. Bu kontroller, s\u0131z\u0131nt\u0131lar\u0131, a\u015f\u0131nmay\u0131 veya \u00e7al\u0131\u015fmadaki tutars\u0131zl\u0131klar\u0131 belirlemeye odaklanmal\u0131d\u0131r. Bu kontrolleri yaparak, silindirin optimum \u00e7al\u0131\u015fma ko\u015fullar\u0131nda kalmas\u0131n\u0131 sa\u011flayabilir ve sorunlar b\u00fcy\u00fcmeden \u00f6nce \u00e7\u00f6zebilirsiniz.<\/p>\n<h3>Uygun Ya\u011flama<\/h3>\n<p>Hidrolik silindirlerin bak\u0131m\u0131nda ya\u011flama kritik bir unsurdur. Hidrolik ya\u011f\u0131n d\u00fczenli olarak eklendi\u011finden ve silindiriniz i\u00e7in do\u011fru tipte oldu\u011fundan emin olun. Do\u011fru ya\u011flama s\u00fcrt\u00fcnmeyi en aza indirir, a\u015f\u0131nmay\u0131 azalt\u0131r ve sonu\u00e7 olarak silindirin \u00f6mr\u00fcn\u00fc uzat\u0131r.<\/p>\n<h3>Conta De\u011fi\u015fimi<\/h3>\n<p>S\u0131z\u0131nt\u0131lar\u0131 \u00f6nlemek ve hidrolik bas\u0131nc\u0131 korumak i\u00e7in d\u00fczenli olarak de\u011fi\u015ftirilmesi gereken contalar hayati \u00f6neme sahip bile\u015fenlerdir. Rutin bak\u0131m s\u0131ras\u0131nda contalar\u0131 kontrol edin ve gerekti\u011finde de\u011fi\u015ftirin. Bu uygulama yaln\u0131zca verimlili\u011fi art\u0131rmakla kalmaz, ayn\u0131 zamanda hidrolik s\u0131v\u0131 kayb\u0131n\u0131 \u00f6nleyerek g\u00fcvenli\u011fi de art\u0131r\u0131r.<\/p>\n<p><img decoding=\"async\" src=\"https:\/\/www.hydraulic-cylinders.net\/wp-content\/uploads\/2025\/04\/songte-chushion-collar.webp\" alt=\"Yast\u0131k Yaka\" \/><\/p>\n<h2>G\u00fcvenlik Hususlar\u0131<\/h2>\n<p>Hidrolik silindirlerle \u00e7al\u0131\u015f\u0131rken, kazalar\u0131 \u00f6nlemek i\u00e7in g\u00fcvenlik \u00f6nlemlerini uygulamak \u00e7ok \u00f6nemlidir. Bak\u0131m veya onar\u0131m yapmadan \u00f6nce hidrolik sistemin bas\u0131nc\u0131n\u0131n mutlaka bo\u015falt\u0131ld\u0131\u011f\u0131ndan emin olun. Hidrolik bile\u015fenleri incelerken veya kullan\u0131rken ki\u015fisel koruyucu ekipman (KKD) kullan\u0131n ve g\u00fcvenli\u011fi sa\u011flamak i\u00e7in \u00fcreticinin \u00e7al\u0131\u015ft\u0131rma ve bak\u0131m y\u00f6nergelerini izleyin.<\/p>\n<h2>Sorun Giderme ve Yayg\u0131n Sorunlar<\/h2>\n<h3>S\u0131k Kar\u015f\u0131la\u015f\u0131lan Sorunlar<\/h3>\n<ul>\n<li><strong>Hidrolik S\u0131v\u0131 S\u0131z\u0131nt\u0131lar\u0131:<\/strong> S\u0131z\u0131nt\u0131lar, contalar\u0131n bozulmas\u0131ndan veya hortumlar\u0131n hasar g\u00f6rmesinden kaynaklanabilir. D\u00fczenli kontroller, s\u0131z\u0131nt\u0131lar\u0131 erken tespit etmeye ve gidermeye yard\u0131mc\u0131 olabilir.<\/li>\n<li><strong>Yetersiz Silindir Strok:<\/strong> Silindir tam olarak uzam\u0131yor veya geri \u00e7ekilmiyorsa, bunun nedeni t\u0131kan\u0131kl\u0131k veya yetersiz hidrolik s\u0131v\u0131 olabilir. T\u0131kan\u0131kl\u0131klar\u0131 kontrol edin ve s\u0131v\u0131 seviyesinin yeterli oldu\u011fundan emin olun.<\/li>\n<li><strong>Yava\u015f \u00c7al\u0131\u015fma:<\/strong> Yava\u015f \u00e7al\u0131\u015fma, hidrolik s\u0131v\u0131 seviyesinin d\u00fc\u015f\u00fck oldu\u011funu veya kirlenmeyi g\u00f6sterebilir. Performans sorunlar\u0131n\u0131 \u00f6nlemek i\u00e7in s\u0131v\u0131 kalitesini d\u00fczenli olarak izleyin ve koruyun.<\/li>\n<\/ul>\n<h3>Sorun Giderme \u0130pu\u00e7lar\u0131<\/h3>\n<p>Bu sorunlar\u0131 etkili bir \u015fekilde gidermek i\u00e7in her zaman \u00fcreticinin y\u00f6nergelerine ba\u015fvurarak ba\u015flay\u0131n. Hidrolik s\u0131v\u0131 s\u0131z\u0131nt\u0131lar\u0131 i\u00e7in, contalar\u0131 ve hortumlar\u0131 hasar a\u00e7\u0131s\u0131ndan kontrol edin ve gerekirse de\u011fi\u015ftirin. Yetersiz strok i\u00e7in, t\u0131kan\u0131kl\u0131klar\u0131 giderin ve hidrolik sistemin do\u011fru seviyede dolu oldu\u011fundan emin olun. Yava\u015f \u00e7al\u0131\u015fma sorunlar\u0131 s\u0131v\u0131 kontrolleri gerektirebilir; performans\u0131 geri kazanmak i\u00e7in kirlenmi\u015f s\u0131v\u0131y\u0131 de\u011fi\u015ftirmeyi d\u00fc\u015f\u00fcn\u00fcn. D\u00fczenli bak\u0131m ve kontroller, bu sorunlar\u0131n \u00e7o\u011funun ortaya \u00e7\u0131kmas\u0131n\u0131 \u00f6nleyebilir.<\/p>\n<p><img decoding=\"async\" src=\"https:\/\/www.hydraulic-cylinders.net\/wp-content\/uploads\/2025\/04\/songte-bushings-with-all-kinds-of-excavator-models.webp\" alt=\"Ekskavat\u00f6r Modelleri i\u00e7in Bur\u00e7lar\" \/><\/p>\n<h2>\u015eirket Genel Bak\u0131\u015f\u0131<\/h2>\n<p>Hidrolik silindir de\u011fi\u015fimi konusunda uzmanla\u015fm\u0131\u015f bir \u00fcreticiyiz ve kapsaml\u0131 bir \u00fcr\u00fcn yelpazesi sunuyoruz. Hem yurt i\u00e7i hem de uluslararas\u0131 pazarlarda \u00f6nde gelen \u00fcretici ve toptanc\u0131lardan biri olarak, en y\u00fcksek kalite standartlar\u0131na ba\u011fl\u0131 kal\u0131yoruz. \u00dcretim y\u00f6netim stratejimiz, geli\u015fmi\u015f \u00fcretim ekipmanlar\u0131 ve profesyonel test sistemleri kullanarak hassasiyet ve verimlili\u011fe odaklanmaktad\u0131r. Yenili\u011fe g\u00fc\u00e7l\u00fc bir \u015fekilde odaklanarak, y\u00fcksek verimlilik, do\u011fruluk ve kalite yoluyla \u00e7e\u015fitli m\u00fc\u015fteri ihtiya\u00e7lar\u0131n\u0131 kar\u015f\u0131lamak i\u00e7in \u00fcretim kapasitemizi s\u00fcrekli olarak geli\u015ftiriyoruz.<\/p>\n<h3>Profesyonel Uzmanl\u0131k<\/h3>\n<p>Ekibimiz, y\u00fcksek kaliteli hidrolik silindirler \u00fcretmeye kendini adam\u0131\u015f yetenekli profesyonellerden olu\u015fmaktad\u0131r. \u00dcr\u00fcnlerimizin k\u00fcresel standartlara uygunlu\u011funu garanti etmek i\u00e7in uluslararas\u0131 sertifikalar sunuyoruz. Ayr\u0131ca, \u00e7e\u015fitli uygulamalarda memnuniyeti sa\u011flamak amac\u0131yla, m\u00fc\u015fterinin \u00f6zel gereksinimlerine g\u00f6re uyarlanm\u0131\u015f \u00f6zelle\u015ftirilmi\u015f hizmetler sunuyoruz.<\/p>\n<h3>Geli\u015fmi\u015f Ekipman<\/h3>\n<p>\u00dcretim tesislerimiz, y\u00fcksek hassasiyet ve verimlilikte silindir \u00fcretmemizi sa\u011flayan en son teknolojiyle donat\u0131lm\u0131\u015ft\u0131r. Teknolojiye yapt\u0131\u011f\u0131m\u0131z bu yat\u0131r\u0131m, hidrolik silindir pazar\u0131n\u0131n artan taleplerini kar\u015f\u0131layabilmemizi sa\u011flamaktad\u0131r.<\/p>\n<h3>Kapsaml\u0131 Sat\u0131\u015f Sonras\u0131 Hizmet<\/h3>\n<p>M\u00fc\u015fteri memnuniyetini \u00f6n planda tutarak kapsaml\u0131 sat\u0131\u015f sonras\u0131 destek sunuyoruz. \u00d6zel hizmet ekibimiz, sat\u0131n alma sonras\u0131 ortaya \u00e7\u0131kabilecek her t\u00fcrl\u00fc soru veya sorunda yard\u0131mc\u0131 olmak i\u00e7in her zaman haz\u0131rd\u0131r ve m\u00fc\u015fterilerimiz i\u00e7in sorunsuz bir deneyim sa\u011flar.<\/p>\n<p><img decoding=\"async\" src=\"https:\/\/www.hydraulic-cylinders.net\/wp-content\/uploads\/2025\/04\/songte-company-4.webp\" alt=\"\u015eirket Genel Bak\u0131\u015f\u0131\" \/><br \/>\n<img decoding=\"async\" src=\"https:\/\/www.hydraulic-cylinders.net\/wp-content\/uploads\/2025\/04\/songte-company-3.webp\" alt=\"\u00dcretim Tesisi\" \/><\/p>\n<p>Yazar: lyl<\/p>","protected":false},"excerpt":{"rendered":"<p>Boom Cylinder For Hyundai Small Excavator R150-7-9 Product Overview The Boom Cylinder for Hyundai Small Excavator R150-7-9 is a vital component designed specifically for maneuvering the bucket of excavators. These hydraulic cylinders play a crucial role in controlling the movement of heavy machinery, enabling the bucket to lift, lower, and tilt. As a hydraulic cylinder, [&hellip;]<\/p>","protected":false},"featured_media":17881,"comment_status":"open","ping_status":"closed","template":"","meta":{"_et_pb_use_builder":"","_et_pb_old_content":"","_et_gb_content_width":""},"product_brand":[],"product_cat":[1546],"product_tag":[1547,1496],"class_list":{"0":"post-19029","1":"product","2":"type-product","3":"status-publish","4":"has-post-thumbnail","6":"product_cat-boom-cylinders","7":"product_tag-boom-cylinders","8":"product_tag-hydraulic-cylinders","10":"first","11":"instock","12":"shipping-taxable","13":"product-type-simple"},"amp_enabled":true,"_links":{"self":[{"href":"https:\/\/www.hydraulic-cylinders.net\/tr\/wp-json\/wp\/v2\/product\/19029","targetHints":{"allow":["GET"]}}],"collection":[{"href":"https:\/\/www.hydraulic-cylinders.net\/tr\/wp-json\/wp\/v2\/product"}],"about":[{"href":"https:\/\/www.hydraulic-cylinders.net\/tr\/wp-json\/wp\/v2\/types\/product"}],"replies":[{"embeddable":true,"href":"https:\/\/www.hydraulic-cylinders.net\/tr\/wp-json\/wp\/v2\/comments?post=19029"}],"wp:featuredmedia":[{"embeddable":true,"href":"https:\/\/www.hydraulic-cylinders.net\/tr\/wp-json\/wp\/v2\/media\/17881"}],"wp:attachment":[{"href":"https:\/\/www.hydraulic-cylinders.net\/tr\/wp-json\/wp\/v2\/media?parent=19029"}],"wp:term":[{"taxonomy":"product_brand","embeddable":true,"href":"https:\/\/www.hydraulic-cylinders.net\/tr\/wp-json\/wp\/v2\/product_brand?post=19029"},{"taxonomy":"product_cat","embeddable":true,"href":"https:\/\/www.hydraulic-cylinders.net\/tr\/wp-json\/wp\/v2\/product_cat?post=19029"},{"taxonomy":"product_tag","embeddable":true,"href":"https:\/\/www.hydraulic-cylinders.net\/tr\/wp-json\/wp\/v2\/product_tag?post=19029"}],"curies":[{"name":"wp","href":"https:\/\/api.w.org\/{rel}","templated":true}]}}