{"id":19032,"date":"2025-04-07T06:08:01","date_gmt":"2025-04-07T06:08:01","guid":{"rendered":"https:\/\/www.hydraulic-cylinders.net\/product\/boom-cylinder-for-hyundai-middle-excavator-r210-5d\/"},"modified":"2025-04-07T06:08:04","modified_gmt":"2025-04-07T06:08:04","slug":"boom-cylinder-for-hyundai-middle-excavator-r210-5d","status":"publish","type":"product","link":"https:\/\/www.hydraulic-cylinders.net\/tr\/urun\/boom-cylinder-for-hyundai-middle-excavator-r210-5d\/","title":{"rendered":"Hyundai R210-5D Orta Ekskavat\u00f6r \u0130\u00e7in Bom Silindiri"},"content":{"rendered":"<h1>Hyundai R210-5D Orta Ekskavat\u00f6r \u0130\u00e7in Bom Silindiri<\/h1>\n<h2>\u00dcr\u00fcn Genel Bak\u0131\u015f\u0131<\/h2>\n<p>Hyundai R210-5D orta boy ekskavat\u00f6r i\u00e7in bom silindiri, ekskavat\u00f6rlerde bomun hareketini kontrol etmek i\u00e7in \u00f6zel olarak tasarlanm\u0131\u015f \u00f6nemli bir hidrolik bile\u015fendir. Bu hidrolik silindir, ekskavat\u00f6rler, kaz\u0131c\u0131 y\u00fckleyiciler ve \u00f6n y\u00fckleyiciler de dahil olmak \u00fczere \u00e7e\u015fitli a\u011f\u0131r makinelerin \u00e7al\u0131\u015fmas\u0131nda \u00e7ok \u00f6nemli bir rol oynar. Bomun kald\u0131r\u0131lmas\u0131n\u0131, indirilmesini ve e\u011filmesini sa\u011flayarak verimli malzeme ta\u015f\u0131ma g\u00f6revlerini kolayla\u015ft\u0131r\u0131r. Kova silindiri, kuvvet \u00fcretmek i\u00e7in hidrolik s\u0131v\u0131 kullanan ve a\u011f\u0131r ekipman \u00fczerinde hassas hareketler ve kontrol sa\u011flayan bir hidrolik silindir t\u00fcr\u00fcd\u00fcr.<\/p>\n<p><img decoding=\"async\" src=\"https:\/\/www.hydraulic-cylinders.net\/wp-content\/uploads\/2025\/04\/songte-company-1.webp\" alt=\"Bom Silindiri\" \/><\/p>\n<h2>Bom Silindirinin \u00d6zellikleri<\/h2>\n<ul>\n<li><strong>Y\u00fcksek Dayan\u0131kl\u0131l\u0131k ve Dayan\u0131kl\u0131l\u0131k:<\/strong> Y\u00fcksek mukavemetli \u00e7elik veya al\u00fcminyumdan \u00fcretilen bu silindirler, y\u00fcksek bas\u0131nca ve a\u011f\u0131r y\u00fcklere dayanabilir, bu da onlar\u0131 zorlu \u00e7al\u0131\u015fma ortamlar\u0131 i\u00e7in uygun hale getirir.<\/li>\n<li><strong>Verimli Hidrolik \u00c7al\u0131\u015fma:<\/strong> Hidrolik ya\u011f bas\u0131nc\u0131n\u0131 kullanan silindir, d\u00fczg\u00fcn ve h\u0131zl\u0131 bir \u015fekilde uzama ve geri \u00e7ekilme sa\u011flayarak a\u011f\u0131r nesnelerin ta\u015f\u0131nmas\u0131 i\u00e7in g\u00fc\u00e7l\u00fc \u00e7ekme ve itme kuvveti sunar.<\/li>\n<li><strong>\u00c7e\u015fitli T\u00fcrler:<\/strong> Tek y\u00f6nl\u00fc (tek y\u00f6nde \u00e7al\u0131\u015fan) veya \u00e7ift y\u00f6nl\u00fc (iki y\u00f6nde \u00e7al\u0131\u015fan) olarak temin edilebilen kova silindiri, \u00e7e\u015fitli operasyonel ihtiya\u00e7lara g\u00f6re \u00f6zelle\u015ftirilebilir; baz\u0131 modellerde ise d\u0131\u015f boyutlar\u0131 art\u0131rmadan daha fazla eri\u015fim sa\u011flamak i\u00e7in teleskopik tasar\u0131mlar bulunur.<\/li>\n<li><strong>Sorunsuz De\u011fi\u015fim:<\/strong> \u00dcr\u00fcnlerimiz, mevcut hidrolik silindirlerin yerini m\u00fckemmel bir \u015fekilde alarak makinelerinizde g\u00fcvenilirlik ve geli\u015fmi\u015f performans sa\u011flar.<\/li>\n<li><strong>Korozyon Direnci:<\/strong> A\u015f\u0131nmaya ve korozyona dayan\u0131kl\u0131 malzemelerle tasarlanan bu silindir, zorlu ko\u015fullarda bile kullan\u0131m \u00f6mr\u00fcn\u00fc uzat\u0131r.<\/li>\n<\/ul>\n<p><img decoding=\"async\" src=\"https:\/\/www.hydraulic-cylinders.net\/wp-content\/uploads\/2025\/04\/songte-cylinder-head-with-all-kinds-excavator-models.webp\" alt=\"Ekskavat\u00f6r Modelleri\" \/><\/p>\n<h2>Bom Silindirinin Uygulamalar\u0131<\/h2>\n<h3>\u0130n\u015faat Ekipmanlar\u0131<\/h3>\n<p>Ekskavat\u00f6rlerde, bom silindiri kazma, y\u00fckleme ve toprak veya moloz ta\u015f\u0131ma i\u015flemlerinde hayati \u00f6neme sahiptir. Hidrolik sistemin sundu\u011fu hassas kontrol, operat\u00f6rlerin kep\u00e7eyi etkili bir \u015fekilde manevra ettirmesine olanak tan\u0131yarak \u015fantiyelerde verimlili\u011fi art\u0131r\u0131r. Kaz\u0131c\u0131 y\u00fckleyicilerde ise bom silindiri sadece kazmada de\u011fil, kald\u0131rma i\u015flemlerinde de yard\u0131mc\u0131 olarak \u00e7e\u015fitli g\u00f6revler i\u00e7in \u00e7ok y\u00f6nl\u00fc bir kullan\u0131m sa\u011flar.<\/p>\n<h3>Tar\u0131m Makinalar\u0131<\/h3>\n<p>\u00d6n y\u00fckleyicilerde, bom silindiri toprak, saman ve di\u011fer malzemelerin kep\u00e7elenmesi, kald\u0131r\u0131lmas\u0131 ve ta\u015f\u0131nmas\u0131 i\u00e7in hayati \u00f6neme sahiptir. Hidrolik \u00f6zellikleri, \u00e7ift\u00e7ilerin ve tar\u0131m i\u015f\u00e7ilerinin b\u00fcy\u00fck y\u00fckleri verimli bir \u015fekilde ta\u015f\u0131mas\u0131n\u0131 sa\u011flayarak fiziksel zorlanmay\u0131 ve malzeme ta\u015f\u0131ma i\u00e7in harcanan zaman\u0131 azalt\u0131r.<\/p>\n<h3>Kaz\u0131 G\u00f6revleri<\/h3>\n<p>Kaz\u0131c\u0131 makinelerde, kep\u00e7e silindiri, kep\u00e7enin topra\u011fa kolayca n\u00fcfuz etmesini sa\u011flayarak kazma i\u015flemini kolayla\u015ft\u0131r\u0131r. Bu \u00f6zellik, \u00f6zellikle zorlu arazilerde etkili kaz\u0131 i\u00e7in hayati \u00f6neme sahiptir ve in\u015faat ve peyzaj projelerinin gecikmeden ilerlemesini sa\u011flar.<\/p>\n<h3>Y\u00fckleyici Operasyonlar\u0131<\/h3>\n<p>\u00d6n y\u00fckleyicilerde, bom silindiri y\u00fcklerin etkili bir \u015fekilde kald\u0131r\u0131lmas\u0131na ve bo\u015falt\u0131lmas\u0131na yard\u0131mc\u0131 olur. Hidrolik \u00e7al\u0131\u015fma, malzemelerin bo\u015falt\u0131lmas\u0131 s\u0131ras\u0131nda hassas kontrol sa\u011flar ve bu da \u00e7e\u015fitli y\u00fckleme g\u00f6revlerinde verimli \u00e7al\u0131\u015fma i\u00e7in vazge\u00e7ilmezdir.<\/p>\n<h2>Tasar\u0131m Hususlar\u0131<\/h2>\n<ul>\n<li><strong>Y\u00fck Kapasitesi:<\/strong> Bom silindiri, \u00e7al\u0131\u015fma s\u0131ras\u0131nda kar\u015f\u0131la\u015faca\u011f\u0131 maksimum y\u00fck\u00fc kald\u0131rabilecek \u015fekilde tasarlanmal\u0131d\u0131r. Bu, ta\u015f\u0131nan malzemelerin a\u011f\u0131rl\u0131\u011f\u0131 ve hareket s\u0131ras\u0131nda olu\u015fabilecek dinamik y\u00fckler gibi fakt\u00f6rleri de i\u00e7erir.<\/li>\n<li><strong>S\u0131zd\u0131rmazl\u0131k B\u00fct\u00fcnl\u00fc\u011f\u00fc:<\/strong> Etkili s\u0131zd\u0131rmazl\u0131k, hidrolik s\u0131v\u0131 s\u0131z\u0131nt\u0131s\u0131n\u0131 \u00f6nlemek ve bas\u0131nc\u0131 korumak i\u00e7in \u00e7ok \u00f6nemlidir. Y\u00fcksek kaliteli contalar, bak\u0131m ihtiyac\u0131n\u0131 azalt\u0131r ve hidrolik sistemin genel verimlili\u011fini art\u0131r\u0131r.<\/li>\n<li><strong>Dayan\u0131kl\u0131l\u0131k:<\/strong> Bom silindirinin imalat\u0131nda kullan\u0131lan malzemeler a\u015f\u0131nmaya ve yorulmaya kar\u015f\u0131 dayan\u0131kl\u0131 olmal\u0131, zorlu ko\u015fullar alt\u0131nda bile uzun \u00f6m\u00fcrl\u00fcl\u00fc\u011f\u00fc sa\u011flamal\u0131d\u0131r.<\/li>\n<li><strong>G\u00fcvenlik \u00d6zellikleri:<\/strong> A\u015f\u0131r\u0131 uzamay\u0131 \u00f6nlemek ve g\u00fcvenli bir \u00e7al\u0131\u015fma sa\u011flamak i\u00e7in g\u00fcvenlik mekanizmalar\u0131n\u0131n entegre edilmesi kritik \u00f6nem ta\u015f\u0131r. Tasar\u0131m ayr\u0131ca hem makineyi hem de operat\u00f6r\u00fc korumak i\u00e7in ar\u0131za modlar\u0131n\u0131 da dikkate almal\u0131d\u0131r.<\/li>\n<li><strong>Bak\u0131m Eri\u015filebilirli\u011fi:<\/strong> Silindirin bak\u0131m\u0131 kolay olmal\u0131 ve muayene ve onar\u0131m i\u00e7in \u00f6nemli bile\u015fenlere kolay eri\u015fim sa\u011flanmal\u0131d\u0131r.<\/li>\n<\/ul>\n<p><img decoding=\"async\" src=\"https:\/\/www.hydraulic-cylinders.net\/wp-content\/uploads\/2025\/04\/songte-oil-pipes-and-spare-parts.webp\" alt=\"Hidrolik Par\u00e7alar\" \/><\/p>\n<h2>S\u0131zd\u0131rmazl\u0131k ve Ya\u011flama<\/h2>\n<p>Hidrolik silindirlerin etkili \u00e7al\u0131\u015fmas\u0131 i\u00e7in s\u0131zd\u0131rmazl\u0131k ve ya\u011flama kritik \u00f6neme sahiptir. Piston contalar\u0131 ve mil contalar\u0131 gibi \u00e7e\u015fitli contalar, s\u0131v\u0131 s\u0131z\u0131nt\u0131s\u0131n\u0131 \u00f6nlemek ve silindir i\u00e7indeki bas\u0131nc\u0131 korumak i\u00e7in kullan\u0131l\u0131r. A\u015f\u0131nmaya dayan\u0131kl\u0131l\u0131klar\u0131 ve uzun \u00f6m\u00fcrl\u00fcl\u00fckleri nedeniyle bu contalar i\u00e7in poli\u00fcretan ve nitril kau\u00e7uk gibi y\u00fcksek kaliteli malzemeler tercih edilir.<\/p>\n<p>Silindir g\u00f6vdesi ve di\u015fli u\u00e7lar\u0131, a\u015f\u0131nma direncini art\u0131rmak ve uzun \u00f6m\u00fcrl\u00fcl\u00fc\u011f\u00fc sa\u011flamak i\u00e7in \u00f6zenle i\u015flenmi\u015ftir. Hareketli par\u00e7alardaki s\u00fcrt\u00fcnmeyi ve a\u015f\u0131nmay\u0131 azaltmak i\u00e7in hidrolik ya\u011f ile d\u00fczenli ya\u011flama \u015fartt\u0131r. Yeterli ya\u011flaman\u0131n sa\u011flanmas\u0131 i\u00e7in d\u00fczenli kontroller yap\u0131lmal\u0131d\u0131r; bu, optimum performans\u0131 korumaya ve silindirin kullan\u0131m \u00f6mr\u00fcn\u00fc uzatmaya yard\u0131mc\u0131 olur.<\/p>\n<h2>\u00d6nleyici Bak\u0131m \u00d6nlemleri<\/h2>\n<ul>\n<li><strong>D\u00fczenli Denetimler:<\/strong> Bom silindirinde d\u00fczenli kontroller yapmak, potansiyel sorunlar\u0131n b\u00fcy\u00fcmeden \u00f6nce tespit edilmesini sa\u011flayabilir. Silindirin en iyi \u00e7al\u0131\u015fma d\u00fczeninde kalmas\u0131n\u0131 sa\u011flamak i\u00e7in a\u015f\u0131nma, s\u0131z\u0131nt\u0131 ve genel durum belirtilerine dikkat edin.<\/li>\n<li><strong>Uygun Ya\u011flama:<\/strong> S\u00fcrt\u00fcnmeyi ve a\u015f\u0131nmay\u0131 en aza indirmek i\u00e7in hidrolik ya\u011f seviyelerinin korunmas\u0131n\u0131 sa\u011flay\u0131n ve hareketli par\u00e7alar\u0131 \u00fcreticinin tavsiyelerine g\u00f6re ya\u011flay\u0131n.<\/li>\n<li><strong>Conta De\u011fi\u015fimi:<\/strong> Contalar, hasar veya a\u015f\u0131nma belirtileri a\u00e7\u0131s\u0131ndan periyodik olarak kontrol edilmelidir. A\u015f\u0131nm\u0131\u015f contalar\u0131n derhal de\u011fi\u015ftirilmesi, s\u0131z\u0131nt\u0131lar\u0131 \u00f6nler ve sistem verimlili\u011fini korur.<\/li>\n<\/ul>\n<h2>Kurulum Talimatlar\u0131<\/h2>\n<p>Bom silindirinin do\u011fru \u015fekilde tak\u0131lmas\u0131, performans\u0131 ve uzun \u00f6mr\u00fc i\u00e7in \u00e7ok \u00f6nemlidir. Do\u011fru kurulum i\u00e7in \u015fu ad\u0131mlar\u0131 izleyin:<\/p>\n<ol>\n<li><strong>Silindiri hizalay\u0131n:<\/strong> Silindirin montaj braketleriyle do\u011fru \u015fekilde hizaland\u0131\u011f\u0131ndan emin olun. Yanl\u0131\u015f hizalama, erken a\u015f\u0131nmaya veya ar\u0131zaya yol a\u00e7abilir.<\/li>\n<li><strong>Uygun montaj ekipmanlar\u0131n\u0131 kullan\u0131n:<\/strong> Hidrolik sistemler i\u00e7in tasarlanm\u0131\u015f uygun ba\u011flant\u0131 elemanlar\u0131 ve c\u0131vatalar kullanarak, makineye g\u00fcvenli bir \u015fekilde ba\u011flanmas\u0131n\u0131 sa\u011flay\u0131n.<\/li>\n<li><strong>Hidrolik ba\u011flant\u0131lar\u0131 kontrol edin:<\/strong> Hidrolik hatlar\u0131 s\u0131z\u0131nt\u0131 olmad\u0131\u011f\u0131ndan emin olarak d\u00fczg\u00fcn bir \u015fekilde ba\u011flay\u0131n. Ba\u011flant\u0131 elemanlar\u0131n\u0131 teknik \u00f6zelliklere g\u00f6re s\u0131k\u0131n.<\/li>\n<li><strong>Sistemi Test Edin:<\/strong> Montajdan sonra, silindirin s\u0131z\u0131nt\u0131 veya ola\u011fand\u0131\u015f\u0131 sesler olmadan sorunsuz \u00e7al\u0131\u015ft\u0131\u011f\u0131n\u0131 do\u011frulamak i\u00e7in bir test \u00e7al\u0131\u015ft\u0131rmas\u0131 ger\u00e7ekle\u015ftirin.<\/li>\n<\/ol>\n<h2>Yayg\u0131n Bak\u0131m G\u00f6revleri<\/h2>\n<ul>\n<li><strong>D\u00fczenli Kontroller:<\/strong> Bom silindirinin durumunu de\u011ferlendirmek i\u00e7in d\u00fczenli kontroller planlay\u0131n; bu kontroller s\u0131z\u0131nt\u0131, a\u015f\u0131nma ve korozyon olup olmad\u0131\u011f\u0131n\u0131 incelemeyi i\u00e7ermelidir.<\/li>\n<li><strong>Ya\u011flama:<\/strong> Silindirin sorunsuz \u00e7al\u0131\u015fmas\u0131n\u0131 sa\u011flamak i\u00e7in, \u00fcreticinin ya\u011flama t\u00fcrleri ve aral\u0131klar\u0131 hakk\u0131ndaki y\u00f6nergelerine uyarak d\u00fczenli olarak ya\u011flay\u0131n.<\/li>\n<li><strong>Conta De\u011fi\u015fimi:<\/strong> Sistem b\u00fct\u00fcnl\u00fc\u011f\u00fcn\u00fc ve performans\u0131n\u0131 korumak i\u00e7in contalar\u0131n durumunu izleyin ve gerekti\u011finde de\u011fi\u015ftirin.<\/li>\n<\/ul>\n<h2>G\u00fcvenlik Hususlar\u0131<\/h2>\n<p>Hidrolik silindirlerle \u00e7al\u0131\u015f\u0131rken, hem operat\u00f6rleri hem de makineleri korumak i\u00e7in g\u00fcvenlik \u00f6nlemlerinin uygulanmas\u0131 \u015fartt\u0131r. T\u00fcm g\u00fcvenlik koruyucular\u0131n\u0131n yerinde oldu\u011fundan ve operat\u00f6rlerin ekipman\u0131n do\u011fru kullan\u0131m\u0131 konusunda e\u011fitildi\u011finden emin olun. G\u00fcvenlik riskleri olu\u015fturabilecek s\u0131z\u0131nt\u0131 ve a\u015f\u0131nma a\u00e7\u0131s\u0131ndan hidrolik sistemleri d\u00fczenli olarak kontrol edin. Ayr\u0131ca, ekipman ar\u0131zas\u0131n\u0131 ve kazalar\u0131 \u00f6nlemek i\u00e7in \u00fcreticinin y\u00fck limitleri y\u00f6nergelerine uyun.<\/p>\n<h2>Ar\u0131za Te\u015fhisi ve Yayg\u0131n Sorunlar<\/h2>\n<ul>\n<li><strong>S\u0131z\u0131nt\u0131:<\/strong> Hidrolik s\u0131v\u0131 s\u0131z\u0131nt\u0131lar\u0131, conta ar\u0131zas\u0131n\u0131 veya silindirde hasar oldu\u011funu g\u00f6sterebilir. Contalar\u0131 kontrol edin ve gerekti\u011finde de\u011fi\u015ftirin.<\/li>\n<li><strong>G\u00fc\u00e7 Kayb\u0131:<\/strong> Silindir beklendi\u011fi gibi uzam\u0131yor veya geri \u00e7ekilmiyorsa, hidrolik hatlarda t\u0131kan\u0131kl\u0131k veya d\u00fc\u015f\u00fck s\u0131v\u0131 seviyesi olup olmad\u0131\u011f\u0131n\u0131 kontrol edin.<\/li>\n<li><strong>Al\u0131\u015f\u0131lmad\u0131k Sesler:<\/strong> G\u0131c\u0131rdama veya vurma sesleri, mekanik a\u015f\u0131nma veya hizalama sorununa i\u015faret edebilir. Daha fazla hasar\u0131 \u00f6nlemek i\u00e7in derhal inceleme yap\u0131n.<\/li>\n<\/ul>\n<p>Bu sorunlar\u0131n derhal ele al\u0131nmas\u0131, daha b\u00fcy\u00fck problemlerin \u00f6nlenmesine ve hidrolik silindirin \u00f6mr\u00fcn\u00fcn uzat\u0131lmas\u0131na yard\u0131mc\u0131 olabilir.<\/p>\n<h2>\u015eirket Genel Bak\u0131\u015f\u0131<\/h2>\n<p>Yedek hidrolik silindir \u00fcreticisiyiz ve hem yurt i\u00e7i hem de uluslararas\u0131 pazarlarda \u00f6nde gelen \u00fcretici ve toptanc\u0131 olarak konumumuzu sa\u011flamla\u015ft\u0131ran kapsaml\u0131 bir \u00fcr\u00fcn yelpazesi sunuyoruz. \u00dcretim at\u00f6lyelerimizde rafine bir \u00fcretim y\u00f6netim stratejisiyle desteklenen kalite m\u00fckemmelli\u011fine ba\u011fl\u0131y\u0131z. Teknik personele, \u00fcst d\u00fczey dijital \u00fcretim ekipmanlar\u0131na ve profesyonel test sistemlerine odaklanmam\u0131z, \u00fcretim platformumuzu s\u00fcrekli olarak geli\u015ftirerek eksiksiz bir kalite \u00fcretim s\u00fcrecini garanti eder. \u00c7e\u015fitli m\u00fc\u015fteri ihtiya\u00e7lar\u0131n\u0131 kar\u015f\u0131lamak i\u00e7in y\u00fcksek verimlilik, hassasiyet ve kalite ilkelerine ba\u011fl\u0131 kalarak g\u00fc\u00e7l\u00fc yarat\u0131c\u0131 yeteneklere sahibiz.<\/p>\n<p><img decoding=\"async\" src=\"https:\/\/www.hydraulic-cylinders.net\/wp-content\/uploads\/2025\/04\/songte-company-4.webp\" alt=\"\u015eirket Genel Bak\u0131\u015f\u0131\" \/><br \/>\n<img decoding=\"async\" src=\"https:\/\/www.hydraulic-cylinders.net\/wp-content\/uploads\/2025\/04\/songte-company-3.webp\" alt=\"\u015eirket Tesisi\" \/><\/p>\n<p>Uluslararas\u0131 sertifikalar\u0131m\u0131z, \u00f6zel hizmet se\u00e7eneklerimiz, geli\u015fmi\u015f \u00fcretim ekipmanlar\u0131m\u0131z ve kapsaml\u0131 sat\u0131\u015f sonras\u0131 deste\u011fimiz, profesyonelli\u011fe olan ba\u011fl\u0131l\u0131\u011f\u0131m\u0131z\u0131 yans\u0131tmaktad\u0131r.<\/p>\n<p>Yazar: lyl<\/p>","protected":false},"excerpt":{"rendered":"<p>Boom Cylinder For Hyundai Middle Excavator R210-5D Product Overview The Boom Cylinder for Hyundai Middle Excavator R210-5D is an essential hydraulic component specifically designed to control the movement of the boom on excavators. This hydraulic cylinder plays a crucial role in the operation of various heavy machinery, including excavators, backhoe loaders, and front loaders. It [&hellip;]<\/p>","protected":false},"featured_media":17869,"comment_status":"open","ping_status":"closed","template":"","meta":{"_et_pb_use_builder":"","_et_pb_old_content":"","_et_gb_content_width":""},"product_brand":[],"product_cat":[1546],"product_tag":[1547,1496],"class_list":{"0":"post-19032","1":"product","2":"type-product","3":"status-publish","4":"has-post-thumbnail","6":"product_cat-boom-cylinders","7":"product_tag-boom-cylinders","8":"product_tag-hydraulic-cylinders","10":"first","11":"instock","12":"shipping-taxable","13":"product-type-simple"},"amp_enabled":true,"_links":{"self":[{"href":"https:\/\/www.hydraulic-cylinders.net\/tr\/wp-json\/wp\/v2\/product\/19032","targetHints":{"allow":["GET"]}}],"collection":[{"href":"https:\/\/www.hydraulic-cylinders.net\/tr\/wp-json\/wp\/v2\/product"}],"about":[{"href":"https:\/\/www.hydraulic-cylinders.net\/tr\/wp-json\/wp\/v2\/types\/product"}],"replies":[{"embeddable":true,"href":"https:\/\/www.hydraulic-cylinders.net\/tr\/wp-json\/wp\/v2\/comments?post=19032"}],"wp:featuredmedia":[{"embeddable":true,"href":"https:\/\/www.hydraulic-cylinders.net\/tr\/wp-json\/wp\/v2\/media\/17869"}],"wp:attachment":[{"href":"https:\/\/www.hydraulic-cylinders.net\/tr\/wp-json\/wp\/v2\/media?parent=19032"}],"wp:term":[{"taxonomy":"product_brand","embeddable":true,"href":"https:\/\/www.hydraulic-cylinders.net\/tr\/wp-json\/wp\/v2\/product_brand?post=19032"},{"taxonomy":"product_cat","embeddable":true,"href":"https:\/\/www.hydraulic-cylinders.net\/tr\/wp-json\/wp\/v2\/product_cat?post=19032"},{"taxonomy":"product_tag","embeddable":true,"href":"https:\/\/www.hydraulic-cylinders.net\/tr\/wp-json\/wp\/v2\/product_tag?post=19032"}],"curies":[{"name":"wp","href":"https:\/\/api.w.org\/{rel}","templated":true}]}}