{"id":1906,"date":"2023-10-19T06:58:04","date_gmt":"2023-10-19T06:58:04","guid":{"rendered":"https:\/\/hydraulic-cylinders.net\/?post_type=product&#038;p=1906"},"modified":"2025-04-11T02:51:49","modified_gmt":"2025-04-11T02:51:49","slug":"double-shield-tbm-support-shoe-cylinder","status":"publish","type":"product","link":"https:\/\/www.hydraulic-cylinders.net\/tr\/urun\/double-shield-tbm-support-shoe-cylinder\/","title":{"rendered":"\u00c7ift Kalkanl\u0131 TBM Destek Pabucu Silindiri"},"content":{"rendered":"<h1 style=\"text-align: center;\"><strong>\u00c7ift Kalkanl\u0131 TBM Destek Pabucu Silindiri<\/strong><\/h1>\n<p><img loading=\"lazy\" decoding=\"async\" class=\"aligncenter wp-image-1907\" src=\"https:\/\/hydraulic-cylinders.net\/wp-content\/uploads\/2023\/10\/support-shoe-cylinder-1-2-300x300.webp\" alt=\"\" width=\"400\" height=\"400\" \/><\/p>\n<p>\u00c7ift kalkanl\u0131 t\u00fcnel a\u00e7ma makinesi (TBM) destek pabucu silindiri, t\u00fcnel a\u00e7ma i\u015flemlerinin verimlili\u011fini ve g\u00fcvenli\u011fini art\u0131rmak i\u00e7in tasarlanm\u0131\u015f, son teknoloji \u00fcr\u00fcn\u00fc bir hidrolik bile\u015fendir. Bu \u00f6zel silindir, \u00e7ift kalkanl\u0131 t\u00fcnel a\u00e7ma makinesinin (TBM) kalkan\u0131n\u0131 desteklemede, kaz\u0131 s\u0131ras\u0131nda stabilite ve koruma sa\u011flamada \u00e7ok \u00f6nemli bir rol oynar. Bu bilgilendirici makale, \u00e7ift kalkanl\u0131 TBM destek pabucu silindirinin temel \u00f6zelliklerini, kullan\u0131m y\u00f6ntemlerini ve bak\u0131m y\u00f6nergelerini inceleyecektir.<\/p>\n<p>\u00c7ift kalkanl\u0131 TBM destek pabucu silindiri, \u00e7ift kalkanl\u0131 t\u00fcnel a\u00e7ma i\u015flemlerinin verimlili\u011fini ve g\u00fcvenli\u011fini art\u0131ran hayati bir bile\u015fendir. Geli\u015ftirilmi\u015f stabilitesi, hassas kontrol\u00fc, \u00e7ift etkili tasar\u0131m\u0131, dayan\u0131kl\u0131l\u0131\u011f\u0131 ve g\u00fcvenilirli\u011fi ile bu silindir, kaz\u0131 s\u0131ras\u0131nda TBM kalkan\u0131n\u0131n g\u00fcvenli bir \u015fekilde desteklenmesini ve korunmas\u0131n\u0131 sa\u011flar. \u00d6nerilen kullan\u0131m y\u00f6ntemlerine uyulmas\u0131 ve d\u00fczenli bak\u0131m uygulamalar\u0131na riayet edilmesiyle, \u00e7ift kalkanl\u0131 TBM destek pabucu silindiri ola\u011fan\u00fcst\u00fc performans g\u00f6stermeye devam ederek t\u00fcnel projelerinin ba\u015far\u0131s\u0131na katk\u0131da bulunacakt\u0131r. Geli\u015fmi\u015f teknoloji ve g\u00fcvenilirlikle t\u00fcnel a\u00e7ma i\u015flemlerinde devrim yaratan \u00e7ift kalkanl\u0131 TBM destek pabucu silindirinin verimlili\u011fini ve g\u00fcvenli\u011fini deneyimleyin.<\/p>\n<p>\u00c7ift Kalkanl\u0131 TBM Destek Pabucu Silindirinin Ba\u015fl\u0131ca \u00d6zellikleri:<\/p>\n<ul>\n<li>Geli\u015ftirilmi\u015f Stabilite ve Y\u00fck Ta\u015f\u0131ma Kapasitesi: \u00c7ift kalkanl\u0131 TBM destek pabucu silindiri, TBM kalkan\u0131na ola\u011fan\u00fcst\u00fc stabilite ve y\u00fck ta\u015f\u0131ma kapasitesi sa\u011flamak \u00fczere tasarlanm\u0131\u015ft\u0131r. Sa\u011flam yap\u0131s\u0131 ve hassas m\u00fchendisli\u011fi, kaz\u0131 s\u0131ras\u0131nda kalkan\u0131n g\u00fcvenli bir \u015fekilde yerinde kalmas\u0131n\u0131 sa\u011flayarak zemin \u00e7\u00f6kme riskini en aza indirir ve t\u00fcnel ekibinin g\u00fcvenli\u011fini garanti eder.<\/li>\n<li>Hassas Kontrol ve Konumland\u0131rma: Geli\u015fmi\u015f hidrolik kontrol sistemleriyle donat\u0131lm\u0131\u015f bu silindir, destek pabu\u00e7lar\u0131n\u0131n konumland\u0131r\u0131lmas\u0131 \u00fczerinde hassas kontrol sa\u011flar. Bu, operat\u00f6rlerin pabucun y\u00f6n\u00fcn\u00fc ve hizalamas\u0131n\u0131 belirli zemin ko\u015fullar\u0131na uyacak \u015fekilde ayarlamas\u0131na olanak tan\u0131yarak do\u011fru ve verimli kaz\u0131 yap\u0131lmas\u0131n\u0131 sa\u011flar.<\/li>\n<li>\u00c7ift Etkili Tasar\u0131m: \u00c7ift kalkanl\u0131 tbm destek pabucu silindiri, hem uzatma hem de geri \u00e7ekme y\u00f6nlerinde kuvvet uygulayabilen \u00e7ift etkili bir tasar\u0131ma sahiptir. Bu \u00f6zellik, destek pabu\u00e7lar\u0131n\u0131n \u00e7ok y\u00f6nl\u00fc ve kontroll\u00fc hareketine olanak tan\u0131yarak t\u00fcnel a\u00e7ma i\u015flemi s\u0131ras\u0131nda optimum destek ve stabilite sa\u011flar.<\/li>\n<li>Dayan\u0131kl\u0131l\u0131k ve G\u00fcvenilirlik: Y\u00fcksek kaliteli malzemelerle \u00fcretilen \u00e7ift kalkanl\u0131 TBM destek pabucu silindiri, t\u00fcnel a\u00e7ma i\u015flemleri s\u0131ras\u0131nda kar\u015f\u0131la\u015f\u0131lan zorlu ko\u015fullara dayanacak \u015fekilde tasarlanm\u0131\u015ft\u0131r. A\u011f\u0131r y\u00fcklere, titre\u015fimlere ve darbelere dayanabilir, uzun s\u00fcreli dayan\u0131kl\u0131l\u0131k sa\u011flar, ar\u0131za s\u00fcrelerini en aza indirir ve bak\u0131m maliyetlerini d\u00fc\u015f\u00fcr\u00fcr.<\/li>\n<\/ul>\n<h2><strong>\u00c7ift Kalkanl\u0131 TBM Destek Pabucu Silindir Parametreleri:<\/strong><\/h2>\n<table border=\"1\" cellspacing=\"0\" cellpadding=\"0\">\n<tbody>\n<tr>\n<td>\u00dcr\u00fcn Ad\u0131<\/td>\n<td>\u00c7ift Kalkanl\u0131 T\u00fcnel A\u00e7ma Makinesi Destek Pabucu Silindiri<\/td>\n<\/tr>\n<tr>\n<td>\u00d6zellikler:<\/td>\n<td>Kesici ba\u015fl\u0131kl\u0131 t\u00fcnel kaz\u0131c\u0131lar\u0131n itme g\u00fcc\u00fcn\u00fc sa\u011flar.<\/td>\n<\/tr>\n<tr>\n<td>Delik \u00e7ap\u0131:<\/td>\n<td>320 mm\uff5e700 mm<\/td>\n<\/tr>\n<tr>\n<td>\u00c7ubuk \u00e7ap\u0131:<\/td>\n<td>220 mm\uff5e500 mm<br \/>\nStrok: 300 mm\uff5e1200 mm<\/td>\n<\/tr>\n<tr>\n<td>Bas\u0131n\u00e7:<\/td>\n<td>35MPa'ya kadar<\/td>\n<\/tr>\n<tr>\n<td>Uygulamalar:<\/td>\n<td>\u00c7ift Kalkanl\u0131 T\u00fcnel A\u00e7ma Makinesi<\/td>\n<\/tr>\n<\/tbody>\n<\/table>\n<h2><strong>\u00c7ift Kalkanl\u0131 TBM Silindir Uygulamas\u0131:<\/strong><\/h2>\n<p><img loading=\"lazy\" decoding=\"async\" class=\"alignnone wp-image-1909 size-full\" src=\"https:\/\/hydraulic-cylinders.net\/wp-content\/uploads\/2023\/10\/double-shield-tbm-cylinder-1.webp\" alt=\"\" width=\"709\" height=\"473\" srcset=\"https:\/\/hydraulic-cylinders.net\/wp-content\/uploads\/2023\/10\/double-shield-tbm-cylinder-1.webp 709w, https:\/\/hydraulic-cylinders.net\/wp-content\/uploads\/2023\/10\/double-shield-tbm-cylinder-1-480x320.webp 480w\" sizes=\"(min-width: 0px) and (max-width: 480px) 480px, (min-width: 481px) 709px, 100vw\" \/><\/p>\n<h2><strong>Kullan\u0131m Y\u00f6ntemi <\/strong><strong>\u00c7ift Kalkanl\u0131 TBM Destek Pabucu Silindiri<\/strong><strong>:<\/strong><\/h2>\n<ul>\n<li><strong>Silindir Montaj\u0131:<\/strong>\u00a0 \u00c7ift kalkanl\u0131 TBM destek pabucu silindirini \u00fcreticinin talimatlar\u0131na g\u00f6re tak\u0131n. Do\u011fru hizalama ve TBM destek pabucu yap\u0131s\u0131na g\u00fcvenli ba\u011flant\u0131 sa\u011flamak i\u00e7in uygun montaj braketleri veya aksesuarlar\u0131 kullan\u0131n.<\/li>\n<li><strong>Hidrolik Sistem Entegrasyonu:<\/strong> Silindiri, uyumlu hortum ve ba\u011flant\u0131 par\u00e7alar\u0131 kullanarak TBM'nin hidrolik sistemine ba\u011flay\u0131n. Optimum hidrolik performans\u0131 sa\u011flamak i\u00e7in t\u00fcm ba\u011flant\u0131lar\u0131n g\u00fcvenli, s\u0131zd\u0131rmaz ve yeterli s\u0131kl\u0131kta oldu\u011fundan emin olun.<\/li>\n<li><strong>Kontrol ve Konumland\u0131rma:<\/strong>\u00a0 \u00c7ift kalkanl\u0131 TBM destek pabucu silindirine \u00f6zg\u00fc kurallar\u0131 iyice \u00f6\u011frenin. Bu kontrolleri kullanarak destek pabu\u00e7lar\u0131n\u0131n konumunu, hizalamas\u0131n\u0131 ve a\u00e7\u0131s\u0131n\u0131 gerekti\u011fi gibi ayarlay\u0131n. Zemin ko\u015fullar\u0131na ba\u011fl\u0131 olarak en uygun destek pabucu konumland\u0131rmas\u0131 i\u00e7in TBM \u00fcreticisinin y\u00f6nergelerini ve \u00f6nerilerini takip edin.<\/li>\n<li><strong>G\u00fcvenlik \u00d6nlemleri:<\/strong>\u00a0 TBM \u00fcreticisi taraf\u0131ndan sa\u011flanan t\u00fcm g\u00fcvenlik protokollerine ve y\u00f6nergelerine uyun. Operat\u00f6rlerin TBM ve \u00e7ift kalkanl\u0131 TBM destek pabucu silindirinin g\u00fcvenli kullan\u0131m\u0131 konusunda e\u011fitildi\u011finden emin olun. G\u00fcvenlik mekanizmalar\u0131n\u0131 d\u00fczenli olarak inceleyin ve do\u011fru \u00e7al\u0131\u015fmas\u0131n\u0131 sa\u011flamak i\u00e7in \u00f6nerilen bak\u0131m\u0131 ger\u00e7ekle\u015ftirin.<\/li>\n<\/ul>\n<h2><strong>Hidrolik Silindir Nas\u0131l Yap\u0131l\u0131r?<\/strong><\/h2>\n<p>Hidrolik silindir yap\u0131m\u0131, ileri m\u00fchendislik bilgisi, \u00f6zel ekipman ve y\u00fcksek kaliteli malzemelere eri\u015fim gerektirir. Karma\u015f\u0131kl\u0131\u011f\u0131 ve hassasiyeti nedeniyle, genellikle profesyonel \u00fcreticiler taraf\u0131ndan \u00fcstlenilen bir i\u015ftir. Bununla birlikte, hidrolik silindir yap\u0131m\u0131nda yer alan ad\u0131mlara genel bir bak\u0131\u015f a\u015fa\u011f\u0131da verilmi\u015ftir:<\/p>\n<ol>\n<li><strong>Tasar\u0131m ve M\u00fchendislik:<\/strong>\n<ul>\n<li>Hidrolik silindirin strok uzunlu\u011fu, i\u00e7 \u00e7ap\u0131, \u00e7al\u0131\u015fma bas\u0131nc\u0131 ve y\u00fck kapasitesi gibi \u00f6zel gereksinimlerini ve \u00f6zelliklerini belirleyin.<\/li>\n<li>Silindirin boyutlar\u0131n\u0131, i\u00e7 bile\u015fenlerini ve contalar\u0131n\u0131 i\u00e7eren detayl\u0131 bir plan olu\u015fturmak i\u00e7in bilgisayar destekli tasar\u0131m (CAD) yaz\u0131l\u0131m\u0131 kullan\u0131n.<\/li>\n<\/ul>\n<\/li>\n<li><strong>Malzeme Se\u00e7imi:<\/strong>\n<ul>\n<li>Hidrolik uygulamalar i\u00e7in silindir g\u00f6vdesi, piston ve u\u00e7 kapaklar\u0131 i\u00e7in \u00e7elik veya al\u00fcminyum gibi y\u00fcksek kaliteli malzemeler se\u00e7in.<\/li>\n<li>\u00c7al\u0131\u015fma ko\u015fullar\u0131na ve s\u0131v\u0131 uyumlulu\u011funa dayanabilecek uygun contalar, \u00f6rne\u011fin O-ringler veya piston contalar\u0131 se\u00e7in.<\/li>\n<\/ul>\n<\/li>\n<li><strong>\u0130\u015fleme:<\/strong>\n<ul>\n<li>Silindir bile\u015fenlerini tasar\u0131m \u00f6zelliklerine g\u00f6re imal etmek i\u00e7in torna tezgahlar\u0131, freze tezgahlar\u0131 ve ta\u015flama makineleri gibi hassas i\u015fleme ekipmanlar\u0131 kullan\u0131n.<\/li>\n<li>Silindir g\u00f6vdesini, u\u00e7 kapaklar\u0131n\u0131, pistonu, mili ve di\u011fer i\u00e7 bile\u015fenleri gerekli boyut ve toleranslara g\u00f6re i\u015fleyin.<\/li>\n<\/ul>\n<\/li>\n<li><strong>Toplant\u0131:<\/strong>\n<ul>\n<li>T\u00fcm par\u00e7alar\u0131 iyice temizleyerek her t\u00fcrl\u00fc kir ve kal\u0131nt\u0131dan ar\u0131nd\u0131r\u0131n.<\/li>\n<li>Piston, u\u00e7 kapaklar\u0131 ve mil \u00fczerindeki belirlenmi\u015f oluklara contalar\u0131 tak\u0131n.<\/li>\n<li>Pistonu silindir g\u00f6vdesine dikkatlice yerle\u015ftirin, do\u011fru hizalama ve bo\u015fluk oldu\u011fundan emin olun.<\/li>\n<li>U\u00e7 kapaklar\u0131n\u0131 silindir g\u00f6vdesine takarak g\u00fcvenli ve s\u0131zd\u0131rmaz bir ba\u011flant\u0131 sa\u011flay\u0131n.<\/li>\n<li>\u00c7ubu\u011fu pistonun i\u00e7ine yerle\u015ftirin ve uygun ba\u011flant\u0131 elemanlar\u0131yla sabitleyin.<\/li>\n<li>S\u0131v\u0131 ba\u011flant\u0131lar\u0131 i\u00e7in hidrolik ba\u011flant\u0131 par\u00e7alar\u0131n\u0131 veya portlar\u0131n\u0131 u\u00e7 kapaklara tak\u0131n.<\/li>\n<\/ul>\n<\/li>\n<li><strong>Test ve Kalite Kontrol\u00fc:<\/strong>\n<ul>\n<li>Silindirin, s\u0131z\u0131nt\u0131 veya ar\u0131za olmaks\u0131z\u0131n belirtilen \u00e7al\u0131\u015fma bas\u0131nc\u0131na dayanabildi\u011finden emin olmak i\u00e7in bas\u0131n\u00e7 testi yap\u0131n.<\/li>\n<li>Silindirin do\u011fru \u00e7al\u0131\u015f\u0131p \u00e7al\u0131\u015fmad\u0131\u011f\u0131n\u0131, kontroll\u00fc ko\u015fullar alt\u0131nda uzat\u0131p geri \u00e7ekerek do\u011frulay\u0131n.<\/li>\n<li>T\u00fcm par\u00e7alar\u0131 kusur veya eksiklik a\u00e7\u0131s\u0131ndan inceleyin ve gerekli \u00f6zelliklere uygun olduklar\u0131ndan emin olun.<\/li>\n<li>Silindirin g\u00fcvenlik ve yasal gereklilikleri kar\u015f\u0131lad\u0131\u011f\u0131ndan emin olmak i\u00e7in kalite kontrol kontrolleri ger\u00e7ekle\u015ftirin.<\/li>\n<\/ul>\n<\/li>\n<\/ol>\n<h2><strong>Fabrikan\u0131n Kapasitesi ve Kapasitesi:<\/strong><\/h2>\n<h3>(1) Meclis<\/h3>\n<p>Birinci s\u0131n\u0131f ba\u011f\u0131ms\u0131z bir ara\u015ft\u0131rma ve geli\u015ftirme montaj platformumuz bulunmaktad\u0131r. Hidrolik silindir \u00fcretim at\u00f6lyemizde, y\u0131ll\u0131k 1 milyon adet \u00fcretim kapasitesine sahip d\u00f6rt adet yar\u0131 otomatik kald\u0131rma silindiri montaj hatt\u0131 ve bir adet otomatik devirme silindiri montaj hatt\u0131 bulunmaktad\u0131r. \u00d6zel silindir at\u00f6lyemiz, y\u0131ll\u0131k 200.000 adet \u00fcretim kapasitesine sahip \u00e7e\u015fitli \u00f6zelliklerde yar\u0131 otomatik temizleme montaj sistemiyle donat\u0131lm\u0131\u015ft\u0131r. Ayr\u0131ca, \u00fcnl\u00fc CNC i\u015fleme ekipmanlar\u0131, bir i\u015fleme merkezi, y\u00fcksek hassasiyetli silindir i\u015fleme \u00f6zel ekipmanlar\u0131, bir robot kaynak makinesi, bir otomatik temizleme makinesi, otomatik silindir montaj makinesi ve otomatik boyama \u00fcretim hatt\u0131 ile donat\u0131lm\u0131\u015ft\u0131r. 300'den fazla setten olu\u015fan kritik ekipmanlar mevcuttur. Ekipman kaynaklar\u0131n\u0131n optimum da\u011f\u0131l\u0131m\u0131 ve verimli kullan\u0131m\u0131, \u00fcr\u00fcnlerin hassasiyet gereksinimlerini kar\u015f\u0131lar ve \u00fcr\u00fcnlerin y\u00fcksek kalite ihtiya\u00e7lar\u0131n\u0131 kar\u015f\u0131lar.<\/p>\n<p><img loading=\"lazy\" decoding=\"async\" class=\"alignnone wp-image-626\" src=\"https:\/\/hydraulic-cylinders.net\/wp-content\/uploads\/2023\/08\/hydraulic-cylinder-product-1-300x158.webp\" alt=\"\" width=\"495\" height=\"260\" srcset=\"https:\/\/hydraulic-cylinders.net\/wp-content\/uploads\/2023\/08\/hydraulic-cylinder-product-1-300x158.webp 495w, https:\/\/hydraulic-cylinders.net\/wp-content\/uploads\/2023\/08\/hydraulic-cylinder-product-1-480x252.webp 480w\" sizes=\"(min-width: 0px) and (max-width: 480px) 480px, (min-width: 481px) 495px, 100vw\" \/> <img loading=\"lazy\" decoding=\"async\" class=\"alignnone wp-image-627\" src=\"https:\/\/hydraulic-cylinders.net\/wp-content\/uploads\/2023\/08\/hydraulic-cylinder-product-2-300x189.webp\" alt=\"\" width=\"413\" height=\"260\" \/><\/p>\n<h3>(2) \u0130\u015fleme<\/h3>\n<p>\u0130\u015fleme at\u00f6lyesi, maksimum 400 mm i\u00e7 \u00e7apa ve maksimum 6 metre uzunlu\u011fa sahip silindir borular\u0131n\u0131n i\u015flenmesini ger\u00e7ekle\u015ftirebilen \u00f6zel e\u011fimli ray torna merkezi, i\u015fleme merkezi, y\u00fcksek h\u0131zl\u0131 honlama makinesi, kaynak robotu ve di\u011fer ilgili ekipmanlarla donat\u0131lm\u0131\u015ft\u0131r.<\/p>\n<p><img loading=\"lazy\" decoding=\"async\" class=\"alignnone wp-image-628 size-large\" src=\"https:\/\/hydraulic-cylinders.net\/wp-content\/uploads\/2023\/08\/hydraulic-cylinder-product-3-1024x391.webp\" alt=\"\" width=\"1024\" height=\"391\" srcset=\"https:\/\/hydraulic-cylinders.net\/wp-content\/uploads\/2023\/08\/hydraulic-cylinder-product-3-980x374.webp 980w, https:\/\/hydraulic-cylinders.net\/wp-content\/uploads\/2023\/08\/hydraulic-cylinder-product-3-480x183.webp 480w\" sizes=\"(min-width: 0px) and (max-width: 480px) 480px, (min-width: 481px) and (max-width: 980px) 980px, (min-width: 981px) 1024px, 100vw\" \/><\/p>\n<h3>(3) Kaynak<\/h3>\n<p><img loading=\"lazy\" decoding=\"async\" class=\"alignnone wp-image-629 size-large\" src=\"https:\/\/hydraulic-cylinders.net\/wp-content\/uploads\/2023\/08\/hydraulic-cylinder-product-4-1024x510.webp\" alt=\"\" width=\"1024\" height=\"510\" srcset=\"https:\/\/hydraulic-cylinders.net\/wp-content\/uploads\/2023\/08\/hydraulic-cylinder-product-4-980x488.webp 980w, https:\/\/hydraulic-cylinders.net\/wp-content\/uploads\/2023\/08\/hydraulic-cylinder-product-4-480x239.webp 480w\" sizes=\"(min-width: 0px) and (max-width: 480px) 480px, (min-width: 481px) and (max-width: 980px) 980px, (min-width: 981px) 1024px, 100vw\" \/><\/p>\n<h3>(4) Boyama ve kaplama<\/h3>\n<p>K\u00fc\u00e7\u00fck ve orta \u00f6l\u00e7ekli silindirli otomatik su bazl\u0131 boya kaplama hatlar\u0131nda, otomatik robot y\u00fckleme-bo\u015faltma ve otomatik p\u00fcsk\u00fcrtmeyi ger\u00e7ekle\u015ftirmek i\u00e7in, vardiya ba\u015f\u0131na 4000 adet tasar\u0131m kapasitesi;<br \/>\nAyr\u0131ca, vardiya ba\u015f\u0131na 60 kasa kapasiteli, g\u00fc\u00e7 zinciriyle \u00e7al\u0131\u015fan b\u00fcy\u00fck silindirler i\u00e7in yar\u0131 otomatik boya \u00fcretim hatt\u0131m\u0131z da bulunmaktad\u0131r.<\/p>\n<p><img loading=\"lazy\" decoding=\"async\" class=\"alignnone wp-image-630\" src=\"https:\/\/hydraulic-cylinders.net\/wp-content\/uploads\/2023\/08\/hydraulic-cylinder-product-5-300x213.webp\" alt=\"\" width=\"366\" height=\"260\" \/> <img loading=\"lazy\" decoding=\"async\" class=\"alignnone wp-image-631\" src=\"https:\/\/hydraulic-cylinders.net\/wp-content\/uploads\/2023\/08\/hydraulic-cylinder-product-6-300x225.webp\" alt=\"\" width=\"347\" height=\"260\" \/><\/p>\n<h3>(5) Test etme<\/h3>\n<p>Silindirin performans\u0131n\u0131n gereklilikleri kar\u015f\u0131lad\u0131\u011f\u0131ndan emin olmak i\u00e7in birinci s\u0131n\u0131f muayene tesislerimiz ve test yataklar\u0131m\u0131z bulunmaktad\u0131r.<\/p>\n<p><img loading=\"lazy\" decoding=\"async\" class=\"alignnone wp-image-632\" src=\"https:\/\/hydraulic-cylinders.net\/wp-content\/uploads\/2023\/08\/hydraulic-cylinder-product-8-300x200.webp\" alt=\"\" width=\"389\" height=\"260\" \/><\/p>\n<p>&nbsp;<\/p>\n<p>&nbsp;<\/p>\n<p>En iyi hidrolik silindir \u00fcreticilerinden biriyiz. Kapsaml\u0131 hidrolik silindirler sunabiliyoruz. Ayr\u0131ca, ilgili hidrolik silindirleri de sa\u011fl\u0131yoruz. <a href=\"https:\/\/hzpt.com\/agricultural-pto-gearbox\/\" target=\"_blank\" rel=\"noopener\">tar\u0131msal di\u015fli kutular\u0131<\/a>\u00dcr\u00fcnlerimizi d\u00fcnya \u00e7ap\u0131ndaki m\u00fc\u015fterilerimize ihra\u00e7 ettik ve \u00fcst\u00fcn \u00fcr\u00fcn kalitemiz ve sat\u0131\u015f sonras\u0131 hizmetlerimiz sayesinde iyi bir itibar kazand\u0131k. Yurt i\u00e7i ve yurt d\u0131\u015f\u0131ndaki m\u00fc\u015fterilerimizi i\u015f g\u00f6r\u00fc\u015fmeleri yapmak, bilgi al\u0131\u015fveri\u015finde bulunmak ve <a href=\"https:\/\/www.hydraulic-cylinders.net\/tr\/contact-us\/\">bizimle i\u015fbirli\u011fi yap\u0131n<\/a>!<\/p>\n<p>&nbsp;<\/p>","protected":false},"excerpt":{"rendered":"<p>Double Shield TBM Support Shoe Cylinder The double shield TBM support shoe cylinder is a cutting-edge hydraulic component designed to enhance tunnel boring operations&#8217; efficiency and safety. This specialized cylinder plays a crucial role in supporting the shield of a double-shield tunnel boring machine (TBM), ensuring stability and protection during excavation. This informative article will [&hellip;]<\/p>","protected":false},"featured_media":1908,"comment_status":"open","ping_status":"closed","template":"","meta":{"_et_pb_use_builder":"","_et_pb_old_content":"","_et_gb_content_width":""},"product_brand":[],"product_cat":[1519,1549],"product_tag":[1380],"class_list":{"0":"post-1906","1":"product","2":"type-product","3":"status-publish","4":"has-post-thumbnail","6":"product_cat-shield-machine-hydraulic-cylinders","7":"product_cat-single-acting-hydraulic-cylinder","8":"product_tag-hydraulic-cylinder","10":"first","11":"instock","12":"shipping-taxable","13":"product-type-simple"},"amp_enabled":true,"_links":{"self":[{"href":"https:\/\/www.hydraulic-cylinders.net\/tr\/wp-json\/wp\/v2\/product\/1906","targetHints":{"allow":["GET"]}}],"collection":[{"href":"https:\/\/www.hydraulic-cylinders.net\/tr\/wp-json\/wp\/v2\/product"}],"about":[{"href":"https:\/\/www.hydraulic-cylinders.net\/tr\/wp-json\/wp\/v2\/types\/product"}],"replies":[{"embeddable":true,"href":"https:\/\/www.hydraulic-cylinders.net\/tr\/wp-json\/wp\/v2\/comments?post=1906"}],"wp:featuredmedia":[{"embeddable":true,"href":"https:\/\/www.hydraulic-cylinders.net\/tr\/wp-json\/wp\/v2\/media\/1908"}],"wp:attachment":[{"href":"https:\/\/www.hydraulic-cylinders.net\/tr\/wp-json\/wp\/v2\/media?parent=1906"}],"wp:term":[{"taxonomy":"product_brand","embeddable":true,"href":"https:\/\/www.hydraulic-cylinders.net\/tr\/wp-json\/wp\/v2\/product_brand?post=1906"},{"taxonomy":"product_cat","embeddable":true,"href":"https:\/\/www.hydraulic-cylinders.net\/tr\/wp-json\/wp\/v2\/product_cat?post=1906"},{"taxonomy":"product_tag","embeddable":true,"href":"https:\/\/www.hydraulic-cylinders.net\/tr\/wp-json\/wp\/v2\/product_tag?post=1906"}],"curies":[{"name":"wp","href":"https:\/\/api.w.org\/{rel}","templated":true}]}}