{"id":19094,"date":"2025-04-07T06:12:30","date_gmt":"2025-04-07T06:12:30","guid":{"rendered":"https:\/\/www.hydraulic-cylinders.net\/product\/boom-cylinder-for-yugong-wy15-7\/"},"modified":"2025-04-07T06:12:32","modified_gmt":"2025-04-07T06:12:32","slug":"boom-cylinder-for-yugong-wy15-7","status":"publish","type":"product","link":"https:\/\/www.hydraulic-cylinders.net\/tr\/urun\/boom-cylinder-for-yugong-wy15-7\/","title":{"rendered":"Yugong WY15-7 i\u00e7in Bom Silindiri"},"content":{"rendered":"<h1>Yugong WY15-7 i\u00e7in Bom Silindiri<\/h1>\n<h2>\u00dcr\u00fcn Genel Bak\u0131\u015f\u0131<\/h2>\n<p>Yugong WY15-7 Bom Silindiri, \u00e7e\u015fitli a\u011f\u0131r makinelerdeki kep\u00e7elerin hareketini kontrol etmek i\u00e7in tasarlanm\u0131\u015f \u00f6zel bir hidrolik silindirdir. Hidrolik silindirler, hidrolik sistemlerde kritik bile\u015fenlerdir ve ekipman\u0131n hareketinin ve konumland\u0131r\u0131lmas\u0131n\u0131n hassas bir \u015fekilde kontrol edilmesini sa\u011flar. Bu \u00f6zel bom silindiri, ekskavat\u00f6rlerin, kaz\u0131c\u0131 y\u00fckleyicilerin ve \u00f6n y\u00fckleyicilerin i\u015flevi i\u00e7in vazge\u00e7ilmezdir ve kep\u00e7enin verimli bir \u015fekilde kald\u0131r\u0131lmas\u0131n\u0131, indirilmesini ve e\u011filmesini sa\u011flayarak malzeme ta\u015f\u0131ma g\u00f6revlerini kolayla\u015ft\u0131r\u0131r.<\/p>\n<p>Kova silindirleri, bir\u00e7ok in\u015faat ve tar\u0131m makinesi operasyonunun omurgas\u0131n\u0131 olu\u015fturan, kazma ve kald\u0131rma aparatlar\u0131n\u0131n hareketini y\u00f6netmek i\u00e7in \u00f6zel olarak kullan\u0131lan hidrolik silindirlerdir. Hidrolik sistemin g\u00fcc\u00fc, silindirin sa\u011flad\u0131\u011f\u0131 mekanik avantajla birle\u015ferek a\u011f\u0131r y\u00fcklerin kolayl\u0131kla manevra edilmesini sa\u011flar. G\u00fcvenilirlik ve performansa odaklanan Yugong WY15-7 Bom Silindiri, operat\u00f6rlerin g\u00f6revlerini g\u00fcvenli ve etkili bir \u015fekilde yerine getirmelerini sa\u011flar.<\/p>\n<p><img decoding=\"async\" src=\"https:\/\/www.hydraulic-cylinders.net\/wp-content\/uploads\/2025\/04\/songte-company-1.webp\" alt=\"Yugong WY15-7 i\u00e7in Bom Silindiri\"><\/p>\n<h2>Yugong WY15-7 i\u00e7in Bom Silindirinin \u00d6zellikleri<\/h2>\n<ul>\n<li><strong>Y\u00fcksek Dayan\u0131kl\u0131l\u0131k ve Dayan\u0131kl\u0131l\u0131k:<\/strong> Y\u00fcksek mukavemetli \u00e7elik veya al\u00fcminyumdan \u00fcretilen bu silindir, y\u00fcksek bas\u0131nca ve a\u011f\u0131r y\u00fcklere dayanabildi\u011finden zorlu \u00e7al\u0131\u015fma ortamlar\u0131 i\u00e7in uygundur. Tasar\u0131m\u0131nda a\u015f\u0131nma ve korozyon direnci g\u00f6z \u00f6n\u00fcnde bulundurularak kullan\u0131m \u00f6mr\u00fc uzat\u0131lm\u0131\u015ft\u0131r.<\/li>\n<li><strong>Verimli Hidrolik \u00c7al\u0131\u015fma:<\/strong> Bu silindir, p\u00fcr\u00fczs\u00fcz geri \u00e7ekme ve uzatma sa\u011flamak i\u00e7in hidrolik ya\u011f bas\u0131nc\u0131n\u0131 kullan\u0131r, operat\u00f6r komutlar\u0131na h\u0131zl\u0131 bir \u015fekilde yan\u0131t verir ve g\u00fc\u00e7l\u00fc itme ve \u00e7ekme kuvveti sa\u011flar, a\u011f\u0131r ve karma\u015f\u0131k g\u00f6revlerin \u00fcstesinden gelmek i\u00e7in idealdir.<\/li>\n<li><strong>\u00c7e\u015fitli Se\u00e7enekler:<\/strong> Bom Silindiri, \u00e7e\u015fitli operasyonel gereksinimleri kar\u015f\u0131lamak i\u00e7in tek etkili (tek y\u00f6nde hidrolik hareket kullanan) veya \u00e7ift etkili (her iki y\u00f6nde hidrolik hareket kullanan) konfig\u00fcrasyonlarda mevcuttur. Baz\u0131 modeller, harici boyutlar\u0131 art\u0131rmadan daha fazla uzatma sa\u011flayan teleskopik tasar\u0131mlara sahiptir ve bu, s\u0131n\u0131rl\u0131 alana sahip uygulamalar i\u00e7in m\u00fckemmeldir.<\/li>\n<li><strong>Hassas M\u00fchendislik:<\/strong> Her silindir, \u00fcretim s\u00fcrecinde ileri teknoloji kullan\u0131larak, optimum performans ve uzun \u00f6m\u00fcr sa\u011flamak i\u00e7in hassasiyetle \u00fcretilmi\u015ftir.<\/li>\n<li><strong>Uyumluluk:<\/strong> \u00dcr\u00fcnlerimiz \u00e7e\u015fitli hidrolik silindirlerin m\u00fckemmel yedek par\u00e7alar\u0131 olarak hizmet vererek farkl\u0131 makine modelleri aras\u0131nda kusursuz entegrasyon ve \u00e7al\u0131\u015fma sa\u011flar.<\/li>\n<\/ul>\n<p><img decoding=\"async\" src=\"https:\/\/www.hydraulic-cylinders.net\/wp-content\/uploads\/2025\/04\/songte-cylinder-head-with-all-kinds-excavator-models.webp\" alt=\"Ekskavat\u00f6r Modelleriyle Uyumluluk\"><\/p>\n<h2>Yugong WY15-7 i\u00e7in Bom Silindirinin Uygulamalar\u0131<\/h2>\n<h3>\u0130n\u015faat Ekipmanlar\u0131<\/h3>\n<p>Ekskavat\u00f6rlerde Bom Silindiri, toprak veya molozun kaz\u0131lmas\u0131, y\u00fcklenmesi ve ta\u015f\u0131nmas\u0131nda hayati bir rol oynar. Kovan\u0131n konumunun hassas bir \u015fekilde kontrol edilmesini sa\u011flayarak operat\u00f6rlerin verimli ve etkili bir \u015fekilde \u00e7al\u0131\u015fmas\u0131n\u0131 sa\u011flar. Beko-Loderlerde ise kova silindiri sadece kaz\u0131da de\u011fil, ayn\u0131 zamanda kald\u0131rmada da yard\u0131mc\u0131 olur ve bu da onu \u015fantiyelerde \u00e7e\u015fitli g\u00f6revlerin yerine getirilmesi i\u00e7in vazge\u00e7ilmez k\u0131lar.<\/p>\n<h3>Tar\u0131m Makinalar\u0131<\/h3>\n<p>\u00d6n y\u00fckleyicilerde Bom Silindiri, toprak, saman ve di\u011fer malzemelerin kep\u00e7elenmesi, kald\u0131r\u0131lmas\u0131 ve ta\u015f\u0131nmas\u0131 i\u00e7in hayati \u00f6nem ta\u015f\u0131r. Bu hidrolik bile\u015fen, tar\u0131msal i\u015flerin h\u0131zl\u0131 ve minimum \u00e7abayla yap\u0131lmas\u0131n\u0131 sa\u011flayarak \u00e7ift\u00e7ilik faaliyetlerinde verimlili\u011fi art\u0131r\u0131r.<\/p>\n<h3>Ekskavat\u00f6rler<\/h3>\n<p>Bom Silindiri, kep\u00e7enin topra\u011fa etkili bir \u015fekilde n\u00fcfuz etmesini sa\u011flayarak kazma i\u015flemini kolayla\u015ft\u0131r\u0131r. Bu tasar\u0131m, derin kaz\u0131lar elde etmek ve operat\u00f6rlerin makine \u00fczerinde a\u015f\u0131r\u0131 y\u00fck olmadan g\u00f6revlerini yerine getirebilmelerini sa\u011flamak i\u00e7in hayati \u00f6nem ta\u015f\u0131r.<\/p>\n<h3>Y\u00fckleyiciler<\/h3>\n<p>\u00d6n y\u00fckleyicilerde, Bom Silindiri y\u00fcklerin verimli bir \u015fekilde kald\u0131r\u0131lmas\u0131 ve bo\u015falt\u0131lmas\u0131ndan sorumludur. G\u00fcvenilir performans\u0131, malzemelerin h\u0131zl\u0131 bir \u015fekilde ta\u015f\u0131nmas\u0131n\u0131 sa\u011flayarak ar\u0131za s\u00fcrelerini azalt\u0131r ve \u015fantiyedeki genel verimlili\u011fi art\u0131r\u0131r.<\/p>\n<h2>Tasar\u0131m Hususlar\u0131 ve Se\u00e7im Kriterleri<\/h2>\n<h3>Y\u00fck Kapasitesi<\/h3>\n<p>Bir bom silindiri se\u00e7erken, \u00f6ncelikli hususlardan biri y\u00fck kapasitesidir. Silindir, \u00e7al\u0131\u015fma s\u0131ras\u0131nda kald\u0131rabilece\u011fi maksimum a\u011f\u0131rl\u0131\u011f\u0131 destekleyebilmelidir. Bu, hidrolik sistemin \u00f6zelliklerinin de\u011ferlendirilmesini ve silindirin g\u00fcvenlik veya performanstan \u00f6d\u00fcn vermeden gerekli kuvveti sa\u011flayabilmesini i\u00e7erir. Silindir ar\u0131zalar\u0131n\u0131 \u00f6nlemek ve g\u00fcvenli \u00e7al\u0131\u015fma sa\u011flamak i\u00e7in y\u00fck gereksinimlerinin kapsaml\u0131 bir analizi \u015fartt\u0131r.<\/p>\n<h3>S\u0131zd\u0131rmazl\u0131k Performans\u0131<\/h3>\n<p>S\u0131zd\u0131rmazl\u0131k, hidrolik silindir tasar\u0131m\u0131n\u0131n kritik bir unsurudur. Optimum performans ve verimlili\u011fi korumak i\u00e7in contalar, hidrolik s\u0131v\u0131n\u0131n s\u0131zmas\u0131n\u0131 \u00f6nlerken silindirin sorunsuz hareket etmesini sa\u011flamal\u0131d\u0131r. Poli\u00fcretan veya nitril kau\u00e7uk gibi dayan\u0131kl\u0131 malzemelerden yap\u0131lm\u0131\u015f y\u00fcksek kaliteli contalar (piston contalar\u0131 ve piston kolu contalar\u0131 gibi), bas\u0131nc\u0131 korumak ve a\u015f\u0131nmay\u0131 en aza indirmek i\u00e7in olmazsa olmazd\u0131r. Uygun s\u0131zd\u0131rmazl\u0131k, bile\u015fenin ve t\u00fcm hidrolik sistemin uzun \u00f6m\u00fcrl\u00fc olmas\u0131na katk\u0131da bulunur.<\/p>\n<h3>Dayan\u0131kl\u0131l\u0131k<\/h3>\n<p>Hidrolik silindirler i\u00e7in dayan\u0131kl\u0131l\u0131k, \u00f6zellikle zorlu ortamlarda hayati \u00f6nem ta\u015f\u0131r. \u0130n\u015faatta kullan\u0131lan malzemeler a\u015f\u0131nma, y\u0131pranma, korozyon ve a\u015f\u0131r\u0131 ko\u015fullara dayan\u0131kl\u0131 olmal\u0131d\u0131r. Genellikle y\u00fcksek mukavemetli \u00e7elik veya al\u00fcminyum kullan\u0131l\u0131r ve a\u015f\u0131nmaya ve \u00e7evresel fakt\u00f6rlere kar\u015f\u0131 direnci art\u0131rmak i\u00e7in y\u00fczey i\u015flemleri uygulan\u0131r. Dayan\u0131kl\u0131 malzemelerin se\u00e7ilmesi, silindirin ama\u00e7lanan kullan\u0131m \u00f6mr\u00fc boyunca g\u00fcvenilir bir \u015fekilde \u00e7al\u0131\u015fmas\u0131n\u0131 sa\u011flar.<\/p>\n<h3>G\u00fcvenlik \u00d6zellikleri<\/h3>\n<p>A\u011f\u0131r makinelerle \u00e7al\u0131\u015f\u0131rken g\u00fcvenlik son derece \u00f6nemlidir. Bom silindiri, a\u015f\u0131r\u0131 bas\u0131nc\u0131 \u00f6nlemek i\u00e7in bas\u0131n\u00e7 tahliye valfleri ve hidrolik bas\u0131n\u00e7 kayb\u0131 durumunda silindiri sabitleyen emniyet sistemleri gibi g\u00fcvenlik \u00f6zelliklerine sahip olmal\u0131d\u0131r. Bu \u00f6zellikler hem operat\u00f6r\u00fc hem de ekipman\u0131 olas\u0131 kaza veya yaralanmalardan korur.<\/p>\n<h3>Bak\u0131m kolayl\u0131\u011f\u0131<\/h3>\n<p>Hidrolik silindir tasar\u0131m\u0131nda bir di\u011fer \u00f6nemli husus da bak\u0131m kolayl\u0131\u011f\u0131d\u0131r. Silindir, ya\u011f de\u011fi\u015fimi, conta de\u011fi\u015fimi ve kontroller gibi basit bak\u0131m i\u015flemlerine olanak sa\u011flamal\u0131d\u0131r. Eri\u015filebilir bir tasar\u0131m, ar\u0131za s\u00fcresini ve bak\u0131m maliyetlerini \u00f6nemli \u00f6l\u00e7\u00fcde azaltarak operat\u00f6rlerin makinelerini minimum sorunla optimum \u00e7al\u0131\u015fma ko\u015fullar\u0131nda tutmalar\u0131n\u0131 sa\u011flar.<\/p>\n<p><img decoding=\"async\" src=\"https:\/\/www.hydraulic-cylinders.net\/wp-content\/uploads\/2025\/04\/songte-oil-pipes-and-spare-parts.webp\" alt=\"Hidrolik Silindir Yedek Par\u00e7alar\u0131\"><\/p>\n<h2>S\u0131zd\u0131rmazl\u0131k ve Ya\u011flama<\/h2>\n<p>Hidrolik silindirlerin optimum performans\u0131 i\u00e7in etkili s\u0131zd\u0131rmazl\u0131k ve ya\u011flama hayati \u00f6nem ta\u015f\u0131r. Piston contalar\u0131 ve piston kolu contalar\u0131 gibi \u00e7e\u015fitli s\u0131zd\u0131rmazl\u0131k elemanlar\u0131, bas\u0131nc\u0131n korunmas\u0131nda ve s\u0131z\u0131nt\u0131lar\u0131n \u00f6nlenmesinde \u00f6nemli bir rol oynar. Poli\u00fcretan ve nitril kau\u00e7uk gibi a\u015f\u0131nmaya dayan\u0131kl\u0131 malzemelerden \u00fcretilen contalar, dayan\u0131kl\u0131l\u0131klar\u0131 ve esneklikleri nedeniyle yayg\u0131n olarak kullan\u0131l\u0131r.<\/p>\n<p>Silindir g\u00f6vdesi ve di\u015fli u\u00e7 y\u00fczeyleri, a\u015f\u0131nma direncini art\u0131rmak ve uygun bir uyum sa\u011flamak i\u00e7in hassas bir i\u015fleme tabi tutulur. S\u00fcrt\u00fcnme ve a\u015f\u0131nmay\u0131 en aza indirmek, hidrolik sistemin uzun \u00f6m\u00fcrl\u00fc ve verimli olmas\u0131na katk\u0131da bulunmak i\u00e7in d\u00fczenli olarak hidrolik ya\u011f ile ya\u011flama yapmak \u00f6nemlidir. Do\u011fru ya\u011flama uygulamalar\u0131, optimum silindir performans\u0131n\u0131n korunmas\u0131na ve erken ar\u0131zalar\u0131n \u00f6nlenmesine yard\u0131mc\u0131 olarak bak\u0131m maliyetlerini d\u00fc\u015f\u00fcr\u00fcr.<\/p>\n<h2>D\u00fczenli Muayene ve \u00d6nleyici Bak\u0131m<\/h2>\n<ul>\n<li><strong>G\u00f6rsel Muayeneler:<\/strong> Herhangi bir a\u015f\u0131nma, s\u0131z\u0131nt\u0131 veya fiziksel hasar belirtisi olup olmad\u0131\u011f\u0131n\u0131 kontrol etmek i\u00e7in d\u00fczenli g\u00f6rsel incelemeler yap\u0131lmal\u0131d\u0131r. Sorunlar\u0131n erken tespiti, daha fazla hasar\u0131 ve maliyetli onar\u0131mlar\u0131 \u00f6nleyebilir.<\/li>\n<li><strong>Ya\u011flama Bak\u0131m\u0131:<\/strong> Silindirin verimlili\u011finin korunmas\u0131 i\u00e7in hidrolik ya\u011f\u0131n yeterli miktarda doldurulmas\u0131 ve d\u00fczenli olarak de\u011fi\u015ftirilmesi \u00e7ok \u00f6nemlidir. Ya\u011flaman\u0131n ihmal edilmesi a\u015f\u0131nma ve y\u0131pranman\u0131n artmas\u0131na neden olabilir.<\/li>\n<li><strong>Conta De\u011fi\u015fimi:<\/strong> Zamanla contalar a\u015f\u0131nabilir ve optimum s\u0131zd\u0131rmazl\u0131k performans\u0131n\u0131 korumak i\u00e7in de\u011fi\u015ftirilmeleri gerekebilir. D\u00fczenli kontroller, contalar\u0131n ne zaman de\u011fi\u015ftirilmesi gerekti\u011fini belirlemeye yard\u0131mc\u0131 olabilir.<\/li>\n<\/ul>\n<h2>Kurulum Talimatlar\u0131<\/h2>\n<p>Yugong WY15-7 Bom Silindirinin do\u011fru montaj\u0131, performans\u0131 ve uzun \u00f6m\u00fcrl\u00fcl\u00fc\u011f\u00fc i\u00e7in \u00e7ok \u00f6nemlidir. \u00c7al\u0131\u015fma alan\u0131n\u0131n temiz ve kal\u0131nt\u0131lardan ar\u0131nd\u0131r\u0131lm\u0131\u015f oldu\u011fundan emin olun. Silindiri, erken a\u015f\u0131nmaya yol a\u00e7abilecek hizalama hatalar\u0131n\u0131 \u00f6nlemek i\u00e7in montaj braketleriyle do\u011fru \u015fekilde hizalay\u0131n. Silindiri s\u0131k\u0131ca yerine sabitlemek i\u00e7in uygun montaj braketleri kullanman\u0131z \u00f6nerilir.<\/p>\n<p>Kurulum s\u0131ras\u0131nda t\u00fcm hidrolik ba\u011flant\u0131lar\u0131n s\u0131k\u0131 ve s\u0131zd\u0131rmaz oldu\u011fundan emin olun. Hidrolik s\u0131v\u0131 seviyelerini kontrol edin ve sistemin havas\u0131n\u0131n al\u0131nd\u0131\u011f\u0131ndan emin olun. Kurulum tamamland\u0131ktan sonra, silindirin sorunsuz ve etkili bir \u015fekilde \u00e7al\u0131\u015ft\u0131\u011f\u0131n\u0131 do\u011frulamak i\u00e7in kapsaml\u0131 bir inceleme ve \u00e7al\u0131\u015fma testi ger\u00e7ekle\u015ftirin. Do\u011fru kurulum, hidrolik silindirin performans\u0131n\u0131 art\u0131rman\u0131n yan\u0131 s\u0131ra \u00f6mr\u00fcn\u00fc de \u00f6nemli \u00f6l\u00e7\u00fcde uzat\u0131r.<\/p>\n<h2>Yayg\u0131n Bak\u0131m G\u00f6revleri<\/h2>\n<h3>D\u00fczenli Denetimler<\/h3>\n<p>Olas\u0131 sorunlar\u0131n b\u00fcy\u00fcmeden \u00f6nce tespit edilmesi i\u00e7in d\u00fczenli denetimler yapmak \u00e7ok \u00f6nemlidir. Operat\u00f6rler, hidrolik s\u0131v\u0131 s\u0131z\u0131nt\u0131s\u0131, a\u015f\u0131nma veya silindir hasar\u0131 belirtilerini d\u00fczenli olarak kontrol etmelidir. Sorunlar\u0131n erken tespiti, zamandan ve onar\u0131m maliyetlerinden tasarruf sa\u011flayarak hidrolik sistemin \u00e7al\u0131\u015f\u0131r durumda ve g\u00fcvenli kalmas\u0131n\u0131 sa\u011flar.<\/p>\n<h3>Uygun Ya\u011flama<\/h3>\n<p>Hidrolik silindirin d\u00fczg\u00fcn ya\u011flanmas\u0131, i\u015flevselli\u011fi i\u00e7in \u00e7ok \u00f6nemlidir. Hidrolik s\u0131v\u0131 seviyelerini d\u00fczenli olarak kontrol edin ve gerekti\u011finde doldurun. Do\u011fru tipte hidrolik ya\u011f kullanmak, silindirin sorunsuz ve verimli \u00e7al\u0131\u015fmas\u0131n\u0131 sa\u011flayarak i\u00e7 bile\u015fenlerdeki a\u015f\u0131nmay\u0131 azalt\u0131r.<\/p>\n<h3>Conta De\u011fi\u015fimi ve Kalibrasyon Kontrolleri<\/h3>\n<p>Zamanla contalar a\u015f\u0131nabilir ve optimum performans\u0131 korumak i\u00e7in de\u011fi\u015ftirilmeleri gerekebilir. Conta durumunu de\u011ferlendirmek ve gerekti\u011finde de\u011fi\u015ftirmek i\u00e7in rutin kontroller uygulay\u0131n. Ayr\u0131ca, t\u00fcm bile\u015fenlerin d\u00fczg\u00fcn ve verimli bir \u015fekilde \u00e7al\u0131\u015fmas\u0131n\u0131 sa\u011flamak i\u00e7in hidrolik sistemi periyodik olarak kalibre edin ve makinenin genel performans\u0131n\u0131 art\u0131r\u0131n.<\/p>\n<p><img decoding=\"async\" src=\"https:\/\/www.hydraulic-cylinders.net\/wp-content\/uploads\/2025\/04\/songte-chushion-collar.webp\" alt=\"Hidrolik Silindir i\u00e7in Yast\u0131k Yaka\"><\/p>\n<h2>G\u00fcvenlik Hususlar\u0131 ve \u00c7evresel Fakt\u00f6rler<\/h2>\n<p>Hidrolik silindirleri kullan\u0131rken g\u00fcvenlik \u00f6nlemlerinin uygulanmas\u0131, kazalar\u0131 \u00f6nlemek ve operat\u00f6r g\u00fcvenli\u011fini sa\u011flamak i\u00e7in \u00e7ok \u00f6nemlidir. Operat\u00f6rler, ani ar\u0131zalar veya hidrolik s\u0131v\u0131 s\u0131z\u0131nt\u0131lar\u0131 gibi hidrolik sistemlerle ili\u015fkili riskleri anlayacak \u015fekilde e\u011fitilmelidir. Hidrolik sistemin uygun \u015fekilde bak\u0131m\u0131, yaln\u0131zca performans\u0131 art\u0131rmakla kalmaz, ayn\u0131 zamanda hidrolik s\u0131v\u0131lardan kaynaklanan \u00e7evre kirlili\u011fi riskini de azalt\u0131r.<\/p>\n<h2>Ar\u0131za Te\u015fhisi ve Yayg\u0131n Sorunlar<\/h2>\n<ul>\n<li><strong>Hidrolik S\u0131v\u0131 S\u0131z\u0131nt\u0131lar\u0131:<\/strong> Hidrolik silindirlerde en s\u0131k kar\u015f\u0131la\u015f\u0131lan sorunlardan biri s\u0131v\u0131 s\u0131z\u0131nt\u0131s\u0131d\u0131r. Bu, a\u015f\u0131nm\u0131\u015f contalardan veya hasarl\u0131 par\u00e7alardan kaynaklanabilir. S\u0131z\u0131nt\u0131lar\u0131 \u00f6nlemek i\u00e7in d\u00fczenli kontroller, conta b\u00fct\u00fcnl\u00fc\u011f\u00fcne ve silindir durumuna odaklanmal\u0131d\u0131r.<\/li>\n<li><strong>Tutarl\u0131 Olmayan Hareket:<\/strong> Silindir d\u00fczg\u00fcn bir \u015fekilde a\u00e7\u0131l\u0131p kapanm\u0131yorsa, bu durum hidrolik s\u0131v\u0131s\u0131n\u0131n az oldu\u011funu, sistemde hava oldu\u011funu veya i\u00e7 a\u015f\u0131nma oldu\u011funu g\u00f6sterebilir. S\u0131v\u0131 seviyelerini kontrol etmek ve havay\u0131 bo\u015faltmak genellikle bu sorunu \u00e7\u00f6zebilir.<\/li>\n<li><strong>A\u015f\u0131r\u0131 Is\u0131nma:<\/strong> A\u015f\u0131r\u0131 \u0131s\u0131nma, a\u015f\u0131r\u0131 y\u00fck veya yetersiz ya\u011flama nedeniyle meydana gelebilir. \u00c7al\u0131\u015fma ko\u015fullar\u0131n\u0131n izlenmesi ve uygun ya\u011flaman\u0131n sa\u011flanmas\u0131, a\u015f\u0131r\u0131 \u0131s\u0131nmay\u0131 ve sonras\u0131nda olu\u015fabilecek hasar\u0131 \u00f6nlemeye yard\u0131mc\u0131 olabilir.<\/li>\n<\/ul>\n<h2>Sorun Giderme \u0130pu\u00e7lar\u0131<\/h2>\n<p>Bom Silindiri ile ilgili sorunlar\u0131 te\u015fhis ederken, olas\u0131 sorunlar\u0131 sistematik olarak belirlemek \u00f6nemlidir. \u00d6ncelikle s\u0131v\u0131 seviyelerini kontrol edin ve s\u0131z\u0131nt\u0131 olup olmad\u0131\u011f\u0131n\u0131 inceleyin. Belirtiler devam ederse, hidrolik sistemi hava cepleri veya bas\u0131n\u00e7 tutars\u0131zl\u0131klar\u0131 a\u00e7\u0131s\u0131ndan inceleyin. Sorunlar\u0131 en aza indirmek ve verimli \u00e7al\u0131\u015fmay\u0131 sa\u011flamak i\u00e7in d\u00fczenli bak\u0131m ve zaman\u0131nda onar\u0131mlar hayati \u00f6nem ta\u015f\u0131r.<\/p>\n<p>Planl\u0131 bak\u0131m rutinlerine uymak ve hidrolik sistemi temiz tutmak gibi \u00f6nleyici tedbirler, b\u00fcy\u00fck sorunlarla kar\u015f\u0131la\u015fma olas\u0131l\u0131\u011f\u0131n\u0131 \u00f6nemli \u00f6l\u00e7\u00fcde azaltabilir. Operat\u00f6rler, silindirin bak\u0131m\u0131n\u0131 do\u011fru \u015fekilde yaparak \u00f6mr\u00fcn\u00fc ve g\u00fcvenilirli\u011fini art\u0131rabilirler.<\/p>\n<p><img decoding=\"async\" src=\"https:\/\/www.hydraulic-cylinders.net\/wp-content\/uploads\/2025\/04\/songte-bushings-with-all-kinds-of-excavator-models.webp\" alt=\"Ekskavat\u00f6r Modelleri i\u00e7in Bur\u00e7lar\"><\/p>\n<h2>\u015eirketimiz Hakk\u0131nda<\/h2>\n<p>\u00c7e\u015fitli hidrolik bile\u015fenler i\u00e7in y\u00fcksek kaliteli alternatifler sunma konusunda uzmanla\u015fm\u0131\u015f, lider bir hidrolik silindir \u00fcreticisi ve toptanc\u0131s\u0131y\u0131z. Geni\u015f \u00fcr\u00fcn yelpazemiz, bizi hem yurt i\u00e7i hem de uluslararas\u0131 pazarlarda \u00f6nemli bir oyuncu haline getirmi\u015ftir. M\u00fckemmelli\u011fe olan ba\u011fl\u0131l\u0131\u011f\u0131m\u0131zla, rafine \u00fcretim stratejileri ve geli\u015fmi\u015f \u00fcretim y\u00f6netimi uygulamalar\u0131ndan yararlan\u0131yoruz.<\/p>\n<p>Sundu\u011fumuz hizmetler, \u00fcretim kapasitemizi art\u0131ran yetenekli teknisyenlerimiz, son teknoloji \u00fcretim ekipmanlar\u0131m\u0131z ve kapsaml\u0131 test sistemlerimizle desteklenmektedir. \u00c7e\u015fitli m\u00fc\u015fteri ihtiya\u00e7lar\u0131n\u0131 verimlilik, hassasiyet ve kaliteyle kar\u015f\u0131lamay\u0131 hedefliyor, \u00fcr\u00fcnlerimizin uluslararas\u0131 standartlara ve sertifikalara uygun olmas\u0131n\u0131 sa\u011fl\u0131yoruz.<\/p>\n<p><img decoding=\"async\" src=\"https:\/\/www.hydraulic-cylinders.net\/wp-content\/uploads\/2025\/04\/songte-company-4.webp\" alt=\"\u015eirketimizin Tesisleri\"><br \/>\n<img decoding=\"async\" src=\"https:\/\/www.hydraulic-cylinders.net\/wp-content\/uploads\/2025\/04\/songte-company-3.webp\" alt=\"\u00dcretim S\u00fcreci\"><\/p>\n<p>Yazar: lyl<\/p>","protected":false},"excerpt":{"rendered":"<p>Boom Cylinder For Yugong WY15-7 Product Overview The Boom Cylinder for Yugong WY15-7 is a specialized hydraulic cylinder designed for controlling the movement of buckets in various heavy machinery. Hydraulic cylinders are critical components in hydraulic systems, allowing for precise control of the movement and positioning of equipment. This particular boom cylinder is integral to [&hellip;]<\/p>","protected":false},"featured_media":17870,"comment_status":"open","ping_status":"closed","template":"","meta":{"_et_pb_use_builder":"","_et_pb_old_content":"","_et_gb_content_width":""},"product_brand":[],"product_cat":[1546],"product_tag":[1547,1496],"class_list":{"0":"post-19094","1":"product","2":"type-product","3":"status-publish","4":"has-post-thumbnail","6":"product_cat-boom-cylinders","7":"product_tag-boom-cylinders","8":"product_tag-hydraulic-cylinders","10":"first","11":"instock","12":"shipping-taxable","13":"product-type-simple"},"amp_enabled":true,"_links":{"self":[{"href":"https:\/\/www.hydraulic-cylinders.net\/tr\/wp-json\/wp\/v2\/product\/19094","targetHints":{"allow":["GET"]}}],"collection":[{"href":"https:\/\/www.hydraulic-cylinders.net\/tr\/wp-json\/wp\/v2\/product"}],"about":[{"href":"https:\/\/www.hydraulic-cylinders.net\/tr\/wp-json\/wp\/v2\/types\/product"}],"replies":[{"embeddable":true,"href":"https:\/\/www.hydraulic-cylinders.net\/tr\/wp-json\/wp\/v2\/comments?post=19094"}],"wp:featuredmedia":[{"embeddable":true,"href":"https:\/\/www.hydraulic-cylinders.net\/tr\/wp-json\/wp\/v2\/media\/17870"}],"wp:attachment":[{"href":"https:\/\/www.hydraulic-cylinders.net\/tr\/wp-json\/wp\/v2\/media?parent=19094"}],"wp:term":[{"taxonomy":"product_brand","embeddable":true,"href":"https:\/\/www.hydraulic-cylinders.net\/tr\/wp-json\/wp\/v2\/product_brand?post=19094"},{"taxonomy":"product_cat","embeddable":true,"href":"https:\/\/www.hydraulic-cylinders.net\/tr\/wp-json\/wp\/v2\/product_cat?post=19094"},{"taxonomy":"product_tag","embeddable":true,"href":"https:\/\/www.hydraulic-cylinders.net\/tr\/wp-json\/wp\/v2\/product_tag?post=19094"}],"curies":[{"name":"wp","href":"https:\/\/api.w.org\/{rel}","templated":true}]}}