{"id":19096,"date":"2025-04-07T06:12:34","date_gmt":"2025-04-07T06:12:34","guid":{"rendered":"https:\/\/www.hydraulic-cylinders.net\/product\/boom-cylinder-for-yugong-wy135-8\/"},"modified":"2025-04-07T06:12:40","modified_gmt":"2025-04-07T06:12:40","slug":"boom-cylinder-for-yugong-wy135-8","status":"publish","type":"product","link":"https:\/\/www.hydraulic-cylinders.net\/tr\/urun\/boom-cylinder-for-yugong-wy135-8\/","title":{"rendered":"Yugong WY135-8 i\u00e7in Bom Silindiri"},"content":{"rendered":"<h1>Yugong WY135-8 i\u00e7in Bom Silindiri<\/h1>\n<h2>\u00dcr\u00fcn Genel Bak\u0131\u015f\u0131<\/h2>\n<p>Yugong WY135-8 i\u00e7in tasarlanm\u0131\u015f bom silindiri, ekskavat\u00f6rler, kaz\u0131c\u0131 y\u00fckleyiciler ve \u00f6n y\u00fckleyiciler gibi \u00e7e\u015fitli a\u011f\u0131r makinelerde bom kolunun hareketini kontrol etmek i\u00e7in \u00f6zel olarak \u00fcretilmi\u015f bir hidrolik silindirdir. Bu silindirler, ekipman\u0131n hassas bir \u015fekilde kald\u0131r\u0131lmas\u0131n\u0131, indirilmesini ve e\u011filmesini sa\u011flayarak verimli malzeme ta\u015f\u0131ma i\u015flemlerini kolayla\u015ft\u0131r\u0131r. Hidrolik sistemlerin \u00f6nemli bir bile\u015feni olan bom silindiri, hidrolik enerjiyi mekanik enerjiye d\u00f6n\u00fc\u015ft\u00fcrerek g\u00fc\u00e7l\u00fc ve kontroll\u00fc hareketler sa\u011flar.<\/p>\n<p><img decoding=\"async\" src=\"https:\/\/www.hydraulic-cylinders.net\/wp-content\/uploads\/2025\/04\/songte-company-1.webp\" alt=\"Bom Silindiri G\u00f6r\u00fcnt\u00fcs\u00fc\" \/><\/p>\n<h2>Temel \u00d6zellikler<\/h2>\n<ul>\n<li>\n<h3>Y\u00fcksek G\u00fc\u00e7 ve Dayan\u0131kl\u0131l\u0131k<\/h3>\n<p>Y\u00fcksek mukavemetli \u00e7elik veya al\u00fcminyumdan \u00fcretilen bom silindiri, y\u00fcksek bas\u0131nca ve a\u011f\u0131r y\u00fcklere dayanacak \u015fekilde tasarlanm\u0131\u015ft\u0131r ve bu da onu zorlu \u00e7al\u0131\u015fma ortamlar\u0131 i\u00e7in uygun hale getirir. \u00dcr\u00fcn\u00fcn kullan\u0131m \u00f6mr\u00fcn\u00fc uzatmak i\u00e7in a\u015f\u0131nma direnci ve korozyon korumas\u0131 da tasar\u0131m\u0131na dahil edilmi\u015ftir.<\/p>\n<\/li>\n<li>\n<h3>Verimli Hidrolik \u00c7al\u0131\u015fma<\/h3>\n<p>Silindir, d\u00fczg\u00fcn uzama ve geri \u00e7ekilme sa\u011flamak i\u00e7in hidrolik ya\u011f bas\u0131nc\u0131n\u0131 kullan\u0131r, operat\u00f6r komutlar\u0131na h\u0131zl\u0131 yan\u0131t verir ve g\u00fc\u00e7l\u00fc itme ve \u00e7ekme kuvveti sa\u011flar. Bu verimlilik, a\u011f\u0131r malzemelerin ta\u015f\u0131nmas\u0131 ve karma\u015f\u0131k operasyonel g\u00f6revler i\u00e7in \u00e7ok \u00f6nemlidir.<\/p>\n<\/li>\n<li>\n<h3>\u00c7e\u015fitli Konfig\u00fcrasyonlar<\/h3>\n<p>Tek y\u00f6nl\u00fc (tek y\u00f6nde \u00e7al\u0131\u015fan) ve \u00e7ift y\u00f6nl\u00fc (iki y\u00f6nde \u00e7al\u0131\u015fan) tasar\u0131mlarda bulunan bom silindiri, \u00e7e\u015fitli \u00e7al\u0131\u015fma gereksinimlerini kar\u015f\u0131layabilir. Baz\u0131 modellerde teleskopik tasar\u0131mlar bulunur; bu da d\u0131\u015f boyutlar\u0131 art\u0131rmadan daha fazla uzatmaya olanak tan\u0131r ve alan k\u0131s\u0131tlamalar\u0131 olan uygulamalar i\u00e7in idealdir.<\/p>\n<\/li>\n<li>\n<h3>\u00d6zelle\u015ftirilebilir \u00dcretim<\/h3>\n<p>Bu \u00fcr\u00fcn\u00fc \u00fcretme kapasitesine sahibiz ve silindirlerimiz piyasadaki mevcut hidrolik silindirlerin yerini sorunsuz bir \u015fekilde alabilir.<\/p>\n<\/li>\n<\/ul>\n<p><img decoding=\"async\" src=\"https:\/\/www.hydraulic-cylinders.net\/wp-content\/uploads\/2025\/04\/songte-cylinder-head-with-all-kinds-excavator-models.webp\" alt=\"Ekskavat\u00f6r Modeli\" \/><\/p>\n<h2>Uygulamalar<\/h2>\n<ul>\n<li>\n<h3>\u0130n\u015faat Ekipmanlar\u0131<\/h3>\n<p>Ekskavat\u00f6rlerde, bom silindirleri kazma, y\u00fckleme ve toprak veya moloz ta\u015f\u0131ma i\u015flemlerinde hayati \u00f6neme sahiptir. Sadece kaz\u0131 i\u015flemlerine yard\u0131mc\u0131 olmakla kalmaz, ayn\u0131 zamanda malzemelerin kald\u0131r\u0131lmas\u0131na da yard\u0131mc\u0131 olarak makinenin verimlili\u011fini \u00f6nemli \u00f6l\u00e7\u00fcde art\u0131r\u0131rlar. G\u00fcvenilir performanslar\u0131, in\u015faat sekt\u00f6r\u00fcn\u00fcn g\u00fcnl\u00fck operasyonlar\u0131 i\u00e7in \u00e7ok \u00f6nemlidir.<\/p>\n<\/li>\n<li>\n<h3>Tar\u0131m Makinalar\u0131<\/h3>\n<p>\u00d6n y\u00fckleyicilerde kullan\u0131lan bu silindirler, toprak, saman ve di\u011fer malzemelerin kep\u00e7elenmesi, kald\u0131r\u0131lmas\u0131 ve ta\u015f\u0131nmas\u0131ndan sorumludur. Tasar\u0131mlar\u0131, \u00e7e\u015fitli tar\u0131msal i\u015flerde verimli \u00e7al\u0131\u015fmaya olanak tan\u0131yarak \u00e7ift\u00e7ilerin malzemeleri etkili bir \u015fekilde i\u015fleyebilmelerini ve verimliliklerini art\u0131rabilmelerini sa\u011flar.<\/p>\n<\/li>\n<li>\n<h3>Ekskavat\u00f6rler<\/h3>\n<p>Bom silindiri, kaz\u0131 i\u015flemleri s\u0131ras\u0131nda kep\u00e7enin topra\u011fa n\u00fcfuz etmesini sa\u011flayarak operat\u00f6rlerin verimli bir \u015fekilde kaz\u0131 yapmas\u0131na olanak tan\u0131r. Bomun hareketinin hassas kontrol\u00fc, ekskavat\u00f6rlerin daha derin ve daha do\u011fru kaz\u0131 yapabilmesini sa\u011flayarak onlar\u0131 in\u015faat ve peyzaj projelerinde vazge\u00e7ilmez k\u0131lar.<\/p>\n<\/li>\n<li>\n<h3>Y\u00fckleyiciler<\/h3>\n<p>\u00d6n y\u00fckleyicilerde, bom silindirleri y\u00fcklerin etkili bir \u015fekilde kald\u0131r\u0131lmas\u0131na ve bo\u015falt\u0131lmas\u0131na yard\u0131mc\u0131 olur. Hassas hareketleri ve g\u00fc\u00e7leri, y\u00fckleyicilerin topraktan agregaya kadar \u00e7e\u015fitli malzemeleri kolayl\u0131kla ta\u015f\u0131yabilmesini sa\u011flayarak y\u00fckleme s\u00fcrecinin genel verimlili\u011fine katk\u0131da bulunur.<\/p>\n<\/li>\n<\/ul>\n<h2>Tasar\u0131m Hususlar\u0131 ve Se\u00e7im Kriterleri<\/h2>\n<ul>\n<li>\n<h3>Y\u00fck Kapasitesi<\/h3>\n<p>Vin\u00e7 silindiri se\u00e7erken y\u00fck ta\u015f\u0131ma kapasitesini dikkate almak \u00e7ok \u00f6nemlidir. Silindir, g\u00fcvenlik veya performanstan \u00f6d\u00fcn vermeden beklenen maksimum y\u00fck\u00fc ta\u015f\u0131yabilmelidir. Bu, ta\u015f\u0131nacak malzemelerin a\u011f\u0131rl\u0131\u011f\u0131n\u0131n ve makinenin \u00f6zel gereksinimlerinin de\u011ferlendirilmesini i\u00e7erir.<\/p>\n<\/li>\n<li>\n<h3>S\u0131zd\u0131rmazl\u0131k Performans\u0131<\/h3>\n<p>Etkili s\u0131zd\u0131rmazl\u0131k, hidrolik bas\u0131nc\u0131n korunmas\u0131 ve s\u0131z\u0131nt\u0131lar\u0131n \u00f6nlenmesi i\u00e7in \u015fartt\u0131r. Dayan\u0131kl\u0131 malzemelerden yap\u0131lm\u0131\u015f y\u00fcksek kaliteli contalar, silindirin uzun \u00f6m\u00fcrl\u00fcl\u00fc\u011f\u00fc ve g\u00fcvenilirli\u011fi i\u00e7in hayati \u00f6neme sahiptir. Do\u011fru s\u0131zd\u0131rmazl\u0131k, bak\u0131m ihtiya\u00e7lar\u0131n\u0131 azalt\u0131r ve \u00e7al\u0131\u015fma verimlili\u011fini art\u0131r\u0131r.<\/p>\n<\/li>\n<li>\n<h3>Dayan\u0131kl\u0131l\u0131k<\/h3>\n<p>Hidrolik silindir tasar\u0131m\u0131nda dayan\u0131kl\u0131l\u0131k \u00f6nemli bir fakt\u00f6rd\u00fcr. Silindir, kir, toz ve a\u015f\u0131r\u0131 s\u0131cakl\u0131klara maruz kalma da dahil olmak \u00fczere zorlu \u00e7al\u0131\u015fma ko\u015fullar\u0131na dayanmal\u0131d\u0131r. Uzun hizmet \u00f6mr\u00fc i\u00e7in korozyon direnci ve a\u015f\u0131nma korumas\u0131 sa\u011flayan malzeme ve y\u00fczey i\u015flemlerinin se\u00e7ilmesi \u015fartt\u0131r.<\/p>\n<\/li>\n<li>\n<h3>G\u00fcvenlik \u00d6zellikleri<\/h3>\n<p>Hidrolik silindir tasar\u0131m\u0131nda g\u00fcvenlik her zaman \u00f6ncelikli olmal\u0131d\u0131r. Bas\u0131n\u00e7 tahliye vanalar\u0131 ve koruyucu muhafazalar gibi g\u00fcvenlik \u00f6zelliklerinin entegre edilmesi, sistemin operat\u00f6rler veya ekipman i\u00e7in risk olu\u015fturmadan \u00f6ng\u00f6r\u00fclemeyen durumlar\u0131 y\u00f6netebilmesini sa\u011flar.<\/p>\n<\/li>\n<li>\n<h3>Bak\u0131m Eri\u015filebilirli\u011fi<\/h3>\n<p>Tasar\u0131mda bak\u0131m kolayl\u0131\u011f\u0131 da g\u00f6z \u00f6n\u00fcnde bulundurulmal\u0131d\u0131r. Kolayca inceleme, ya\u011flama ve par\u00e7a de\u011fi\u015fimine olanak sa\u011flamal\u0131d\u0131r. Eri\u015filebilirlik, d\u00fczenli bak\u0131m\u0131n verimli bir \u015fekilde ger\u00e7ekle\u015ftirilebilmesini ve b\u00f6ylece silindirin \u00f6mr\u00fcn\u00fcn uzat\u0131lmas\u0131n\u0131 sa\u011flaman\u0131n anahtar\u0131d\u0131r.<\/p>\n<\/li>\n<\/ul>\n<p><img decoding=\"async\" src=\"https:\/\/www.hydraulic-cylinders.net\/wp-content\/uploads\/2025\/04\/songte-oil-pipes-and-spare-parts.webp\" alt=\"Hidrolik Par\u00e7alar\" \/><\/p>\n<h2>S\u0131zd\u0131rmazl\u0131k ve Ya\u011flama<\/h2>\n<p>Hidrolik silindirlerin etkili \u00e7al\u0131\u015fmas\u0131 i\u00e7in uygun s\u0131zd\u0131rmazl\u0131k ve ya\u011flama \u00e7ok \u00f6nemlidir. Sistem i\u00e7indeki bas\u0131nc\u0131 korumak i\u00e7in piston contalar\u0131 ve mil contalar\u0131 gibi \u00e7e\u015fitli s\u0131zd\u0131rmazl\u0131k bile\u015fenleri kullan\u0131l\u0131r. Dayan\u0131kl\u0131l\u0131\u011f\u0131 art\u0131rmak i\u00e7in genellikle poli\u00fcretan ve nitril kau\u00e7uk gibi a\u015f\u0131nmaya dayan\u0131kl\u0131 malzemelerden yap\u0131lm\u0131\u015f contalar kullan\u0131l\u0131r.<\/p>\n<p>Silindir g\u00f6vdesi ve di\u015fli u\u00e7lar\u0131, a\u015f\u0131nma direncini art\u0131rmak ve contalar\u0131n zaman i\u00e7inde b\u00fct\u00fcnl\u00fc\u011f\u00fcn\u00fc korumas\u0131n\u0131 sa\u011flamak i\u00e7in \u00f6zenle i\u015flenmi\u015ftir. Hareketli par\u00e7alar aras\u0131ndaki s\u00fcrt\u00fcnmeyi azaltmak ve a\u015f\u0131nmay\u0131 \u00f6nlemek i\u00e7in hidrolik ya\u011f ile d\u00fczenli ya\u011flama gereklidir. S\u0131k\u0131 bir ya\u011flama program\u0131na uyulmas\u0131, \u00e7al\u0131\u015fma verimlili\u011finin korunmas\u0131na ve silindirin \u00f6mr\u00fcn\u00fcn uzat\u0131lmas\u0131na yard\u0131mc\u0131 olur.<\/p>\n<h2>D\u00fczenli Muayene ve \u00d6nleyici Bak\u0131m<\/h2>\n<ul>\n<li>\n<h3>D\u00fczenli Denetimler<\/h3>\n<p>Potansiyel sorunlar\u0131n b\u00fcy\u00fcmeden \u00f6nce tespit edilmesi i\u00e7in d\u00fczenli kontroller yapmak hayati \u00f6nem ta\u015f\u0131r. Operat\u00f6rler, optimum performans sa\u011flamak i\u00e7in silindir ve bile\u015fenlerinde s\u0131z\u0131nt\u0131, a\u015f\u0131nma ve hasar olup olmad\u0131\u011f\u0131n\u0131 g\u00f6rsel olarak kontrol etmelidir.<\/p>\n<\/li>\n<li>\n<h3>Uygun Ya\u011flama<\/h3>\n<p>Hidrolik silindirin yeterince ya\u011flanmas\u0131, sorunsuz \u00e7al\u0131\u015fma i\u00e7in \u00e7ok \u00f6nemlidir. Operat\u00f6rler, a\u015f\u0131nmay\u0131 \u00f6nlemek i\u00e7in \u00fcreticinin ya\u011flama aral\u0131klar\u0131 hakk\u0131ndaki y\u00f6nergelerini takip etmeli ve \u00f6nerilen hidrolik ya\u011f\u0131 kullanmal\u0131d\u0131r.<\/p>\n<\/li>\n<li>\n<h3>Conta De\u011fi\u015fimi<\/h3>\n<p>Hidrolik b\u00fct\u00fcnl\u00fc\u011f\u00fcn korunmas\u0131 i\u00e7in contalar d\u00fczenli aral\u0131klarla de\u011fi\u015ftirilmelidir. Operat\u00f6rler, sistem ar\u0131zas\u0131n\u0131 \u00f6nlemek i\u00e7in conta performans\u0131n\u0131 dikkatle izlemeli ve a\u015f\u0131nma veya s\u0131z\u0131nt\u0131 belirtilerine derhal m\u00fcdahale etmelidir.<\/p>\n<\/li>\n<\/ul>\n<h2>Kurulum Talimatlar\u0131<\/h2>\n<p>Bom silindirinin do\u011fru \u015fekilde tak\u0131lmas\u0131, optimum performans i\u00e7in \u00e7ok \u00f6nemlidir. \u0130\u015fte izlenmesi gereken baz\u0131 temel ad\u0131mlar:<\/p>\n<ol>\n<li>Montaj y\u00fczeylerinin temiz ve kal\u0131nt\u0131lardan ar\u0131nd\u0131r\u0131lm\u0131\u015f oldu\u011fundan emin olun.<\/li>\n<li>Silindiri do\u011fru \u015fekilde hizalayarak, erken a\u015f\u0131nmaya yol a\u00e7abilecek yanl\u0131\u015f hizalamadan ka\u00e7\u0131n\u0131n.<\/li>\n<li>Silindiri sabitlemek i\u00e7in uygun montaj braketleri kullan\u0131n ve silindirin sa\u011flam ve do\u011fru konumda oldu\u011fundan emin olun.<\/li>\n<li>Montajdan sonra silindirin do\u011fru hareket edip etmedi\u011fini kontrol edin ve gerekli ayarlamalar\u0131 yap\u0131n.<\/li>\n<li>C\u0131vata ve ba\u011flant\u0131 par\u00e7alar\u0131n\u0131 s\u0131karken, \u00fcreticinin tork de\u011ferlerine ili\u015fkin y\u00f6nergelerine uyun.<\/li>\n<\/ol>\n<h2>Yayg\u0131n Bak\u0131m G\u00f6revleri<\/h2>\n<ul>\n<li>\n<h3>D\u00fczenli Kontroller<\/h3>\n<p>Bom silindiri de dahil olmak \u00fczere hidrolik sistemde d\u00fczenli kontroller yapmak, olas\u0131 sorunlar\u0131 erken tespit etmek i\u00e7in \u00e7ok \u00f6nemlidir. Operat\u00f6rler, her \u015feyin do\u011fru \u00e7al\u0131\u015ft\u0131\u011f\u0131ndan emin olmak i\u00e7in silindirin ve \u00e7evresindeki bile\u015fenlerin genel durumunu de\u011ferlendirmelidir.<\/p>\n<\/li>\n<li>\n<h3>Uygun Ya\u011flama<\/h3>\n<p>Hidrolik sistemlerde s\u00fcrt\u00fcnmeyi ve a\u015f\u0131nmay\u0131 azaltmak i\u00e7in ya\u011flama hayati \u00f6nem ta\u015f\u0131r. Operat\u00f6rler, bom silindirinin uzun \u00f6m\u00fcrl\u00fc ve verimli olmas\u0131n\u0131 sa\u011flamak i\u00e7in ya\u011flama programlar\u0131na uymal\u0131 ve uygun hidrolik ya\u011flar kullanmal\u0131d\u0131r.<\/p>\n<\/li>\n<li>\n<h3>Conta De\u011fi\u015fimi ve Kalibrasyon Kontrolleri<\/h3>\n<p>Contalar\u0131n d\u00fczenli olarak de\u011fi\u015ftirilmesi ve silindirin kalibrasyonunun kontrol edilmesi, temel bak\u0131m g\u00f6revleridir. Operat\u00f6rler, s\u0131z\u0131nt\u0131lar\u0131 \u00f6nlemek ve bas\u0131nc\u0131 korumak i\u00e7in contalar\u0131n performans\u0131n\u0131 izlemeli ve gerekti\u011finde de\u011fi\u015ftirmelidir. Kalibrasyon kontrolleri, silindirin belirtilen parametreler dahilinde \u00e7al\u0131\u015ft\u0131\u011f\u0131ndan emin olunmas\u0131n\u0131 sa\u011flar.<\/p>\n<\/li>\n<\/ul>\n<p><img decoding=\"async\" src=\"https:\/\/www.hydraulic-cylinders.net\/wp-content\/uploads\/2025\/04\/songte-chushion-collar.webp\" alt=\"Yast\u0131k Yaka\" \/><\/p>\n<h2>G\u00fcvenlik ve \u00c7evresel Hususlar<\/h2>\n<p>Hidrolik silindirler kullan\u0131l\u0131rken, operat\u00f6rleri ve \u00e7evreyi korumak i\u00e7in g\u00fcvenlik \u00f6nlemlerinin uygulanmas\u0131 \u015fartt\u0131r. \u00c7al\u0131\u015fma prosed\u00fcrleri ve g\u00fcvenlik protokolleri konusunda uygun e\u011fitim, kaza riskini en aza indirir. Ayr\u0131ca, \u00e7evre dostu hidrolik ya\u011flar\u0131n kullan\u0131lmas\u0131 ve at\u0131k malzemeler i\u00e7in uygun bertaraf y\u00f6ntemlerinin sa\u011flanmas\u0131, hidrolik i\u015flemlerin \u00e7evresel etkisini azaltmaya yard\u0131mc\u0131 olur.<\/p>\n<h2>Sorun Giderme ve Yayg\u0131n Sorunlar<\/h2>\n<ul>\n<li>\n<h3>S\u0131z\u0131nt\u0131<\/h3>\n<p>Hidrolik silindirlerde s\u0131k kar\u015f\u0131la\u015f\u0131lan sorunlardan biri s\u0131z\u0131nt\u0131d\u0131r. Bu, a\u015f\u0131nm\u0131\u015f contalar veya hasar g\u00f6rm\u00fc\u015f bile\u015fenler nedeniyle olabilir. Operat\u00f6rler, daha fazla hasar\u0131 \u00f6nlemek i\u00e7in contalar\u0131 d\u00fczenli olarak kontrol etmeli ve a\u015f\u0131nman\u0131n ilk belirtisinde de\u011fi\u015ftirmelidir.<\/p>\n<\/li>\n<li>\n<h3>Yava\u015f Hareket<\/h3>\n<p>Silindir yava\u015f \u00e7al\u0131\u015f\u0131yorsa, bu hidrolik s\u0131v\u0131 seviyesinin d\u00fc\u015f\u00fck oldu\u011funu veya sistemde t\u0131kan\u0131kl\u0131k oldu\u011funu g\u00f6sterebilir. S\u0131v\u0131 seviyelerini kontrol etmek ve hidrolik hatlarda herhangi bir t\u0131kan\u0131kl\u0131k olmad\u0131\u011f\u0131ndan emin olmak bu sorunun \u00e7\u00f6z\u00fclmesine yard\u0131mc\u0131 olabilir.<\/p>\n<\/li>\n<li>\n<h3>Al\u0131\u015f\u0131lmad\u0131k Sesler<\/h3>\n<p>\u00c7al\u0131\u015fma s\u0131ras\u0131nda duyulan ola\u011fand\u0131\u015f\u0131 sesler, i\u00e7 a\u015f\u0131nman\u0131n veya ya\u011flama eksikli\u011finin g\u00f6stergesi olabilir. Operat\u00f6rler, garip sesleri ara\u015ft\u0131rmal\u0131 ve b\u00fcy\u00fck ar\u0131zalar\u0131 \u00f6nlemek i\u00e7in gerekti\u011fi gibi bak\u0131m yapmal\u0131d\u0131r.<\/p>\n<\/li>\n<\/ul>\n<p><img decoding=\"async\" src=\"https:\/\/www.hydraulic-cylinders.net\/wp-content\/uploads\/2025\/04\/songte-bushings-with-all-kinds-of-excavator-models.webp\" alt=\"Bur\u00e7lar\" \/><\/p>\n<h2>\u00c7\u00f6z\u00fcm<\/h2>\n<p>\u015eirketimiz, Yugong WY135-8 i\u00e7in Bom Silindiri de dahil olmak \u00fczere y\u00fcksek kaliteli hidrolik silindirler \u00fcretme konusunda uzmanla\u015fm\u0131\u015ft\u0131r. \u00c7e\u015fitli hidrolik \u00e7\u00f6z\u00fcmler sunmaya odaklanarak, hem yurt i\u00e7i hem de uluslararas\u0131 pazarlarda \u00f6nde gelen bir \u00fcretici ve toptanc\u0131 konumunday\u0131z. M\u00fckemmelli\u011fe olan ba\u011fl\u0131l\u0131\u011f\u0131m\u0131z, geli\u015fmi\u015f \u00fcretim stratejileriyle birle\u015ferek, m\u00fc\u015fterilerimizin \u00e7e\u015fitli ihtiya\u00e7lar\u0131n\u0131 y\u00fcksek verimlilik, hassasiyet ve kaliteyle kar\u015f\u0131lamam\u0131z\u0131 sa\u011flar.<\/p>\n<p>Profesyonel uzmanl\u0131\u011f\u0131m\u0131z, uluslararas\u0131 sertifikalar\u0131m\u0131z, \u00f6zelle\u015ftirilmi\u015f hizmetlerimiz, geli\u015fmi\u015f \u00fcretim ekipmanlar\u0131m\u0131z ve g\u00fcvenilir sat\u0131\u015f sonras\u0131 deste\u011fimizle, m\u00fc\u015fterilerimize en \u00fcst d\u00fczey \u00fcr\u00fcn ve hizmetleri sunmaya kendimizi adad\u0131k.<\/p>\n<p><img decoding=\"async\" src=\"https:\/\/www.hydraulic-cylinders.net\/wp-content\/uploads\/2025\/04\/songte-company-4.webp\" alt=\"\u015eirket G\u00f6rseli 1\" \/><br \/>\n<img decoding=\"async\" src=\"https:\/\/www.hydraulic-cylinders.net\/wp-content\/uploads\/2025\/04\/songte-company-3.webp\" alt=\"\u015eirket G\u00f6rseli 2\" \/><\/p>\n<p>Yazar: lyl<\/p>","protected":false},"excerpt":{"rendered":"<p>Boom Cylinder For Yugong WY135-8 Product Overview The Boom Cylinder for Yugong WY135-8 is a specialized hydraulic cylinder designed to control the movement of the boom arm in various heavy machinery such as excavators, backhoe loaders, and front loaders. These cylinders enable the precise lifting, lowering, and tilting of equipment, thus facilitating efficient material handling [&hellip;]<\/p>","protected":false},"featured_media":17872,"comment_status":"open","ping_status":"closed","template":"","meta":{"_et_pb_use_builder":"","_et_pb_old_content":"","_et_gb_content_width":""},"product_brand":[],"product_cat":[1546],"product_tag":[1547,1496],"class_list":{"0":"post-19096","1":"product","2":"type-product","3":"status-publish","4":"has-post-thumbnail","6":"product_cat-boom-cylinders","7":"product_tag-boom-cylinders","8":"product_tag-hydraulic-cylinders","10":"first","11":"instock","12":"shipping-taxable","13":"product-type-simple"},"amp_enabled":true,"_links":{"self":[{"href":"https:\/\/www.hydraulic-cylinders.net\/tr\/wp-json\/wp\/v2\/product\/19096","targetHints":{"allow":["GET"]}}],"collection":[{"href":"https:\/\/www.hydraulic-cylinders.net\/tr\/wp-json\/wp\/v2\/product"}],"about":[{"href":"https:\/\/www.hydraulic-cylinders.net\/tr\/wp-json\/wp\/v2\/types\/product"}],"replies":[{"embeddable":true,"href":"https:\/\/www.hydraulic-cylinders.net\/tr\/wp-json\/wp\/v2\/comments?post=19096"}],"wp:featuredmedia":[{"embeddable":true,"href":"https:\/\/www.hydraulic-cylinders.net\/tr\/wp-json\/wp\/v2\/media\/17872"}],"wp:attachment":[{"href":"https:\/\/www.hydraulic-cylinders.net\/tr\/wp-json\/wp\/v2\/media?parent=19096"}],"wp:term":[{"taxonomy":"product_brand","embeddable":true,"href":"https:\/\/www.hydraulic-cylinders.net\/tr\/wp-json\/wp\/v2\/product_brand?post=19096"},{"taxonomy":"product_cat","embeddable":true,"href":"https:\/\/www.hydraulic-cylinders.net\/tr\/wp-json\/wp\/v2\/product_cat?post=19096"},{"taxonomy":"product_tag","embeddable":true,"href":"https:\/\/www.hydraulic-cylinders.net\/tr\/wp-json\/wp\/v2\/product_tag?post=19096"}],"curies":[{"name":"wp","href":"https:\/\/api.w.org\/{rel}","templated":true}]}}