{"id":1910,"date":"2023-10-19T07:38:46","date_gmt":"2023-10-19T07:38:46","guid":{"rendered":"https:\/\/hydraulic-cylinders.net\/?post_type=product&#038;p=1910"},"modified":"2025-04-11T02:51:46","modified_gmt":"2025-04-11T02:51:46","slug":"double-shield-tbm-main-thrust-cylinder","status":"publish","type":"product","link":"https:\/\/www.hydraulic-cylinders.net\/tr\/urun\/double-shield-tbm-main-thrust-cylinder\/","title":{"rendered":"\u00c7ift Kalkanl\u0131 TBM Ana \u0130tme Silindiri"},"content":{"rendered":"<h1 style=\"text-align: center;\"><strong>\u00c7ift Kalkanl\u0131 TBM Ana \u0130tme Silindiri<\/strong><\/h1>\n<p><img loading=\"lazy\" decoding=\"async\" class=\"aligncenter wp-image-1911\" src=\"https:\/\/hydraulic-cylinders.net\/wp-content\/uploads\/2023\/10\/main-thrust-cylinder-1-300x300.webp\" alt=\"\" width=\"400\" height=\"401\" \/><\/p>\n<p>\u00c7ift kalkanl\u0131 TBM ana itme silindiri, t\u00fcnel a\u00e7ma makinelerinin performans\u0131n\u0131 ve verimlili\u011fini optimize etmek i\u00e7in tasarlanm\u0131\u015f, son teknoloji \u00fcr\u00fcn\u00fc bir hidrolik bile\u015fendir. Bu \u00f6zel silindir, t\u00fcnelin zahmetli bir s\u00fcre\u00e7ten ge\u00e7mesi i\u00e7in gerekli itme kuvvetini sa\u011flamada \u00e7ok \u00f6nemlidir. Bu bilgilendirici makale, \u00e7ift kalkanl\u0131 TBM ana itme silindirinin temel \u00f6zelliklerini, kullan\u0131m y\u00f6ntemlerini ve bak\u0131m y\u00f6nergelerini inceleyecektir.<\/p>\n<p>\u00c7ift kalkanl\u0131 TBM ana itme silindiri, t\u00fcnel a\u00e7ma makinelerinin performans ve verimlilikte yeni seviyelere ula\u015fmas\u0131n\u0131 sa\u011flayan hayati bir bile\u015fendir. Sa\u011flam g\u00fcc\u00fc, hassas m\u00fchendisli\u011fi, \u00e7ift etkili tasar\u0131m\u0131 ve ola\u011fan\u00fcst\u00fc y\u00fck ta\u015f\u0131ma kapasitesiyle bu silindir, t\u00fcnel a\u00e7ma i\u015flemlerinin ba\u015far\u0131l\u0131 bir \u015fekilde ilerlemesini sa\u011flar. \u00d6nerilen kullan\u0131m y\u00f6ntemlerine uyulmas\u0131 ve d\u00fczenli bak\u0131m uygulamalar\u0131na riayet edilmesiyle, \u00e7ift kalkanl\u0131 TBM ana itme silindiri ola\u011fan\u00fcst\u00fc performans sunmaya devam ederek t\u00fcnel projelerinin ba\u015far\u0131s\u0131na katk\u0131da bulunacakt\u0131r. E\u015fsiz performans ve verimlilikle t\u00fcnel a\u00e7mada devrim yaratan \u00e7ift kalkanl\u0131 TBM ana itme silindirinin g\u00fcc\u00fcn\u00fc ve g\u00fcvenilirli\u011fini deneyimleyin.<\/p>\n<p>\u00c7ift Kalkanl\u0131 TBM Ana \u0130tme Silindirinin Ba\u015fl\u0131ca \u00d6zellikleri:<\/p>\n<ol>\n<li>\u00dcst\u00fcn G\u00fc\u00e7 ve Performans: \u00c7ift kalkanl\u0131 TBM ana itme silindiri, ola\u011fan\u00fcst\u00fc g\u00fc\u00e7 ve performans sunmak \u00fczere tasarlanm\u0131\u015ft\u0131r. Y\u00fcksek bas\u0131n\u00e7l\u0131 hidrolik sistemi ve hassas kontrol mekanizmalar\u0131yla, t\u00fcnel a\u00e7ma s\u00fcrecini verimli bir \u015fekilde ilerletmek i\u00e7in gerekli itme kuvvetini \u00fcretir.<\/li>\n<li>Hassas M\u00fchendislik: Bu silindir, optimum hizalama ve performans sa\u011flamak i\u00e7in hassas m\u00fchendislik teknikleriyle titizlikle \u00fcretilmi\u015ftir. Tasar\u0131m\u0131, t\u00fcnel a\u00e7ma i\u015flemleri s\u0131ras\u0131nda kar\u015f\u0131la\u015f\u0131lan zorlu ko\u015fullara dayanacak \u015fekilde y\u00fcksek kaliteli malzemeler ve geli\u015fmi\u015f \u00fcretim s\u00fcre\u00e7lerini i\u00e7ermektedir.<\/li>\n<li>\u00c7ift Etkili Tasar\u0131m: \u00c7ift kalkanl\u0131 TBM ana itme silindiri, hem uzatma hem de geri \u00e7ekme y\u00f6nlerinde kuvvet uygulayabilmesini sa\u011flayan \u00e7ift etkili bir tasar\u0131ma sahiptir. Bu \u00f6zellik, TBM'nin \u00e7ok y\u00f6nl\u00fc ve kontroll\u00fc hareketini sa\u011flayarak t\u00fcnel a\u00e7ma s\u00fcrecinde esnekli\u011fi ve uyarlanabilirli\u011fi art\u0131r\u0131r.<\/li>\n<li>Ta\u015f\u0131ma Kapasitesi: \u00c7ift kalkanl\u0131 TBM ana itme silindiri, sa\u011flam yap\u0131s\u0131yla ola\u011fan\u00fcst\u00fc ta\u015f\u0131ma kapasitesi sergiler. \u00d6nemli kuvvetlere ve bas\u0131n\u00e7lara dayanabilir, t\u00fcnel kaz\u0131s\u0131 s\u0131ras\u0131nda istikrar ve g\u00fcvenli\u011fi sa\u011flar.<\/li>\n<\/ol>\n<h2><strong>\u00c7ift Kalkanl\u0131 TBM Ana \u0130tme Silindiri Parametreleri:<\/strong><\/h2>\n<table border=\"1\" cellspacing=\"0\" cellpadding=\"0\">\n<tbody>\n<tr>\n<td>\u00dcr\u00fcn Ad\u0131<\/td>\n<td>\u00c7ift Kalkanl\u0131 T\u00fcnel A\u00e7ma Makinesi Ana \u0130tme Silindiri<\/td>\n<\/tr>\n<tr>\n<td>\u00d6zellikler:<\/td>\n<td>TBM'nin ileri t\u00fcnel a\u00e7ma i\u015flemine itme g\u00fcc\u00fc sa\u011flay\u0131n.<\/td>\n<\/tr>\n<tr>\n<td>Delik \u00e7ap\u0131:<\/td>\n<td>220 mm\uff5e380 mm<\/td>\n<\/tr>\n<tr>\n<td>\u00c7ubuk \u00e7ap\u0131:<\/td>\n<td>150 mm\uff5e280 mm<br \/>\nStrok: 1100 mm\uff5e1700 mm<\/td>\n<\/tr>\n<tr>\n<td>Bas\u0131n\u00e7:<\/td>\n<td>35MPa'ya kadar<\/td>\n<\/tr>\n<tr>\n<td>Uygulamalar:<\/td>\n<td>\u00c7ift Kalkanl\u0131 T\u00fcnel A\u00e7ma Makinesi<\/td>\n<\/tr>\n<\/tbody>\n<\/table>\n<h2><strong>\u00c7ift Kalkanl\u0131 TBM Silindir Uygulamas\u0131:<\/strong><\/h2>\n<p><img loading=\"lazy\" decoding=\"async\" class=\"alignnone wp-image-1909 size-full\" src=\"https:\/\/hydraulic-cylinders.net\/wp-content\/uploads\/2023\/10\/double-shield-tbm-cylinder-1.webp\" alt=\"\" width=\"709\" height=\"473\" srcset=\"https:\/\/hydraulic-cylinders.net\/wp-content\/uploads\/2023\/10\/double-shield-tbm-cylinder-1.webp 709w, https:\/\/hydraulic-cylinders.net\/wp-content\/uploads\/2023\/10\/double-shield-tbm-cylinder-1-480x320.webp 480w\" sizes=\"(min-width: 0px) and (max-width: 480px) 480px, (min-width: 481px) 709px, 100vw\" \/><\/p>\n<h2><strong>\u00c7ift Kalkanl\u0131 TBM Ana \u0130tme Silindirinin Kullan\u0131m Y\u00f6ntemi<\/strong><strong>:<\/strong><\/h2>\n<ul>\n<li>Silindir Montaj\u0131: \u00c7ift kalkanl\u0131 TBM ana itme silindirini \u00fcreticinin y\u00f6nergelerine ve \u00f6zelliklerine g\u00f6re monte edin. Uygun montaj braketleri veya aksesuarlar\u0131 kullanarak TBM yap\u0131s\u0131na do\u011fru hizalama ve g\u00fcvenli ba\u011flant\u0131 sa\u011flay\u0131n.<\/li>\n<li>Hidrolik Sistem Entegrasyonu: Silindiri, uyumlu hortumlar ve ba\u011flant\u0131 par\u00e7alar\u0131 kullanarak TBM'nin hidrolik sistemine ba\u011flay\u0131n. Optimum hidrolik performans i\u00e7in t\u00fcm ba\u011flant\u0131lar\u0131n g\u00fcvenli, s\u0131zd\u0131rmaz ve yeterince s\u0131k\u0131lm\u0131\u015f oldu\u011fundan emin olun.<\/li>\n<li>Kontrol ve \u00c7al\u0131\u015ft\u0131rma: TBM'nin kontrol sistemini ve \u00e7ift kalkanl\u0131 TBM ana itme silindiriyle ilgili \u00f6zel kurallar\u0131 \u00f6\u011frenin. Bu kontrolleri kullanarak silindir taraf\u0131ndan \u00fcretilen itme kuvvetini etkinle\u015ftirin ve d\u00fczenleyin, gerekli kaz\u0131 h\u0131z\u0131na ve zemin ko\u015fullar\u0131na g\u00f6re ayarlay\u0131n.<\/li>\n<li>\u0130zleme ve Ayarlama: TBM'nin performans\u0131n\u0131 ve \u00e7ift kalkanl\u0131 TBM ana itme silindirinin davran\u0131\u015f\u0131n\u0131 s\u00fcrekli olarak izleyin. Zemin ko\u015fullar\u0131n\u0131, jeolojik de\u011fi\u015fimleri ve t\u00fcnel a\u00e7ma s\u00fcrecini etkileyen di\u011fer fakt\u00f6rleri g\u00f6z \u00f6n\u00fcnde bulundurarak itme kuvvetinde gerekli ayarlamalar\u0131 yap\u0131n.<\/li>\n<\/ul>\n<h2><strong>Hidrolik Silindir Test Tezgah\u0131 Nas\u0131l Yap\u0131l\u0131r?<\/strong><\/h2>\n<p>Hidrolik silindir test tezgah\u0131 yap\u0131m\u0131, hidrolik sistemler hakk\u0131nda temel bir anlay\u0131\u015f, gerekli alet ve malzemelere eri\u015fim ve g\u00fcvenlik protokollerine uyulmas\u0131n\u0131 gerektirir. \u0130\u015fte hidrolik silindir test tezgah\u0131 yap\u0131m\u0131na dair ad\u0131m ad\u0131m bir k\u0131lavuz:<\/p>\n<ol>\n<li><strong>Gerekli Malzemeleri ve Aletleri Toplay\u0131n:<\/strong>\n<ul>\n<li>Tezgah \u00e7er\u00e7evesi i\u00e7in \u00e7elik veya al\u00fcminyum boru.<\/li>\n<li>Hidrolik silindir montaj braketleri<\/li>\n<li>Kaynak ekipman\u0131 (kaynak yap\u0131lmas\u0131 gerekiyorsa)<\/li>\n<li>Hidrolik hortumlar ve ba\u011flant\u0131 par\u00e7alar\u0131<\/li>\n<li>Hidrolik pompa ve kontrol vanas\u0131<\/li>\n<li>Bas\u0131n\u00e7 g\u00f6stergesi<\/li>\n<li>\u0130ngiliz anahtarlar\u0131, lokmalar ve di\u011fer el aletleri<\/li>\n<li>G\u00fcvenlik ekipmanlar\u0131 (eldiven, g\u00f6zl\u00fck vb.)<\/li>\n<\/ul>\n<\/li>\n<li><strong>Tasar\u0131m ve Planlama:<\/strong>\n<ul>\n<li>\u00c7al\u0131\u015fmay\u0131 planlad\u0131\u011f\u0131n\u0131z silindir tiplerine g\u00f6re hidrolik silindir tezgah\u0131n\u0131n istenen boyutlar\u0131n\u0131 ve \u00f6l\u00e7\u00fclerini belirleyin.<\/li>\n<li>\u00c7er\u00e7eve yap\u0131s\u0131n\u0131, montaj braketlerini ve hidrolik pompa ile kontrol bile\u015fenleri i\u00e7in gerekli alan\u0131 i\u00e7eren bir tasar\u0131m tasla\u011f\u0131 \u00e7izin.<\/li>\n<\/ul>\n<\/li>\n<li><strong>\u00c7er\u00e7eveyi Olu\u015fturun:<\/strong>\n<ul>\n<li>Tezgah \u00e7er\u00e7evesi i\u00e7in \u00e7elik veya al\u00fcminyum borular\u0131 istenilen uzunluklarda kesin.<\/li>\n<li>Tasar\u0131m\u0131n\u0131za uygun \u00e7er\u00e7eve yap\u0131s\u0131n\u0131 olu\u015fturmak i\u00e7in borular\u0131 kaynaklay\u0131n veya c\u0131vatalay\u0131n.<\/li>\n<li>Test ve bak\u0131m i\u015flemleri s\u0131ras\u0131nda hidrolik silindirlerin a\u011f\u0131rl\u0131\u011f\u0131n\u0131 ta\u015f\u0131yabilecek sa\u011flam ve dengeli bir \u00e7er\u00e7eveye sahip oldu\u011funuzdan emin olun.<\/li>\n<\/ul>\n<\/li>\n<li><strong>Montaj Braketleri:<\/strong>\n<ul>\n<li>Hidrolik silindir montaj braketlerini kaynak veya c\u0131vatalama y\u00f6ntemleriyle \u00e7er\u00e7eveye monte edin.<\/li>\n<li>Farkl\u0131 boyut ve tiplerdeki hidrolik silindirlere uyum sa\u011flamak i\u00e7in braketlerin sa\u011flam bir \u015fekilde sabitlendi\u011finden ve do\u011fru \u015fekilde hizaland\u0131\u011f\u0131ndan emin olun.<\/li>\n<\/ul>\n<\/li>\n<li><strong>Hidrolik Sistem Montaj\u0131:<\/strong>\n<ul>\n<li>\u00dcreticinin talimatlar\u0131n\u0131 izleyerek hidrolik pompay\u0131 ve kontrol vanas\u0131n\u0131 tezgah \u00e7er\u00e7evesine monte edin.<\/li>\n<li>Hidrolik hortumlar\u0131 ve ba\u011flant\u0131 par\u00e7alar\u0131n\u0131 pompaya ve kontrol vanas\u0131na ba\u011flay\u0131n ve uygun s\u0131zd\u0131rmazl\u0131k ve s\u0131k\u0131l\u0131\u011f\u0131n sa\u011fland\u0131\u011f\u0131ndan emin olun.<\/li>\n<li>Silindir testleri ve bak\u0131m\u0131 s\u0131ras\u0131nda hidrolik bas\u0131nc\u0131 izlemek i\u00e7in bir bas\u0131n\u00e7 g\u00f6stergesi tak\u0131n.<\/li>\n<\/ul>\n<\/li>\n<li><strong>G\u00fcvenlik \u00d6nlemleri:<\/strong>\n<ul>\n<li>Hidrolik sistemin do\u011fru \u015fekilde topraklanm\u0131\u015f oldu\u011fundan ve t\u00fcm elektrik ba\u011flant\u0131lar\u0131n\u0131n sa\u011flam oldu\u011fundan emin olun.<\/li>\n<li>Kazalar\u0131 veya yaralanmalar\u0131 \u00f6nlemek i\u00e7in hareketli par\u00e7alar\u0131n veya olas\u0131 s\u0131k\u0131\u015fma noktalar\u0131n\u0131n etraf\u0131na g\u00fcvenlik koruyucular\u0131 veya kalkanlar yerle\u015ftirin.<\/li>\n<li>Hidrolik sistemlerle \u00e7al\u0131\u015f\u0131rken eldiven ve koruyucu g\u00f6zl\u00fck de dahil olmak \u00fczere uygun g\u00fcvenlik ekipmanlar\u0131n\u0131 kullan\u0131n.<\/li>\n<\/ul>\n<\/li>\n<li><strong>Test ve Kalibrasyon:<\/strong>\n<ul>\n<li>Hidrolik silindir tezgah\u0131n\u0131 kullanmadan \u00f6nce, s\u0131z\u0131nt\u0131 veya gev\u015fek par\u00e7a olmad\u0131\u011f\u0131ndan emin olmak i\u00e7in t\u00fcm ba\u011flant\u0131lar\u0131 ve rakorlar\u0131 iyice kontrol edin.<\/li>\n<li>Hidrolik silindiri, montaj braketleri ve hidrolik hortumlar\u0131 kullanarak tezgaha ba\u011flay\u0131n.<\/li>\n<li>Hidrolik pompay\u0131 ve kontrol vanas\u0131n\u0131 \u00e7al\u0131\u015ft\u0131rarak silindiri uzat\u0131n ve geri \u00e7ekin, hareketin d\u00fczg\u00fcn ve kontroll\u00fc olup olmad\u0131\u011f\u0131n\u0131 kontrol edin.<\/li>\n<li>Hidrolik bas\u0131nc\u0131n do\u011frulu\u011funu do\u011frulamak i\u00e7in bas\u0131n\u00e7 g\u00f6stergesini kullan\u0131n.<\/li>\n<\/ul>\n<\/li>\n<\/ol>\n<h2><strong>Fabrikan\u0131n Kapasitesi ve Kapasitesi:<\/strong><\/h2>\n<h3>(1) Meclis<\/h3>\n<p>Birinci s\u0131n\u0131f ba\u011f\u0131ms\u0131z bir ara\u015ft\u0131rma ve geli\u015ftirme montaj platformumuz bulunmaktad\u0131r. Hidrolik silindir \u00fcretim at\u00f6lyemizde, y\u0131ll\u0131k 1 milyon adet \u00fcretim kapasitesine sahip d\u00f6rt adet yar\u0131 otomatik kald\u0131rma silindiri montaj hatt\u0131 ve bir adet otomatik devirme silindiri montaj hatt\u0131 bulunmaktad\u0131r. \u00d6zel silindir at\u00f6lyemiz, y\u0131ll\u0131k 200.000 adet \u00fcretim kapasitesine sahip \u00e7e\u015fitli \u00f6zelliklerde yar\u0131 otomatik temizleme montaj sistemiyle donat\u0131lm\u0131\u015ft\u0131r. Ayr\u0131ca, \u00fcnl\u00fc CNC i\u015fleme ekipmanlar\u0131, bir i\u015fleme merkezi, y\u00fcksek hassasiyetli silindir i\u015fleme \u00f6zel ekipmanlar\u0131, bir robot kaynak makinesi, bir otomatik temizleme makinesi, otomatik silindir montaj makinesi ve otomatik boyama \u00fcretim hatt\u0131 ile donat\u0131lm\u0131\u015ft\u0131r. 300'den fazla setten olu\u015fan kritik ekipmanlar mevcuttur. Ekipman kaynaklar\u0131n\u0131n optimum da\u011f\u0131l\u0131m\u0131 ve verimli kullan\u0131m\u0131, \u00fcr\u00fcnlerin hassasiyet gereksinimlerini kar\u015f\u0131lar ve \u00fcr\u00fcnlerin y\u00fcksek kalite ihtiya\u00e7lar\u0131n\u0131 kar\u015f\u0131lar.<\/p>\n<p><img loading=\"lazy\" decoding=\"async\" class=\"alignnone wp-image-626\" src=\"https:\/\/hydraulic-cylinders.net\/wp-content\/uploads\/2023\/08\/hydraulic-cylinder-product-1-300x158.webp\" alt=\"\" width=\"495\" height=\"260\" srcset=\"https:\/\/hydraulic-cylinders.net\/wp-content\/uploads\/2023\/08\/hydraulic-cylinder-product-1-300x158.webp 495w, https:\/\/hydraulic-cylinders.net\/wp-content\/uploads\/2023\/08\/hydraulic-cylinder-product-1-480x252.webp 480w\" sizes=\"(min-width: 0px) and (max-width: 480px) 480px, (min-width: 481px) 495px, 100vw\" \/> <img loading=\"lazy\" decoding=\"async\" class=\"alignnone wp-image-627\" src=\"https:\/\/hydraulic-cylinders.net\/wp-content\/uploads\/2023\/08\/hydraulic-cylinder-product-2-300x189.webp\" alt=\"\" width=\"413\" height=\"260\" \/><\/p>\n<h3>(2) \u0130\u015fleme<\/h3>\n<p>\u0130\u015fleme at\u00f6lyesi, maksimum 400 mm i\u00e7 \u00e7apa ve maksimum 6 metre uzunlu\u011fa sahip silindir borular\u0131n\u0131n i\u015flenmesini ger\u00e7ekle\u015ftirebilen \u00f6zel e\u011fimli ray torna merkezi, i\u015fleme merkezi, y\u00fcksek h\u0131zl\u0131 honlama makinesi, kaynak robotu ve di\u011fer ilgili ekipmanlarla donat\u0131lm\u0131\u015ft\u0131r.<\/p>\n<p><img loading=\"lazy\" decoding=\"async\" class=\"alignnone wp-image-628 size-large\" src=\"https:\/\/hydraulic-cylinders.net\/wp-content\/uploads\/2023\/08\/hydraulic-cylinder-product-3-1024x391.webp\" alt=\"\" width=\"1024\" height=\"391\" srcset=\"https:\/\/hydraulic-cylinders.net\/wp-content\/uploads\/2023\/08\/hydraulic-cylinder-product-3-980x374.webp 980w, https:\/\/hydraulic-cylinders.net\/wp-content\/uploads\/2023\/08\/hydraulic-cylinder-product-3-480x183.webp 480w\" sizes=\"(min-width: 0px) and (max-width: 480px) 480px, (min-width: 481px) and (max-width: 980px) 980px, (min-width: 981px) 1024px, 100vw\" \/><\/p>\n<h3>(3) Kaynak<\/h3>\n<p><img loading=\"lazy\" decoding=\"async\" class=\"alignnone wp-image-629 size-large\" src=\"https:\/\/hydraulic-cylinders.net\/wp-content\/uploads\/2023\/08\/hydraulic-cylinder-product-4-1024x510.webp\" alt=\"\" width=\"1024\" height=\"510\" srcset=\"https:\/\/hydraulic-cylinders.net\/wp-content\/uploads\/2023\/08\/hydraulic-cylinder-product-4-980x488.webp 980w, https:\/\/hydraulic-cylinders.net\/wp-content\/uploads\/2023\/08\/hydraulic-cylinder-product-4-480x239.webp 480w\" sizes=\"(min-width: 0px) and (max-width: 480px) 480px, (min-width: 481px) and (max-width: 980px) 980px, (min-width: 981px) 1024px, 100vw\" \/><\/p>\n<h3>(4) Boyama ve kaplama<\/h3>\n<p>K\u00fc\u00e7\u00fck ve orta \u00f6l\u00e7ekli silindirli otomatik su bazl\u0131 boya kaplama hatlar\u0131nda, otomatik robot y\u00fckleme-bo\u015faltma ve otomatik p\u00fcsk\u00fcrtmeyi ger\u00e7ekle\u015ftirmek i\u00e7in, vardiya ba\u015f\u0131na 4000 adet tasar\u0131m kapasitesi;<br \/>\nAyr\u0131ca, vardiya ba\u015f\u0131na 60 kasa kapasiteli, g\u00fc\u00e7 zinciriyle \u00e7al\u0131\u015fan b\u00fcy\u00fck silindirler i\u00e7in yar\u0131 otomatik boya \u00fcretim hatt\u0131m\u0131z da bulunmaktad\u0131r.<\/p>\n<p><img loading=\"lazy\" decoding=\"async\" class=\"alignnone wp-image-630\" src=\"https:\/\/hydraulic-cylinders.net\/wp-content\/uploads\/2023\/08\/hydraulic-cylinder-product-5-300x213.webp\" alt=\"\" width=\"366\" height=\"260\" \/> <img loading=\"lazy\" decoding=\"async\" class=\"alignnone wp-image-631\" src=\"https:\/\/hydraulic-cylinders.net\/wp-content\/uploads\/2023\/08\/hydraulic-cylinder-product-6-300x225.webp\" alt=\"\" width=\"347\" height=\"260\" \/><\/p>\n<h3>(5) Test etme<\/h3>\n<p>Silindirin performans\u0131n\u0131n gereklilikleri kar\u015f\u0131lad\u0131\u011f\u0131ndan emin olmak i\u00e7in birinci s\u0131n\u0131f muayene tesislerimiz ve test yataklar\u0131m\u0131z bulunmaktad\u0131r.<\/p>\n<p><img loading=\"lazy\" decoding=\"async\" class=\"alignnone wp-image-632\" src=\"https:\/\/hydraulic-cylinders.net\/wp-content\/uploads\/2023\/08\/hydraulic-cylinder-product-8-300x200.webp\" alt=\"\" width=\"389\" height=\"260\" \/><\/p>\n<p>&nbsp;<\/p>\n<p>&nbsp;<\/p>\n<p>En iyi hidrolik silindir \u00fcreticilerinden biriyiz. Kapsaml\u0131 hidrolik silindirler sunabiliyoruz. Ayr\u0131ca, ilgili hidrolik silindirleri de sa\u011fl\u0131yoruz. <a href=\"https:\/\/hzpt.com\/agricultural-pto-gearbox\/\" target=\"_blank\" rel=\"noopener\">tar\u0131msal di\u015fli kutular\u0131<\/a>\u00dcr\u00fcnlerimizi d\u00fcnya \u00e7ap\u0131ndaki m\u00fc\u015fterilerimize ihra\u00e7 ettik ve \u00fcst\u00fcn \u00fcr\u00fcn kalitemiz ve sat\u0131\u015f sonras\u0131 hizmetlerimiz sayesinde iyi bir itibar kazand\u0131k. Yurt i\u00e7i ve yurt d\u0131\u015f\u0131ndaki m\u00fc\u015fterilerimizi i\u015f g\u00f6r\u00fc\u015fmeleri yapmak, bilgi al\u0131\u015fveri\u015finde bulunmak ve <a href=\"https:\/\/www.hydraulic-cylinders.net\/tr\/contact-us\/\">bizimle i\u015fbirli\u011fi yap\u0131n<\/a>!<\/p>\n<p>&nbsp;<\/p>","protected":false},"excerpt":{"rendered":"<p>Double Shield TBM Main Thrust Cylinder The double shield TBM main thrust cylinder is a cutting-edge hydraulic component designed to optimize the performance and efficiency of tunnel boring machines. This specialized cylinder is crucial in providing the necessary thrust force to propel the tunnel through a tedious process. This informative article will explore the key [&hellip;]<\/p>","protected":false},"featured_media":1912,"comment_status":"open","ping_status":"closed","template":"","meta":{"_et_pb_use_builder":"","_et_pb_old_content":"","_et_gb_content_width":""},"product_brand":[],"product_cat":[1519,1549],"product_tag":[],"class_list":{"0":"post-1910","1":"product","2":"type-product","3":"status-publish","4":"has-post-thumbnail","6":"product_cat-shield-machine-hydraulic-cylinders","7":"product_cat-single-acting-hydraulic-cylinder","9":"first","10":"instock","11":"shipping-taxable","12":"product-type-simple"},"amp_enabled":true,"_links":{"self":[{"href":"https:\/\/www.hydraulic-cylinders.net\/tr\/wp-json\/wp\/v2\/product\/1910","targetHints":{"allow":["GET"]}}],"collection":[{"href":"https:\/\/www.hydraulic-cylinders.net\/tr\/wp-json\/wp\/v2\/product"}],"about":[{"href":"https:\/\/www.hydraulic-cylinders.net\/tr\/wp-json\/wp\/v2\/types\/product"}],"replies":[{"embeddable":true,"href":"https:\/\/www.hydraulic-cylinders.net\/tr\/wp-json\/wp\/v2\/comments?post=1910"}],"wp:featuredmedia":[{"embeddable":true,"href":"https:\/\/www.hydraulic-cylinders.net\/tr\/wp-json\/wp\/v2\/media\/1912"}],"wp:attachment":[{"href":"https:\/\/www.hydraulic-cylinders.net\/tr\/wp-json\/wp\/v2\/media?parent=1910"}],"wp:term":[{"taxonomy":"product_brand","embeddable":true,"href":"https:\/\/www.hydraulic-cylinders.net\/tr\/wp-json\/wp\/v2\/product_brand?post=1910"},{"taxonomy":"product_cat","embeddable":true,"href":"https:\/\/www.hydraulic-cylinders.net\/tr\/wp-json\/wp\/v2\/product_cat?post=1910"},{"taxonomy":"product_tag","embeddable":true,"href":"https:\/\/www.hydraulic-cylinders.net\/tr\/wp-json\/wp\/v2\/product_tag?post=1910"}],"curies":[{"name":"wp","href":"https:\/\/api.w.org\/{rel}","templated":true}]}}