{"id":19100,"date":"2025-04-07T06:12:55","date_gmt":"2025-04-07T06:12:55","guid":{"rendered":"https:\/\/www.hydraulic-cylinders.net\/product\/boom-cylinder-for-grand-cme85-9\/"},"modified":"2025-04-07T06:12:58","modified_gmt":"2025-04-07T06:12:58","slug":"boom-cylinder-for-grand-cme85-9","status":"publish","type":"product","link":"https:\/\/www.hydraulic-cylinders.net\/tr\/urun\/boom-cylinder-for-grand-cme85-9\/","title":{"rendered":"Grand CME85-9 i\u00e7in Bom Silindiri"},"content":{"rendered":"<h1>Grand CME85-9 i\u00e7in Bom Silindiri<\/h1>\n<h2>Bom Silindirlerine Giri\u015f<\/h2>\n<p>Bom silindiri, ekskavat\u00f6rler, beko y\u00fckleyiciler ve \u00f6n y\u00fckleyiciler gibi \u00e7e\u015fitli a\u011f\u0131r makinelerde kep\u00e7elerin hareketini kontrol etmek i\u00e7in \u00f6zel olarak tasarlanm\u0131\u015f, hidrolik sistemlerde hayati bir bile\u015fendir. Bu hidrolik silindir, kep\u00e7enin y\u00fckseltilmesi, al\u00e7alt\u0131lmas\u0131 ve e\u011filmesinden sorumludur ve verimli malzeme ta\u015f\u0131ma i\u015flemlerini kolayla\u015ft\u0131r\u0131r. Operat\u00f6rlerin kazma, kald\u0131rma ve malzeme ta\u015f\u0131ma gibi g\u00f6revleri hassasiyet ve kolayl\u0131kla ger\u00e7ekle\u015ftirmelerini sa\u011flar.<\/p>\n<p><img decoding=\"async\" src=\"https:\/\/www.hydraulic-cylinders.net\/wp-content\/uploads\/2025\/04\/songte-company-1.webp\" alt=\"Bom Silindiri G\u00f6r\u00fcnt\u00fcs\u00fc\" \/><\/p>\n<h3>\u0130\u015flevsellik ve Genel Bak\u0131\u015f<\/h3>\n<p>Hidrolik sistemin \u00f6nemli bir par\u00e7as\u0131 olan kova silindiri, mekanik harekete d\u00f6n\u00fc\u015fen bas\u0131n\u00e7 olu\u015fturmak i\u00e7in hidrolik s\u0131v\u0131 kullanarak \u00e7al\u0131\u015f\u0131r. Tasar\u0131m\u0131, kontroll\u00fc ve sorunsuz \u00e7al\u0131\u015fma sa\u011flayarak a\u011f\u0131r makinelerin \u00e7e\u015fitli ko\u015fullar alt\u0131nda en iyi \u015fekilde \u00e7al\u0131\u015fmas\u0131n\u0131 garanti eder. Hidrolik g\u00fc\u00e7 kullanarak, bom silindiri a\u011f\u0131r y\u00fckleri ve dinamik uygulamalar\u0131 verimli bir \u015fekilde i\u015fleyebilir, bu da onu in\u015faat ve tar\u0131m sekt\u00f6rlerinde \u00e7ok \u00f6nemli bir unsur haline getirir.<\/p>\n<h2>Bom Silindirinin \u00d6zellikleri<\/h2>\n<ul>\n<li><strong>Y\u00fcksek Dayan\u0131kl\u0131l\u0131k ve Dayan\u0131kl\u0131l\u0131k:<\/strong> Y\u00fcksek mukavemetli \u00e7elik veya al\u00fcminyumdan \u00fcretilen bom silindirleri, y\u00fcksek bas\u0131nca ve a\u011f\u0131r y\u00fcklere dayan\u0131kl\u0131d\u0131r ve zorlu \u00e7al\u0131\u015fma ortamlar\u0131 i\u00e7in idealdir. A\u015f\u0131nma direnci ve korozyon korumas\u0131 g\u00f6z \u00f6n\u00fcnde bulundurularak tasarlanm\u0131\u015f olup kullan\u0131m \u00f6m\u00fcrleri uzat\u0131lm\u0131\u015ft\u0131r.<\/li>\n<li><strong>Verimli Hidrolik \u00c7al\u0131\u015fma:<\/strong> Hidrolik ya\u011f\u0131n bas\u0131nc\u0131n\u0131 kullanarak d\u00fczg\u00fcn bir \u015fekilde uzama ve geri \u00e7ekilme sa\u011flayan bu silindirler, kontrol komutlar\u0131na h\u0131zl\u0131 bir \u015fekilde yan\u0131t vererek a\u011f\u0131r ve karma\u015f\u0131k i\u015flerin \u00fcstesinden gelmek i\u00e7in uygun g\u00fc\u00e7l\u00fc itme ve \u00e7ekme kuvvetleri sunar.<\/li>\n<li><strong>\u00c7e\u015fitli T\u00fcrler:<\/strong> Kullan\u0131c\u0131lar, operasyonel ihtiya\u00e7lara ba\u011fl\u0131 olarak tek etkili (hidrolik kuvveti tek y\u00f6nde kullanan) ve \u00e7ift etkili (hidrolik kuvveti her iki y\u00f6nde kullanan) silindirler aras\u0131nda se\u00e7im yapabilirler. Baz\u0131 modeller teleskopiktir ve d\u0131\u015f boyutlar\u0131 art\u0131rmadan daha fazla uzatmaya olanak tan\u0131yarak, alan s\u0131n\u0131rl\u0131 uygulamalar i\u00e7in uygundur.<\/li>\n<li><strong>\u00d6zel \u00dcretim:<\/strong> \u00dcr\u00fcnlerimiz, mevcut makinelerle uyumlulu\u011fu sa\u011flayarak \u00e7e\u015fitli hidrolik silindirlerin yerini m\u00fckemmel bir \u015fekilde alabilir.<\/li>\n<li><strong>Kapsaml\u0131 Kalite Kontrol\u00fc:<\/strong> Her bir bom silindiri, dayan\u0131kl\u0131l\u0131k ve performans standartlar\u0131n\u0131n kar\u015f\u0131land\u0131\u011f\u0131ndan emin olmak ve m\u00fc\u015fteri memnuniyetini sa\u011flamak i\u00e7in titiz testlerden ve kalite kontrollerinden ge\u00e7er.<\/li>\n<\/ul>\n<p><img decoding=\"async\" src=\"https:\/\/www.hydraulic-cylinders.net\/wp-content\/uploads\/2025\/04\/songte-cylinder-head-with-all-kinds-excavator-models.webp\" alt=\"Ekskavat\u00f6r Modelleri\" \/><\/p>\n<h2>Bom Silindirlerinin Uygulama Senaryolar\u0131<\/h2>\n<h3>\u0130n\u015faat Ekipmanlar\u0131<\/h3>\n<p>Ekskavat\u00f6rlerde, bom silindirleri toprak veya moloz kazma, y\u00fckleme ve ta\u015f\u0131ma i\u015flemlerinde hayati \u00f6neme sahiptir. Sadece kazma s\u00fcrecini kolayla\u015ft\u0131rmakla kalmaz, ayn\u0131 zamanda a\u011f\u0131r y\u00fcklerin kald\u0131r\u0131lmas\u0131na da yard\u0131mc\u0131 olurlar; bu da onlar\u0131 verimlilik ve g\u00fcc\u00fcn son derece \u00f6nemli oldu\u011fu in\u015faat alanlar\u0131nda vazge\u00e7ilmez k\u0131lar.<\/p>\n<h3>Tar\u0131m Makinalar\u0131<\/h3>\n<p>\u00d6n y\u00fckleyicilerde, bom silindirleri toprak, saman ve di\u011fer malzemeleri kep\u00e7elemek, kald\u0131rmak ve ta\u015f\u0131mak i\u00e7in kullan\u0131l\u0131r. Sa\u011flam tasar\u0131mlar\u0131, \u00e7e\u015fitli tar\u0131msal i\u015flerin etkili bir \u015fekilde y\u00fcr\u00fct\u00fclmesini sa\u011flayarak \u00e7iftliklerde ve tar\u0131m i\u015fletmelerinde verimlili\u011fi garanti eder.<\/p>\n<h3>Ekskavat\u00f6rler<\/h3>\n<p>Ekskavat\u00f6rlerde, bom silindiri kep\u00e7enin topra\u011fa etkili bir \u015fekilde n\u00fcfuz etmesini sa\u011flayarak kazma i\u015flemini iyile\u015ftirir. Hidrolik \u00e7al\u0131\u015fma prensibi, kaz\u0131 i\u015flerinin h\u0131zl\u0131 ve verimli bir \u015fekilde ger\u00e7ekle\u015ftirilmesini sa\u011flayarak \u015fantiyelerde verimlili\u011fi en \u00fcst d\u00fczeye \u00e7\u0131kar\u0131r.<\/p>\n<h3>Y\u00fckleyiciler<\/h3>\n<p>\u00d6n y\u00fckleyicilerde, bom silindirleri y\u00fcklerin kald\u0131r\u0131lmas\u0131 ve bo\u015falt\u0131lmas\u0131nda \u00e7ok \u00f6nemli bir rol oynar. A\u011f\u0131r malzemeleri dengeyi koruyarak ta\u015f\u0131ma kapasiteleri, onlar\u0131 \u00e7e\u015fitli end\u00fcstrilerde verimli malzeme ta\u015f\u0131ma i\u00e7in vazge\u00e7ilmez k\u0131lar.<\/p>\n<h2>Tasar\u0131m Hususlar\u0131 ve Se\u00e7im Standartlar\u0131<\/h2>\n<h3>Y\u00fck Kapasitesi<\/h3>\n<p>Bom silindirlerinin tasar\u0131m\u0131nda en \u00f6nemli hususlardan biri y\u00fck ta\u015f\u0131ma kapasiteleridir. Silindir, \u00e7al\u0131\u015fma s\u0131ras\u0131nda kar\u015f\u0131la\u015faca\u011f\u0131 maksimum a\u011f\u0131rl\u0131klar\u0131 ar\u0131za riski olmadan ta\u015f\u0131yabilmelidir. Bu, \u00f6zellikle y\u00fcksek gerilimli ortamlarda makinelerin g\u00fcvenli ve etkili bir \u015fekilde \u00e7al\u0131\u015fmas\u0131n\u0131 sa\u011flar.<\/p>\n<h3>S\u0131zd\u0131rmazl\u0131k<\/h3>\n<p>Hidrolik silindirlerde s\u0131v\u0131 s\u0131z\u0131nt\u0131s\u0131n\u0131 \u00f6nlemek i\u00e7in etkili s\u0131zd\u0131rmazl\u0131k \u00e7ok \u00f6nemlidir; \u00e7\u00fcnk\u00fc s\u0131z\u0131nt\u0131lar performans\u0131 ve g\u00fcvenli\u011fi tehlikeye atabilir. Hidrolik bas\u0131nc\u0131 korumak ve kullan\u0131m \u00f6mr\u00fcn\u00fc uzatmak i\u00e7in dayan\u0131kl\u0131 malzemelerden yap\u0131lm\u0131\u015f y\u00fcksek kaliteli contalar \u015fartt\u0131r.<\/p>\n<h3>Dayan\u0131kl\u0131l\u0131k<\/h3>\n<p>Bom silindirlerinin \u00fcretiminde kullan\u0131lan malzemeler ola\u011fan\u00fcst\u00fc dayan\u0131kl\u0131l\u0131k sa\u011flamal\u0131d\u0131r. Bu, a\u015f\u0131nmaya ve y\u0131pranmaya kar\u015f\u0131 direncin yan\u0131 s\u0131ra zorlu \u00e7evre ko\u015fullar\u0131na dayanabilme yetene\u011fini de i\u00e7erir. \u0130yi tasarlanm\u0131\u015f bir silindir, uzun bir kullan\u0131m \u00f6mr\u00fc sunarak de\u011fi\u015ftirme ihtiyac\u0131n\u0131 en aza indirir.<\/p>\n<h3>G\u00fcvenlik \u00d6zellikleri<\/h3>\n<p>Hidrolik sistemlerde g\u00fcvenlik son derece \u00f6nemlidir. Bom silindirleri, felaketle sonu\u00e7lanabilecek ar\u0131zalar\u0131 \u00f6nlemek i\u00e7in bas\u0131n\u00e7 tahliye vanalar\u0131 ve sa\u011flam yap\u0131 gibi g\u00fcvenlik \u00f6zelliklerini i\u00e7ermelidir. D\u00fczenli g\u00fcvenlik kontrolleri ve i\u015fletme y\u00f6nergelerine uyulmas\u0131, hidrolik ekipmanlar\u0131n g\u00fcvenli\u011fini daha da art\u0131r\u0131r.<\/p>\n<h3>Bak\u0131m ve Onar\u0131m Kolayl\u0131\u011f\u0131<\/h3>\n<p>Bak\u0131m kolayl\u0131\u011f\u0131 g\u00f6z \u00f6n\u00fcnde bulundurularak tasarlanan bom silindirleri, onar\u0131m ve de\u011fi\u015fim i\u015flemlerini kolayla\u015ft\u0131r\u0131r. Eri\u015filebilir contalar ve ya\u011flama noktalar\u0131 gibi \u00f6zellikler, rutin bak\u0131m\u0131n minimum ar\u0131za s\u00fcresiyle ger\u00e7ekle\u015ftirilebilmesini sa\u011flayarak operasyonlar\u0131n genel verimlili\u011fine katk\u0131da bulunur.<\/p>\n<p><img decoding=\"async\" src=\"https:\/\/www.hydraulic-cylinders.net\/wp-content\/uploads\/2025\/04\/songte-oil-pipes-and-spare-parts.webp\" alt=\"Petrol Borular\u0131 ve Yedek Par\u00e7alar\u0131\" \/><\/p>\n<h2>Bom Silindirlerinin S\u0131zd\u0131rmazl\u0131\u011f\u0131 ve Ya\u011flanmas\u0131<\/h2>\n<p>Bom silindirlerinin i\u015flevselli\u011fi i\u00e7in do\u011fru s\u0131zd\u0131rmazl\u0131k ve ya\u011flama \u00e7ok \u00f6nemlidir. S\u0131k\u0131 bir s\u0131zd\u0131rmazl\u0131k sa\u011flamak ve hidrolik s\u0131v\u0131 s\u0131z\u0131nt\u0131s\u0131n\u0131 \u00f6nlemek i\u00e7in piston ve mil contalar\u0131 gibi \u00e7e\u015fitli contalar kullan\u0131l\u0131r. A\u015f\u0131nmaya dayan\u0131kl\u0131l\u0131klar\u0131 ve uzun \u00f6m\u00fcrl\u00fcl\u00fckleri nedeniyle poli\u00fcretan ve nitril kau\u00e7uk gibi malzemeler yayg\u0131n olarak kullan\u0131l\u0131r.<\/p>\n<p>Silindir g\u00f6vdesinin ve di\u015fli u\u00e7lar\u0131n\u0131n y\u00fczeyleri, dayan\u0131kl\u0131l\u0131\u011f\u0131 art\u0131rmak ve a\u015f\u0131nmay\u0131 azaltmak i\u00e7in hassas bir \u015fekilde i\u015flenir. Ayr\u0131ca, optimum ya\u011flamay\u0131 sa\u011flamak, sorunsuz \u00e7al\u0131\u015fmay\u0131 garantilemek ve hareketli par\u00e7alar aras\u0131ndaki s\u00fcrt\u00fcnmeyi azaltmak i\u00e7in hidrolik ya\u011f\u0131n d\u00fczenli olarak doldurulmas\u0131 da \u00f6nemlidir.<\/p>\n<h2>D\u00fczenli Muayene ve \u00d6nleyici Bak\u0131m \u00d6nlemleri<\/h2>\n<ul>\n<li><strong>Rutin Denetimler:<\/strong> Silindirde a\u015f\u0131nma, s\u0131z\u0131nt\u0131 veya hasar belirtileri olup olmad\u0131\u011f\u0131n\u0131 d\u00fczenli olarak g\u00f6rsel olarak kontrol edin. Bu proaktif yakla\u015f\u0131m, sorunlar\u0131n daha b\u00fcy\u00fck problemlere d\u00f6n\u00fc\u015fmeden \u00f6nce tespit edilmesini sa\u011flayabilir.<\/li>\n<li><strong>Uygun Ya\u011flama:<\/strong> Hidrolik sistemde uygun ya\u011flama seviyelerini koruyun. Hidrolik sistemin sorunsuz \u00e7al\u0131\u015fmas\u0131n\u0131 sa\u011flamak i\u00e7in ya\u011f seviyelerini ve kalitesini d\u00fczenli olarak kontrol edin.<\/li>\n<li><strong>Conta De\u011fi\u015fimi:<\/strong> S\u0131z\u0131nt\u0131lar\u0131 \u00f6nlemek ve sistem b\u00fct\u00fcnl\u00fc\u011f\u00fcn\u00fc korumak i\u00e7in contalar\u0131n durumunu izleyin ve gerekti\u011finde de\u011fi\u015ftirin.<\/li>\n<\/ul>\n<h2>Bom Silindirleri \u0130\u00e7in Montaj K\u0131lavuzu<\/h2>\n<p>Bom silindirlerinin do\u011fru montaj\u0131, performanslar\u0131 ve uzun \u00f6m\u00fcrleri i\u00e7in hayati \u00f6nem ta\u015f\u0131r. \u00d6ncelikle montaj y\u00fczeylerinin temiz ve kal\u0131nt\u0131lardan ar\u0131nd\u0131r\u0131lm\u0131\u015f oldu\u011fundan emin olun. Do\u011fru bir uyum sa\u011flamak i\u00e7in silindiri makine \u00fczerindeki montaj noktalar\u0131yla hizalay\u0131n.<\/p>\n<p>Silindiri sa\u011flam bir \u015fekilde yerine sabitlemek ve \u00e7al\u0131\u015fma s\u0131ras\u0131nda hareket etmesini \u00f6nlemek i\u00e7in uygun montaj braketleri kullan\u0131n. Kurulumdan sonra, t\u00fcm ba\u011flant\u0131lar\u0131n s\u0131k\u0131 oldu\u011fundan ve hidrolik hatlar\u0131n b\u00fck\u00fclme veya keskin k\u0131vr\u0131mlar olmadan d\u00fczg\u00fcn bir \u015fekilde y\u00f6nlendirildi\u011finden emin olmak i\u00e7in kapsaml\u0131 bir inceleme yap\u0131n.<\/p>\n<p>Montajdan sonra, hidrolik sistemde s\u0131z\u0131nt\u0131 olup olmad\u0131\u011f\u0131n\u0131 kontrol edin ve i\u015flevselli\u011fi sa\u011flamak i\u00e7in bas\u0131n\u00e7 testi yap\u0131n. Gelecekte olas\u0131 sorunlardan ka\u00e7\u0131nmak i\u00e7in \u00fcreticinin montaj \u00f6nerilerine uymak \u00e7ok \u00f6nemlidir.<\/p>\n<h2>Yayg\u0131n Bak\u0131m G\u00f6revleri<\/h2>\n<ul>\n<li><strong>D\u00fczenli Denetimler:<\/strong> Olas\u0131 sorunlar\u0131 erken tespit etmek i\u00e7in s\u0131k s\u0131k denetimler planlay\u0131n. Bu, s\u0131z\u0131nt\u0131lar\u0131, a\u015f\u0131nmay\u0131 ve anormal \u00e7al\u0131\u015fmay\u0131 kontrol etmeyi i\u00e7erir.<\/li>\n<li><strong>Uygun Ya\u011flama:<\/strong> Hidrolik ya\u011f\u0131n do\u011fru seviyede ve iyi durumda oldu\u011fundan emin olun. Optimum performans\u0131 korumak i\u00e7in kirlenmi\u015f ya\u011f\u0131 de\u011fi\u015ftirin.<\/li>\n<li><strong>Conta De\u011fi\u015fimi ve Kalibrasyon Kontrolleri:<\/strong> S\u0131z\u0131nt\u0131lar\u0131 \u00f6nlemek i\u00e7in contalar\u0131 d\u00fczenli olarak a\u015f\u0131nma a\u00e7\u0131s\u0131ndan kontrol edin ve gerekti\u011finde de\u011fi\u015ftirin. Do\u011fruluk ve verimlili\u011fi korumak i\u00e7in hidrolik sistemi periyodik olarak kalibre edin.<\/li>\n<\/ul>\n<p>Bom silindirlerinin do\u011fru montaj\u0131, ya\u011flanmas\u0131 ve ayarlanmas\u0131, performanslar\u0131 i\u00e7in \u00e7ok \u00f6nemlidir. Montaj s\u0131ras\u0131nda silindirin do\u011fru \u015fekilde hizaland\u0131\u011f\u0131ndan emin olun ve sabitlemek i\u00e7in uygun destek braketleri kullan\u0131n. \u00dcr\u00fcn\u00fcn \u00f6mr\u00fcn\u00fc en \u00fcst d\u00fczeye \u00e7\u0131karmak i\u00e7in \u00f6nerilen inceleme, onar\u0131m ve de\u011fi\u015ftirme prosed\u00fcrlerini uygulay\u0131n.<\/p>\n<p><img decoding=\"async\" src=\"https:\/\/www.hydraulic-cylinders.net\/wp-content\/uploads\/2025\/04\/songte-chushion-collar.webp\" alt=\"Yast\u0131k Yaka\" \/><\/p>\n<h2>G\u00fcvenlik Hususlar\u0131 ve \u00c7evresel Fakt\u00f6rler<\/h2>\n<p>Bom silindirleri kullan\u0131l\u0131rken, operat\u00f6rleri ve ekipman\u0131 korumak i\u00e7in g\u00fcvenlik \u00f6nlemlerine \u00f6ncelik vermek \u00e7ok \u00f6nemlidir. \u00d6zellikle a\u011f\u0131r y\u00fcklerle \u00e7al\u0131\u015f\u0131rken, hidrolik sistemlerle ili\u015fkili riskleri en aza indirmek i\u00e7in t\u00fcm g\u00fcvenlik protokollerine uyuldu\u011fundan emin olun. Bom silindirleriyle donat\u0131lm\u0131\u015f makinelerin do\u011fru kullan\u0131m\u0131 konusunda operat\u00f6rlere verilen e\u011fitim, \u015fantiyelerde g\u00fcvenli\u011fi b\u00fcy\u00fck \u00f6l\u00e7\u00fcde art\u0131rabilir.<\/p>\n<h2>Sorun Giderme ve Yayg\u0131n Sorunlar<\/h2>\n<ul>\n<li><strong>S\u0131z\u0131nt\u0131:<\/strong> Bom silindirlerinde en s\u0131k kar\u015f\u0131la\u015f\u0131lan sorunlardan biri, genellikle a\u015f\u0131nm\u0131\u015f contalar veya hasarl\u0131 bile\u015fenlerden kaynaklanan s\u0131z\u0131nt\u0131d\u0131r. D\u00fczenli bak\u0131m ve zaman\u0131nda par\u00e7a de\u011fi\u015fimi bu sorunu \u00f6nleyebilir.<\/li>\n<li><strong>Zay\u0131f Performans:<\/strong> Silindir d\u00fczg\u00fcn \u00e7al\u0131\u015fm\u0131yorsa, bunun nedeni hidrolik sistemde hava olmas\u0131 veya yetersiz hidrolik s\u0131v\u0131s\u0131 olabilir. Sistemi havas\u0131n\u0131 alarak ve s\u0131v\u0131 seviyelerini kontrol ederek i\u015flevselli\u011fi geri kazand\u0131r\u0131n.<\/li>\n<li><strong>Beklenmedik Hareket:<\/strong> Silindir beklenmedik \u015fekilde hareket ederse, kontrol sisteminde ar\u0131za olup olmad\u0131\u011f\u0131n\u0131 kontrol edin. Kontrollerin do\u011fru \u00e7al\u0131\u015ft\u0131\u011f\u0131ndan ve \u00e7al\u0131\u015fmay\u0131 engelleyen herhangi bir bariyerin bulunmad\u0131\u011f\u0131ndan emin olun.<\/li>\n<\/ul>\n<p>Sorunlar\u0131 etkili bir \u015fekilde \u00e7\u00f6zmek i\u00e7in, kapsaml\u0131 te\u015fhis yap\u0131lmas\u0131 ve sorun giderme protokollerinin izlenmesi \u015fartt\u0131r. Yayg\u0131n sorunlar\u0131n olu\u015fumunu en aza indirmek ve g\u00fcvenilir ve verimli bir hidrolik sistem sa\u011flamak i\u00e7in \u00f6nleyici tedbirler uygulanmal\u0131d\u0131r.<\/p>\n<p><img decoding=\"async\" src=\"https:\/\/www.hydraulic-cylinders.net\/wp-content\/uploads\/2025\/04\/songte-bushings-with-all-kinds-of-excavator-models.webp\" alt=\"Ekskavat\u00f6r Modelleri i\u00e7in Bur\u00e7lar\" \/><\/p>\n<h2>\u015eirketimiz Hakk\u0131nda<\/h2>\n<p>\u00d6nde gelen yedek hidrolik silindir \u00fcreticisi olarak, \u00e7e\u015fitli pazar ihtiya\u00e7lar\u0131n\u0131 kar\u015f\u0131lamak \u00fczere kapsaml\u0131 bir \u00fcr\u00fcn yelpazesi sunuyoruz. Kalitede m\u00fckemmelli\u011fe olan ba\u011fl\u0131l\u0131\u011f\u0131m\u0131z, bizi hem yerel hem de uluslararas\u0131 pazarlarda \u00f6nde gelen bir oyuncu haline getirdi. Geli\u015fmi\u015f \u00fcretim stratejileri ve hassasiyete odaklanarak \u00fcretim kapasitemizi art\u0131r\u0131yoruz.<\/p>\n<p>Alan\u0131nda uzman profesyonellerden olu\u015fan ekibimiz, her \u00fcr\u00fcn\u00fcn titiz kalite standartlar\u0131n\u0131 kar\u015f\u0131lamas\u0131n\u0131 sa\u011flamak i\u00e7in \u00fcst d\u00fczey dijital \u00fcretim ekipmanlar\u0131 ve \u00f6zel test sistemlerinden yararlanmaktad\u0131r. M\u00fc\u015fterilerimizin \u00e7e\u015fitli gereksinimlerini kar\u015f\u0131lamak i\u00e7in verimlili\u011fe, hassasiyete ve y\u00fcksek kaliteli \u00e7\u0131kt\u0131lara \u00f6ncelik veriyoruz.<\/p>\n<p>M\u00fc\u015fterilerimizin \u00f6zel ihtiya\u00e7lar\u0131n\u0131 kar\u015f\u0131lamak \u00fczere tasarlanm\u0131\u015f \u00f6zelle\u015ftirilmi\u015f hizmetler sunarak \u00fcr\u00fcnlerimizin \u00e7e\u015fitli uygulamalarla m\u00fckemmel bir uyum sa\u011flamas\u0131n\u0131 garanti ediyoruz. Sat\u0131\u015f sonras\u0131 deste\u011fimiz, m\u00fc\u015fterilerimizin ihtiya\u00e7 duyduklar\u0131 yard\u0131m\u0131 almalar\u0131n\u0131 sa\u011flayarak memnuniyet ve g\u00fcvene dayal\u0131 uzun vadeli ili\u015fkiler kurmam\u0131za yard\u0131mc\u0131 olur.<\/p>\n<p><img decoding=\"async\" src=\"https:\/\/www.hydraulic-cylinders.net\/wp-content\/uploads\/2025\/04\/songte-company-4.webp\" alt=\"\u015eirket G\u00f6rseli 1\" \/><br \/>\n<img decoding=\"async\" src=\"https:\/\/www.hydraulic-cylinders.net\/wp-content\/uploads\/2025\/04\/songte-company-3.webp\" alt=\"\u015eirket G\u00f6rseli 2\" \/><\/p>\n<p>Yazar: lyl<\/p>","protected":false},"excerpt":{"rendered":"<p>Boom Cylinder For Grand CME85-9 Introduction to Boom Cylinders The Boom Cylinder is a vital component in hydraulic systems, specifically designed for controlling the movement of buckets in various heavy machinery such as excavators, backhoe loaders, and front-end loaders. This hydraulic cylinder is responsible for raising, lowering, and tilting the bucket, facilitating efficient material handling [&hellip;]<\/p>","protected":false},"featured_media":17876,"comment_status":"open","ping_status":"closed","template":"","meta":{"_et_pb_use_builder":"","_et_pb_old_content":"","_et_gb_content_width":""},"product_brand":[],"product_cat":[1546],"product_tag":[1547,1496],"class_list":{"0":"post-19100","1":"product","2":"type-product","3":"status-publish","4":"has-post-thumbnail","6":"product_cat-boom-cylinders","7":"product_tag-boom-cylinders","8":"product_tag-hydraulic-cylinders","10":"first","11":"instock","12":"shipping-taxable","13":"product-type-simple"},"amp_enabled":true,"_links":{"self":[{"href":"https:\/\/www.hydraulic-cylinders.net\/tr\/wp-json\/wp\/v2\/product\/19100","targetHints":{"allow":["GET"]}}],"collection":[{"href":"https:\/\/www.hydraulic-cylinders.net\/tr\/wp-json\/wp\/v2\/product"}],"about":[{"href":"https:\/\/www.hydraulic-cylinders.net\/tr\/wp-json\/wp\/v2\/types\/product"}],"replies":[{"embeddable":true,"href":"https:\/\/www.hydraulic-cylinders.net\/tr\/wp-json\/wp\/v2\/comments?post=19100"}],"wp:featuredmedia":[{"embeddable":true,"href":"https:\/\/www.hydraulic-cylinders.net\/tr\/wp-json\/wp\/v2\/media\/17876"}],"wp:attachment":[{"href":"https:\/\/www.hydraulic-cylinders.net\/tr\/wp-json\/wp\/v2\/media?parent=19100"}],"wp:term":[{"taxonomy":"product_brand","embeddable":true,"href":"https:\/\/www.hydraulic-cylinders.net\/tr\/wp-json\/wp\/v2\/product_brand?post=19100"},{"taxonomy":"product_cat","embeddable":true,"href":"https:\/\/www.hydraulic-cylinders.net\/tr\/wp-json\/wp\/v2\/product_cat?post=19100"},{"taxonomy":"product_tag","embeddable":true,"href":"https:\/\/www.hydraulic-cylinders.net\/tr\/wp-json\/wp\/v2\/product_tag?post=19100"}],"curies":[{"name":"wp","href":"https:\/\/api.w.org\/{rel}","templated":true}]}}