{"id":19101,"date":"2025-04-07T06:12:58","date_gmt":"2025-04-07T06:12:58","guid":{"rendered":"https:\/\/www.hydraulic-cylinders.net\/product\/boom-cylinder-for-volvo-small-excavator-ecr50d\/"},"modified":"2025-04-07T06:13:00","modified_gmt":"2025-04-07T06:13:00","slug":"boom-cylinder-for-volvo-small-excavator-ecr50d","status":"publish","type":"product","link":"https:\/\/www.hydraulic-cylinders.net\/tr\/urun\/boom-cylinder-for-volvo-small-excavator-ecr50d\/","title":{"rendered":"Volvo ECR50D K\u00fc\u00e7\u00fck Ekskavat\u00f6r \u0130\u00e7in Bom Silindiri"},"content":{"rendered":"<h1>Volvo ECR50D K\u00fc\u00e7\u00fck Ekskavat\u00f6r \u0130\u00e7in Bom Silindiri<\/h1>\n<h2>Bom Silindirlerine Giri\u015f<\/h2>\n<p>Bom silindiri, ekskavat\u00f6rler, kaz\u0131c\u0131 y\u00fckleyiciler ve \u00f6n y\u00fckleyiciler gibi \u00e7e\u015fitli a\u011f\u0131r makinelerde kep\u00e7elerin hareketini kontrol etmek i\u00e7in \u00f6zel olarak tasarlanm\u0131\u015f bir hidrolik silindir t\u00fcr\u00fcd\u00fcr. Bu hayati bile\u015fen, kep\u00e7enin kald\u0131r\u0131lmas\u0131n\u0131, indirilmesini ve e\u011filmesini sa\u011flayarak in\u015faat, tar\u0131m ve di\u011fer sekt\u00f6rlerde verimli malzeme ta\u015f\u0131ma g\u00f6revlerini kolayla\u015ft\u0131r\u0131r. Hidrolik sistemlerde, bom silindirleri hidrolik enerjiyi mekanik kuvvete d\u00f6n\u00fc\u015ft\u00fcrmede \u00e7ok \u00f6nemli bir rol oynar ve operat\u00f6rlerin karma\u015f\u0131k hareketleri hassasiyet ve kolayl\u0131kla ger\u00e7ekle\u015ftirmesine olanak tan\u0131r. \u00d6z\u00fcnde, bom silindiri hidrolik sistemin kalbi olarak i\u015flev g\u00f6r\u00fcr ve a\u011f\u0131r makineleri etkili bir \u015fekilde \u00e7al\u0131\u015ft\u0131rmak i\u00e7in gerekli g\u00fcc\u00fc sa\u011flar.<\/p>\n<p><img decoding=\"async\" src=\"https:\/\/www.hydraulic-cylinders.net\/wp-content\/uploads\/2025\/04\/songte-company-1.webp\" alt=\"Bom Silindiri\" \/><\/p>\n<h2>Bom Silindirinin \u00d6zellikleri<\/h2>\n<ul>\n<li><strong>Y\u00fcksek Dayan\u0131kl\u0131l\u0131k ve Dayan\u0131kl\u0131l\u0131k:<\/strong> Y\u00fcksek mukavemetli \u00e7elik veya al\u00fcminyumdan \u00fcretilen bu silindirler, y\u00fcksek bas\u0131nca ve a\u011f\u0131r y\u00fcklere dayanacak \u015fekilde tasarlanm\u0131\u015ft\u0131r ve bu da onlar\u0131 zorlu \u00e7al\u0131\u015fma ortamlar\u0131 i\u00e7in uygun hale getirir.<\/li>\n<li><strong>Verimli Hidrolik \u00c7al\u0131\u015fma:<\/strong> Hidrolik ya\u011f\u0131n bas\u0131nc\u0131n\u0131 kullanan bom silindirleri, d\u00fczg\u00fcn bir \u015fekilde uzama ve geri \u00e7ekilme sa\u011flayarak operat\u00f6r komutlar\u0131na h\u0131zl\u0131 yan\u0131t verilmesine ve \u00f6nemli bir itme ve \u00e7ekme kuvveti sa\u011flanmas\u0131na olanak tan\u0131r.<\/li>\n<li><strong>\u00c7e\u015fitli T\u00fcrler:<\/strong> Bom silindirleri, \u00e7e\u015fitli operasyonel ihtiya\u00e7lar\u0131 kar\u015f\u0131lamak \u00fczere tek etkili (tek y\u00f6nde \u00e7al\u0131\u015fan) veya \u00e7ift etkili (iki y\u00f6nde \u00e7al\u0131\u015fan) varyasyonlarda mevcuttur. Baz\u0131 modeller teleskopiktir ve d\u0131\u015f boyutlar\u0131 art\u0131rmadan daha fazla uzatma imkan\u0131 sa\u011flar.<\/li>\n<li><strong>\u00d6zel \u00dcretim:<\/strong> Firmam\u0131z, mevcut hidrolik silindirlerin yerini m\u00fckemmel \u015fekilde alan, uyumluluk ve performans\u0131 garanti eden bom silindirleri \u00fcretme konusunda uzmanla\u015fm\u0131\u015ft\u0131r.<\/li>\n<li><strong>Sa\u011flam S\u0131zd\u0131rmazl\u0131k ve Bak\u0131m Tasar\u0131m\u0131:<\/strong> Geli\u015fmi\u015f s\u0131zd\u0131rmazl\u0131k teknikleriyle tasarlanan bu silindirler, s\u0131z\u0131nt\u0131lar\u0131 en aza indirir ve kullan\u0131m \u00f6mr\u00fcn\u00fc en \u00fcst d\u00fczeye \u00e7\u0131kararak zaman i\u00e7inde g\u00fcvenilir performans sa\u011flar.<\/li>\n<\/ul>\n<p><img decoding=\"async\" src=\"https:\/\/www.hydraulic-cylinders.net\/wp-content\/uploads\/2025\/04\/songte-cylinder-head-with-all-kinds-excavator-models.webp\" alt=\"Ekskavat\u00f6r Modelleri\" \/><\/p>\n<h2>Uygulama Senaryolar\u0131<\/h2>\n<h3>\u0130n\u015faat Ekipmanlar\u0131<\/h3>\n<p>Ekskavat\u00f6rlerde, bom silindirleri kazma, y\u00fckleme ve toprak veya moloz ta\u015f\u0131ma i\u015flemlerinde hayati \u00f6neme sahiptir. Kep\u00e7enin zemine etkili bir \u015fekilde n\u00fcfuz etmesini sa\u011flayarak kazma i\u015flemini kolayla\u015ft\u0131r\u0131rlar. Kaz\u0131c\u0131 y\u00fckleyicilerde ise bom silindirleri hem kazma hem de kald\u0131rma i\u015flevlerine yard\u0131mc\u0131 olarak onlar\u0131 in\u015faat projelerinde \u00e7ok y\u00f6nl\u00fc ara\u00e7lar haline getirir.<\/p>\n<h3>Tar\u0131m Makinalar\u0131<\/h3>\n<p>\u00d6n y\u00fckleyicilerde, bom silindirleri toprak, saman ve di\u011fer malzemelerin kep\u00e7elenmesi, kald\u0131r\u0131lmas\u0131 ve ta\u015f\u0131nmas\u0131 i\u00e7in hayati \u00f6neme sahiptir. Sa\u011flam tasar\u0131mlar\u0131, a\u011f\u0131r y\u00fckleri y\u00f6netmelerine olanak tan\u0131yarak tar\u0131msal ortamlarda verimli \u00e7al\u0131\u015fma sa\u011flar.<\/p>\n<h3>Ekskavat\u00f6rler<\/h3>\n<p>Ekskavat\u00f6rlerde, bom silindirleri kep\u00e7enin topra\u011fa n\u00fcfuz etmesini sa\u011flayarak etkili kaz\u0131 yap\u0131lmas\u0131na olanak tan\u0131r. Performanslar\u0131, makinenin verimlili\u011fini ve \u00fcretkenli\u011fini do\u011frudan etkiledi\u011finden, \u00e7e\u015fitli kaz\u0131 i\u015flerinde vazge\u00e7ilmezdirler.<\/p>\n<h3>Y\u00fckleyiciler<\/h3>\n<p>\u00d6n y\u00fckleyicilerde, bom silindirleri malzemelerin etkili bir \u015fekilde kald\u0131r\u0131lmas\u0131na ve bo\u015falt\u0131lmas\u0131na yard\u0131mc\u0131 olur. Tasar\u0131mlar\u0131, y\u00fcklerin g\u00fcvenli ve verimli bir \u015fekilde y\u00f6netilmesini sa\u011flayarak \u015fantiye verimlili\u011finin en \u00fcst d\u00fczeye \u00e7\u0131kar\u0131lmas\u0131na katk\u0131da bulunur.<\/p>\n<h2>Tasar\u0131m Hususlar\u0131 ve Se\u00e7im Kriterleri<\/h2>\n<h3>Y\u00fck Kapasitesi<\/h3>\n<p>Bir bom silindirinin y\u00fck ta\u015f\u0131ma kapasitesi, kald\u0131rabilece\u011fi ve manevra yapabilece\u011fi maksimum a\u011f\u0131rl\u0131\u011f\u0131 belirleyen kritik bir tasar\u0131m unsurudur. Operat\u00f6rlerin, operasyonlar s\u0131ras\u0131nda g\u00fcvenlik ve i\u015flevselli\u011fi sa\u011flamak i\u00e7in uygun y\u00fck kapasitesine sahip bir silindir se\u00e7meleri \u00e7ok \u00f6nemlidir. Y\u00fck ta\u015f\u0131ma kapasitesi, yap\u0131m\u0131nda kullan\u0131lan malzemelerden, silindirin \u00e7ap\u0131ndan ve genel tasar\u0131m\u0131ndan etkilenir.<\/p>\n<h3>S\u0131zd\u0131rmazl\u0131k<\/h3>\n<p>Etkili s\u0131zd\u0131rmazl\u0131k, silindirin performans\u0131n\u0131 tehlikeye atabilecek ve \u00e7al\u0131\u015fma ar\u0131zalar\u0131na yol a\u00e7abilecek hidrolik s\u0131v\u0131 s\u0131z\u0131nt\u0131lar\u0131n\u0131 \u00f6nlemek i\u00e7in hayati \u00f6neme sahiptir. Poli\u00fcretan ve nitril kau\u00e7uk gibi malzemelerden yap\u0131lm\u0131\u015f y\u00fcksek kaliteli contalar, dayan\u0131kl\u0131l\u0131\u011f\u0131 ve a\u015f\u0131nmaya kar\u015f\u0131 direnci art\u0131rmak i\u00e7in yayg\u0131n olarak kullan\u0131l\u0131r. Do\u011fru s\u0131zd\u0131rmazl\u0131k tasar\u0131m\u0131, hidrolik i\u015flemlerin genel verimlili\u011fini de art\u0131rabilir.<\/p>\n<h3>Dayan\u0131kl\u0131l\u0131k<\/h3>\n<p>Bom silindirinin \u00f6mr\u00fcn\u00fc etkileyen en \u00f6nemli fakt\u00f6rlerden biri dayan\u0131kl\u0131l\u0131kt\u0131r. Silindirler, zorlu ortamlara ve tekrarlayan strese dayanacak \u015fekilde tasarlanmal\u0131d\u0131r. Y\u00fcksek mukavemetli malzemelerin ve koruyucu kaplamalar\u0131n kullan\u0131m\u0131, korozyona ve a\u015f\u0131nmaya kar\u015f\u0131 diren\u00e7 sa\u011flayarak zorlu uygulamalarda uzun \u00f6m\u00fcrl\u00fc performans sa\u011flamaya yard\u0131mc\u0131 olur.<\/p>\n<h3>Emniyet<\/h3>\n<p>Hidrolik silindirlerin tasar\u0131m\u0131nda g\u00fcvenlik hususlar\u0131 son derece \u00f6nemlidir. Bas\u0131n\u00e7 tahliye vanalar\u0131 ve sa\u011flam montaj sistemleri gibi \u00f6zellikler, bom silindirlerinin g\u00fcvenli \u00e7al\u0131\u015fmas\u0131na katk\u0131da bulunur. Dahili g\u00fcvenlik \u00f6zelliklerine sahip bir silindir se\u00e7mek, kaza riskini \u00f6nemli \u00f6l\u00e7\u00fcde azaltabilir ve operat\u00f6r\u00fcn g\u00fcvenini art\u0131rabilir.<\/p>\n<h3>Bak\u0131m kolayl\u0131\u011f\u0131<\/h3>\n<p>Bak\u0131m kolayl\u0131\u011f\u0131 g\u00f6z \u00f6n\u00fcnde bulundurularak tasarlanan bom silindirleri, servis i\u015flemlerini kolayla\u015ft\u0131rabilir ve ar\u0131za s\u00fcrelerini azaltabilir. Ya\u011flama i\u00e7in eri\u015filebilir servis noktalar\u0131 ve kolay de\u011fi\u015ftirilebilen contalar gibi \u00f6zellikler, silindirin bak\u0131m kolayl\u0131\u011f\u0131n\u0131 art\u0131rarak uzun \u00f6m\u00fcrl\u00fcl\u00fc\u011f\u00fcn\u00fc ve g\u00fcvenilir performans\u0131n\u0131 destekleyebilir.<\/p>\n<p><img decoding=\"async\" src=\"https:\/\/www.hydraulic-cylinders.net\/wp-content\/uploads\/2025\/04\/songte-oil-pipes-and-spare-parts.webp\" alt=\"Hidrolik Par\u00e7alar\" \/><\/p>\n<h2>S\u0131zd\u0131rmazl\u0131k ve Ya\u011flama<\/h2>\n<p>Bom silindirlerinin uzun \u00f6m\u00fcrl\u00fcl\u00fc\u011f\u00fc ve performans\u0131 i\u00e7in uygun s\u0131zd\u0131rmazl\u0131k ve ya\u011flama \u00e7ok \u00f6nemlidir. Hidrolik s\u0131v\u0131 s\u0131z\u0131nt\u0131lar\u0131n\u0131 \u00f6nlemek i\u00e7in piston contalar\u0131 ve mil contalar\u0131 gibi \u00e7e\u015fitli contalar kullan\u0131l\u0131r. Poli\u00fcretan ve nitril kau\u00e7uk gibi dayan\u0131kl\u0131 malzemelerin se\u00e7imi, a\u015f\u0131nma direncini art\u0131r\u0131r ve contalar\u0131n kullan\u0131m \u00f6mr\u00fcn\u00fc uzat\u0131r. Ayr\u0131ca, silindir g\u00f6vdesinin ve di\u015fli u\u00e7 y\u00fczeylerinin ince i\u015flenmesi, a\u015f\u0131nmaya kar\u015f\u0131 dayan\u0131kl\u0131l\u0131\u011f\u0131 art\u0131r\u0131r. \u00c7al\u0131\u015fma verimlili\u011fini korumak ve erken a\u015f\u0131nmay\u0131 \u00f6nlemek i\u00e7in d\u00fczenli olarak uygun miktarda hidrolik ya\u011f eklenmesi \u015fartt\u0131r.<\/p>\n<h2>D\u00fczenli Kontroller ve \u00d6nleyici Bak\u0131m<\/h2>\n<ul>\n<li><strong>D\u00fczenli Denetimler:<\/strong> Rutin kontroller yapmak, potansiyel sorunlar\u0131n b\u00fcy\u00fcmeden \u00f6nce belirlenmesine yard\u0131mc\u0131 olur. \u00c7al\u0131\u015fma s\u0131ras\u0131nda a\u015f\u0131nma belirtileri, s\u0131z\u0131nt\u0131lar veya ola\u011fand\u0131\u015f\u0131 sesler olup olmad\u0131\u011f\u0131n\u0131 kontrol edin.<\/li>\n<li><strong>Uygun Ya\u011flama:<\/strong> S\u00fcrt\u00fcnmeyi ve a\u015f\u0131nmay\u0131 en aza indirmek i\u00e7in hidrolik sistemin yeterince ya\u011fland\u0131\u011f\u0131ndan emin olun. Y\u00fcksek kaliteli hidrolik ya\u011f kullan\u0131n ve ya\u011flama aral\u0131klar\u0131 i\u00e7in \u00fcreticinin spesifikasyonlar\u0131na uyun.<\/li>\n<li><strong>Conta De\u011fi\u015fimi ve Kalibrasyon Kontrolleri:<\/strong> Hidrolik sistemin sorunsuz ve verimli \u00e7al\u0131\u015fmas\u0131n\u0131 sa\u011flamak i\u00e7in contalar\u0131 d\u00fczenli olarak de\u011fi\u015ftirin ve silindiri kalibre edin.<\/li>\n<\/ul>\n<h2>Kurulum Talimatlar\u0131<\/h2>\n<p>Bom silindirlerinin optimum performans\u0131 i\u00e7in do\u011fru montaj \u015fartt\u0131r. \u00d6ncelikle t\u00fcm bile\u015fenlerin temiz ve kal\u0131nt\u0131lardan ar\u0131nd\u0131r\u0131lm\u0131\u015f oldu\u011fundan emin olun. Erken a\u015f\u0131nmaya yol a\u00e7abilecek yanl\u0131\u015f hizalama sorunlar\u0131n\u0131 \u00f6nlemek i\u00e7in montaj s\u0131ras\u0131nda silindiri do\u011fru \u015fekilde hizalay\u0131n. Silindiri yerinde sabitlemek ve \u00e7al\u0131\u015fma gerilimlerine dayanabilmesini sa\u011flamak i\u00e7in uygun montaj braketleri kullan\u0131n. G\u00fcvenilir bir montaj elde etmek i\u00e7in \u00fcreticinin tork \u00f6zellikleri ve ba\u011flant\u0131 par\u00e7alar\u0131yla ilgili y\u00f6nergelerini izleyin. Montaj sonras\u0131, t\u00fcm ba\u011flant\u0131lar\u0131n s\u0131k\u0131 oldu\u011funu ve silindirin sorunsuz \u00e7al\u0131\u015ft\u0131\u011f\u0131n\u0131 do\u011frulamak i\u00e7in kapsaml\u0131 bir kontrol ger\u00e7ekle\u015ftirin.<\/p>\n<h2>Yayg\u0131n Bak\u0131m G\u00f6revleri<\/h2>\n<ul>\n<li><strong>D\u00fczenli Denetimler:<\/strong> S\u0131k yap\u0131lan g\u00f6rsel kontroller, olas\u0131 sorunlar\u0131 erken tespit etmeye yard\u0131mc\u0131 olabilir. Altta yatan sorunlara i\u015faret edebilecek a\u015f\u0131nma, hasar veya s\u0131z\u0131nt\u0131 belirtilerine dikkat edin.<\/li>\n<li><strong>Uygun Ya\u011flama:<\/strong> Yeterli ya\u011flaman\u0131n sa\u011flanmas\u0131, s\u00fcrt\u00fcnmeyi en aza indirmek ve hidrolik bile\u015fenlerin \u00f6mr\u00fcn\u00fc uzatmak i\u00e7in \u00e7ok \u00f6nemlidir. A\u015f\u0131nmay\u0131 \u00f6nlemek ve s\u0131zd\u0131rmazl\u0131k performans\u0131n\u0131 art\u0131rmak i\u00e7in contalar\u0131n ya\u011fland\u0131\u011f\u0131ndan emin olun.<\/li>\n<li><strong>Conta De\u011fi\u015fimi ve Kalibrasyonu:<\/strong> A\u015f\u0131nm\u0131\u015f contalar\u0131n d\u00fczenli olarak de\u011fi\u015ftirilmesi, s\u0131z\u0131nt\u0131lar\u0131 \u00f6nlemek ve performans\u0131 korumak i\u00e7in \u015fartt\u0131r. Silindirin belirtilen parametreler dahilinde \u00e7al\u0131\u015ft\u0131\u011f\u0131ndan emin olmak i\u00e7in periyodik olarak kalibrasyon kontrolleri de yap\u0131lmal\u0131d\u0131r.<\/li>\n<\/ul>\n<h2>G\u00fcvenlik Hususlar\u0131 ve \u00c7evresel Fakt\u00f6rler<\/h2>\n<p>Hidrolik silindirlerle \u00e7al\u0131\u015f\u0131rken, kazalar\u0131 \u00f6nlemek ve personel ile ekipman\u0131n korunmas\u0131n\u0131 sa\u011flamak i\u00e7in g\u00fcvenlik \u00f6nlemleri hayati \u00f6nem ta\u015f\u0131r. Operat\u00f6rlerin bom silindirlerinin do\u011fru kullan\u0131m\u0131 konusunda uygun e\u011fitim almas\u0131 \u015fartt\u0131r. Ayr\u0131ca, ki\u015fisel koruyucu ekipman (KKD) kullan\u0131m\u0131 da dahil olmak \u00fczere g\u00fcvenlik y\u00f6netmeliklerine uyulmas\u0131 riskleri azaltabilir. Uzun s\u00fcreli dayan\u0131kl\u0131l\u0131k ve g\u00fcvenlik sa\u011flamak i\u00e7in silindir malzemeleri ve kaplamalar\u0131 se\u00e7ilirken, a\u015f\u0131r\u0131 s\u0131cakl\u0131klara veya a\u015f\u0131nd\u0131r\u0131c\u0131 maddelere maruz kalma gibi \u00e7evresel fakt\u00f6rler de dikkate al\u0131nmal\u0131d\u0131r.<\/p>\n<h2>Sorun Giderme ve Yayg\u0131n Sorunlar<\/h2>\n<ul>\n<li><strong>S\u0131z\u0131nt\u0131:<\/strong> Hidrolik s\u0131v\u0131 s\u0131z\u0131nt\u0131lar\u0131, a\u015f\u0131nm\u0131\u015f contalar veya ba\u011flant\u0131lar nedeniyle meydana gelebilir. Contalar\u0131 ve ba\u011flant\u0131 par\u00e7alar\u0131n\u0131 hasar a\u00e7\u0131s\u0131ndan kontrol edin ve gerekirse de\u011fi\u015ftirin.<\/li>\n<li><strong>Yava\u015f \u00c7al\u0131\u015fma:<\/strong> E\u011fer bom silindiri yava\u015f \u00e7al\u0131\u015f\u0131yorsa, hidrolik s\u0131v\u0131 seviyesinin d\u00fc\u015f\u00fck olup olmad\u0131\u011f\u0131n\u0131 veya sistemde kirlenme olup olmad\u0131\u011f\u0131n\u0131 kontrol edin.<\/li>\n<li><strong>Al\u0131\u015f\u0131lmad\u0131k Sesler:<\/strong> \u00c7al\u0131\u015fma s\u0131ras\u0131nda duyulan sesler mekanik sorunlara veya yetersiz ya\u011flamaya i\u015faret edebilir; olas\u0131 sorunlar\u0131 ara\u015ft\u0131r\u0131n.<\/li>\n<\/ul>\n<h2>Sorun Giderme \u0130pu\u00e7lar\u0131<\/h2>\n<p>Bom silindirlerindeki sorunlar\u0131 etkili bir \u015fekilde te\u015fhis etmek ve \u00e7\u00f6zmek i\u00e7in, t\u00fcm hidrolik bile\u015fenlerin ve ba\u011flant\u0131lar\u0131n kapsaml\u0131 bir \u015fekilde incelenmesini g\u00f6z \u00f6n\u00fcnde bulundurun. Hidrolik s\u0131v\u0131da a\u015f\u0131nma, s\u0131z\u0131nt\u0131 veya kirlenme belirtileri olup olmad\u0131\u011f\u0131n\u0131 kontrol edin. Potansiyel sorunlar\u0131 proaktif olarak ele almak i\u00e7in \u00f6nleyici tedbirler uygulay\u0131n; \u00f6rne\u011fin, rutin bak\u0131m kontrolleri ve a\u015f\u0131nm\u0131\u015f par\u00e7alar\u0131n zaman\u0131nda de\u011fi\u015ftirilmesi. Operat\u00f6rlerin ar\u0131za belirtilerini tan\u0131ma konusunda do\u011fru e\u011fitim almas\u0131 da ar\u0131za s\u00fcrelerini en aza indirmeye ve operasyonel verimlili\u011fi korumaya yard\u0131mc\u0131 olabilir.<\/p>\n<p><img decoding=\"async\" src=\"https:\/\/www.hydraulic-cylinders.net\/wp-content\/uploads\/2025\/04\/songte-bushings-with-all-kinds-of-excavator-models.webp\" alt=\"Ekskavat\u00f6r Bur\u00e7lar\u0131\" \/><\/p>\n<h2>\u015eirket Genel Bak\u0131\u015f\u0131<\/h2>\n<p>\u00d6nde gelen yedek hidrolik silindir \u00fcreticisi olarak, hem yerel hem de uluslararas\u0131 pazarlara hitap eden kapsaml\u0131 bir \u00fcr\u00fcn yelpazesine sahibiz. M\u00fckemmelli\u011fe olan ba\u011fl\u0131l\u0131\u011f\u0131m\u0131z, y\u00fcksek kalite standartlar\u0131na ve geli\u015fmi\u015f \u00fcretim y\u00f6netim stratejilerine olan ba\u011fl\u0131l\u0131\u011f\u0131m\u0131zla vurgulanmaktad\u0131r. Nitelikli teknik personel, son teknoloji dijital \u00fcretim ekipmanlar\u0131 ve \u00f6zel test sistemleri kullanmaya odaklanarak, \u00fcretim kapasitemizi s\u00fcrekli olarak geli\u015ftiriyoruz. Sa\u011flam \u00fcr\u00fcn geli\u015ftirme s\u00fcre\u00e7lerimiz, m\u00fc\u015fterilerimizin \u00e7e\u015fitli ihtiya\u00e7lar\u0131n\u0131 kar\u015f\u0131lamak \u00fczere tasarlanm\u0131\u015f olup, t\u00fcm \u00fcr\u00fcnlerimizde y\u00fcksek verimlilik, hassasiyet ve kalite sa\u011flamaktad\u0131r.<\/p>\n<p><img decoding=\"async\" src=\"https:\/\/www.hydraulic-cylinders.net\/wp-content\/uploads\/2025\/04\/songte-company-4.webp\" alt=\"\u015eirket Genel Bak\u0131\u015f\u0131\" \/><br \/>\n<img decoding=\"async\" src=\"https:\/\/www.hydraulic-cylinders.net\/wp-content\/uploads\/2025\/04\/songte-company-3.webp\" alt=\"\u00dcretim Tesisi\" \/><\/p>\n<p>\u015eirketimiz, kaliteye olan ba\u011fl\u0131l\u0131\u011f\u0131m\u0131z\u0131 do\u011frulayan \u00e7e\u015fitli uluslararas\u0131 sertifikalara sahip olup, profesyonelli\u011fiyle tan\u0131nmaktad\u0131r. M\u00fc\u015fterilerimizin \u00f6zel gereksinimlerini kar\u015f\u0131lamak \u00fczere tasarlanm\u0131\u015f \u00f6zel hizmetler sunarak, ihtiya\u00e7lar\u0131n\u0131 m\u00fckemmel \u015fekilde kar\u015f\u0131layan \u00fcr\u00fcnler almalar\u0131n\u0131 sa\u011fl\u0131yoruz. Geli\u015fmi\u015f \u00fcretim ekipmanlar\u0131m\u0131z ve \u00f6zel sat\u0131\u015f sonras\u0131 hizmetimiz, sekt\u00f6rdeki itibar\u0131m\u0131z\u0131 daha da art\u0131rmaktad\u0131r.<\/p>\n<p>Yazar: lyl<\/p>","protected":false},"excerpt":{"rendered":"<p>Boom Cylinder For Volvo Small Excavator ECR50D Introduction to Boom Cylinders A boom cylinder is a type of hydraulic cylinder specifically designed to control the movement of buckets in various heavy machinery, such as excavators, backhoe loaders, and front loaders. This vital component enables the bucket to lift, lower, and tilt, facilitating efficient material handling [&hellip;]<\/p>","protected":false},"featured_media":17877,"comment_status":"open","ping_status":"closed","template":"","meta":{"_et_pb_use_builder":"","_et_pb_old_content":"","_et_gb_content_width":""},"product_brand":[],"product_cat":[1546],"product_tag":[1547,1496],"class_list":{"0":"post-19101","1":"product","2":"type-product","3":"status-publish","4":"has-post-thumbnail","6":"product_cat-boom-cylinders","7":"product_tag-boom-cylinders","8":"product_tag-hydraulic-cylinders","10":"first","11":"instock","12":"shipping-taxable","13":"product-type-simple"},"amp_enabled":true,"_links":{"self":[{"href":"https:\/\/www.hydraulic-cylinders.net\/tr\/wp-json\/wp\/v2\/product\/19101","targetHints":{"allow":["GET"]}}],"collection":[{"href":"https:\/\/www.hydraulic-cylinders.net\/tr\/wp-json\/wp\/v2\/product"}],"about":[{"href":"https:\/\/www.hydraulic-cylinders.net\/tr\/wp-json\/wp\/v2\/types\/product"}],"replies":[{"embeddable":true,"href":"https:\/\/www.hydraulic-cylinders.net\/tr\/wp-json\/wp\/v2\/comments?post=19101"}],"wp:featuredmedia":[{"embeddable":true,"href":"https:\/\/www.hydraulic-cylinders.net\/tr\/wp-json\/wp\/v2\/media\/17877"}],"wp:attachment":[{"href":"https:\/\/www.hydraulic-cylinders.net\/tr\/wp-json\/wp\/v2\/media?parent=19101"}],"wp:term":[{"taxonomy":"product_brand","embeddable":true,"href":"https:\/\/www.hydraulic-cylinders.net\/tr\/wp-json\/wp\/v2\/product_brand?post=19101"},{"taxonomy":"product_cat","embeddable":true,"href":"https:\/\/www.hydraulic-cylinders.net\/tr\/wp-json\/wp\/v2\/product_cat?post=19101"},{"taxonomy":"product_tag","embeddable":true,"href":"https:\/\/www.hydraulic-cylinders.net\/tr\/wp-json\/wp\/v2\/product_tag?post=19101"}],"curies":[{"name":"wp","href":"https:\/\/api.w.org\/{rel}","templated":true}]}}