{"id":19104,"date":"2025-04-07T06:13:06","date_gmt":"2025-04-07T06:13:06","guid":{"rendered":"https:\/\/www.hydraulic-cylinders.net\/product\/boom-cylinder-for-volvo-small-excavator-ec140blc\/"},"modified":"2025-04-07T06:13:08","modified_gmt":"2025-04-07T06:13:08","slug":"boom-cylinder-for-volvo-small-excavator-ec140blc","status":"publish","type":"product","link":"https:\/\/www.hydraulic-cylinders.net\/tr\/urun\/boom-cylinder-for-volvo-small-excavator-ec140blc\/","title":{"rendered":"Volvo EC140BLC K\u00fc\u00e7\u00fck Ekskavat\u00f6r \u0130\u00e7in Bom Silindiri"},"content":{"rendered":"<h1>Volvo EC140BLC K\u00fc\u00e7\u00fck Ekskavat\u00f6r \u0130\u00e7in Bom Silindiri<\/h1>\n<h2>Bom Silindirlerine Giri\u015f<\/h2>\n<p>Bom silindiri, Volvo EC140BLC k\u00fc\u00e7\u00fck ekskavat\u00f6r de dahil olmak \u00fczere \u00e7e\u015fitli a\u011f\u0131r makinelerin \u00e7al\u0131\u015fmas\u0131nda kritik bir rol oynar. Bu hidrolik silindir, bomun hareketini kontrol etmek, kald\u0131rmak, indirmek ve e\u011fmek i\u00e7in \u00f6zel olarak tasarlanm\u0131\u015ft\u0131r. Bu i\u015flevsellik, malzeme ta\u015f\u0131ma g\u00f6revleri i\u00e7in \u00e7ok \u00f6nemlidir ve bom silindirlerini hidrolik sistemlerde hayati bir bile\u015fen haline getirir.<\/p>\n<p>Hidrolik silindir t\u00fcrlerinden biri olan bom silindiri, kaz\u0131, y\u00fckleme ve malzeme ta\u015f\u0131ma s\u0131ras\u0131nda olu\u015fan \u00f6nemli kuvvetleri y\u00f6netmek \u00fczere tasarlanm\u0131\u015ft\u0131r. Tasar\u0131m\u0131, zorlu ko\u015fullara dayanabilmesini ve bomun konumland\u0131r\u0131lmas\u0131 \u00fczerinde hassas kontrol sa\u011flamas\u0131n\u0131 garanti eder.<\/p>\n<p><img decoding=\"async\" src=\"https:\/\/www.hydraulic-cylinders.net\/wp-content\/uploads\/2025\/04\/songte-company-1.webp\" alt=\"Bom Silindiri G\u00f6r\u00fcnt\u00fcs\u00fc\"><\/p>\n<h3>Bom Silindirlerinin Ba\u015fl\u0131ca \u00d6zellikleri<\/h3>\n<ul>\n<li><strong>Y\u00fcksek Dayan\u0131kl\u0131l\u0131k ve Dayan\u0131kl\u0131l\u0131k:<\/strong> Y\u00fcksek mukavemetli \u00e7elik veya al\u00fcminyumdan \u00fcretilen bu silindirler, y\u00fcksek bas\u0131n\u00e7lara ve a\u011f\u0131r y\u00fcklere dayanabilir, bu da onlar\u0131 zorlu ortamlar i\u00e7in uygun hale getirir.<\/li>\n<li><strong>Verimli Hidrolik \u00c7al\u0131\u015fma:<\/strong> Bom silindiri, hidrolik ya\u011f\u0131n bas\u0131nc\u0131n\u0131 kullanarak d\u00fczg\u00fcn bir uzama ve geri \u00e7ekme hareketi sa\u011flar; bu da operat\u00f6r komutlar\u0131na h\u0131zl\u0131 yan\u0131t vermeyi ve \u00f6nemli bir itme ve \u00e7ekme g\u00fcc\u00fc sunmay\u0131 m\u00fcmk\u00fcn k\u0131lar.<\/li>\n<li><strong>\u00c7e\u015fitli T\u00fcrler:<\/strong> Operasyonel ihtiya\u00e7lara ba\u011fl\u0131 olarak, bom silindirleri tek etkili veya \u00e7ift etkili olabilir, bu da \u00e7e\u015fitli uygulamalarda esneklik sa\u011flar. Baz\u0131 modeller teleskopik bile olabilir, bu da d\u0131\u015f boyutlar\u0131 art\u0131rmadan daha fazla uzatma olana\u011f\u0131 sunar.<\/li>\n<li><strong>Hassas M\u00fchendislik:<\/strong> A\u015f\u0131nma direnci ve korozyon korumas\u0131na odaklan\u0131larak tasarlanan bu silindirler, daha uzun \u00f6m\u00fcrl\u00fc olup s\u0131k de\u011fi\u015ftirme ihtiyac\u0131n\u0131 en aza indirir.<\/li>\n<li><strong>\u00d6zel \u00dcretim:<\/strong> Mevcut hidrolik silindirlerin yerine m\u00fckemmel \u015fekilde uyacak ve uyumluluk ile performans\u0131 garanti edecek bom silindirleri \u00fcretme konusunda uzmanla\u015ft\u0131k.<\/li>\n<\/ul>\n<p><img decoding=\"async\" src=\"https:\/\/www.hydraulic-cylinders.net\/wp-content\/uploads\/2025\/04\/songte-cylinder-head-with-all-kinds-excavator-models.webp\" alt=\"Ekskavat\u00f6r Modelleri\"><\/p>\n<h2>Bom Silindirlerinin Uygulamalar\u0131<\/h2>\n<h3>\u0130n\u015faat Ekipmanlar\u0131<\/h3>\n<p>Ekskavat\u00f6rlerde, bom silindirleri topra\u011f\u0131 veya molozu kazma, y\u00fckleme ve ta\u015f\u0131ma i\u015flemlerinde hayati \u00f6neme sahiptir. Kaz\u0131 kolunun d\u00f6nmesine ve farkl\u0131 a\u00e7\u0131lara ula\u015fmas\u0131na olanak tan\u0131yarak makinenin \u00e7ok y\u00f6nl\u00fcl\u00fc\u011f\u00fcn\u00fc ve verimlili\u011fini art\u0131r\u0131rlar. Hidrolik sistemin g\u00fcc\u00fc, hassas kontrol sa\u011flayarak \u015fantiyelerde verimlili\u011fi \u00f6nemli \u00f6l\u00e7\u00fcde art\u0131r\u0131r.<\/p>\n<h3>Tar\u0131m Makinalar\u0131<\/h3>\n<p>\u00d6n y\u00fckleyicilerde, bom silindirleri toprak, saman ve di\u011fer malzemelerin kep\u00e7elenmesi, kald\u0131r\u0131lmas\u0131 ve ta\u015f\u0131nmas\u0131 i\u00e7in hayati \u00f6neme sahiptir. Sa\u011flam yap\u0131lar\u0131, tar\u0131msal i\u015flerin zorlu taleplerini kar\u015f\u0131layabilecekleri ve en yo\u011fun \u00e7al\u0131\u015fma d\u00f6nemlerinde g\u00fcvenilirli\u011fi sa\u011flayabilecekleri anlam\u0131na gelir. Bu silindirler, \u00e7iftlik operasyonlar\u0131n\u0131n verimlili\u011fini art\u0131rmada \u00f6nemli bir rol oynar.<\/p>\n<h3>Kaz\u0131 G\u00f6revleri<\/h3>\n<p>Ekskavat\u00f6rlerde, bom silindiri kep\u00e7enin zemine etkili bir \u015fekilde n\u00fcfuz etmesini sa\u011flayarak malzeme kazmay\u0131 kolayla\u015ft\u0131r\u0131r. Tasar\u0131m\u0131, kaz\u0131 i\u015flerinde verimlili\u011fi korumak i\u00e7in hayati \u00f6nem ta\u015f\u0131yan sorunsuz bir \u00e7al\u0131\u015fma sa\u011flar. Kep\u00e7enin hassas bir \u015fekilde kontrol edilebilmesi, verimli malzeme \u00e7\u0131karma ve yerle\u015ftirme olana\u011f\u0131 sunar.<\/p>\n<h3>Y\u00fckleyici Operasyonlar\u0131<\/h3>\n<p>\u00d6n y\u00fckleyicilerde, bom silindirleri y\u00fcklerin etkili bir \u015fekilde kald\u0131r\u0131lmas\u0131na ve bo\u015falt\u0131lmas\u0131na yard\u0131mc\u0131 olur. Hidrolik sistem, denge ve kontrol\u00fc korurken a\u011f\u0131r y\u00fckleri ta\u015f\u0131mak i\u00e7in gereken g\u00fcc\u00fc sa\u011flar. Bu \u00f6zellik, y\u00fckleme i\u015flemleri s\u0131ras\u0131nda g\u00fcvenlik ve verimlili\u011fin sa\u011flanmas\u0131nda kritik \u00f6neme sahiptir.<\/p>\n<h2>Tasar\u0131m Hususlar\u0131 ve Se\u00e7im Kriterleri<\/h2>\n<h3>Y\u00fck Kapasitesi<\/h3>\n<p>Bir bom silindirinin y\u00fck ta\u015f\u0131ma kapasitesi, en \u00f6nemli tasar\u0131m unsurlar\u0131ndan biridir. Performanstan veya g\u00fcvenlikten \u00f6d\u00fcn vermeden ta\u015f\u0131nan malzemelerin maksimum a\u011f\u0131rl\u0131\u011f\u0131n\u0131 destekleyebilmelidir. Makinenin \u00f6zelliklerine ve \u00e7al\u0131\u015fma s\u0131ras\u0131nda beklenen y\u00fcklere dayal\u0131 do\u011fru hesaplamalar \u015fartt\u0131r. Yeterli y\u00fck ta\u015f\u0131ma kapasitesine sahip bir silindir se\u00e7mek, mekanik ar\u0131zay\u0131 \u00f6nlemeye ve g\u00fcvenilir \u00e7al\u0131\u015fma sa\u011flamaya yard\u0131mc\u0131 olur.<\/p>\n<h3>S\u0131zd\u0131rmazl\u0131k Performans\u0131<\/h3>\n<p>Hidrolik silindirlerde s\u0131v\u0131 s\u0131z\u0131nt\u0131s\u0131n\u0131 \u00f6nlemek ve bas\u0131nc\u0131 korumak i\u00e7in s\u0131zd\u0131rmazl\u0131k \u00e7ok \u00f6nemlidir. Poli\u00fcretan ve nitril kau\u00e7uk gibi dayan\u0131kl\u0131 malzemelerden yap\u0131lm\u0131\u015f y\u00fcksek kaliteli contalar, optimum performans i\u00e7in gereklidir. Bu, kirlenmeyi \u00f6nler ve hidrolik ya\u011f\u0131n sistem i\u00e7inde kalmas\u0131n\u0131 sa\u011flayarak silindirin \u00f6mr\u00fcn\u00fc uzat\u0131r. Contalar\u0131n d\u00fczenli olarak kontrol edilmesi, maliyetli onar\u0131mlar\u0131 ve ar\u0131za s\u00fcrelerini \u00f6nleyebilir.<\/p>\n<h3>Dayan\u0131kl\u0131l\u0131k ve Bak\u0131m<\/h3>\n<p>\u00d6zellikle zorlu ortamlarda kullan\u0131lan bom silindirleri i\u00e7in dayan\u0131kl\u0131l\u0131k \u00f6nemli bir fakt\u00f6rd\u00fcr. Kullan\u0131lan malzemelerin uzun \u00f6m\u00fcrl\u00fc performans sa\u011flamak i\u00e7in a\u015f\u0131nmaya ve korozyona kar\u015f\u0131 diren\u00e7li olmas\u0131 gerekir. A\u015f\u0131nmay\u0131 ve olas\u0131 ar\u0131zalar\u0131 erken tespit etmek i\u00e7in temizlik ve kontroller de dahil olmak \u00fczere d\u00fczenli bak\u0131m gereklidir. Bu, silindirin \u00f6mr\u00fcn\u00fc uzatmaya ve erken de\u011fi\u015ftirme ihtiyac\u0131n\u0131 azaltmaya yard\u0131mc\u0131 olur.<\/p>\n<h3>G\u00fcvenlik \u00d6zellikleri<\/h3>\n<p>Bom silindirlerinin tasar\u0131m\u0131nda g\u00fcvenlik en \u00f6nemli unsurdur. A\u015f\u0131r\u0131 uzamay\u0131 ve beklenmedik hareketleri \u00f6nleyen \u00f6zelliklerin eklenmesi, kaza riskini \u00f6nemli \u00f6l\u00e7\u00fcde azaltabilir. G\u00fcvenlik valfleri ve bas\u0131n\u00e7 tahliye sistemleri, \u00e7al\u0131\u015fma s\u0131ras\u0131nda hem makineyi hem de operat\u00f6rleri korumak i\u00e7in mutlaka dahil edilmesi gereken temel bile\u015fenlerdir.<\/p>\n<p><img decoding=\"async\" src=\"https:\/\/www.hydraulic-cylinders.net\/wp-content\/uploads\/2025\/04\/songte-oil-pipes-and-spare-parts.webp\" alt=\"Hidrolik Par\u00e7alar\"><\/p>\n<h2>S\u0131zd\u0131rmazl\u0131k ve Ya\u011flama<\/h2>\n<p>Hidrolik silindirlerin uzun \u00f6m\u00fcrl\u00fcl\u00fc\u011f\u00fc ve verimlili\u011fi i\u00e7in etkili s\u0131zd\u0131rmazl\u0131k ve ya\u011flama \u015fartt\u0131r. Piston contalar\u0131 ve mil contalar\u0131 gibi \u00e7e\u015fitli contalar, sistem b\u00fct\u00fcnl\u00fc\u011f\u00fcn\u00fcn korunmas\u0131nda kritik roller oynar. Poli\u00fcretan ve nitril kau\u00e7uk gibi a\u015f\u0131nmaya dayan\u0131kl\u0131 malzemelerden yap\u0131lan contalar, hidrolik s\u0131v\u0131ya kar\u015f\u0131 etkili s\u0131zd\u0131rmazl\u0131k sa\u011flar. Silindir g\u00f6vdesi ve di\u015fli u\u00e7lar\u0131, a\u015f\u0131nma direncini ve genel performans\u0131 art\u0131rmak i\u00e7in titizlikle i\u015flenmelidir.<\/p>\n<p>Uygun miktarda hidrolik ya\u011f ile d\u00fczenli ya\u011flama, s\u00fcrt\u00fcnmeyi ve a\u015f\u0131nmay\u0131 azaltmak i\u00e7in hayati \u00f6nem ta\u015f\u0131r. Do\u011fru ya\u011flama uygulamalar\u0131, \u00e7al\u0131\u015fma verimlili\u011fini art\u0131r\u0131r ve contalar\u0131n ve hareketli par\u00e7alar\u0131n erken a\u015f\u0131nmas\u0131n\u0131 \u00f6nler. Ya\u011flama seviyesini izlemek ve gerekti\u011finde takviye etmek, hidrolik sistem performans\u0131n\u0131 korumak i\u00e7in \u00f6nemli uygulamalard\u0131r.<\/p>\n<h2>\u00d6nleyici Bak\u0131m \u00d6nlemleri<\/h2>\n<ul>\n<li><strong>D\u00fczenli Denetimler:<\/strong> Rutin kontroller yapmak, potansiyel sorunlar\u0131n b\u00fcy\u00fck problemlere d\u00f6n\u00fc\u015fmeden \u00f6nce belirlenmesine yard\u0131mc\u0131 olur. S\u0131z\u0131nt\u0131lar\u0131n, a\u015f\u0131nman\u0131n ve contalar\u0131n b\u00fct\u00fcnl\u00fc\u011f\u00fcn\u00fcn kontrol edilmesi, bak\u0131m\u0131n standart bir par\u00e7as\u0131 olmal\u0131d\u0131r.<\/li>\n<li><strong>Uygun Ya\u011flama:<\/strong> Hidrolik ya\u011f\u0131n optimum seviyede ve do\u011fru tipte olmas\u0131, sorunsuz \u00e7al\u0131\u015fma i\u00e7in \u00e7ok \u00f6nemlidir. Verimlili\u011fin korunmas\u0131 i\u00e7in ya\u011flama, \u00fcreticinin y\u00f6nergelerine g\u00f6re yap\u0131lmal\u0131d\u0131r.<\/li>\n<li><strong>Conta De\u011fi\u015fimi:<\/strong> S\u0131z\u0131nt\u0131lar\u0131 \u00f6nlemek ve bas\u0131nc\u0131 korumak i\u00e7in contalar izlenmeli ve gerekti\u011finde de\u011fi\u015ftirilmelidir. D\u00fczenli kontroller ve zaman\u0131nda yap\u0131lan de\u011fi\u015fimler, hidrolik s\u0131v\u0131 kayb\u0131yla ilgili maliyetlerden tasarruf sa\u011flayabilir.<\/li>\n<\/ul>\n<h2>Uygun Kurulum Y\u00f6nergeleri<\/h2>\n<p>Bom silindirinin do\u011fru \u015fekilde tak\u0131lmas\u0131, optimum performans i\u00e7in \u00e7ok \u00f6nemlidir. \u00d6ncelikle t\u00fcm bile\u015fenlerin temiz ve kal\u0131nt\u0131lardan ar\u0131nd\u0131r\u0131lm\u0131\u015f oldu\u011fundan emin olun. Uygun montaj desteklerini kullanarak silindiri montaj braketleriyle do\u011fru \u015fekilde hizalay\u0131n. A\u015f\u0131r\u0131 s\u0131kmamaya dikkat ederek, ba\u011flant\u0131 elemanlar\u0131n\u0131 \u00fcreticinin \u00f6zelliklerine g\u00f6re s\u0131k\u0131n; a\u015f\u0131r\u0131 s\u0131kma hasara yol a\u00e7abilir.<\/p>\n<p>Montajdan sonra, herhangi bir hizalama hatas\u0131 veya hareket belirtisi olup olmad\u0131\u011f\u0131n\u0131 kontrol edin. Hidrolik sistemin sorunsuz \u00e7al\u0131\u015ft\u0131\u011f\u0131ndan emin olmak i\u00e7in test edin ve contalar\u0131n etraf\u0131ndaki s\u0131z\u0131nt\u0131lar\u0131 izleyin. En iyi montaj uygulamalar\u0131na uymak, \u00e7al\u0131\u015fma sorunlar\u0131n\u0131 \u00f6nlemeye ve hidrolik silindirin \u00f6mr\u00fcn\u00fc uzatmaya yard\u0131mc\u0131 olur.<\/p>\n<h2>Yayg\u0131n Bak\u0131m G\u00f6revleri<\/h2>\n<h3>D\u00fczenli Denetimler<\/h3>\n<p>A\u015f\u0131nmay\u0131 ve olas\u0131 ar\u0131zalar\u0131 erken tespit etmek i\u00e7in d\u00fczenli kontroller yapmak \u00e7ok \u00f6nemlidir. Bu, contalar\u0131n s\u0131z\u0131nt\u0131 a\u00e7\u0131s\u0131ndan kontrol edilmesini ve t\u00fcm hidrolik ba\u011flant\u0131lar\u0131n g\u00fcvenli oldu\u011fundan emin olunmas\u0131n\u0131 i\u00e7erir. D\u00fczenli kontroller, optimum performans\u0131 korumaya ve beklenmedik ar\u0131za s\u00fcrelerini \u00f6nlemeye yard\u0131mc\u0131 olabilir.<\/p>\n<h3>Uygun Ya\u011flama<\/h3>\n<p>Hidrolik silindirlerin verimli \u00e7al\u0131\u015fmas\u0131 i\u00e7in yeterli ya\u011flama seviyelerinin korunmas\u0131 hayati \u00f6nem ta\u015f\u0131r. Do\u011fru tipte hidrolik ya\u011f\u0131n kullan\u0131lmas\u0131 ve do\u011fru seviyede olmas\u0131, performans\u0131 ve \u00f6mr\u00fc \u00f6nemli \u00f6l\u00e7\u00fcde etkileyebilir. Do\u011fru ya\u011flama uygulamalar\u0131 s\u00fcrt\u00fcnmeyi ve a\u015f\u0131nmay\u0131 azaltarak silindirin dayan\u0131kl\u0131l\u0131\u011f\u0131n\u0131 art\u0131r\u0131r.<\/p>\n<h3>Conta De\u011fi\u015fimi ve Kalibrasyon Kontrolleri<\/h3>\n<p>Hidrolik sistemin b\u00fct\u00fcnl\u00fc\u011f\u00fcn\u00fc korumak i\u00e7in contalar\u0131n de\u011fi\u015ftirilmesi \u00e7ok \u00f6nemlidir. S\u0131z\u0131nt\u0131y\u0131 \u00f6nlemek i\u00e7in contalar\u0131 d\u00fczenli olarak a\u015f\u0131nma belirtileri a\u00e7\u0131s\u0131ndan kontrol edin ve gerekti\u011finde de\u011fi\u015ftirin. Kalibrasyon kontrolleri, hidrolik sistemin belirtilen parametreler dahilinde \u00e7al\u0131\u015fmas\u0131n\u0131 sa\u011flayarak a\u015f\u0131r\u0131 y\u00fcklenmeyi ve olas\u0131 ar\u0131zalar\u0131 \u00f6nler.<\/p>\n<p><img decoding=\"async\" src=\"https:\/\/www.hydraulic-cylinders.net\/wp-content\/uploads\/2025\/04\/songte-chushion-collar.webp\" alt=\"Yast\u0131k Yaka\"><\/p>\n<h2>G\u00fcvenlik Hususlar\u0131 ve \u00c7evresel Fakt\u00f6rler<\/h2>\n<p>Hidrolik sistemlerle \u00e7al\u0131\u015f\u0131rken g\u00fcvenlik \u00f6nlemleri son derece \u00f6nemlidir. Operat\u00f6rler, hidrolik ekipmanlarla ili\u015fkili potansiyel tehlikeleri anlamak i\u00e7in e\u011fitilmelidir. Ki\u015fisel koruyucu ekipman (KKD) kullan\u0131m\u0131 ve g\u00fcvenlik protokollerine uyulmas\u0131, kaza riskini \u00f6nemli \u00f6l\u00e7\u00fcde azaltabilir. Hidrolik s\u0131v\u0131lar\u0131n uygun \u015fekilde bertaraf edilmesi ve s\u0131z\u0131nt\u0131lar\u0131n en aza indirilmesi gibi \u00e7evresel hususlar da \u00e7evresel etkiyi azaltmak i\u00e7in gereklidir.<\/p>\n<h2>Sorun Giderme ve Yayg\u0131n Sorunlar<\/h2>\n<ul>\n<li><strong>S\u0131z\u0131nt\u0131:<\/strong> Contalar\u0131 ve ba\u011flant\u0131lar\u0131 a\u015f\u0131nma ve hasar a\u00e7\u0131s\u0131ndan kontrol edin. Contalar\u0131 de\u011fi\u015ftirmek ve ba\u011flant\u0131lar\u0131 s\u0131kmak genellikle bu sorunu \u00e7\u00f6zebilir.<\/li>\n<li><strong>Zay\u0131f Performans:<\/strong> Hidrolik s\u0131v\u0131s\u0131n\u0131n do\u011fru seviyede oldu\u011fundan ve sistemde hava ka\u00e7a\u011f\u0131 olmad\u0131\u011f\u0131ndan emin olun. D\u00fczenli bak\u0131m, performans\u0131 korumaya yard\u0131mc\u0131 olabilir.<\/li>\n<li><strong>A\u015f\u0131r\u0131 Is\u0131nma:<\/strong> Hidrolik hatlarda t\u0131kan\u0131kl\u0131k olup olmad\u0131\u011f\u0131n\u0131 kontrol edin ve sistemin a\u015f\u0131r\u0131 y\u00fck alt\u0131nda olmad\u0131\u011f\u0131ndan emin olun. Bu fakt\u00f6rlere dikkat etmek, a\u015f\u0131r\u0131 \u0131s\u0131nmay\u0131 \u00f6nlemeye yard\u0131mc\u0131 olabilir.<\/li>\n<\/ul>\n<h2>Etkili Sorun Giderme \u0130pu\u00e7lar\u0131<\/h2>\n<p>Hidrolik silindirlerdeki sorunlar\u0131 te\u015fhis ederken, \u00f6ncelikle belirtileri belirleyerek ve g\u00f6r\u00fcn\u00fcr s\u0131z\u0131nt\u0131lar\u0131 kontrol ederek i\u015fe ba\u015flay\u0131n. D\u00fczenli bak\u0131m ve i\u015fletme y\u00f6nergelerine uyulmas\u0131, sorun riskini en aza indirebilir. Rutin kontroller ve uygun hidrolik s\u0131v\u0131 seviyelerinin korunmas\u0131 gibi \u00f6nleyici tedbirlerin uygulanmas\u0131, daha g\u00fcvenilir bir hidrolik sisteme katk\u0131da bulunur.<\/p>\n<p><img decoding=\"async\" src=\"https:\/\/www.hydraulic-cylinders.net\/wp-content\/uploads\/2025\/04\/songte-bushings-with-all-kinds-of-excavator-models.webp\" alt=\"Bur\u00e7lar G\u00f6r\u00fcnt\u00fcs\u00fc\"><\/p>\n<h2>\u015eirketimiz Hakk\u0131nda<\/h2>\n<p>\u00d6nde gelen hidrolik silindir \u00fcreticisiyiz ve \u00e7e\u015fitli modeller i\u00e7in y\u00fcksek kaliteli yedek par\u00e7alar sa\u011flama konusunda uzmanla\u015fm\u0131\u015f durumday\u0131z. Geni\u015f \u00fcr\u00fcn yelpazemiz, bizi hem yurt i\u00e7i hem de uluslararas\u0131 pazarlarda en iyi \u00fcretici ve toptanc\u0131lardan biri haline getirmi\u015ftir. Kalitede m\u00fckemmelli\u011fe \u00f6ncelik veriyor ve optimum \u00fcretim y\u00f6netimini sa\u011flayan geli\u015fmi\u015f \u00fcretim stratejilerine ba\u011fl\u0131 kal\u0131yoruz.<\/p>\n<p>Nitelikli personele, son teknoloji dijital \u00fcretim ekipmanlar\u0131na ve profesyonel test sistemlerine odaklanarak \u00fcretim platformumuzu s\u00fcrekli olarak geli\u015ftiriyoruz. Y\u00fcksek verimlilik, hassasiyet ve kaliteye olan ba\u011fl\u0131l\u0131\u011f\u0131m\u0131z, \u00e7e\u015fitli m\u00fc\u015fteri ihtiya\u00e7lar\u0131n\u0131 etkili bir \u015fekilde kar\u015f\u0131lamam\u0131z\u0131 sa\u011fl\u0131yor. Ayr\u0131ca, m\u00fc\u015fterilerimizin \u00f6zel ihtiya\u00e7lar\u0131n\u0131 kar\u015f\u0131lamak i\u00e7in profesyonel \u00f6zelle\u015ftirme hizmetleri sunarak, onlara \u00f6zel \u00e7\u00f6z\u00fcmler sunuyoruz.<\/p>\n<p><img decoding=\"async\" src=\"https:\/\/www.hydraulic-cylinders.net\/wp-content\/uploads\/2025\/04\/songte-company-4.webp\" alt=\"\u015eirket G\u00f6rseli 1\"><br \/>\n<img decoding=\"async\" src=\"https:\/\/www.hydraulic-cylinders.net\/wp-content\/uploads\/2025\/04\/songte-company-3.webp\" alt=\"\u015eirket G\u00f6rseli 2\"><\/p>\n<p>Yazar: lyl<\/p>","protected":false},"excerpt":{"rendered":"<p>Boom Cylinder For Volvo Small Excavator EC140BLC Introduction to Boom Cylinders The Boom Cylinder plays a critical role in the operation of various heavy machinery, including the Volvo Small Excavator EC140BLC. This hydraulic cylinder is specifically designed to control the movement of the boom, allowing it to lift, lower, and tilt. This functionality is essential [&hellip;]<\/p>","protected":false},"featured_media":17880,"comment_status":"open","ping_status":"closed","template":"","meta":{"_et_pb_use_builder":"","_et_pb_old_content":"","_et_gb_content_width":""},"product_brand":[],"product_cat":[1546],"product_tag":[1547,1496],"class_list":{"0":"post-19104","1":"product","2":"type-product","3":"status-publish","4":"has-post-thumbnail","6":"product_cat-boom-cylinders","7":"product_tag-boom-cylinders","8":"product_tag-hydraulic-cylinders","10":"first","11":"instock","12":"shipping-taxable","13":"product-type-simple"},"amp_enabled":true,"_links":{"self":[{"href":"https:\/\/www.hydraulic-cylinders.net\/tr\/wp-json\/wp\/v2\/product\/19104","targetHints":{"allow":["GET"]}}],"collection":[{"href":"https:\/\/www.hydraulic-cylinders.net\/tr\/wp-json\/wp\/v2\/product"}],"about":[{"href":"https:\/\/www.hydraulic-cylinders.net\/tr\/wp-json\/wp\/v2\/types\/product"}],"replies":[{"embeddable":true,"href":"https:\/\/www.hydraulic-cylinders.net\/tr\/wp-json\/wp\/v2\/comments?post=19104"}],"wp:featuredmedia":[{"embeddable":true,"href":"https:\/\/www.hydraulic-cylinders.net\/tr\/wp-json\/wp\/v2\/media\/17880"}],"wp:attachment":[{"href":"https:\/\/www.hydraulic-cylinders.net\/tr\/wp-json\/wp\/v2\/media?parent=19104"}],"wp:term":[{"taxonomy":"product_brand","embeddable":true,"href":"https:\/\/www.hydraulic-cylinders.net\/tr\/wp-json\/wp\/v2\/product_brand?post=19104"},{"taxonomy":"product_cat","embeddable":true,"href":"https:\/\/www.hydraulic-cylinders.net\/tr\/wp-json\/wp\/v2\/product_cat?post=19104"},{"taxonomy":"product_tag","embeddable":true,"href":"https:\/\/www.hydraulic-cylinders.net\/tr\/wp-json\/wp\/v2\/product_tag?post=19104"}],"curies":[{"name":"wp","href":"https:\/\/api.w.org\/{rel}","templated":true}]}}