{"id":19108,"date":"2025-04-07T06:13:15","date_gmt":"2025-04-07T06:13:15","guid":{"rendered":"https:\/\/www.hydraulic-cylinders.net\/product\/boom-cylinder-for-volvo-small-excavator-ec170d\/"},"modified":"2025-04-07T06:13:18","modified_gmt":"2025-04-07T06:13:18","slug":"boom-cylinder-for-volvo-small-excavator-ec170d","status":"publish","type":"product","link":"https:\/\/www.hydraulic-cylinders.net\/tr\/urun\/boom-cylinder-for-volvo-small-excavator-ec170d\/","title":{"rendered":"Volvo EC170D K\u00fc\u00e7\u00fck Ekskavat\u00f6r \u0130\u00e7in Bom Silindiri"},"content":{"rendered":"<h1>Volvo EC170D K\u00fc\u00e7\u00fck Ekskavat\u00f6r \u0130\u00e7in Bom Silindiri<\/h1>\n<h2>Bom Silindirine Giri\u015f<\/h2>\n<p>Bom silindiri, Volvo EC170D k\u00fc\u00e7\u00fck ekskavat\u00f6r\u00fcn \u00f6nemli bir bile\u015fenidir ve \u00f6ncelikle bomun hareketini y\u00f6netmekten sorumludur. Bu hidrolik silindir, ekskavat\u00f6r\u00fcn hidrolik sisteminde hayati bir rol oynayarak bomun kontroll\u00fc bir \u015fekilde kald\u0131r\u0131lmas\u0131n\u0131, indirilmesini ve e\u011filmesini sa\u011flar. Bom silindirinin verimli \u00e7al\u0131\u015fmas\u0131, ekskavat\u00f6r\u00fcn genel i\u015flevselli\u011fini art\u0131rarak \u00e7e\u015fitli in\u015faat ve malzeme ta\u015f\u0131ma i\u015fleri i\u00e7in vazge\u00e7ilmez bir unsur haline getirir.<\/p>\n<p><img decoding=\"async\" src=\"https:\/\/www.hydraulic-cylinders.net\/wp-content\/uploads\/2025\/04\/songte-company-1.webp\" alt=\"Bom Silindiri G\u00f6r\u00fcnt\u00fcs\u00fc\" \/><\/p>\n<h3>Kova Silindirinin Genel G\u00f6r\u00fcn\u00fcm\u00fc<\/h3>\n<p>Kep\u00e7e silindiri, ekskavat\u00f6rler, kaz\u0131c\u0131 y\u00fckleyiciler ve \u00f6n y\u00fckleyiciler gibi a\u011f\u0131r makinelerde kep\u00e7enin hareketini kontrol etmek i\u00e7in tasarlanm\u0131\u015f \u00f6zel bir hidrolik silindir t\u00fcr\u00fcd\u00fcr. Bu hidrolik bile\u015fen, kep\u00e7enin kalkmas\u0131n\u0131, al\u00e7almas\u0131n\u0131 ve e\u011filmesini sa\u011flar; bu da verimli malzeme ta\u015f\u0131ma i\u015flemleri i\u00e7in \u00e7ok \u00f6nemlidir. Kep\u00e7e silindirinin i\u015flevi, toprak, moloz ve agrega gibi malzemelerin kaz\u0131lmas\u0131, y\u00fcklenmesi ve ta\u015f\u0131nmas\u0131 i\u00e7in hayati \u00f6neme sahiptir.<\/p>\n<h2>Bom Silindirinin \u00d6zellikleri<\/h2>\n<ul>\n<li><strong>Y\u00fcksek Dayan\u0131kl\u0131l\u0131k ve Dayan\u0131kl\u0131l\u0131k:<\/strong> Y\u00fcksek mukavemetli \u00e7elik veya al\u00fcminyumdan \u00fcretilen bom silindiri, y\u00fcksek bas\u0131nca ve a\u011f\u0131r y\u00fcklere dayanabilir, bu da onu zorlu \u00e7al\u0131\u015fma ortamlar\u0131 i\u00e7in uygun hale getirir. A\u015f\u0131nma direnci ve korozyon korumas\u0131 dikkate al\u0131narak tasarlanan bu silindirin kullan\u0131m \u00f6mr\u00fc uzat\u0131lm\u0131\u015ft\u0131r.<\/li>\n<li><strong>Verimli Hidrolik \u00c7al\u0131\u015fma:<\/strong> Hidrolik ya\u011f bas\u0131nc\u0131n\u0131 kullanan silindir, d\u00fczg\u00fcn uzama ve geri \u00e7ekilme sa\u011flayarak operat\u00f6r komutlar\u0131na h\u0131zl\u0131 yan\u0131t vermeyi m\u00fcmk\u00fcn k\u0131lar ve a\u011f\u0131r ve karma\u015f\u0131k i\u015flerin \u00fcstesinden gelmek i\u00e7in ideal olan g\u00fc\u00e7l\u00fc itme ve \u00e7ekme kuvvetleri sunar.<\/li>\n<li><strong>\u00c7e\u015fitli T\u00fcrler:<\/strong> Tek y\u00f6nl\u00fc (hidrolik g\u00fc\u00e7 tek y\u00f6nde) veya \u00e7ift y\u00f6nl\u00fc (hidrolik g\u00fc\u00e7 her iki y\u00f6nde) konfig\u00fcrasyonlarda bulunan bom silindirleri, farkl\u0131 operasyonel ihtiya\u00e7lar\u0131 kar\u015f\u0131layabilir. Baz\u0131 modellerde teleskopik tasar\u0131mlar bulunur; bu da d\u0131\u015f boyutlar\u0131 art\u0131rmadan daha fazla uzatmaya olanak tan\u0131yarak, alan k\u0131s\u0131tlamal\u0131 uygulamalar i\u00e7in m\u00fckemmel hale getirir.<\/li>\n<li><strong>\u00d6zel \u00dcretim:<\/strong> Firmam\u0131z, mevcut hidrolik silindirlerin yerini m\u00fckemmel \u015fekilde alan, sorunsuz entegrasyon ve uyumluluk sa\u011flayan y\u00fcksek kaliteli bom silindirleri \u00fcretme konusunda uzmanla\u015fm\u0131\u015ft\u0131r.<\/li>\n<\/ul>\n<p><img decoding=\"async\" src=\"https:\/\/www.hydraulic-cylinders.net\/wp-content\/uploads\/2025\/04\/songte-cylinder-head-with-all-kinds-excavator-models.webp\" alt=\"Ekskavat\u00f6r Modelleri\" \/><\/p>\n<h2>Bom Silindirinin Uygulamalar\u0131<\/h2>\n<h3>\u0130n\u015faat Ekipmanlar\u0131<\/h3>\n<p>Ekskavat\u00f6r gibi in\u015faat makinelerinde, bom silindirleri kazma, y\u00fckleme ve toprak veya moloz ta\u015f\u0131ma i\u015flemlerinde kritik \u00f6neme sahiptir. Bomun uzay\u0131p k\u0131salabilme \u00f6zelli\u011fi, ekskavat\u00f6r\u00fcn genel eri\u015fimini ve verimlili\u011fini art\u0131r\u0131r. Kaz\u0131c\u0131 y\u00fckleyicilerde ise bom silindiri hem kazma hem de kald\u0131rma i\u015flerinde yard\u0131mc\u0131 olarak \u00e7e\u015fitli in\u015faat uygulamalar\u0131nda \u00e7ok y\u00f6nl\u00fc bir bile\u015fen haline gelir.<\/p>\n<h3>Tar\u0131m Makinalar\u0131<\/h3>\n<p>\u00d6n y\u00fckleyicilerde, bom silindirleri toprak, saman ve di\u011fer malzemelerin kep\u00e7elenmesi, kald\u0131r\u0131lmas\u0131 ve ta\u015f\u0131nmas\u0131 i\u00e7in hayati \u00f6neme sahiptir. Sa\u011flam tasar\u0131mlar\u0131, tar\u0131m operat\u00f6rlerinin a\u011f\u0131r i\u015fleri verimli bir \u015fekilde ger\u00e7ekle\u015ftirmesine olanak tan\u0131yarak tar\u0131m faaliyetlerinde optimum verimlili\u011fi sa\u011flar.<\/p>\n<h3>Ekskavat\u00f6rler<\/h3>\n<p>Ekskavat\u00f6rlerdeki kep\u00e7e silindiri, kep\u00e7enin topra\u011fa n\u00fcfuz etmesini sa\u011flayarak etkili kaz\u0131 i\u015flemlerini kolayla\u015ft\u0131r\u0131r. Hidrolik yetenekleri, ekskavat\u00f6rlerin hendek kazmadan peyzaj \u00e7al\u0131\u015fmalar\u0131na kadar \u00e7e\u015fitli g\u00f6revleri yerine getirmesine olanak tan\u0131yarak onlar\u0131 in\u015faat ve kaz\u0131 projelerinde paha bi\u00e7ilmez k\u0131lar.<\/p>\n<h3>Y\u00fckleyiciler<\/h3>\n<p>\u00d6n y\u00fckleyicilerde, bom silindirleri y\u00fcklerin verimli bir \u015fekilde kald\u0131r\u0131lmas\u0131na ve bo\u015falt\u0131lmas\u0131na yard\u0131mc\u0131 olur. Hassas hidrolik hareketleri, operat\u00f6rlerin a\u011f\u0131r malzemeleri etkili bir \u015fekilde y\u00f6netmelerini sa\u011flayarak \u00e7al\u0131\u015fma h\u0131z\u0131n\u0131 ve performans\u0131n\u0131 art\u0131r\u0131r.<\/p>\n<h2>Tasar\u0131m Hususlar\u0131 ve Se\u00e7im Kriterleri<\/h2>\n<h3>Y\u00fck Kapasitesi<\/h3>\n<p>Bom silindiri se\u00e7erken, y\u00fck ta\u015f\u0131ma kapasitesini dikkate almak \u00e7ok \u00f6nemlidir. Silindir, \u00e7al\u0131\u015fma s\u0131ras\u0131nda maruz kalaca\u011f\u0131 maksimum a\u011f\u0131rl\u0131\u011f\u0131 kald\u0131rabilmelidir. Bu kapasitenin a\u015f\u0131lmas\u0131, silindir ar\u0131zas\u0131na ve g\u00fcvenlik tehlikelerine yol a\u00e7abilir.<\/p>\n<h3>S\u0131zd\u0131rmazl\u0131k Performans\u0131<\/h3>\n<p>Etkili s\u0131zd\u0131rmazl\u0131k, hidrolik s\u0131v\u0131 s\u0131z\u0131nt\u0131s\u0131n\u0131 \u00f6nlemek, silindirin optimum performans\u0131n\u0131 ve uzun \u00f6mr\u00fcn\u00fc sa\u011flamak i\u00e7in \u00e7ok \u00f6nemlidir. Hidrolik bas\u0131nc\u0131 ve verimlili\u011fi korumak i\u00e7in, y\u00fcksek kaliteli contalar, belirli \u00e7al\u0131\u015fma ko\u015fullar\u0131na g\u00f6re se\u00e7ilmelidir.<\/p>\n<h3>Dayan\u0131kl\u0131l\u0131k<\/h3>\n<p>Bom silindirinin dayan\u0131kl\u0131l\u0131\u011f\u0131, zorlu ortamlarda i\u015flevselli\u011fi i\u00e7in hayati \u00f6nem ta\u015f\u0131r. \u0130yi tasarlanm\u0131\u015f bir silindir, a\u015f\u0131nmaya ve korozyona kar\u015f\u0131 diren\u00e7li malzemeler ve kaplamalar i\u00e7erecek, b\u00f6ylece \u00e7al\u0131\u015fma \u00f6mr\u00fcn\u00fc uzatacak ve bak\u0131m maliyetlerini azaltacakt\u0131r.<\/p>\n<h3>G\u00fcvenlik \u00d6zellikleri<\/h3>\n<p>Bom silindirlerinin tasar\u0131m\u0131nda g\u00fcvenlik \u00f6zelliklerinin entegre edilmesi \u015fartt\u0131r. Bunlar aras\u0131nda, kazalar\u0131 \u00f6nlemek ve \u00e7e\u015fitli ko\u015fullar alt\u0131nda g\u00fcvenli \u00e7al\u0131\u015fmay\u0131 sa\u011flamak i\u00e7in bas\u0131n\u00e7 tahliye vanalar\u0131 ve geli\u015fmi\u015f s\u0131zd\u0131rmazl\u0131k teknolojileri yer alabilir.<\/p>\n<h3>Kullan\u0131labilirlik<\/h3>\n<p>Son olarak, silindirin bak\u0131m ve servis kolayl\u0131\u011f\u0131 da dikkate al\u0131nmal\u0131d\u0131r. \u0130yi tasarlanm\u0131\u015f bir bom silindiri, rutin inceleme ve bak\u0131m i\u00e7in kritik bile\u015fenlere kolay eri\u015fim sa\u011flayarak genel g\u00fcvenilirli\u011fine ve uzun \u00f6mr\u00fcne katk\u0131da bulunur.<\/p>\n<p><img decoding=\"async\" src=\"https:\/\/www.hydraulic-cylinders.net\/wp-content\/uploads\/2025\/04\/songte-oil-pipes-and-spare-parts.webp\" alt=\"Petrol Borular\u0131 ve Yedek Par\u00e7alar\u0131\" \/><\/p>\n<h2>Hidrolik Silindirin S\u0131zd\u0131rmazl\u0131\u011f\u0131 ve Ya\u011flanmas\u0131<\/h2>\n<p>Bom silindirinin performans\u0131 b\u00fcy\u00fck \u00f6l\u00e7\u00fcde etkili s\u0131zd\u0131rmazl\u0131k ve ya\u011flamaya ba\u011fl\u0131d\u0131r. Piston contalar\u0131 ve mil contalar\u0131 gibi \u00e7e\u015fitli s\u0131zd\u0131rmazl\u0131k elemanlar\u0131, hidrolik bas\u0131nc\u0131 korumak ve s\u0131z\u0131nt\u0131y\u0131 \u00f6nlemek i\u00e7in gereklidir. Poli\u00fcretan ve nitril kau\u00e7uk gibi dayan\u0131kl\u0131 malzemelerden yap\u0131lan contalar, m\u00fckemmel a\u015f\u0131nma direnci sa\u011flayarak uzun \u00f6m\u00fcrl\u00fc i\u015flevsellik sunar.<\/p>\n<p>Ayr\u0131ca, a\u015f\u0131nma direncini art\u0131rmak i\u00e7in silindir g\u00f6vdesi ve di\u015fli u\u00e7 y\u00fczeyleri hassas bir \u015fekilde i\u015flenmelidir. Silindirin sorunsuz \u00e7al\u0131\u015fmas\u0131n\u0131 sa\u011flamak ve \u00f6mr\u00fcn\u00fc uzatmak i\u00e7in uygun miktarda hidrolik ya\u011f ile d\u00fczenli ya\u011flama gereklidir.<\/p>\n<h2>\u00d6nleyici Bak\u0131m \u00d6nlemleri<\/h2>\n<ul>\n<li><strong>D\u00fczenli Denetimler:<\/strong> Potansiyel sorunlar\u0131n b\u00fcy\u00fcmeden \u00f6nce tespit edilmesi i\u00e7in d\u00fczenli kontroller yap\u0131n. Silindirde ve contalar\u0131nda s\u0131z\u0131nt\u0131, a\u015f\u0131nma ve hasar belirtileri olup olmad\u0131\u011f\u0131n\u0131 kontrol edin.<\/li>\n<li><strong>Uygun Ya\u011flama:<\/strong> Y\u00fcksek kaliteli hidrolik ya\u011f ile zaman\u0131nda ya\u011flama yap\u0131n. Bu, hareketli par\u00e7alar aras\u0131ndaki s\u00fcrt\u00fcnmeyi en aza indirir ve silindirin verimlili\u011fini ve \u00f6mr\u00fcn\u00fc art\u0131r\u0131r.<\/li>\n<li><strong>Conta De\u011fi\u015fimi:<\/strong> Contalar\u0131n a\u015f\u0131nma durumunu d\u00fczenli olarak kontrol edin ve gerekti\u011finde de\u011fi\u015ftirin. A\u015f\u0131nm\u0131\u015f contalar hidrolik s\u0131v\u0131 s\u0131z\u0131nt\u0131s\u0131na yol a\u00e7arak silindirin performans\u0131n\u0131 olumsuz etkileyebilir.<\/li>\n<\/ul>\n<h2>Kurulum Talimatlar\u0131<\/h2>\n<p>Bom silindirinin do\u011fru montaj\u0131, optimum performans i\u00e7in \u00e7ok \u00f6nemlidir. \u00d6ncelikle montaj y\u00fczeylerinin temiz ve kal\u0131nt\u0131lardan ar\u0131nd\u0131r\u0131lm\u0131\u015f oldu\u011fundan emin olun. Yanl\u0131\u015f hizalamay\u0131 \u00f6nlemek i\u00e7in silindiri ba\u011flant\u0131 noktalar\u0131yla do\u011fru \u015fekilde hizalay\u0131n.<\/p>\n<p>Silindiri yerinde sabitlemek ve \u00e7al\u0131\u015fma s\u0131ras\u0131nda herhangi bir hareketi \u00f6nlemek i\u00e7in uygun montaj braketleri kullan\u0131n. G\u00fcvenli bir ba\u011flant\u0131 sa\u011flamak i\u00e7in c\u0131vatalar \u00fczerindeki tork \u00f6zellikleri i\u00e7in \u00fcreticinin y\u00f6nergelerini izleyin. Kurulumdan sonra, silindirin s\u0131z\u0131nt\u0131 olmadan sorunsuz \u00e7al\u0131\u015ft\u0131\u011f\u0131n\u0131 do\u011frulamak i\u00e7in bir test yap\u0131n.<\/p>\n<h2>Yayg\u0131n Bak\u0131m G\u00f6revleri<\/h2>\n<h3>D\u00fczenli Denetimler<\/h3>\n<p>Bom silindirinin performans\u0131n\u0131 ve \u00f6mr\u00fcn\u00fc korumak i\u00e7in d\u00fczenli kontroller yapmak hayati \u00f6nem ta\u015f\u0131r. Contalar\u0131n, hortumlar\u0131n ve silindir g\u00f6vdesinin durumunu de\u011ferlendirmek i\u00e7in periyodik kontroller planlay\u0131n. A\u015f\u0131nma ve hasar\u0131 erken tespit etmek, maliyetli onar\u0131mlar\u0131 ve ar\u0131za s\u00fcrelerini \u00f6nleyebilir.<\/p>\n<h3>Uygun Ya\u011flama<\/h3>\n<p>Bom silindirinin sorunsuz \u00e7al\u0131\u015fmas\u0131 i\u00e7in zaman\u0131nda ya\u011flama \u015fartt\u0131r. \u00d6nerilen hidrolik ya\u011f t\u00fcr\u00fcn\u00fc kullan\u0131n ve \u00fcretici taraf\u0131ndan sa\u011flanan ya\u011flama program\u0131na uyun. Do\u011fru ya\u011flama, s\u00fcrt\u00fcnmeyi ve a\u015f\u0131nmay\u0131 azaltarak silindirin verimlili\u011fini ve \u00f6mr\u00fcn\u00fc art\u0131r\u0131r.<\/p>\n<h3>Conta De\u011fi\u015fimi ve Kalibrasyon Kontrolleri<\/h3>\n<p>Hidrolik bas\u0131nc\u0131n korunmas\u0131 i\u00e7in hayati \u00f6neme sahip olduklar\u0131ndan, contalar\u0131n durumunu d\u00fczenli olarak kontrol edin. S\u0131z\u0131nt\u0131lar\u0131 \u00f6nlemek i\u00e7in a\u015f\u0131nm\u0131\u015f veya hasar g\u00f6rm\u00fc\u015f contalar\u0131 derhal de\u011fi\u015ftirin. Ayr\u0131ca, silindirin belirtilen s\u0131n\u0131rlar i\u00e7inde \u00e7al\u0131\u015ft\u0131\u011f\u0131ndan emin olmak i\u00e7in kalibrasyon kontrolleri yap\u0131n ve gerekti\u011finde gerekli ayarlamalar\u0131 ger\u00e7ekle\u015ftirin.<\/p>\n<p><img decoding=\"async\" src=\"https:\/\/www.hydraulic-cylinders.net\/wp-content\/uploads\/2025\/04\/songte-chushion-collar.webp\" alt=\"Yast\u0131k Yaka\" \/><\/p>\n<h2>G\u00fcvenlik Hususlar\u0131 ve \u00c7evresel Fakt\u00f6rler<\/h2>\n<p>Hidrolik silindirler kullan\u0131l\u0131rken, kazalar\u0131 \u00f6nlemek i\u00e7in g\u00fcvenlik \u00f6nlemlerine \u00f6ncelik vermek \u00e7ok \u00f6nemlidir. Operat\u00f6rlerin makineyi do\u011fru \u015fekilde kullanma konusunda e\u011fitildi\u011finden ve riskleri en aza indirmek i\u00e7in g\u00fcvenlik protokollerine uydu\u011fundan emin olun. Ayr\u0131ca, hidrolik s\u0131v\u0131 s\u0131z\u0131nt\u0131lar\u0131n\u0131n \u00e7evresel etkisini g\u00f6z \u00f6n\u00fcnde bulundurun ve \u00e7evredeki ekosistemi korumak i\u00e7in \u00f6nleyici tedbirler uygulay\u0131n.<\/p>\n<h2>Sorun Giderme ve Yayg\u0131n Sorunlar<\/h2>\n<h3>Ortak Sorunlar<\/h3>\n<ul>\n<li><strong>Hidrolik S\u0131v\u0131 S\u0131z\u0131nt\u0131lar\u0131:<\/strong> Bu durum performans d\u00fc\u015f\u00fc\u015f\u00fcne yol a\u00e7abilir ve derhal ele al\u0131nmal\u0131d\u0131r.<\/li>\n<li><strong>Yava\u015f \u00c7al\u0131\u015fma:<\/strong> Silindir h\u0131zl\u0131 tepki vermiyorsa, ya\u011flama veya conta de\u011fi\u015fimi gerekebilir.<\/li>\n<li><strong>Bas\u0131n\u00e7 Kayb\u0131:<\/strong> Bas\u0131n\u00e7taki d\u00fc\u015f\u00fc\u015f, silindirde s\u0131z\u0131nt\u0131 veya i\u00e7 hasar oldu\u011funu g\u00f6sterebilir.<\/li>\n<\/ul>\n<h3>Sorun Giderme \u0130pu\u00e7lar\u0131<\/h3>\n<p>Bu sorunlar\u0131 etkili bir \u015fekilde te\u015fhis etmek ve \u00e7\u00f6zmek i\u00e7in, g\u00f6r\u00fcn\u00fcr s\u0131z\u0131nt\u0131lar\u0131 kontrol edin ve contalar\u0131 a\u015f\u0131nma a\u00e7\u0131s\u0131ndan inceleyin. Ya\u011flama ve zaman\u0131nda conta de\u011fi\u015fimi de dahil olmak \u00fczere d\u00fczenli bak\u0131m, potansiyel sorunlar\u0131n b\u00fcy\u00fcmeden \u00f6nce \u00f6nlenmesine yard\u0131mc\u0131 olacakt\u0131r.<\/p>\n<h3>\u00d6nleyici Tedbirler<\/h3>\n<p>Rutin denetimler ve bak\u0131m programlar\u0131 gibi \u00f6nleyici tedbirlerin uygulanmas\u0131, sorunlar\u0131n ortaya \u00e7\u0131kma olas\u0131l\u0131\u011f\u0131n\u0131 \u00f6nemli \u00f6l\u00e7\u00fcde azaltabilir. Operat\u00f6rleri, sorunlar\u0131 proaktif olarak ele almak i\u00e7in performanstaki herhangi bir de\u011fi\u015fikli\u011fi derhal bildirmeye te\u015fvik edin.<\/p>\n<p><img decoding=\"async\" src=\"https:\/\/www.hydraulic-cylinders.net\/wp-content\/uploads\/2025\/04\/songte-bushings-with-all-kinds-of-excavator-models.webp\" alt=\"Ekskavat\u00f6r Modelleri i\u00e7in Bur\u00e7lar\" \/><\/p>\n<h2>\u015eirketimiz Hakk\u0131nda<\/h2>\n<p>Hidrolik silindir yedek par\u00e7alar\u0131n\u0131n \u00fcretiminde uzmanla\u015fm\u0131\u015f lider bir \u00fcreticiyiz. Geni\u015f \u00fcr\u00fcn yelpazemiz, bizi hem yurt i\u00e7i hem de uluslararas\u0131 pazarlarda hidrolik silindirlerin en iyi \u00fcreticilerinden ve toptanc\u0131lar\u0131ndan biri konumuna getirmi\u015ftir. Y\u00fcksek kalite standartlar\u0131na ba\u011fl\u0131 kal\u0131yor ve geli\u015fmi\u015f end\u00fcstriyel \u00fcretim y\u00f6netimine dayanan rafine bir \u00fcretim stratejisi izliyoruz.<\/p>\n<p>\u015eirketimiz, teknik yeteneklere, \u00fcst d\u00fczey dijital \u00fcretim ekipmanlar\u0131na ve \u00f6zel test sistemlerine yat\u0131r\u0131m yaparak \u00fcretim platformumuzu s\u00fcrekli olarak geli\u015ftiriyor. Y\u00fcksek verimlilik, hassasiyet ve kaliteye odaklanarak, \u00f6zelle\u015ftirilmi\u015f \u00e7\u00f6z\u00fcmler arac\u0131l\u0131\u011f\u0131yla \u00e7e\u015fitli m\u00fc\u015fteri ihtiya\u00e7lar\u0131n\u0131 kar\u015f\u0131lamaya \u00e7al\u0131\u015f\u0131yoruz.<\/p>\n<p><img decoding=\"async\" src=\"https:\/\/www.hydraulic-cylinders.net\/wp-content\/uploads\/2025\/04\/songte-company-4.webp\" alt=\"Songte \u015eirketi\" \/><br \/>\n<img decoding=\"async\" src=\"https:\/\/www.hydraulic-cylinders.net\/wp-content\/uploads\/2025\/04\/songte-company-3.webp\" alt=\"Songte \u015eirketi\" \/><\/p>\n<p>Yazar: lyl<\/p>","protected":false},"excerpt":{"rendered":"<p>Boom Cylinder For Volvo Small Excavator EC170D Introduction to Boom Cylinder The Boom Cylinder is a crucial component of the Volvo EC170D small excavator, primarily responsible for managing the movement of the boom. This hydraulic cylinder plays a vital role in the excavator&#8217;s hydraulic system, facilitating the controlled lifting, lowering, and tilting of the boom. [&hellip;]<\/p>","protected":false},"featured_media":17869,"comment_status":"open","ping_status":"closed","template":"","meta":{"_et_pb_use_builder":"","_et_pb_old_content":"","_et_gb_content_width":""},"product_brand":[],"product_cat":[1546],"product_tag":[1547,1496],"class_list":{"0":"post-19108","1":"product","2":"type-product","3":"status-publish","4":"has-post-thumbnail","6":"product_cat-boom-cylinders","7":"product_tag-boom-cylinders","8":"product_tag-hydraulic-cylinders","10":"first","11":"instock","12":"shipping-taxable","13":"product-type-simple"},"amp_enabled":true,"_links":{"self":[{"href":"https:\/\/www.hydraulic-cylinders.net\/tr\/wp-json\/wp\/v2\/product\/19108","targetHints":{"allow":["GET"]}}],"collection":[{"href":"https:\/\/www.hydraulic-cylinders.net\/tr\/wp-json\/wp\/v2\/product"}],"about":[{"href":"https:\/\/www.hydraulic-cylinders.net\/tr\/wp-json\/wp\/v2\/types\/product"}],"replies":[{"embeddable":true,"href":"https:\/\/www.hydraulic-cylinders.net\/tr\/wp-json\/wp\/v2\/comments?post=19108"}],"wp:featuredmedia":[{"embeddable":true,"href":"https:\/\/www.hydraulic-cylinders.net\/tr\/wp-json\/wp\/v2\/media\/17869"}],"wp:attachment":[{"href":"https:\/\/www.hydraulic-cylinders.net\/tr\/wp-json\/wp\/v2\/media?parent=19108"}],"wp:term":[{"taxonomy":"product_brand","embeddable":true,"href":"https:\/\/www.hydraulic-cylinders.net\/tr\/wp-json\/wp\/v2\/product_brand?post=19108"},{"taxonomy":"product_cat","embeddable":true,"href":"https:\/\/www.hydraulic-cylinders.net\/tr\/wp-json\/wp\/v2\/product_cat?post=19108"},{"taxonomy":"product_tag","embeddable":true,"href":"https:\/\/www.hydraulic-cylinders.net\/tr\/wp-json\/wp\/v2\/product_tag?post=19108"}],"curies":[{"name":"wp","href":"https:\/\/api.w.org\/{rel}","templated":true}]}}