{"id":19117,"date":"2025-04-07T06:13:38","date_gmt":"2025-04-07T06:13:38","guid":{"rendered":"https:\/\/www.hydraulic-cylinders.net\/product\/boom-cylinder-for-volvo-middle-excavator-ec240bl\/"},"modified":"2025-04-07T06:13:40","modified_gmt":"2025-04-07T06:13:40","slug":"boom-cylinder-for-volvo-middle-excavator-ec240bl","status":"publish","type":"product","link":"https:\/\/www.hydraulic-cylinders.net\/tr\/urun\/boom-cylinder-for-volvo-middle-excavator-ec240bl\/","title":{"rendered":"Volvo EC240BL Orta Ekskavat\u00f6r \u0130\u00e7in Bom Silindiri"},"content":{"rendered":"<h1>Volvo EC240BL Orta Ekskavat\u00f6r \u0130\u00e7in Bom Silindiri<\/h1>\n<h2>\u00dcr\u00fcn Genel Bak\u0131\u015f\u0131<\/h2>\n<p>Volvo EC240BL orta boy ekskavat\u00f6r i\u00e7in bom silindiri, ekskavat\u00f6r\u00fcn bomunun hareketini kontrol etmek \u00fczere tasarlanm\u0131\u015f \u00f6nemli bir hidrolik bile\u015fendir. \u00d6zel bir hidrolik silindir olarak, bomun kald\u0131r\u0131lmas\u0131n\u0131, indirilmesini ve e\u011filmesini sa\u011flayarak verimli malzeme ta\u015f\u0131ma i\u015flemlerini kolayla\u015ft\u0131r\u0131r. Hidrolik sistemlerde bom silindirleri, ekskavat\u00f6rler, kaz\u0131c\u0131 y\u00fckleyiciler ve \u00f6n y\u00fckleyiciler gibi a\u011f\u0131r makinelerin \u00e7al\u0131\u015ft\u0131r\u0131lmas\u0131 i\u00e7in gerekli g\u00fcc\u00fc sa\u011flayarak hayati bir rol oynar. Bom silindirlerinin i\u015flevselli\u011fi, bu makinelerin verimlili\u011fini ve \u00e7ok y\u00f6nl\u00fcl\u00fc\u011f\u00fcn\u00fc \u00f6nemli \u00f6l\u00e7\u00fcde art\u0131r\u0131r.<\/p>\n<p><img decoding=\"async\" src=\"https:\/\/www.hydraulic-cylinders.net\/wp-content\/uploads\/2025\/04\/songte-company-1.webp\" alt=\"Bom Silindiri G\u00f6r\u00fcnt\u00fcs\u00fc\" \/><\/p>\n<h2>Bom Silindirinin \u00d6zellikleri<\/h2>\n<ul>\n<li><strong>Y\u00fcksek Dayan\u0131kl\u0131l\u0131k ve Dayan\u0131kl\u0131l\u0131k:<\/strong> Y\u00fcksek mukavemetli \u00e7elik veya al\u00fcminyumdan \u00fcretilen bu silindirler, y\u00fcksek bas\u0131nca ve a\u011f\u0131r y\u00fcklere dayan\u0131kl\u0131d\u0131r; a\u015f\u0131nma ve korozyon direnci sayesinde kullan\u0131m \u00f6mr\u00fc uzam\u0131\u015f, zorlu \u00e7al\u0131\u015fma ortamlar\u0131na dayanacak \u015fekilde tasarlanm\u0131\u015ft\u0131r.<\/li>\n<li><strong>Verimli Hidrolik \u00c7al\u0131\u015fma:<\/strong> Hidrolik ya\u011f bas\u0131nc\u0131n\u0131 kullanan bu silindirler, a\u011f\u0131r ve karma\u015f\u0131k i\u015flerin \u00fcstesinden gelmek i\u00e7in uygun g\u00fc\u00e7l\u00fc itme ve \u00e7ekme kuvvetleri sa\u011flayarak, sorunsuz ve hassas hareket sunar.<\/li>\n<li><strong>\u00c7e\u015fitli T\u00fcrler:<\/strong> Tek y\u00f6nl\u00fc (hidrolik etki tek y\u00f6nde) veya \u00e7ift y\u00f6nl\u00fc (hidrolik etki her iki y\u00f6nde) se\u00e7enekleriyle sunulan bu \u00fcr\u00fcnlerin baz\u0131 modellerinde, d\u0131\u015f boyutlar\u0131 art\u0131rmadan daha fazla eri\u015fim sa\u011flayan teleskopik tasar\u0131mlar bulunur; bu da alan k\u0131s\u0131tlamas\u0131 olan uygulamalar i\u00e7in idealdir.<\/li>\n<li><strong>\u00d6zel \u00dcretim:<\/strong> Firmam\u0131z bu silindirlerin \u00fcretiminde uzmanla\u015fm\u0131\u015ft\u0131r ve mevcut hidrolik silindirler i\u00e7in m\u00fckemmel yedek par\u00e7alar sunmaktad\u0131r.<\/li>\n<\/ul>\n<p><img decoding=\"async\" src=\"https:\/\/www.hydraulic-cylinders.net\/wp-content\/uploads\/2025\/04\/songte-cylinder-head-with-all-kinds-excavator-models.webp\" alt=\"Ekskavat\u00f6r Model Uyumlulu\u011fu\" \/><\/p>\n<h2>Bom Silindirinin Uygulamalar\u0131<\/h2>\n<h3>\u0130n\u015faat Ekipmanlar\u0131<\/h3>\n<p>Ekskavat\u00f6rlerde, bom silindirleri kazma, y\u00fckleme ve toprak veya moloz ta\u015f\u0131ma i\u015flemlerinde hayati \u00f6neme sahiptir. Operat\u00f6rlerin bomu uzatmas\u0131na ve \u00e7e\u015fitli g\u00f6revleri yerine getirmek i\u00e7in gerekli eri\u015fimi sa\u011flamas\u0131na olanak tan\u0131r. Kaz\u0131c\u0131 y\u00fckleyicilerde ise bom silindiri sadece kazmada de\u011fil, kald\u0131rma i\u015flemlerinde de yard\u0131mc\u0131 olarak in\u015faat faaliyetlerinde \u00e7ok y\u00f6nl\u00fc bir bile\u015fen haline gelir.<\/p>\n<h3>Tar\u0131m Makinalar\u0131<\/h3>\n<p>\u00d6n y\u00fckleyicilerde kullan\u0131lan bom silindirleri, toprak, saman ve di\u011fer malzemelerin kep\u00e7eyle al\u0131nmas\u0131n\u0131, kald\u0131r\u0131lmas\u0131n\u0131 ve ta\u015f\u0131nmas\u0131n\u0131 kolayla\u015ft\u0131r\u0131r. Bu i\u015flemler s\u0131ras\u0131nda hassas kontrol sa\u011flama yetenekleri, verimlili\u011fi en \u00fcst d\u00fczeye \u00e7\u0131karmak ve israf\u0131 en aza indirmek i\u00e7in \u00e7ok \u00f6nemlidir.<\/p>\n<h3>Ekskavat\u00f6rler<\/h3>\n<p>Ekskavat\u00f6rlerde, bom silindirleri kep\u00e7enin zemine etkili bir \u015fekilde n\u00fcfuz etmesini sa\u011flayarak verimli kazma i\u015flemlerine olanak tan\u0131r. Hidrolik \u00e7al\u0131\u015fma, bomun sert toprak veya kaya katmanlar\u0131n\u0131 k\u0131rmak i\u00e7in gerekli kuvveti uygulayabilmesini sa\u011flar.<\/p>\n<h3>Y\u00fckleyiciler<\/h3>\n<p>\u00d6n y\u00fckleyicilerde, bom silindirleri y\u00fcklerin verimli bir \u015fekilde kald\u0131r\u0131lmas\u0131na ve bo\u015falt\u0131lmas\u0131na yard\u0131mc\u0131 olur. Sa\u011flam tasar\u0131mlar\u0131 ve g\u00fcvenilir \u00e7al\u0131\u015fmalar\u0131, onlar\u0131 in\u015faat ve tar\u0131mda \u00e7e\u015fitli malzeme ta\u015f\u0131ma g\u00f6revleri i\u00e7in vazge\u00e7ilmez k\u0131lar.<\/p>\n<h2>Tasar\u0131m Hususlar\u0131 ve Se\u00e7im Kriterleri<\/h2>\n<h3>Y\u00fck Kapasitesi<\/h3>\n<p>Bom silindiri se\u00e7erken, y\u00fck ta\u015f\u0131ma kapasitesini dikkate almak \u00e7ok \u00f6nemlidir. Bu parametre, silindirin g\u00fcvenli bir \u015fekilde kald\u0131rabilece\u011fi ve manevra yapabilece\u011fi maksimum a\u011f\u0131rl\u0131\u011f\u0131 belirler. Yeterli y\u00fck ta\u015f\u0131ma kapasitesi, makinenin hidrolik sisteme veya ekipman\u0131n kendisine zarar verme riski olmadan verimli bir \u015fekilde \u00e7al\u0131\u015fmas\u0131n\u0131 sa\u011flar. Belirli g\u00f6revler i\u00e7in y\u00fck gereksinimlerini de\u011ferlendirmek, do\u011fru silindir boyutunu ve \u00f6zelliklerini se\u00e7meye yard\u0131mc\u0131 olur.<\/p>\n<h3>S\u0131zd\u0131rmazl\u0131k Performans\u0131<\/h3>\n<p>Etkili s\u0131zd\u0131rmazl\u0131k, hidrolik s\u0131v\u0131 s\u0131z\u0131nt\u0131lar\u0131n\u0131 \u00f6nlemek ve \u00e7al\u0131\u015fma verimlili\u011fini korumak i\u00e7in hayati \u00f6neme sahiptir. Y\u00fcksek kaliteli contalara sahip silindirlerin se\u00e7ilmesi, dayan\u0131kl\u0131l\u0131\u011f\u0131 sa\u011flar ve bak\u0131m ihtiya\u00e7lar\u0131n\u0131 azalt\u0131r. Do\u011fru s\u0131zd\u0131rmazl\u0131k tasar\u0131m\u0131 ayr\u0131ca, hidrolik sistem ar\u0131zalar\u0131na veya performans d\u00fc\u015f\u00fc\u015f\u00fcne yol a\u00e7abilecek kirlenme risklerini de en aza indirir.<\/p>\n<h3>Dayan\u0131kl\u0131l\u0131k ve G\u00fcvenilirlik<\/h3>\n<p>Bom silindirlerinin tasar\u0131m\u0131nda dayan\u0131kl\u0131l\u0131k \u00e7ok \u00f6nemli bir fakt\u00f6rd\u00fcr. A\u015f\u0131r\u0131 s\u0131cakl\u0131klara, kire ve neme maruz kalma da dahil olmak \u00fczere zorlu \u00e7al\u0131\u015fma ko\u015fullar\u0131na dayanmalar\u0131 gerekir. Y\u00fcksek korozyon direnci ve a\u015f\u0131nma direnci sunan malzemelerin se\u00e7ilmesi, silindirin \u00f6mr\u00fcn\u00fc uzat\u0131r ve de\u011fi\u015ftirme s\u0131kl\u0131\u011f\u0131n\u0131 azalt\u0131r. Performansta g\u00fcvenilirlik \u00e7ok \u00f6nemlidir, \u00e7\u00fcnk\u00fc herhangi bir ar\u0131za maliyetli ar\u0131za s\u00fcrelerine yol a\u00e7abilir.<\/p>\n<h3>G\u00fcvenlik \u00d6zellikleri<\/h3>\n<p>Bom silindirlerinin tasar\u0131m\u0131na g\u00fcvenlik \u00f6zelliklerinin dahil edilmesi \u00e7ok \u00f6nemlidir. Bu, hem operat\u00f6r\u00fc hem de makineyi koruyan bas\u0131n\u00e7 tahliye vanalar\u0131 ve ar\u0131za emniyet mekanizmalar\u0131n\u0131 i\u00e7erir. Silindirin end\u00fcstri g\u00fcvenlik standartlar\u0131n\u0131 kar\u015f\u0131lamas\u0131, operasyonel g\u00fcvenlik ve uyumluluk a\u00e7\u0131s\u0131ndan hayati \u00f6nem ta\u015f\u0131r.<\/p>\n<h3>Bak\u0131m Eri\u015filebilirli\u011fi<\/h3>\n<p>Bom silindirlerinin kolay bak\u0131m i\u00e7in tasarlanmas\u0131 \u00e7ok \u00f6nemlidir. Eri\u015filebilir ya\u011flama noktalar\u0131 ve basit s\u00f6kme i\u015flemleri gibi \u00f6zellikler, d\u00fczenli bak\u0131m kontrollerini kolayla\u015ft\u0131r\u0131r. Bu, yaln\u0131zca silindirin \u00f6mr\u00fcn\u00fc uzatmakla kalmaz, ayn\u0131 zamanda zaman i\u00e7inde tutarl\u0131 hidrolik performans sa\u011flar.<\/p>\n<p><img decoding=\"async\" src=\"https:\/\/www.hydraulic-cylinders.net\/wp-content\/uploads\/2025\/04\/songte-oil-pipes-and-spare-parts.webp\" alt=\"Hidrolik Bile\u015fenler\" \/><\/p>\n<h2>S\u0131zd\u0131rmazl\u0131k ve Ya\u011flama<\/h2>\n<p>Bom silindirlerinin uzun \u00f6m\u00fcrl\u00fcl\u00fc\u011f\u00fc ve performans\u0131 i\u00e7in etkili s\u0131zd\u0131rmazl\u0131k ve ya\u011flama son derece \u00f6nemlidir. Piston contalar\u0131, mil contalar\u0131 ve O-ringler dahil olmak \u00fczere \u00e7e\u015fitli contalar, s\u0131v\u0131n\u0131n s\u0131zmas\u0131n\u0131 \u00f6nlemek ve s\u0131z\u0131nt\u0131y\u0131 engellemek i\u00e7in kullan\u0131l\u0131r. Poli\u00fcretan ve nitril kau\u00e7uk gibi dayan\u0131kl\u0131 malzemelerden yap\u0131lan contalar, ola\u011fan\u00fcst\u00fc a\u015f\u0131nma direnci ve uzun \u00f6m\u00fcr sunar. Silindir g\u00f6vdesi ve di\u015fli u\u00e7lar, a\u015f\u0131nma direncini art\u0131rmak, g\u00fcvenli bir uyum ve optimum performans sa\u011flamak i\u00e7in hassas i\u015fleme tabi tutulur.<\/p>\n<p>Silindirin i\u015flevselli\u011fini korumak i\u00e7in hidrolik ya\u011f ile d\u00fczenli ya\u011flama \u015fartt\u0131r. Do\u011fru ya\u011flama, hareketli par\u00e7alar aras\u0131ndaki s\u00fcrt\u00fcnmeyi azaltarak genel verimlili\u011fi art\u0131r\u0131r ve erken a\u015f\u0131nmay\u0131 \u00f6nler. Operat\u00f6rler, hidrolik sistemin d\u00fczenli olarak bak\u0131m\u0131n\u0131n yap\u0131ld\u0131\u011f\u0131ndan ve \u00fcreticinin spesifikasyonlar\u0131na uygun do\u011fru ya\u011f t\u00fcr\u00fcn\u00fcn kullan\u0131ld\u0131\u011f\u0131ndan emin olmal\u0131d\u0131r.<\/p>\n<h2>D\u00fczenli Muayene ve \u00d6nleyici Bak\u0131m \u00d6nlemleri<\/h2>\n<ul>\n<li><strong>D\u00fczenli Denetimler:<\/strong> S\u0131z\u0131nt\u0131lar\u0131, a\u015f\u0131nmay\u0131 ve hasar\u0131 kontrol etmek i\u00e7in d\u00fczenli denetimler yapmak \u00e7ok \u00f6nemlidir. Bu, potansiyel sorunlar\u0131n b\u00fcy\u00fcmeden \u00f6nce belirlenmesine yard\u0131mc\u0131 olarak makinelerin g\u00fcvenli ve verimli \u00e7al\u0131\u015fmas\u0131n\u0131 sa\u011flar.<\/li>\n<li><strong>Uygun Ya\u011flama:<\/strong> Hidrolik sistemin performans\u0131 i\u00e7in yeterli ya\u011flama seviyesinin korunmas\u0131 hayati \u00f6nem ta\u015f\u0131r. Hidrolik ya\u011f\u0131n d\u00fczenli olarak kontrol edilmesi ve yeniden doldurulmas\u0131, kurumay\u0131 \u00f6nler ve kritik bile\u015fenlerdeki a\u015f\u0131nmay\u0131 azalt\u0131r.<\/li>\n<li><strong>Conta De\u011fi\u015fimi:<\/strong> Zamanla contalar a\u015f\u0131nabilir ve etkinlikleri azalabilir. Contalar\u0131n ve di\u011fer kritik bile\u015fenlerin d\u00fczenli olarak de\u011fi\u015ftirilmesi, optimum performans ve g\u00fcvenlik sa\u011flar.<\/li>\n<\/ul>\n<h2>Kurulum Talimatlar\u0131<\/h2>\n<p>Bom silindirinin do\u011fru montaj\u0131, optimum performans ve g\u00fcvenlik i\u00e7in \u00e7ok \u00f6nemlidir. \u00d6ncelikle \u00e7al\u0131\u015fma alan\u0131n\u0131n bo\u015f oldu\u011fundan ve gerekli t\u00fcm aletlerin el alt\u0131nda bulundu\u011fundan emin olun. Silindiri, uygun montaj braketlerini kullanarak ekskavat\u00f6r \u00fczerindeki montaj noktalar\u0131yla do\u011fru \u015fekilde hizalay\u0131n ve yerine sabitleyin. \u00c7al\u0131\u015fma s\u0131ras\u0131nda gev\u015femeyi \u00f6nlemek i\u00e7in t\u00fcm c\u0131vatalar\u0131n ve ba\u011flant\u0131 par\u00e7alar\u0131n\u0131n \u00fcreticinin spesifikasyonlar\u0131na g\u00f6re s\u0131k\u0131ld\u0131\u011f\u0131ndan emin olmak \u00e7ok \u00f6nemlidir.<\/p>\n<p>Montajdan sonra, hidrolik sisteme \u00f6nerilen hidrolik ya\u011f\u0131 doldurmak \u00f6nemlidir. Sorunsuz \u00e7al\u0131\u015fma sa\u011flamak i\u00e7in sistemdeki havay\u0131 bo\u015falt\u0131n. Son olarak, silindirin do\u011fru \u00e7al\u0131\u015ft\u0131\u011f\u0131n\u0131 ve hidrolik sistemde s\u0131z\u0131nt\u0131 olmad\u0131\u011f\u0131n\u0131 do\u011frulamak i\u00e7in bir dizi test i\u015flemi ger\u00e7ekle\u015ftirin.<\/p>\n<h2>Yayg\u0131n Bak\u0131m G\u00f6revleri<\/h2>\n<h3>D\u00fczenli Denetimler<\/h3>\n<p>Bom silindirinin d\u00fczenli olarak kontrol edilmesi, olas\u0131 sorunlar\u0131n erken tespiti i\u00e7in \u00e7ok \u00f6nemlidir. Bu, a\u015f\u0131nma, s\u0131z\u0131nt\u0131 veya \u00e7al\u0131\u015fma s\u0131ras\u0131nda anormal sesler gibi g\u00f6zle g\u00f6r\u00fcl\u00fcr belirtilerin kontrol edilmesini i\u00e7erir. Bu sorunlar\u0131n derhal tespit edilmesi ve giderilmesi, gelecekte daha b\u00fcy\u00fck sorunlar\u0131 ve maliyetli onar\u0131mlar\u0131 \u00f6nleyebilir.<\/p>\n<h3>Uygun Ya\u011flama<\/h3>\n<p>Bom silindirinin yeterince ya\u011flanmas\u0131, performans\u0131 i\u00e7in hayati \u00f6nem ta\u015f\u0131r. Ya\u011f seviyelerini d\u00fczenli olarak kontrol etmek ve gerekti\u011finde hidrolik ya\u011f\u0131 yenilemek, hidrolik sistemin sorunsuz \u00e7al\u0131\u015fmas\u0131n\u0131 sa\u011flayacakt\u0131r. Uyumluluk ve optimum performans sa\u011flamak i\u00e7in \u00fcretici taraf\u0131ndan belirtilen do\u011fru tipte hidrolik ya\u011f kullanmak \u00f6nemlidir.<\/p>\n<h3>Conta De\u011fi\u015fimi<\/h3>\n<p>Hidrolik sistemin b\u00fct\u00fcnl\u00fc\u011f\u00fcn\u00fc korumak i\u00e7in a\u015f\u0131nm\u0131\u015f contalar\u0131n d\u00fczenli olarak de\u011fi\u015ftirilmesi gereklidir. Conta a\u015f\u0131nmas\u0131n\u0131n belirtileri aras\u0131nda s\u0131v\u0131 s\u0131z\u0131nt\u0131lar\u0131 ve performans d\u00fc\u015f\u00fc\u015f\u00fc yer al\u0131r. Kullan\u0131m ve inceleme bulgular\u0131na dayal\u0131 bir de\u011fi\u015ftirme program\u0131 uygulamak, operasyonel verimlili\u011fi ve g\u00fcvenli\u011fi korumaya yard\u0131mc\u0131 olabilir.<\/p>\n<p><img decoding=\"async\" src=\"https:\/\/www.hydraulic-cylinders.net\/wp-content\/uploads\/2025\/04\/songte-chushion-collar.webp\" alt=\"Yast\u0131k Yaka\" \/><\/p>\n<h2>G\u00fcvenlik Hususlar\u0131 ve \u00c7evresel Fakt\u00f6rler<\/h2>\n<p>Hidrolik sistemleri \u00e7al\u0131\u015ft\u0131r\u0131rken g\u00fcvenlik \u00f6nlemlerinin uygulanmas\u0131 kritik \u00f6nem ta\u015f\u0131r. Operat\u00f6rler her zaman uygun ki\u015fisel koruyucu ekipman (KKD) giymeli ve makinenin kullan\u0131m k\u0131lavuzuna a\u015fina olmal\u0131d\u0131r. G\u00fcvenlik y\u00f6nergelerine uyulmas\u0131, kaza ve yaralanma riskini en aza indirir.<\/p>\n<p>Ayr\u0131ca, s\u0131cakl\u0131k de\u011fi\u015fimleri ve nem gibi \u00e7evresel fakt\u00f6rlerin hidrolik sistemlerin \u00e7al\u0131\u015fmas\u0131n\u0131 etkileyebilece\u011fini anlamak \u00f6nemlidir. Do\u011fru planlama ve d\u00fczenli bak\u0131m, bu etkileri azaltmaya ve \u00e7e\u015fitli ko\u015fullarda g\u00fcvenilir performans sa\u011flamaya yard\u0131mc\u0131 olabilir.<\/p>\n<h2>Ar\u0131za Te\u015fhisi ve Yayg\u0131n Sorunlar<\/h2>\n<ul>\n<li><strong>Hidrolik S\u0131v\u0131 S\u0131z\u0131nt\u0131lar\u0131:<\/strong> Hidrolik silindirlerde en s\u0131k kar\u015f\u0131la\u015f\u0131lan sorunlardan biri s\u0131v\u0131 s\u0131z\u0131nt\u0131lar\u0131d\u0131r. Bu durum, a\u015f\u0131nm\u0131\u015f contalar veya hasarl\u0131 ba\u011flant\u0131 par\u00e7alar\u0131 nedeniyle meydana gelebilir. D\u00fczenli kontroller, s\u0131z\u0131nt\u0131lar\u0131 erken tespit etmeye yard\u0131mc\u0131 olabilir.<\/li>\n<li><strong>D\u00fc\u015f\u00fck Performans:<\/strong> E\u011fer bom silindiri beklendi\u011fi gibi \u00e7al\u0131\u015fm\u0131yorsa, hidrolik s\u0131v\u0131 seviyesinin d\u00fc\u015f\u00fck olup olmad\u0131\u011f\u0131n\u0131 veya sistemde hava olup olmad\u0131\u011f\u0131n\u0131 kontrol edin. Sistemi havas\u0131n\u0131 almak ve s\u0131v\u0131 seviyelerinin do\u011fru oldu\u011fundan emin olmak, performans\u0131 geri kazanmaya yard\u0131mc\u0131 olabilir.<\/li>\n<li><strong>Al\u0131\u015f\u0131lmad\u0131k Sesler:<\/strong> \u00c7al\u0131\u015fma s\u0131ras\u0131nda duyulan garip sesler, i\u00e7 a\u015f\u0131nma veya hasar\u0131n g\u00f6stergesi olabilir. Bu seslerin derhal incelenmesi, daha fazla hasar\u0131 \u00f6nleyebilir ve g\u00fcvenli \u00e7al\u0131\u015fmay\u0131 sa\u011flayabilir.<\/li>\n<\/ul>\n<h2>Sorun Giderme \u0130pu\u00e7lar\u0131<\/h2>\n<p>Sorunlar\u0131 etkili bir \u015fekilde te\u015fhis etmek ve \u00e7\u00f6zmek i\u00e7in operat\u00f6rler tutarl\u0131 bir denetim program\u0131 s\u00fcrd\u00fcrmeli ve herhangi bir anormalli\u011fi derhal gidermelidir. D\u00fczenli bak\u0131m ve kontroller gibi \u00f6nleyici tedbirlerin uygulanmas\u0131, potansiyel sorunlar\u0131 en aza indirmeye yard\u0131mc\u0131 olabilir. Hidrolik sistemin temiz ve kirleticilerden ar\u0131nd\u0131r\u0131lm\u0131\u015f halde tutulmas\u0131 da optimum performans\u0131n korunmas\u0131nda \u00e7ok \u00f6nemli bir rol oynar.<\/p>\n<p><img decoding=\"async\" src=\"https:\/\/www.hydraulic-cylinders.net\/wp-content\/uploads\/2025\/04\/songte-bushings-with-all-kinds-of-excavator-models.webp\" alt=\"Ekskavat\u00f6r Bur\u00e7lar\u0131\" \/><\/p>\n<h2>\u015eirket Genel Bak\u0131\u015f\u0131<\/h2>\n<p>\u00d6nde gelen yedek hidrolik silindir \u00fcreticisi olarak, hem yerel hem de uluslararas\u0131 pazarlara hitap eden kapsaml\u0131 bir \u00fcr\u00fcn yelpazesi sunuyoruz. Ola\u011fan\u00fcst\u00fc kalite ve hassas \u00fcretim taahh\u00fcd\u00fcm\u00fcz, \u00fcr\u00fcnlerimizin sekt\u00f6rdeki en y\u00fcksek standartlar\u0131 kar\u015f\u0131lamas\u0131n\u0131 sa\u011flamaktad\u0131r. \u00dcretim kapasitemizi ve \u00fcr\u00fcn kalitemizi s\u00fcrekli olarak geli\u015ftirmek i\u00e7in geli\u015fmi\u015f \u00fcretim stratejilerinden ve en son teknolojiden yararlan\u0131yoruz.<\/p>\n<p>Uzmanl\u0131\u011f\u0131m\u0131z, m\u00fc\u015fterilerimizin \u00f6zel ihtiya\u00e7lar\u0131n\u0131 kar\u015f\u0131layan, ki\u015fiselle\u015ftirilmi\u015f \u00e7\u00f6z\u00fcmler almalar\u0131n\u0131 sa\u011flayan \u00f6zel hizmetleri de kapsamaktad\u0131r. G\u00fc\u00e7l\u00fc bir teknik uzman ekibi taraf\u0131ndan desteklenen firmam\u0131z, verimli \u00fcretim s\u00fcre\u00e7leri ve g\u00fcvenilir sat\u0131\u015f sonras\u0131 hizmetler arac\u0131l\u0131\u011f\u0131yla m\u00fc\u015fteri memnuniyetine \u00f6ncelik vermektedir.<\/p>\n<p><img decoding=\"async\" src=\"https:\/\/www.hydraulic-cylinders.net\/wp-content\/uploads\/2025\/04\/songte-company-4.webp\" alt=\"\u015eirket Genel Bak\u0131\u015f G\u00f6rseli\" \/><br \/>\n<img decoding=\"async\" src=\"https:\/\/www.hydraulic-cylinders.net\/wp-content\/uploads\/2025\/04\/songte-company-3.webp\" alt=\"\u015eirket Tesisi G\u00f6rseli\" \/><\/p>\n<p>Yazar: lyl<\/p>","protected":false},"excerpt":{"rendered":"<p>Boom Cylinder For Volvo Middle Excavator EC240BL Product Overview The Boom Cylinder for Volvo Middle Excavator EC240BL is a crucial hydraulic component designed to control the movement of the excavator&#8217;s boom. As a specialized hydraulic cylinder, it allows for the lifting, lowering, and tilting of the boom, facilitating efficient material handling tasks. In hydraulic systems, [&hellip;]<\/p>","protected":false},"featured_media":17878,"comment_status":"open","ping_status":"closed","template":"","meta":{"_et_pb_use_builder":"","_et_pb_old_content":"","_et_gb_content_width":""},"product_brand":[],"product_cat":[1546],"product_tag":[1547,1496],"class_list":{"0":"post-19117","1":"product","2":"type-product","3":"status-publish","4":"has-post-thumbnail","6":"product_cat-boom-cylinders","7":"product_tag-boom-cylinders","8":"product_tag-hydraulic-cylinders","10":"first","11":"instock","12":"shipping-taxable","13":"product-type-simple"},"amp_enabled":true,"_links":{"self":[{"href":"https:\/\/www.hydraulic-cylinders.net\/tr\/wp-json\/wp\/v2\/product\/19117","targetHints":{"allow":["GET"]}}],"collection":[{"href":"https:\/\/www.hydraulic-cylinders.net\/tr\/wp-json\/wp\/v2\/product"}],"about":[{"href":"https:\/\/www.hydraulic-cylinders.net\/tr\/wp-json\/wp\/v2\/types\/product"}],"replies":[{"embeddable":true,"href":"https:\/\/www.hydraulic-cylinders.net\/tr\/wp-json\/wp\/v2\/comments?post=19117"}],"wp:featuredmedia":[{"embeddable":true,"href":"https:\/\/www.hydraulic-cylinders.net\/tr\/wp-json\/wp\/v2\/media\/17878"}],"wp:attachment":[{"href":"https:\/\/www.hydraulic-cylinders.net\/tr\/wp-json\/wp\/v2\/media?parent=19117"}],"wp:term":[{"taxonomy":"product_brand","embeddable":true,"href":"https:\/\/www.hydraulic-cylinders.net\/tr\/wp-json\/wp\/v2\/product_brand?post=19117"},{"taxonomy":"product_cat","embeddable":true,"href":"https:\/\/www.hydraulic-cylinders.net\/tr\/wp-json\/wp\/v2\/product_cat?post=19117"},{"taxonomy":"product_tag","embeddable":true,"href":"https:\/\/www.hydraulic-cylinders.net\/tr\/wp-json\/wp\/v2\/product_tag?post=19117"}],"curies":[{"name":"wp","href":"https:\/\/api.w.org\/{rel}","templated":true}]}}