{"id":19135,"date":"2025-04-07T06:14:33","date_gmt":"2025-04-07T06:14:33","guid":{"rendered":"https:\/\/www.hydraulic-cylinders.net\/product\/boom-cylinder-for-volvo-wheel-excavator-ew205d\/"},"modified":"2025-04-07T06:14:35","modified_gmt":"2025-04-07T06:14:35","slug":"boom-cylinder-for-volvo-wheel-excavator-ew205d","status":"publish","type":"product","link":"https:\/\/www.hydraulic-cylinders.net\/tr\/urun\/boom-cylinder-for-volvo-wheel-excavator-ew205d\/","title":{"rendered":"Volvo EW205D Tekerlekli Ekskavat\u00f6r \u0130\u00e7in Bom Silindiri"},"content":{"rendered":"<h1>Volvo EW205D Tekerlekli Ekskavat\u00f6r \u0130\u00e7in Bom Silindiri<\/h1>\n<h2>\u00dcr\u00fcn Genel Bak\u0131\u015f\u0131<\/h2>\n<p>Bom silindiri, ekskavat\u00f6rler, kaz\u0131c\u0131 y\u00fckleyiciler ve \u00f6n y\u00fckleyiciler gibi a\u011f\u0131r makinelerin hidrolik sistemlerinde \u00f6nemli bir bile\u015fendir. \u00d6zellikle kep\u00e7enin hareketini kontrol etmek, malzeme ta\u015f\u0131ma g\u00f6revleri s\u0131ras\u0131nda verimli bir \u015fekilde kald\u0131rma, indirme ve e\u011fme i\u015flemlerini sa\u011flamak i\u00e7in tasarlanm\u0131\u015ft\u0131r. Bom silindiri, makinenin genel \u00e7al\u0131\u015fmas\u0131nda \u00e7ok \u00f6nemli bir rol oynar ve operat\u00f6rlerin kazma, kald\u0131rma ve malzeme ta\u015f\u0131ma gibi \u00e7e\u015fitli g\u00f6revleri hassasiyet ve kolayl\u0131kla ger\u00e7ekle\u015ftirmelerini sa\u011flar.<\/p>\n<p><img decoding=\"async\" src=\"https:\/\/www.hydraulic-cylinders.net\/wp-content\/uploads\/2025\/04\/songte-company-1.webp\" alt=\"Volvo EW205D i\u00e7in Bom Silindiri\" \/><\/p>\n<h3>Tan\u0131m ve \u0130\u015flevsellik<\/h3>\n<p>Kova silindiri, hidrolik s\u0131v\u0131 kullanarak kuvvet \u00fcreten bir hidrolik silindir t\u00fcr\u00fcd\u00fcr. Bu kuvvet, mekanik i\u015f yapmak i\u00e7in kullan\u0131l\u0131r ve makinenin kovas\u0131n\u0131n ta\u015f\u0131nan malzemeyle temas etmesini sa\u011flar. Hidrolik sistem, kovan\u0131n sorunsuz hareket etmesini ve operat\u00f6r komutlar\u0131na h\u0131zl\u0131 yan\u0131t vermesini sa\u011flayarak, \u00e7e\u015fitli a\u011f\u0131r hizmet uygulamalar\u0131nda vazge\u00e7ilmez hale getirir.<\/p>\n<h2>Bom Silindirinin Temel \u00d6zellikleri<\/h2>\n<ul>\n<li><strong>Y\u00fcksek Dayan\u0131kl\u0131l\u0131k ve Dayan\u0131kl\u0131l\u0131k:<\/strong> Y\u00fcksek mukavemetli \u00e7elik veya al\u00fcminyumdan \u00fcretilen bom silindiri, y\u00fcksek bas\u0131nca ve a\u011f\u0131r y\u00fcklere dayanacak \u015fekilde tasarlanm\u0131\u015ft\u0131r ve bu da onu zorlu \u00e7al\u0131\u015fma ortamlar\u0131 i\u00e7in uygun hale getirir.<\/li>\n<li><strong>Verimli Hidrolik \u00c7al\u0131\u015fma:<\/strong> Silindir, sorunsuz uzatma ve geri \u00e7ekme i\u00e7in hidrolik ya\u011f bas\u0131nc\u0131 kullanarak \u00e7al\u0131\u015f\u0131r ve karma\u015f\u0131k g\u00f6revler i\u00e7in gerekli olan g\u00fc\u00e7l\u00fc itme ve \u00e7ekme kuvvetini sa\u011flar.<\/li>\n<li><strong>T\u00fcr \u00c7e\u015fitlili\u011fi:<\/strong> Tek y\u00f6nl\u00fc (hidrolik sistem tek y\u00f6nde kullan\u0131l\u0131r) veya \u00e7ift y\u00f6nl\u00fc (hidrolik sistem her iki y\u00f6nde kullan\u0131l\u0131r) konfig\u00fcrasyonlarda bulunan baz\u0131 modeller teleskopiktir ve d\u0131\u015f boyutlar\u0131 art\u0131rmadan daha fazla uzatma imkan\u0131 sa\u011flar.<\/li>\n<li><strong>\u00d6zelle\u015ftirilebilir Se\u00e7enekler:<\/strong> Bom silindiri, belirli operasyonel ihtiya\u00e7lar\u0131 kar\u015f\u0131layacak \u015fekilde uyarlanabilir ve \u00e7e\u015fitli makine t\u00fcrleriyle sorunsuz bir \u015fekilde entegre olmas\u0131 sa\u011flan\u0131r.<\/li>\n<li><strong>Korozyon Direnci:<\/strong> A\u015f\u0131nmaya dayan\u0131kl\u0131l\u0131k g\u00f6z \u00f6n\u00fcnde bulundurularak tasarlanan bom silindirinin malzemeleri genellikle korozyona kar\u015f\u0131 i\u015flemden ge\u00e7irilerek kullan\u0131m \u00f6mr\u00fc uzat\u0131l\u0131r.<\/li>\n<\/ul>\n<h2>\u00dcretim Yetenekleri<\/h2>\n<p>Bom silindirlerinin \u00fcretiminde uzmanla\u015fm\u0131\u015f bir firmay\u0131z ve \u00fcr\u00fcnlerimizin mevcut hidrolik silindirlerin m\u00fckemmel birer alternatifi olmas\u0131n\u0131 sa\u011fl\u0131yoruz. \u00dcretim s\u00fcrecimiz, g\u00fcvenilirlik ve performans\u0131 garanti etmek i\u00e7in s\u0131k\u0131 kalite standartlar\u0131na uymaktad\u0131r.<\/p>\n<p><img decoding=\"async\" src=\"https:\/\/www.hydraulic-cylinders.net\/wp-content\/uploads\/2025\/04\/songte-cylinder-head-with-all-kinds-excavator-models.webp\" alt=\"Ekskavat\u00f6r Silindir Modelleri\" \/><\/p>\n<h2>Bom Silindirinin Uygulamalar\u0131<\/h2>\n<ul>\n<li><strong>\u0130n\u015faat Ekipmanlar\u0131:<\/strong> Ekskavat\u00f6rlerde olmazsa olmaz olan bom silindirleri, kazma, y\u00fckleme ve toprak veya moloz ta\u015f\u0131ma gibi \u00f6nemli i\u015flemleri kolayla\u015ft\u0131r\u0131r. Kaz\u0131c\u0131 y\u00fckleyicilerde ise hem kazma hem de kald\u0131rma i\u015flerinde yard\u0131mc\u0131 olurlar.<\/li>\n<li><strong>Tar\u0131m Makinalar\u0131:<\/strong> \u00d6n y\u00fckleyicilerde, bom silindiri operat\u00f6rlerin toprak, saman ve di\u011fer d\u00f6kme malzemeler gibi malzemeleri etkili bir \u015fekilde kep\u00e7eyle almas\u0131na, kald\u0131rmas\u0131na ve ta\u015f\u0131mas\u0131na olanak tan\u0131r.<\/li>\n<li><strong>Ekskavat\u00f6rler:<\/strong> Kep\u00e7e silindiri, kep\u00e7enin topra\u011fa n\u00fcfuz etmesini sa\u011flayarak verimli kaz\u0131 i\u015flemlerini kolayla\u015ft\u0131r\u0131r ve bu nedenle hafriyat operasyonlar\u0131nda temel bir bile\u015fen haline gelir.<\/li>\n<li><strong>Y\u00fckleyiciler:<\/strong> \u00d6n y\u00fckleyicilerde, bom silindirleri y\u00fcklerin kald\u0131r\u0131lmas\u0131na ve bo\u015falt\u0131lmas\u0131na yard\u0131mc\u0131 olarak malzeme ta\u015f\u0131ma i\u015flemlerinin genel verimlili\u011fini art\u0131r\u0131r.<\/li>\n<\/ul>\n<h2>Tasar\u0131m Hususlar\u0131<\/h2>\n<ul>\n<li><strong>Y\u00fck Kapasitesi:<\/strong> Bom silindiri, \u00e7al\u0131\u015fma s\u0131ras\u0131nda beklenen maksimum y\u00fck\u00fc kald\u0131rabilecek \u015fekilde tasarlanmal\u0131d\u0131r. Bu, kullan\u0131lan malzemelerin ve tasar\u0131m\u0131n yap\u0131sal b\u00fct\u00fcnl\u00fc\u011f\u00fcn\u00fcn dikkatli bir \u015fekilde hesaplanmas\u0131n\u0131 gerektirir.<\/li>\n<li><strong>S\u0131zd\u0131rmazl\u0131k Performans\u0131:<\/strong> Hidrolik s\u0131v\u0131 s\u0131z\u0131nt\u0131s\u0131n\u0131 \u00f6nlemek i\u00e7in etkili s\u0131zd\u0131rmazl\u0131k \u00e7ok \u00f6nemlidir. Uzun \u00f6m\u00fcr ve g\u00fcvenilirlik sa\u011flamak ve bak\u0131m sorunlar\u0131 riskini azaltmak i\u00e7in y\u00fcksek kaliteli contalar kullan\u0131lmal\u0131d\u0131r.<\/li>\n<li><strong>Dayan\u0131kl\u0131l\u0131k:<\/strong> Tasar\u0131m, a\u015f\u0131nmaya, korozyona ve yorulmaya kar\u015f\u0131 koruma sa\u011flayan malzeme ve y\u00fczey i\u015flemlerini i\u00e7ermeli ve silindirin kullan\u0131m \u00f6mr\u00fc boyunca etkili bir \u015fekilde \u00e7al\u0131\u015fmas\u0131n\u0131 sa\u011flamal\u0131d\u0131r.<\/li>\n<li><strong>G\u00fcvenlik \u00d6zellikleri:<\/strong> \u00c7al\u0131\u015fma s\u0131ras\u0131nda ar\u0131zalar\u0131 ve kazalar\u0131 \u00f6nlemek i\u00e7in g\u00fcvenlik mekanizmalar\u0131n\u0131n entegre edilmesi, operat\u00f6rlerin ve \u00e7evredeki personelin g\u00fcvenli\u011fini sa\u011flamak a\u00e7\u0131s\u0131ndan hayati \u00f6nem ta\u015f\u0131r.<\/li>\n<li><strong>Kullan\u0131labilirlik:<\/strong> Tasar\u0131m, bak\u0131m ve onar\u0131m i\u00e7in bile\u015fenlere kolay eri\u015fim sa\u011flamal\u0131, ar\u0131za s\u00fcrelerini en aza indirip verimlili\u011fi en \u00fcst d\u00fczeye \u00e7\u0131karmal\u0131d\u0131r.<\/li>\n<\/ul>\n<p><img decoding=\"async\" src=\"https:\/\/www.hydraulic-cylinders.net\/wp-content\/uploads\/2025\/04\/songte-oil-pipes-and-spare-parts.webp\" alt=\"Hidrolik Bile\u015fenler\" \/><\/p>\n<h2>S\u0131zd\u0131rmazl\u0131k ve Ya\u011flama<\/h2>\n<p>Piston contalar\u0131 ve mil contalar\u0131 gibi \u00e7e\u015fitli s\u0131zd\u0131rmazl\u0131k elemanlar\u0131n\u0131n kullan\u0131lmas\u0131, bom silindirinin verimli \u00e7al\u0131\u015fmas\u0131 i\u00e7in hayati \u00f6nem ta\u015f\u0131r. Poli\u00fcretan ve nitril kau\u00e7uk gibi dayan\u0131kl\u0131 malzemelerden yap\u0131lan contalar uzun \u00f6m\u00fcrl\u00fc performans sa\u011flar. Ayr\u0131ca, a\u015f\u0131nma direncini art\u0131rmak i\u00e7in silindir g\u00f6vdesi ve di\u015fli u\u00e7lar ince bir \u015fekilde i\u015flenmelidir. Sorunsuz \u00e7al\u0131\u015fmay\u0131 s\u00fcrd\u00fcrmek ve hasar\u0131 \u00f6nlemek i\u00e7in hidrolik ya\u011f ile d\u00fczenli ya\u011flama da gereklidir.<\/p>\n<h2>\u00d6nleyici Bak\u0131m \u00d6nlemleri<\/h2>\n<ul>\n<li><strong>D\u00fczenli Denetimler:<\/strong> A\u015f\u0131nma veya hasar belirtilerini tespit etmek i\u00e7in s\u0131k s\u0131k kontroller yap\u0131n. Sorunlar\u0131n erken tespiti, ilerleyen zamanlarda daha b\u00fcy\u00fck problemlerin \u00f6nlenmesine yard\u0131mc\u0131 olabilir.<\/li>\n<li><strong>Uygun Ya\u011flama:<\/strong> Optimum performans\u0131 korumak ve hareketli par\u00e7alarda a\u015f\u0131r\u0131 a\u015f\u0131nmay\u0131 \u00f6nlemek i\u00e7in hidrolik ya\u011f\u0131n d\u00fczenli olarak yenilenmesini sa\u011flay\u0131n.<\/li>\n<li><strong>Conta De\u011fi\u015fimi:<\/strong> S\u0131z\u0131nt\u0131lar\u0131 \u00f6nlemek ve hidrolik bas\u0131nc\u0131 korumak i\u00e7in contalar\u0131n durumunu izleyin ve gerekti\u011finde de\u011fi\u015ftirin.<\/li>\n<\/ul>\n<h2>Kurulum Talimatlar\u0131<\/h2>\n<p>Bom silindirinin do\u011fru montaj\u0131, optimum \u00e7al\u0131\u015fma i\u00e7in kritik \u00f6neme sahiptir. \u00d6ncelikle silindirin montaj noktalar\u0131yla do\u011fru \u015fekilde hizaland\u0131\u011f\u0131ndan emin olun. Silindiri yerinde sabitlemek i\u00e7in uygun montaj braketleri kullan\u0131n; bu, a\u015f\u0131r\u0131 gerilme olmadan esneklik ve hareket imkan\u0131 sa\u011flar. Hidrolik hatlar\u0131n ba\u011flanmas\u0131 i\u00e7in \u00fcreticinin spesifikasyonlar\u0131n\u0131 izleyin ve b\u00fck\u00fclme veya t\u0131kan\u0131kl\u0131k olmad\u0131\u011f\u0131ndan emin olun. Montajdan sonra, sistemde s\u0131z\u0131nt\u0131 olup olmad\u0131\u011f\u0131n\u0131 kontrol edin ve her \u015feyin sorunsuz \u00e7al\u0131\u015ft\u0131\u011f\u0131ndan emin olmak i\u00e7in fonksiyonel bir test ger\u00e7ekle\u015ftirin.<\/p>\n<h2>Bak\u0131m G\u00f6revleri<\/h2>\n<ul>\n<li><strong>D\u00fczenli Kontroller:<\/strong> Silindirin ve \u00e7evresindeki bile\u015fenlerin durumunu de\u011ferlendirmek ve a\u015f\u0131nma veya hasar belirtileri aramak i\u00e7in d\u00fczenli kontroller planlay\u0131n.<\/li>\n<li><strong>Uygun Ya\u011flama:<\/strong> Sorunsuz \u00e7al\u0131\u015fmay\u0131 sa\u011flamak ve hareketli par\u00e7alar aras\u0131ndaki s\u00fcrt\u00fcnmeyi azaltmak i\u00e7in hidrolik ya\u011f seviyesini uygun d\u00fczeyde tutun.<\/li>\n<li><strong>Conta De\u011fi\u015fimi ve Kalibrasyonu:<\/strong> A\u015f\u0131nm\u0131\u015f contalar\u0131 derhal de\u011fi\u015ftirin ve tutarl\u0131 performans sa\u011flamak ve s\u0131z\u0131nt\u0131lar\u0131 \u00f6nlemek i\u00e7in hidrolik sistemi gerekti\u011fi gibi kalibre edin.<\/li>\n<\/ul>\n<h2>G\u00fcvenlik Hususlar\u0131 ve \u00c7evresel Fakt\u00f6rler<\/h2>\n<p>A\u011f\u0131r makinelerin \u00e7al\u0131\u015ft\u0131r\u0131lmas\u0131nda g\u00fcvenlik \u00f6nlemleri son derece \u00f6nemlidir. Operat\u00f6rler, riskleri en aza indirmek i\u00e7in her zaman uygun g\u00fcvenlik ekipmanlar\u0131n\u0131 giymeli ve do\u011fru \u00e7al\u0131\u015fma protokollerini izlemelidir. Ayr\u0131ca, \u00e7evreyi korumak ve d\u00fczenlemelere uymak i\u00e7in hidrolik s\u0131v\u0131 d\u00f6k\u00fclmelerinin y\u00f6netimi ve uygun at\u0131k bertaraf y\u00f6ntemleri gibi \u00e7evresel hususlara da riayet edilmelidir.<\/p>\n<h2>Yayg\u0131n Sorunlar\u0131n Giderilmesi<\/h2>\n<ul>\n<li><strong>Bas\u0131n\u00e7 Kayb\u0131:<\/strong> Bu, hidrolik sistemde bir s\u0131z\u0131nt\u0131 oldu\u011funu g\u00f6sterebilir. T\u00fcm ba\u011flant\u0131lar\u0131 ve contalar\u0131 s\u0131v\u0131 kayb\u0131 belirtileri a\u00e7\u0131s\u0131ndan kontrol edin.<\/li>\n<li><strong>Verimsiz Hareket:<\/strong> Silindir d\u00fczg\u00fcn bir \u015fekilde uzam\u0131yor veya geri \u00e7ekilmiyorsa, hidrolik s\u0131v\u0131s\u0131nda t\u0131kan\u0131kl\u0131k veya kirlenme olup olmad\u0131\u011f\u0131n\u0131 kontrol edin.<\/li>\n<li><strong>Al\u0131\u015f\u0131lmad\u0131k Sesler:<\/strong> \u00c7al\u0131\u015fma s\u0131ras\u0131nda \u00e7\u0131kan g\u0131c\u0131rdama veya t\u0131k\u0131rt\u0131 sesleri, mekanik ar\u0131za veya yetersiz ya\u011flaman\u0131n bir i\u015fareti olabilir.<\/li>\n<\/ul>\n<h2>Problem \u00c7\u00f6zme \u0130pu\u00e7lar\u0131<\/h2>\n<p>Sorunlar\u0131 etkili bir \u015fekilde te\u015fhis etmek ve \u00e7\u00f6zmek i\u00e7in, \u00e7al\u0131\u015fma s\u0131ras\u0131nda g\u00f6zlemlenen performans ve d\u00fczensizliklerin kayd\u0131n\u0131 tutun. D\u00fczenli bak\u0131m, contalar\u0131n ar\u0131zalanmadan \u00f6nce de\u011fi\u015ftirilmesi veya hidrolik s\u0131v\u0131 seviyelerinin yeterli olmas\u0131n\u0131n sa\u011flanmas\u0131 gibi potansiyel sorunlar\u0131 \u00f6nleyebilir. Operat\u00f6rlerin ola\u011fand\u0131\u015f\u0131 davran\u0131\u015flar\u0131 derhal bildirmelerini te\u015fvik etmek de bom silindirinin uzun \u00f6m\u00fcrl\u00fcl\u00fc\u011f\u00fcn\u00fc ve etkinli\u011fini korumaya yard\u0131mc\u0131 olabilir.<\/p>\n<p><img decoding=\"async\" src=\"https:\/\/www.hydraulic-cylinders.net\/wp-content\/uploads\/2025\/04\/songte-bushings-with-all-kinds-of-excavator-models.webp\" alt=\"Ekskavat\u00f6r Modelleri i\u00e7in Bur\u00e7lar\" \/><\/p>\n<h2>\u015eirket Genel Bak\u0131\u015f\u0131<\/h2>\n<p>Hidrolik silindirlerin \u00f6nde gelen \u00fcreticilerinden biriyiz ve \u00e7e\u015fitli makineler i\u00e7in y\u00fcksek kaliteli yedek par\u00e7alar sa\u011flama konusunda uzmanla\u015fm\u0131\u015f durumday\u0131z. Geni\u015f \u00fcr\u00fcn yelpazemiz, bizi hem yurt i\u00e7i hem de uluslararas\u0131 pazarlarda \u00f6nde gelen bir toptanc\u0131 konumuna getirmi\u015ftir. Geli\u015fmi\u015f teknoloji ve yetenekli personeli i\u00e7eren rafine \u00fcretim stratejileri kullanarak kalite m\u00fckemmelli\u011fine \u00f6ncelik veriyoruz. Yenili\u011fe olan ba\u011fl\u0131l\u0131\u011f\u0131m\u0131z, m\u00fc\u015fterilerimizin \u00e7e\u015fitli ihtiya\u00e7lar\u0131n\u0131 verimli ve etkili bir \u015fekilde kar\u015f\u0131lamam\u0131z\u0131 sa\u011flamaktad\u0131r.<\/p>\n<p><img decoding=\"async\" src=\"https:\/\/www.hydraulic-cylinders.net\/wp-content\/uploads\/2025\/04\/songte-company-4.webp\" alt=\"\u015eirket \u00dcretimi\" \/><br \/>\n<img decoding=\"async\" src=\"https:\/\/www.hydraulic-cylinders.net\/wp-content\/uploads\/2025\/04\/songte-company-3.webp\" alt=\"Hidrolik Silindir \u00dcretimi\" \/><\/p>\n<p>Uzmanl\u0131\u011f\u0131m\u0131z, \u00fcretimden \u00f6teye uzanarak profesyonel sertifikasyon, \u00f6zelle\u015ftirilmi\u015f hizmetler ve g\u00fc\u00e7l\u00fc sat\u0131\u015f sonras\u0131 deste\u011fi de kapsamakta olup, m\u00fc\u015fterilerimizin yaln\u0131zca \u00fcst\u00fcn \u00fcr\u00fcnler de\u011fil, ayn\u0131 zamanda t\u00fcm deneyimleri boyunca ola\u011fan\u00fcst\u00fc hizmet almalar\u0131n\u0131 sa\u011flamaktad\u0131r.<\/p>\n<p>Yazar: lyl<\/p>","protected":false},"excerpt":{"rendered":"<p>Boom Cylinder For Volvo Wheel Excavator EW205D Product Overview The boom cylinder is an essential component of hydraulic systems in heavy machinery such as excavators, backhoe loaders, and front loaders. It is specifically designed to control the movement of the bucket, enabling it to lift, lower, and tilt efficiently during material handling tasks. The boom [&hellip;]<\/p>","protected":false},"featured_media":17881,"comment_status":"open","ping_status":"closed","template":"","meta":{"_et_pb_use_builder":"","_et_pb_old_content":"","_et_gb_content_width":""},"product_brand":[],"product_cat":[1546],"product_tag":[1547,1496],"class_list":{"0":"post-19135","1":"product","2":"type-product","3":"status-publish","4":"has-post-thumbnail","6":"product_cat-boom-cylinders","7":"product_tag-boom-cylinders","8":"product_tag-hydraulic-cylinders","10":"first","11":"instock","12":"shipping-taxable","13":"product-type-simple"},"amp_enabled":true,"_links":{"self":[{"href":"https:\/\/www.hydraulic-cylinders.net\/tr\/wp-json\/wp\/v2\/product\/19135","targetHints":{"allow":["GET"]}}],"collection":[{"href":"https:\/\/www.hydraulic-cylinders.net\/tr\/wp-json\/wp\/v2\/product"}],"about":[{"href":"https:\/\/www.hydraulic-cylinders.net\/tr\/wp-json\/wp\/v2\/types\/product"}],"replies":[{"embeddable":true,"href":"https:\/\/www.hydraulic-cylinders.net\/tr\/wp-json\/wp\/v2\/comments?post=19135"}],"wp:featuredmedia":[{"embeddable":true,"href":"https:\/\/www.hydraulic-cylinders.net\/tr\/wp-json\/wp\/v2\/media\/17881"}],"wp:attachment":[{"href":"https:\/\/www.hydraulic-cylinders.net\/tr\/wp-json\/wp\/v2\/media?parent=19135"}],"wp:term":[{"taxonomy":"product_brand","embeddable":true,"href":"https:\/\/www.hydraulic-cylinders.net\/tr\/wp-json\/wp\/v2\/product_brand?post=19135"},{"taxonomy":"product_cat","embeddable":true,"href":"https:\/\/www.hydraulic-cylinders.net\/tr\/wp-json\/wp\/v2\/product_cat?post=19135"},{"taxonomy":"product_tag","embeddable":true,"href":"https:\/\/www.hydraulic-cylinders.net\/tr\/wp-json\/wp\/v2\/product_tag?post=19135"}],"curies":[{"name":"wp","href":"https:\/\/api.w.org\/{rel}","templated":true}]}}