{"id":1916,"date":"2023-10-19T07:55:02","date_gmt":"2023-10-19T07:55:02","guid":{"rendered":"https:\/\/hydraulic-cylinders.net\/?post_type=product&#038;p=1916"},"modified":"2025-04-11T03:43:23","modified_gmt":"2025-04-11T03:43:23","slug":"double-shield-tbm-torque-cylinder","status":"publish","type":"product","link":"https:\/\/www.hydraulic-cylinders.net\/tr\/urun\/double-shield-tbm-torque-cylinder\/","title":{"rendered":"\u00c7ift Kalkanl\u0131 TBM Tork Silindiri"},"content":{"rendered":"<h1 style=\"text-align: center;\"><strong>\u00c7ift Kalkanl\u0131 TBM Tork Silindiri<\/strong><\/h1>\n<p><img loading=\"lazy\" decoding=\"async\" class=\"aligncenter wp-image-1917\" src=\"https:\/\/hydraulic-cylinders.net\/wp-content\/uploads\/2023\/10\/torque-cylinder-1-2-300x300.webp\" alt=\"\" width=\"400\" height=\"400\" \/><\/p>\n<p>\u00c7ift kalkanl\u0131 TBM tork silindiri, t\u00fcnel a\u00e7ma makinelerinin verimlili\u011fini ve hassasiyetini en \u00fcst d\u00fczeye \u00e7\u0131karan son teknoloji bir hidrolik bile\u015fendir. Bu \u00f6zel silindir, kesici ba\u015fl\u0131\u011f\u0131n d\u00f6n\u00fc\u015f\u00fc i\u00e7in gerekli tork kuvvetini sa\u011flayarak t\u00fcnel a\u00e7ma i\u015flemleri s\u0131ras\u0131nda sorunsuz ve hassas kaz\u0131 yap\u0131lmas\u0131n\u0131 sa\u011flar. Bu kapsaml\u0131 makalede, \u00e7ift kalkanl\u0131 TBM tork silindirinin temel \u00f6zellikleri, kullan\u0131m y\u00f6ntemleri ve bak\u0131m y\u00f6nergeleri incelenecektir.<\/p>\n<p>\u00c7ift kalkanl\u0131 TBM tork silindiri, t\u00fcnel a\u00e7ma operasyonlar\u0131nda devrim yaratan sa\u011flam ve g\u00fcvenilir bir bile\u015fendir. Y\u00fcksek tork \u00e7\u0131k\u0131\u015f\u0131, hassas m\u00fchendisli\u011fi, sa\u011flam yap\u0131s\u0131 ve yerden tasarruf sa\u011flayan tasar\u0131m\u0131yla bu silindir, t\u00fcnel a\u00e7ma s\u00fcre\u00e7lerinin verimlili\u011fini ve do\u011frulu\u011funu art\u0131r\u0131r. \u00d6nerilen kullan\u0131m y\u00f6ntemlerine uyulmas\u0131 ve d\u00fczenli bak\u0131m uygulamalar\u0131na uyulmas\u0131yla, \u00e7ift kalkanl\u0131 TBM tork silindiri ola\u011fan\u00fcst\u00fc performans sunmaya devam ederek t\u00fcnel a\u00e7ma projelerinin ba\u015far\u0131s\u0131na katk\u0131da bulunacakt\u0131r. \u00c7ift kalkanl\u0131 TBM tork silindirinin g\u00fcc\u00fcn\u00fc ve hassasiyetini deneyimleyin ve benzersiz verimlilik ve do\u011frulukla t\u00fcnel a\u00e7man\u0131n t\u00fcm potansiyelini ortaya \u00e7\u0131kar\u0131n.<\/p>\n<p>\u00c7ift Kalkanl\u0131 TBM Tork Silindirinin Temel \u00d6zellikleri:<\/p>\n<ul>\n<li>Y\u00fcksek Tork \u00c7\u0131k\u0131\u015f\u0131: \u00c7ift TBM kalkanl\u0131 tork silindiri, kesici ba\u015fl\u0131\u011f\u0131n verimli bir \u015fekilde d\u00f6nmesini sa\u011flayan g\u00fc\u00e7l\u00fc bir tork \u00e7\u0131k\u0131\u015f\u0131 sa\u011flar. G\u00fc\u00e7l\u00fc performans\u0131, zorlu jeolojik ko\u015fullarda bile etkili ve hassas kaz\u0131 sa\u011flar.<\/li>\n<li>Hassas M\u00fchendislik: Bu silindir, sorunsuz ve hassas tork iletimi sa\u011flamak i\u00e7in hassas bir \u015fekilde tasarlanm\u0131\u015ft\u0131r. Geli\u015fmi\u015f tasar\u0131m\u0131, bo\u015fluklar\u0131 en aza indirir ve tutarl\u0131 d\u00f6n\u00fc\u015f h\u0131zlar\u0131n\u0131 koruyarak hassas kaz\u0131 ve geli\u015fmi\u015f t\u00fcnel a\u00e7ma verimlili\u011fi sa\u011flar.<\/li>\n<li>Sa\u011flam Yap\u0131: \u00c7ift kalkanl\u0131 TBM tork silindiri, t\u00fcnel a\u00e7ma s\u0131ras\u0131nda kar\u015f\u0131la\u015f\u0131lan zorlu ko\u015fullara dayanacak \u015fekilde tasarlanm\u0131\u015f sa\u011flam bir yap\u0131ya sahiptir. Y\u00fcksek kaliteli malzemeleri ve titiz i\u015f\u00e7ili\u011fi, en zorlu ortamlarda dayan\u0131kl\u0131l\u0131k ve g\u00fcvenilirlik sa\u011flar.<\/li>\n<li>Kompakt ve Yerden Tasarruflu: Bu silindir, kompakt tasar\u0131m\u0131yla t\u00fcnel a\u00e7ma makinesindeki alan kullan\u0131m\u0131n\u0131 optimize eder. Aerodinamik yap\u0131s\u0131, kolay entegrasyon sa\u011flayarak di\u011fer bile\u015fenlerle etkile\u015fimi en aza indirir ve t\u00fcnel a\u00e7ma s\u00fcrecinin genel verimlili\u011fini en \u00fcst d\u00fczeye \u00e7\u0131kar\u0131r.<\/li>\n<\/ul>\n<h2><strong>\u00c7ift Kalkanl\u0131 TBM Tork Silindiri Parametresi:<\/strong><\/h2>\n<table border=\"1\" cellspacing=\"0\" cellpadding=\"0\">\n<tbody>\n<tr>\n<td>\u00dcr\u00fcn Ad\u0131<\/td>\n<td>\u00c7ift Kalkanl\u0131 T\u00fcnel A\u00e7ma Makinesi Tork Silindiri<\/td>\n<\/tr>\n<tr>\n<td>\u00d6zellikler:<\/td>\n<td>Kesici kafan\u0131n torkunu iletin<\/td>\n<\/tr>\n<tr>\n<td>\u00d6zellikler:<\/td>\n<td>M\u00fc\u015fteri ihtiya\u00e7lar\u0131na g\u00f6re \u00e7e\u015fitli yap\u0131 ve \u00f6zelliklerde tork silindirleri tasarlan\u0131p \u00fcretilebilmektedir.<\/td>\n<\/tr>\n<tr>\n<td>Bas\u0131n\u00e7:<\/td>\n<td>25MPa'ya kadar<br \/>\n35MPa'ya kadar \u00f6zel gereksinimler<\/td>\n<\/tr>\n<tr>\n<td>Uygulamalar:<\/td>\n<td>\u00c7ift Kalkanl\u0131 T\u00fcnel A\u00e7ma Makinesi<\/td>\n<\/tr>\n<\/tbody>\n<\/table>\n<h2><strong>\u00c7ift Kalkanl\u0131 TBM Silindir Uygulamas\u0131:<\/strong><\/h2>\n<p><img loading=\"lazy\" decoding=\"async\" class=\"alignnone wp-image-1909 size-full\" src=\"https:\/\/hydraulic-cylinders.net\/wp-content\/uploads\/2023\/10\/double-shield-tbm-cylinder-1.webp\" alt=\"\" width=\"709\" height=\"473\" srcset=\"https:\/\/hydraulic-cylinders.net\/wp-content\/uploads\/2023\/10\/double-shield-tbm-cylinder-1.webp 709w, https:\/\/hydraulic-cylinders.net\/wp-content\/uploads\/2023\/10\/double-shield-tbm-cylinder-1-480x320.webp 480w\" sizes=\"(min-width: 0px) and (max-width: 480px) 480px, (min-width: 481px) 709px, 100vw\" \/><\/p>\n<h2><strong>\u00c7ift Kalkanl\u0131 TBM Tork Silindirinin Kullan\u0131m Y\u00f6ntemi<\/strong><strong>:<\/strong><\/h2>\n<ul>\n<li><strong>Silindir Entegrasyonu:<\/strong> Install the double shield tbm torque cylinder in the designated location within the tunnel boring machine, following the manufacturer&#8217;s guidelines and specifications. Ensure proper alignment and secure attachment to the TBM&#8217;s structure using suitable mounting brackets or accessories.<\/li>\n<li><strong>Hidrolik Sistem Entegrasyonu:<\/strong> Silindiri, uyumlu hortum ve ba\u011flant\u0131 par\u00e7alar\u0131 kullanarak TBM'nin hidrolik sistemine ba\u011flay\u0131n. Optimum hidrolik performans\u0131 sa\u011flamak i\u00e7in t\u00fcm ba\u011flant\u0131lar\u0131n g\u00fcvenli, s\u0131zd\u0131rmaz ve yeterli s\u0131kl\u0131kta oldu\u011fundan emin olun.<\/li>\n<li><strong>Kontrol ve \u0130\u015fletme:<\/strong> Familiarize yourself with the TBM&#8217;s control system and the rules associated with the double shield tbm torque cylinder. Utilize these controls to activate, regulate, and monitor the torque output, adjusting it to match the excavation requirements and geological conditions.<\/li>\n<li><strong>\u0130zleme ve Ayarlama:<\/strong> \u00c7ift kalkanl\u0131 tbm tork silindirinin performans\u0131n\u0131 ve t\u00fcnel a\u00e7ma makinesinin genel davran\u0131\u015f\u0131n\u0131 s\u00fcrekli olarak izleyin. Optimum verimlilik ve \u00fcretkenlik sa\u011flamak i\u00e7in zemin ko\u015fullar\u0131n\u0131, kesici a\u015f\u0131nmas\u0131n\u0131 ve kaz\u0131 ilerlemesini g\u00f6z \u00f6n\u00fcnde bulundurarak tork \u00e7\u0131k\u0131\u015f\u0131n\u0131 ayarlay\u0131n.<\/li>\n<\/ul>\n<h2><strong>Hidrolik Silindir Contalar\u0131 Nas\u0131l De\u011fi\u015ftirilir?<\/strong><\/h2>\n<p>Hidrolik silindir contalar\u0131n\u0131n de\u011fi\u015ftirilmesi, silindir bile\u015fenlerinin dikkatlice s\u00f6k\u00fcl\u00fcp tak\u0131lmas\u0131n\u0131 gerektirir. \u0130\u015fte bu s\u00fcre\u00e7te size yard\u0131mc\u0131 olacak ad\u0131m ad\u0131m bir k\u0131lavuz:<\/p>\n<ol>\n<li><strong>Silindiri Haz\u0131rlay\u0131n:<\/strong>\n<ul>\n<li>Hidrolik silindiri sistemden ay\u0131r\u0131n ve bas\u0131nc\u0131n\u0131n bo\u015falt\u0131ld\u0131\u011f\u0131ndan emin olun.<\/li>\n<li>S\u00f6kme i\u015flemi s\u0131ras\u0131nda silindirin d\u0131\u015f\u0131n\u0131 kir veya kal\u0131nt\u0131lar\u0131n girmesini \u00f6nlemek i\u00e7in temizleyin.<\/li>\n<li>Silindiri sabit bir \u00e7al\u0131\u015fma y\u00fczeyine yerle\u015ftirin ve kelep\u00e7e veya mengene kullanarak sabitleyin.<\/li>\n<\/ul>\n<\/li>\n<li><strong>Foklar\u0131 Tan\u0131mlay\u0131n:<\/strong>\n<ul>\n<li>De\u011fi\u015ftirilmesi gereken contalar\u0131n tiplerini ve yerlerini belirleyin.<\/li>\n<li>Hidrolik silindirlerde genellikle biyel contalar\u0131, piston contalar\u0131 ve silecek contalar\u0131 gibi birden fazla conta bulunur.<\/li>\n<li>Consult the manufacturer&#8217;s documentation or reference materials to identify the required seals.<\/li>\n<\/ul>\n<\/li>\n<li><strong>S\u00f6kme:<\/strong>\n<ul>\n<li>Silindir kapa\u011f\u0131n\u0131 veya kapa\u011f\u0131n\u0131 sabitleyen c\u0131vatalar, halkalar veya tutma halkalar\u0131 gibi tutma bile\u015fenlerini \u00e7\u0131kar\u0131n.<\/li>\n<li>Silindir kapa\u011f\u0131n\u0131 veya kapa\u011f\u0131n\u0131 dikkatlice \u00e7\u0131kar\u0131n, pistonu, \u00e7ubu\u011fu ve contalar\u0131 a\u00e7\u0131\u011fa \u00e7\u0131kar\u0131n.<\/li>\n<li>Tekrar montaj\u0131n d\u00fczg\u00fcn yap\u0131labilmesi i\u00e7in contalar\u0131n dizili\u015fine ve s\u0131ras\u0131na dikkat edilmelidir.<\/li>\n<\/ul>\n<\/li>\n<li><strong>Eski M\u00fch\u00fcrleri \u00c7\u0131kar\u0131n:<\/strong>\n<ul>\n<li>Eski contalar\u0131 hasar veya a\u015f\u0131nma a\u00e7\u0131s\u0131ndan inceleyin ve uygun \u00e7\u0131karma y\u00f6ntemini belirleyin.<\/li>\n<li>Contan\u0131n t\u00fcr\u00fcne ba\u011fl\u0131 olarak, contay\u0131 \u00e7\u0131karmak i\u00e7in kanca veya k\u00fcrdan gibi aletler kullanman\u0131z veya d\u00fcz u\u00e7lu bir tornavida kullanarak contay\u0131 dikkatlice \u00e7\u0131karman\u0131z gerekebilir.<\/li>\n<li>Contay\u0131 s\u00f6kerken silindir y\u00fczeylerine zarar vermemeye dikkat edin.<\/li>\n<\/ul>\n<\/li>\n<li><strong>Temizleyin ve inceleyin:<\/strong>\n<ul>\n<li>Silindir deli\u011fini, \u00e7ubu\u011fu ve \u00e7evresindeki par\u00e7alar\u0131 tiftiksiz bir bez veya uygun bir \u00e7\u00f6z\u00fcc\u00fc kullanarak iyice temizleyin.<\/li>\n<li>T\u00fcm bile\u015fenleri hasar, a\u015f\u0131nma veya \u00e7izilme belirtileri a\u00e7\u0131s\u0131ndan inceleyin. A\u015f\u0131nm\u0131\u015f veya hasarl\u0131 par\u00e7alar\u0131 gerekti\u011fi gibi de\u011fi\u015ftirin.<\/li>\n<\/ul>\n<\/li>\n<li><strong>Yeni Contalar\u0131 Tak\u0131n:<\/strong>\n<ul>\n<li>Yeni contalar\u0131n montaj\u0131na yard\u0131mc\u0131 olmak ve uygun s\u0131zd\u0131rmazl\u0131\u011f\u0131 sa\u011flamak i\u00e7in, contalara ince bir tabaka hidrolik s\u0131v\u0131 veya conta ya\u011f\u0131 uygulay\u0131n.<\/li>\n<li>Yeni contalar\u0131 dikkatlice yuvalar\u0131na yerle\u015ftirin ve do\u011fru \u015fekilde y\u00f6nlendirildiklerinden emin olun.<\/li>\n<li>Contalar\u0131 yerlerine yerle\u015ftirmek i\u00e7in bir conta takma aleti veya yumu\u015fak bir tokmak kullan\u0131n ve contalar\u0131n e\u015fit ve g\u00fcvenli bir \u015fekilde yerle\u015fti\u011finden emin olun.<\/li>\n<\/ul>\n<\/li>\n<li><strong>Yeniden montaj:<\/strong>\n<ul>\n<li>S\u00f6kme s\u0131ras\u0131nda \u00e7\u0131kar\u0131lan c\u0131vatalar, segmanlar veya tutma halkalar\u0131 gibi kalan bile\u015fenleri yeniden tak\u0131n.<\/li>\n<li>Do\u011fru s\u0131zd\u0131rmazl\u0131k ve hizalama sa\u011flamak i\u00e7in \u00fcreticinin tork de\u011ferlerine ve s\u0131kma s\u0131ras\u0131 \u00f6zelliklerine uyun.<\/li>\n<li>Contalar\u0131n do\u011fru konumda oldu\u011fundan emin olmak i\u00e7in s\u0131ras\u0131n\u0131 ve d\u00fczenini iki kez kontrol edin.<\/li>\n<\/ul>\n<\/li>\n<li><strong>Test ve Do\u011frulama:<\/strong>\n<ul>\n<li>Hidrolik silindiri sisteme tekrar ba\u011flay\u0131n ve t\u00fcm ba\u011flant\u0131lar\u0131n g\u00fcvenli oldu\u011fundan emin olun.<\/li>\n<li>Sistem bas\u0131nc\u0131n\u0131 kademeli olarak geri y\u00fckleyin, herhangi bir s\u0131z\u0131nt\u0131 veya anormal davran\u0131\u015f olup olmad\u0131\u011f\u0131n\u0131 kontrol edin.<\/li>\n<li>Uygun conta \u00e7al\u0131\u015fmas\u0131n\u0131 ve genel i\u015flevselli\u011fi do\u011frulamak i\u00e7in hidrolik silindiri t\u00fcm hareket aral\u0131\u011f\u0131nda \u00e7al\u0131\u015ft\u0131r\u0131n.<\/li>\n<\/ul>\n<\/li>\n<\/ol>\n<h2><strong>Fabrikan\u0131n Kapasitesi ve Kapasitesi:<\/strong><\/h2>\n<h3>(1) Meclis<\/h3>\n<p>Birinci s\u0131n\u0131f ba\u011f\u0131ms\u0131z bir ara\u015ft\u0131rma ve geli\u015ftirme montaj platformumuz bulunmaktad\u0131r. Hidrolik silindir \u00fcretim at\u00f6lyemizde, y\u0131ll\u0131k 1 milyon adet \u00fcretim kapasitesine sahip d\u00f6rt adet yar\u0131 otomatik kald\u0131rma silindiri montaj hatt\u0131 ve bir adet otomatik devirme silindiri montaj hatt\u0131 bulunmaktad\u0131r. \u00d6zel silindir at\u00f6lyemiz, y\u0131ll\u0131k 200.000 adet \u00fcretim kapasitesine sahip \u00e7e\u015fitli \u00f6zelliklerde yar\u0131 otomatik temizleme montaj sistemiyle donat\u0131lm\u0131\u015ft\u0131r. Ayr\u0131ca, \u00fcnl\u00fc CNC i\u015fleme ekipmanlar\u0131, bir i\u015fleme merkezi, y\u00fcksek hassasiyetli silindir i\u015fleme \u00f6zel ekipmanlar\u0131, bir robot kaynak makinesi, bir otomatik temizleme makinesi, otomatik silindir montaj makinesi ve otomatik boyama \u00fcretim hatt\u0131 ile donat\u0131lm\u0131\u015ft\u0131r. 300'den fazla setten olu\u015fan kritik ekipmanlar mevcuttur. Ekipman kaynaklar\u0131n\u0131n optimum da\u011f\u0131l\u0131m\u0131 ve verimli kullan\u0131m\u0131, \u00fcr\u00fcnlerin hassasiyet gereksinimlerini kar\u015f\u0131lar ve \u00fcr\u00fcnlerin y\u00fcksek kalite ihtiya\u00e7lar\u0131n\u0131 kar\u015f\u0131lar.<\/p>\n<p><img loading=\"lazy\" decoding=\"async\" class=\"alignnone wp-image-626\" src=\"https:\/\/hydraulic-cylinders.net\/wp-content\/uploads\/2023\/08\/hydraulic-cylinder-product-1-300x158.webp\" alt=\"\" width=\"495\" height=\"260\" srcset=\"https:\/\/hydraulic-cylinders.net\/wp-content\/uploads\/2023\/08\/hydraulic-cylinder-product-1-300x158.webp 495w, https:\/\/hydraulic-cylinders.net\/wp-content\/uploads\/2023\/08\/hydraulic-cylinder-product-1-480x252.webp 480w\" sizes=\"(min-width: 0px) and (max-width: 480px) 480px, (min-width: 481px) 495px, 100vw\" \/> <img loading=\"lazy\" decoding=\"async\" class=\"alignnone wp-image-627\" src=\"https:\/\/hydraulic-cylinders.net\/wp-content\/uploads\/2023\/08\/hydraulic-cylinder-product-2-300x189.webp\" alt=\"\" width=\"413\" height=\"260\" \/><\/p>\n<h3>(2) \u0130\u015fleme<\/h3>\n<p>\u0130\u015fleme at\u00f6lyesi, maksimum 400 mm i\u00e7 \u00e7apa ve maksimum 6 metre uzunlu\u011fa sahip silindir borular\u0131n\u0131n i\u015flenmesini ger\u00e7ekle\u015ftirebilen \u00f6zel e\u011fimli ray torna merkezi, i\u015fleme merkezi, y\u00fcksek h\u0131zl\u0131 honlama makinesi, kaynak robotu ve di\u011fer ilgili ekipmanlarla donat\u0131lm\u0131\u015ft\u0131r.<\/p>\n<p><img loading=\"lazy\" decoding=\"async\" class=\"alignnone wp-image-628 size-large\" src=\"https:\/\/hydraulic-cylinders.net\/wp-content\/uploads\/2023\/08\/hydraulic-cylinder-product-3-1024x391.webp\" alt=\"\" width=\"1024\" height=\"391\" srcset=\"https:\/\/hydraulic-cylinders.net\/wp-content\/uploads\/2023\/08\/hydraulic-cylinder-product-3-980x374.webp 980w, https:\/\/hydraulic-cylinders.net\/wp-content\/uploads\/2023\/08\/hydraulic-cylinder-product-3-480x183.webp 480w\" sizes=\"(min-width: 0px) and (max-width: 480px) 480px, (min-width: 481px) and (max-width: 980px) 980px, (min-width: 981px) 1024px, 100vw\" \/><\/p>\n<h3>(3) Kaynak<\/h3>\n<p><img loading=\"lazy\" decoding=\"async\" class=\"alignnone wp-image-629 size-large\" src=\"https:\/\/hydraulic-cylinders.net\/wp-content\/uploads\/2023\/08\/hydraulic-cylinder-product-4-1024x510.webp\" alt=\"\" width=\"1024\" height=\"510\" srcset=\"https:\/\/hydraulic-cylinders.net\/wp-content\/uploads\/2023\/08\/hydraulic-cylinder-product-4-980x488.webp 980w, https:\/\/hydraulic-cylinders.net\/wp-content\/uploads\/2023\/08\/hydraulic-cylinder-product-4-480x239.webp 480w\" sizes=\"(min-width: 0px) and (max-width: 480px) 480px, (min-width: 481px) and (max-width: 980px) 980px, (min-width: 981px) 1024px, 100vw\" \/><\/p>\n<h3>(4) Boyama ve kaplama<\/h3>\n<p>K\u00fc\u00e7\u00fck ve orta \u00f6l\u00e7ekli silindirli otomatik su bazl\u0131 boya kaplama hatlar\u0131nda, otomatik robot y\u00fckleme-bo\u015faltma ve otomatik p\u00fcsk\u00fcrtmeyi ger\u00e7ekle\u015ftirmek i\u00e7in, vardiya ba\u015f\u0131na 4000 adet tasar\u0131m kapasitesi;<br \/>\nAyr\u0131ca, vardiya ba\u015f\u0131na 60 kasa kapasiteli, g\u00fc\u00e7 zinciriyle \u00e7al\u0131\u015fan b\u00fcy\u00fck silindirler i\u00e7in yar\u0131 otomatik boya \u00fcretim hatt\u0131m\u0131z da bulunmaktad\u0131r.<\/p>\n<p><img loading=\"lazy\" decoding=\"async\" class=\"alignnone wp-image-630\" src=\"https:\/\/hydraulic-cylinders.net\/wp-content\/uploads\/2023\/08\/hydraulic-cylinder-product-5-300x213.webp\" alt=\"\" width=\"366\" height=\"260\" \/> <img loading=\"lazy\" decoding=\"async\" class=\"alignnone wp-image-631\" src=\"https:\/\/hydraulic-cylinders.net\/wp-content\/uploads\/2023\/08\/hydraulic-cylinder-product-6-300x225.webp\" alt=\"\" width=\"347\" height=\"260\" \/><\/p>\n<h3>(5) Test etme<\/h3>\n<p>Silindirin performans\u0131n\u0131n gereklilikleri kar\u015f\u0131lad\u0131\u011f\u0131ndan emin olmak i\u00e7in birinci s\u0131n\u0131f muayene tesislerimiz ve test yataklar\u0131m\u0131z bulunmaktad\u0131r.<\/p>\n<p><img loading=\"lazy\" decoding=\"async\" class=\"alignnone wp-image-632\" src=\"https:\/\/hydraulic-cylinders.net\/wp-content\/uploads\/2023\/08\/hydraulic-cylinder-product-8-300x200.webp\" alt=\"\" width=\"389\" height=\"260\" \/><\/p>\n<p>&nbsp;<\/p>\n<p>&nbsp;<\/p>\n<p>En iyi hidrolik silindir \u00fcreticilerinden biriyiz. Kapsaml\u0131 hidrolik silindirler sunabiliyoruz. Ayr\u0131ca, ilgili hidrolik silindirleri de sa\u011fl\u0131yoruz. <a href=\"https:\/\/hzpt.com\/agricultural-pto-gearbox\/\" target=\"_blank\" rel=\"noopener\">tar\u0131msal di\u015fli kutular\u0131<\/a>\u00dcr\u00fcnlerimizi d\u00fcnya \u00e7ap\u0131ndaki m\u00fc\u015fterilerimize ihra\u00e7 ettik ve \u00fcst\u00fcn \u00fcr\u00fcn kalitemiz ve sat\u0131\u015f sonras\u0131 hizmetlerimiz sayesinde iyi bir itibar kazand\u0131k. Yurt i\u00e7i ve yurt d\u0131\u015f\u0131ndaki m\u00fc\u015fterilerimizi i\u015f g\u00f6r\u00fc\u015fmeleri yapmak, bilgi al\u0131\u015fveri\u015finde bulunmak ve <a href=\"https:\/\/www.hydraulic-cylinders.net\/tr\/contact-us\/\">bizimle i\u015fbirli\u011fi yap\u0131n<\/a>!<\/p>\n<p>&nbsp;<\/p>","protected":false},"excerpt":{"rendered":"<p>Double Shield TBM Torque Cylinder The double shield TBM torque cylinder is a cutting-edge hydraulic component that maximizes the efficiency and accuracy of tunnel boring machines. This specialized cylinder provides the necessary torque force for the rotation of the cutterhead, enabling smooth and precise excavation during tunneling operations. This comprehensive article will explore the key [&hellip;]<\/p>","protected":false},"featured_media":1918,"comment_status":"open","ping_status":"closed","template":"","meta":{"_et_pb_use_builder":"","_et_pb_old_content":"","_et_gb_content_width":""},"product_brand":[],"product_cat":[1550,1519],"product_tag":[1380],"class_list":{"0":"post-1916","1":"product","2":"type-product","3":"status-publish","4":"has-post-thumbnail","6":"product_cat-double-acting-hydraulic-cylinder","7":"product_cat-shield-machine-hydraulic-cylinders","8":"product_tag-hydraulic-cylinder","10":"first","11":"instock","12":"shipping-taxable","13":"product-type-simple"},"amp_enabled":true,"_links":{"self":[{"href":"https:\/\/www.hydraulic-cylinders.net\/tr\/wp-json\/wp\/v2\/product\/1916","targetHints":{"allow":["GET"]}}],"collection":[{"href":"https:\/\/www.hydraulic-cylinders.net\/tr\/wp-json\/wp\/v2\/product"}],"about":[{"href":"https:\/\/www.hydraulic-cylinders.net\/tr\/wp-json\/wp\/v2\/types\/product"}],"replies":[{"embeddable":true,"href":"https:\/\/www.hydraulic-cylinders.net\/tr\/wp-json\/wp\/v2\/comments?post=1916"}],"wp:featuredmedia":[{"embeddable":true,"href":"https:\/\/www.hydraulic-cylinders.net\/tr\/wp-json\/wp\/v2\/media\/1918"}],"wp:attachment":[{"href":"https:\/\/www.hydraulic-cylinders.net\/tr\/wp-json\/wp\/v2\/media?parent=1916"}],"wp:term":[{"taxonomy":"product_brand","embeddable":true,"href":"https:\/\/www.hydraulic-cylinders.net\/tr\/wp-json\/wp\/v2\/product_brand?post=1916"},{"taxonomy":"product_cat","embeddable":true,"href":"https:\/\/www.hydraulic-cylinders.net\/tr\/wp-json\/wp\/v2\/product_cat?post=1916"},{"taxonomy":"product_tag","embeddable":true,"href":"https:\/\/www.hydraulic-cylinders.net\/tr\/wp-json\/wp\/v2\/product_tag?post=1916"}],"curies":[{"name":"wp","href":"https:\/\/api.w.org\/{rel}","templated":true}]}}