{"id":19169,"date":"2025-04-07T06:16:18","date_gmt":"2025-04-07T06:16:18","guid":{"rendered":"https:\/\/www.hydraulic-cylinders.net\/product\/boom-cylinder-for-sany-large-excavator-sy285cq\/"},"modified":"2025-04-07T06:16:20","modified_gmt":"2025-04-07T06:16:20","slug":"boom-cylinder-for-sany-large-excavator-sy285cq","status":"publish","type":"product","link":"https:\/\/www.hydraulic-cylinders.net\/tr\/urun\/boom-cylinder-for-sany-large-excavator-sy285cq\/","title":{"rendered":"Sany SY285CQ B\u00fcy\u00fck Ekskavat\u00f6r \u0130\u00e7in Bom Silindiri"},"content":{"rendered":"<h1>Sany SY285CQ B\u00fcy\u00fck Ekskavat\u00f6r \u0130\u00e7in Bom Silindiri<\/h1>\n<h2>\u00dcr\u00fcn Genel Bak\u0131\u015f\u0131<\/h2>\n<p>Sany SY285CQ b\u00fcy\u00fck ekskavat\u00f6r i\u00e7in tasarlanm\u0131\u015f bu hidrolik silindir, ekskavat\u00f6r\u00fcn bomunun hareketini kontrol etmek i\u00e7in \u00f6zel olarak \u00fcretilmi\u015ftir. Kep\u00e7enin kald\u0131r\u0131lmas\u0131, indirilmesi ve e\u011filmesi gibi \u00e7e\u015fitli g\u00f6revleri kolayla\u015ft\u0131rarak hidrolik sistemlerde hayati bir rol oynar. Bu hidrolik silindir, a\u011f\u0131r makinelerin \u00e7al\u0131\u015fmas\u0131 i\u00e7in gereklidir ve verimli malzeme ta\u015f\u0131may\u0131 sa\u011flar.<\/p>\n<p>Kep\u00e7e silindiri, zorlu ortamlarda \u00e7al\u0131\u015fmak \u00fczere \u00f6zel olarak \u00fcretilmi\u015f bir hidrolik silindir t\u00fcr\u00fcd\u00fcr. Kep\u00e7enin birden fazla i\u015flevi yerine getirmesini sa\u011flayarak in\u015faat ve kaz\u0131 i\u015flerinde verimlili\u011fi art\u0131r\u0131r. Bu silindirler, g\u00fc\u00e7l\u00fc itme kuvveti ve hassas kontrol sa\u011flamak \u00fczere tasarlanm\u0131\u015ft\u0131r ve bu da onlar\u0131 ekskavat\u00f6rler, beko y\u00fckleyiciler ve \u00f6n y\u00fckleyiciler i\u00e7in hayati bile\u015fenler haline getirir.<\/p>\n<p><img decoding=\"async\" src=\"https:\/\/www.hydraulic-cylinders.net\/wp-content\/uploads\/2025\/04\/songte-company-1.webp\" alt=\"Bom Silindiri G\u00f6r\u00fcnt\u00fcs\u00fc\"><\/p>\n<h2>\u00dcr\u00fcn\u00fcn Ba\u015fl\u0131ca \u00d6zellikleri<\/h2>\n<ul>\n<li><strong>Y\u00fcksek Dayan\u0131kl\u0131l\u0131k ve Dayan\u0131kl\u0131l\u0131k:<\/strong> Y\u00fcksek mukavemetli \u00e7elik veya al\u00fcminyumdan \u00fcretilen bu silindir, y\u00fcksek bas\u0131nca ve a\u011f\u0131r y\u00fcklere dayanabilir, bu da onu zorlu \u00e7al\u0131\u015fma ko\u015fullar\u0131 i\u00e7in uygun hale getirir.<\/li>\n<li><strong>Verimli Hidrolik \u00c7al\u0131\u015fma:<\/strong> Hidrolik ya\u011f\u0131n bas\u0131nc\u0131n\u0131 kullanarak d\u00fczg\u00fcn uzatma ve geri \u00e7ekme hareketi sa\u011flar ve operat\u00f6r komutlar\u0131na h\u0131zl\u0131 yan\u0131t verir.<\/li>\n<li><strong>\u00c7e\u015fitli T\u00fcrler:<\/strong> \u00c7e\u015fitli operasyonel ihtiya\u00e7lar\u0131 kar\u015f\u0131lamak \u00fczere tek y\u00f6nl\u00fc (tek y\u00f6nde \u00e7al\u0131\u015fan) veya \u00e7ift y\u00f6nl\u00fc (iki y\u00f6nde \u00e7al\u0131\u015fan) konfig\u00fcrasyonlarda mevcuttur.<\/li>\n<li><strong>Kompakt Tasar\u0131m:<\/strong> Baz\u0131 modellerde teleskopik tasar\u0131m bulunur; bu sayede d\u0131\u015f boyutlar\u0131 art\u0131rmadan daha fazla uzatma sa\u011flanabilir ve bu \u00f6zellik, alan k\u0131s\u0131tlamas\u0131 olan uygulamalar i\u00e7in uygundur.<\/li>\n<li><strong>Korozyon Direnci:<\/strong> A\u015f\u0131nma direnci ve korozyon korumas\u0131 g\u00f6z \u00f6n\u00fcnde bulundurularak tasarlanan bu silindir, kullan\u0131m \u00f6mr\u00fcn\u00fc uzat\u0131r ve bak\u0131m ihtiyac\u0131n\u0131 azalt\u0131r.<\/li>\n<\/ul>\n<p>Firmam\u0131z bu \u00fcr\u00fcn\u00fc \u00fcretebilecek kapasitede olup, silindirlerimiz mevcut hidrolik silindirlerin yerini m\u00fckemmel bir \u015fekilde alabilir.<\/p>\n<p><img decoding=\"async\" src=\"https:\/\/www.hydraulic-cylinders.net\/wp-content\/uploads\/2025\/04\/songte-cylinder-head-with-all-kinds-excavator-models.webp\" alt=\"Ekskavat\u00f6r Modelleri G\u00f6rseli\"><\/p>\n<h2>Bom Silindirinin Uygulamalar\u0131<\/h2>\n<h3>\u0130n\u015faat Ekipmanlar\u0131<\/h3>\n<p>Ekskavat\u00f6rlerde, bom silindirleri kazma, y\u00fckleme ve toprak veya moloz ta\u015f\u0131ma i\u015flemlerinde hayati \u00f6neme sahiptir. Bomun \u00e7e\u015fitli y\u00fcksekliklere ve a\u00e7\u0131lara ula\u015fmas\u0131n\u0131 sa\u011flayarak operat\u00f6rlerin karma\u015f\u0131k g\u00f6revleri hassasiyetle ger\u00e7ekle\u015ftirmesine olanak tan\u0131rlar. Bu silindirlerin sa\u011flad\u0131\u011f\u0131 hidrolik g\u00fc\u00e7, verimlili\u011fi art\u0131rarak \u015fantiyelerde vazge\u00e7ilmez hale gelmelerini sa\u011flar.<\/p>\n<h3>Tar\u0131m Makinalar\u0131<\/h3>\n<p>\u00d6n y\u00fckleyicilerde, bom silindirleri toprak, saman ve di\u011fer malzemeleri kep\u00e7elemek, kald\u0131rmak ve ta\u015f\u0131mak i\u00e7in kullan\u0131l\u0131r. G\u00fc\u00e7l\u00fc \u00e7al\u0131\u015fma prensipleri, \u00e7ift\u00e7ilerin malzemeleri kamyonlara y\u00fcklemekten tarlalar\u0131 temizlemeye kadar tar\u0131msal i\u015fleri verimli bir \u015fekilde y\u00f6netmelerini sa\u011flar. Bu silindirlerin \u00e7ok y\u00f6nl\u00fcl\u00fc\u011f\u00fc, \u00e7e\u015fitli tar\u0131msal uygulamalar\u0131 destekleyerek verimlili\u011fi art\u0131r\u0131r.<\/p>\n<h3>Ekskavat\u00f6rler<\/h3>\n<p>Kaz\u0131c\u0131 makinelerde, kep\u00e7enin topra\u011fa n\u00fcfuz ederek etkili kaz\u0131 yapmas\u0131n\u0131 sa\u011flayan bom silindiri hayati \u00f6nem ta\u015f\u0131r. Bu \u00f6zellik, hendek a\u00e7ma ve saha haz\u0131rl\u0131\u011f\u0131 i\u00e7in temel olup, operat\u00f6rlerin hedeflerine verimli bir \u015fekilde ula\u015fmalar\u0131n\u0131 sa\u011flar. Hidrolik sistemin tasar\u0131m\u0131, optimum kuvvet sa\u011flayarak kaz\u0131 s\u00fcrecini kolayla\u015ft\u0131r\u0131r.<\/p>\n<h3>Y\u00fckleyiciler<\/h3>\n<p>\u00d6n y\u00fckleyicilerde, bom silindirleri y\u00fcklerin kald\u0131r\u0131lmas\u0131na ve bo\u015falt\u0131lmas\u0131na yard\u0131mc\u0131 olarak malzemelerin etkili bir \u015fekilde ta\u015f\u0131nmas\u0131n\u0131 sa\u011flar. G\u00fc\u00e7l\u00fc hidrolik kapasiteleri, in\u015faat ve malzeme ta\u015f\u0131ma sekt\u00f6rleri i\u00e7in hayati \u00f6nem ta\u015f\u0131yan a\u011f\u0131r kald\u0131rma i\u015flerine olanak tan\u0131r. Bu silindirlerin g\u00fcvenilirli\u011fi, sorunsuz \u00e7al\u0131\u015fmaya katk\u0131da bulunur ve genel verimlili\u011fi art\u0131r\u0131r.<\/p>\n<h2>Tasar\u0131m Hususlar\u0131 ve Se\u00e7im Kriterleri<\/h2>\n<h3>Y\u00fck Kapasitesi<\/h3>\n<p>Bom silindiri se\u00e7erken y\u00fck ta\u015f\u0131ma kapasitesi son derece \u00f6nemlidir. Kullan\u0131laca\u011f\u0131 uygulamalar\u0131n \u00f6zel a\u011f\u0131rl\u0131k gereksinimlerini kar\u015f\u0131layabilecek bir silindir se\u00e7mek \u015fartt\u0131r. Yetersiz y\u00fck ta\u015f\u0131ma kapasitesi, felaketle sonu\u00e7lanabilecek ar\u0131zalara ve g\u00fcvenlik tehlikelerine yol a\u00e7abilir. \u00dcreticiler genellikle y\u00fck kapasitelerini belirterek operat\u00f6rlerin makineleri i\u00e7in uygun silindiri se\u00e7melerini sa\u011flarlar.<\/p>\n<h3>S\u0131zd\u0131rmazl\u0131k<\/h3>\n<p>Hidrolik silindirlerde s\u0131v\u0131 s\u0131z\u0131nt\u0131lar\u0131n\u0131 \u00f6nlemek ve bas\u0131nc\u0131 korumak i\u00e7in etkili s\u0131zd\u0131rmazl\u0131k \u00e7ok \u00f6nemlidir. Do\u011fru contalar uzun s\u00fcreli \u00e7al\u0131\u015fma sa\u011flar ve bak\u0131m s\u0131kl\u0131\u011f\u0131n\u0131 azalt\u0131r. Conta malzemeleri, \u00e7evre ve \u00e7al\u0131\u015fma ko\u015fullar\u0131na dayan\u0131kl\u0131 olmalar\u0131 gerekti\u011finden, se\u00e7iminde dikkate al\u0131nmal\u0131d\u0131r. Contalar\u0131n d\u00fczenli olarak incelenmesi ve de\u011fi\u015ftirilmesi performans sorunlar\u0131n\u0131 \u00f6nleyebilir.<\/p>\n<h3>Dayan\u0131kl\u0131l\u0131k<\/h3>\n<p>Hidrolik silindirlerin tasar\u0131m\u0131nda dayan\u0131kl\u0131l\u0131k kritik bir fakt\u00f6rd\u00fcr. Y\u00fcksek bas\u0131n\u00e7 ve a\u015f\u0131nd\u0131r\u0131c\u0131 malzemeler de dahil olmak \u00fczere a\u015f\u0131r\u0131 ko\u015fullara dayanmalar\u0131 gerekir. Yap\u0131m\u0131nda kullan\u0131lan malzemeler a\u015f\u0131nmaya ve korozyona kar\u015f\u0131 diren\u00e7li olmal\u0131d\u0131r. Y\u00fcksek kaliteli silindirlere yat\u0131r\u0131m yapmak, daha uzun kullan\u0131m \u00f6mr\u00fc ve daha az de\u011fi\u015ftirme ihtiyac\u0131 anlam\u0131na gelir ve uzun vadede maliyet tasarrufu sa\u011flar.<\/p>\n<h3>G\u00fcvenlik \u00d6zellikleri<\/h3>\n<p>Hidrolik silindir tasar\u0131m\u0131nda g\u00fcvenlik \u00f6zelliklerinin entegre edilmesi \u00e7ok \u00f6nemlidir. Bunlar aras\u0131nda hem operat\u00f6r\u00fc hem de ekipman\u0131 koruyan bas\u0131n\u00e7 tahliye vanalar\u0131 ve acil durdurma sistemleri yer alabilir. Tasar\u0131mda g\u00fcvenli\u011fe \u00f6ncelik vermek, kazalar\u0131 \u00f6nlemeye ve \u00e7al\u0131\u015fma g\u00fcvenilirli\u011fini art\u0131rmaya yard\u0131mc\u0131 olur.<\/p>\n<h3>Bak\u0131m Eri\u015filebilirli\u011fi<\/h3>\n<p>Hidrolik silindirler i\u00e7in bak\u0131m kolayl\u0131\u011f\u0131 hayati \u00f6nem ta\u015f\u0131r. Tasar\u0131m, kolay inceleme ve onar\u0131mlara olanak sa\u011flamal\u0131d\u0131r. D\u00fczenli bak\u0131m, silindirin \u00f6mr\u00fcn\u00fc uzatmak ve optimum \u00e7al\u0131\u015fmay\u0131 sa\u011flamak i\u00e7in \u00e7ok \u00f6nemlidir. Rutin kontroller i\u00e7in eri\u015filebilirlik, ar\u0131za s\u00fcresini en aza indirebilir ve genel verimlili\u011fi art\u0131rabilir.<\/p>\n<p><img decoding=\"async\" src=\"https:\/\/www.hydraulic-cylinders.net\/wp-content\/uploads\/2025\/04\/songte-oil-pipes-and-spare-parts.webp\" alt=\"Petrol Borular\u0131 ve Yedek Par\u00e7a G\u00f6rseli\"><\/p>\n<h2>Silindirin S\u0131zd\u0131rmazl\u0131\u011f\u0131 ve Ya\u011flanmas\u0131<\/h2>\n<p>Hidrolik silindirler, bas\u0131nc\u0131 korumak ve s\u0131z\u0131nt\u0131lar\u0131 \u00f6nlemek i\u00e7in piston contalar\u0131 ve mil contalar\u0131 da dahil olmak \u00fczere \u00e7e\u015fitli contalar kullan\u0131r. Poli\u00fcretan veya nitril kau\u00e7uk gibi dayan\u0131kl\u0131 malzemelerden yap\u0131lm\u0131\u015f contalar\u0131n se\u00e7ilmesi, uzun \u00f6m\u00fcrl\u00fcl\u00fck i\u00e7in \u00e7ok \u00f6nemlidir. Silindir g\u00f6vdesi ve di\u015fli u\u00e7 y\u00fczeyleri, a\u015f\u0131nma direncini art\u0131rmak i\u00e7in ince bir i\u015flemden ge\u00e7irilir. Sorunsuz \u00e7al\u0131\u015fmay\u0131 sa\u011flamak ve contalar\u0131n ve silindir bile\u015fenlerinin \u00f6mr\u00fcn\u00fc uzatmak i\u00e7in hidrolik ya\u011f ile d\u00fczenli ya\u011flama gereklidir.<\/p>\n<h2>\u00d6nleyici Bak\u0131m \u00d6nlemleri<\/h2>\n<ul>\n<li><strong>D\u00fczenli Denetimler:<\/strong> Olas\u0131 sorunlar\u0131 erken tespit etmek i\u00e7in s\u0131z\u0131nt\u0131lar\u0131, a\u015f\u0131nmay\u0131 ve genel durumu s\u0131k s\u0131k kontrol edin.<\/li>\n<li><strong>Uygun Ya\u011flama:<\/strong> S\u00fcrt\u00fcnmeyi ve a\u015f\u0131nmay\u0131 \u00f6nlemek i\u00e7in silindirin \u00f6nerilen hidrolik ya\u011f ile yeterince ya\u011fland\u0131\u011f\u0131ndan emin olun.<\/li>\n<li><strong>Conta De\u011fi\u015fimi:<\/strong> S\u0131z\u0131nt\u0131lar\u0131 \u00f6nlemek ve silindir verimlili\u011fini korumak i\u00e7in a\u015f\u0131nma belirtileri g\u00f6r\u00fcld\u00fc\u011f\u00fcnde contalar\u0131 de\u011fi\u015ftirin.<\/li>\n<\/ul>\n<h2>Kurulum Talimatlar\u0131<\/h2>\n<p>Bom silindirini takarken, gereksiz gerilimi \u00f6nlemek i\u00e7in silindiri montaj noktalar\u0131yla do\u011fru bir \u015fekilde hizalamak \u00e7ok \u00f6nemlidir. Silindiri sa\u011flam bir \u015fekilde sabitlemek i\u00e7in uygun montaj braketleri kullan\u0131n. S\u0131z\u0131nt\u0131lar\u0131 \u00f6nlemek i\u00e7in t\u00fcm hidrolik ba\u011flant\u0131lar\u0131n s\u0131k\u0131 oldu\u011fundan emin olun. Kurulumdan sonra, d\u00fczenli kullan\u0131mdan \u00f6nce do\u011fru \u00e7al\u0131\u015fmay\u0131 do\u011frulamak i\u00e7in kapsaml\u0131 bir test yap\u0131n. Optimum performans sa\u011flamak i\u00e7in \u00e7al\u0131\u015fma \u00f6zellikleriyle uyumlu olacak \u015fekilde gerekli ayarlar\u0131 yap\u0131n.<\/p>\n<h2>Yayg\u0131n Bak\u0131m G\u00f6revleri<\/h2>\n<ul>\n<li><strong>D\u00fczenli Kontroller:<\/strong> Silindirin durumunu de\u011ferlendirmek ve sorunlar b\u00fcy\u00fcmeden \u00f6nce tespit etmek i\u00e7in d\u00fczenli kontroller planlay\u0131n. Bu, s\u0131z\u0131nt\u0131lar\u0131 kontrol etmeyi, contalar\u0131 incelemeyi ve hidrolik bas\u0131nc\u0131 test etmeyi i\u00e7erir.<\/li>\n<li><strong>Uygun Ya\u011flama:<\/strong> A\u015f\u0131nmay\u0131 en aza indirmek i\u00e7in d\u00fczenli ya\u011flama \u00e7ok \u00f6nemlidir. \u00dcreticinin \u00f6nerdi\u011fi hidrolik ya\u011f\u0131 kullan\u0131n ve silindirin t\u00fcm hareketli par\u00e7alar\u0131na uyguland\u0131\u011f\u0131ndan emin olun. Bu bak\u0131m i\u015flemi, \u00e7al\u0131\u015fma verimlili\u011fini korumaya ve erken a\u015f\u0131nmay\u0131 \u00f6nlemeye yard\u0131mc\u0131 olur.<\/li>\n<li><strong>Conta De\u011fi\u015fimi:<\/strong> Contalar\u0131n de\u011fi\u015ftirilmesi, a\u015f\u0131nman\u0131n ilk belirtisinde yap\u0131lmal\u0131d\u0131r. Bu i\u015flem, hidrolik sistemin b\u00fct\u00fcnl\u00fc\u011f\u00fcn\u00fcn korunmas\u0131n\u0131 ve s\u0131v\u0131 s\u0131z\u0131nt\u0131s\u0131n\u0131n \u00f6nlenmesini sa\u011flar. Yedek contalar\u0131n el alt\u0131nda bulundurulmas\u0131, h\u0131zl\u0131 de\u011fi\u015fimleri kolayla\u015ft\u0131r\u0131r ve ar\u0131za s\u00fcresini en aza indirir.<\/li>\n<\/ul>\n<p>Montaj s\u0131ras\u0131nda silindirin do\u011fru hizalanmas\u0131 hayati \u00f6nem ta\u015f\u0131r. Silindiri sabitlemek ve mekanik ar\u0131zaya yol a\u00e7abilecek yanl\u0131\u015f hizalamay\u0131 \u00f6nlemek i\u00e7in uygun montaj braketleri kullan\u0131n. Silindirin \u00f6mr\u00fcn\u00fc uzatmak ve verimli \u00e7al\u0131\u015fmas\u0131n\u0131 sa\u011flamak i\u00e7in a\u015f\u0131nm\u0131\u015f par\u00e7alar\u0131 d\u00fczenli olarak kontrol edin ve de\u011fi\u015ftirin.<\/p>\n<p><img decoding=\"async\" src=\"https:\/\/www.hydraulic-cylinders.net\/wp-content\/uploads\/2025\/04\/songte-chushion-collar.webp\" alt=\"Chushion Yaka G\u00f6rseli\"><\/p>\n<h2>G\u00fcvenlik Hususlar\u0131 ve \u00c7evresel Fakt\u00f6rler<\/h2>\n<p>Hidrolik silindirlerin \u00e7al\u0131\u015ft\u0131r\u0131lmas\u0131nda g\u00fcvenlik \u00f6nlemleri \u00e7ok \u00f6nemlidir. Operat\u00f6rler potansiyel tehlikeleri tan\u0131mak ve g\u00fcvenlik protokollerine uymak konusunda e\u011fitilmelidir. Hidrolik sistemlerin do\u011fru kullan\u0131m\u0131 ve d\u00fczenli bak\u0131m\u0131 kazalar\u0131 \u00f6nlemeye yard\u0131mc\u0131 olur. Ayr\u0131ca, s\u0131cakl\u0131k ve d\u0131\u015f etkenlere maruz kalma gibi \u00e7evresel fakt\u00f6rler silindir performans\u0131n\u0131 etkileyebilir. Operat\u00f6rler, silindirlerin uzun \u00f6m\u00fcrl\u00fcl\u00fc\u011f\u00fcn\u00fc ve verimlili\u011fini korumak i\u00e7in belirtilen \u00e7evresel ko\u015fullar i\u00e7inde \u00e7al\u0131\u015ft\u0131r\u0131ld\u0131\u011f\u0131ndan emin olmal\u0131d\u0131r.<\/p>\n<h2>Ar\u0131za Te\u015fhisi ve Yayg\u0131n Sorunlar<\/h2>\n<ul>\n<li><strong>S\u0131z\u0131nt\u0131:<\/strong> Hidrolik silindirlerde en s\u0131k kar\u015f\u0131la\u015f\u0131lan sorunlardan biri s\u0131z\u0131nt\u0131d\u0131r. Bu s\u0131z\u0131nt\u0131, a\u015f\u0131nm\u0131\u015f contalardan veya yanl\u0131\u015f montajdan kaynaklanabilir. S\u0131z\u0131nt\u0131n\u0131n kayna\u011f\u0131n\u0131 zaman\u0131nda tespit etmek, daha fazla hasar\u0131 \u00f6nleyebilir.<\/li>\n<li><strong>Yava\u015f Tepki:<\/strong> Tepki gecikmesi, hidrolik s\u0131v\u0131 seviyesinin d\u00fc\u015f\u00fck oldu\u011funu veya sistemde hava bulundu\u011funu g\u00f6sterebilir. S\u0131v\u0131 seviyelerinin d\u00fczenli olarak kontrol edilmesi ve sistemin havas\u0131n\u0131n al\u0131nmas\u0131 bu sorunun \u00e7\u00f6z\u00fclmesine yard\u0131mc\u0131 olabilir.<\/li>\n<li><strong>Dengesiz Hareket:<\/strong> Silindirin d\u00fczensiz hareket etmesi, hidrolik hatlardaki t\u0131kan\u0131kl\u0131klardan veya engellerden kaynaklan\u0131yor olabilir. Hidrolik hatlar\u0131n incelenmesi ve temizlenmesi, d\u00fczg\u00fcn \u00e7al\u0131\u015fmay\u0131 yeniden sa\u011flayabilir.<\/li>\n<\/ul>\n<h2>Sorun Giderme \u0130pu\u00e7lar\u0131 ve \u00c7\u00f6z\u00fcmleri<\/h2>\n<p>Hidrolik silindir sorunlar\u0131n\u0131 etkili bir \u015fekilde te\u015fhis etmek ve gidermek i\u00e7in operat\u00f6rler d\u00fczenli olarak s\u0131z\u0131nt\u0131lar\u0131 kontrol etmeli ve s\u0131v\u0131 seviyelerinin uygun oldu\u011fundan emin olmal\u0131d\u0131r. Hidrolik sistemin temiz ve t\u0131kan\u0131kl\u0131klardan ar\u0131nd\u0131r\u0131lm\u0131\u015f olmas\u0131, d\u00fczensiz hareketleri \u00f6nleyebilir. Rutin bak\u0131m ve denetimler gibi \u00f6nleyici tedbirlerin uygulanmas\u0131, potansiyel sorunlar\u0131 azaltabilir ve hidrolik sistemin genel verimlili\u011fini art\u0131rabilir.<\/p>\n<p><img decoding=\"async\" src=\"https:\/\/www.hydraulic-cylinders.net\/wp-content\/uploads\/2025\/04\/songte-bushings-with-all-kinds-of-excavator-models.webp\" alt=\"Bur\u00e7lar G\u00f6r\u00fcnt\u00fcs\u00fc\"><\/p>\n<h2>\u015eirket Genel Bak\u0131\u015f\u0131<\/h2>\n<p>Geni\u015f \u00fcr\u00fcn yelpazesiyle yedek hidrolik silindirler \u00fcreten bir firmay\u0131z ve hem yurt i\u00e7i hem de uluslararas\u0131 pazarlarda lider \u00fcretici ve toptanc\u0131 konumunday\u0131z. Kalitede m\u00fckemmelli\u011fe \u00f6nem veriyor ve geli\u015fmi\u015f \u00fcretim y\u00f6netim stratejilerine g\u00fcveniyoruz. \u015eirketimiz, \u00fcretim platformumuzu geli\u015ftirmek ve y\u00fcksek kaliteli \u00fcretim s\u00fcre\u00e7lerini sa\u011flamak i\u00e7in s\u00fcrekli olarak teknolojiye, \u00fcst d\u00fczey \u00fcretim ekipmanlar\u0131na ve profesyonel test sistemlerine yat\u0131r\u0131m yapmaktad\u0131r.<\/p>\n<p>G\u00fc\u00e7l\u00fc yarat\u0131c\u0131 yeteneklerimizle, \u00e7e\u015fitli m\u00fc\u015fteri ihtiya\u00e7lar\u0131n\u0131 kar\u015f\u0131lamak i\u00e7in verimlilik, hassasiyet ve kaliteye \u00f6ncelik veriyoruz. Profesyonel hizmete, uluslararas\u0131 sertifikalara ve \u00f6zelle\u015ftirilmi\u015f \u00e7\u00f6z\u00fcmlere olan ba\u011fl\u0131l\u0131\u011f\u0131m\u0131z bizi di\u011ferlerinden ay\u0131r\u0131yor. Geli\u015fmi\u015f \u00fcretim ekipmanlar\u0131m\u0131z ve sa\u011flam sat\u0131\u015f sonras\u0131 deste\u011fimizle gurur duyuyor, m\u00fc\u015fteri memnuniyetini ve uzun vadeli ortakl\u0131klar\u0131 sa\u011fl\u0131yoruz.<\/p>\n<p><img decoding=\"async\" src=\"https:\/\/www.hydraulic-cylinders.net\/wp-content\/uploads\/2025\/04\/songte-company-4.webp\" alt=\"\u015eirket Genel Bak\u0131\u015f G\u00f6rseli\"><br \/>\n<img decoding=\"async\" src=\"https:\/\/www.hydraulic-cylinders.net\/wp-content\/uploads\/2025\/04\/songte-company-3.webp\" alt=\"\u00dcretim Tesisi G\u00f6r\u00fcnt\u00fcs\u00fc\"><\/p>\n<p>Yazar: lyl<\/p>","protected":false},"excerpt":{"rendered":"<p>Boom Cylinder For Sany Large Excavator SY285CQ Product Overview The Boom Cylinder for Sany Large Excavator SY285CQ is a specialized hydraulic cylinder designed to control the movement of the excavator&#8217;s boom. It plays a crucial role in hydraulic systems by facilitating various tasks such as lifting, lowering, and tilting the bucket. This hydraulic cylinder is [&hellip;]<\/p>","protected":false},"featured_media":17870,"comment_status":"open","ping_status":"closed","template":"","meta":{"_et_pb_use_builder":"","_et_pb_old_content":"","_et_gb_content_width":""},"product_brand":[],"product_cat":[1546],"product_tag":[1547,1496],"class_list":{"0":"post-19169","1":"product","2":"type-product","3":"status-publish","4":"has-post-thumbnail","6":"product_cat-boom-cylinders","7":"product_tag-boom-cylinders","8":"product_tag-hydraulic-cylinders","10":"first","11":"instock","12":"shipping-taxable","13":"product-type-simple"},"amp_enabled":true,"_links":{"self":[{"href":"https:\/\/www.hydraulic-cylinders.net\/tr\/wp-json\/wp\/v2\/product\/19169","targetHints":{"allow":["GET"]}}],"collection":[{"href":"https:\/\/www.hydraulic-cylinders.net\/tr\/wp-json\/wp\/v2\/product"}],"about":[{"href":"https:\/\/www.hydraulic-cylinders.net\/tr\/wp-json\/wp\/v2\/types\/product"}],"replies":[{"embeddable":true,"href":"https:\/\/www.hydraulic-cylinders.net\/tr\/wp-json\/wp\/v2\/comments?post=19169"}],"wp:featuredmedia":[{"embeddable":true,"href":"https:\/\/www.hydraulic-cylinders.net\/tr\/wp-json\/wp\/v2\/media\/17870"}],"wp:attachment":[{"href":"https:\/\/www.hydraulic-cylinders.net\/tr\/wp-json\/wp\/v2\/media?parent=19169"}],"wp:term":[{"taxonomy":"product_brand","embeddable":true,"href":"https:\/\/www.hydraulic-cylinders.net\/tr\/wp-json\/wp\/v2\/product_brand?post=19169"},{"taxonomy":"product_cat","embeddable":true,"href":"https:\/\/www.hydraulic-cylinders.net\/tr\/wp-json\/wp\/v2\/product_cat?post=19169"},{"taxonomy":"product_tag","embeddable":true,"href":"https:\/\/www.hydraulic-cylinders.net\/tr\/wp-json\/wp\/v2\/product_tag?post=19169"}],"curies":[{"name":"wp","href":"https:\/\/api.w.org\/{rel}","templated":true}]}}