{"id":19178,"date":"2025-04-07T06:16:41","date_gmt":"2025-04-07T06:16:41","guid":{"rendered":"https:\/\/www.hydraulic-cylinders.net\/product\/boom-cylinder-for-xcmg-small-excavator-xe15\/"},"modified":"2025-04-07T06:16:44","modified_gmt":"2025-04-07T06:16:44","slug":"boom-cylinder-for-xcmg-small-excavator-xe15","status":"publish","type":"product","link":"https:\/\/www.hydraulic-cylinders.net\/tr\/urun\/boom-cylinder-for-xcmg-small-excavator-xe15\/","title":{"rendered":"XCMG XE15 K\u00fc\u00e7\u00fck Ekskavat\u00f6r \u0130\u00e7in Bom Silindiri"},"content":{"rendered":"<h1>XCMG XE15 K\u00fc\u00e7\u00fck Ekskavat\u00f6r \u0130\u00e7in Bom Silindiri<\/h1>\n<h2>Bom Silindirine Giri\u015f<\/h2>\n<p>Bom silindiri, \u00f6zellikle XCMG XE15 gibi k\u00fc\u00e7\u00fck ekskavat\u00f6rlerde olmak \u00fczere, a\u011f\u0131r makinelerin hidrolik sistemlerinde hayati bir bile\u015fendir. Bu hidrolik silindir, bomun hareketini kontrol etmek, \u00e7e\u015fitli i\u015flemler s\u0131ras\u0131nda etkili bir \u015fekilde kald\u0131rma, indirme ve e\u011fme i\u015flemlerini ger\u00e7ekle\u015ftirmek i\u00e7in \u00f6zel olarak tasarlanm\u0131\u015ft\u0131r. Bu i\u015flemler, malzeme ta\u015f\u0131ma g\u00f6revleri i\u00e7in \u00e7ok \u00f6nemlidir ve bu nedenle bom silindiri, ekskavat\u00f6rlerin, kaz\u0131c\u0131lar\u0131n ve \u00f6n y\u00fckleyicilerin i\u015flevselli\u011finde kritik bir unsurdur.<\/p>\n<p><img decoding=\"async\" src=\"https:\/\/www.hydraulic-cylinders.net\/wp-content\/uploads\/2025\/04\/songte-company-1.webp\" alt=\"Bom Silindiri\" \/><\/p>\n<h3>Bom Silindirlerinin Fonksiyonu ve Uygulamalar\u0131<\/h3>\n<p>Bom silindiri, makine taraf\u0131ndan \u00fcretilen hidrolik bas\u0131n\u00e7la \u00e7al\u0131\u015fan bir hidrolik silindir t\u00fcr\u00fcd\u00fcr. Kaz\u0131 ekipman\u0131n\u0131n kazma, kald\u0131rma ve malzeme ta\u015f\u0131ma gibi g\u00f6revleri hassas bir \u015fekilde ger\u00e7ekle\u015ftirmesini sa\u011flar. Hidrolik sistem, bas\u0131n\u00e7 alt\u0131ndaki s\u0131v\u0131n\u0131n kuvvetini kullanarak d\u00fczg\u00fcn ve g\u00fc\u00e7l\u00fc hareketler elde eder ve bu da onu a\u011f\u0131r hizmet uygulamalar\u0131 i\u00e7in uygun hale getirir.<\/p>\n<h2>Bom Silindirinin \u00d6zellikleri<\/h2>\n<ul>\n<li><strong>Y\u00fcksek Dayan\u0131kl\u0131l\u0131k ve Dayan\u0131kl\u0131l\u0131k:<\/strong> Y\u00fcksek mukavemetli \u00e7elik veya al\u00fcminyumdan \u00fcretilen bu silindirler, y\u00fcksek bas\u0131nca ve a\u011f\u0131r y\u00fcklere dayanabilir, bu da onlar\u0131 zorlu \u00e7al\u0131\u015fma ortamlar\u0131 i\u00e7in uygun hale getirir.<\/li>\n<li><strong>Verimli Hidrolik \u00c7al\u0131\u015fma:<\/strong> Bu tasar\u0131m, karma\u015f\u0131k operasyonel g\u00f6revler i\u00e7in gerekli olan g\u00fc\u00e7l\u00fc itme ve \u00e7ekme kuvvetlerini sa\u011flayan, sorunsuz ve h\u0131zl\u0131 tepki veren hidrolik hareketlere olanak tan\u0131r.<\/li>\n<li><strong>\u00c7e\u015fitli T\u00fcrler:<\/strong> Tek ve \u00e7ift etkili se\u00e7enekleri bulunan bu \u00fcr\u00fcnler, kullan\u0131c\u0131lar\u0131n operasyonel ihtiya\u00e7lar\u0131na g\u00f6re se\u00e7im yapmalar\u0131na olanak tan\u0131r; baz\u0131 modellerde ise daha uzun eri\u015fim i\u00e7in teleskopik tasar\u0131mlar mevcuttur.<\/li>\n<li><strong>Bak\u0131m\u0131 Kolay:<\/strong> Kolay inceleme ve bak\u0131m imkan\u0131 sa\u011flayacak \u015fekilde tasarlanm\u0131\u015ft\u0131r, b\u00f6ylece makinelerin \u00f6mr\u00fc uzar ve ar\u0131za s\u00fcreleri azal\u0131r.<\/li>\n<li><strong>Korozyon Direnci:<\/strong> Korozyona dayan\u0131kl\u0131 malzemelerden \u00fcretilen bu silindir, \u00e7e\u015fitli \u00e7evre ko\u015fullar\u0131nda kullan\u0131m \u00f6mr\u00fcn\u00fc ve g\u00fcvenilirli\u011fini art\u0131r\u0131r.<\/li>\n<\/ul>\n<h2>\u00dcretim Yeteneklerimiz<\/h2>\n<p>Mevcut hidrolik silindirlerin yerini m\u00fckemmel \u015fekilde alan y\u00fcksek kaliteli bom silindirleri \u00fcretme konusunda uzmanla\u015fm\u0131\u015f bulunuyoruz. \u00dcr\u00fcnlerimiz, end\u00fcstri standartlar\u0131n\u0131 kar\u015f\u0131layacak \u015fekilde hassasiyetle tasarlanm\u0131\u015ft\u0131r.<\/p>\n<p><img decoding=\"async\" src=\"https:\/\/www.hydraulic-cylinders.net\/wp-content\/uploads\/2025\/04\/songte-cylinder-head-with-all-kinds-excavator-models.webp\" alt=\"Hidrolik Silindir \u00dcretimi\" \/><\/p>\n<h2>Uygulama Senaryolar\u0131<\/h2>\n<h3>\u0130n\u015faat Ekipmanlar\u0131<\/h3>\n<p>Ekskavat\u00f6rlerde, bom silindirleri toprak veya moloz kazma, y\u00fckleme ve ta\u015f\u0131ma i\u015flemlerinde kritik bir rol oynar. Bomun etkili bir \u015fekilde manevra yapabilmesi i\u00e7in gerekli g\u00fcc\u00fc ve kontrol\u00fc sa\u011flarlar. Kaz\u0131c\u0131 y\u00fckleyicilerde ise bom silindirleri sadece kaz\u0131 i\u015flerinde de\u011fil, a\u011f\u0131r y\u00fcklerin kald\u0131r\u0131lmas\u0131nda da yard\u0131mc\u0131 olarak in\u015faat uygulamalar\u0131ndaki \u00e7ok y\u00f6nl\u00fcl\u00fcklerini g\u00f6sterirler.<\/p>\n<h3>Tar\u0131m Makinalar\u0131<\/h3>\n<p>\u00d6n y\u00fckleyicilerde, bom silindirleri toprak, saman ve di\u011fer tar\u0131m \u00fcr\u00fcnleri de dahil olmak \u00fczere \u00e7e\u015fitli malzemeleri kep\u00e7elemek, kald\u0131rmak ve ta\u015f\u0131mak i\u00e7in kullan\u0131l\u0131r. G\u00fc\u00e7l\u00fc kald\u0131rma kapasiteleri, verimlilik ve hassasiyetin \u00e7ok \u00f6nemli oldu\u011fu tar\u0131m operasyonlar\u0131nda onlar\u0131 vazge\u00e7ilmez k\u0131lar.<\/p>\n<h3>Ekskavat\u00f6rler<\/h3>\n<p>Standart ekskavat\u00f6rlerde, bom silindirleri kep\u00e7enin zemine etkili bir \u015fekilde n\u00fcfuz etmesini sa\u011flar. Bu i\u015flev, kaz\u0131 i\u015flemleri i\u00e7in \u00e7ok \u00f6nemlidir ve \u00f6nemli bir \u00e7aba harcamadan daha derin kaz\u0131 yap\u0131lmas\u0131na olanak tan\u0131r. Hidrolik hareket, kep\u00e7enin hassas bir \u015fekilde kontrol edilmesini sa\u011flayarak \u015fantiyelerde verimlili\u011fi art\u0131r\u0131r.<\/p>\n<h3>Y\u00fckleyiciler<\/h3>\n<p>\u00d6n y\u00fckleyicilerde, bom silindirleri malzemelerin verimli bir \u015fekilde kald\u0131r\u0131lmas\u0131na ve bo\u015falt\u0131lmas\u0131na yard\u0131mc\u0131 olur. A\u011f\u0131r y\u00fckleri ta\u015f\u0131mak i\u00e7in gerekli g\u00fcc\u00fc sa\u011flayarak, kamyon y\u00fckleme veya malzeme ta\u015f\u0131ma gibi i\u015flemlerin kolay ve verimli bir \u015fekilde ger\u00e7ekle\u015ftirilmesini sa\u011flarlar.<\/p>\n<h2>Tasar\u0131m Hususlar\u0131<\/h2>\n<h3>Y\u00fck Kapasitesi<\/h3>\n<p>Bom silindirlerinin tasar\u0131m\u0131nda y\u00fck ta\u015f\u0131ma kapasitesi \u00f6ncelikli bir husustur. Silindir, yap\u0131sal b\u00fct\u00fcnl\u00fc\u011f\u00fcnden \u00f6d\u00fcn vermeden maksimum y\u00fck\u00fc kald\u0131rabilmelidir. Bu, kullan\u0131lan malzemelerin \u00e7al\u0131\u015fma gerilimlerine dayanabilece\u011finden emin olmak i\u00e7in detayl\u0131 hesaplamalar ve testler gerektirir.<\/p>\n<h3>S\u0131zd\u0131rmazl\u0131k<\/h3>\n<p>Etkili s\u0131zd\u0131rmazl\u0131k, \u00f6nemli i\u015fletme ar\u0131zalar\u0131na neden olabilecek hidrolik s\u0131v\u0131 s\u0131z\u0131nt\u0131lar\u0131n\u0131 \u00f6nlemek i\u00e7in \u00e7ok \u00f6nemlidir. S\u0131zd\u0131rmazl\u0131k elemanlar\u0131, uzun \u00f6m\u00fcr ve g\u00fcvenilirlik sa\u011flamak i\u00e7in y\u00fcksek kaliteli malzemeler kullan\u0131larak, \u00e7al\u0131\u015fma ortam\u0131na ve s\u0131v\u0131 t\u00fcr\u00fcne g\u00f6re se\u00e7ilmelidir.<\/p>\n<h3>Dayan\u0131kl\u0131l\u0131k<\/h3>\n<p>Dayan\u0131kl\u0131l\u0131k da bir di\u011fer \u00f6nemli fakt\u00f6rd\u00fcr, \u00e7\u00fcnk\u00fc bom silindirleri genellikle zorlu ko\u015fullarda \u00e7al\u0131\u015f\u0131r. Tasar\u0131m, a\u015f\u0131nma ve y\u0131pranmay\u0131 hesaba katmal\u0131 ve a\u015f\u0131nmaya ve korozyona kar\u015f\u0131 direnci art\u0131ran, b\u00f6ylece \u00fcr\u00fcn\u00fcn \u00f6mr\u00fcn\u00fc uzatan i\u015flemler ve kaplamalar kullanmal\u0131d\u0131r.<\/p>\n<h3>G\u00fcvenlik \u00d6zellikleri<\/h3>\n<p>Hem ekipman\u0131 hem de operat\u00f6r\u00fc korumak i\u00e7in g\u00fcvenlik \u00f6zelliklerinin entegre edilmesi \u015fartt\u0131r. Bu, a\u015f\u0131r\u0131 y\u00fcklenmeyi \u00f6nlemek ve her ko\u015fulda g\u00fcvenli \u00e7al\u0131\u015fmay\u0131 sa\u011flamak i\u00e7in emniyet valfleri ve bas\u0131n\u00e7 tahliye mekanizmalar\u0131n\u0131 i\u00e7erir.<\/p>\n<h3>Bak\u0131m kolayl\u0131\u011f\u0131<\/h3>\n<p>Bak\u0131m kolayl\u0131\u011f\u0131na y\u00f6nelik tasar\u0131m, operat\u00f6rlerin bom silindirine kolayca eri\u015febilmesini ve bak\u0131m\u0131n\u0131 yapabilmesini sa\u011flar. Bu, bile\u015fenin kolay ya\u011flama, inceleme ve par\u00e7a de\u011fi\u015fimine uygun \u015fekilde tasarlanmas\u0131n\u0131 i\u00e7erir; b\u00f6ylece ar\u0131za s\u00fcresi ve bak\u0131m maliyetleri azal\u0131r.<\/p>\n<p><img decoding=\"async\" src=\"https:\/\/www.hydraulic-cylinders.net\/wp-content\/uploads\/2025\/04\/songte-oil-pipes-and-spare-parts.webp\" alt=\"Hidrolik Bile\u015fenler\" \/><\/p>\n<h2>S\u0131zd\u0131rmazl\u0131k ve Ya\u011flama<\/h2>\n<p>Bom silindirlerinin verimlili\u011fini ve uzun \u00f6mr\u00fcn\u00fc korumak i\u00e7in uygun s\u0131zd\u0131rmazl\u0131k ve ya\u011flama hayati \u00f6nem ta\u015f\u0131r. Piston contalar\u0131 ve mil contalar\u0131 gibi \u00e7e\u015fitli s\u0131zd\u0131rmazl\u0131k bile\u015fenleri, hidrolik s\u0131v\u0131 s\u0131z\u0131nt\u0131lar\u0131n\u0131 \u00f6nlemede \u00e7ok \u00f6nemlidir. A\u015f\u0131nmaya dayan\u0131kl\u0131 \u00f6zellikleri nedeniyle poli\u00fcretan ve nitril kau\u00e7uk gibi malzemeler yayg\u0131n olarak kullan\u0131l\u0131r. Ayr\u0131ca, silindir g\u00f6vdesi ve di\u015fli u\u00e7lar, dayan\u0131kl\u0131l\u0131\u011f\u0131 art\u0131rmak ve s\u00fcrt\u00fcnmeyi azaltmak i\u00e7in hassas i\u015fleme s\u00fcre\u00e7lerinden ge\u00e7er. Sorunsuz \u00e7al\u0131\u015fmay\u0131 s\u00fcrd\u00fcrmek ve a\u015f\u0131nmay\u0131 \u00f6nlemek i\u00e7in hidrolik ya\u011f ile d\u00fczenli ya\u011flama gereklidir.<\/p>\n<h2>\u00d6nleyici Bak\u0131m \u00d6nlemleri<\/h2>\n<ul>\n<li><strong>D\u00fczenli Denetimler:<\/strong> T\u00fcm bile\u015fenlerin do\u011fru \u015fekilde \u00e7al\u0131\u015ft\u0131\u011f\u0131ndan emin olmak i\u00e7in d\u00fczenli kontroller yapmak, potansiyel sorunlar\u0131n b\u00fcy\u00fcmeden \u00f6nce belirlenmesine yard\u0131mc\u0131 olur.<\/li>\n<li><strong>Ya\u011flama:<\/strong> Hidrolik sistemin yeterince ya\u011flanmas\u0131, a\u015f\u0131nmay\u0131 \u00f6nler ve silindirin \u00e7al\u0131\u015fma verimlili\u011fini art\u0131r\u0131r.<\/li>\n<li><strong>Conta De\u011fi\u015fimi:<\/strong> Contalar\u0131n d\u00fczenli olarak de\u011fi\u015ftirilmesi s\u0131z\u0131nt\u0131lar\u0131 \u00f6nleyebilir ve hidrolik bas\u0131nc\u0131 koruyarak tutarl\u0131 performans sa\u011flayabilir.<\/li>\n<\/ul>\n<h2>Kurulum Talimatlar\u0131<\/h2>\n<p>Bom silindirinin montaj\u0131, optimum performans sa\u011flamak i\u00e7in ayr\u0131nt\u0131lara dikkat edilmesini gerektirir. Silindiri montaj braketleriyle do\u011fru \u015fekilde hizalayarak, d\u00fcz ve g\u00fcvenli oldu\u011fundan emin olun. Silindiri yerinde tutmak i\u00e7in uygun montaj aparatlar\u0131 kullanmak \u00e7ok \u00f6nemlidir. T\u00fcm hidrolik ba\u011flant\u0131lar\u0131n s\u0131zd\u0131rmaz oldu\u011fundan ve sistemin do\u011fru tipte hidrolik s\u0131v\u0131 ile dolduruldu\u011fundan emin olun. Montajdan sonra, silindirin y\u00fck alt\u0131nda do\u011fru \u015fekilde \u00e7al\u0131\u015ft\u0131\u011f\u0131n\u0131 do\u011frulamak i\u00e7in bir dizi test i\u015flemi ger\u00e7ekle\u015ftirin.<\/p>\n<h2>Bak\u0131m G\u00f6revleri<\/h2>\n<ul>\n<li><strong>D\u00fczenli Denetimler:<\/strong> A\u015f\u0131nma veya hasar belirtilerini erken tespit etmek i\u00e7in s\u0131k s\u0131k kontroller planlay\u0131n. Bu proaktif yakla\u015f\u0131m, zaman\u0131nda onar\u0131mlar yap\u0131lmas\u0131n\u0131 sa\u011flayarak ar\u0131za riskini en aza indirir.<\/li>\n<li><strong>Uygun Ya\u011flama:<\/strong> Silindirin performans\u0131n\u0131 korumak ve erken a\u015f\u0131nmay\u0131 \u00f6nlemek i\u00e7in, \u00f6nerilen aral\u0131klarla ve belirtilen hidrolik ya\u011f kullan\u0131larak ya\u011flama i\u015fleminin yap\u0131ld\u0131\u011f\u0131ndan emin olun. Bu ad\u0131m \u00e7ok \u00f6nemlidir.<\/li>\n<li><strong>Conta De\u011fi\u015fimi:<\/strong> Contalarda a\u015f\u0131nma veya s\u0131z\u0131nt\u0131 belirtileri olup olmad\u0131\u011f\u0131n\u0131 kontrol edin. Hidrolik b\u00fct\u00fcnl\u00fc\u011f\u00fcn ve \u00e7al\u0131\u015fma verimlili\u011finin korunmas\u0131 i\u00e7in contalar\u0131n d\u00fczenli olarak de\u011fi\u015ftirilmesi \u015fartt\u0131r.<\/li>\n<\/ul>\n<h2>G\u00fcvenlik Hususlar\u0131 ve \u00c7evresel Fakt\u00f6rler<\/h2>\n<p>Hidrolik sistemlerle \u00e7al\u0131\u015f\u0131rken g\u00fcvenlik \u00f6nlemleri son derece \u00f6nemlidir. Kazalar\u0131 \u00f6nlemek i\u00e7in operat\u00f6rler hidrolik ekipmanlar\u0131n do\u011fru kullan\u0131m\u0131 konusunda e\u011fitilmelidir. Ayr\u0131ca, ar\u0131zalar\u0131 \u00f6nlemek i\u00e7in bom silindirlerinin tasar\u0131m\u0131nda ve kullan\u0131m\u0131nda a\u015f\u0131r\u0131 s\u0131cakl\u0131klara veya a\u015f\u0131nd\u0131r\u0131c\u0131 maddelere maruz kalma gibi \u00e7evresel fakt\u00f6rler de dikkate al\u0131nmal\u0131d\u0131r.<\/p>\n<h2>Sorun Giderme ve Yayg\u0131n Sorunlar<\/h2>\n<ul>\n<li><strong>Hidrolik Bas\u0131n\u00e7 Kayb\u0131:<\/strong> Bu durum hidrolik sistemde bir s\u0131z\u0131nt\u0131ya veya pompa ar\u0131zas\u0131na i\u015faret edebilir. D\u00fczenli kontroller ve onar\u0131mlar bu sorunun \u00f6nlenmesine yard\u0131mc\u0131 olabilir.<\/li>\n<li><strong>Yava\u015f \u00c7al\u0131\u015fma:<\/strong> Bom silindiri yava\u015f \u00e7al\u0131\u015f\u0131yorsa, bunun nedeni yetersiz hidrolik s\u0131v\u0131s\u0131 veya hatlarda bir t\u0131kan\u0131kl\u0131k olabilir. S\u0131v\u0131 seviyelerini ve hatlar\u0131 kontrol etmek bu sorunu \u00e7\u00f6zmeye yard\u0131mc\u0131 olabilir.<\/li>\n<li><strong>Al\u0131\u015f\u0131lmad\u0131k Sesler:<\/strong> Sesler, i\u00e7 a\u015f\u0131nmay\u0131 veya ya\u011flama ihtiyac\u0131n\u0131 g\u00f6sterebilir. Daha fazla hasar\u0131 \u00f6nlemek i\u00e7in derhal inceleme ve bak\u0131m yap\u0131lmas\u0131 \u00f6nerilir.<\/li>\n<\/ul>\n<h2>Ar\u0131za Y\u00f6netimi \u0130pu\u00e7lar\u0131<\/h2>\n<p>Sorunlar\u0131 etkili bir \u015fekilde te\u015fhis etmek ve gidermek i\u00e7in operat\u00f6rler, ekipman\u0131n performans\u0131na ili\u015fkin ayr\u0131nt\u0131l\u0131 kay\u0131tlar tutmal\u0131d\u0131r. Sorunlardaki kal\u0131plar\u0131 belirlemek, ar\u0131za gidermeye yard\u0131mc\u0131 olabilir. Operasyonel prosed\u00fcrler ve bak\u0131m konusunda d\u00fczenli e\u011fitim, sorunlar\u0131 daha da en aza indirebilir. \u00d6nleyici bak\u0131m program\u0131n\u0131n uygulanmas\u0131, potansiyel ar\u0131zalar\u0131 azaltmak ve bom silindirinin \u00f6mr\u00fcn\u00fc uzatmak i\u00e7in hayati \u00f6nem ta\u015f\u0131r.<\/p>\n<p><img decoding=\"async\" src=\"https:\/\/www.hydraulic-cylinders.net\/wp-content\/uploads\/2025\/04\/songte-bushings-with-all-kinds-of-excavator-models.webp\" alt=\"Hidrolik Bile\u015fenler\" \/><\/p>\n<h2>\u015eirket Genel Bak\u0131\u015f\u0131<\/h2>\n<p>Hidrolik silindirlerin \u00f6nde gelen \u00fcreticilerinden biriyiz ve y\u00fcksek kaliteli yedek par\u00e7alar konusunda uzmanla\u015fm\u0131\u015f durumday\u0131z. Kapsaml\u0131 \u00fcr\u00fcn yelpazemiz, bizi hem yurt i\u00e7i hem de uluslararas\u0131 pazarlarda \u00f6nemli bir oyuncu konumuna getirmi\u015ftir. Geli\u015fmi\u015f \u00fcretim s\u00fcre\u00e7leri ve ileri \u00fcretim y\u00f6netim stratejileriyle m\u00fckemmelli\u011fe odaklan\u0131yoruz. Kaliteye olan ba\u011fl\u0131l\u0131\u011f\u0131m\u0131z, y\u00fcksek vas\u0131fl\u0131 personel, son teknoloji \u00fcretim ekipmanlar\u0131 ve titiz test sistemleri kullan\u0131m\u0131yla g\u00fc\u00e7lendirilmektedir. \u00c7e\u015fitli m\u00fc\u015fteri ihtiya\u00e7lar\u0131n\u0131 y\u00fcksek verimlilik, hassasiyet ve kaliteyle kar\u015f\u0131lamaya \u00e7al\u0131\u015f\u0131yoruz.<\/p>\n<p><img decoding=\"async\" src=\"https:\/\/www.hydraulic-cylinders.net\/wp-content\/uploads\/2025\/04\/songte-company-4.webp\" alt=\"\u00dcretim Tesisi\" \/><br \/>\n<img decoding=\"async\" src=\"https:\/\/www.hydraulic-cylinders.net\/wp-content\/uploads\/2025\/04\/songte-company-3.webp\" alt=\"\u00dcretim Ekipmanlar\u0131\" \/><\/p>\n<p>Sundu\u011fumuz hizmetler aras\u0131nda uzmanla\u015fm\u0131\u015f servisler, uluslararas\u0131 sertifikalar ve g\u00fc\u00e7l\u00fc sat\u0131\u015f sonras\u0131 destek yer almaktad\u0131r. M\u00fc\u015fteri memnuniyetine \u00f6ncelik veriyor ve \u00f6zel gereksinimleri kar\u015f\u0131lamak i\u00e7in \u00f6zel \u00e7\u00f6z\u00fcmler sunmaya kendimizi adad\u0131k.<\/p>\n<p>Yazar: lyl<\/p>","protected":false},"excerpt":{"rendered":"<p>Boom Cylinder For XCMG Small Excavator XE15 Introduction to Boom Cylinder The Boom Cylinder is a vital component in the hydraulic systems of heavy machinery, particularly in small excavators like the XCMG XE15. This hydraulic cylinder is specifically designed to control the motion of the boom, enabling it to lift, lower, and tilt effectively during [&hellip;]<\/p>","protected":false},"featured_media":17879,"comment_status":"open","ping_status":"closed","template":"","meta":{"_et_pb_use_builder":"","_et_pb_old_content":"","_et_gb_content_width":""},"product_brand":[],"product_cat":[1546],"product_tag":[1547,1496],"class_list":{"0":"post-19178","1":"product","2":"type-product","3":"status-publish","4":"has-post-thumbnail","6":"product_cat-boom-cylinders","7":"product_tag-boom-cylinders","8":"product_tag-hydraulic-cylinders","10":"first","11":"instock","12":"shipping-taxable","13":"product-type-simple"},"amp_enabled":true,"_links":{"self":[{"href":"https:\/\/www.hydraulic-cylinders.net\/tr\/wp-json\/wp\/v2\/product\/19178","targetHints":{"allow":["GET"]}}],"collection":[{"href":"https:\/\/www.hydraulic-cylinders.net\/tr\/wp-json\/wp\/v2\/product"}],"about":[{"href":"https:\/\/www.hydraulic-cylinders.net\/tr\/wp-json\/wp\/v2\/types\/product"}],"replies":[{"embeddable":true,"href":"https:\/\/www.hydraulic-cylinders.net\/tr\/wp-json\/wp\/v2\/comments?post=19178"}],"wp:featuredmedia":[{"embeddable":true,"href":"https:\/\/www.hydraulic-cylinders.net\/tr\/wp-json\/wp\/v2\/media\/17879"}],"wp:attachment":[{"href":"https:\/\/www.hydraulic-cylinders.net\/tr\/wp-json\/wp\/v2\/media?parent=19178"}],"wp:term":[{"taxonomy":"product_brand","embeddable":true,"href":"https:\/\/www.hydraulic-cylinders.net\/tr\/wp-json\/wp\/v2\/product_brand?post=19178"},{"taxonomy":"product_cat","embeddable":true,"href":"https:\/\/www.hydraulic-cylinders.net\/tr\/wp-json\/wp\/v2\/product_cat?post=19178"},{"taxonomy":"product_tag","embeddable":true,"href":"https:\/\/www.hydraulic-cylinders.net\/tr\/wp-json\/wp\/v2\/product_tag?post=19178"}],"curies":[{"name":"wp","href":"https:\/\/api.w.org\/{rel}","templated":true}]}}