{"id":19184,"date":"2025-04-07T06:17:04","date_gmt":"2025-04-07T06:17:04","guid":{"rendered":"https:\/\/www.hydraulic-cylinders.net\/product\/boom-cylinder-for-xcmg-small-excavator-xe65ca\/"},"modified":"2025-04-07T06:17:06","modified_gmt":"2025-04-07T06:17:06","slug":"boom-cylinder-for-xcmg-small-excavator-xe65ca","status":"publish","type":"product","link":"https:\/\/www.hydraulic-cylinders.net\/tr\/urun\/boom-cylinder-for-xcmg-small-excavator-xe65ca\/","title":{"rendered":"XCMG XE65CA K\u00fc\u00e7\u00fck Ekskavat\u00f6r \u0130\u00e7in Bom Silindiri"},"content":{"rendered":"<h1>XCMG XE65CA K\u00fc\u00e7\u00fck Ekskavat\u00f6r \u0130\u00e7in Bom Silindiri<\/h1>\n<h2>\u00dcr\u00fcn Genel Bak\u0131\u015f\u0131<\/h2>\n<p>The Boom Cylinder for XCMG Small Excavator XE65CA is an essential component in the hydraulic system of excavators. This hydraulic cylinder is specifically designed to control the movement of the boom, allowing it to lift, lower, and tilt. This capability is crucial for various material handling tasks in construction and heavy machinery operations. The boom cylinder plays a vital role in enabling the efficient operation of equipment such as excavators, backhoe loaders, and front-end loaders. By facilitating the precise movement of the boom, this hydraulic cylinder enhances the machine&#8217;s overall performance and productivity.<\/p>\n<p><img decoding=\"async\" src=\"https:\/\/www.hydraulic-cylinders.net\/wp-content\/uploads\/2025\/04\/songte-company-1.webp\" alt=\"Bom Silindiri\"><\/p>\n<h3>Tan\u0131m ve \u0130\u015flevsellik<\/h3>\n<p>Hydraulic cylinders, such as the boom cylinder, are devices that convert hydraulic energy into mechanical energy. They are designed to generate linear motion by utilizing hydraulic fluid&#8217;s pressure. The boom cylinder enables the smooth operation of the excavator&#8217;s boom, allowing operators to perform a range of tasks, including digging, lifting, and moving materials efficiently.<\/p>\n<h2>Bom Silindirinin \u00d6zellikleri<\/h2>\n<ul>\n<li><strong>Y\u00fcksek Dayan\u0131kl\u0131l\u0131k ve Dayan\u0131kl\u0131l\u0131k:<\/strong> Y\u00fcksek mukavemetli \u00e7elik veya al\u00fcminyumdan \u00fcretilen bu silindirler, y\u00fcksek bas\u0131nca ve a\u011f\u0131r y\u00fcklere dayanabilir, bu da onlar\u0131 zorlu \u00e7al\u0131\u015fma ortamlar\u0131 i\u00e7in uygun hale getirir. \u00d6m\u00fcrlerini uzatmak i\u00e7in a\u015f\u0131nma ve korozyon direnci g\u00f6z \u00f6n\u00fcnde bulundurularak tasarlanm\u0131\u015flard\u0131r.<\/li>\n<li><strong>Verimli Hidrolik \u00c7al\u0131\u015fma:<\/strong> Hidrolik ya\u011f bas\u0131nc\u0131n\u0131 kullanan silindir, d\u00fczg\u00fcn uzatma ve geri \u00e7ekme hareketleri sa\u011flayarak kontrol komutlar\u0131na h\u0131zl\u0131 yan\u0131tlar verir ve a\u011f\u0131r ve karma\u015f\u0131k i\u015flerin \u00fcstesinden gelmek i\u00e7in ideal olan g\u00fc\u00e7l\u00fc itme ve \u00e7ekme kuvvetleri sunar.<\/li>\n<li><strong>\u00c7e\u015fitli T\u00fcrler:<\/strong> Kullan\u0131c\u0131lar, operasyonel ihtiya\u00e7lara ba\u011fl\u0131 olarak tek y\u00f6nl\u00fc (tek y\u00f6nde \u00e7al\u0131\u015fan) veya \u00e7ift y\u00f6nl\u00fc (iki y\u00f6nde \u00e7al\u0131\u015fan) silindirler aras\u0131nda se\u00e7im yapabilirler. Baz\u0131 modeller teleskopiktir ve d\u0131\u015f boyutlar\u0131 art\u0131rmadan daha fazla uzatmaya olanak tan\u0131yarak, alan k\u0131s\u0131tlamal\u0131 uygulamalar i\u00e7in uygun hale gelirler.<\/li>\n<li><strong>M\u00fckemmel S\u0131zd\u0131rmazl\u0131k Performans\u0131:<\/strong> S\u0131z\u0131nt\u0131lar\u0131 en aza indirmek ve verimli \u00e7al\u0131\u015fmay\u0131 sa\u011flamak \u00fczere tasarlanan bu silindirler, bas\u0131nc\u0131 ve s\u0131v\u0131 b\u00fct\u00fcnl\u00fc\u011f\u00fcn\u00fc koruyan y\u00fcksek kaliteli contalar kullan\u0131r.<\/li>\n<li><strong>\u00d6zelle\u015ftirilebilir Se\u00e7enekler:<\/strong> Silindirlerimiz, belirli uygulama gereksinimlerini kar\u015f\u0131layacak \u015fekilde \u00f6zelle\u015ftirilebilir ve \u00e7e\u015fitli makinelerde sorunsuz entegrasyon ve performans sa\u011flar.<\/li>\n<\/ul>\n<p><img decoding=\"async\" src=\"https:\/\/www.hydraulic-cylinders.net\/wp-content\/uploads\/2025\/04\/songte-cylinder-head-with-all-kinds-excavator-models.webp\" alt=\"Silindir Kapa\u011f\u0131\"><\/p>\n<h2>Bom Silindirinin Uygulamalar\u0131<\/h2>\n<h3>\u0130n\u015faat Ekipmanlar\u0131<\/h3>\n<p>Ekskavat\u00f6rlerde, bom silindirleri toprak veya moloz kazma, y\u00fckleme ve ta\u015f\u0131ma i\u015flemlerinde hayati \u00f6neme sahiptir. Bomun verimli bir \u015fekilde hareket etmesini sa\u011flayarak operat\u00f6rlerin \u00e7e\u015fitli g\u00f6revleri hassasiyetle yerine getirmesine olanak tan\u0131r. Kaz\u0131c\u0131 y\u00fckleyicilerde ise bom silindiri hem kazma hem de kald\u0131rma i\u015flemlerine yard\u0131mc\u0131 olarak \u015fantiyelerde \u00e7ok y\u00f6nl\u00fcl\u00fc\u011f\u00fc art\u0131r\u0131r.<\/p>\n<h3>Tar\u0131m Makinalar\u0131<\/h3>\n<p>\u00d6n y\u00fckleyicilerde, bom silindirleri toprak, saman ve di\u011fer malzemeleri kep\u00e7eyle almak, kald\u0131rmak ve ta\u015f\u0131maktan sorumludur. De\u011fi\u015fken y\u00fckler alt\u0131nda sorunsuz \u00e7al\u0131\u015fabilme yetenekleri tar\u0131msal i\u015fler i\u00e7in \u00e7ok \u00f6nemlidir ve bu da onlar\u0131 \u00e7ift\u00e7iler ve tar\u0131m m\u00fcteahhitleri i\u00e7in vazge\u00e7ilmez k\u0131lar.<\/p>\n<h3>Kaz\u0131 G\u00f6revleri<\/h3>\n<p>Bom silindiri, ekskavat\u00f6rlerin topra\u011fa etkili bir \u015fekilde n\u00fcfuz etmesini sa\u011flayarak verimli kaz\u0131 i\u015flemlerine olanak tan\u0131r. Bu \u00f6zellik, hassas toprak kald\u0131rman\u0131n gerekli oldu\u011fu in\u015faat, peyzaj ve saha haz\u0131rl\u0131\u011f\u0131 gibi alanlarda hayati \u00f6neme sahiptir.<\/p>\n<h3>Y\u00fckleme \u0130\u015flemleri<\/h3>\n<p>\u00d6n y\u00fckleyicilerde, bom silindirleri y\u00fcklerin etkili bir \u015fekilde kald\u0131r\u0131lmas\u0131na ve bo\u015falt\u0131lmas\u0131na yard\u0131mc\u0131 olur. Bu i\u015flevsellik, verimlili\u011fin ve h\u0131z\u0131n \u00e7ok \u00f6nemli oldu\u011fu in\u015faat ve malzeme ta\u015f\u0131ma sekt\u00f6rlerinde \u00f6zellikle \u00f6nemlidir.<\/p>\n<h2>Tasar\u0131m Hususlar\u0131 ve Se\u00e7im Kriterleri<\/h2>\n<h3>Y\u00fck Kapasitesi<\/h3>\n<p>When selecting a boom cylinder, it&#8217;s essential to consider its load capacity, which directly impacts its ability to perform tasks safely and efficiently. The cylinder must be designed to handle the maximum weight it will encounter during operation, ensuring both safety and reliability.<\/p>\n<h3>S\u0131zd\u0131rmazl\u0131k ve Dayan\u0131kl\u0131l\u0131k<\/h3>\n<p>Hidrolik silindir i\u00e7indeki s\u0131zd\u0131rmazl\u0131k sistemi, \u00e7al\u0131\u015fma verimlili\u011finin korunmas\u0131 a\u00e7\u0131s\u0131ndan kritik \u00f6neme sahiptir. Y\u00fcksek kaliteli contalar, performans d\u00fc\u015f\u00fc\u015f\u00fcne ve potansiyel makine ar\u0131zas\u0131na yol a\u00e7abilecek s\u0131v\u0131 s\u0131z\u0131nt\u0131s\u0131n\u0131 \u00f6nler. Bu contalarda kullan\u0131lan malzemelerin ayr\u0131ca zorlu \u00e7al\u0131\u015fma ortamlar\u0131na dayan\u0131kl\u0131 olmas\u0131 ve uzun \u00f6m\u00fcrl\u00fc olmas\u0131 gerekir.<\/p>\n<h3>G\u00fcvenlik \u00d6zellikleri<\/h3>\n<p>Hidrolik sistemlerde g\u00fcvenlik her \u015feyden \u00f6nemlidir. Tasar\u0131m, a\u015f\u0131r\u0131 y\u00fcklenme veya hidrolik ar\u0131zalar nedeniyle kazalar\u0131 \u00f6nlemek i\u00e7in ar\u0131za emniyet mekanizmalar\u0131 ve bas\u0131n\u00e7 tahliye mekanizmalar\u0131n\u0131 i\u00e7ermelidir. Bu g\u00fcvenlik \u00f6zelliklerinin yerinde olmas\u0131 hem operat\u00f6r hem de ekipman g\u00fcvenli\u011fi i\u00e7in hayati \u00f6nem ta\u015f\u0131r.<\/p>\n<h3>Bak\u0131m ve Onar\u0131m<\/h3>\n<p>Bak\u0131m kolayl\u0131\u011f\u0131 da dikkate al\u0131nmas\u0131 gereken bir di\u011fer kritik husustur. Hidrolik silindirler, \u00f6nemli bir ar\u0131za s\u00fcresi gerektirmeden d\u00fczenli bak\u0131m kontrollerine olanak sa\u011flayacak \u015fekilde, kolay inceleme ve servis i\u00e7in tasarlanmal\u0131d\u0131r. Bu husus, ekipman\u0131n \u00f6mr\u00fcn\u00fc ve g\u00fcvenilirli\u011fini art\u0131r\u0131r.<\/p>\n<p><img decoding=\"async\" src=\"https:\/\/www.hydraulic-cylinders.net\/wp-content\/uploads\/2025\/04\/songte-oil-pipes-and-spare-parts.webp\" alt=\"Petrol Borular\u0131 ve Yedek Par\u00e7alar\u0131\"><\/p>\n<h2>Hidrolik Silindirin S\u0131zd\u0131rmazl\u0131\u011f\u0131 ve Ya\u011flanmas\u0131<\/h2>\n<p>Bom silindirlerinin s\u0131zd\u0131rmazl\u0131k sistemi, hidrolik s\u0131v\u0131 b\u00fct\u00fcnl\u00fc\u011f\u00fcn\u00fc korumak i\u00e7in kritik \u00f6neme sahip piston contalar\u0131 ve mil contalar\u0131 gibi \u00e7e\u015fitli s\u0131zd\u0131rmazl\u0131k elemanlar\u0131n\u0131 i\u00e7erir. Poli\u00fcretan ve nitril kau\u00e7uk gibi malzemelerden yap\u0131lan contalar, a\u015f\u0131nmaya dayan\u0131kl\u0131 \u00f6zellikleri nedeniyle se\u00e7ilir. Ayr\u0131ca, silindir g\u00f6vdesi ve di\u015fli u\u00e7 y\u00fczeyleri, a\u015f\u0131nma direncini art\u0131rmak i\u00e7in hassas bir \u015fekilde i\u015flenir. Sorunsuz \u00e7al\u0131\u015fmay\u0131 sa\u011flamak ve contalar\u0131n ve silindirin \u00f6mr\u00fcn\u00fc uzatmak i\u00e7in uygun miktarda hidrolik ya\u011f ile d\u00fczenli ya\u011flama gereklidir.<\/p>\n<h2>\u00d6nleyici Bak\u0131m \u00d6nlemleri<\/h2>\n<ul>\n<li><strong>D\u00fczenli Denetimler:<\/strong> Contalarda, ba\u011flant\u0131 par\u00e7alar\u0131nda ve silindir g\u00f6vdesinde a\u015f\u0131nma ve y\u0131pranmay\u0131 tespit etmek i\u00e7in d\u00fczenli kontroller yap\u0131n. S\u0131z\u0131nt\u0131lar\u0131 ve hasarlar\u0131 d\u00fczenli olarak kontrol etmek, daha fazla bozulmay\u0131 ve maliyetli onar\u0131mlar\u0131 \u00f6nleyebilir.<\/li>\n<li><strong>Uygun Ya\u011flama:<\/strong> S\u00fcrt\u00fcnmeyi ve a\u015f\u0131nmay\u0131 \u00f6nlemek i\u00e7in hidrolik silindirin yeterince ya\u011fland\u0131\u011f\u0131ndan emin olun. Optimum performans\u0131 korumak i\u00e7in yaln\u0131zca \u00f6nerilen ya\u011flay\u0131c\u0131lar\u0131 kullan\u0131n.<\/li>\n<li><strong>Conta De\u011fi\u015fimi:<\/strong> Kullan\u0131m ve a\u015f\u0131nma durumuna ba\u011fl\u0131 olarak contalar\u0131 d\u00fczenli olarak de\u011fi\u015ftirin. A\u015f\u0131nm\u0131\u015f contalar\u0131n d\u00fczenli olarak de\u011fi\u015ftirilmesi, hidrolik sistemin verimli \u00e7al\u0131\u015fmas\u0131n\u0131 sa\u011flar ve s\u0131z\u0131nt\u0131y\u0131 \u00f6nler.<\/li>\n<\/ul>\n<h2>Bom Silindiri Kurulum Talimatlar\u0131<\/h2>\n<p>Bom silindirinin do\u011fru montaj\u0131, optimum performans i\u00e7in \u00e7ok \u00f6nemlidir. \u00d6ncelikle t\u00fcm montaj y\u00fczeylerinin temiz ve kal\u0131nt\u0131lardan ar\u0131nd\u0131r\u0131lm\u0131\u015f oldu\u011fundan emin olun. Montaj s\u0131ras\u0131nda hizalamay\u0131 korumak i\u00e7in uygun montaj \u015fablonlar\u0131 veya fikst\u00fcrleri kullanarak silindiri montaj braketleriyle do\u011fru bir \u015fekilde hizalay\u0131n. Silindiri, \u00fcretici taraf\u0131ndan sa\u011flanan belirtilen ba\u011flant\u0131 elemanlar\u0131 ve tork ayarlar\u0131 kullanarak sabitleyin. Sistemi \u00e7al\u0131\u015fma y\u00fckleri alt\u0131nda test etmeden \u00f6nce t\u00fcm hidrolik ba\u011flant\u0131lar\u0131n s\u0131k\u0131 ve s\u0131z\u0131nt\u0131s\u0131z oldu\u011fundan emin olun. Montajda herhangi bir hizalama hatas\u0131 veya a\u015f\u0131nma belirtisi olup olmad\u0131\u011f\u0131n\u0131 d\u00fczenli olarak izleyin ve performans\u0131 korumak i\u00e7in sorunlar\u0131 derhal giderin.<\/p>\n<h2>Yayg\u0131n Bak\u0131m G\u00f6revleri<\/h2>\n<h3>D\u00fczenli Denetimler<\/h3>\n<p>Bom silindirinin d\u00fczenli olarak kontrol edilmesi, potansiyel sorunlar\u0131n b\u00fcy\u00fcmeden \u00f6nce tespit edilmesi i\u00e7in \u00e7ok \u00f6nemlidir. Silindir g\u00f6vdesinde \u00e7izik veya ezik gibi a\u015f\u0131nma belirtileri olup olmad\u0131\u011f\u0131n\u0131 kontrol edin ve contalarda s\u0131v\u0131 s\u0131z\u0131nt\u0131s\u0131 olup olmad\u0131\u011f\u0131n\u0131 inceleyin. Sorunlar\u0131n zaman\u0131nda tespit edilmesi, \u00f6nleyici tedbirler al\u0131nmas\u0131na ve silindirin verimli ve g\u00fcvenli bir \u015fekilde \u00e7al\u0131\u015fmas\u0131na olanak tan\u0131r.<\/p>\n<h3>Uygun Ya\u011flama<\/h3>\n<p>Maintaining proper lubrication is vital for the longevity of the hydraulic cylinder. Ensure that the correct type of hydraulic oil is used and that it is replenished regularly according to the manufacturer&#8217;s recommendations. Proper lubrication minimizes friction and wear, enhancing the cylinder&#8217;s performance and lifespan.<\/p>\n<h3>Conta De\u011fi\u015fimi ve Kalibrasyon Kontrolleri<\/h3>\n<p>S\u0131z\u0131nt\u0131lar\u0131 \u00f6nlemek i\u00e7in contalar\u0131n durumunu d\u00fczenli olarak kontrol edin ve gerekti\u011finde de\u011fi\u015ftirin. Kalibrasyon kontrolleri, silindirin tasar\u0131m \u00f6zelliklerine uygun \u015fekilde \u00e7al\u0131\u015ft\u0131\u011f\u0131ndan, do\u011fru bas\u0131nc\u0131 ve i\u015flevselli\u011fi korudu\u011fundan emin olman\u0131z\u0131 sa\u011flar. Bu i\u015flem, operasyonlar\u0131n verimli kalmas\u0131n\u0131 ve mekanik ar\u0131zalar\u0131n \u00f6nlenmesini sa\u011flamak i\u00e7in \u00e7ok \u00f6nemlidir.<\/p>\n<p><img decoding=\"async\" src=\"https:\/\/www.hydraulic-cylinders.net\/wp-content\/uploads\/2025\/04\/songte-chushion-collar.webp\" alt=\"Yast\u0131k Yaka\"><\/p>\n<h2>G\u00fcvenlik Hususlar\u0131 ve \u00c7evresel Fakt\u00f6rler<\/h2>\n<p>Hidrolik sistemlerle \u00e7al\u0131\u015f\u0131rken g\u00fcvenlik \u00f6nlemlerine \u00f6ncelik vermek \u00e7ok \u00f6nemlidir. Operat\u00f6rler, hidrolik ekipmanlar\u0131n g\u00fcvenli kullan\u0131m\u0131 konusunda e\u011fitilmeli ve hidrolik s\u0131v\u0131 s\u0131z\u0131nt\u0131lar\u0131yla ili\u015fkili potansiyel risklerin fark\u0131nda olmal\u0131d\u0131r. Ki\u015fisel koruyucu ekipman (KKD) kullan\u0131m\u0131 ve d\u00fczenli g\u00fcvenlik denetimleri gibi g\u00fcvenlik protokollerinin uygulanmas\u0131, riskleri azaltmaya ve g\u00fcvenli bir \u00e7al\u0131\u015fma ortam\u0131 sa\u011flamaya yard\u0131mc\u0131 olabilir.<\/p>\n<h2>Sorun Giderme ve Yayg\u0131n Sorunlar<\/h2>\n<ul>\n<li><strong>G\u00fc\u00e7 Kayb\u0131:<\/strong> Bom silindirinde g\u00fc\u00e7 kayb\u0131 veya yava\u015f hareket g\u00f6zlemlenirse, bu hidrolik s\u0131v\u0131 seviyesinin d\u00fc\u015f\u00fck oldu\u011funu veya sistemde hava bulundu\u011funu g\u00f6sterebilir. S\u0131v\u0131 seviyelerini kontrol edin ve gerekirse sistemi havaland\u0131r\u0131n.<\/li>\n<li><strong>S\u0131z\u0131nt\u0131:<\/strong> Hidrolik s\u0131v\u0131 s\u0131z\u0131nt\u0131lar\u0131 silindirin performans\u0131n\u0131 olumsuz etkileyebilir. Contalar\u0131 ve ba\u011flant\u0131lar\u0131 a\u015f\u0131nma veya hasar a\u00e7\u0131s\u0131ndan kontrol edin ve ar\u0131zal\u0131 par\u00e7alar\u0131 de\u011fi\u015ftirin.<\/li>\n<li><strong>Hizalama hatas\u0131:<\/strong> Silindir d\u00fczg\u00fcn \u00e7al\u0131\u015fm\u0131yorsa, montaj braketlerinin ve silindirin kendisinin hizalamas\u0131n\u0131 kontrol edin. Yanl\u0131\u015f hizalama, d\u00fczensiz a\u015f\u0131nmaya ve potansiyel hasara neden olabilir.<\/li>\n<\/ul>\n<p>To effectively diagnose and resolve issues, operators should familiarize themselves with the hydraulic system&#8217;s normal operating parameters. Regular training and maintenance practices can greatly reduce the occurrence of problems, ensuring smooth operations.<\/p>\n<p><img decoding=\"async\" src=\"https:\/\/www.hydraulic-cylinders.net\/wp-content\/uploads\/2025\/04\/songte-bushings-with-all-kinds-of-excavator-models.webp\" alt=\"Ekskavat\u00f6r Modellerinde Bur\u00e7lar\"><\/p>\n<h2>\u015eirketimiz Hakk\u0131nda<\/h2>\n<p>Hidrolik silindirlerin \u00f6nde gelen \u00fcreticisi ve toptanc\u0131s\u0131 olarak, \u00e7e\u015fitli hidrolik sistemler i\u00e7in y\u00fcksek kaliteli alternatifler sunma konusunda uzmanla\u015fm\u0131\u015f bulunuyoruz. Geni\u015f \u00fcr\u00fcn yelpazemiz, bizi hem yerel hem de uluslararas\u0131 pazarlarda \u00f6nemli bir oyuncu haline getirmi\u015ftir. Geli\u015fmi\u015f bir \u00fcretim y\u00f6netim stratejisinden yararlanarak kalite m\u00fckemmelli\u011fine ba\u011fl\u0131 kal\u0131yoruz. \u015eirketimiz, geli\u015fmi\u015f teknoloji, \u00fcst d\u00fczey \u00fcretim ekipmanlar\u0131 ve profesyonel test sistemleri arac\u0131l\u0131\u011f\u0131yla \u00fcretim platformunu s\u00fcrekli olarak geli\u015ftiriyor.<\/p>\n<p>Yeteneklerimiz \u015funlar\u0131 i\u00e7erir:<\/p>\n<ul>\n<li><strong>Mesleki Uzmanl\u0131k:<\/strong> Ekibimiz, hidrolik sistemler konusunda \u00f6nemli deneyime sahip yetenekli profesyonellerden olu\u015fmaktad\u0131r.<\/li>\n<li><strong>Uluslararas\u0131 Sertifikalar:<\/strong> \u00dcr\u00fcnlerimiz uluslararas\u0131 standartlara uygundur ve g\u00fcvenilirlik ile g\u00fcvenli\u011fi garanti eder.<\/li>\n<li><strong>\u00d6zelle\u015ftirme Hizmetleri:<\/strong> M\u00fc\u015fterilerimizin \u00f6zel ihtiya\u00e7lar\u0131n\u0131 ve operasyonel gereksinimlerini kar\u015f\u0131lamak \u00fczere \u00f6zel \u00e7\u00f6z\u00fcmler sunuyoruz.<\/li>\n<li><strong>Son Teknoloji Ekipmanlar:<\/strong> \u00dcretim tesisimiz, \u00fcretim verimlili\u011fini ve hassasiyetini art\u0131rmak i\u00e7in modern makinelerle donat\u0131lm\u0131\u015ft\u0131r.<\/li>\n<li><strong>Kapsaml\u0131 Sat\u0131\u015f Sonras\u0131 Destek:<\/strong> \u00dcr\u00fcn ya\u015fam d\u00f6ng\u00fcs\u00fc boyunca m\u00fc\u015fteri memnuniyetini sa\u011flamak amac\u0131yla, ola\u011fan\u00fcst\u00fc m\u00fc\u015fteri hizmeti ve deste\u011fi sunmaya kararl\u0131y\u0131z.<\/li>\n<\/ul>\n<p><img decoding=\"async\" src=\"https:\/\/www.hydraulic-cylinders.net\/wp-content\/uploads\/2025\/04\/songte-company-4.webp\" alt=\"\u015eirket Genel Bak\u0131\u015f\u0131\"><br \/>\n<img decoding=\"async\" src=\"https:\/\/www.hydraulic-cylinders.net\/wp-content\/uploads\/2025\/04\/songte-company-3.webp\" alt=\"\u015eirket Tesisleri\"><\/p>\n<p>Yazar: lyl<\/p>","protected":false},"excerpt":{"rendered":"<p>Boom Cylinder For XCMG Small Excavator XE65CA Product Overview The Boom Cylinder for XCMG Small Excavator XE65CA is an essential component in the hydraulic system of excavators. This hydraulic cylinder is specifically designed to control the movement of the boom, allowing it to lift, lower, and tilt. This capability is crucial for various material handling [&hellip;]<\/p>","protected":false},"featured_media":17870,"comment_status":"open","ping_status":"closed","template":"","meta":{"_et_pb_use_builder":"","_et_pb_old_content":"","_et_gb_content_width":""},"product_brand":[],"product_cat":[1546],"product_tag":[1547,1496],"class_list":{"0":"post-19184","1":"product","2":"type-product","3":"status-publish","4":"has-post-thumbnail","6":"product_cat-boom-cylinders","7":"product_tag-boom-cylinders","8":"product_tag-hydraulic-cylinders","10":"first","11":"instock","12":"shipping-taxable","13":"product-type-simple"},"amp_enabled":true,"_links":{"self":[{"href":"https:\/\/www.hydraulic-cylinders.net\/tr\/wp-json\/wp\/v2\/product\/19184","targetHints":{"allow":["GET"]}}],"collection":[{"href":"https:\/\/www.hydraulic-cylinders.net\/tr\/wp-json\/wp\/v2\/product"}],"about":[{"href":"https:\/\/www.hydraulic-cylinders.net\/tr\/wp-json\/wp\/v2\/types\/product"}],"replies":[{"embeddable":true,"href":"https:\/\/www.hydraulic-cylinders.net\/tr\/wp-json\/wp\/v2\/comments?post=19184"}],"wp:featuredmedia":[{"embeddable":true,"href":"https:\/\/www.hydraulic-cylinders.net\/tr\/wp-json\/wp\/v2\/media\/17870"}],"wp:attachment":[{"href":"https:\/\/www.hydraulic-cylinders.net\/tr\/wp-json\/wp\/v2\/media?parent=19184"}],"wp:term":[{"taxonomy":"product_brand","embeddable":true,"href":"https:\/\/www.hydraulic-cylinders.net\/tr\/wp-json\/wp\/v2\/product_brand?post=19184"},{"taxonomy":"product_cat","embeddable":true,"href":"https:\/\/www.hydraulic-cylinders.net\/tr\/wp-json\/wp\/v2\/product_cat?post=19184"},{"taxonomy":"product_tag","embeddable":true,"href":"https:\/\/www.hydraulic-cylinders.net\/tr\/wp-json\/wp\/v2\/product_tag?post=19184"}],"curies":[{"name":"wp","href":"https:\/\/api.w.org\/{rel}","templated":true}]}}