{"id":19185,"date":"2025-04-07T06:17:06","date_gmt":"2025-04-07T06:17:06","guid":{"rendered":"https:\/\/www.hydraulic-cylinders.net\/product\/boom-cylinder-for-xcmg-small-excavator-xe80c\/"},"modified":"2025-04-07T06:17:08","modified_gmt":"2025-04-07T06:17:08","slug":"boom-cylinder-for-xcmg-small-excavator-xe80c","status":"publish","type":"product","link":"https:\/\/www.hydraulic-cylinders.net\/tr\/urun\/boom-cylinder-for-xcmg-small-excavator-xe80c\/","title":{"rendered":"XCMG K\u00fc\u00e7\u00fck Ekskavat\u00f6r XE80C i\u00e7in Bom Silindiri"},"content":{"rendered":"<h1>XCMG K\u00fc\u00e7\u00fck Ekskavat\u00f6r XE80C i\u00e7in Bom Silindiri<\/h1>\n<h2>\u00dcr\u00fcn Genel Bak\u0131\u015f\u0131<\/h2>\n<p>Kova silindiri olarak da bilinen bom silindiri, ekskavat\u00f6rler, bekolu y\u00fckleyiciler ve \u00f6n y\u00fckleyiciler gibi a\u011f\u0131r i\u015f makinelerinde kullan\u0131lan hayati bir hidrolik bile\u015fendir. Temel i\u015flevi, kovan\u0131n hareketini kontrol ederek verimli malzeme ta\u015f\u0131ma g\u00f6revleri i\u00e7in kald\u0131rma, indirme ve e\u011fme i\u015flemlerini ger\u00e7ekle\u015ftirmektir. Hidrolik sistemlerde, bu silindirler hidrolik bas\u0131nc\u0131 mekanik enerjiye d\u00f6n\u00fc\u015ft\u00fcrerek in\u015faat ve kaz\u0131 projeleri i\u00e7in gerekli olan hassas hareketleri sa\u011flar.<\/p>\n<p><img decoding=\"async\" src=\"https:\/\/www.hydraulic-cylinders.net\/wp-content\/uploads\/2025\/04\/songte-company-1.webp\" alt=\"Bom Silindiri G\u00f6r\u00fcnt\u00fcs\u00fc\"><\/p>\n<h2>Bom Silindirinin \u00d6zellikleri<\/h2>\n<ul>\n<li><strong>Y\u00fcksek Dayan\u0131kl\u0131l\u0131k ve Dayan\u0131kl\u0131l\u0131k:<\/strong> Y\u00fcksek mukavemetli \u00e7elik veya al\u00fcminyumdan \u00fcretilen bom silindirlerimiz, y\u00fcksek bas\u0131nca ve a\u011f\u0131r y\u00fcklere dayanabilir ve bu sayede zorlu \u00e7al\u0131\u015fma ortamlar\u0131 i\u00e7in uygundur. Tasar\u0131m\u0131nda a\u015f\u0131nma ve korozyon direnci g\u00f6z \u00f6n\u00fcnde bulundurularak, kullan\u0131m \u00f6m\u00fcrleri \u00f6nemli \u00f6l\u00e7\u00fcde uzat\u0131lm\u0131\u015ft\u0131r.<\/li>\n<li><strong>Verimli Hidrolik \u00c7al\u0131\u015fma:<\/strong> Hidrolik ya\u011f bas\u0131nc\u0131n\u0131 kullanan bu silindirler, sorunsuz bir \u015fekilde a\u00e7\u0131l\u0131p kapan\u0131r. Operasyonel komutlara h\u0131zl\u0131 bir \u015fekilde yan\u0131t vererek, \u00f6nemli bir itme ve \u00e7ekme kuvveti sunar ve a\u011f\u0131r ve karma\u015f\u0131k g\u00f6revlerin \u00fcstesinden gelmek i\u00e7in idealdir.<\/li>\n<li><strong>\u00c7e\u015fitli T\u00fcrler:<\/strong> Kullan\u0131c\u0131lar, \u00e7e\u015fitli operasyonel ihtiya\u00e7lar\u0131n\u0131 kar\u015f\u0131lamak i\u00e7in tek etkili (tek y\u00f6nde hidrolik kullan\u0131lan) ve \u00e7ift etkili (her iki y\u00f6nde hidrolik kullan\u0131lan) silindirler aras\u0131nda se\u00e7im yapabilirler. Baz\u0131 modeller teleskopiktir ve d\u0131\u015f boyutlar\u0131 art\u0131rmadan daha fazla uzatma sa\u011flar, dar uygulamalar i\u00e7in uygundur.<\/li>\n<li><strong>\u00d6zel \u00dcretim:<\/strong> Bu \u00fcr\u00fcn\u00fcn \u00fcretiminde uzmanla\u015f\u0131yoruz ve silindirlerimizin \u00e7e\u015fitli makinelerdeki mevcut hidrolik silindirlerin yerini m\u00fckemmel \u015fekilde alabilmesini sa\u011fl\u0131yoruz.<\/li>\n<li><strong>Kalite G\u00fcvencesi:<\/strong> Bom silindirlerimiz, performans ve g\u00fcvenilirlik a\u00e7\u0131s\u0131ndan end\u00fcstri standartlar\u0131n\u0131 kar\u015f\u0131lad\u0131\u011f\u0131ndan emin olmak i\u00e7in s\u0131k\u0131 testlerden ge\u00e7irilir.<\/li>\n<\/ul>\n<p><img decoding=\"async\" src=\"https:\/\/www.hydraulic-cylinders.net\/wp-content\/uploads\/2025\/04\/songte-cylinder-head-with-all-kinds-excavator-models.webp\" alt=\"Ekskavat\u00f6r Modelleri G\u00f6rseli\"><\/p>\n<h2>Bom Silindirinin Uygulamalar\u0131<\/h2>\n<h3>\u0130n\u015faat Ekipmanlar\u0131<\/h3>\n<p>Ekskavat\u00f6rlerde bom silindirleri, kazma, y\u00fckleme ve toprak veya moloz ta\u015f\u0131ma i\u00e7in kritik \u00f6neme sahiptir. Kaz\u0131 g\u00f6revleri i\u00e7in gereken hassas hareketleri kolayla\u015ft\u0131rarak operat\u00f6r\u00fcn a\u011f\u0131r y\u00fckleri etkili bir \u015fekilde y\u00f6netmesini sa\u011flar. Beko-loderlerde ise bu silindirler hem kazma hem de kald\u0131rma i\u015flemlerine yard\u0131mc\u0131 olarak \u015fantiyelerde \u00e7ok y\u00f6nl\u00fc ara\u00e7lard\u0131r.<\/p>\n<h3>Tar\u0131m Makinalar\u0131<\/h3>\n<p>\u00d6n y\u00fckleyicilerde bom silindirleri, toprak, saman ve di\u011fer malzemeleri kep\u00e7elemek, kald\u0131rmak ve ta\u015f\u0131mak i\u00e7in kullan\u0131l\u0131r. \u00c7e\u015fitli g\u00f6revleri verimli bir \u015fekilde yerine getirebilme yetenekleri, onlar\u0131 tar\u0131msal faaliyetlerde vazge\u00e7ilmez k\u0131larak \u00fcretkenli\u011fi ve operasyonel verimlili\u011fi art\u0131r\u0131r.<\/p>\n<h3>Ekskavat\u00f6rler<\/h3>\n<p>Ekskavat\u00f6rlerde bom silindiri, kep\u00e7enin topra\u011fa n\u00fcfuz etmesini sa\u011flayarak kazma i\u015flemlerini kolayla\u015ft\u0131r\u0131r. Silindirin sa\u011flad\u0131\u011f\u0131 hidrolik kontrol, operat\u00f6rlerin karma\u015f\u0131k manevralar yapmas\u0131na ve etkili kaz\u0131 sonu\u00e7lar\u0131 elde etmesine olanak tan\u0131r.<\/p>\n<h3>Y\u00fckleyiciler<\/h3>\n<p>\u00d6n y\u00fckleyicilerde bom silindirleri, malzemelerin verimli bir \u015fekilde kald\u0131r\u0131lmas\u0131na ve bo\u015falt\u0131lmas\u0131na yard\u0131mc\u0131 olur. Bu hidrolik fonksiyon, operat\u00f6rlerin y\u00fckleme ve bo\u015faltma g\u00f6revlerini kolayl\u0131kla ger\u00e7ekle\u015ftirmesini sa\u011flayarak \u015fantiyelerdeki i\u015f ak\u0131\u015f\u0131n\u0131 iyile\u015ftirir.<\/p>\n<h2>Tasar\u0131m Hususlar\u0131 ve Se\u00e7im Kriterleri<\/h2>\n<h3>Y\u00fck Kapasitesi<\/h3>\n<p>Bir bom silindiri se\u00e7erken, y\u00fck kapasitesini anlamak hayati \u00f6nem ta\u015f\u0131r. Silindir, performans veya g\u00fcvenlikten \u00f6d\u00fcn vermeden \u00e7al\u0131\u015fma s\u0131ras\u0131nda beklenen maksimum y\u00fck\u00fc kald\u0131rabilmelidir. Sadece statik y\u00fck\u00fc de\u011fil, \u00e7al\u0131\u015fma s\u0131ras\u0131nda olu\u015fan dinamik y\u00fckleri de hesaba katmak \u00f6nemlidir. A\u015f\u0131r\u0131 y\u00fckleme, hem ekipman hem de operat\u00f6rler i\u00e7in risk olu\u015fturan silindir ar\u0131zas\u0131na yol a\u00e7abilir.<\/p>\n<h3>S\u0131zd\u0131rmazl\u0131k<\/h3>\n<p>S\u0131zd\u0131rmazl\u0131k, hidrolik silindirlerin uzun \u00f6m\u00fcrl\u00fc olmas\u0131 i\u00e7in hayati \u00f6nem ta\u015f\u0131r. Etkili contalar, hidrolik s\u0131v\u0131n\u0131n s\u0131zmas\u0131n\u0131 \u00f6nler ve sistem bas\u0131nc\u0131n\u0131 korur. Silindirler, a\u015f\u0131nmaya ve \u00e7evresel fakt\u00f6rlere dayan\u0131kl\u0131, poli\u00fcretan veya nitril kau\u00e7uk gibi malzemelerden yap\u0131lm\u0131\u015f y\u00fcksek kaliteli contalar gerektirir. Do\u011fru s\u0131zd\u0131rmazl\u0131k, verimlili\u011fi sa\u011flar ve di\u011fer hidrolik bile\u015fenlerin hasar g\u00f6rme riskini azalt\u0131r.<\/p>\n<h3>Dayan\u0131kl\u0131l\u0131k<\/h3>\n<p>Zorlu ortamlarda \u00e7al\u0131\u015ft\u0131klar\u0131 i\u00e7in bom silindirleri i\u00e7in dayan\u0131kl\u0131l\u0131k birincil \u00f6neme sahiptir. \u00dcretimde kullan\u0131lan malzemeler a\u015f\u0131nma ve korozyona dayan\u0131kl\u0131 olmal\u0131d\u0131r. D\u00fczenli bak\u0131m ve bile\u015fenlerin zaman\u0131nda de\u011fi\u015ftirilmesi, hidrolik silindirin \u00f6mr\u00fcn\u00fc \u00f6nemli \u00f6l\u00e7\u00fcde art\u0131rarak uzun vadede g\u00fcvenilir bir \u00e7al\u0131\u015fma sa\u011flar.<\/p>\n<h3>Emniyet<\/h3>\n<p>Kazalar\u0131 \u00f6nlemek i\u00e7in bom silindirlerinin tasar\u0131m\u0131na g\u00fcvenlik \u00f6zellikleri eklenmelidir. Bunlar aras\u0131nda, a\u015f\u0131r\u0131 bas\u0131n\u00e7 olu\u015fumunu ve olas\u0131 y\u0131rt\u0131lmalar\u0131 \u00f6nlemeye yard\u0131mc\u0131 olan bas\u0131n\u00e7 tahliye valfleri de bulunur. Operat\u00f6rler, g\u00fcvenli \u00e7al\u0131\u015fmay\u0131 sa\u011flamak i\u00e7in mevcut g\u00fcvenlik \u00f6nlemlerinin fark\u0131nda olmal\u0131 ve \u00fcretici talimatlar\u0131na uymal\u0131d\u0131r.<\/p>\n<h3>Bak\u0131m kolayl\u0131\u011f\u0131<\/h3>\n<p>Bak\u0131m kolayl\u0131\u011f\u0131, tasar\u0131mda dikkate al\u0131nmas\u0131 gereken bir di\u011fer \u00f6nemli husustur. \u00d6nemli bile\u015fenlere muayene ve de\u011fi\u015fim i\u00e7in eri\u015fim imk\u00e2n\u0131, zamandan tasarruf sa\u011flayabilir ve operasyonel aksama s\u00fcrelerini azaltabilir. D\u00fczenli bak\u0131m kontrolleri ve basit bir onar\u0131m s\u00fcreci, hidrolik sistemlerin genel verimlili\u011fine ve g\u00fcvenilirli\u011fine katk\u0131da bulunur.<\/p>\n<p><img decoding=\"async\" src=\"https:\/\/www.hydraulic-cylinders.net\/wp-content\/uploads\/2025\/04\/songte-oil-pipes-and-spare-parts.webp\" alt=\"Petrol Borular\u0131 ve Yedek Par\u00e7a G\u00f6rseli\"><\/p>\n<h2>S\u0131zd\u0131rmazl\u0131k ve Ya\u011flama<\/h2>\n<p>Piston ve piston kolu contalar\u0131 gibi \u00e7e\u015fitli contalar\u0131n kullan\u0131m\u0131, bom silindirlerinin i\u015flevselli\u011fi i\u00e7in olmazsa olmazd\u0131r. Poli\u00fcretan ve nitril kau\u00e7uk gibi dayan\u0131kl\u0131 malzemelerden \u00fcretilen contalar, a\u015f\u0131nmaya kar\u015f\u0131 diren\u00e7leri nedeniyle tercih edilir. Silindir g\u00f6vdesinin y\u00fczeyleri ve di\u015fli u\u00e7lar\u0131, a\u015f\u0131nma direncini art\u0131rmak i\u00e7in hassas bir i\u015flemden ge\u00e7irilir. Ayr\u0131ca, sorunsuz \u00e7al\u0131\u015fma sa\u011flamak ve s\u00fcrt\u00fcnme kaynakl\u0131 hasar\u0131 \u00f6nlemek i\u00e7in hidrolik ya\u011f ile d\u00fczenli ya\u011flama gereklidir. Do\u011fru bak\u0131m, s\u0131zd\u0131rmazl\u0131k sisteminin etkinli\u011fini koruyarak s\u0131z\u0131nt\u0131 riskini azalt\u0131r ve operasyonel verimlili\u011fi korur.<\/p>\n<h2>\u00d6nleyici Bak\u0131m Tedbirleri<\/h2>\n<ul>\n<li><strong>D\u00fczenli Denetimler:<\/strong> Contalarda ve di\u011fer bile\u015fenlerde a\u015f\u0131nma ve y\u0131pranma olup olmad\u0131\u011f\u0131n\u0131 rutin olarak kontrol edin ve sorunlar\u0131n erken tespit edilmesini sa\u011flay\u0131n.<\/li>\n<li><strong>Ya\u011flama:<\/strong> \u00dcreticinin s\u0131kl\u0131k ve miktar talimatlar\u0131n\u0131 izleyerek hidrolik ya\u011f ile yeterli ya\u011flamay\u0131 sa\u011flay\u0131n.<\/li>\n<li><strong>Conta De\u011fi\u015fimi:<\/strong> Contalar\u0131 a\u015f\u0131nma belirtileri a\u00e7\u0131s\u0131ndan d\u00fczenli olarak kontrol edin ve s\u0131z\u0131nt\u0131lar\u0131 \u00f6nlemek ve sistem bas\u0131nc\u0131n\u0131 korumak i\u00e7in contalar\u0131 de\u011fi\u015ftirin.<\/li>\n<\/ul>\n<h2>Kurulum Talimatlar\u0131<\/h2>\n<p>Bom silindirinin do\u011fru montaj\u0131, optimum performans i\u00e7in \u00e7ok \u00f6nemlidir. Silindir \u00fczerinde a\u015f\u0131r\u0131 gerilimi \u00f6nlemek i\u00e7in \u00f6ncelikle montaj braketlerinin do\u011fru hizaland\u0131\u011f\u0131ndan emin olun. Silindiri yerinde sabitlemek i\u00e7in uygun montaj braketlerini kullan\u0131n. S\u0131z\u0131nt\u0131lar\u0131 \u00f6nlemek i\u00e7in hidrolik hatlar\u0131n\u0131n do\u011fru \u015fekilde ba\u011fland\u0131\u011f\u0131ndan emin olun. Tork ayarlar\u0131 ve hizalama i\u00e7in daima \u00fcreticinin talimatlar\u0131na uyun. Montajdan sonra, s\u0131z\u0131nt\u0131 olup olmad\u0131\u011f\u0131n\u0131 kapsaml\u0131 bir \u015fekilde kontrol edin ve her \u015feyin sorunsuz \u00e7al\u0131\u015ft\u0131\u011f\u0131ndan emin olmak i\u00e7in sistemi y\u00fck ko\u015fullar\u0131 alt\u0131nda test edin. Montajdan sonra d\u00fczenli kontroller, hidrolik sistemin b\u00fct\u00fcnl\u00fc\u011f\u00fcn\u00fcn ve i\u015flevselli\u011finin korunmas\u0131na yard\u0131mc\u0131 olacakt\u0131r.<\/p>\n<h2>Yayg\u0131n Bak\u0131m G\u00f6revleri<\/h2>\n<ul>\n<li><strong>D\u00fczenli Kontroller:<\/strong> Ar\u0131zalar\u0131 \u00f6nlemek i\u00e7in hidrolik sistemi d\u00fczenli olarak s\u0131z\u0131nt\u0131, a\u015f\u0131nma ve s\u0131zd\u0131rmazl\u0131k a\u00e7\u0131s\u0131ndan kontrol edin. Bu, hortumlar\u0131n, ba\u011flant\u0131lar\u0131n ve silindir b\u00fct\u00fcnl\u00fc\u011f\u00fcn\u00fcn kontrol edilmesini i\u00e7erir.<\/li>\n<li><strong>Uygun Ya\u011flama:<\/strong> Silindirin hidrolik ya\u011f ile yeterli \u015fekilde ya\u011fland\u0131\u011f\u0131ndan emin olun. Bu, erken ar\u0131zaya yol a\u00e7abilen s\u00fcrt\u00fcnme ve a\u015f\u0131nmay\u0131 azaltmak i\u00e7in kritik \u00f6neme sahiptir.<\/li>\n<li><strong>Conta De\u011fi\u015fimi:<\/strong> Bas\u0131nc\u0131 korumak ve s\u0131z\u0131nt\u0131lar\u0131 \u00f6nlemek i\u00e7in contalar\u0131 d\u00fczenli olarak de\u011fi\u015ftirin. Bu i\u015flem, hidrolik sistemin uzun \u00f6m\u00fcrl\u00fcl\u00fc\u011f\u00fc ve verimlili\u011fi i\u00e7in \u00f6nemlidir.<\/li>\n<\/ul>\n<h2>G\u00fcvenlik Hususlar\u0131 ve \u00c7evresel Fakt\u00f6rler<\/h2>\n<p>Hidrolik silindirler kullan\u0131l\u0131rken g\u00fcvenlik \u00f6nlemleri son derece \u00f6nemlidir. Operat\u00f6rlere verilen uygun e\u011fitim, hidrolik makinelerle ilgili riskleri anlamalar\u0131n\u0131 sa\u011flar. \u00dcreticiler taraf\u0131ndan sa\u011flanan g\u00fcvenlik y\u00f6nergelerine her zaman uyun ve t\u00fcm g\u00fcvenlik \u00f6zelliklerinin \u00e7al\u0131\u015f\u0131r durumda oldu\u011fundan emin olun. Hidrolik s\u0131v\u0131lar\u0131n \u00e7evreye zararl\u0131 olabilece\u011fi g\u00f6z \u00f6n\u00fcnde bulundurularak, hidrolik s\u0131v\u0131n\u0131n optimum seviyelerde tutulmas\u0131 ve d\u00f6k\u00fclmelerin \u00f6nlenmesi gibi \u00e7evresel fakt\u00f6rler de dikkate al\u0131nmal\u0131d\u0131r. Hidrolik sistemlerin sorumlu kullan\u0131m\u0131 ve bak\u0131m\u0131, operasyonlarda g\u00fcvenli\u011fe ve s\u00fcrd\u00fcr\u00fclebilirli\u011fe katk\u0131da bulunur.<\/p>\n<h2>Sorun Giderme ve Yayg\u0131n Sorunlar<\/h2>\n<ul>\n<li><strong>S\u0131zd\u0131ran Contalar:<\/strong> Contalarda s\u0131z\u0131nt\u0131 varsa, bu a\u015f\u0131nma veya hasar belirtisi olabilir. Contalar\u0131 inceleyin ve i\u015flevselli\u011fini geri kazand\u0131rmak i\u00e7in gerekirse de\u011fi\u015ftirin.<\/li>\n<li><strong>Zay\u0131f Performans:<\/strong> Silindir iyi performans g\u00f6stermiyorsa, hidrolik hatlar\u0131nda hava olup olmad\u0131\u011f\u0131n\u0131 veya d\u00fc\u015f\u00fck s\u0131v\u0131 seviyesi olup olmad\u0131\u011f\u0131n\u0131 kontrol edin; bu durum \u00e7al\u0131\u015fmay\u0131 etkileyebilir. Sistemin havas\u0131n\u0131 al\u0131p s\u0131v\u0131y\u0131 yenilemek genellikle bu sorunu \u00e7\u00f6zer.<\/li>\n<li><strong>Al\u0131\u015f\u0131lmad\u0131k Sesler:<\/strong> \u00c7al\u0131\u015fma s\u0131ras\u0131nda duyulan garip sesler mekanik bir ar\u0131zan\u0131n i\u015fareti olabilir. G\u00fcr\u00fclt\u00fcn\u00fcn kayna\u011f\u0131n\u0131 ara\u015ft\u0131r\u0131n ve gerekirse bile\u015fenleri onar\u0131n veya de\u011fi\u015ftirin.<\/li>\n<\/ul>\n<h2>Sorun \u00c7\u00f6z\u00fcm\u00fc \u0130\u00e7in \u0130pu\u00e7lar\u0131<\/h2>\n<p>Bom silindirleriyle ilgili sorunlar\u0131 etkili bir \u015fekilde te\u015fhis etmek ve \u00e7\u00f6zmek i\u00e7in sistematik bir yakla\u015f\u0131m izleyin. Belirtileri belirleyerek ve olas\u0131 nedenler i\u00e7in bak\u0131m y\u00f6nergelerine ba\u015fvurarak ba\u015flay\u0131n. Hidrolik s\u0131v\u0131 seviyelerinin ve bile\u015fen b\u00fct\u00fcnl\u00fc\u011f\u00fcn\u00fcn d\u00fczenli olarak kontrol edilmesi, sorunlar\u0131n b\u00fcy\u00fcmeden \u00f6nce \u00f6nlenmesine yard\u0131mc\u0131 olacakt\u0131r. Rutin bak\u0131m kontrolleri gibi \u00f6nleyici tedbirler uygulay\u0131n ve erken a\u015f\u0131nma veya ar\u0131za belirtilerine kar\u015f\u0131 tetikte olun. Bu proaktif yakla\u015f\u0131m, ar\u0131za s\u00fcresini \u00f6nemli \u00f6l\u00e7\u00fcde azaltabilir ve hidrolik sistemin \u00f6mr\u00fcn\u00fc uzatabilir.<\/p>\n<p><img decoding=\"async\" src=\"https:\/\/www.hydraulic-cylinders.net\/wp-content\/uploads\/2025\/04\/songte-bushings-with-all-kinds-of-excavator-models.webp\" alt=\"Bur\u00e7lar G\u00f6r\u00fcnt\u00fcs\u00fc\"><\/p>\n<h2>\u015eirketimiz Hakk\u0131nda<\/h2>\n<p>\u00c7e\u015fitli uygulamalar i\u00e7in y\u00fcksek kaliteli yedek silindirler \u00fcretme konusunda uzmanla\u015fm\u0131\u015f, lider bir hidrolik silindir \u00fcreticisiyiz. Geni\u015f \u00fcr\u00fcn yelpazemiz, bizi hem yurt i\u00e7i hem de yurt d\u0131\u015f\u0131 pazarlarda \u00f6nde gelen hidrolik silindir \u00fcreticilerinden ve toptan da\u011f\u0131t\u0131mc\u0131lar\u0131ndan biri haline getirmi\u015ftir. Hassas \u00fcretim stratejilerimizi ve ileri teknoloji dijital ekipmanlar\u0131m\u0131z\u0131 kullanarak m\u00fckemmelli\u011fe ba\u011fl\u0131y\u0131z.<\/p>\n<p>Teknik uzmanl\u0131\u011f\u0131m\u0131z ve titiz kalite kontrol s\u00fcre\u00e7lerimiz, \u00fcretim kapasitemizi s\u00fcrekli geli\u015ftirmemizi sa\u011flar. \u00c7e\u015fitli m\u00fc\u015fteri ihtiya\u00e7lar\u0131n\u0131 kar\u015f\u0131lamak i\u00e7in verimlili\u011fe, hassasiyete ve kaliteye \u00f6ncelik veriyoruz. M\u00fc\u015fteri hizmetlerine olan ba\u011fl\u0131l\u0131\u011f\u0131m\u0131z, g\u00fc\u00e7l\u00fc sat\u0131\u015f sonras\u0131 deste\u011fimize yans\u0131yor ve m\u00fc\u015fterilerimizin hidrolik sistemlerinin optimum performans\u0131 i\u00e7in ihtiya\u00e7 duyduklar\u0131 deste\u011fi almas\u0131n\u0131 sa\u011fl\u0131yor.<\/p>\n<p><img decoding=\"async\" src=\"https:\/\/www.hydraulic-cylinders.net\/wp-content\/uploads\/2025\/04\/songte-company-4.webp\" alt=\"\u015eirket \u0130maj\u0131\"><br \/>\n<img decoding=\"async\" src=\"https:\/\/www.hydraulic-cylinders.net\/wp-content\/uploads\/2025\/04\/songte-company-3.webp\" alt=\"\u015eirket \u0130maj\u0131\"><\/p>\n<p>Yazar: lyl<\/p>","protected":false},"excerpt":{"rendered":"<p>Boom Cylinder For XCMG Small Excavator XE80C Product Overview The boom cylinder, also known as a bucket cylinder, is a vital hydraulic component used in heavy machinery such as excavators, backhoes, and front loaders. Its primary function is to control the movement of the bucket, allowing it to lift, lower, and tilt for efficient material [&hellip;]<\/p>","protected":false},"featured_media":17871,"comment_status":"open","ping_status":"closed","template":"","meta":{"_et_pb_use_builder":"","_et_pb_old_content":"","_et_gb_content_width":""},"product_brand":[],"product_cat":[1546],"product_tag":[1547,1496],"class_list":{"0":"post-19185","1":"product","2":"type-product","3":"status-publish","4":"has-post-thumbnail","6":"product_cat-boom-cylinders","7":"product_tag-boom-cylinders","8":"product_tag-hydraulic-cylinders","10":"first","11":"instock","12":"shipping-taxable","13":"product-type-simple"},"amp_enabled":true,"_links":{"self":[{"href":"https:\/\/www.hydraulic-cylinders.net\/tr\/wp-json\/wp\/v2\/product\/19185","targetHints":{"allow":["GET"]}}],"collection":[{"href":"https:\/\/www.hydraulic-cylinders.net\/tr\/wp-json\/wp\/v2\/product"}],"about":[{"href":"https:\/\/www.hydraulic-cylinders.net\/tr\/wp-json\/wp\/v2\/types\/product"}],"replies":[{"embeddable":true,"href":"https:\/\/www.hydraulic-cylinders.net\/tr\/wp-json\/wp\/v2\/comments?post=19185"}],"wp:featuredmedia":[{"embeddable":true,"href":"https:\/\/www.hydraulic-cylinders.net\/tr\/wp-json\/wp\/v2\/media\/17871"}],"wp:attachment":[{"href":"https:\/\/www.hydraulic-cylinders.net\/tr\/wp-json\/wp\/v2\/media?parent=19185"}],"wp:term":[{"taxonomy":"product_brand","embeddable":true,"href":"https:\/\/www.hydraulic-cylinders.net\/tr\/wp-json\/wp\/v2\/product_brand?post=19185"},{"taxonomy":"product_cat","embeddable":true,"href":"https:\/\/www.hydraulic-cylinders.net\/tr\/wp-json\/wp\/v2\/product_cat?post=19185"},{"taxonomy":"product_tag","embeddable":true,"href":"https:\/\/www.hydraulic-cylinders.net\/tr\/wp-json\/wp\/v2\/product_tag?post=19185"}],"curies":[{"name":"wp","href":"https:\/\/api.w.org\/{rel}","templated":true}]}}