{"id":19189,"date":"2025-04-07T06:17:15","date_gmt":"2025-04-07T06:17:15","guid":{"rendered":"https:\/\/www.hydraulic-cylinders.net\/product\/boom-cylinder-for-xcmg-middle-excavator-xe225ca\/"},"modified":"2025-04-07T06:17:18","modified_gmt":"2025-04-07T06:17:18","slug":"boom-cylinder-for-xcmg-middle-excavator-xe225ca","status":"publish","type":"product","link":"https:\/\/www.hydraulic-cylinders.net\/tr\/urun\/boom-cylinder-for-xcmg-middle-excavator-xe225ca\/","title":{"rendered":"XCMG XE225CA Orta Boy Ekskavat\u00f6r \u0130\u00e7in Bom Silindiri"},"content":{"rendered":"<h1>XCMG XE225CA Orta Boy Ekskavat\u00f6r \u0130\u00e7in Bom Silindiri<\/h1>\n<h2>\u00dcr\u00fcn Genel Bak\u0131\u015f\u0131<\/h2>\n<p>XCMG XE225CA orta boy ekskavat\u00f6r i\u00e7in tasarlanm\u0131\u015f bu hidrolik silindir, ekskavat\u00f6rler, kaz\u0131c\u0131lar ve \u00f6n y\u00fckleyiciler gibi \u00e7e\u015fitli a\u011f\u0131r makinelerin hareketini kontrol etmek i\u00e7in \u00f6zel olarak \u00fcretilmi\u015ftir. Bu hidrolik silindir, bomun kald\u0131r\u0131lmas\u0131n\u0131, indirilmesini ve e\u011filmesini kolayla\u015ft\u0131rarak verimli malzeme ta\u015f\u0131ma g\u00f6revleri i\u00e7in vazge\u00e7ilmezdir.<\/p>\n<p>Hidrolik sistemin \u00f6nemli bir bile\u015feni olan bom silindiri, d\u00fczg\u00fcn ve hassas hareket sa\u011flayarak operat\u00f6rlerin a\u011f\u0131r y\u00fckleri etkili bir \u015fekilde y\u00f6netmelerini ve karma\u015f\u0131k i\u015flemleri ger\u00e7ekle\u015ftirmelerini sa\u011flar. Bom silindirinin tasar\u0131m\u0131, i\u015flevselli\u011fini yans\u0131tarak zorlu ortamlarda g\u00fc\u00e7 ve g\u00fcvenilirlik sa\u011flar. Bu hidrolik silindir genellikle y\u00fcksek bas\u0131n\u00e7 alt\u0131nda \u00e7al\u0131\u015f\u0131r ve \u00f6nemli y\u00fcklere dayanmak zorundad\u0131r; bu da dayan\u0131kl\u0131l\u0131\u011f\u0131n\u0131 ve performans\u0131n\u0131 son derece \u00f6nemli k\u0131lar.<\/p>\n<p><img decoding=\"async\" src=\"https:\/\/www.hydraulic-cylinders.net\/wp-content\/uploads\/2025\/04\/songte-company-1.webp\" alt=\"Bom Silindiri G\u00f6r\u00fcnt\u00fcs\u00fc\"><\/p>\n<h2>Bom Silindirinin \u00d6zellikleri<\/h2>\n<ul>\n<li><strong>Y\u00fcksek Dayan\u0131kl\u0131l\u0131k ve Dayan\u0131kl\u0131l\u0131k:<\/strong> Y\u00fcksek mukavemetli \u00e7elik veya al\u00fcminyumdan \u00fcretilen bu silindirler, y\u00fcksek bas\u0131nca ve a\u011f\u0131r y\u00fcklere dayanabilirken, a\u015f\u0131nmaya ve korozyona kar\u015f\u0131 da diren\u00e7lidir, b\u00f6ylece kullan\u0131m \u00f6m\u00fcrleri uzar.<\/li>\n<li><strong>Verimli Hidrolik \u00c7al\u0131\u015fma:<\/strong> Bom silindiri, hidrolik ya\u011f bas\u0131nc\u0131n\u0131 kullanarak d\u00fczg\u00fcn uzatma ve geri \u00e7ekme hareketini kolayla\u015ft\u0131r\u0131r, kontrol komutlar\u0131na h\u0131zl\u0131 yan\u0131t verir ve a\u011f\u0131r malzemelerin ta\u015f\u0131nmas\u0131 i\u00e7in g\u00fc\u00e7l\u00fc itme ve \u00e7ekme kuvvetleri sa\u011flar.<\/li>\n<li><strong>\u00c7e\u015fitli T\u00fcrler:<\/strong> Tek y\u00f6nl\u00fc (hidrolik kuvveti tek y\u00f6nde kullanan) veya \u00e7ift y\u00f6nl\u00fc (hidrolik kuvveti her iki y\u00f6nde kullanan) konfig\u00fcrasyonlarda mevcuttur; baz\u0131 modellerde d\u0131\u015f boyutlar\u0131 art\u0131rmadan daha fazla eri\u015fim sa\u011flamak i\u00e7in teleskopik tasar\u0131mlar bulunur.<\/li>\n<li><strong>Geli\u015ftirilmi\u015f S\u0131zd\u0131rmazl\u0131k Teknolojisi:<\/strong> Hidrolik s\u0131v\u0131 s\u0131z\u0131nt\u0131lar\u0131n\u0131 \u00f6nleyen, optimum performans sa\u011flayan ve bak\u0131m ihtiyac\u0131n\u0131 azaltan geli\u015fmi\u015f s\u0131zd\u0131rmazl\u0131k sistemleriyle donat\u0131lm\u0131\u015ft\u0131r.<\/li>\n<li><strong>\u00d6zelle\u015ftirilebilir Se\u00e7enekler:<\/strong> \u00c7e\u015fitli uygulamalar ve makineler i\u00e7in \u00f6zel olarak tasarlanm\u0131\u015f \u00e7\u00f6z\u00fcmler mevcuttur; bu \u00e7\u00f6z\u00fcmler, farkl\u0131 ekskavat\u00f6r ve a\u011f\u0131r ekipman modelleri aras\u0131nda uyumluluk ve performans sa\u011flar.<\/li>\n<\/ul>\n<h2>\u00dcretim Yetenekleri<\/h2>\n<p>Firmam\u0131z, XCMG XE225CA orta ekskavat\u00f6r i\u00e7in bom silindiri de dahil olmak \u00fczere y\u00fcksek kaliteli hidrolik silindirlerin \u00fcretiminde uzmanla\u015fm\u0131\u015ft\u0131r. Mevcut hidrolik sistemlerin yerini m\u00fckemmel \u015fekilde alan, sorunsuz entegrasyon ve i\u015flevsellik sa\u011flayan silindirler \u00fcretebiliyoruz.<\/p>\n<p><img decoding=\"async\" src=\"https:\/\/www.hydraulic-cylinders.net\/wp-content\/uploads\/2025\/04\/songte-cylinder-head-with-all-kinds-excavator-models.webp\" alt=\"Ekskavat\u00f6r Modelleri\"><\/p>\n<h2>Uygulama Senaryolar\u0131<\/h2>\n<h3>\u0130n\u015faat Ekipmanlar\u0131<\/h3>\n<p>Ekskavat\u00f6rlerde, bom silindirleri kazma, y\u00fckleme ve toprak veya moloz ta\u015f\u0131ma i\u015flemlerinde hayati \u00f6neme sahiptir. Performanslar\u0131, in\u015faat projelerinin verimlili\u011fini do\u011frudan etkiler. Kald\u0131rma ve e\u011fme yetene\u011fi, operat\u00f6rlerin ekskavat\u00f6r\u00fc etkili bir \u015fekilde manevra ettirebilmesini sa\u011flar ve bu da onu in\u015faat sekt\u00f6r\u00fcnde \u00f6nemli bir bile\u015fen haline getirir.<\/p>\n<h3>Tar\u0131m Makinalar\u0131<\/h3>\n<p>\u00d6n y\u00fckleyicilerde, bom silindiri toprak, saman ve di\u011fer malzemelerin kep\u00e7elenmesine, kald\u0131r\u0131lmas\u0131na ve ta\u015f\u0131nmas\u0131na yard\u0131mc\u0131 olur. Bu i\u015flev, \u00e7iftliklerde verimlili\u011fi art\u0131rmak ve d\u00f6kme malzemelerin h\u0131zl\u0131 ve verimli bir \u015fekilde i\u015flenmesini sa\u011flamak i\u00e7in \u00e7ok \u00f6nemlidir.<\/p>\n<h3>Ekskavat\u00f6rler<\/h3>\n<p>Ekskavat\u00f6rlerde, bom silindiri kep\u00e7enin zemine etkili bir \u015fekilde n\u00fcfuz etmesini sa\u011flayarak kaz\u0131 i\u015flemlerini kolayla\u015ft\u0131r\u0131r. Bu \u00f6zellik, tahribat\u0131 en aza indirmek ve verimlili\u011fi en \u00fcst d\u00fczeye \u00e7\u0131karmak i\u00e7in hassas kontrol\u00fcn gerekli oldu\u011fu toprak ta\u015f\u0131ma i\u015flerinde onu vazge\u00e7ilmez k\u0131lar.<\/p>\n<h3>Y\u00fckleyiciler<\/h3>\n<p>\u00d6n y\u00fckleyicilerde, bom silindiri y\u00fcklerin verimli bir \u015fekilde kald\u0131r\u0131lmas\u0131na ve bo\u015falt\u0131lmas\u0131na yard\u0131mc\u0131 olur. Bu, malzemelerin bir yerden ba\u015fka bir yere h\u0131zl\u0131 bir \u015fekilde ta\u015f\u0131nmas\u0131n\u0131 sa\u011flayarak genel operasyonel verimlili\u011fi art\u0131r\u0131r.<\/p>\n<h2>Tasar\u0131m Hususlar\u0131<\/h2>\n<h3>Y\u00fck Kapasitesi<\/h3>\n<p>Bir bom silindirinin tasar\u0131m\u0131nda dikkate al\u0131nmas\u0131 gereken en \u00f6nemli unsurlardan biri y\u00fck ta\u015f\u0131ma kapasitesidir. \u00c7al\u0131\u015fma s\u0131ras\u0131nda kar\u015f\u0131la\u015faca\u011f\u0131 maksimum a\u011f\u0131rl\u0131\u011f\u0131 kald\u0131rabilecek \u015fekilde tasarlanmal\u0131d\u0131r. Bu, yaln\u0131zca kald\u0131rma kuvvetini de\u011fil, \u00e7al\u0131\u015fma s\u0131ras\u0131nda olu\u015fabilecek potansiyel dinamik y\u00fckleri de i\u00e7erir. G\u00fcvenilirlik ve g\u00fcvenlik i\u00e7in do\u011fru hesaplamalar ve malzeme se\u00e7imi \u015fartt\u0131r.<\/p>\n<h3>S\u0131zd\u0131rmazl\u0131k<\/h3>\n<p>Hidrolik silindirlerde s\u0131v\u0131 s\u0131z\u0131nt\u0131s\u0131n\u0131 ve kirlenmeyi \u00f6nlemek i\u00e7in s\u0131zd\u0131rmazl\u0131k teknolojisi kritik \u00f6neme sahiptir. Tasar\u0131m, kar\u015f\u0131la\u015f\u0131lan \u00e7al\u0131\u015fma bas\u0131n\u00e7lar\u0131na ve s\u0131cakl\u0131klar\u0131na dayanabilen y\u00fcksek kaliteli contalar\u0131 i\u00e7ermelidir. Do\u011fru s\u0131zd\u0131rmazl\u0131k, verimli performans sa\u011flar, bak\u0131m s\u0131kl\u0131\u011f\u0131n\u0131 azalt\u0131r ve silindirin \u00f6mr\u00fcn\u00fc uzat\u0131r.<\/p>\n<h3>Dayan\u0131kl\u0131l\u0131k<\/h3>\n<p>Hidrolik silindirlerin tasar\u0131m\u0131nda dayan\u0131kl\u0131l\u0131k temel bir unsurdur. S\u00fcrekli kullan\u0131mda ve zorlu ortamlarda a\u015f\u0131nmaya ve y\u0131pranmaya kar\u015f\u0131 dayan\u0131kl\u0131, sa\u011flam malzemelerden \u00fcretilmelidirler. Bu, a\u015f\u0131r\u0131 s\u0131cakl\u0131klar, nem ve a\u015f\u0131nd\u0131r\u0131c\u0131 maddelere maruz kalma gibi \u00e7evresel fakt\u00f6rleri de i\u00e7erir.<\/p>\n<h3>Emniyet<\/h3>\n<p>\u00c7al\u0131\u015fma s\u0131ras\u0131nda kazalar\u0131 \u00f6nlemek i\u00e7in tasar\u0131ma g\u00fcvenlik \u00f6zellikleri entegre edilmelidir. Bu, makinenin g\u00fcvenli olmayan ko\u015fullar alt\u0131nda \u00e7al\u0131\u015fmas\u0131n\u0131 engelleyen bas\u0131n\u00e7 tahliye vanalar\u0131 ve g\u00fcvenlik kilitleme sistemlerini i\u00e7erebilir. Hidrolik tasar\u0131mda g\u00fcvenli\u011fin sa\u011flanmas\u0131 yaln\u0131zca yasal bir gereklilik de\u011fil, ayn\u0131 zamanda operat\u00f6rleri ve \u00e7evredeki ki\u015fileri korumak i\u00e7in ahlaki bir y\u00fck\u00fcml\u00fcl\u00fckt\u00fcr.<\/p>\n<h3>Bak\u0131m<\/h3>\n<p>Hidrolik silindirlerin uzun \u00f6m\u00fcrl\u00fc olmas\u0131n\u0131 sa\u011flamak i\u00e7in bak\u0131ma y\u00f6nelik tasar\u0131m \u015fartt\u0131r. Bu, contalar\u0131n de\u011fi\u015ftirilmesini, bile\u015fenlerin incelenmesini ve hidrolik s\u0131v\u0131lar\u0131n yeniden doldurulmas\u0131n\u0131 kolayla\u015ft\u0131ran \u00f6zellikleri i\u00e7erir. Kullan\u0131c\u0131 dostu bir tasar\u0131m, ar\u0131za s\u00fcrelerini \u00f6nemli \u00f6l\u00e7\u00fcde azaltabilir ve verimlili\u011fi art\u0131rabilir.<\/p>\n<p><img decoding=\"async\" src=\"https:\/\/www.hydraulic-cylinders.net\/wp-content\/uploads\/2025\/04\/songte-oil-pipes-and-spare-parts.webp\" alt=\"Hidrolik Par\u00e7alar\"><\/p>\n<h2>S\u0131zd\u0131rmazl\u0131k ve Ya\u011flama<\/h2>\n<p>Hidrolik silindirlerin optimum performans\u0131 i\u00e7in etkili s\u0131zd\u0131rmazl\u0131k ve ya\u011flama \u00e7ok \u00f6nemlidir. Piston contalar\u0131 ve mil contalar\u0131 gibi \u00e7e\u015fitli contalar, hidrolik s\u0131v\u0131n\u0131n s\u0131zmas\u0131n\u0131 \u00f6nlerken silindir i\u00e7indeki bas\u0131nc\u0131 korumak i\u00e7in kullan\u0131l\u0131r. A\u015f\u0131nma diren\u00e7leri ve s\u0131zd\u0131rmazl\u0131k \u00f6zelliklerinden dolay\u0131 poli\u00fcretan ve nitril kau\u00e7uk gibi y\u00fcksek performansl\u0131 malzemeler yayg\u0131n olarak kullan\u0131l\u0131r.<\/p>\n<p>Silindir g\u00f6vdesi ve di\u015fli u\u00e7 y\u00fczeyleri, a\u015f\u0131nma direncini art\u0131rmak ve contalar i\u00e7in m\u00fckemmel bir uyum sa\u011flamak amac\u0131yla hassas i\u015fleme tabi tutulur. D\u00fczenli bak\u0131m, hareketli par\u00e7alar\u0131 ya\u011flamak, s\u00fcrt\u00fcnmeyi ve a\u015f\u0131nmay\u0131 \u00f6nlemek i\u00e7in zaman\u0131nda hidrolik ya\u011f eklenmesini i\u00e7ermelidir.<\/p>\n<h2>D\u00fczenli Muayene ve \u00d6nleyici Bak\u0131m<\/h2>\n<ul>\n<li><strong>D\u00fczenli Denetimler:<\/strong> S\u0131z\u0131nt\u0131, a\u015f\u0131nma ve di\u011fer olas\u0131 ar\u0131za belirtileri i\u00e7in rutin kontroller yapmak \u00e7ok \u00f6nemlidir. Operat\u00f6rler, sorunlar\u0131n erken uyar\u0131 i\u015faretlerini belirleme ve bunlar\u0131 derhal bildirme konusunda e\u011fitilmelidir.<\/li>\n<li><strong>Uygun Ya\u011flama:<\/strong> Hidrolik silindirin uygun \u015fekilde ya\u011flanmas\u0131, a\u015f\u0131r\u0131 a\u015f\u0131nmay\u0131 \u00f6nler ve silindirin \u00f6mr\u00fcn\u00fc uzat\u0131r. Ya\u011flama seviyelerinin ve durumunun d\u00fczenli olarak kontrol edilmesi gereklidir.<\/li>\n<li><strong>Conta De\u011fi\u015fimi:<\/strong> Zamanla contalar a\u015f\u0131nabilir ve performans\u0131 korumak i\u00e7in de\u011fi\u015ftirilmeleri gerekebilir. Conta kontrolleri ve de\u011fi\u015fimleri i\u00e7in bir program olu\u015fturmak, operasyonel ar\u0131zalar\u0131 \u00f6nlemeye yard\u0131mc\u0131 olabilir.<\/li>\n<\/ul>\n<h2>Kurulum Talimatlar\u0131<\/h2>\n<p>Bom silindirinin do\u011fru montaj\u0131, i\u015flevselli\u011fi ve uzun \u00f6mr\u00fc i\u00e7in \u00e7ok \u00f6nemlidir. \u00d6ncelikle, montaj y\u00fczeylerinin temiz ve kal\u0131nt\u0131lardan ar\u0131nd\u0131r\u0131lm\u0131\u015f oldu\u011fundan emin olun. Silindiri tam olarak yerle\u015ftirmek ve \u00e7al\u0131\u015fma s\u0131ras\u0131nda gereksiz gerilimi \u00f6nlemek i\u00e7in uygun hizalama aletleri kullan\u0131n. Destek ve stabilite i\u00e7in uygun montaj braketleri kullan\u0131lmas\u0131 tavsiye edilir.<\/p>\n<p>S\u0131z\u0131nt\u0131lar\u0131 \u00f6nlemek i\u00e7in ba\u011flant\u0131lar\u0131n sa\u011flam oldu\u011fundan emin olarak, hidrolik ba\u011flant\u0131lar i\u00e7in \u00fcreticinin spesifikasyonlar\u0131na uyun. Kurulum tamamland\u0131ktan sonra, \u00e7al\u0131\u015fmaya ba\u015flamadan \u00f6nce t\u00fcm ba\u011flant\u0131lar\u0131 ve silindirin hizalamas\u0131n\u0131 iki kez kontrol edin. Kullan\u0131m s\u0131ras\u0131nda herhangi bir a\u015f\u0131nma veya hizalama bozuklu\u011fu belirtisi olup olmad\u0131\u011f\u0131n\u0131 d\u00fczenli olarak g\u00f6zden ge\u00e7irin.<\/p>\n<h2>Yayg\u0131n Bak\u0131m G\u00f6revleri<\/h2>\n<ul>\n<li><strong>D\u00fczenli Kontroller:<\/strong> A\u015f\u0131nma ve hasar belirtilerine y\u00f6nelik rutin kontroller, ilerleyen s\u00fcre\u00e7te daha b\u00fcy\u00fck sorunlar\u0131n \u00f6n\u00fcne ge\u00e7ebilir. Operat\u00f6rler, nelere dikkat etmeleri gerekti\u011fi konusunda e\u011fitilmelidir.<\/li>\n<li><strong>Uygun Ya\u011flama:<\/strong> D\u00fczenli ya\u011flama, sorunsuz \u00e7al\u0131\u015fmay\u0131 s\u00fcrd\u00fcrmek ve hareketli par\u00e7alara zarar gelmesini \u00f6nlemek i\u00e7in \u015fartt\u0131r. Operat\u00f6rler, kullan\u0131ma ba\u011fl\u0131 olarak bir ya\u011flama program\u0131na uymal\u0131d\u0131r.<\/li>\n<li><strong>Conta De\u011fi\u015fimi ve Kalibrasyon Kontrolleri:<\/strong> S\u0131z\u0131nt\u0131lar\u0131 \u00f6nlemek i\u00e7in contalar kontrol edilmeli ve gerekti\u011finde de\u011fi\u015ftirilmelidir. Hidrolik sistem \u00fczerindeki kalibrasyon kontrolleri, silindirin \u00f6nerilen parametreler dahilinde \u00e7al\u0131\u015ft\u0131\u011f\u0131ndan emin olunmas\u0131n\u0131 sa\u011flar.<\/li>\n<\/ul>\n<p><img decoding=\"async\" src=\"https:\/\/www.hydraulic-cylinders.net\/wp-content\/uploads\/2025\/04\/songte-chushion-collar.webp\" alt=\"Yast\u0131k Yaka\"><\/p>\n<h2>G\u00fcvenlik Hususlar\u0131 ve \u00c7evresel Fakt\u00f6rler<\/h2>\n<p>Hidrolik sistemlerle \u00e7al\u0131\u015f\u0131rken g\u00fcvenlik \u00f6nlemleri son derece \u00f6nemlidir. Operat\u00f6rler, ekipman\u0131 g\u00fcvenli bir \u015fekilde kullanmak ve hidrolik sistemlerle ili\u015fkili potansiyel tehlikelerin fark\u0131nda olmak konusunda e\u011fitilmelidir. Standart i\u015fletim prosed\u00fcrlerinin uygulanmas\u0131, kaza riskini \u00f6nemli \u00f6l\u00e7\u00fcde azaltabilir. Ayr\u0131ca, \u00e7evresel etkiyi en aza indirmek i\u00e7in yerel d\u00fczenlemelere uygun olarak hidrolik s\u0131v\u0131lar\u0131n ve malzemelerin bertaraf y\u00f6ntemleri gibi \u00e7evresel fakt\u00f6rler de dikkate al\u0131nmal\u0131d\u0131r.<\/p>\n<h2>Sorun Giderme ve Yayg\u0131n Sorunlar<\/h2>\n<ul>\n<li><strong>S\u0131z\u0131nt\u0131:<\/strong> S\u0131k kar\u015f\u0131la\u015f\u0131lan sorunlardan biri, genellikle a\u015f\u0131nm\u0131\u015f contalar veya hasarl\u0131 bile\u015fenler nedeniyle olu\u015fan s\u0131z\u0131nt\u0131lard\u0131r. S\u0131z\u0131nt\u0131n\u0131n kayna\u011f\u0131n\u0131 belirlemek, etkili onar\u0131mlar i\u00e7in kritik \u00f6neme sahiptir.<\/li>\n<li><strong>Zay\u0131f Performans:<\/strong> Bom silindiri beklendi\u011fi gibi \u00e7al\u0131\u015fm\u0131yorsa, bunun nedeni yetersiz hidrolik s\u0131v\u0131 veya sistemde s\u0131k\u0131\u015fm\u0131\u015f hava olabilir. Sistemin havas\u0131n\u0131n al\u0131nmas\u0131 gerekebilir.<\/li>\n<li><strong>Garip Sesler:<\/strong> Ola\u011fand\u0131\u015f\u0131 sesler, kavitasyon veya i\u00e7 hasar gibi mekanik sorunlara i\u015faret edebilir ve acil inceleme gerektirir.<\/li>\n<\/ul>\n<h2>Sorun Giderme \u0130pu\u00e7lar\u0131<\/h2>\n<p>Bom silindirindeki sorunlar\u0131 etkili bir \u015fekilde te\u015fhis etmek i\u00e7in operat\u00f6rler sistematik bir yakla\u015f\u0131m izlemelidir. A\u015f\u0131nma veya hasar\u0131n belirgin belirtilerini tespit etmek i\u00e7in g\u00f6rsel bir incelemeyle ba\u015flay\u0131n. S\u0131z\u0131nt\u0131 varsa, kayna\u011f\u0131 belirleyin ve conta de\u011fi\u015fimi veya bile\u015fen onar\u0131m\u0131 gerektirip gerektirmedi\u011fini de\u011ferlendirin.<\/p>\n<p>Performansla ilgili sorunlar i\u00e7in s\u0131v\u0131 seviyelerini kontrol edin ve sistemde hava kabarc\u0131\u011f\u0131 olmad\u0131\u011f\u0131ndan emin olun. D\u00fczenli bak\u0131m kontrolleri gibi \u00f6nleyici tedbirler uygulamak, potansiyel sorunlar\u0131 en aza indirmeye ve hidrolik sistemin \u00f6mr\u00fcn\u00fc uzatmaya yard\u0131mc\u0131 olabilir.<\/p>\n<p><img decoding=\"async\" src=\"https:\/\/www.hydraulic-cylinders.net\/wp-content\/uploads\/2025\/04\/songte-bushings-with-all-kinds-of-excavator-models.webp\" alt=\"Ekskavat\u00f6r Modellerinde Bur\u00e7lar\"><\/p>\n<h2>\u015eirket Genel Bak\u0131\u015f\u0131<\/h2>\n<p>\u00d6nde gelen bir hidrolik silindir \u00fcreticisi ve toptanc\u0131s\u0131 olarak, \u00e7e\u015fitli end\u00fcstriyel uygulamalar i\u00e7in y\u00fcksek kaliteli \u00e7\u00f6z\u00fcmler sunma konusunda uzmanla\u015fm\u0131\u015f durumday\u0131z. M\u00fckemmelli\u011fe olan ba\u011fl\u0131l\u0131\u011f\u0131m\u0131z, hem yerel hem de uluslararas\u0131 pazarlarda g\u00fcvenilir bir isim olmam\u0131z\u0131 sa\u011flam\u0131\u015ft\u0131r. S\u0131k\u0131 kalite standartlar\u0131na ba\u011fl\u0131 kal\u0131yor ve yetenekli personelimiz ve son teknoloji \u00fcretim ekipmanlar\u0131m\u0131zdan yararlanarak geli\u015fmi\u015f \u00fcretim stratejileri uyguluyoruz.<\/p>\n<p>Geni\u015f \u00fcr\u00fcn yelpazemiz ve \u00f6zelle\u015ftirme se\u00e7eneklerimiz, \u00e7e\u015fitli m\u00fc\u015fteri ihtiya\u00e7lar\u0131n\u0131 verimli bir \u015fekilde kar\u015f\u0131layabilmemizi sa\u011flamaktad\u0131r. Y\u00fcksek verimlilik, hassasiyet ve kaliteye olan inanc\u0131m\u0131zla, \u00fcretim kapasitemizi s\u00fcrekli geli\u015ftirirken m\u00fc\u015fterilerimizin de\u011fi\u015fen taleplerini kar\u015f\u0131lamay\u0131 hedefliyoruz.<\/p>\n<p><img decoding=\"async\" src=\"https:\/\/www.hydraulic-cylinders.net\/wp-content\/uploads\/2025\/04\/songte-company-4.webp\" alt=\"\u015eirket Genel Bak\u0131\u015f\u0131 1\"><br \/>\n<img decoding=\"async\" src=\"https:\/\/www.hydraulic-cylinders.net\/wp-content\/uploads\/2025\/04\/songte-company-3.webp\" alt=\"\u015eirket Genel Bak\u0131\u015f\u0131 2\"><\/p>\n<p>Yazar: lyl<\/p>","protected":false},"excerpt":{"rendered":"<p>Boom Cylinder For XCMG Middle Excavator XE225CA Product Overview The Boom Cylinder for XCMG Middle Excavator XE225CA is a specialized hydraulic cylinder designed to control the movement of various heavy machinery, such as excavators, backhoes, and front loaders. This hydraulic cylinder facilitates the lifting, lowering, and tilting of the boom, making it essential for efficient [&hellip;]<\/p>","protected":false},"featured_media":17875,"comment_status":"open","ping_status":"closed","template":"","meta":{"_et_pb_use_builder":"","_et_pb_old_content":"","_et_gb_content_width":""},"product_brand":[],"product_cat":[1546],"product_tag":[1547,1496],"class_list":{"0":"post-19189","1":"product","2":"type-product","3":"status-publish","4":"has-post-thumbnail","6":"product_cat-boom-cylinders","7":"product_tag-boom-cylinders","8":"product_tag-hydraulic-cylinders","10":"first","11":"instock","12":"shipping-taxable","13":"product-type-simple"},"amp_enabled":true,"_links":{"self":[{"href":"https:\/\/www.hydraulic-cylinders.net\/tr\/wp-json\/wp\/v2\/product\/19189","targetHints":{"allow":["GET"]}}],"collection":[{"href":"https:\/\/www.hydraulic-cylinders.net\/tr\/wp-json\/wp\/v2\/product"}],"about":[{"href":"https:\/\/www.hydraulic-cylinders.net\/tr\/wp-json\/wp\/v2\/types\/product"}],"replies":[{"embeddable":true,"href":"https:\/\/www.hydraulic-cylinders.net\/tr\/wp-json\/wp\/v2\/comments?post=19189"}],"wp:featuredmedia":[{"embeddable":true,"href":"https:\/\/www.hydraulic-cylinders.net\/tr\/wp-json\/wp\/v2\/media\/17875"}],"wp:attachment":[{"href":"https:\/\/www.hydraulic-cylinders.net\/tr\/wp-json\/wp\/v2\/media?parent=19189"}],"wp:term":[{"taxonomy":"product_brand","embeddable":true,"href":"https:\/\/www.hydraulic-cylinders.net\/tr\/wp-json\/wp\/v2\/product_brand?post=19189"},{"taxonomy":"product_cat","embeddable":true,"href":"https:\/\/www.hydraulic-cylinders.net\/tr\/wp-json\/wp\/v2\/product_cat?post=19189"},{"taxonomy":"product_tag","embeddable":true,"href":"https:\/\/www.hydraulic-cylinders.net\/tr\/wp-json\/wp\/v2\/product_tag?post=19189"}],"curies":[{"name":"wp","href":"https:\/\/api.w.org\/{rel}","templated":true}]}}