{"id":19191,"date":"2025-04-07T06:17:22","date_gmt":"2025-04-07T06:17:22","guid":{"rendered":"https:\/\/www.hydraulic-cylinders.net\/product\/boom-cylinder-for-xcmg-middle-excavator-xe265c\/"},"modified":"2025-04-07T06:17:24","modified_gmt":"2025-04-07T06:17:24","slug":"boom-cylinder-for-xcmg-middle-excavator-xe265c","status":"publish","type":"product","link":"https:\/\/www.hydraulic-cylinders.net\/tr\/urun\/boom-cylinder-for-xcmg-middle-excavator-xe265c\/","title":{"rendered":"XCMG XE265C Orta Boy Ekskavat\u00f6r \u0130\u00e7in Bom Silindiri"},"content":{"rendered":"<h1>XCMG XE265C Orta Boy Ekskavat\u00f6r \u0130\u00e7in Bom Silindiri<\/h1>\n<h2>\u00dcr\u00fcn Genel Bak\u0131\u015f\u0131<\/h2>\n<p>XCMG XE265C orta boy ekskavat\u00f6r i\u00e7in tasarlanm\u0131\u015f bu hidrolik silindir, \u00f6zellikle ekskavat\u00f6rler olmak \u00fczere a\u011f\u0131r makineler i\u00e7in \u00f6zel olarak tasarlanm\u0131\u015f \u00f6nemli bir bile\u015fendir. Bu hidrolik silindir, bomun hareketini kontrol ederek, \u00e7e\u015fitli malzeme ta\u015f\u0131ma g\u00f6revleri i\u00e7in gerekli olan y\u00fckseltme, al\u00e7altma ve e\u011fme i\u015flemlerini sa\u011flar. Bu kova silindirinin tasar\u0131m\u0131 ve i\u015flevselli\u011fi, hassas kontrol ve dayan\u0131kl\u0131l\u0131k gerektiren in\u015faat, kaz\u0131 ve di\u011fer uygulamalar\u0131n taleplerini kar\u015f\u0131lamak \u00fczere \u00f6zel olarak uyarlanm\u0131\u015ft\u0131r.<\/p>\n<p><img decoding=\"async\" src=\"https:\/\/www.hydraulic-cylinders.net\/wp-content\/uploads\/2025\/04\/songte-company-1.webp\" alt=\"Ekskavat\u00f6rler i\u00e7in Bom Silindiri\"><\/p>\n<h3>Tan\u0131m ve \u0130\u015flev<\/h3>\n<p>Kep\u00e7e silindiri, ekskavat\u00f6rler, kaz\u0131c\u0131 y\u00fckleyiciler ve \u00f6n y\u00fckleyiciler gibi a\u011f\u0131r makinelerde kep\u00e7enin hareketini y\u00f6netmek i\u00e7in \u00f6zel olarak tasarlanm\u0131\u015f bir hidrolik silindir t\u00fcr\u00fcd\u00fcr. Ba\u015fl\u0131ca amac\u0131, malzeme y\u00fckleme ve ta\u015f\u0131ma g\u00f6revleri i\u00e7in hayati \u00f6nem ta\u015f\u0131yan kep\u00e7enin kald\u0131r\u0131lmas\u0131n\u0131, indirilmesini ve e\u011filmesini kolayla\u015ft\u0131rmakt\u0131r. Hidrolik sistem y\u00fcksek bas\u0131n\u00e7 alt\u0131nda \u00e7al\u0131\u015farak d\u00fczg\u00fcn ve verimli hareket sa\u011flar ve bu da onu \u00e7e\u015fitli a\u011f\u0131r i\u015f operasyonlar\u0131nda vazge\u00e7ilmez k\u0131lar.<\/p>\n<h2>Bom Silindirinin \u00d6zellikleri<\/h2>\n<ul>\n<li><strong>Y\u00fcksek Dayan\u0131kl\u0131l\u0131k ve Dayan\u0131kl\u0131l\u0131k:<\/strong> Y\u00fcksek mukavemetli \u00e7elik veya al\u00fcminyumdan \u00fcretilen bu silindir, y\u00fcksek bas\u0131n\u00e7lara ve a\u011f\u0131r y\u00fcklere dayanabilir. A\u015f\u0131nma direnci ve korozyon korumas\u0131 g\u00f6z \u00f6n\u00fcnde bulundurularak tasarlanan silindirin kullan\u0131m \u00f6mr\u00fc uzat\u0131lm\u0131\u015ft\u0131r.<\/li>\n<li><strong>Verimli Hidrolik \u00c7al\u0131\u015fma:<\/strong> Silindir, d\u00fczg\u00fcn uzatma ve geri \u00e7ekme i\u00e7in hidrolik ya\u011f bas\u0131nc\u0131ndan yararlan\u0131r, kontrol komutlar\u0131na h\u0131zl\u0131 yan\u0131t verir ve a\u011f\u0131r ve karma\u015f\u0131k i\u015fler i\u00e7in uygun \u00f6nemli bir itme ve \u00e7ekme kuvveti sa\u011flar.<\/li>\n<li><strong>\u00c7e\u015fitli T\u00fcrler:<\/strong> Hem tek etkili (hidrolik tek y\u00f6nde \u00e7al\u0131\u015f\u0131r) hem de \u00e7ift etkili (hidrolik iki y\u00f6nde \u00e7al\u0131\u015f\u0131r) konfig\u00fcrasyonlarda mevcuttur. Baz\u0131 modellerde, d\u0131\u015f boyutlar\u0131 art\u0131rmadan daha fazla uzamaya olanak tan\u0131yan teleskopik bir tasar\u0131m bulunur; bu da s\u0131n\u0131rl\u0131 alan gerektiren uygulamalar i\u00e7in idealdir.<\/li>\n<li><strong>\u00d6zel \u00dcretim:<\/strong> \u00dcr\u00fcnlerimiz, \u00e7ok \u00e7e\u015fitli hidrolik silindirlerin yerini m\u00fckemmel bir \u015fekilde alabilir ve \u00e7e\u015fitli ekskavat\u00f6r modelleriyle uyumluluk sa\u011flar.<\/li>\n<\/ul>\n<p><img decoding=\"async\" src=\"https:\/\/www.hydraulic-cylinders.net\/wp-content\/uploads\/2025\/04\/songte-cylinder-head-with-all-kinds-excavator-models.webp\" alt=\"Ekskavat\u00f6rler i\u00e7in Silindir Kafas\u0131\"><\/p>\n<h2>Bom Silindirinin Uygulamalar\u0131<\/h2>\n<h3>\u0130n\u015faat Ekipmanlar\u0131<\/h3>\n<p>Ekskavat\u00f6rlerde, bom silindirleri topra\u011f\u0131 veya molozu kazmak, y\u00fcklemek ve ta\u015f\u0131mak i\u00e7in hayati \u00f6neme sahiptir. Hidrolik hareket, operat\u00f6r\u00fcn g\u00f6revleri etkili bir \u015fekilde yerine getirmesini sa\u011flayarak \u015fantiyelerde verimlili\u011fi art\u0131r\u0131r.<\/p>\n<h3>Tar\u0131m Makinalar\u0131<\/h3>\n<p>\u00d6n y\u00fckleyicilerde bu silindirler, toprak, saman ve di\u011fer malzemelerin kep\u00e7eyle al\u0131nmas\u0131n\u0131, kald\u0131r\u0131lmas\u0131n\u0131 ve ta\u015f\u0131nmas\u0131n\u0131 kolayla\u015ft\u0131r\u0131r. G\u00fcvenilirlikleri, tar\u0131m alanlar\u0131nda operasyonel verimlili\u011fin art\u0131r\u0131lmas\u0131nda \u00f6nemli bir rol oynar.<\/p>\n<h3>Ekskavat\u00f6rler<\/h3>\n<p>Ekskavat\u00f6rler, bom silindiri sayesinde zemine etkili bir \u015fekilde n\u00fcfuz edebilir ve verimli kaz\u0131 i\u015flemleri ger\u00e7ekle\u015ftirebilir. Bu \u00f6zellik, temel \u00e7al\u0131\u015fmalar\u0131ndan peyzaj d\u00fczenlemesine kadar \u00e7e\u015fitli projeler i\u00e7in \u00e7ok \u00f6nemlidir.<\/p>\n<h3>Y\u00fckleyiciler<\/h3>\n<p>\u00d6n y\u00fckleyicilerde, bom silindirleri malzemelerin h\u0131zl\u0131 bir \u015fekilde kald\u0131r\u0131lmas\u0131na ve bo\u015falt\u0131lmas\u0131na yard\u0131mc\u0131 olur. Bu \u00f6zellik, onlar\u0131 in\u015faat ve at\u0131k y\u00f6netimi alan\u0131ndaki malzeme ta\u015f\u0131ma i\u015fleri i\u00e7in vazge\u00e7ilmez k\u0131lar.<\/p>\n<h2>Tasar\u0131m Hususlar\u0131 ve Se\u00e7im Kriterleri<\/h2>\n<h3>Y\u00fck Kapasitesi<\/h3>\n<p>Bom silindirinin y\u00fck ta\u015f\u0131ma kapasitesi son derece \u00f6nemlidir. Kald\u0131r\u0131lan veya ta\u015f\u0131nan malzemelerin a\u011f\u0131rl\u0131\u011f\u0131n\u0131 g\u00fcvenlik veya performanstan \u00f6d\u00fcn vermeden ta\u015f\u0131yabilecek yeterlilikte olmal\u0131d\u0131r. Bir uygulaman\u0131n \u00f6zel y\u00fck gereksinimlerini anlamak, uygun bir silindir se\u00e7imini sa\u011flar.<\/p>\n<h3>S\u0131zd\u0131rmazl\u0131k Sistemi<\/h3>\n<p>Hidrolik s\u0131v\u0131 s\u0131z\u0131nt\u0131s\u0131n\u0131 \u00f6nlemek ve optimum performans\u0131 sa\u011flamak i\u00e7in sa\u011flam bir s\u0131zd\u0131rmazl\u0131k sistemi \u015fartt\u0131r. \u00c7al\u0131\u015fma ortam\u0131na dayanacak ve verimlili\u011fi koruyacak \u015fekilde dayan\u0131kl\u0131 malzemelerden yap\u0131lm\u0131\u015f y\u00fcksek kaliteli contalar se\u00e7ilmelidir.<\/p>\n<h3>Dayan\u0131kl\u0131l\u0131k<\/h3>\n<p>Bom silindirinin dayan\u0131kl\u0131l\u0131\u011f\u0131, \u00e7al\u0131\u015ft\u0131\u011f\u0131 zorlu ko\u015fullar nedeniyle kritik \u00f6neme sahiptir. Bu ko\u015fullar aras\u0131nda a\u015f\u0131r\u0131 s\u0131cakl\u0131klara, toza ve kirleticilere maruz kalma yer al\u0131r. Uzun \u00f6m\u00fcrl\u00fcl\u00fc\u011f\u00fc art\u0131ran malzeme ve tasar\u0131mlar\u0131n se\u00e7ilmesi, ar\u0131za s\u00fcrelerini ve bak\u0131m maliyetlerini en aza indirmek i\u00e7in hayati \u00f6nem ta\u015f\u0131r.<\/p>\n<h3>G\u00fcvenlik \u00d6zellikleri<\/h3>\n<p>Hidrolik silindir tasar\u0131m\u0131nda g\u00fcvenlik en \u00f6nemli \u00f6nceliktir. Bas\u0131n\u00e7 tahliye vanalar\u0131 gibi g\u00fcvenlik \u00f6zelliklerinin uygulanmas\u0131, felaketle sonu\u00e7lanabilecek ar\u0131zalar\u0131 \u00f6nlemeye ve \u00e7e\u015fitli ko\u015fullar alt\u0131nda g\u00fcvenli \u00e7al\u0131\u015fmay\u0131 sa\u011flamaya yard\u0131mc\u0131 olur.<\/p>\n<h3>Bak\u0131m kolayl\u0131\u011f\u0131<\/h3>\n<p>Bom silindirlerinin kolay bak\u0131m i\u00e7in tasarlanmas\u0131, kullan\u0131m kolayl\u0131\u011f\u0131n\u0131 art\u0131r\u0131r. Contalara ve bile\u015fenlere kolay eri\u015fim sa\u011flayan \u00f6zellikler, bak\u0131m s\u00fcresini \u00f6nemli \u00f6l\u00e7\u00fcde azaltabilir ve operasyonel verimlili\u011fi art\u0131rabilir.<\/p>\n<p><img decoding=\"async\" src=\"https:\/\/www.hydraulic-cylinders.net\/wp-content\/uploads\/2025\/04\/songte-oil-pipes-and-spare-parts.webp\" alt=\"Hidrolik Par\u00e7alar\"><\/p>\n<h2>S\u0131zd\u0131rmazl\u0131k ve Ya\u011flama<\/h2>\n<p>Etkili s\u0131zd\u0131rmazl\u0131k ve ya\u011flama, bom silindirinin uzun \u00f6mr\u00fc ve performans\u0131 i\u00e7in olmazsa olmaz bile\u015fenlerdir. Piston contalar\u0131 ve mil contalar\u0131 gibi \u00e7e\u015fitli contalar genellikle poli\u00fcretan ve nitril kau\u00e7uk gibi a\u015f\u0131nmaya dayan\u0131kl\u0131 malzemelerden yap\u0131l\u0131r. Bu malzemeler, y\u00fcksek bas\u0131n\u00e7 ve s\u0131cakl\u0131klara dayanabilme ve s\u0131v\u0131 s\u0131z\u0131nt\u0131s\u0131n\u0131 etkili bir \u015fekilde \u00f6nleme yetenekleri nedeniyle se\u00e7ilir.<\/p>\n<p>Silindir g\u00f6vdesi ve di\u015fli u\u00e7 y\u00fczeyleri, a\u015f\u0131nma direncini art\u0131rmak i\u00e7in hassas i\u015fleme tabi tutulur; bu da hidrolik sistemin b\u00fct\u00fcnl\u00fc\u011f\u00fcn\u00fc korumak i\u00e7in \u00e7ok \u00f6nemlidir. Hareketli par\u00e7alar\u0131n sorunsuz \u00e7al\u0131\u015fmas\u0131n\u0131 sa\u011flamak, s\u00fcrt\u00fcnmeyi ve a\u015f\u0131nmay\u0131 en aza indirmek i\u00e7in uygun hidrolik ya\u011f ile d\u00fczenli ya\u011flama yap\u0131lmal\u0131d\u0131r.<\/p>\n<h2>D\u00fczenli Muayene ve \u00d6nleyici Bak\u0131m<\/h2>\n<ul>\n<li><strong>Rutin Denetimler:<\/strong> S\u0131z\u0131nt\u0131 veya y\u00fczey korozyonu gibi a\u015f\u0131nma veya hasar belirtilerini tespit etmek i\u00e7in d\u00fczenli kontroller yap\u0131n. Erken tespit, daha ciddi sorunlar\u0131n \u00f6nlenmesine yard\u0131mc\u0131 olur.<\/li>\n<li><strong>Ya\u011flama:<\/strong> A\u015f\u0131nmay\u0131 ve s\u00fcrt\u00fcnmeyi azaltmak i\u00e7in t\u00fcm hareketli par\u00e7alar\u0131n zaman\u0131nda ya\u011flanmas\u0131n\u0131 sa\u011flay\u0131n. Bu bak\u0131m i\u015flemi, hidrolik silindirin \u00f6mr\u00fcn\u00fc uzatmak i\u00e7in kritik \u00f6neme sahiptir.<\/li>\n<li><strong>Conta De\u011fi\u015fimi:<\/strong> S\u0131zd\u0131rmazl\u0131k contalar\u0131n\u0131 d\u00fczenli olarak kontrol edin ve gerekti\u011finde de\u011fi\u015ftirin. Etkili s\u0131zd\u0131rmazl\u0131k sa\u011flamak, s\u0131v\u0131 s\u0131z\u0131nt\u0131lar\u0131n\u0131 \u00f6nlemek ve optimum performans\u0131 garanti etmek i\u00e7in \u00e7ok \u00f6nemlidir.<\/li>\n<\/ul>\n<h2>Kurulum Talimatlar\u0131<\/h2>\n<p>Bom silindirinin do\u011fru montaj\u0131, optimum performans ve uzun \u00f6m\u00fcr i\u00e7in \u00e7ok \u00f6nemlidir. Montaja ba\u015flamadan \u00f6nce t\u00fcm bile\u015fenlerin temiz ve kal\u0131nt\u0131lardan ar\u0131nd\u0131r\u0131lm\u0131\u015f oldu\u011fundan emin olun. Silindiri montaj braketleriyle do\u011fru \u015fekilde hizalay\u0131n ve yerine sabitlemek i\u00e7in uygun destekleri kullan\u0131n.<\/p>\n<p>Silindirin yanl\u0131\u015f hizalanmas\u0131n\u0131 veya a\u015f\u0131r\u0131 gerilmesini \u00f6nlemek i\u00e7in tork ayarlar\u0131 ve montaj prosed\u00fcrleri konusunda \u00fcreticinin spesifikasyonlar\u0131na uymak \u00e7ok \u00f6nemlidir. Montajdan sonra, t\u00fcm ba\u011flant\u0131 elemanlar\u0131n\u0131n sa\u011flam oldu\u011fundan ve hidrolik sistemde s\u0131z\u0131nt\u0131 olmad\u0131\u011f\u0131ndan emin olmak i\u00e7in kapsaml\u0131 bir inceleme yap\u0131n. Do\u011fru hizalama ve montaj, bom silindirinin etkili \u00e7al\u0131\u015fmas\u0131 i\u00e7in hayati \u00f6nem ta\u015f\u0131r.<\/p>\n<h2>Bak\u0131m G\u00f6revleri<\/h2>\n<ul>\n<li><strong>D\u00fczenli Kontroller:<\/strong> S\u0131k yap\u0131lan kontroller, potansiyel sorunlar\u0131n b\u00fcy\u00fcmeden \u00f6nce tespit edilmesine yard\u0131mc\u0131 olur. Bu kontroller s\u0131ras\u0131nda a\u015f\u0131nma, s\u0131z\u0131nt\u0131 ve hasar belirtilerine dikkat edin.<\/li>\n<li><strong>Uygun Ya\u011flama:<\/strong> S\u00fcrt\u00fcnmeyi azaltmak ve silindir \u00f6mr\u00fcn\u00fc uzatmak i\u00e7in t\u00fcm hareketli par\u00e7alar\u0131 d\u00fczenli olarak \u00f6nerilen hidrolik ya\u011f ile ya\u011flay\u0131n. Kullan\u0131ma ba\u011fl\u0131 olarak bir ya\u011flama program\u0131 olu\u015fturun.<\/li>\n<li><strong>Conta De\u011fi\u015fimi:<\/strong> A\u015f\u0131nma belirtileri g\u00f6steren contalar\u0131 proaktif bir \u015fekilde de\u011fi\u015ftirin. Conta sorunlar\u0131n\u0131 zaman\u0131nda gidermek s\u0131z\u0131nt\u0131lar\u0131 \u00f6nler ve hidrolik verimlili\u011fi korur.<\/li>\n<\/ul>\n<h2>G\u00fcvenlik Hususlar\u0131 ve \u00c7evresel Fakt\u00f6rler<\/h2>\n<p>Hidrolik silindirler kullan\u0131l\u0131rken g\u00fcvenlik \u00f6nlemleri son derece \u00f6nemlidir. Operat\u00f6rler, ekipman\u0131n i\u015flevlerini ve s\u0131n\u0131rlamalar\u0131n\u0131 anlamak i\u00e7in e\u011fitilmelidir. Bas\u0131n\u00e7 tahliye vanalar\u0131 gibi g\u00fcvenlik \u00f6zelliklerinin yerinde olmas\u0131, kazalar\u0131 ve ekipman hasar\u0131n\u0131 \u00f6nleyebilir. Ayr\u0131ca, operat\u00f6rler \u00e7evrelerinin fark\u0131nda olmal\u0131 ve hidrolik ekipmanla ili\u015fkili riskleri en aza indirmek i\u00e7in g\u00fcvenli \u00e7al\u0131\u015fma prosed\u00fcrlerini takip etmelidir.<\/p>\n<h2>Sorun Giderme ve Yayg\u0131n Sorunlar<\/h2>\n<ul>\n<li><strong>S\u0131v\u0131 S\u0131z\u0131nt\u0131lar\u0131:<\/strong> Contalar\u0131n veya ba\u011flant\u0131 par\u00e7alar\u0131n\u0131n etraf\u0131nda s\u0131z\u0131nt\u0131 olup olmad\u0131\u011f\u0131n\u0131 kontrol edin; bu, a\u015f\u0131nmay\u0131 veya yanl\u0131\u015f montaj\u0131 g\u00f6sterebilir. Ba\u011flant\u0131lar\u0131n s\u0131k\u0131lmas\u0131 veya contalar\u0131n de\u011fi\u015ftirilmesi gerekebilir.<\/li>\n<li><strong>D\u00fc\u015f\u00fck Performans:<\/strong> Silindir d\u00fczg\u00fcn bir \u015fekilde uzam\u0131yor veya geri \u00e7ekilmiyorsa, hidrolik s\u0131v\u0131 seviyelerini kontrol edin ve hidrolik hatlarda t\u0131kan\u0131kl\u0131k olup olmad\u0131\u011f\u0131n\u0131 inceleyin.<\/li>\n<li><strong>A\u015f\u0131r\u0131 Is\u0131nma:<\/strong> A\u011f\u0131r y\u00fck alt\u0131nda s\u00fcrekli \u00e7al\u0131\u015fma a\u015f\u0131r\u0131 \u0131s\u0131nmaya neden olabilir. So\u011futma sisteminin d\u00fczg\u00fcn \u00e7al\u0131\u015ft\u0131\u011f\u0131ndan ve silindirin a\u015f\u0131r\u0131 y\u00fcklenmedi\u011finden emin olun.<\/li>\n<\/ul>\n<h2>Ar\u0131za Te\u015fhis \u0130pu\u00e7lar\u0131<\/h2>\n<p>Sorunlar\u0131 etkili bir \u015fekilde te\u015fhis etmek i\u00e7in sistematik bir yakla\u015f\u0131m benimseyin. \u00d6ncelikle anormal sesleri veya \u00e7al\u0131\u015fma tutars\u0131zl\u0131klar\u0131n\u0131 not edin. Rutin kontrollerin bir par\u00e7as\u0131 olarak s\u0131v\u0131 seviyelerini kontrol edin ve s\u0131z\u0131nt\u0131 olup olmad\u0131\u011f\u0131n\u0131 inceleyin. Bak\u0131m programlar\u0131na uyarak ve a\u015f\u0131nm\u0131\u015f par\u00e7alar\u0131 derhal de\u011fi\u015ftirerek olas\u0131 sorunlar\u0131 en aza indirgemek i\u00e7in \u00f6nleyici tedbirler uygulay\u0131n.<\/p>\n<p><img decoding=\"async\" src=\"https:\/\/www.hydraulic-cylinders.net\/wp-content\/uploads\/2025\/04\/songte-bushings-with-all-kinds-of-excavator-models.webp\" alt=\"Ekskavat\u00f6rler i\u00e7in Bur\u00e7lar\"><\/p>\n<h2>\u015eirketimiz Hakk\u0131nda<\/h2>\n<p>Hidrolik silindirlerin \u00f6nde gelen \u00fcreticisi ve toptanc\u0131s\u0131 olarak, \u00e7e\u015fitli uygulamalar i\u00e7in y\u00fcksek kaliteli alternatifler sunma konusunda uzmanla\u015fm\u0131\u015f durumday\u0131z. Geni\u015f \u00fcr\u00fcn yelpazemiz, hem yurt i\u00e7i hem de uluslararas\u0131 pazarlarda \u00f6ne \u00e7\u0131kan bir oyuncu olmam\u0131z\u0131 sa\u011flam\u0131\u015ft\u0131r. M\u00fckemmellik ilkelerine ba\u011fl\u0131 kalarak, rafine \u00fcretim stratejilerine ve geli\u015fmi\u015f \u00fcretim y\u00f6netimine g\u00fcveniyoruz.<\/p>\n<p>Kaliteye olan ba\u011fl\u0131l\u0131\u011f\u0131m\u0131z, yetenekli i\u015f g\u00fcc\u00fcm\u00fcz, son teknoloji \u00fcretim ekipmanlar\u0131m\u0131z ve kapsaml\u0131 bir test sistemimizle desteklenmektedir. Y\u00fcksek verimlilik, hassasiyet ve kaliteyi sa\u011flarken, \u00e7e\u015fitli m\u00fc\u015fteri ihtiya\u00e7lar\u0131n\u0131 kar\u015f\u0131lamak i\u00e7in \u00fcretim kapasitemizi s\u00fcrekli olarak geli\u015ftiriyoruz.<\/p>\n<p><img decoding=\"async\" src=\"https:\/\/www.hydraulic-cylinders.net\/wp-content\/uploads\/2025\/04\/songte-company-4.webp\" alt=\"\u015eirket Genel Bak\u0131\u015f\u0131\"><br \/>\n<img decoding=\"async\" src=\"https:\/\/www.hydraulic-cylinders.net\/wp-content\/uploads\/2025\/04\/songte-company-3.webp\" alt=\"\u00dcretim Tesisi\"><\/p>\n<p>Yazar: lyl<\/p>","protected":false},"excerpt":{"rendered":"<p>Boom Cylinder For XCMG Middle Excavator XE265C Product Overview The Boom Cylinder for XCMG Middle Excavator XE265C is a crucial component designed specifically for heavy machinery, particularly excavators. This hydraulic cylinder controls the movement of the boom, allowing it to raise, lower, and tilt, which is essential for various material handling tasks. The design and [&hellip;]<\/p>","protected":false},"featured_media":17877,"comment_status":"open","ping_status":"closed","template":"","meta":{"_et_pb_use_builder":"","_et_pb_old_content":"","_et_gb_content_width":""},"product_brand":[],"product_cat":[1546],"product_tag":[1547,1496],"class_list":{"0":"post-19191","1":"product","2":"type-product","3":"status-publish","4":"has-post-thumbnail","6":"product_cat-boom-cylinders","7":"product_tag-boom-cylinders","8":"product_tag-hydraulic-cylinders","10":"first","11":"instock","12":"shipping-taxable","13":"product-type-simple"},"amp_enabled":true,"_links":{"self":[{"href":"https:\/\/www.hydraulic-cylinders.net\/tr\/wp-json\/wp\/v2\/product\/19191","targetHints":{"allow":["GET"]}}],"collection":[{"href":"https:\/\/www.hydraulic-cylinders.net\/tr\/wp-json\/wp\/v2\/product"}],"about":[{"href":"https:\/\/www.hydraulic-cylinders.net\/tr\/wp-json\/wp\/v2\/types\/product"}],"replies":[{"embeddable":true,"href":"https:\/\/www.hydraulic-cylinders.net\/tr\/wp-json\/wp\/v2\/comments?post=19191"}],"wp:featuredmedia":[{"embeddable":true,"href":"https:\/\/www.hydraulic-cylinders.net\/tr\/wp-json\/wp\/v2\/media\/17877"}],"wp:attachment":[{"href":"https:\/\/www.hydraulic-cylinders.net\/tr\/wp-json\/wp\/v2\/media?parent=19191"}],"wp:term":[{"taxonomy":"product_brand","embeddable":true,"href":"https:\/\/www.hydraulic-cylinders.net\/tr\/wp-json\/wp\/v2\/product_brand?post=19191"},{"taxonomy":"product_cat","embeddable":true,"href":"https:\/\/www.hydraulic-cylinders.net\/tr\/wp-json\/wp\/v2\/product_cat?post=19191"},{"taxonomy":"product_tag","embeddable":true,"href":"https:\/\/www.hydraulic-cylinders.net\/tr\/wp-json\/wp\/v2\/product_tag?post=19191"}],"curies":[{"name":"wp","href":"https:\/\/api.w.org\/{rel}","templated":true}]}}