{"id":19192,"date":"2025-04-07T06:17:24","date_gmt":"2025-04-07T06:17:24","guid":{"rendered":"https:\/\/www.hydraulic-cylinders.net\/product\/boom-cylinder-for-xcmg-middle-excavator-xe210\/"},"modified":"2025-04-07T06:17:26","modified_gmt":"2025-04-07T06:17:26","slug":"boom-cylinder-for-xcmg-middle-excavator-xe210","status":"publish","type":"product","link":"https:\/\/www.hydraulic-cylinders.net\/tr\/urun\/boom-cylinder-for-xcmg-middle-excavator-xe210\/","title":{"rendered":"XCMG XE210 Orta Ekskavat\u00f6r \u0130\u00e7in Bom Silindiri"},"content":{"rendered":"<h1>XCMG XE210 Orta Ekskavat\u00f6r \u0130\u00e7in Bom Silindiri<\/h1>\n<h2>\u00dcr\u00fcn Genel Bak\u0131\u015f\u0131<\/h2>\n<p>XCMG XE210 Orta Ekskavat\u00f6r i\u00e7in Bom Silindiri, ekskavat\u00f6rlerin operasyonel yeteneklerini art\u0131rmak i\u00e7in tasarlanm\u0131\u015f hayati bir bile\u015fendir. Bu hidrolik silindir, ekskavat\u00f6r\u00fcn bomunun hareketini kontrol etmede, kald\u0131rma, indirme ve e\u011fme i\u015flemlerini verimli bir \u015fekilde ger\u00e7ekle\u015ftirmede \u00f6nemli bir rol oynar. Bu hareketleri kolayla\u015ft\u0131rarak, bom silindiri \u00e7e\u015fitli malzeme ta\u015f\u0131ma g\u00f6revleri i\u00e7in gereklidir ve a\u011f\u0131r y\u00fcklerin etkili ve g\u00fcvenli bir \u015fekilde y\u00f6netilmesini sa\u011flar.<\/p>\n<p><img decoding=\"async\" src=\"https:\/\/www.hydraulic-cylinders.net\/wp-content\/uploads\/2025\/04\/songte-company-1.webp\" alt=\"Bom Silindiri\"><\/p>\n<h3>Tan\u0131m ve \u0130\u015flev<\/h3>\n<p>Kep\u00e7e silindiri, ekskavat\u00f6rler, kaz\u0131c\u0131 y\u00fckleyiciler ve \u00f6n y\u00fckleyiciler gibi a\u011f\u0131r makinelerde kep\u00e7enin hareketlerini kontrol etmek i\u00e7in kullan\u0131lan \u00f6zel bir hidrolik silindirdir. Bu tip silindir, kep\u00e7enin kald\u0131rma, indirme ve e\u011fme gibi temel i\u015flevleri yerine getirmesini sa\u011flayarak malzeme ta\u015f\u0131ma i\u015flerine yard\u0131mc\u0131 olur. Hidrolik sistem, hareketi olu\u015fturmak i\u00e7in bas\u0131n\u00e7l\u0131 s\u0131v\u0131 kullan\u0131r ve bu da a\u011f\u0131r makinelerin hassas ve kolay bir \u015fekilde \u00e7al\u0131\u015ft\u0131r\u0131lmas\u0131n\u0131 m\u00fcmk\u00fcn k\u0131lar. Bir ekskavat\u00f6r\u00fcn verimlili\u011fi ve etkinli\u011fi b\u00fcy\u00fck \u00f6l\u00e7\u00fcde, makinenin \u00e7e\u015fitli ko\u015fullar ve g\u00f6revler alt\u0131nda \u00e7al\u0131\u015fabilmesini sa\u011flayan bom silindirinin performans\u0131na ba\u011fl\u0131d\u0131r.<\/p>\n<h2>Bom Silindirinin \u00d6zellikleri<\/h2>\n<ul>\n<li><strong>Y\u00fcksek Dayan\u0131kl\u0131l\u0131k ve Dayan\u0131kl\u0131l\u0131k:<\/strong> Y\u00fcksek mukavemetli \u00e7elik veya al\u00fcminyumdan \u00fcretilen bu silindir, y\u00fcksek bas\u0131n\u00e7lara ve a\u011f\u0131r y\u00fcklere dayanabilir, bu da onu zorlu \u00e7al\u0131\u015fma ortamlar\u0131 i\u00e7in uygun hale getirir. Tasar\u0131m\u0131nda a\u015f\u0131nma ve korozyon direnci dikkate al\u0131narak kullan\u0131m \u00f6mr\u00fc uzat\u0131lm\u0131\u015ft\u0131r.<\/li>\n<li><strong>Verimli Hidrolik \u00c7al\u0131\u015fma:<\/strong> Silindir, d\u00fczg\u00fcn uzama ve geri \u00e7ekilme sa\u011flamak i\u00e7in hidrolik ya\u011f bas\u0131nc\u0131n\u0131 kullan\u0131r; bu da operat\u00f6r komutlar\u0131na h\u0131zl\u0131 yan\u0131t verilmesini ve a\u011f\u0131r malzemelerin ve karma\u015f\u0131k i\u015flerin ta\u015f\u0131nmas\u0131 i\u00e7in gerekli olan \u00f6nemli itme veya \u00e7ekme kuvvetini sa\u011flar.<\/li>\n<li><strong>\u00c7e\u015fitli T\u00fcrler:<\/strong> Operasyonel ihtiya\u00e7lara ba\u011fl\u0131 olarak, silindir tek y\u00f6nl\u00fc (tek y\u00f6nde \u00e7al\u0131\u015fan) veya \u00e7ift y\u00f6nl\u00fc (iki y\u00f6nde de \u00e7al\u0131\u015fan) olarak se\u00e7ilebilir. Baz\u0131 modeller teleskopiktir ve d\u0131\u015f boyutlar\u0131 art\u0131rmadan daha fazla uzama sa\u011flar; bu da dar alanlar i\u00e7in idealdir.<\/li>\n<\/ul>\n<h2>\u00dcretim Kapasitesi<\/h2>\n<p>Bom silindiri \u00fcretme kapasitesine sahibiz ve piyasadaki mevcut hidrolik silindirlerin m\u00fckemmel bir alternatifi sunuyoruz. \u00dcr\u00fcnlerimiz y\u00fcksek kalite ve hassasiyeti koruyarak \u00e7e\u015fitli ekskavat\u00f6r modelleriyle uyumluluk sa\u011flamaktad\u0131r.<\/p>\n<p><img decoding=\"async\" src=\"https:\/\/www.hydraulic-cylinders.net\/wp-content\/uploads\/2025\/04\/songte-cylinder-head-with-all-kinds-excavator-models.webp\" alt=\"Silindir Kapa\u011f\u0131\"><\/p>\n<h2>Uygulama Senaryolar\u0131<\/h2>\n<h3>\u0130n\u015faat Ekipmanlar\u0131<\/h3>\n<p>Ekskavat\u00f6rlerde, bom silindirleri topra\u011f\u0131 veya molozu kazma, y\u00fckleme ve ta\u015f\u0131ma i\u015flemlerinde kritik \u00f6neme sahiptir. Etkili kazma i\u015flemlerini m\u00fcmk\u00fcn k\u0131larlar ve malzemeleri ta\u015f\u0131mak i\u00e7in kep\u00e7eyi yeterince y\u00fckse\u011fe kald\u0131rmak i\u00e7in gereklidirler. Bu i\u015flevsellik, malzemelerin verimli bir \u015fekilde ta\u015f\u0131nmas\u0131 gereken in\u015faat alanlar\u0131nda hayati \u00f6neme sahiptir.<\/p>\n<h3>Tar\u0131m Makinalar\u0131<\/h3>\n<p>\u00d6n y\u00fckleyicilerde, kep\u00e7e silindirleri toprak, saman ve di\u011fer malzemelerin kep\u00e7eyle al\u0131nmas\u0131n\u0131, kald\u0131r\u0131lmas\u0131n\u0131 ve ta\u015f\u0131nmas\u0131n\u0131 kolayla\u015ft\u0131r\u0131r. Silindirin etkili bir \u015fekilde \u00e7al\u0131\u015fabilmesi, daha h\u0131zl\u0131 ve verimli tar\u0131m i\u015flemlerine katk\u0131da bulunur, i\u015f g\u00fcc\u00fc s\u00fcresini azalt\u0131r ve verimlili\u011fi art\u0131r\u0131r.<\/p>\n<h3>Ekskavat\u00f6rler<\/h3>\n<p>Ekskavat\u00f6rlerde, kep\u00e7e silindiri kep\u00e7enin topra\u011fa etkili bir \u015fekilde n\u00fcfuz etmesini sa\u011flar ve bu da onu kaz\u0131 i\u015fleri i\u00e7in vazge\u00e7ilmez k\u0131lar. Sa\u011flam tasar\u0131m\u0131, sert zemine kaz\u0131 yapman\u0131n stresine dayanabilmesini ve zorlu ortamlarda g\u00fcvenilir performans sa\u011flamas\u0131n\u0131 garanti eder.<\/p>\n<h3>Y\u00fckleyiciler<\/h3>\n<p>\u00d6n y\u00fckleyicilerde, y\u00fck\u00fcn verimli bir \u015fekilde kald\u0131r\u0131lmas\u0131na ve bo\u015falt\u0131lmas\u0131na yard\u0131mc\u0131 olurlar. Hidrolik sistem, kep\u00e7enin hasar veya dengesizlik riski olmadan malzeme bo\u015falt\u0131m\u0131 i\u00e7in gerekli y\u00fcksekli\u011fe kald\u0131r\u0131labilmesini sa\u011flar.<\/p>\n<h2>Tasar\u0131m Hususlar\u0131 ve Se\u00e7im Kriterleri<\/h2>\n<h3>Y\u00fck Kapasitesi<\/h3>\n<p>Bir bom silindirinin tasar\u0131m\u0131nda en \u00f6nemli hususlardan biri y\u00fck ta\u015f\u0131ma kapasitesidir. Silindir, ekskavat\u00f6r\u00fcn \u00e7al\u0131\u015fma s\u0131ras\u0131nda kar\u015f\u0131la\u015faca\u011f\u0131 maksimum y\u00fck\u00fc kald\u0131rabilecek kapasitede olmal\u0131d\u0131r. M\u00fchendisler, silindirin yap\u0131m\u0131nda kullan\u0131lan malzemelerin dayan\u0131kl\u0131l\u0131\u011f\u0131n\u0131 de\u011ferlendirerek, a\u011f\u0131r y\u00fckleri ar\u0131za olmadan ta\u015f\u0131yabilmesini sa\u011flarlar. Bu husus, operasyonel g\u00fcvenlik ve verimlilik a\u00e7\u0131s\u0131ndan \u00e7ok \u00f6nemlidir, \u00e7\u00fcnk\u00fc a\u015f\u0131r\u0131 y\u00fckleme, ekipmana zarar verebilecek ve operat\u00f6rler i\u00e7in g\u00fcvenlik riskleri olu\u015fturabilecek felaket niteli\u011finde ar\u0131zalara yol a\u00e7abilir.<\/p>\n<h3>S\u0131zd\u0131rmazl\u0131k Performans\u0131<\/h3>\n<p>Etkili s\u0131zd\u0131rmazl\u0131k, hidrolik silindirin performans\u0131 i\u00e7in \u00e7ok \u00f6nemlidir. \u0130yi bir s\u0131zd\u0131rmazl\u0131k, sistemin i\u015flevselli\u011fini tehlikeye atabilecek hidrolik s\u0131v\u0131 s\u0131z\u0131nt\u0131lar\u0131n\u0131 \u00f6nler. Piston contalar\u0131 ve mil contalar\u0131 dahil olmak \u00fczere \u00e7e\u015fitli conta t\u00fcrleri kullan\u0131l\u0131r ve bunlar ekskavat\u00f6r\u00fcn \u00e7al\u0131\u015fma ko\u015fullar\u0131na g\u00f6re se\u00e7ilmelidir. Do\u011fru s\u0131zd\u0131rmazl\u0131k, silindir i\u00e7indeki bas\u0131nc\u0131 koruyarak verimlili\u011fi art\u0131r\u0131r ve zaman i\u00e7inde sorunsuz ve g\u00fcvenilir bir \u015fekilde \u00e7al\u0131\u015fmas\u0131n\u0131 sa\u011flar.<\/p>\n<h3>Dayan\u0131kl\u0131l\u0131k<\/h3>\n<p>Hidrolik silindir tasar\u0131m\u0131nda dayan\u0131kl\u0131l\u0131k hayati bir unsurdur. Hidrolik silindirler zorlu ortamlarda \u00e7al\u0131\u015ft\u0131\u011f\u0131 i\u00e7in malzemelerin a\u015f\u0131nmaya ve korozyona kar\u015f\u0131 dayan\u0131kl\u0131 olmas\u0131 gerekir. \u00dcreticiler, silindir bile\u015fenlerinin dayan\u0131kl\u0131l\u0131\u011f\u0131n\u0131 art\u0131rmak i\u00e7in genellikle geli\u015fmi\u015f kaplamalar ve i\u015flemler kullan\u0131rlar. Bu husus, daha uzun bir kullan\u0131m \u00f6mr\u00fc sa\u011flar ve s\u0131k de\u011fi\u015ftirme ihtiyac\u0131n\u0131 azaltarak nihayetinde maliyet tasarrufu sa\u011flar ve verimlili\u011fi art\u0131r\u0131r.<\/p>\n<h2>S\u0131zd\u0131rmazl\u0131k ve Ya\u011flama<\/h2>\n<p>S\u0131zd\u0131rmazl\u0131k ve ya\u011flaman\u0131n etkinli\u011fi, bom silindirlerinin performans\u0131n\u0131 b\u00fcy\u00fck \u00f6l\u00e7\u00fcde etkiler. Piston contalar\u0131 ve mil contalar\u0131 gibi \u00e7e\u015fitli s\u0131zd\u0131rmazl\u0131k bile\u015fenleri, hidrolik s\u0131v\u0131 s\u0131z\u0131nt\u0131s\u0131n\u0131 \u00f6nlemek i\u00e7in kullan\u0131l\u0131r. Uzun \u00f6m\u00fcrl\u00fc performans sa\u011flamak i\u00e7in genellikle poli\u00fcretan ve nitril kau\u00e7uk gibi dayan\u0131kl\u0131 malzemelerden yap\u0131lm\u0131\u015f contalar kullan\u0131l\u0131r. Silindir g\u00f6vdesi ve di\u015fli u\u00e7 y\u00fczeyleri, a\u015f\u0131nma direncini art\u0131rmak i\u00e7in ince i\u015fleme tabi tutulur. Uygun hidrolik ya\u011f ile d\u00fczenli ya\u011flama, optimum i\u015flevselli\u011fi korumak ve hareketli par\u00e7alara zarar gelmesini \u00f6nlemek i\u00e7in \u015fartt\u0131r. Yeterli ya\u011flama, s\u00fcrt\u00fcnmeyi en aza indirerek sorunsuz \u00e7al\u0131\u015fmay\u0131 sa\u011flar ve hidrolik silindirin \u00f6mr\u00fcn\u00fc uzat\u0131r.<\/p>\n<h2>D\u00fczenli Muayene ve \u00d6nleyici Bak\u0131m<\/h2>\n<ul>\n<li><strong>D\u00fczenli Denetimler:<\/strong> Hidrolik sistemin d\u00fczenli olarak kontrol edilmesi, a\u015f\u0131nma ve y\u0131pranman\u0131n \u00f6nemli ar\u0131zalara yol a\u00e7madan \u00f6nce tespit edilmesine yard\u0131mc\u0131 olur. S\u0131z\u0131nt\u0131lar, ola\u011fand\u0131\u015f\u0131 sesler ve performans sorunlar\u0131 i\u00e7in g\u00f6rsel incelemeler, d\u00fczenli bak\u0131m program\u0131n\u0131n bir par\u00e7as\u0131 olmal\u0131d\u0131r.<\/li>\n<li><strong>Uygun Ya\u011flama:<\/strong> Hidrolik sistemin d\u00fczg\u00fcn \u015fekilde ya\u011flanmas\u0131, contalarda ve hareketli par\u00e7alarda a\u015f\u0131r\u0131 a\u015f\u0131nmay\u0131 \u00f6nlemeye yard\u0131mc\u0131 olur. Optimum performans\u0131 korumak i\u00e7in s\u0131v\u0131 seviyelerini d\u00fczenli olarak kontrol edin ve gerekti\u011finde tamamlay\u0131n.<\/li>\n<li><strong>Conta De\u011fi\u015fimi:<\/strong> Contalar d\u00fczenli olarak kontrol edilmeli ve a\u015f\u0131nma belirtileri g\u00f6r\u00fcld\u00fc\u011f\u00fcnde de\u011fi\u015ftirilmelidir. Do\u011fru s\u0131zd\u0131rmazl\u0131k, hidrolik bas\u0131nc\u0131n korunmas\u0131 ve s\u0131z\u0131nt\u0131lar\u0131n \u00f6nlenmesi i\u00e7in \u00e7ok \u00f6nemlidir.<\/li>\n<\/ul>\n<h2>Kurulum Talimatlar\u0131<\/h2>\n<p>Bom silindirinin do\u011fru montaj\u0131, etkili \u00e7al\u0131\u015fmas\u0131 i\u00e7in \u00e7ok \u00f6nemlidir. \u00d6ncelikle t\u00fcm bile\u015fenlerin temiz ve kal\u0131nt\u0131lardan ar\u0131nd\u0131r\u0131lm\u0131\u015f oldu\u011fundan emin olun. Silindiri, uygun montaj braketlerini kullanarak yerine sabitleyerek, montaj noktalar\u0131yla do\u011fru \u015fekilde hizalay\u0131n. \u00c7al\u0131\u015ft\u0131rmadan \u00f6nce hidrolik ba\u011flant\u0131lar\u0131n s\u0131k\u0131 ve s\u0131z\u0131nt\u0131s\u0131z oldu\u011fundan emin olmak \u00e7ok \u00f6nemlidir. Erken a\u015f\u0131nmaya veya ar\u0131zaya yol a\u00e7abilecek yanl\u0131\u015f hizalamay\u0131 \u00f6nlemek i\u00e7in tork ayarlar\u0131 ve hizalama konusunda \u00fcreticinin spesifikasyonlar\u0131n\u0131 izleyin. Montajdan sonra, t\u00fcm ba\u011flant\u0131lar\u0131 iyice inceleyin ve silindirin do\u011fru \u00e7al\u0131\u015ft\u0131\u011f\u0131ndan emin olmak i\u00e7in \u00e7al\u0131\u015fma ko\u015fullar\u0131 alt\u0131nda test edin.<\/p>\n<h2>Yayg\u0131n Bak\u0131m G\u00f6revleri<\/h2>\n<h3>D\u00fczenli Denetimler<\/h3>\n<p>Hidrolik silindirlerin d\u00fczenli olarak kontrol edilmesi, potansiyel sorunlar\u0131n b\u00fcy\u00fcmeden \u00f6nce belirlenmesi ve giderilmesi i\u00e7in \u00e7ok \u00f6nemlidir. Operat\u00f6rler, rutin kontroller s\u0131ras\u0131nda a\u015f\u0131nma, s\u0131z\u0131nt\u0131 veya ola\u011fand\u0131\u015f\u0131 ses belirtilerine dikkat etmelidir. D\u00fczenli bir kontrol program\u0131 olu\u015fturmak, k\u00fc\u00e7\u00fck sorunlar\u0131n h\u0131zl\u0131 bir \u015fekilde \u00e7\u00f6z\u00fclmesini sa\u011flayarak silindirin verimlili\u011fini ve g\u00fcvenli\u011fini korumaya yard\u0131mc\u0131 olur.<\/p>\n<h3>Uygun Ya\u011flama<\/h3>\n<p>Hidrolik bile\u015fenlerin do\u011fru \u015fekilde ya\u011flanmas\u0131, s\u00fcrt\u00fcnmeyi ve a\u015f\u0131nmay\u0131 en aza indirmek i\u00e7in hayati \u00f6nem ta\u015f\u0131r. Operat\u00f6rler, hidrolik ya\u011f\u0131n uygun seviyelerde tutulmas\u0131n\u0131 ve \u00fcreticinin tavsiyelerine g\u00f6re de\u011fi\u015ftirilmesini sa\u011flamal\u0131d\u0131r. D\u00fczenli ya\u011flama, a\u015f\u0131r\u0131 \u0131s\u0131nmay\u0131 \u00f6nler ve hidrolik silindirin \u00f6mr\u00fcn\u00fc uzatarak sorunsuz \u00e7al\u0131\u015fmay\u0131 sa\u011flar.<\/p>\n<h3>Conta De\u011fi\u015fimi ve Kalibrasyon Kontrolleri<\/h3>\n<p>Hidrolik sistemin b\u00fct\u00fcnl\u00fc\u011f\u00fcn\u00fc korumak i\u00e7in contalar\u0131n d\u00fczenli olarak de\u011fi\u015ftirilmesi \u00e7ok \u00f6nemlidir. Operat\u00f6rler s\u0131z\u0131nt\u0131lar\u0131 izlemeli ve contalar ar\u0131zalanmadan \u00f6nce de\u011fi\u015ftirmelidir. Kalibrasyon kontrolleri, silindirin belirtilen parametreler dahilinde \u00e7al\u0131\u015fmas\u0131n\u0131 sa\u011flayarak performans\u0131 ve g\u00fcvenli\u011fi art\u0131r\u0131r. Yap\u0131land\u0131r\u0131lm\u0131\u015f bir bak\u0131m program\u0131 uygulamak, ar\u0131za s\u00fcrelerini azaltmaya ve hidrolik ekipman\u0131n kullan\u0131m \u00f6mr\u00fcn\u00fc uzatmaya yard\u0131mc\u0131 olur.<\/p>\n<p><img decoding=\"async\" src=\"https:\/\/www.hydraulic-cylinders.net\/wp-content\/uploads\/2025\/04\/songte-chushion-collar.webp\" alt=\"Yast\u0131k Yaka\"><\/p>\n<h2>G\u00fcvenlik Hususlar\u0131 ve \u00c7evresel Fakt\u00f6rler<\/h2>\n<p>Hidrolik silindirler kullan\u0131l\u0131rken, operat\u00f6rleri ve \u00e7evreyi korumak i\u00e7in g\u00fcvenlik \u00f6nlemlerine uyulmas\u0131 \u00e7ok \u00f6nemlidir. Hidrolik sistemlerin \u00e7al\u0131\u015ft\u0131r\u0131lmas\u0131 konusunda do\u011fru e\u011fitim, kaza riskini en aza indirebilir. Ekipman\u0131 \u00e7al\u0131\u015ft\u0131rmadan \u00f6nce t\u00fcm g\u00fcvenlik koruyucular\u0131n\u0131n yerinde ve \u00e7al\u0131\u015f\u0131r durumda oldu\u011fundan emin olun. Operat\u00f6rler, hidrolik s\u0131v\u0131n\u0131n \u00e7evresel etkisinin fark\u0131nda olmal\u0131 ve kirlenmeyi ve ekosisteme zarar vermeyi \u00f6nlemek i\u00e7in uygun bertaraf y\u00f6ntemlerinin izlendi\u011finden emin olmal\u0131d\u0131r.<\/p>\n<h2>Ar\u0131za Te\u015fhisi ve Yayg\u0131n Sorunlar<\/h2>\n<ul>\n<li><strong>Hidrolik S\u0131v\u0131 S\u0131z\u0131nt\u0131s\u0131:<\/strong> Hidrolik silindirlerde en s\u0131k kar\u015f\u0131la\u015f\u0131lan sorunlardan biri s\u0131z\u0131nt\u0131d\u0131r. Bu, a\u015f\u0131nm\u0131\u015f contalar veya hasarl\u0131 bile\u015fenler nedeniyle meydana gelebilir. D\u00fczenli kontroller, s\u0131z\u0131nt\u0131lar\u0131 erken tespit etmeye ve daha fazla hasar\u0131 \u00f6nlemeye yard\u0131mc\u0131 olabilir.<\/li>\n<li><strong>D\u00fc\u015f\u00fck Performans:<\/strong> Hidrolik silindir beklendi\u011fi gibi \u00e7al\u0131\u015fm\u0131yorsa, bu d\u00fc\u015f\u00fck hidrolik s\u0131v\u0131 seviyesine veya i\u00e7 hasara i\u015faret edebilir. S\u0131v\u0131 seviyelerini kontrol edin ve silindiri a\u015f\u0131nma veya hasar belirtileri a\u00e7\u0131s\u0131ndan inceleyin.<\/li>\n<li><strong>A\u015f\u0131r\u0131 Is\u0131nma:<\/strong> Yetersiz ya\u011flama veya a\u015f\u0131r\u0131 y\u00fck ko\u015fullar\u0131 nedeniyle a\u015f\u0131r\u0131 \u0131s\u0131nma meydana gelebilir. Do\u011fru s\u0131v\u0131 seviyelerinin sa\u011flanmas\u0131 ve sistemin a\u015f\u0131r\u0131 y\u00fcklenmesinden ka\u00e7\u0131n\u0131lmas\u0131 bu sorunun \u00f6n\u00fcne ge\u00e7ebilir.<\/li>\n<\/ul>\n<h2>Sorun Giderme \u0130pu\u00e7lar\u0131<\/h2>\n<p>Hidrolik silindirlerdeki sorunlar\u0131 etkili bir \u015fekilde te\u015fhis etmek ve \u00e7\u00f6zmek i\u00e7in operat\u00f6rler sistematik bir yakla\u015f\u0131m izlemelidir. \u00d6ncelikle hidrolik s\u0131v\u0131 seviyelerini kontrol edin ve s\u0131z\u0131nt\u0131 olup olmad\u0131\u011f\u0131n\u0131 inceleyin. S\u0131z\u0131nt\u0131 varsa, gerekti\u011fi gibi contalar\u0131 ve bile\u015fenleri de\u011fi\u015ftirin. T\u00fcm hareketli par\u00e7alar\u0131 a\u015f\u0131nma veya hasar a\u00e7\u0131s\u0131ndan inceleyerek mekanik sorunlar\u0131 giderin. Gelecekteki sorun riskini en aza indirmek i\u00e7in d\u00fczenli bak\u0131m ve kontroller gibi \u00f6nleyici tedbirler uygulay\u0131n.<\/p>\n<p><img decoding=\"async\" src=\"https:\/\/www.hydraulic-cylinders.net\/wp-content\/uploads\/2025\/04\/songte-bushings-with-all-kinds-of-excavator-models.webp\" alt=\"Bur\u00e7lar\"><\/p>\n<h2>\u015eirketimiz Hakk\u0131nda<\/h2>\n<p>\u00d6nde gelen yedek hidrolik silindir \u00fcreticisi olarak, hem yurt i\u00e7i hem de uluslararas\u0131 pazarlar i\u00e7in \u00e7e\u015fitli \u00fcr\u00fcnler sunuyoruz. M\u00fckemmelli\u011fe olan ba\u011fl\u0131l\u0131\u011f\u0131m\u0131z, rafine edilmi\u015f \u00fcretim y\u00f6netim stratejimiz ve geli\u015fmi\u015f \u00fcretim tesislerimizde kendini g\u00f6stermektedir. Y\u00fcksek kaliteli i\u015f\u00e7ili\u011fe odaklanarak, \u00fcretim kapasitemizi art\u0131rmak i\u00e7in yetenekli personel, son teknoloji dijital \u00fcretim ekipmanlar\u0131 ve profesyonel test sistemlerinden yararlan\u0131yoruz. Geni\u015f inovasyon kapasitemiz, \u00e7e\u015fitli m\u00fc\u015fteri ihtiya\u00e7lar\u0131n\u0131 y\u00fcksek verimlilik ve hassasiyetle kar\u015f\u0131lamam\u0131z\u0131 sa\u011fl\u0131yor.<\/p>\n<p><img decoding=\"async\" src=\"https:\/\/www.hydraulic-cylinders.net\/wp-content\/uploads\/2025\/04\/songte-company-4.webp\" alt=\"\u015eirket Genel Bak\u0131\u015f\u0131\"><br \/>\n<img decoding=\"async\" src=\"https:\/\/www.hydraulic-cylinders.net\/wp-content\/uploads\/2025\/04\/songte-company-3.webp\" alt=\"\u00dcretim Tesisi\"><\/p>\n<p>\u015eirketimiz profesyonellik, uluslararas\u0131 sertifikalar, \u00f6zelle\u015ftirilmi\u015f hizmetler, geli\u015fmi\u015f \u00fcretim ekipmanlar\u0131 ve ola\u011fan\u00fcst\u00fc sat\u0131\u015f sonras\u0131 destek ile gurur duymaktad\u0131r. M\u00fc\u015fterilerimize m\u00fcmk\u00fcn olan en iyi \u00fcr\u00fcn ve hizmetleri sunmaya, her etkile\u015fimde memnuniyet ve g\u00fcvenilirlik sa\u011flamaya kendimizi adad\u0131k.<\/p>\n<p>Yazar: lyl<\/p>","protected":false},"excerpt":{"rendered":"<p>Boom Cylinder For XCMG Middle Excavator XE210 Product Overview The Boom Cylinder for XCMG Middle Excavator XE210 is a vital component designed to enhance the operational capabilities of excavators. This hydraulic cylinder plays a crucial role in controlling the movement of the excavator\u2019s boom, enabling it to lift, lower, and tilt efficiently. By facilitating these [&hellip;]<\/p>","protected":false},"featured_media":17878,"comment_status":"open","ping_status":"closed","template":"","meta":{"_et_pb_use_builder":"","_et_pb_old_content":"","_et_gb_content_width":""},"product_brand":[],"product_cat":[1546],"product_tag":[1547,1496],"class_list":{"0":"post-19192","1":"product","2":"type-product","3":"status-publish","4":"has-post-thumbnail","6":"product_cat-boom-cylinders","7":"product_tag-boom-cylinders","8":"product_tag-hydraulic-cylinders","10":"first","11":"instock","12":"shipping-taxable","13":"product-type-simple"},"amp_enabled":true,"_links":{"self":[{"href":"https:\/\/www.hydraulic-cylinders.net\/tr\/wp-json\/wp\/v2\/product\/19192","targetHints":{"allow":["GET"]}}],"collection":[{"href":"https:\/\/www.hydraulic-cylinders.net\/tr\/wp-json\/wp\/v2\/product"}],"about":[{"href":"https:\/\/www.hydraulic-cylinders.net\/tr\/wp-json\/wp\/v2\/types\/product"}],"replies":[{"embeddable":true,"href":"https:\/\/www.hydraulic-cylinders.net\/tr\/wp-json\/wp\/v2\/comments?post=19192"}],"wp:featuredmedia":[{"embeddable":true,"href":"https:\/\/www.hydraulic-cylinders.net\/tr\/wp-json\/wp\/v2\/media\/17878"}],"wp:attachment":[{"href":"https:\/\/www.hydraulic-cylinders.net\/tr\/wp-json\/wp\/v2\/media?parent=19192"}],"wp:term":[{"taxonomy":"product_brand","embeddable":true,"href":"https:\/\/www.hydraulic-cylinders.net\/tr\/wp-json\/wp\/v2\/product_brand?post=19192"},{"taxonomy":"product_cat","embeddable":true,"href":"https:\/\/www.hydraulic-cylinders.net\/tr\/wp-json\/wp\/v2\/product_cat?post=19192"},{"taxonomy":"product_tag","embeddable":true,"href":"https:\/\/www.hydraulic-cylinders.net\/tr\/wp-json\/wp\/v2\/product_tag?post=19192"}],"curies":[{"name":"wp","href":"https:\/\/api.w.org\/{rel}","templated":true}]}}