{"id":19194,"date":"2025-04-07T06:17:29","date_gmt":"2025-04-07T06:17:29","guid":{"rendered":"https:\/\/www.hydraulic-cylinders.net\/product\/boom-cylinder-for-xcmg-middle-excavator-xe235c\/"},"modified":"2025-04-07T06:17:31","modified_gmt":"2025-04-07T06:17:31","slug":"boom-cylinder-for-xcmg-middle-excavator-xe235c","status":"publish","type":"product","link":"https:\/\/www.hydraulic-cylinders.net\/tr\/urun\/boom-cylinder-for-xcmg-middle-excavator-xe235c\/","title":{"rendered":"XCMG XE235C Orta Boy Ekskavat\u00f6r \u0130\u00e7in Bom Silindiri"},"content":{"rendered":"<h1>XCMG XE235C Orta Boy Ekskavat\u00f6r \u0130\u00e7in Bom Silindiri<\/h1>\n<h2>Bom Silindirine Giri\u015f<\/h2>\n<p>Bom silindiri, ekskavat\u00f6rler, kaz\u0131c\u0131lar ve \u00f6n y\u00fckleyiciler gibi a\u011f\u0131r makinelerde kep\u00e7enin hareketini kontrol etmek i\u00e7in \u00f6zel olarak tasarlanm\u0131\u015f \u00f6nemli bir hidrolik bile\u015fendir. Kep\u00e7enin kalkmas\u0131n\u0131, al\u00e7almas\u0131n\u0131 ve e\u011filmesini sa\u011flayarak verimli malzeme ta\u015f\u0131ma i\u015flemlerini kolayla\u015ft\u0131r\u0131r. Hidrolik sistemlerde bom silindirleri, in\u015faat ve end\u00fcstriyel uygulamalarda \u00e7e\u015fitli i\u015flemleri ger\u00e7ekle\u015ftirmek i\u00e7in gerekli olan hidrolik bas\u0131nc\u0131 mekanik kuvvete d\u00f6n\u00fc\u015ft\u00fcrerek hayati bir rol oynar. Bu silindirler y\u00fcksek bas\u0131n\u00e7lara ve a\u011f\u0131r y\u00fcklere dayanacak \u015fekilde tasarlanm\u0131\u015ft\u0131r ve bu da onlar\u0131 bir\u00e7ok makine uygulamas\u0131nda vazge\u00e7ilmez k\u0131lar.<\/p>\n<p><img decoding=\"async\" src=\"https:\/\/www.hydraulic-cylinders.net\/wp-content\/uploads\/2025\/04\/songte-company-1.webp\" alt=\"Bom Silindiri\"><\/p>\n<h2>Bom Silindirinin Temel \u00d6zellikleri<\/h2>\n<ul>\n<li><strong>Y\u00fcksek Dayan\u0131kl\u0131l\u0131k ve Dayan\u0131kl\u0131l\u0131k:<\/strong> Genellikle y\u00fcksek mukavemetli \u00e7elik veya al\u00fcminyumdan \u00fcretilen bom silindiri, y\u00fcksek bas\u0131nca ve a\u011f\u0131r y\u00fcklere dayanabilir. A\u015f\u0131nma ve korozyon direncini dikkate alan tasar\u0131m\u0131, uzun bir kullan\u0131m \u00f6mr\u00fc sa\u011flar.<\/li>\n<li><strong>Verimli Hidrolik \u00c7al\u0131\u015fma:<\/strong> Silindir, d\u00fczg\u00fcn uzatma ve geri \u00e7ekme i\u00e7in hidrolik ya\u011f bas\u0131nc\u0131ndan yararlan\u0131r; bu da kontrol komutlar\u0131na h\u0131zl\u0131 yan\u0131t verirken, a\u011f\u0131r ve karma\u015f\u0131k i\u015flemler i\u00e7in ideal olan g\u00fc\u00e7l\u00fc \u00e7ekme ve itme kuvveti sa\u011flar.<\/li>\n<li><strong>\u00c7e\u015fitli T\u00fcrler:<\/strong> \u00c7e\u015fitli operasyonel ihtiya\u00e7lar\u0131 kar\u015f\u0131lamak i\u00e7in tek etkili (tek y\u00f6nde hidrolik hareket) veya \u00e7ift etkili (iki y\u00f6nde hidrolik hareket) silindir se\u00e7enekleri mevcuttur. Baz\u0131 modeller teleskopiktir ve d\u0131\u015f boyutlar\u0131 art\u0131rmadan daha fazla uzatmaya olanak tan\u0131yarak, alan s\u0131n\u0131rl\u0131 uygulamalar i\u00e7in uygundur.<\/li>\n<li><strong>Uyumluluk:<\/strong> \u00dcr\u00fcnlerimiz \u00e7e\u015fitli hidrolik silindirlerin yerini m\u00fckemmel \u015fekilde alacak \u015fekilde tasarlanm\u0131\u015ft\u0131r ve mevcut makinelerle kusursuz entegrasyon sa\u011flar.<\/li>\n<li><strong>\u00d6zel \u00c7\u00f6z\u00fcmler:<\/strong> \u0130\u015fletme gereksinimlerine \u00f6zel \u00e7\u00f6z\u00fcmler sunarak her uygulama i\u00e7in en uygun \u00e7\u00f6z\u00fcm\u00fc sa\u011fl\u0131yoruz.<\/li>\n<\/ul>\n<p><img decoding=\"async\" src=\"https:\/\/www.hydraulic-cylinders.net\/wp-content\/uploads\/2025\/04\/songte-cylinder-head-with-all-kinds-excavator-models.webp\" alt=\"Bom Silindirinin Uyumlulu\u011fu\"><\/p>\n<h2>Uygulama Senaryolar\u0131<\/h2>\n<h3>\u0130n\u015faat Ekipmanlar\u0131<\/h3>\n<p>Ekskavat\u00f6rlerde, bom silindiri kazma, y\u00fckleme ve toprak veya moloz ta\u015f\u0131ma i\u015flemlerinde \u00e7ok \u00f6nemlidir. Kep\u00e7enin zemine etkili bir \u015fekilde n\u00fcfuz etmesi i\u00e7in gerekli kuvveti sa\u011flar ve bu da onu kaz\u0131 i\u015fleri i\u00e7in hayati bir bile\u015fen haline getirir. Kaz\u0131c\u0131 makinelerde kullan\u0131ld\u0131\u011f\u0131nda, bom silindiri hem kazma hem de kald\u0131rma i\u015flemlerine katk\u0131da bulunarak makinenin \u00e7ok y\u00f6nl\u00fcl\u00fc\u011f\u00fcn\u00fc art\u0131r\u0131r.<\/p>\n<h3>Tar\u0131m Makinalar\u0131<\/h3>\n<p>\u00d6n y\u00fckleyicilerde, bom silindirleri toprak, saman ve di\u011fer malzemeleri kep\u00e7elemek, kald\u0131rmak ve ta\u015f\u0131mak i\u00e7in kullan\u0131l\u0131r. A\u011f\u0131r y\u00fckleri ta\u015f\u0131ma ve \u00e7e\u015fitli manevralar yapma yetenekleri, onlar\u0131 tar\u0131msal ortamlarda paha bi\u00e7ilmez k\u0131lar ve malzeme y\u00fckleme ve bo\u015faltma gibi g\u00f6revleri kolayla\u015ft\u0131r\u0131r.<\/p>\n<h3>Ekskavat\u00f6rler<\/h3>\n<p>Bom silindiri, kep\u00e7enin topra\u011fa etkili bir \u015fekilde n\u00fcfuz etmesini sa\u011flayarak, \u00e7e\u015fitli in\u015faat ve peyzaj projeleri i\u00e7in hayati \u00f6nem ta\u015f\u0131yan kazma i\u015flemini kolayla\u015ft\u0131r\u0131r. Verimlili\u011fi, kaz\u0131 i\u015flerinde \u00fcretkenli\u011fi ve operasyonel ba\u015far\u0131y\u0131 do\u011frudan etkiler.<\/p>\n<h3>Y\u00fckleyiciler<\/h3>\n<p>\u00d6n y\u00fckleyicilerde, bom silindirleri malzemelerin verimli bir \u015fekilde kald\u0131r\u0131lmas\u0131na ve bo\u015falt\u0131lmas\u0131na yard\u0131mc\u0131 olur. Y\u00fckleyicinin a\u011f\u0131r y\u00fckleri ta\u015f\u0131mas\u0131n\u0131 sa\u011flayarak, agrega, toprak ve di\u011fer a\u011f\u0131r malzemelerin ta\u015f\u0131nmas\u0131 gibi i\u015fler i\u00e7in vazge\u00e7ilmez hale getirirler.<\/p>\n<h2>Tasar\u0131m Hususlar\u0131 ve Se\u00e7im Standartlar\u0131<\/h2>\n<h3>Y\u00fck Kapasitesi<\/h3>\n<p>Bir bom silindiri tasarlan\u0131rken, y\u00fck ta\u015f\u0131ma kapasitesi son derece \u00f6nemlidir. \u00c7al\u0131\u015fma s\u0131ras\u0131nda beklenen maksimum y\u00fck\u00fc ar\u0131za yapmadan kald\u0131rabilmelidir. Bu, ta\u015f\u0131nan malzemelerin a\u011f\u0131rl\u0131\u011f\u0131 ve \u00e7al\u0131\u015fma ortam\u0131 gibi fakt\u00f6rleri de i\u00e7erir.<\/p>\n<h3>S\u0131zd\u0131rmazl\u0131k<\/h3>\n<p>Etkili s\u0131zd\u0131rmazl\u0131k, performans\u0131 ve g\u00fcvenli\u011fi tehlikeye atabilecek hidrolik s\u0131v\u0131 s\u0131z\u0131nt\u0131s\u0131n\u0131 \u00f6nlemek i\u00e7in kritik \u00f6neme sahiptir. Piston contalar\u0131 ve mil contalar\u0131 gibi contalar\u0131n b\u00fct\u00fcnl\u00fc\u011f\u00fc, optimum \u00e7al\u0131\u015fmay\u0131 sa\u011flar ve silindirin \u00f6mr\u00fcn\u00fc uzat\u0131r.<\/p>\n<h3>Dayan\u0131kl\u0131l\u0131k<\/h3>\n<p>Zorlu ortamlarda \u00e7al\u0131\u015fan bom silindirleri i\u00e7in dayan\u0131kl\u0131l\u0131k hayati \u00f6nem ta\u015f\u0131r. Kullan\u0131lan malzemeler ve kaplamalar, \u00f6zellikle d\u0131\u015f mekanlarda hava ko\u015fullar\u0131na maruz kalan uygulamalarda, silindirin \u00f6mr\u00fcn\u00fc uzatmak i\u00e7in a\u015f\u0131nmaya ve korozyona kar\u015f\u0131 diren\u00e7li olmal\u0131d\u0131r.<\/p>\n<h3>Emniyet<\/h3>\n<p>Bom silindiri tasar\u0131m\u0131nda g\u00fcvenlik en \u00f6nemli hususlardan biridir. Hem operat\u00f6rleri hem de makineyi korumak i\u00e7in yeterli g\u00fcvenlik \u00f6zellikleri entegre edilmelidir. Bu, \u00e7al\u0131\u015fma s\u0131ras\u0131nda kazalar\u0131 \u00f6nlemek i\u00e7in bas\u0131n\u00e7 tahliye vanalar\u0131 ve acil durdurma mekanizmalar\u0131n\u0131 i\u00e7erir.<\/p>\n<h3>Bak\u0131m<\/h3>\n<p>Silindirlerin uzun s\u00fcreli ar\u0131za s\u00fcrelerine gerek kalmadan bak\u0131m\u0131n\u0131n yap\u0131labilmesini sa\u011flamak i\u00e7in bak\u0131m kolayl\u0131\u011f\u0131na y\u00f6nelik tasar\u0131m \u00f6nemlidir. Bu, onar\u0131m veya de\u011fi\u015ftirme i\u015flemleri i\u00e7in i\u00e7 bile\u015fenlere kolay eri\u015fim sa\u011flayan \u00f6zellikleri de i\u00e7erir.<\/p>\n<p><img decoding=\"async\" src=\"https:\/\/www.hydraulic-cylinders.net\/wp-content\/uploads\/2025\/04\/songte-oil-pipes-and-spare-parts.webp\" alt=\"Hidrolik Silindir Bile\u015fenleri\"><\/p>\n<h2>Bom Silindirlerinin S\u0131zd\u0131rmazl\u0131\u011f\u0131 ve Ya\u011flanmas\u0131<\/h2>\n<p>Bom silindirlerinin performans\u0131 ve uzun \u00f6mr\u00fc i\u00e7in uygun s\u0131zd\u0131rmazl\u0131k ve ya\u011flama hayati \u00f6nem ta\u015f\u0131r. Hidrolik s\u0131v\u0131 s\u0131z\u0131nt\u0131s\u0131n\u0131 \u00f6nlemek i\u00e7in piston contalar\u0131 ve mil contalar\u0131 gibi \u00e7e\u015fitli contalar kullan\u0131l\u0131r. Poli\u00fcretan ve nitril kau\u00e7uk gibi a\u015f\u0131nmaya dayan\u0131kl\u0131 malzemelerden yap\u0131lan contalar dayan\u0131kl\u0131l\u0131klar\u0131 nedeniyle tercih edilir.<\/p>\n<p>Silindir g\u00f6vdesi ve di\u015fli u\u00e7lar\u0131, a\u015f\u0131nma direncini art\u0131rmak ve zorlu \u00e7al\u0131\u015fma ko\u015fullar\u0131na dayanabilmelerini sa\u011flamak i\u00e7in hassas bir \u015fekilde i\u015flenmi\u015ftir. Sorunsuz \u00e7al\u0131\u015fmay\u0131 s\u00fcrd\u00fcrmek ve i\u00e7 bile\u015fenlerin erken a\u015f\u0131nmas\u0131n\u0131 \u00f6nlemek i\u00e7in d\u00fczenli olarak hidrolik ya\u011f eklenmesi gereklidir.<\/p>\n<h2>\u00d6nleyici Bak\u0131m \u00d6nlemleri<\/h2>\n<ul>\n<li><strong>D\u00fczenli Denetimler:<\/strong> A\u015f\u0131nma veya hasar belirtilerini tespit etmek i\u00e7in periyodik kontroller yap\u0131n. Bu proaktif yakla\u015f\u0131m, sorunlar\u0131n b\u00fcy\u00fck ar\u0131zalara yol a\u00e7madan \u00f6nce ele al\u0131nmas\u0131na yard\u0131mc\u0131 olabilir.<\/li>\n<li><strong>Uygun Ya\u011flama:<\/strong> Ya\u011flamay\u0131 sa\u011flamak, a\u015f\u0131nmay\u0131 \u00f6nlemek ve verimlili\u011fi korumak i\u00e7in silindire d\u00fczenli olarak hidrolik ya\u011f eklenmesini sa\u011flay\u0131n.<\/li>\n<li><strong>Conta De\u011fi\u015fimi:<\/strong> S\u0131z\u0131nt\u0131lar\u0131 \u00f6nlemek ve hidrolik bas\u0131nc\u0131 korumak i\u00e7in contalar\u0131 d\u00fczenli olarak kontrol edin ve gerekti\u011finde de\u011fi\u015ftirin.<\/li>\n<\/ul>\n<h2>Kurulum Talimatlar\u0131<\/h2>\n<p>Bom silindirinin montaj\u0131, optimum performans sa\u011flamak i\u00e7in dikkatli bir \u015fekilde yap\u0131lmal\u0131d\u0131r. \u0130\u015fte do\u011fru montaj ad\u0131mlar\u0131:<\/p>\n<ol>\n<li><strong>Haz\u0131rl\u0131k:<\/strong> Montaja ba\u015flamadan \u00f6nce t\u00fcm montaj braketlerinin ve donan\u0131mlar\u0131n iyi durumda oldu\u011fundan emin olun.<\/li>\n<li><strong>Hizalama:<\/strong> Contalara a\u015f\u0131r\u0131 y\u00fck binmesini ve erken a\u015f\u0131nmay\u0131 \u00f6nlemek i\u00e7in silindiri ba\u011flant\u0131 noktalar\u0131yla do\u011fru \u015fekilde hizalay\u0131n.<\/li>\n<li><strong>G\u00fcvenli Montaj:<\/strong> Silindiri sa\u011flam bir \u015fekilde yerine sabitlemek ve \u00e7al\u0131\u015fma s\u0131ras\u0131nda stabilite sa\u011flamak i\u00e7in uygun montaj braketleri kullan\u0131n.<\/li>\n<li><strong>Hidrolik Ba\u011flant\u0131lar:<\/strong> Hidrolik hortumlar\u0131 silindire ba\u011flay\u0131n ve t\u00fcm ba\u011flant\u0131lar\u0131n s\u0131k\u0131 ve s\u0131zd\u0131rmaz oldu\u011fundan emin olun.<\/li>\n<li><strong>Test:<\/strong> Kurulumdan sonra, silindiri normal \u00e7al\u0131\u015fma ko\u015fullar\u0131 alt\u0131nda test ederek performans\u0131n\u0131 do\u011frulay\u0131n ve herhangi bir s\u0131z\u0131nt\u0131 olup olmad\u0131\u011f\u0131n\u0131 kontrol edin.<\/li>\n<\/ol>\n<h2>Yayg\u0131n Bak\u0131m G\u00f6revleri<\/h2>\n<ul>\n<li><strong>D\u00fczenli Denetimler:<\/strong> Silindir performans\u0131n\u0131 korumak i\u00e7in a\u015f\u0131nma belirtileri veya olas\u0131 sorunlar a\u00e7\u0131s\u0131ndan s\u0131k s\u0131k kontrol yap\u0131lmas\u0131 \u015fartt\u0131r.<\/li>\n<li><strong>Uygun Ya\u011flama:<\/strong> Yeterli ya\u011flaman\u0131n sa\u011flanmas\u0131, i\u00e7 bile\u015fenlerdeki s\u00fcrt\u00fcnmeyi ve a\u015f\u0131nmay\u0131 en aza indirmek ve b\u00f6ylece silindirin \u00f6mr\u00fcn\u00fc uzatmak i\u00e7in kritik \u00f6neme sahiptir.<\/li>\n<li><strong>Conta De\u011fi\u015fimi ve Kalibrasyon:<\/strong> Hidrolik sistemin d\u00fczg\u00fcn \u00e7al\u0131\u015fmas\u0131n\u0131 sa\u011flamak i\u00e7in gerekti\u011finde contalar\u0131 d\u00fczenli olarak de\u011fi\u015ftirin ve kalibrasyon kontrolleri yap\u0131n.<\/li>\n<\/ul>\n<h2>G\u00fcvenlik Hususlar\u0131 ve \u00c7evresel Fakt\u00f6rler<\/h2>\n<p>Bom silindirleriyle \u00e7al\u0131\u015f\u0131rken g\u00fcvenlik \u00f6nlemlerinin uygulanmas\u0131 \u00e7ok \u00f6nemlidir. Operat\u00f6rler, bas\u0131n\u00e7 patlamalar\u0131 veya s\u0131v\u0131 s\u0131z\u0131nt\u0131lar\u0131 gibi hidrolik sistemlerle ili\u015fkili potansiyel tehlikelerin fark\u0131nda olmal\u0131d\u0131r. Uygun e\u011fitim ve g\u00fcvenlik protokollerine uyulmas\u0131 riskleri azaltmaya yard\u0131mc\u0131 olur. Ayr\u0131ca, hava ko\u015fullar\u0131 ve arazi gibi \u00e7al\u0131\u015fma s\u0131ras\u0131nda \u00e7evresel fakt\u00f6rlerin dikkate al\u0131nmas\u0131, makinenin g\u00fcvenli bir \u015fekilde kullan\u0131m\u0131 ve ta\u015f\u0131nmas\u0131 i\u00e7in gereklidir.<\/p>\n<h2>Ar\u0131za Te\u015fhisi ve Yayg\u0131n Sorunlar<\/h2>\n<ul>\n<li><strong>S\u0131zd\u0131ran Contalar:<\/strong> S\u0131k kar\u015f\u0131la\u015f\u0131lan sorunlardan biri, genellikle a\u015f\u0131nm\u0131\u015f veya hasar g\u00f6rm\u00fc\u015f contalardan kaynaklanan hidrolik s\u0131v\u0131 s\u0131z\u0131nt\u0131s\u0131d\u0131r. D\u00fczenli kontroller, bu sorunun erken tespit edilmesine yard\u0131mc\u0131 olabilir.<\/li>\n<li><strong>D\u00fc\u015f\u00fck Performans:<\/strong> Silindirin tepki verme h\u0131z\u0131ndaki azalma, i\u00e7 a\u015f\u0131nmaya veya hidrolik s\u0131v\u0131s\u0131nda kirlenmeye i\u015faret edebilir.<\/li>\n<li><strong>Garip Sesler:<\/strong> \u00c7al\u0131\u015fma s\u0131ras\u0131nda duyulan ola\u011fand\u0131\u015f\u0131 sesler, mekanik sorunlara veya uygunsuz ya\u011flamaya i\u015faret edebilir.<\/li>\n<\/ul>\n<h2>Sorun Giderme \u0130pu\u00e7lar\u0131<\/h2>\n<p>Bom silindirindeki sorunlar\u0131 etkili bir \u015fekilde te\u015fhis etmek ve gidermek i\u00e7in:<\/p>\n<ul>\n<li>Olas\u0131 sorunlar\u0131 erken tespit etmek i\u00e7in d\u00fczenli denetimler ger\u00e7ekle\u015ftirin.<\/li>\n<li>Kirlenmeyi \u00f6nlemek i\u00e7in hidrolik sistemi temiz tutun.<\/li>\n<li>T\u00fcm ba\u011flant\u0131lar\u0131n ve pervazlar\u0131n s\u0131k\u0131 ve g\u00fcvenli oldu\u011fundan emin olun.<\/li>\n<\/ul>\n<p>\u00d6nleyici tedbirlerin uygulanmas\u0131, b\u00fcy\u00fck sorunlar\u0131n ortaya \u00e7\u0131kma olas\u0131l\u0131\u011f\u0131n\u0131 \u00f6nemli \u00f6l\u00e7\u00fcde azaltabilir, sorunsuz \u00e7al\u0131\u015fmay\u0131 sa\u011flayabilir ve ekipman\u0131n kullan\u0131m \u00f6mr\u00fcn\u00fc uzatabilir.<\/p>\n<p><img decoding=\"async\" src=\"https:\/\/www.hydraulic-cylinders.net\/wp-content\/uploads\/2025\/04\/songte-bushings-with-all-kinds-of-excavator-models.webp\" alt=\"Bom Silindiri Bile\u015fenleri\"><\/p>\n<h2>\u015eirketimiz Hakk\u0131nda<\/h2>\n<p>Hidrolik silindirlerin \u00f6nde gelen \u00fcreticisi ve toptanc\u0131s\u0131y\u0131z ve yedek par\u00e7a se\u00e7eneklerinde uzmanla\u015fm\u0131\u015f durumday\u0131z. Geni\u015f \u00fcr\u00fcn yelpazemiz bizi hem yurt i\u00e7i hem de uluslararas\u0131 pazarlarda en iyi \u00fcreticilerden biri konumuna getiriyor. End\u00fcstriyel \u00fcretim y\u00f6netimine \u00f6nem veren rafine bir \u00fcretim stratejisiyle desteklenen kalite m\u00fckemmelli\u011fine ba\u011fl\u0131y\u0131z.<\/p>\n<p>Son teknolojiyle donat\u0131lm\u0131\u015f \u00fcretim tesislerimiz, \u00fcretim kapasitemizi art\u0131rmak i\u00e7in yetenekli teknisyenler, \u00fcst d\u00fczey dijital ekipmanlar ve profesyonel denetim sistemleri kullanmaktad\u0131r. \u00c7e\u015fitli m\u00fc\u015fteri ihtiya\u00e7lar\u0131n\u0131 kar\u015f\u0131layan y\u00fcksek kaliteli \u00fcr\u00fcnler sa\u011flamak i\u00e7in \u00fcretim platformumuzu s\u00fcrekli olarak geli\u015ftirmeye ve \u00fcretim s\u00fcrecini iyile\u015ftirmeye kararl\u0131y\u0131z.<\/p>\n<p>Profesyonelli\u011fe, uluslararas\u0131 sertifikalara, \u00f6zelle\u015ftirme hizmetlerine, geli\u015fmi\u015f \u00fcretim ekipmanlar\u0131na ve ola\u011fan\u00fcst\u00fc sat\u0131\u015f sonras\u0131 hizmete verdi\u011fimiz \u00f6nem, bizi sekt\u00f6rde farkl\u0131 k\u0131l\u0131yor.<\/p>\n<p><img decoding=\"async\" src=\"https:\/\/www.hydraulic-cylinders.net\/wp-content\/uploads\/2025\/04\/songte-company-4.webp\" alt=\"\u015eirket Genel Bak\u0131\u015f\u0131\"><br \/>\n<img decoding=\"async\" src=\"https:\/\/www.hydraulic-cylinders.net\/wp-content\/uploads\/2025\/04\/songte-company-3.webp\" alt=\"\u015eirket Altyap\u0131s\u0131\"><\/p>\n<p>Yazar: lyl<\/p>","protected":false},"excerpt":{"rendered":"<p>Boom Cylinder For XCMG Middle Excavator XE235C Introduction to Boom Cylinder The Boom Cylinder is an essential hydraulic component specifically designed for controlling the motion of the bucket in heavy machinery like excavators, backhoes, and front loaders. It enables the bucket to lift, lower, and tilt, facilitating efficient material handling tasks. In hydraulic systems, boom [&hellip;]<\/p>","protected":false},"featured_media":17880,"comment_status":"open","ping_status":"closed","template":"","meta":{"_et_pb_use_builder":"","_et_pb_old_content":"","_et_gb_content_width":""},"product_brand":[],"product_cat":[1546],"product_tag":[1547,1496],"class_list":{"0":"post-19194","1":"product","2":"type-product","3":"status-publish","4":"has-post-thumbnail","6":"product_cat-boom-cylinders","7":"product_tag-boom-cylinders","8":"product_tag-hydraulic-cylinders","10":"first","11":"instock","12":"shipping-taxable","13":"product-type-simple"},"amp_enabled":true,"_links":{"self":[{"href":"https:\/\/www.hydraulic-cylinders.net\/tr\/wp-json\/wp\/v2\/product\/19194","targetHints":{"allow":["GET"]}}],"collection":[{"href":"https:\/\/www.hydraulic-cylinders.net\/tr\/wp-json\/wp\/v2\/product"}],"about":[{"href":"https:\/\/www.hydraulic-cylinders.net\/tr\/wp-json\/wp\/v2\/types\/product"}],"replies":[{"embeddable":true,"href":"https:\/\/www.hydraulic-cylinders.net\/tr\/wp-json\/wp\/v2\/comments?post=19194"}],"wp:featuredmedia":[{"embeddable":true,"href":"https:\/\/www.hydraulic-cylinders.net\/tr\/wp-json\/wp\/v2\/media\/17880"}],"wp:attachment":[{"href":"https:\/\/www.hydraulic-cylinders.net\/tr\/wp-json\/wp\/v2\/media?parent=19194"}],"wp:term":[{"taxonomy":"product_brand","embeddable":true,"href":"https:\/\/www.hydraulic-cylinders.net\/tr\/wp-json\/wp\/v2\/product_brand?post=19194"},{"taxonomy":"product_cat","embeddable":true,"href":"https:\/\/www.hydraulic-cylinders.net\/tr\/wp-json\/wp\/v2\/product_cat?post=19194"},{"taxonomy":"product_tag","embeddable":true,"href":"https:\/\/www.hydraulic-cylinders.net\/tr\/wp-json\/wp\/v2\/product_tag?post=19194"}],"curies":[{"name":"wp","href":"https:\/\/api.w.org\/{rel}","templated":true}]}}