{"id":19202,"date":"2025-04-07T06:17:49","date_gmt":"2025-04-07T06:17:49","guid":{"rendered":"https:\/\/www.hydraulic-cylinders.net\/product\/boom-cylinder-for-xcmg-large-excavator-xe500m\/"},"modified":"2025-04-07T06:17:59","modified_gmt":"2025-04-07T06:17:59","slug":"boom-cylinder-for-xcmg-large-excavator-xe500m","status":"publish","type":"product","link":"https:\/\/www.hydraulic-cylinders.net\/tr\/urun\/boom-cylinder-for-xcmg-large-excavator-xe500m\/","title":{"rendered":"XCMG B\u00fcy\u00fck Ekskavat\u00f6r XE500M i\u00e7in Bom Silindiri"},"content":{"rendered":"<h1>XCMG B\u00fcy\u00fck Ekskavat\u00f6r XE500M i\u00e7in Bom Silindiri<\/h1>\n<h2>Bom Silindirini Anlamak<\/h2>\n<p>Bom silindiri, \u00f6zellikle ekskavat\u00f6rler olmak \u00fczere a\u011f\u0131r makinelerin hidrolik sisteminde hayati bir bile\u015fendir. Bomun hareketini kontrol etmek, uzat\u0131lmas\u0131n\u0131, geri \u00e7ekilmesini ve e\u011filmesini sa\u011flamak \u00fczere tasarlanm\u0131\u015ft\u0131r. Bu i\u015flevsellik, kazma, kald\u0131rma ve malzeme ta\u015f\u0131ma gibi \u00e7e\u015fitli malzeme ta\u015f\u0131ma g\u00f6revleri i\u00e7in gereklidir. Ekskavat\u00f6rlerde bom silindiri, bomun konumunun hassas bir \u015fekilde kontrol edilmesini sa\u011flayarak in\u015faat ve kaz\u0131 projelerinde optimum performans sa\u011flar.<\/p>\n<p><img decoding=\"async\" src=\"https:\/\/www.hydraulic-cylinders.net\/wp-content\/uploads\/2025\/04\/songte-company-1.webp\" alt=\"Bom Silindiri\"><\/p>\n<h3>Bom Silindirinin Temel \u00d6zellikleri<\/h3>\n<ul>\n<li><strong>Y\u00fcksek Dayan\u0131kl\u0131l\u0131k ve Dayan\u0131kl\u0131l\u0131k:<\/strong> Y\u00fcksek mukavemetli \u00e7elik veya al\u00fcminyumdan \u00fcretilen silindir, y\u00fcksek bas\u0131nca ve a\u011f\u0131r y\u00fcklere dayan\u0131kl\u0131d\u0131r ve bu da onu zorlu \u00e7al\u0131\u015fma ortamlar\u0131 i\u00e7in uygun hale getirir.<\/li>\n<li><strong>Verimli Hidrolik \u00c7al\u0131\u015fma:<\/strong> Hidrolik ya\u011f bas\u0131nc\u0131n\u0131 kullanarak sorunsuz uzatma ve geri \u00e7ekme hareketi sa\u011flar, operat\u00f6r komutlar\u0131na h\u0131zl\u0131 yan\u0131t verir ve g\u00fc\u00e7l\u00fc itme ve \u00e7ekme kuvveti sunar.<\/li>\n<li><strong>\u00c7e\u015fitli T\u00fcrler:<\/strong> \u00c7e\u015fitli operasyonel ihtiya\u00e7lara uygun olarak, tek etkili (hidroli\u011fi tek y\u00f6nde kullanan) veya \u00e7ift etkili (hidroli\u011fi her iki y\u00f6nde kullanan) silindirler gibi se\u00e7enekler mevcuttur.<\/li>\n<li><strong>Kompakt Tasar\u0131m:<\/strong> Baz\u0131 modellerde, d\u0131\u015f boyutlar\u0131 art\u0131rmadan daha fazla uzamaya olanak tan\u0131yan teleskopik tasar\u0131mlar bulunur; bu da dar alanlar i\u00e7in idealdir.<\/li>\n<li><strong>Korozyon Direnci:<\/strong> Korozyona dayan\u0131kl\u0131 malzemeler ve kaplamalarla tasarlanan bu silindir, zorlu \u00e7evre ko\u015fullar\u0131nda kullan\u0131m \u00f6mr\u00fcn\u00fc uzat\u0131r.<\/li>\n<\/ul>\n<h2>\u00dcretim M\u00fckemmelli\u011fi<\/h2>\n<p>Mevcut hidrolik silindirlerin yerini m\u00fckemmel \u015fekilde alan ve makinelerinize sorunsuz entegrasyon sa\u011flayan y\u00fcksek kaliteli bom silindirleri \u00fcretme konusunda uzmanla\u015ft\u0131k.<\/p>\n<p><img decoding=\"async\" src=\"https:\/\/www.hydraulic-cylinders.net\/wp-content\/uploads\/2025\/04\/songte-cylinder-head-with-all-kinds-excavator-models.webp\" alt=\"Ekskavat\u00f6rler i\u00e7in Silindir Kafas\u0131\"><\/p>\n<h2>Bom Silindirinin Uygulamalar\u0131<\/h2>\n<h3>\u0130n\u015faat Ekipmanlar\u0131<\/h3>\n<p>Ekskavat\u00f6rlerde, bom silindiri kazma, y\u00fckleme ve toprak veya moloz ta\u015f\u0131ma i\u015flemlerinde kritik \u00f6neme sahiptir. Bu i\u015flemlerin verimlili\u011fi, bom silindirinin sa\u011flad\u0131\u011f\u0131 hassas kontrole b\u00fcy\u00fck \u00f6l\u00e7\u00fcde ba\u011fl\u0131d\u0131r ve operat\u00f6rlerin g\u00f6revleri h\u0131zl\u0131 ve do\u011fru bir \u015fekilde yerine getirmelerini sa\u011flar.<\/p>\n<h3>Tar\u0131m Makinalar\u0131<\/h3>\n<p>\u00d6n y\u00fckleyicilerde, bom silindiri toprak, saman ve \u00e7e\u015fitli di\u011fer malzemelerin kaz\u0131nmas\u0131n\u0131, kald\u0131r\u0131lmas\u0131n\u0131 ve ta\u015f\u0131nmas\u0131n\u0131 kolayla\u015ft\u0131r\u0131r. \u00c7iftliklerde verimlili\u011fi art\u0131rmada ve i\u015flerin verimli bir \u015fekilde tamamlanmas\u0131n\u0131 sa\u011flamada \u00e7ok \u00f6nemli bir rol oynar.<\/p>\n<h3>Ekskavat\u00f6rler<\/h3>\n<p>Ekskavat\u00f6rlerde, bom silindiri, kep\u00e7enin kaz\u0131 faaliyetleri i\u00e7in zemine n\u00fcfuz etmesini sa\u011flar. Kaz\u0131 i\u015flerinde gerekli derinli\u011fe ve do\u011frulu\u011fa ula\u015fmak i\u00e7in g\u00fcvenilir i\u015flevi vazge\u00e7ilmezdir ve proje zaman \u00e7izelgelerini \u00f6nemli \u00f6l\u00e7\u00fcde etkiler.<\/p>\n<h3>Y\u00fckleyiciler<\/h3>\n<p>\u00d6n y\u00fckleyicilerde, bom silindiri malzemelerin etkili bir \u015fekilde kald\u0131r\u0131lmas\u0131na ve bo\u015falt\u0131lmas\u0131na yard\u0131mc\u0131 olur. Bu operasyonel yetenek, \u015fantiyedeki malzeme ta\u015f\u0131ma s\u00fcre\u00e7lerini optimize etmek ve maksimum verimlili\u011fi sa\u011flamak i\u00e7in son derece \u00f6nemlidir.<\/p>\n<h2>Tasar\u0131m Hususlar\u0131 ve Se\u00e7im Kriterleri<\/h2>\n<h3>Y\u00fck Kapasitesi<\/h3>\n<p>Bom silindirinin y\u00fck ta\u015f\u0131ma kapasitesi, a\u011f\u0131r makinelerin \u00e7al\u0131\u015fma taleplerini ar\u0131za riski olmadan kar\u015f\u0131layabilmesini sa\u011flamak i\u00e7in \u00e7ok \u00f6nemlidir. Uygulaman\u0131z\u0131n a\u011f\u0131rl\u0131k gereksinimlerini anlamak, do\u011fru silindiri se\u00e7menize yard\u0131mc\u0131 olacakt\u0131r.<\/p>\n<h3>S\u0131zd\u0131rmazl\u0131k<\/h3>\n<p>Etkili contalar, hidrolik bas\u0131nc\u0131n korunmas\u0131 ve s\u0131v\u0131 s\u0131z\u0131nt\u0131lar\u0131n\u0131n \u00f6nlenmesi i\u00e7in kritik \u00f6neme sahiptir. Uzun \u00f6m\u00fcr ve performans sa\u011flamak i\u00e7in poli\u00fcretan veya nitril kau\u00e7uk gibi dayan\u0131kl\u0131 malzemelerden yap\u0131lm\u0131\u015f y\u00fcksek kaliteli contalar se\u00e7ilmelidir.<\/p>\n<h3>Dayan\u0131kl\u0131l\u0131k<\/h3>\n<p>Bom silindirleri genellikle zorlu ortamlarda \u00e7al\u0131\u015ft\u0131\u011f\u0131 i\u00e7in dayan\u0131kl\u0131l\u0131k son derece \u00f6nemlidir. Malzeme se\u00e7imi ve koruyucu kaplamalar, silindirin \u00f6mr\u00fcn\u00fc ve g\u00fcvenilirli\u011fini do\u011frudan etkiler.<\/p>\n<h3>Emniyet<\/h3>\n<p>G\u00fcvenlik \u00f6zelliklerinin entegre edilmesi \u00e7ok \u00f6nemlidir. Bom silindiri, beklenmedik ar\u0131zalar\u0131 \u00f6nleyecek mekanizmalar i\u00e7ermeli ve her ko\u015fulda g\u00fcvenli \u00e7al\u0131\u015fma sa\u011flamal\u0131d\u0131r. D\u00fczenli testler ve g\u00fcvenlik standartlar\u0131na uyum son derece \u00f6nemlidir.<\/p>\n<h3>Bak\u0131m Eri\u015filebilirli\u011fi<\/h3>\n<p>Kolay bak\u0131m i\u00e7in tasar\u0131m, ar\u0131za s\u00fcrelerini azaltabilir. H\u0131zl\u0131 inceleme ve onar\u0131mlara olanak sa\u011flayan \u00f6zellikler, bom silindirini kullanan a\u011f\u0131r makinelerin operasyonel verimlili\u011fini \u00f6nemli \u00f6l\u00e7\u00fcde art\u0131rabilir.<\/p>\n<p><img decoding=\"async\" src=\"https:\/\/www.hydraulic-cylinders.net\/wp-content\/uploads\/2025\/04\/songte-oil-pipes-and-spare-parts.webp\" alt=\"Petrol Borular\u0131 ve Yedek Par\u00e7alar\u0131\"><\/p>\n<h2>S\u0131zd\u0131rmazl\u0131k ve Ya\u011flama<\/h2>\n<p>Piston contalar\u0131 ve mil contalar\u0131 gibi \u00e7e\u015fitli contalar kullan\u0131larak etkili s\u0131zd\u0131rmazl\u0131k sa\u011flan\u0131r. Poli\u00fcretan ve nitril kau\u00e7uk gibi a\u015f\u0131nmaya dayan\u0131kl\u0131 malzemelerin tercih edilmesi dayan\u0131kl\u0131l\u0131\u011f\u0131 art\u0131r\u0131r. Silindir g\u00f6vdesi ve di\u015fli u\u00e7lar, a\u015f\u0131nma direncini art\u0131rmak ve uzun \u00f6m\u00fcrl\u00fcl\u00fc\u011f\u00fc sa\u011flamak i\u00e7in titiz bir i\u015flemden ge\u00e7irilir. Sorunsuz \u00e7al\u0131\u015fmay\u0131 s\u00fcrd\u00fcrmek ve i\u00e7 bile\u015fenlerde a\u015f\u0131nmay\u0131 \u00f6nlemek i\u00e7in hidrolik ya\u011f ile d\u00fczenli ya\u011flama da gereklidir.<\/p>\n<h2>\u00d6nleyici Bak\u0131m \u00d6nlemleri<\/h2>\n<ul>\n<li><strong>D\u00fczenli Denetimler:<\/strong> Olas\u0131 sorunlar\u0131 daha da b\u00fcy\u00fcmeden tespit etmek i\u00e7in rutin olarak s\u0131z\u0131nt\u0131, a\u015f\u0131nma ve genel durum kontrolleri yap\u0131n.<\/li>\n<li><strong>Uygun Ya\u011flama:<\/strong> \u00c7al\u0131\u015fman\u0131n sorunsuz devam etmesi ve silindir i\u00e7indeki s\u00fcrt\u00fcnmenin azalt\u0131lmas\u0131 i\u00e7in hidrolik ya\u011f seviyelerinin yeterli oldu\u011fundan emin olun.<\/li>\n<li><strong>Conta De\u011fi\u015fimi:<\/strong> Hidrolik s\u0131v\u0131 s\u0131z\u0131nt\u0131lar\u0131n\u0131 \u00f6nlemek ve performans\u0131 korumak i\u00e7in contalar\u0131 d\u00fczenli olarak a\u015f\u0131nma a\u00e7\u0131s\u0131ndan kontrol edin ve gerekti\u011finde de\u011fi\u015ftirin.<\/li>\n<\/ul>\n<h2>Kurulum Talimatlar\u0131<\/h2>\n<p>Bom silindirinin optimum performans\u0131 i\u00e7in do\u011fru montaj \u00e7ok \u00f6nemlidir. \u00d6ncelikle \u00e7evrenin temiz ve kal\u0131nt\u0131lardan ar\u0131nd\u0131r\u0131lm\u0131\u015f oldu\u011fundan emin olun. Bile\u015fenler \u00fczerinde gereksiz gerilimi \u00f6nlemek i\u00e7in silindiri do\u011fru \u015fekilde hizalay\u0131n. Silindiri sa\u011flam bir \u015fekilde yerine sabitlemek i\u00e7in uygun montaj braketlerini kullan\u0131n. Tork ayarlar\u0131 i\u00e7in \u00fcreticinin spesifikasyonlar\u0131n\u0131 izleyin ve montajdan sonra hizalamay\u0131 kontrol edin. Son olarak, silindirin do\u011fru \u00e7al\u0131\u015ft\u0131\u011f\u0131n\u0131 do\u011frulamak i\u00e7in hidrolik sistemin kapsaml\u0131 bir testini ger\u00e7ekle\u015ftirin.<\/p>\n<p><img decoding=\"async\" src=\"https:\/\/www.hydraulic-cylinders.net\/wp-content\/uploads\/2025\/04\/songte-chushion-collar.webp\" alt=\"Yast\u0131k Yaka\"><\/p>\n<h2>Yayg\u0131n Bak\u0131m G\u00f6revleri<\/h2>\n<h3>D\u00fczenli Denetimler<\/h3>\n<p>S\u0131k yap\u0131lan kontroller, a\u015f\u0131nma veya s\u0131z\u0131nt\u0131 gibi sorunlar\u0131 erken tespit etmeye yard\u0131mc\u0131 olur. Planl\u0131 aral\u0131klarla yap\u0131lan kapsaml\u0131 bir inceleme, silindirin do\u011fru ve g\u00fcvenli bir \u015fekilde \u00e7al\u0131\u015fmas\u0131n\u0131 sa\u011flayarak ar\u0131za s\u00fcrelerini ve maliyetli onar\u0131mlar\u0131 en aza indirir.<\/p>\n<h3>Uygun Ya\u011flama<\/h3>\n<p>Hidrolik bile\u015fenlerin yeterli ya\u011flanmas\u0131n\u0131n sa\u011flanmas\u0131 \u00e7ok \u00f6nemlidir. Bu i\u015flem s\u00fcrt\u00fcnmeyi ve a\u015f\u0131nmay\u0131 azaltarak sorunsuz \u00e7al\u0131\u015fmay\u0131 sa\u011flar ve silindirin \u00f6mr\u00fcn\u00fc \u00f6nemli \u00f6l\u00e7\u00fcde uzat\u0131r.<\/p>\n<h3>Conta De\u011fi\u015fimi<\/h3>\n<p>Zamanla, contalar bozulabilir ve hidrolik s\u0131v\u0131 s\u0131z\u0131nt\u0131lar\u0131na yol a\u00e7abilir. Sistem bas\u0131nc\u0131n\u0131 ve i\u015flevselli\u011fini korumak i\u00e7in bu contalar\u0131n d\u00fczenli olarak de\u011fi\u015ftirilmesi \u015fartt\u0131r.<\/p>\n<h2>G\u00fcvenlik Hususlar\u0131 ve \u00c7evresel Fakt\u00f6rler<\/h2>\n<p>Hidrolik sistemlerle \u00e7al\u0131\u015f\u0131rken, kazalar\u0131 \u00f6nlemek i\u00e7in g\u00fcvenlik protokollerine uymak \u00e7ok \u00f6nemlidir. Ki\u015fisel koruyucu ekipman (KKD) kullan\u0131m\u0131 ve operat\u00f6rlerin uygun \u015fekilde e\u011fitilmesi, hidrolik ar\u0131zalarla ili\u015fkili riskleri en aza indirir. Ayr\u0131ca, \u00e7evre dostu hidrolik s\u0131v\u0131lar kullan\u0131larak ve at\u0131k malzemeler sorumlu bir \u015fekilde bertaraf edilerek \u00e7evresel etki de g\u00f6z \u00f6n\u00fcnde bulundurulmal\u0131d\u0131r.<\/p>\n<h2>Sorun Giderme ve Yayg\u0131n Sorunlar<\/h2>\n<ul>\n<li><strong>S\u0131z\u0131nt\u0131:<\/strong> Bu durum genellikle a\u015f\u0131nm\u0131\u015f contalardan veya yanl\u0131\u015f montajdan kaynaklan\u0131r. D\u00fczenli kontroller ve bak\u0131m bu sorunu \u00f6nleyebilir.<\/li>\n<li><strong>Yava\u015f Tepki:<\/strong> Yava\u015f hareket eden bir silindir, hidrolik s\u0131v\u0131 seviyesinin d\u00fc\u015f\u00fck oldu\u011funu veya hidrolik hatlarda t\u0131kan\u0131kl\u0131k oldu\u011funu g\u00f6sterebilir. Gerekirse kontrol edin ve s\u0131v\u0131 ekleyin.<\/li>\n<li><strong>A\u015f\u0131r\u0131 G\u00fcr\u00fclt\u00fc:<\/strong> \u00c7al\u0131\u015fma s\u0131ras\u0131nda duyulan ola\u011fand\u0131\u015f\u0131 sesler, i\u00e7 a\u015f\u0131nma veya hasara i\u015faret edebilir. Daha fazla hasar\u0131 \u00f6nlemek i\u00e7in derhal inceleme yap\u0131lmas\u0131 \u00e7ok \u00f6nemlidir.<\/li>\n<\/ul>\n<h2>Sorun \u00c7\u00f6z\u00fcm\u00fc \u0130\u00e7in \u0130pu\u00e7lar\u0131<\/h2>\n<p>Hidrolik sorunlar\u0131n\u0131 etkili bir \u015fekilde gidermek i\u00e7in, \u00f6ncelikle makinenin kullan\u0131m k\u0131lavuzundaki hata kodlar\u0131na bak\u0131n. S\u0131z\u0131nt\u0131 veya hasar olup olmad\u0131\u011f\u0131n\u0131 g\u00f6rsel olarak kontrol edin. Ya\u011flama ve conta kontrolleri de dahil olmak \u00fczere d\u00fczenli bak\u0131m, yayg\u0131n sorunlar\u0131n \u00f6nlenmesi i\u00e7in hayati \u00f6nem ta\u015f\u0131r. \u00d6nleyici bak\u0131m plan\u0131 uygulamak, ciddi hidrolik sorunlar\u0131n olas\u0131l\u0131\u011f\u0131n\u0131 \u00f6nemli \u00f6l\u00e7\u00fcde azaltabilir.<\/p>\n<p><img decoding=\"async\" src=\"https:\/\/www.hydraulic-cylinders.net\/wp-content\/uploads\/2025\/04\/songte-bushings-with-all-kinds-of-excavator-models.webp\" alt=\"Ekskavat\u00f6rler i\u00e7in Bur\u00e7lar\"><\/p>\n<h2>\u015eirket Genel Bak\u0131\u015f\u0131<\/h2>\n<p>\u00d6nde gelen hidrolik silindir \u00fcreticisi ve toptanc\u0131s\u0131 olarak \u015firketimiz, geni\u015f \u00fcr\u00fcn yelpazesiyle tan\u0131nmaktad\u0131r. Geli\u015fmi\u015f bir \u00fcretim y\u00f6netim stratejisiyle desteklenen kalite m\u00fckemmelli\u011fi ilkesine ba\u011fl\u0131y\u0131z. Nitelikli personelimizden, geli\u015fmi\u015f dijital \u00fcretim teknolojilerimizden ve profesyonel test sistemlerimizden yararlanma taahh\u00fcd\u00fcm\u00fcz, \u00e7e\u015fitli m\u00fc\u015fteri ihtiya\u00e7lar\u0131n\u0131 etkili bir \u015fekilde kar\u015f\u0131lamam\u0131z\u0131 sa\u011flamaktad\u0131r.<\/p>\n<p><img decoding=\"async\" src=\"https:\/\/www.hydraulic-cylinders.net\/wp-content\/uploads\/2025\/04\/songte-company-4.webp\" alt=\"\u00dcretim Tesisi\"><br \/>\n<img decoding=\"async\" src=\"https:\/\/www.hydraulic-cylinders.net\/wp-content\/uploads\/2025\/04\/songte-company-3.webp\" alt=\"\u00dcretim Ekipmanlar\u0131\"><\/p>\n<h2>\u00c7\u00f6z\u00fcm<\/h2>\n<p>Profesyonelli\u011fe, uluslararas\u0131 sertifikalara ve \u00f6zelle\u015ftirilmi\u015f hizmetlere odaklanan firmam\u0131z, en son teknolojiye sahip \u00fcretim ekipmanlar\u0131m\u0131z ve \u00f6zverili sat\u0131\u015f sonras\u0131 hizmetlerimizle gurur duymaktad\u0131r. \u00dcr\u00fcnlerimiz en y\u00fcksek standartlar\u0131 kar\u015f\u0131layacak \u015fekilde tasarlanm\u0131\u015f olup, m\u00fc\u015fteri memnuniyetini ve uzun vadeli g\u00fcvenilirli\u011fi garanti etmektedir.<\/p>\n<p>Yazar: lyl<\/p>","protected":false},"excerpt":{"rendered":"<p>Boom Cylinder For XCMG Large Excavator XE500M Understanding the Boom Cylinder The boom cylinder is a vital component in the hydraulic system of heavy machinery, particularly excavators. It is designed to control the movement of the boom, allowing it to extend, retract, and tilt. This functionality is essential for various material handling tasks, such as [&hellip;]<\/p>","protected":false},"featured_media":17873,"comment_status":"open","ping_status":"closed","template":"","meta":{"_et_pb_use_builder":"","_et_pb_old_content":"","_et_gb_content_width":""},"product_brand":[],"product_cat":[1546],"product_tag":[1547,1496],"class_list":{"0":"post-19202","1":"product","2":"type-product","3":"status-publish","4":"has-post-thumbnail","6":"product_cat-boom-cylinders","7":"product_tag-boom-cylinders","8":"product_tag-hydraulic-cylinders","10":"first","11":"instock","12":"shipping-taxable","13":"product-type-simple"},"amp_enabled":true,"_links":{"self":[{"href":"https:\/\/www.hydraulic-cylinders.net\/tr\/wp-json\/wp\/v2\/product\/19202","targetHints":{"allow":["GET"]}}],"collection":[{"href":"https:\/\/www.hydraulic-cylinders.net\/tr\/wp-json\/wp\/v2\/product"}],"about":[{"href":"https:\/\/www.hydraulic-cylinders.net\/tr\/wp-json\/wp\/v2\/types\/product"}],"replies":[{"embeddable":true,"href":"https:\/\/www.hydraulic-cylinders.net\/tr\/wp-json\/wp\/v2\/comments?post=19202"}],"wp:featuredmedia":[{"embeddable":true,"href":"https:\/\/www.hydraulic-cylinders.net\/tr\/wp-json\/wp\/v2\/media\/17873"}],"wp:attachment":[{"href":"https:\/\/www.hydraulic-cylinders.net\/tr\/wp-json\/wp\/v2\/media?parent=19202"}],"wp:term":[{"taxonomy":"product_brand","embeddable":true,"href":"https:\/\/www.hydraulic-cylinders.net\/tr\/wp-json\/wp\/v2\/product_brand?post=19202"},{"taxonomy":"product_cat","embeddable":true,"href":"https:\/\/www.hydraulic-cylinders.net\/tr\/wp-json\/wp\/v2\/product_cat?post=19202"},{"taxonomy":"product_tag","embeddable":true,"href":"https:\/\/www.hydraulic-cylinders.net\/tr\/wp-json\/wp\/v2\/product_tag?post=19202"}],"curies":[{"name":"wp","href":"https:\/\/api.w.org\/{rel}","templated":true}]}}