{"id":19204,"date":"2025-04-07T06:18:01","date_gmt":"2025-04-07T06:18:01","guid":{"rendered":"https:\/\/www.hydraulic-cylinders.net\/product\/boom-cylinder-for-xcmg-large-excavator-xe470c\/"},"modified":"2025-04-07T06:18:03","modified_gmt":"2025-04-07T06:18:03","slug":"boom-cylinder-for-xcmg-large-excavator-xe470c","status":"publish","type":"product","link":"https:\/\/www.hydraulic-cylinders.net\/tr\/urun\/boom-cylinder-for-xcmg-large-excavator-xe470c\/","title":{"rendered":"XCMG B\u00fcy\u00fck Ekskavat\u00f6r XE470C i\u00e7in Bom Silindiri"},"content":{"rendered":"<h1>XCMG B\u00fcy\u00fck Ekskavat\u00f6r XE470C i\u00e7in Bom Silindiri<\/h1>\n<h2>Bom Silindirine Giri\u015f<\/h2>\n<p>Bom silindiri, \u00f6zellikle XCMG XE470C gibi b\u00fcy\u00fck ekskavat\u00f6rler i\u00e7in tasarlanm\u0131\u015f, a\u011f\u0131r makinelerde \u00e7ok \u00f6nemli bir bile\u015fendir. Bu hidrolik silindir, ekskavat\u00f6r\u00fcn bomunun hareketini kontrol ederek etkili bir \u015fekilde kald\u0131rma, indirme ve e\u011fme i\u015flemlerini ger\u00e7ekle\u015ftirmesini sa\u011flar. Bom silindirinin i\u015flevselli\u011fi, kazma, kald\u0131rma ve malzeme ta\u015f\u0131ma gibi g\u00f6revleri kolayla\u015ft\u0131rarak, \u00e7e\u015fitli uygulamalarda a\u011f\u0131r makinelerin \u00e7al\u0131\u015fmas\u0131 i\u00e7in ayr\u0131lmaz bir par\u00e7ad\u0131r.<\/p>\n<p><img decoding=\"async\" src=\"https:\/\/www.hydraulic-cylinders.net\/wp-content\/uploads\/2025\/04\/songte-company-1.webp\" alt=\"Bom Silindiri G\u00f6r\u00fcnt\u00fcs\u00fc\"><\/p>\n<h3>Tan\u0131m ve Genel Bak\u0131\u015f<\/h3>\n<p>Bom silindiri, ekskavat\u00f6rler, beko y\u00fckleyiciler ve \u00f6n y\u00fckleyiciler gibi a\u011f\u0131r ekipmanlarda bulunan ve kontroll\u00fc ortamlarda \u00f6zel olarak kullan\u0131lan bir hidrolik silindir t\u00fcr\u00fcd\u00fcr. Bu silindirler, toprak ve molozun kaz\u0131lmas\u0131 ve ta\u015f\u0131nmas\u0131n\u0131 sa\u011flayarak verimli malzeme ta\u015f\u0131ma g\u00f6revleri i\u00e7in hayati \u00f6neme sahiptir. Hidrolik sistem, do\u011frusal hareket olu\u015fturmak i\u00e7in bas\u0131n\u00e7l\u0131 s\u0131v\u0131 kullan\u0131r ve bu da onu a\u011f\u0131r kald\u0131rma ve hassas hareketler i\u00e7in vazge\u00e7ilmez k\u0131lar.<\/p>\n<h2>Bom Silindirinin \u00d6zellikleri<\/h2>\n<ul>\n<li><strong>Y\u00fcksek Dayan\u0131kl\u0131l\u0131k ve Dayan\u0131kl\u0131l\u0131k:<\/strong> Y\u00fcksek mukavemetli \u00e7elik veya al\u00fcminyumdan \u00fcretilmi\u015f, y\u00fcksek bas\u0131nca ve a\u011f\u0131r y\u00fcklere dayanabilen, zorlu \u00e7al\u0131\u015fma ko\u015fullar\u0131na dayanacak \u015fekilde tasarlanm\u0131\u015f ve a\u015f\u0131nma ve korozyon direnci sayesinde kullan\u0131m \u00f6mr\u00fcn\u00fc uzatan bir \u00fcr\u00fcnd\u00fcr.<\/li>\n<li><strong>Verimli Hidrolik \u00c7al\u0131\u015fma:<\/strong> Hidrolik ya\u011f bas\u0131nc\u0131n\u0131 kullanarak d\u00fczg\u00fcn uzatma ve geri \u00e7ekme hareketi sa\u011flar, operat\u00f6r komutlar\u0131na h\u0131zl\u0131 yan\u0131t verir ve a\u011f\u0131r ve karma\u015f\u0131k i\u015fler i\u00e7in uygun \u00f6nemli itme ve \u00e7ekme kuvveti sunar.<\/li>\n<li><strong>\u00c7e\u015fitli T\u00fcrler:<\/strong> Tek y\u00f6nl\u00fc (tek y\u00f6nde \u00e7al\u0131\u015fan) veya \u00e7ift y\u00f6nl\u00fc (iki y\u00f6nde \u00e7al\u0131\u015fan) konfig\u00fcrasyonlarda bulunan baz\u0131 modeller, d\u0131\u015f boyutlar\u0131 art\u0131rmadan daha fazla uzatma sa\u011flayan teleskopik bir tasar\u0131ma sahiptir; bu da dar alanlar i\u00e7in avantajl\u0131d\u0131r.<\/li>\n<li><strong>Uyumluluk:<\/strong> Bom silindirlerimiz, \u00e7e\u015fitli hidrolik silindir modellerinin m\u00fckemmel yerine ge\u00e7ecek \u015fekilde tasarlanm\u0131\u015ft\u0131r ve sorunsuz entegrasyon ve i\u015flevsellik sa\u011flar.<\/li>\n<li><strong>\u00d6zelle\u015ftirilebilir Se\u00e7enekler:<\/strong> \u0130\u015fletmenin \u00f6zel ihtiya\u00e7lar\u0131n\u0131 kar\u015f\u0131lamak \u00fczere uyarlanm\u0131\u015f \u00e7\u00f6z\u00fcmler sunarak, her t\u00fcrl\u00fc a\u011f\u0131r makine uygulamas\u0131 i\u00e7in do\u011fru uyumu sa\u011fl\u0131yoruz.<\/li>\n<\/ul>\n<p><img decoding=\"async\" src=\"https:\/\/www.hydraulic-cylinders.net\/wp-content\/uploads\/2025\/04\/songte-cylinder-head-with-all-kinds-excavator-models.webp\" alt=\"Bom Silindiri Uyumluluk G\u00f6r\u00fcnt\u00fcs\u00fc\"><\/p>\n<h2>Bom Silindirinin Uygulamalar\u0131<\/h2>\n<h3>\u0130n\u015faat Ekipmanlar\u0131<\/h3>\n<p>Ekskavat\u00f6rlerde, bom silindirleri toprak veya moloz kazma, y\u00fckleme ve ta\u015f\u0131ma i\u015flemlerinde \u00e7ok \u00f6nemli bir rol oynar. Bomun uzay\u0131p k\u0131salabilme \u00f6zelli\u011fi, operat\u00f6rlerin \u00e7e\u015fitli derinliklere ve y\u00fcksekliklere verimli bir \u015fekilde ula\u015fmas\u0131n\u0131 sa\u011flar. Ayr\u0131ca, kaz\u0131c\u0131 y\u00fckleyicilerde bom silindiri sadece kaz\u0131 i\u015fleminde de\u011fil, ayn\u0131 zamanda malzemeleri kamyonlara veya konvey\u00f6rlere y\u00fcklemek i\u00e7in kep\u00e7eyi kald\u0131rmada da yard\u0131mc\u0131 olarak \u015fantiyelerdeki i\u015f ak\u0131\u015f\u0131n\u0131 optimize eder.<\/p>\n<h3>Tar\u0131m Makinalar\u0131<\/h3>\n<p>\u00d6n y\u00fckleyicilerde, bom silindirleri toprak, saman ve di\u011fer malzemeleri kep\u00e7elemek, kald\u0131rmak ve ta\u015f\u0131mak i\u00e7in kullan\u0131l\u0131r. Hidrolik sistem, \u00e7ift\u00e7ilerin d\u00f6kme malzemeleri kolayl\u0131kla ta\u015f\u0131mas\u0131n\u0131 sa\u011flayarak ekim ve hasat mevsimlerinde verimlili\u011fi art\u0131r\u0131r. Bom silindirinin sa\u011flad\u0131\u011f\u0131 hassasiyet ve g\u00fc\u00e7, verimli tarla \u00e7al\u0131\u015fmalar\u0131 ve kaynak y\u00f6netimi i\u00e7in \u00e7ok \u00f6nemlidir.<\/p>\n<h3>Ekskavat\u00f6rler<\/h3>\n<p>Ekskavat\u00f6rlerde, bom silindiri, kep\u00e7enin topra\u011fa etkili bir \u015fekilde n\u00fcfuz etmesini sa\u011flayarak kazma i\u015flemini m\u00fcmk\u00fcn k\u0131lar. Bu n\u00fcfuz etme yetene\u011fi, hendek a\u00e7madan saha haz\u0131rl\u0131\u011f\u0131na kadar \u00e7e\u015fitli kaz\u0131 i\u015fleri i\u00e7in hayati \u00f6nem ta\u015f\u0131r. Hidrolik g\u00fc\u00e7, kep\u00e7enin denge ve kontrol\u00fc koruyarak zeminin derinliklerine ula\u015fmas\u0131n\u0131 sa\u011flar.<\/p>\n<h3>Y\u00fckleyiciler<\/h3>\n<p>\u00d6n y\u00fckleyicilerde, bom silindirleri y\u00fcklerin verimli bir \u015fekilde kald\u0131r\u0131lmas\u0131na ve bo\u015falt\u0131lmas\u0131na yard\u0131mc\u0131 olur. Kep\u00e7enin a\u00e7\u0131s\u0131n\u0131 ve y\u00fcksekli\u011fini kontrol edebilme yetene\u011fi, etkili malzeme ta\u015f\u0131ma i\u00e7in kritik \u00f6neme sahiptir ve operat\u00f6rlerin her g\u00f6revde harcanan \u00e7aba ve zaman\u0131 en aza indirirken verimlili\u011fi en \u00fcst d\u00fczeye \u00e7\u0131karmalar\u0131n\u0131 sa\u011flar.<\/p>\n<h2>Tasar\u0131m Hususlar\u0131 ve Se\u00e7im Kriterleri<\/h2>\n<h3>Y\u00fck Kapasitesi<\/h3>\n<p>Bom silindirinin y\u00fck ta\u015f\u0131ma kapasitesi, temel tasar\u0131m hususlar\u0131ndan biridir. Ta\u015f\u0131nan malzemelerin maksimum a\u011f\u0131rl\u0131\u011f\u0131n\u0131 ar\u0131za riski olmadan kald\u0131rabilmelidir. Y\u00fck ta\u015f\u0131ma kapasitesinin ard\u0131ndaki m\u00fchendislik, stres alt\u0131nda g\u00fcvenilirli\u011fi sa\u011flamak i\u00e7in titiz testler ve sa\u011flam malzemelerin se\u00e7ilmesini i\u00e7erir.<\/p>\n<h3>S\u0131zd\u0131rmazl\u0131k B\u00fct\u00fcnl\u00fc\u011f\u00fc<\/h3>\n<p>Hidrolik sistem i\u00e7indeki bas\u0131nc\u0131n korunmas\u0131 i\u00e7in s\u0131zd\u0131rmazl\u0131k hayati \u00f6nem ta\u015f\u0131r. Do\u011fru s\u0131zd\u0131rmazl\u0131k elemanlar\u0131 s\u0131z\u0131nt\u0131lar\u0131 \u00f6nler ve verimli \u00e7al\u0131\u015fmay\u0131 sa\u011flar. Y\u00fcksek kaliteli s\u0131zd\u0131rmazl\u0131k malzemeleri ve tasar\u0131mlar\u0131n\u0131n kullan\u0131m\u0131, a\u015f\u0131nmay\u0131 en aza indirerek hidrolik silindirin \u00f6mr\u00fcn\u00fc uzat\u0131r.<\/p>\n<h3>Dayan\u0131kl\u0131l\u0131k<\/h3>\n<p>\u00d6zellikle zorlu ortamlarda dayan\u0131kl\u0131l\u0131k kritik bir fakt\u00f6rd\u00fcr. Bom silindirleri yaln\u0131zca y\u00fcklerin a\u011f\u0131rl\u0131\u011f\u0131na de\u011fil, ayn\u0131 zamanda toz, nem ve s\u0131cakl\u0131k de\u011fi\u015fimleri gibi \u00e7evresel zorluklara da dayanacak \u015fekilde tasarlanmal\u0131d\u0131r. Geli\u015fmi\u015f kaplamalar ve i\u015flemler, a\u015f\u0131nmaya ve korozyona kar\u015f\u0131 direnci art\u0131r\u0131r.<\/p>\n<h3>G\u00fcvenlik \u00d6zellikleri<\/h3>\n<p>Hidrolik silindir tasar\u0131m\u0131nda g\u00fcvenlik her \u015feyden \u00f6nemlidir. Bas\u0131n\u00e7 tahliye vanalar\u0131 ve a\u015f\u0131r\u0131 y\u00fck sens\u00f6rleri gibi \u00f6zelliklerin entegre edilmesi, kazalar\u0131 ve ekipman hasar\u0131n\u0131 \u00f6nleyebilir. Bu g\u00fcvenlik \u00f6nlemleri, operat\u00f6rlerin korunmas\u0131 ve makinelerin uzun \u00f6m\u00fcrl\u00fc olmas\u0131 i\u00e7in hayati \u00f6nem ta\u015f\u0131r.<\/p>\n<h3>Bak\u0131m Eri\u015filebilirli\u011fi<\/h3>\n<p>Bak\u0131m eri\u015filebilirli\u011fini g\u00f6z \u00f6n\u00fcnde bulunduran tasar\u0131m, operat\u00f6rlerin kapsaml\u0131 s\u00f6kme i\u015flemlerine gerek kalmadan rutin kontrolleri ve onar\u0131mlar\u0131 ger\u00e7ekle\u015ftirebilmelerini sa\u011flar. Bu, ar\u0131za s\u00fcrelerini en aza indirmek ve operasyonel verimlili\u011fi korumak i\u00e7in \u00e7ok \u00f6nemlidir. Kritik bile\u015fenlere kolay eri\u015fim, bak\u0131m maliyetlerini ve i\u015f\u00e7ilik s\u00fcresini \u00f6nemli \u00f6l\u00e7\u00fcde azaltabilir.<\/p>\n<p><img decoding=\"async\" src=\"https:\/\/www.hydraulic-cylinders.net\/wp-content\/uploads\/2025\/04\/songte-oil-pipes-and-spare-parts.webp\" alt=\"Hidrolik Bile\u015fenler G\u00f6rseli\"><\/p>\n<h2>S\u0131zd\u0131rmazl\u0131k ve Ya\u011flama<\/h2>\n<p>Hidrolik sistemlerin b\u00fct\u00fcnl\u00fc\u011f\u00fc, etkili s\u0131zd\u0131rmazl\u0131k ve ya\u011flamaya ba\u011fl\u0131d\u0131r. Piston contalar\u0131 ve mil contalar\u0131 da dahil olmak \u00fczere \u00e7e\u015fitli contalar, s\u0131v\u0131 s\u0131z\u0131nt\u0131s\u0131n\u0131 \u00f6nlemek i\u00e7in gereklidir. Poli\u00fcretan ve nitril kau\u00e7uk gibi malzemeler, dayan\u0131kl\u0131l\u0131klar\u0131 ve a\u015f\u0131nmaya kar\u015f\u0131 diren\u00e7leri nedeniyle yayg\u0131n olarak kullan\u0131l\u0131r. Silindir g\u00f6vdesi ve di\u015fli u\u00e7lar, dayan\u0131kl\u0131l\u0131\u011f\u0131 ve performans\u0131 art\u0131rmak i\u00e7in hassas bir \u015fekilde i\u015flenir. Hidrolik sistemin verimlili\u011fini korumak ve bile\u015fenlerin \u00f6mr\u00fcn\u00fc uzatmak i\u00e7in d\u00fczenli hidrolik ya\u011f ile ya\u011flama gereklidir.<\/p>\n<h2>\u00d6nleyici Bak\u0131m \u00d6nlemleri<\/h2>\n<ul>\n<li><strong>D\u00fczenli Denetimler:<\/strong> Potansiyel sorunlar\u0131n b\u00fcy\u00fcmeden \u00f6nce tespit edilmesi i\u00e7in d\u00fczenli kontroller yap\u0131n. A\u015f\u0131nma, s\u0131z\u0131nt\u0131 ve silindir performans\u0131 belirtilerine bak\u0131n.<\/li>\n<li><strong>Uygun Ya\u011flama:<\/strong> Hidrolik ya\u011f\u0131n d\u00fczenli olarak tamamland\u0131\u011f\u0131ndan ve ya\u011f\u0131n \u00e7al\u0131\u015fma ko\u015fullar\u0131na uygun oldu\u011fundan emin olun. Bu, a\u015f\u0131r\u0131 \u0131s\u0131nmay\u0131 ve a\u015f\u0131nmay\u0131 \u00f6nler.<\/li>\n<li><strong>Conta De\u011fi\u015fimi:<\/strong> Hidrolik sistemin optimum performans\u0131n\u0131 sa\u011flamak i\u00e7in contalar\u0131 d\u00fczenli olarak kontrol edin ve de\u011fi\u015ftirin; b\u00f6ylece b\u00fct\u00fcnl\u00fck korunur ve s\u0131z\u0131nt\u0131lar \u00f6nlenir.<\/li>\n<\/ul>\n<h2>Bom Silindiri Kurulum Talimatlar\u0131<\/h2>\n<p>Bom silindirinin do\u011fru montaj\u0131, maksimum verimlilik ve g\u00fcvenlik i\u00e7in \u00e7ok \u00f6nemlidir. \u00d6ncelikle \u00e7al\u0131\u015fma alan\u0131n\u0131n bo\u015f ve ekipman\u0131n sabit oldu\u011fundan emin olun. Hidrolik silindiri montaj noktalar\u0131yla do\u011fru \u015fekilde hizalay\u0131n; yanl\u0131\u015f hizalama erken a\u015f\u0131nmaya yol a\u00e7abilir. Silindiri sabitlemek i\u00e7in uygun montaj braketleri kullan\u0131n. T\u00fcm hidrolik hatlar\u0131n do\u011fru \u015fekilde ba\u011fland\u0131\u011f\u0131ndan, herhangi bir b\u00fck\u00fclme veya \u00e7atlak olmad\u0131\u011f\u0131ndan emin olun. Montaj tamamland\u0131ktan sonra, makineyi \u00e7al\u0131\u015ft\u0131rmadan \u00f6nce hidrolik sistemdeki havay\u0131 bo\u015falt\u0131n ve s\u0131z\u0131nt\u0131 olup olmad\u0131\u011f\u0131n\u0131 kontrol edin.<\/p>\n<h2>Yayg\u0131n Bak\u0131m G\u00f6revleri<\/h2>\n<ul>\n<li><strong>D\u00fczenli Kontroller:<\/strong> Bom silindirinin genel durumunu izlemek i\u00e7in d\u00fczenli kontroller planlay\u0131n. S\u0131z\u0131nt\u0131lar\u0131 ve performans sorunlar\u0131n\u0131 incelemeye odaklan\u0131n.<\/li>\n<li><strong>Uygun Ya\u011flama:<\/strong> S\u00fcrt\u00fcnmeyi ve a\u015f\u0131nmay\u0131 azaltmak i\u00e7in yeterli ya\u011flama \u015fartt\u0131r. Hidrolik ya\u011f\u0131n \u00f6nerilen seviyelerde tutuldu\u011fundan emin olun.<\/li>\n<li><strong>Conta De\u011fi\u015fimi:<\/strong> Sistem b\u00fct\u00fcnl\u00fc\u011f\u00fcn\u00fc ve i\u015flevini korumak i\u00e7in contalar\u0131n durumunu izleyin ve gerekti\u011finde de\u011fi\u015ftirin.<\/li>\n<\/ul>\n<p>Bom silindirinin uzun \u00f6m\u00fcrl\u00fcl\u00fc\u011f\u00fc ve verimlili\u011fi i\u00e7in do\u011fru montaj, ya\u011flama ve ayarlama \u00e7ok \u00f6nemlidir. Montaj s\u0131ras\u0131nda, yanl\u0131\u015f hizalama sorunlar\u0131n\u0131 \u00f6nlemek i\u00e7in silindirin do\u011fru \u015fekilde hizaland\u0131\u011f\u0131ndan emin olun. \u00c7al\u0131\u015fma s\u0131ras\u0131nda silindiri sabitlemek i\u00e7in uygun montaj desteklerinin kullan\u0131lmas\u0131 \u00f6nerilir. Optimum i\u015flevselli\u011fi korumak i\u00e7in d\u00fczenli izleme, onar\u0131m ve de\u011fi\u015ftirme prosed\u00fcrleri uygulanmal\u0131d\u0131r. Bu stratejilerin uygulanmas\u0131, hidrolik bile\u015fenlerinizin \u00f6mr\u00fcn\u00fc \u00f6nemli \u00f6l\u00e7\u00fcde uzatabilir.<\/p>\n<p><img decoding=\"async\" src=\"https:\/\/www.hydraulic-cylinders.net\/wp-content\/uploads\/2025\/04\/songte-chushion-collar.webp\" alt=\"Yast\u0131k Yaka G\u00f6rseli\"><\/p>\n<h2>G\u00fcvenlik Hususlar\u0131 ve \u00c7evresel Fakt\u00f6rler<\/h2>\n<p>Hidrolik silindirlerin kullan\u0131m\u0131nda g\u00fcvenlik \u00f6nlemlerinin uygulanmas\u0131, kazalar\u0131 ve ekipman hasar\u0131n\u0131 \u00f6nlemek i\u00e7in kritik \u00f6neme sahiptir. Operat\u00f6rler, hidrolik sistemlerle ili\u015fkili potansiyel tehlikeleri tan\u0131ma konusunda e\u011fitilmelidir. \u00c7al\u0131\u015fma ve bak\u0131m s\u0131ras\u0131nda uygun ki\u015fisel koruyucu ekipman (KKD) giyilmelidir. A\u015f\u0131r\u0131 s\u0131cakl\u0131klara veya a\u015f\u0131nd\u0131r\u0131c\u0131 maddelere maruz kalma gibi \u00e7evresel fakt\u00f6rler de, uzun \u00f6m\u00fcrl\u00fcl\u00fcklerini ve performanslar\u0131n\u0131 sa\u011flamak i\u00e7in bom silindirlerinin tasar\u0131m\u0131nda ve \u00e7al\u0131\u015fmas\u0131nda dikkate al\u0131nmal\u0131d\u0131r.<\/p>\n<h2>Ar\u0131za Te\u015fhisi ve Yayg\u0131n Sorunlar<\/h2>\n<ul>\n<li><strong>S\u0131z\u0131nt\u0131:<\/strong> A\u015f\u0131nm\u0131\u015f contalar veya hasarl\u0131 hortumlar s\u0131z\u0131nt\u0131ya neden olabilir. Bu sorunlar\u0131 h\u0131zl\u0131 bir \u015fekilde tespit edip gidermek i\u00e7in d\u00fczenli kontroller \u00e7ok \u00f6nemlidir.<\/li>\n<li><strong>Bas\u0131n\u00e7 Kayb\u0131:<\/strong> Yetersiz hidrolik bas\u0131n\u00e7, performans d\u00fc\u015f\u00fckl\u00fc\u011f\u00fcne yol a\u00e7abilir. Hidrolik hatlarda t\u0131kan\u0131kl\u0131k veya s\u0131z\u0131nt\u0131 olup olmad\u0131\u011f\u0131n\u0131 kontrol edin.<\/li>\n<li><strong>Yava\u015f Tepki:<\/strong> Bom silindirinden gelen gecikmeli yan\u0131t, hidrolik s\u0131v\u0131 seviyesinin d\u00fc\u015f\u00fck oldu\u011funu veya hidrolik pompada sorun oldu\u011funu g\u00f6sterebilir.<\/li>\n<\/ul>\n<h2>Sorun Giderme \u0130pu\u00e7lar\u0131<\/h2>\n<p>Etkili ar\u0131za te\u015fhisi ve \u00e7\u00f6z\u00fcm\u00fc, operasyonel verimlili\u011fin korunmas\u0131 i\u00e7in \u00e7ok \u00f6nemlidir. S\u0131z\u0131nt\u0131 durumunda, conta b\u00fct\u00fcnl\u00fc\u011f\u00fcn\u00fc de\u011ferlendirin ve gerekti\u011finde de\u011fi\u015ftirin. Bas\u0131n\u00e7 kayb\u0131 tespit edilirse, hidrolik sistemi t\u0131kan\u0131kl\u0131k veya s\u0131z\u0131nt\u0131 a\u00e7\u0131s\u0131ndan inceleyin ve derhal giderin. Yava\u015f tepki durumunda, hidrolik s\u0131v\u0131n\u0131n do\u011fru seviyede dolduruldu\u011fundan emin olun ve pompan\u0131n i\u015flevselli\u011fini kontrol edin. Rutin bak\u0131m ve incelemeler gibi \u00f6nleyici tedbirlerin uygulanmas\u0131, potansiyel sorunlar\u0131 en aza indirebilir ve hidrolik sistemlerin dayan\u0131kl\u0131l\u0131\u011f\u0131n\u0131 art\u0131rabilir.<\/p>\n<p><img decoding=\"async\" src=\"https:\/\/www.hydraulic-cylinders.net\/wp-content\/uploads\/2025\/04\/songte-bushings-with-all-kinds-of-excavator-models.webp\" alt=\"Bur\u00e7lar G\u00f6r\u00fcnt\u00fcs\u00fc\"><\/p>\n<h2>\u015eirketimiz Hakk\u0131nda<\/h2>\n<p>\u00d6nde gelen yedek hidrolik silindir \u00fcreticisi olarak, hem yurt i\u00e7i hem de uluslararas\u0131 pazarlarda en iyi \u00fcretici ve toptanc\u0131lar aras\u0131nda yer almam\u0131z\u0131 sa\u011flayan geni\u015f bir \u00fcr\u00fcn yelpazesi sunuyoruz. M\u00fckemmelli\u011fe olan ba\u011fl\u0131l\u0131\u011f\u0131m\u0131z ve ince \u00fcretim y\u00f6netim stratejilerimiz, y\u00fcksek kaliteli \u00fcretim sa\u011flamaktad\u0131r. Yetenekli teknisyenlerimiz, geli\u015fmi\u015f dijital \u00fcretim ekipmanlar\u0131m\u0131z ve profesyonel test sistemlerimiz sayesinde, \u00e7e\u015fitli m\u00fc\u015fteri ihtiya\u00e7lar\u0131n\u0131 kar\u015f\u0131lamak i\u00e7in y\u00fcksek verimlilik, hassasiyet ve kalite standartlar\u0131na ba\u011fl\u0131 kalarak \u00fcretim platformumuzu s\u00fcrekli olarak geli\u015ftiriyoruz.<\/p>\n<p><img decoding=\"async\" src=\"https:\/\/www.hydraulic-cylinders.net\/wp-content\/uploads\/2025\/04\/songte-company-4.webp\" alt=\"\u015eirket G\u00f6rseli 1\"><br \/>\n<img decoding=\"async\" src=\"https:\/\/www.hydraulic-cylinders.net\/wp-content\/uploads\/2025\/04\/songte-company-3.webp\" alt=\"\u015eirket G\u00f6rseli 2\"><\/p>\n<p>Uzmanl\u0131\u011f\u0131m\u0131z, \u00f6zel uzmanl\u0131k alanlar\u0131, uluslararas\u0131 sertifikalar, \u00f6zelle\u015ftirilmi\u015f hizmetler, son teknoloji \u00fcretim ekipmanlar\u0131 ve kapsaml\u0131 sat\u0131\u015f sonras\u0131 destek dahil olmak \u00fczere \u00e7e\u015fitli alanlar\u0131 kapsamaktad\u0131r.<\/p>\n<p>Yazar: lyl<\/p>","protected":false},"excerpt":{"rendered":"<p>Boom Cylinder For XCMG Large Excavator XE470C Introduction to Boom Cylinder The Boom Cylinder is a pivotal component in heavy machinery, specifically engineered for large excavators such as the XCMG XE470C. This hydraulic cylinder is designed to control the movement of the excavator&#8217;s boom, allowing it to lift, lower, and tilt effectively. The functionality of [&hellip;]<\/p>","protected":false},"featured_media":17875,"comment_status":"open","ping_status":"closed","template":"","meta":{"_et_pb_use_builder":"","_et_pb_old_content":"","_et_gb_content_width":""},"product_brand":[],"product_cat":[1546],"product_tag":[1547,1496],"class_list":{"0":"post-19204","1":"product","2":"type-product","3":"status-publish","4":"has-post-thumbnail","6":"product_cat-boom-cylinders","7":"product_tag-boom-cylinders","8":"product_tag-hydraulic-cylinders","10":"first","11":"instock","12":"shipping-taxable","13":"product-type-simple"},"amp_enabled":true,"_links":{"self":[{"href":"https:\/\/www.hydraulic-cylinders.net\/tr\/wp-json\/wp\/v2\/product\/19204","targetHints":{"allow":["GET"]}}],"collection":[{"href":"https:\/\/www.hydraulic-cylinders.net\/tr\/wp-json\/wp\/v2\/product"}],"about":[{"href":"https:\/\/www.hydraulic-cylinders.net\/tr\/wp-json\/wp\/v2\/types\/product"}],"replies":[{"embeddable":true,"href":"https:\/\/www.hydraulic-cylinders.net\/tr\/wp-json\/wp\/v2\/comments?post=19204"}],"wp:featuredmedia":[{"embeddable":true,"href":"https:\/\/www.hydraulic-cylinders.net\/tr\/wp-json\/wp\/v2\/media\/17875"}],"wp:attachment":[{"href":"https:\/\/www.hydraulic-cylinders.net\/tr\/wp-json\/wp\/v2\/media?parent=19204"}],"wp:term":[{"taxonomy":"product_brand","embeddable":true,"href":"https:\/\/www.hydraulic-cylinders.net\/tr\/wp-json\/wp\/v2\/product_brand?post=19204"},{"taxonomy":"product_cat","embeddable":true,"href":"https:\/\/www.hydraulic-cylinders.net\/tr\/wp-json\/wp\/v2\/product_cat?post=19204"},{"taxonomy":"product_tag","embeddable":true,"href":"https:\/\/www.hydraulic-cylinders.net\/tr\/wp-json\/wp\/v2\/product_tag?post=19204"}],"curies":[{"name":"wp","href":"https:\/\/api.w.org\/{rel}","templated":true}]}}