{"id":19205,"date":"2025-04-07T06:18:03","date_gmt":"2025-04-07T06:18:03","guid":{"rendered":"https:\/\/www.hydraulic-cylinders.net\/product\/boom-cylinder-for-xcmg-large-excavator-xe490ck\/"},"modified":"2025-04-07T06:18:06","modified_gmt":"2025-04-07T06:18:06","slug":"boom-cylinder-for-xcmg-large-excavator-xe490ck","status":"publish","type":"product","link":"https:\/\/www.hydraulic-cylinders.net\/tr\/urun\/boom-cylinder-for-xcmg-large-excavator-xe490ck\/","title":{"rendered":"XCMG B\u00fcy\u00fck Ekskavat\u00f6r XE490CK i\u00e7in Bom Silindiri"},"content":{"rendered":"<h1>XCMG B\u00fcy\u00fck Ekskavat\u00f6r XE490CK i\u00e7in Bom Silindiri<\/h1>\n<h2>\u00dcr\u00fcn Genel Bak\u0131\u015f\u0131<\/h2>\n<p>The Boom Cylinder for XCMG Large Excavator XE490CK is a specialized hydraulic cylinder designed to control the movement of the excavator&#8217;s boom. It plays a crucial role in the hydraulic system, enabling the boom to raise, lower, and tilt, which facilitates various material handling tasks. This hydraulic cylinder is essential for heavy machinery such as excavators, backhoe loaders, and front loaders, allowing operators to efficiently lift and manipulate heavy loads.<\/p>\n<p><img decoding=\"async\" src=\"https:\/\/www.hydraulic-cylinders.net\/wp-content\/uploads\/2025\/04\/songte-company-1.webp\" alt=\"Hidrolik Silindir G\u00f6r\u00fcnt\u00fcs\u00fc\"><\/p>\n<h3>Tan\u0131m ve \u0130\u015flevsellik<\/h3>\n<p>Kova silindiri, di\u011fer ad\u0131yla bom silindiri, a\u011f\u0131r makinelerde kovan\u0131n hareketini kontrol etmek i\u00e7in \u00f6zel olarak tasarlanm\u0131\u015f bir hidrolik silindir t\u00fcr\u00fcd\u00fcr. Hidrolik prensiplerine g\u00f6re \u00e7al\u0131\u015f\u0131r ve kovan\u0131n kald\u0131r\u0131lmas\u0131 ve indirilmesi i\u00e7in gerekli kuvveti sa\u011flamak \u00fczere bas\u0131n\u00e7l\u0131 hidrolik s\u0131v\u0131 kullan\u0131r. Hidrolik bas\u0131nc\u0131 mekanik kuvvete d\u00f6n\u00fc\u015ft\u00fcrerek, bom silindiri in\u015faat makinelerinin \u00e7al\u0131\u015fma kapasitesini art\u0131r\u0131r ve \u00e7e\u015fitli uygulamalarda etkili ve verimli performans sa\u011flar.<\/p>\n<h2>Bom Silindirinin Temel \u00d6zellikleri<\/h2>\n<ul>\n<li><strong>Y\u00fcksek Dayan\u0131kl\u0131l\u0131k ve Dayan\u0131kl\u0131l\u0131k:<\/strong> Y\u00fcksek mukavemetli \u00e7elik veya al\u00fcminyumdan \u00fcretilen bu silindir, y\u00fcksek bas\u0131nca ve a\u011f\u0131r y\u00fcklere dayanabilir, bu da onu zorlu \u00e7al\u0131\u015fma ortamlar\u0131 i\u00e7in uygun hale getirir.<\/li>\n<li><strong>Verimli Hidrolik \u00c7al\u0131\u015fma:<\/strong> Silindir, d\u00fczg\u00fcn uzama ve geri \u00e7ekilme i\u00e7in hidrolik s\u0131v\u0131 bas\u0131nc\u0131ndan yararlan\u0131r, operat\u00f6r komutlar\u0131na h\u0131zl\u0131 yan\u0131t verir ve a\u011f\u0131r i\u015fler i\u00e7in g\u00fc\u00e7l\u00fc \u00e7ekme kuvveti sa\u011flar.<\/li>\n<li><strong>T\u00fcr \u00c7e\u015fitlili\u011fi:<\/strong> \u00c7e\u015fitli operasyonel ihtiya\u00e7lar\u0131 kar\u015f\u0131lamak \u00fczere tek etkili (hidrolik bas\u0131nc\u0131 tek y\u00f6nde kullanan) veya \u00e7ift etkili (hidrolik bas\u0131nc\u0131 her iki y\u00f6nde de kullanan) konfig\u00fcrasyonlarda mevcuttur.<\/li>\n<li><strong>Kompakt Tasar\u0131m:<\/strong> Baz\u0131 modellerde teleskopik tasar\u0131mlar bulunur; bu sayede d\u0131\u015f boyutlar\u0131 art\u0131rmadan daha fazla uzatma imkan\u0131 sa\u011flan\u0131r ve bu da onlar\u0131 s\u0131n\u0131rl\u0131 alana sahip uygulamalar i\u00e7in uygun hale getirir.<\/li>\n<li><strong>Korozyon Direnci:<\/strong> A\u015f\u0131nmaya ve korozyona dayan\u0131kl\u0131 malzemelerle tasarlanm\u0131\u015f olup, zorlu ko\u015fullarda uzun \u00f6m\u00fcr ve g\u00fcvenilirlik sa\u011flar.<\/li>\n<\/ul>\n<p>\u00dcr\u00fcnlerimiz bu hidrolik silindirlerin yerini m\u00fckemmel bir \u015fekilde alarak sorunsuz entegrasyon ve performans sa\u011flar.<\/p>\n<p><img decoding=\"async\" src=\"https:\/\/www.hydraulic-cylinders.net\/wp-content\/uploads\/2025\/04\/songte-cylinder-head-with-all-kinds-excavator-models.webp\" alt=\"Ekskavat\u00f6r Modelleri\"><\/p>\n<h2>Uygulama Senaryolar\u0131<\/h2>\n<h3>\u0130n\u015faat Ekipmanlar\u0131<\/h3>\n<p>Ekskavat\u00f6rlerde, bom silindirleri kazma, y\u00fckleme ve toprak veya moloz ta\u015f\u0131ma i\u015flemlerinde kritik \u00f6neme sahiptir. A\u011f\u0131r y\u00fckleri kald\u0131rmak ve kep\u00e7eyi hassas bir \u015fekilde manevra ettirmek i\u00e7in gerekli g\u00fcc\u00fc sa\u011flarlar, bu da onlar\u0131 in\u015faat i\u015fleri i\u00e7in vazge\u00e7ilmez k\u0131lar.<\/p>\n<h3>Tar\u0131m Makinalar\u0131<\/h3>\n<p>\u00d6n y\u00fckleyiciler, toprak, saman ve di\u011fer malzemeleri kep\u00e7elemek, kald\u0131rmak ve ta\u015f\u0131mak i\u00e7in bom silindirleri kullan\u0131r. Birden fazla i\u015flevi yerine getirebilme yetenekleri, onlar\u0131 tar\u0131msal faaliyetlerde de\u011ferli varl\u0131klar haline getirir.<\/p>\n<h3>Ekskavat\u00f6rler<\/h3>\n<p>Ekskavat\u00f6rlerde, bom silindirleri kep\u00e7enin topra\u011fa etkili bir \u015fekilde n\u00fcfuz etmesini ve g\u00fc\u00e7l\u00fc kazma hareketleri ger\u00e7ekle\u015ftirmesini sa\u011flar. Bu i\u015flevsellik, b\u00fcy\u00fck \u00f6l\u00e7ekli kaz\u0131 projeleri i\u00e7in hayati \u00f6neme sahiptir ve verimli operasyonlar sa\u011flar.<\/p>\n<h3>Y\u00fckleyiciler<\/h3>\n<p>\u00d6n y\u00fckleyicilerde, bom silindirleri malzemelerin verimli bir \u015fekilde kald\u0131r\u0131lmas\u0131na ve bo\u015falt\u0131lmas\u0131na yard\u0131mc\u0131 olur. G\u00fcvenilirlikleri ve sa\u011flaml\u0131klar\u0131, \u00e7e\u015fitli y\u00fcklerin etkili bir \u015fekilde ta\u015f\u0131nmas\u0131na olanak tan\u0131yarak \u015fantiyedeki verimlili\u011fi art\u0131r\u0131r.<\/p>\n<h2>Tasar\u0131m Hususlar\u0131 ve Se\u00e7im Kriterleri<\/h2>\n<h3>Y\u00fck Kapasitesi<\/h3>\n<p>Bom silindirinin y\u00fck ta\u015f\u0131ma kapasitesi son derece \u00f6nemlidir, \u00e7\u00fcnk\u00fc performanstan \u00f6d\u00fcn vermeden ta\u015f\u0131yabilece\u011fi maksimum a\u011f\u0131rl\u0131\u011f\u0131 belirler. M\u00fchendisler, bu gereksinimleri kar\u015f\u0131layan veya a\u015fan bir silindir se\u00e7mek i\u00e7in \u00e7al\u0131\u015fma s\u0131ras\u0131nda beklenen y\u00fckleri de\u011ferlendirmelidir. Yetersiz y\u00fck ta\u015f\u0131ma kapasitesine sahip bir silindir ar\u0131zaya yol a\u00e7arak maliyetli gecikmelere ve onar\u0131mlara neden olabilir.<\/p>\n<h3>S\u0131zd\u0131rmazl\u0131k B\u00fct\u00fcnl\u00fc\u011f\u00fc<\/h3>\n<p>S\u0131zd\u0131rmazl\u0131k b\u00fct\u00fcnl\u00fc\u011f\u00fc, sistem ar\u0131zalar\u0131na ve \u00e7evresel tehlikelere yol a\u00e7abilen hidrolik s\u0131v\u0131 s\u0131z\u0131nt\u0131lar\u0131n\u0131 \u00f6nlemek i\u00e7in \u00e7ok \u00f6nemlidir. Bas\u0131n\u00e7 dalgalanmalar\u0131na ve s\u0131cakl\u0131k de\u011fi\u015fimlerine dayanabilen y\u00fcksek kaliteli contalar kullan\u0131lmal\u0131d\u0131r. Contalar\u0131n sa\u011flam ve i\u015flevsel kalmas\u0131n\u0131 sa\u011flamak i\u00e7in d\u00fczenli bak\u0131m kontrolleri \u015fartt\u0131r.<\/p>\n<h3>Dayan\u0131kl\u0131l\u0131k<\/h3>\n<p>A\u011f\u0131r kullan\u0131m alt\u0131nda uzun vadeli performans sa\u011flamak i\u00e7in dayan\u0131kl\u0131l\u0131k hayati \u00f6nem ta\u015f\u0131r. Bom silindirinin \u00fcretiminde kullan\u0131lan malzemeler a\u015f\u0131nmaya, korozyona ve yorulmaya kar\u015f\u0131 dayan\u0131kl\u0131 olmal\u0131d\u0131r. Geli\u015fmi\u015f kaplamalara ve sa\u011flam malzemelere sahip silindirlerin se\u00e7ilmesi, kullan\u0131m \u00f6mr\u00fcn\u00fc \u00f6nemli \u00f6l\u00e7\u00fcde uzatarak de\u011fi\u015ftirme ve onar\u0131m s\u0131kl\u0131\u011f\u0131n\u0131 azaltabilir.<\/p>\n<h3>G\u00fcvenlik \u00d6zellikleri<\/h3>\n<p>Hidrolik sistemlerde g\u00fcvenlik en \u00f6nemli \u00f6nceliktir. Bom silindirleri, kazara ar\u0131zay\u0131 \u00f6nlemek i\u00e7in g\u00fcvenlik mekanizmalar\u0131yla tasarlanmal\u0131d\u0131r. Bas\u0131n\u00e7 tahliye vanalar\u0131 ve a\u015f\u0131r\u0131 y\u00fck sens\u00f6rleri gibi \u00f6zellikler, a\u011f\u0131r makinelerin g\u00fcvenli \u00e7al\u0131\u015fmas\u0131n\u0131 sa\u011flayarak ek koruma katmanlar\u0131 olu\u015fturabilir.<\/p>\n<h3>Bak\u0131m Eri\u015filebilirli\u011fi<\/h3>\n<p>Hidrolik silindirlerin kolay bak\u0131m i\u00e7in tasarlanmas\u0131, zamandan ve i\u015f\u00e7ilik maliyetlerinden tasarruf sa\u011flayabilir. \u00c7\u0131kar\u0131labilir u\u00e7 kapaklar\u0131 ve ya\u011flama i\u00e7in kolay eri\u015fim noktalar\u0131 gibi \u00f6zellikler, d\u00fczenli bak\u0131m rutinlerini kolayla\u015ft\u0131rarak ekipman\u0131n \u00f6mr\u00fcn\u00fc uzatmaya yard\u0131mc\u0131 olabilir.<\/p>\n<p><img decoding=\"async\" src=\"https:\/\/www.hydraulic-cylinders.net\/wp-content\/uploads\/2025\/04\/songte-oil-pipes-and-spare-parts.webp\" alt=\"Hidrolik Par\u00e7alar\"><\/p>\n<h2>S\u0131zd\u0131rmazl\u0131k ve Ya\u011flama<\/h2>\n<p>Hidrolik silindirlerin performans\u0131 i\u00e7in etkili s\u0131zd\u0131rmazl\u0131k ve ya\u011flama kritik \u00f6neme sahiptir. Piston contalar\u0131 ve mil contalar\u0131 gibi \u00e7e\u015fitli s\u0131zd\u0131rmazl\u0131k elemanlar\u0131, a\u015f\u0131nmaya kar\u015f\u0131 dayan\u0131kl\u0131 olmas\u0131 i\u00e7in poli\u00fcretan veya nitril kau\u00e7uk gibi dayan\u0131kl\u0131 malzemelerden yap\u0131lmal\u0131d\u0131r. Silindir g\u00f6vdesi ve di\u015fli u\u00e7lar, a\u015f\u0131nma direncini art\u0131rmak ve sorunsuz \u00e7al\u0131\u015fmay\u0131 sa\u011flamak i\u00e7in ince bir \u015fekilde i\u015flenmelidir.<\/p>\n<p>Silindir i\u00e7indeki s\u00fcrt\u00fcnmeyi ve a\u015f\u0131nmay\u0131 en aza indirmek i\u00e7in hidrolik ya\u011f ile d\u00fczenli ya\u011flama gereklidir. Operat\u00f6rler, silindirin optimum performans\u0131n\u0131 korumak i\u00e7in ya\u011f seviyelerini kontrol etme ve gerekti\u011finde ya\u011f ekleme konusunda bir rutin olu\u015fturmal\u0131d\u0131r.<\/p>\n<h2>D\u00fczenli Muayene ve \u00d6nleyici Bak\u0131m<\/h2>\n<ul>\n<li><strong>D\u00fczenli Kontroller:<\/strong> Bom silindirinde a\u015f\u0131nma veya hasar belirtilerini tespit etmek i\u00e7in d\u00fczenli kontroller yap\u0131lmal\u0131d\u0131r. Bu proaktif yakla\u015f\u0131m, b\u00fcy\u00fck ar\u0131zalar\u0131n meydana gelmeden \u00f6nce \u00f6nlenmesine yard\u0131mc\u0131 olabilir.<\/li>\n<li><strong>Uygun Ya\u011flama:<\/strong> Hidrolik silindirin yeterince ya\u011flanmas\u0131, s\u00fcrt\u00fcnmeyi azaltmak ve \u00f6mr\u00fcn\u00fc uzatmak i\u00e7in \u00e7ok \u00f6nemlidir. Operat\u00f6rler, ya\u011flama aral\u0131klar\u0131 konusunda \u00fcreticinin tavsiyelerine uymal\u0131d\u0131r.<\/li>\n<li><strong>Conta De\u011fi\u015fimi:<\/strong> S\u0131zd\u0131rmazl\u0131k elemanlar\u0131 periyodik olarak a\u015f\u0131nma belirtileri a\u00e7\u0131s\u0131ndan kontrol edilmeli ve gerekti\u011finde de\u011fi\u015ftirilmelidir. Bu, s\u0131z\u0131nt\u0131lar\u0131 \u00f6nler ve hidrolik sistemin b\u00fct\u00fcnl\u00fc\u011f\u00fcn\u00fc korur.<\/li>\n<\/ul>\n<h3>Kurulum Talimatlar\u0131<\/h3>\n<p>Bom silindirinin do\u011fru montaj\u0131, optimum performans i\u00e7in kritik \u00f6neme sahiptir. Montaj s\u0131ras\u0131nda, silindirin makinenin ba\u011flant\u0131 noktalar\u0131yla do\u011fru \u015fekilde hizaland\u0131\u011f\u0131ndan emin olun. Yanl\u0131\u015f hizalama, gereksiz a\u015f\u0131nmaya ve \u00e7al\u0131\u015fma sorunlar\u0131na neden olabilir.<\/p>\n<p>It is advisable to use appropriate mounting brackets to secure the cylinder in place. During installation, double-check all connections and ensure that there are no leaks before putting the equipment into operation. Following the manufacturer&#8217;s guidelines for installation can help avoid common pitfalls and ensure safe operation.<\/p>\n<h2>Bak\u0131m G\u00f6revleri<\/h2>\n<ul>\n<li><strong>D\u00fczenli Denetimler:<\/strong> D\u00fczenli kontroller, potansiyel sorunlar\u0131n erken tespit edilmesini sa\u011flar. Silindiri hasar, s\u0131z\u0131nt\u0131 veya anormal a\u015f\u0131nma belirtileri a\u00e7\u0131s\u0131ndan inceleyin. D\u00fczenli kontroller, \u00e7al\u0131\u015fma s\u0131ras\u0131nda beklenmedik ar\u0131zalar\u0131 \u00f6nleyebilir.<\/li>\n<li><strong>Uygun Ya\u011flama:<\/strong> Silindirin sorunsuz \u00e7al\u0131\u015fmas\u0131 i\u00e7in yeterli ya\u011flama \u015fartt\u0131r. Hidrolik s\u0131v\u0131n\u0131n uygun seviyede oldu\u011fundan ve kullan\u0131lan ya\u011flay\u0131c\u0131n\u0131n belirli silindir tipine uygun oldu\u011fundan emin olun.<\/li>\n<li><strong>Conta De\u011fi\u015fimi:<\/strong> D\u00fczenli bak\u0131m\u0131n bir par\u00e7as\u0131 olarak contalar de\u011fi\u015ftirilmelidir. A\u015f\u0131nm\u0131\u015f contalar s\u0131z\u0131nt\u0131lara yol a\u00e7arak verimlili\u011fi d\u00fc\u015f\u00fcrebilir ve hidrolik sisteme zarar verebilir.<\/li>\n<\/ul>\n<h2>G\u00fcvenlik Hususlar\u0131 ve \u00c7evresel Fakt\u00f6rler<\/h2>\n<p>Hidrolik sistemlerle \u00e7al\u0131\u015f\u0131rken g\u00fcvenlik \u00f6nlemlerine \u00f6ncelik vermek hayati \u00f6nem ta\u015f\u0131r. Operat\u00f6rler, yaralanma riskini azaltmak i\u00e7in hidrolik makinelerle \u00e7al\u0131\u015f\u0131rken uygun ki\u015fisel koruyucu ekipman (KKD) giymelidir. Hidrolik s\u0131v\u0131 s\u0131z\u0131nt\u0131lar\u0131 ve y\u00fcksek bas\u0131n\u00e7l\u0131 sistemlerle ili\u015fkili potansiyel tehlikeleri anlamak, kazalar\u0131n \u00f6nlenmesine yard\u0131mc\u0131 olabilir.<\/p>\n<p>Ayr\u0131ca, \u00e7evresel etkiyi en aza indirmek i\u00e7in hidrolik s\u0131v\u0131lar\u0131n ve hasarl\u0131 par\u00e7alar\u0131n uygun \u015fekilde imha edilmesi \u015fartt\u0131r. Tehlikeli at\u0131klarla ilgili yerel d\u00fczenlemelere uyulmas\u0131, g\u00fcvenli bir \u00e7al\u0131\u015fma ortam\u0131n\u0131n korunmas\u0131nda hayati \u00f6nem ta\u015f\u0131r.<\/p>\n<h2>Sorun Giderme ve Yayg\u0131n Sorunlar<\/h2>\n<ul>\n<li><strong>S\u0131z\u0131nt\u0131:<\/strong> En s\u0131k kar\u015f\u0131la\u015f\u0131lan sorunlardan biri, genellikle a\u015f\u0131nm\u0131\u015f contalar veya ba\u011flant\u0131 par\u00e7alar\u0131ndan kaynaklanan s\u0131z\u0131nt\u0131lard\u0131r. D\u00fczenli kontroller, s\u0131z\u0131nt\u0131lar\u0131 erken tespit etmeye ve zaman\u0131nda onar\u0131m yap\u0131lmas\u0131na yard\u0131mc\u0131 olabilir.<\/li>\n<li><strong>Yava\u015f \u00c7al\u0131\u015fma:<\/strong> Bom silindirinin yava\u015f \u00e7al\u0131\u015fmas\u0131, yetersiz hidrolik s\u0131v\u0131s\u0131 veya t\u0131kal\u0131 bir hat anlam\u0131na gelebilir. S\u0131v\u0131 seviyelerini kontrol etmek ve herhangi bir t\u0131kan\u0131kl\u0131k olmad\u0131\u011f\u0131ndan emin olmak bu sorunu \u00e7\u00f6zebilir.<\/li>\n<li><strong>Al\u0131\u015f\u0131lmad\u0131k Sesler:<\/strong> G\u0131c\u0131rdama veya patlama gibi sesler, mekanik ar\u0131za veya ya\u011flama eksikli\u011fine i\u015faret edebilir. Acil inceleme ve bak\u0131m, daha fazla hasar\u0131 \u00f6nleyebilir.<\/li>\n<\/ul>\n<p>Sorunlar\u0131 etkili bir \u015fekilde te\u015fhis edip \u00e7\u00f6zmek i\u00e7in operat\u00f6rler, sistemin i\u015fleyi\u015fine a\u015fina olmal\u0131 ve sorunlar\u0131 daha da k\u00f6t\u00fcle\u015ftirmemek i\u00e7in gerekti\u011finde profesyonel yard\u0131m almal\u0131d\u0131r.<\/p>\n<p><img decoding=\"async\" src=\"https:\/\/www.hydraulic-cylinders.net\/wp-content\/uploads\/2025\/04\/songte-bushings-with-all-kinds-of-excavator-models.webp\" alt=\"Ekskavat\u00f6r Bur\u00e7lar\u0131\"><\/p>\n<h2>\u015eirket Genel Bak\u0131\u015f\u0131<\/h2>\n<p>Alternatif hidrolik silindirlerin \u00f6nde gelen \u00fcreticisiyiz ve hem yerel hem de uluslararas\u0131 pazarlar\u0131n ihtiya\u00e7lar\u0131n\u0131 kar\u015f\u0131layan \u00e7e\u015fitli \u00fcr\u00fcnler sunuyoruz. M\u00fckemmelli\u011fe olan ba\u011fl\u0131l\u0131\u011f\u0131m\u0131z, geli\u015fmi\u015f \u00fcretim teknolojilerinden ve kalite kontrol sistemlerinden yararlanan rafine \u00fcretim y\u00f6netim stratejilerimizde yans\u0131t\u0131lmaktad\u0131r.<\/p>\n<p>\u015eirketimiz, teknik uzmanl\u0131\u011f\u0131, \u00fcst d\u00fczey dijital \u00fcretim yetenekleri ve profesyonel test sistemleriyle gurur duymaktad\u0131r; bu sayede \u00fcretim s\u00fcre\u00e7lerimizi s\u00fcrekli olarak geli\u015ftirebiliyoruz. Bu \u00f6zveri, m\u00fc\u015fterilerimizin \u00e7e\u015fitli taleplerini y\u00fcksek verimlilik, hassasiyet ve kaliteyle kar\u015f\u0131lamam\u0131z\u0131 sa\u011fl\u0131yor.<\/p>\n<p>M\u00fc\u015fteri memnuniyetini sa\u011flamak i\u00e7in uluslararas\u0131 sertifikalar, m\u00fc\u015fteri ihtiya\u00e7lar\u0131na g\u00f6re uyarlanm\u0131\u015f \u00f6zel hizmetler ve g\u00fc\u00e7l\u00fc sat\u0131\u015f sonras\u0131 destek sunuyoruz. \u00dcretim tesislerimiz, end\u00fcstri standartlar\u0131na uygun, son teknoloji \u00fcr\u00fcn\u00fc makinelerle donat\u0131lm\u0131\u015ft\u0131r ve \u00fcr\u00fcnlerimizin inovasyonun \u00f6n saflar\u0131nda yer almas\u0131n\u0131 sa\u011flamaktad\u0131r.<\/p>\n<p><img decoding=\"async\" src=\"https:\/\/www.hydraulic-cylinders.net\/wp-content\/uploads\/2025\/04\/songte-company-4.webp\" alt=\"\u015eirket Genel Bak\u0131\u015f\u0131\"><br \/>\n<img decoding=\"async\" src=\"https:\/\/www.hydraulic-cylinders.net\/wp-content\/uploads\/2025\/04\/songte-company-3.webp\" alt=\"\u00dcretim Ekipmanlar\u0131\"><\/p>\n<p>Yazar: lyl<\/p>","protected":false},"excerpt":{"rendered":"<p>Boom Cylinder For XCMG Large Excavator XE490CK Product Overview The Boom Cylinder for XCMG Large Excavator XE490CK is a specialized hydraulic cylinder designed to control the movement of the excavator&#8217;s boom. It plays a crucial role in the hydraulic system, enabling the boom to raise, lower, and tilt, which facilitates various material handling tasks. This [&hellip;]<\/p>","protected":false},"featured_media":17876,"comment_status":"open","ping_status":"closed","template":"","meta":{"_et_pb_use_builder":"","_et_pb_old_content":"","_et_gb_content_width":""},"product_brand":[],"product_cat":[1546],"product_tag":[1547,1496],"class_list":{"0":"post-19205","1":"product","2":"type-product","3":"status-publish","4":"has-post-thumbnail","6":"product_cat-boom-cylinders","7":"product_tag-boom-cylinders","8":"product_tag-hydraulic-cylinders","10":"first","11":"instock","12":"shipping-taxable","13":"product-type-simple"},"amp_enabled":true,"_links":{"self":[{"href":"https:\/\/www.hydraulic-cylinders.net\/tr\/wp-json\/wp\/v2\/product\/19205","targetHints":{"allow":["GET"]}}],"collection":[{"href":"https:\/\/www.hydraulic-cylinders.net\/tr\/wp-json\/wp\/v2\/product"}],"about":[{"href":"https:\/\/www.hydraulic-cylinders.net\/tr\/wp-json\/wp\/v2\/types\/product"}],"replies":[{"embeddable":true,"href":"https:\/\/www.hydraulic-cylinders.net\/tr\/wp-json\/wp\/v2\/comments?post=19205"}],"wp:featuredmedia":[{"embeddable":true,"href":"https:\/\/www.hydraulic-cylinders.net\/tr\/wp-json\/wp\/v2\/media\/17876"}],"wp:attachment":[{"href":"https:\/\/www.hydraulic-cylinders.net\/tr\/wp-json\/wp\/v2\/media?parent=19205"}],"wp:term":[{"taxonomy":"product_brand","embeddable":true,"href":"https:\/\/www.hydraulic-cylinders.net\/tr\/wp-json\/wp\/v2\/product_brand?post=19205"},{"taxonomy":"product_cat","embeddable":true,"href":"https:\/\/www.hydraulic-cylinders.net\/tr\/wp-json\/wp\/v2\/product_cat?post=19205"},{"taxonomy":"product_tag","embeddable":true,"href":"https:\/\/www.hydraulic-cylinders.net\/tr\/wp-json\/wp\/v2\/product_tag?post=19205"}],"curies":[{"name":"wp","href":"https:\/\/api.w.org\/{rel}","templated":true}]}}