{"id":19206,"date":"2025-04-07T06:18:08","date_gmt":"2025-04-07T06:18:08","guid":{"rendered":"https:\/\/www.hydraulic-cylinders.net\/product\/boom-cylinder-for-xcmg-large-excavator-xe900c\/"},"modified":"2025-04-07T06:18:11","modified_gmt":"2025-04-07T06:18:11","slug":"boom-cylinder-for-xcmg-large-excavator-xe900c","status":"publish","type":"product","link":"https:\/\/www.hydraulic-cylinders.net\/tr\/urun\/boom-cylinder-for-xcmg-large-excavator-xe900c\/","title":{"rendered":"XCMG B\u00fcy\u00fck Ekskavat\u00f6r XE900C i\u00e7in Bom Silindiri"},"content":{"rendered":"<h1>XCMG B\u00fcy\u00fck Ekskavat\u00f6r XE900C i\u00e7in Bom Silindiri<\/h1>\n<h2>Bom Silindirine Giri\u015f<\/h2>\n<p>Bom silindiri, XCMG XE900C gibi b\u00fcy\u00fck ekskavat\u00f6rlerde kullan\u0131lan \u00f6nemli bir hidrolik bile\u015fendir. Bu silindir, ekskavat\u00f6r\u00fcn bomunun hareketini kontrol etmede, uzamas\u0131n\u0131, geri \u00e7ekilmesini ve etkili bir \u015fekilde d\u00f6nmesini sa\u011flamada kritik bir rol oynar. Hidrolik bas\u0131nc\u0131 kullanarak, bom silindiri operat\u00f6rlerin bomu kald\u0131rma, indirme ve e\u011fme gibi \u00e7e\u015fitli g\u00f6revleri yerine getirmesini sa\u011flar; bu da verimli malzeme ta\u015f\u0131ma i\u015flemleri i\u00e7in hayati \u00f6nem ta\u015f\u0131r.<\/p>\n<p><img decoding=\"async\" src=\"https:\/\/www.hydraulic-cylinders.net\/wp-content\/uploads\/2025\/04\/songte-company-1.webp\" alt=\"Ekskavat\u00f6rler i\u00e7in Bom Silindiri\" \/><\/p>\n<p>Ekskavat\u00f6rler, beko y\u00fckleyiciler ve \u00f6n y\u00fckleyiciler gibi a\u011f\u0131r makineler i\u00e7in \u00f6zel olarak tasarlanm\u0131\u015f olan kova silindiri, kovan\u0131n hareketini kolayla\u015ft\u0131r\u0131r. Bu hidrolik silindir, kovan\u0131n kald\u0131r\u0131lmas\u0131n\u0131, indirilmesini ve e\u011filmesini sa\u011flayarak, malzeme kazma, y\u00fckleme ve ta\u015f\u0131ma i\u015flemlerinde vazge\u00e7ilmez bir unsur haline gelir. Bom silindirlerinin \u00e7al\u0131\u015fma prensibini ve uygulamas\u0131n\u0131 anlamak, a\u011f\u0131r makinelerdeki hidrolik sistemlerin verimlili\u011fini korumak i\u00e7in \u00e7ok \u00f6nemlidir.<\/p>\n<h2>Bom Silindirinin \u00d6zellikleri<\/h2>\n<h3>Y\u00fcksek G\u00fc\u00e7 ve Dayan\u0131kl\u0131l\u0131k<\/h3>\n<ul>\n<li>Y\u00fcksek mukavemetli \u00e7elik veya al\u00fcminyumdan \u00fcretilen bu silindirler, y\u00fcksek bas\u0131nca ve a\u011f\u0131r y\u00fcklere dayanabilir.<\/li>\n<li>A\u015f\u0131nmaya ve korozyona kar\u015f\u0131 dayan\u0131kl\u0131 olacak \u015fekilde tasarlanm\u0131\u015f olup, zorlu \u00e7al\u0131\u015fma ortamlar\u0131nda bile uzun \u00f6m\u00fcrl\u00fcl\u00fcklerini korurlar.<\/li>\n<\/ul>\n<h3>Verimli Hidrolik \u00c7al\u0131\u015fma<\/h3>\n<ul>\n<li>Hidrolik ya\u011f bas\u0131nc\u0131n\u0131 kullanarak d\u00fczg\u00fcn ve hassas hareket sa\u011flar.<\/li>\n<li>A\u011f\u0131r ve karma\u015f\u0131k i\u015flerin \u00fcstesinden gelmek i\u00e7in ideal olan, \u00f6nemli miktarda itme ve \u00e7ekme kuvveti sa\u011flar.<\/li>\n<\/ul>\n<h3>\u00c7e\u015fitli Silindir Tipleri<\/h3>\n<ul>\n<li>Tek y\u00f6nl\u00fc (tek y\u00f6nde \u00e7al\u0131\u015fan) veya \u00e7ift y\u00f6nl\u00fc (iki y\u00f6nde \u00e7al\u0131\u015fan) konfig\u00fcrasyonlarda mevcuttur.<\/li>\n<li>Baz\u0131 modeller teleskopiktir ve d\u0131\u015f boyutlar\u0131 art\u0131rmadan eri\u015fim mesafesini uzatarak dar alanlar i\u00e7in uygundur.<\/li>\n<\/ul>\n<p>Bu \u00fcr\u00fcn\u00fcn imalat\u0131nda uzmanla\u015fm\u0131\u015f olup, mevcut hidrolik silindirler i\u00e7in m\u00fckemmel yedek par\u00e7alar sunuyoruz.<\/p>\n<p><img decoding=\"async\" src=\"https:\/\/www.hydraulic-cylinders.net\/wp-content\/uploads\/2025\/04\/songte-cylinder-head-with-all-kinds-excavator-models.webp\" alt=\"Ekskavat\u00f6r Modelleri i\u00e7in Silindir Kafas\u0131\" \/><\/p>\n<h2>Uygulama Senaryolar\u0131<\/h2>\n<h3>\u0130n\u015faat Ekipmanlar\u0131<\/h3>\n<p>Ekskavat\u00f6rlerde, bom silindirleri kazma, y\u00fckleme ve toprak veya moloz ta\u015f\u0131ma i\u015flemlerinde hayati \u00f6neme sahiptir. Uzat\u0131l\u0131p geri \u00e7ekilebilme \u00f6zelli\u011fi, operat\u00f6rlerin malzemeleri verimli bir \u015fekilde y\u00f6netmelerini ve \u015fantiyelerde gerekli g\u00f6revleri yerine getirmelerini sa\u011flar.<\/p>\n<h3>Tar\u0131m Makinalar\u0131<\/h3>\n<p>\u00d6n y\u00fckleyicilerde, kep\u00e7e silindirleri toprak, saman ve di\u011fer malzemeleri kep\u00e7elemek, kald\u0131rmak ve ta\u015f\u0131mak i\u00e7in kullan\u0131l\u0131r. Sa\u011flam tasar\u0131mlar\u0131, tar\u0131msal faaliyetler i\u00e7in hayati \u00f6nem ta\u015f\u0131yan g\u00fcvenilirli\u011fi sa\u011flar.<\/p>\n<h3>Ekskavat\u00f6rler<\/h3>\n<p>Kep\u00e7e silindirleri, ekskavat\u00f6rlerin topra\u011fa etkili bir \u015fekilde n\u00fcfuz etmesini sa\u011flayarak kazma i\u015flemini kolayla\u015ft\u0131r\u0131r. Bu \u00f6zellik, istenen kaz\u0131 derinliklerine ula\u015fmak ve \u015fantiyelerde verimlili\u011fi korumak i\u00e7in hayati \u00f6nem ta\u015f\u0131r.<\/p>\n<h3>Y\u00fckleyiciler<\/h3>\n<p>\u00d6n y\u00fckleyicilerde bu silindirler, y\u00fcklerin verimli bir \u015fekilde kald\u0131r\u0131lmas\u0131na ve bo\u015falt\u0131lmas\u0131na yard\u0131mc\u0131 olur. Tasar\u0131mlar\u0131, h\u0131zl\u0131 ve etkili malzeme ta\u015f\u0131ma olana\u011f\u0131 sa\u011flayarak \u00e7e\u015fitli i\u015flemlerde kritik bir bile\u015fen haline gelmelerini sa\u011flar.<\/p>\n<h2>Tasar\u0131m Hususlar\u0131 ve Se\u00e7im Kriterleri<\/h2>\n<h3>Y\u00fck Kapasitesi<\/h3>\n<p>Bom silindiri se\u00e7erken, y\u00fck ta\u015f\u0131ma kapasitesini anlamak temel \u00f6nem ta\u015f\u0131r. Silindir, \u00e7al\u0131\u015fma s\u0131ras\u0131nda kar\u015f\u0131la\u015faca\u011f\u0131 maksimum y\u00fck\u00fc kald\u0131rabilmelidir. Bu, ta\u015f\u0131nan malzemelerin a\u011f\u0131rl\u0131\u011f\u0131n\u0131 ve \u00e7al\u0131\u015fma s\u0131ras\u0131nda olu\u015fabilecek potansiyel dinamik kuvvetleri de i\u00e7erir. Uygun y\u00fck ta\u015f\u0131ma kapasitesine sahip bir silindir se\u00e7mek, g\u00fcvenli\u011fi ve verimlili\u011fi sa\u011flar ve a\u011f\u0131r y\u00fckler alt\u0131nda ar\u0131za riskini en aza indirir.<\/p>\n<h3>S\u0131zd\u0131rmazl\u0131k ve Dayan\u0131kl\u0131l\u0131k<\/h3>\n<p>Etkili s\u0131zd\u0131rmazl\u0131k, silindir i\u00e7indeki hidrolik bas\u0131nc\u0131n korunmas\u0131 i\u00e7in \u00e7ok \u00f6nemlidir. Poli\u00fcretan veya nitril kau\u00e7uk gibi y\u00fcksek kaliteli malzemelerden yap\u0131lm\u0131\u015f contalar, a\u015f\u0131nmaya kar\u015f\u0131 diren\u00e7 sa\u011flar ve s\u0131z\u0131nt\u0131y\u0131 \u00f6nleyerek hidrolik sistemin sorunsuz \u00e7al\u0131\u015fmas\u0131n\u0131 sa\u011flar. Ayr\u0131ca, silindirin yap\u0131m\u0131nda kullan\u0131lan malzemelerin dayan\u0131kl\u0131l\u0131\u011f\u0131, kullan\u0131m \u00f6mr\u00fcn\u00fc do\u011frudan etkiler. Y\u00fcksek kaliteli bile\u015fenler, daha d\u00fc\u015f\u00fck bak\u0131m maliyetleri ve daha az ar\u0131za s\u00fcresi anlam\u0131na gelir.<\/p>\n<h3>G\u00fcvenlik \u00d6zellikleri<\/h3>\n<p>Bom silindirlerinin tasar\u0131m\u0131nda g\u00fcvenlik en \u00f6nemli unsurdur. Bas\u0131n\u00e7 tahliye vanalar\u0131 ve ar\u0131za emniyetli tasar\u0131mlar gibi \u00f6zellikler, \u00e7al\u0131\u015fma s\u0131ras\u0131nda meydana gelebilecek felaket niteli\u011findeki ar\u0131zalar\u0131 \u00f6nlemeye yard\u0131mc\u0131 olur. Hem ekipman\u0131 hem de operat\u00f6r\u00fc korumak i\u00e7in bu g\u00fcvenlik mekanizmalar\u0131n\u0131n silindir tasar\u0131m\u0131na dahil edilmesi \u015fartt\u0131r.<\/p>\n<p><img decoding=\"async\" src=\"https:\/\/www.hydraulic-cylinders.net\/wp-content\/uploads\/2025\/04\/songte-oil-pipes-and-spare-parts.webp\" alt=\"Hidrolik Borular ve Yedek Par\u00e7alar\" \/><\/p>\n<h2>S\u0131zd\u0131rmazl\u0131k ve Ya\u011flama<\/h2>\n<p>Bom silindirlerinin verimli \u00e7al\u0131\u015fmas\u0131 i\u00e7in uygun s\u0131zd\u0131rmazl\u0131k ve ya\u011flama \u00e7ok \u00f6nemlidir. Hidrolik bas\u0131nc\u0131 korumak ve s\u0131v\u0131 s\u0131z\u0131nt\u0131s\u0131n\u0131 \u00f6nlemek i\u00e7in piston contalar\u0131 ve mil contalar\u0131 dahil olmak \u00fczere \u00e7e\u015fitli contalar kullan\u0131l\u0131r. Poli\u00fcretan ve nitril kau\u00e7uk gibi a\u015f\u0131nmaya dayan\u0131kl\u0131 malzemelerden yap\u0131lan contalar dayan\u0131kl\u0131l\u0131klar\u0131 nedeniyle tercih edilir.<\/p>\n<p>Silindir g\u00f6vdesi ve di\u015fli u\u00e7lar\u0131, a\u015f\u0131nma direncini art\u0131rmak i\u00e7in hassas bir \u015fekilde i\u015flenir. S\u00fcrt\u00fcnmeyi azaltmak ve sorunsuz \u00e7al\u0131\u015fmay\u0131 sa\u011flamak i\u00e7in hidrolik ya\u011f ile d\u00fczenli ya\u011flama \u015fartt\u0131r. Operat\u00f6rler, performans\u0131 korumak ve hasar\u0131 \u00f6nlemek i\u00e7in s\u0131v\u0131 seviyelerini kontrol etmeli ve gerekti\u011finde ya\u011f eklemelidir.<\/p>\n<h2>D\u00fczenli Muayene ve \u00d6nleyici Bak\u0131m<\/h2>\n<ul>\n<li><strong>S\u0131k Denetimler:<\/strong> Bom silindirini d\u00fczenli olarak a\u015f\u0131nma, s\u0131z\u0131nt\u0131 veya hasar belirtileri a\u00e7\u0131s\u0131ndan inceleyin. Sorunlar\u0131n erken tespiti, maliyetli onar\u0131mlar\u0131 ve uzun s\u00fcreli ar\u0131za s\u00fcrelerini \u00f6nleyebilir.<\/li>\n<li><strong>Ya\u011flama Kontrolleri:<\/strong> A\u015f\u0131nmay\u0131 \u00f6nlemek ve sorunsuz \u00e7al\u0131\u015fmay\u0131 sa\u011flamak i\u00e7in silindirin yeterince ya\u011fland\u0131\u011f\u0131ndan emin olun. Hidrolik s\u0131v\u0131da herhangi bir kirlenme veya nem belirtisi olup olmad\u0131\u011f\u0131n\u0131 kontrol edin.<\/li>\n<li><strong>Conta De\u011fi\u015fimi:<\/strong> Contalar\u0131 d\u00fczenli olarak kontrol edin ve gerekti\u011finde de\u011fi\u015ftirin. A\u015f\u0131nm\u0131\u015f contalar s\u0131v\u0131 s\u0131z\u0131nt\u0131lar\u0131na ve silindir performans\u0131n\u0131n d\u00fc\u015fmesine yol a\u00e7abilir.<\/li>\n<\/ul>\n<h2>Kurulum Talimatlar\u0131<\/h2>\n<p>Bom silindirinin do\u011fru montaj\u0131, optimum performans i\u00e7in \u00e7ok \u00f6nemlidir. \u00d6ncelikle montaj braketlerinin ve silindir hizalamas\u0131n\u0131n do\u011fru oldu\u011fundan emin olun. Silindiri yerine sabitlemek i\u00e7in uygun montaj donan\u0131m\u0131n\u0131 kullan\u0131n ve silindirin d\u00fcz ve makinenin \u00e7al\u0131\u015fma ekseniyle hizal\u0131 oldu\u011fundan emin olun.<\/p>\n<p>Montaj\u0131 tamamlamadan \u00f6nce, t\u00fcm ba\u011flant\u0131lar\u0131n ve rakorlar\u0131n s\u0131k\u0131l\u0131\u011f\u0131n\u0131 iki kez kontrol edin. \u00c7al\u0131\u015fma s\u0131ras\u0131nda ar\u0131zay\u0131 \u00f6nlemek i\u00e7in tork ayarlar\u0131 konusunda \u00fcreticinin spesifikasyonlar\u0131na uymak \u00e7ok \u00f6nemlidir. Montajdan sonra, ekipman\u0131 kullanmadan \u00f6nce her \u015feyin do\u011fru \u00e7al\u0131\u015ft\u0131\u011f\u0131ndan emin olmak i\u00e7in kapsaml\u0131 bir inceleme yap\u0131n.<\/p>\n<h2>Yayg\u0131n Bak\u0131m G\u00f6revleri<\/h2>\n<h3>D\u00fczenli Kontroller<\/h3>\n<p>Bom silindirinin d\u00fczenli olarak kontrol edilmesi, sorunlar\u0131n ciddi hale gelmeden \u00f6nce tespit edilmesine yard\u0131mc\u0131 olabilir. Contalarda a\u015f\u0131nma belirtileri, s\u0131z\u0131nt\u0131lar veya \u00e7al\u0131\u015fma s\u0131ras\u0131nda ola\u011fand\u0131\u015f\u0131 sesler olup olmad\u0131\u011f\u0131na dikkat edin. Bu sorunlar\u0131n derhal giderilmesi, daha b\u00fcy\u00fck ar\u0131zalar\u0131 \u00f6nleyebilir ve silindirin \u00f6mr\u00fcn\u00fc uzatabilir.<\/p>\n<h3>Uygun Ya\u011flama<\/h3>\n<p>Bom silindirinin d\u00fczg\u00fcn \u015fekilde ya\u011flanmas\u0131, performans\u0131 i\u00e7in hayati \u00f6nem ta\u015f\u0131r. Hidrolik ya\u011f\u0131n temiz ve do\u011fru seviyede oldu\u011fundan emin olun. \u0130\u00e7 bile\u015fenlerde kirlenmeyi ve a\u015f\u0131nmay\u0131 \u00f6nlemek i\u00e7in hidrolik s\u0131v\u0131s\u0131n\u0131 \u00fcreticinin tavsiyelerine g\u00f6re d\u00fczenli olarak de\u011fi\u015ftirin.<\/p>\n<h3>Conta De\u011fi\u015fimi ve Kalibrasyonu<\/h3>\n<p>Verimlili\u011fi korumak ve s\u0131z\u0131nt\u0131lar\u0131 \u00f6nlemek i\u00e7in contalar gerekti\u011finde de\u011fi\u015ftirilmelidir. D\u00fczenli kalibrasyon kontrolleri, silindirin belirtilen parametreler dahilinde \u00e7al\u0131\u015ft\u0131\u011f\u0131ndan emin olunmas\u0131n\u0131 sa\u011flar; bu da g\u00fcvenlik ve performans i\u00e7in \u00e7ok \u00f6nemlidir. Sistemin do\u011fru \u015fekilde \u00e7al\u0131\u015fmaya devam etmesi i\u00e7in ayarlamalar gerekebilir.<\/p>\n<p><img decoding=\"async\" src=\"https:\/\/www.hydraulic-cylinders.net\/wp-content\/uploads\/2025\/04\/songte-chushion-collar.webp\" alt=\"Yast\u0131k Yaka\" \/><\/p>\n<h2>G\u00fcvenlik Hususlar\u0131 ve \u00c7evresel Fakt\u00f6rler<\/h2>\n<p>Bom silindirleriyle \u00e7al\u0131\u015f\u0131rken g\u00fcvenlik \u00f6nlemleri en \u00f6ncelikli konu olmal\u0131d\u0131r. Operat\u00f6rler her zaman uygun ki\u015fisel koruyucu ekipman giymeli ve kaza riskini en aza indirmek i\u00e7in g\u00fcvenlik protokollerine uymal\u0131d\u0131r. Ayr\u0131ca, hidrolik bile\u015fenlerin performans\u0131n\u0131 ve \u00f6mr\u00fcn\u00fc etkileyebilecek a\u015f\u0131r\u0131 s\u0131cakl\u0131klar ve nem maruziyeti gibi \u00e7evresel fakt\u00f6rleri de g\u00f6z \u00f6n\u00fcnde bulundurun.<\/p>\n<h2>Sorun Giderme ve Yayg\u0131n Sorunlar<\/h2>\n<h3>S\u0131z\u0131nt\u0131<\/h3>\n<p>Bom silindirlerinde en s\u0131k kar\u015f\u0131la\u015f\u0131lan sorunlardan biri s\u0131z\u0131nt\u0131d\u0131r. Bu s\u0131z\u0131nt\u0131, a\u015f\u0131nm\u0131\u015f contalardan, hasarl\u0131 par\u00e7alardan veya yanl\u0131\u015f montajdan kaynaklanabilir. S\u0131z\u0131nt\u0131 kontrol\u00fc d\u00fczenli olarak yap\u0131ld\u0131\u011f\u0131nda, sorunun kayna\u011f\u0131 erken a\u015famada tespit edilebilir. S\u0131z\u0131nt\u0131 tespit edilirse, etkilenen contalar\u0131n veya par\u00e7alar\u0131n onar\u0131lmas\u0131 veya de\u011fi\u015ftirilmesi i\u00e7in derhal harekete ge\u00e7ilmelidir.<\/p>\n<h3>Azalt\u0131lm\u0131\u015f Performans<\/h3>\n<p>Bom silindirinin performans\u0131nda d\u00fc\u015f\u00fc\u015f g\u00f6zlemleniyorsa, bunun nedeni yetersiz hidrolik s\u0131v\u0131 seviyesi, sistemde hava bulunmas\u0131 veya i\u00e7 a\u015f\u0131nma olabilir. Hidrolik s\u0131v\u0131 seviyelerinin yeterli oldu\u011fundan emin olmak ve hava kabarc\u0131klar\u0131n\u0131 kontrol etmek genellikle bu sorunu \u00e7\u00f6zebilir. Performans sorunlar\u0131 devam ederse, i\u00e7 bile\u015fenlerin kapsaml\u0131 bir \u015fekilde incelenmesi gerekebilir.<\/p>\n<h3>Al\u0131\u015f\u0131lmad\u0131k Sesler<\/h3>\n<p>\u00c7al\u0131\u015fma s\u0131ras\u0131nda duyulan ola\u011fand\u0131\u015f\u0131 sesler, silindir i\u00e7inde potansiyel sorunlara i\u015faret edebilir. Bu sesler yetersiz ya\u011flama, i\u00e7 a\u015f\u0131nma veya gev\u015fek par\u00e7alardan kaynaklanabilir. Silindire daha fazla zarar gelmesini \u00f6nlemek i\u00e7in ola\u011fand\u0131\u015f\u0131 seslerin derhal ara\u015ft\u0131r\u0131lmas\u0131 \u00e7ok \u00f6nemlidir.<\/p>\n<p><img decoding=\"async\" src=\"https:\/\/www.hydraulic-cylinders.net\/wp-content\/uploads\/2025\/04\/songte-bushings-with-all-kinds-of-excavator-models.webp\" alt=\"Ekskavat\u00f6r Modelleri i\u00e7in Bur\u00e7lar\" \/><\/p>\n<h2>\u015eirket Genel Bak\u0131\u015f\u0131<\/h2>\n<p>\u00d6nde gelen yedek hidrolik silindir \u00fcreticisiyiz ve hem yerel hem de uluslararas\u0131 pazarlara hitap eden \u00e7e\u015fitli bir \u00fcr\u00fcn yelpazemiz bulunmaktad\u0131r. M\u00fckemmelli\u011fe olan ba\u011fl\u0131l\u0131\u011f\u0131m\u0131z, geli\u015fmi\u015f \u00fcretim y\u00f6netim stratejilerini kullan\u0131rken kat\u0131 kalite standartlar\u0131na uymam\u0131z\u0131 sa\u011flamaktad\u0131r.<\/p>\n<p>Teknolojik yenili\u011fe odaklanarak, \u00fcretim verimlili\u011fini art\u0131rmak i\u00e7in yetenekli i\u015f g\u00fcc\u00fcm\u00fczden ve \u00fcst d\u00fczey dijital \u00fcretim ekipmanlar\u0131ndan yararlan\u0131yoruz. Kalite g\u00fcvence s\u00fcre\u00e7lerimiz, her \u00fcr\u00fcn\u00fcn m\u00fc\u015fterilerimize ula\u015fmadan \u00f6nce titiz test standartlar\u0131n\u0131 kar\u015f\u0131lamas\u0131n\u0131 sa\u011flar. M\u00fc\u015fterilerimizin \u00f6zel ihtiya\u00e7lar\u0131n\u0131 kar\u015f\u0131layan \u00f6zelle\u015ftirilmi\u015f \u00e7\u00f6z\u00fcmler sunma yetene\u011fimizle gurur duyuyoruz.<\/p>\n<p><img decoding=\"async\" src=\"https:\/\/www.hydraulic-cylinders.net\/wp-content\/uploads\/2025\/04\/songte-company-4.webp\" alt=\"\u015eirket \u00dcretim Hatt\u0131\" \/><br \/>\n<img decoding=\"async\" src=\"https:\/\/www.hydraulic-cylinders.net\/wp-content\/uploads\/2025\/04\/songte-company-3.webp\" alt=\"Hidrolik Silindir \u00dcretimi\" \/><\/p>\n<p>Profesyonelli\u011fe, uluslararas\u0131 sertifikalara ve \u00fcst\u00fcn sat\u0131\u015f sonras\u0131 hizmete odaklanmam\u0131z bizi sekt\u00f6rde farkl\u0131 k\u0131l\u0131yor. Y\u00fcksek kaliteli \u00fcr\u00fcnler ve ola\u011fan\u00fcst\u00fc hizmet ile m\u00fc\u015fterilerimizin \u00e7e\u015fitli ihtiya\u00e7lar\u0131n\u0131 kar\u015f\u0131lamaya kendimizi adad\u0131k.<\/p>\n<p>Yazar: lyl<\/p>","protected":false},"excerpt":{"rendered":"<p>Boom Cylinder For XCMG Large Excavator XE900C Introduction to Boom Cylinder The Boom Cylinder is an essential hydraulic component utilized in large excavators, such as the XCMG XE900C. This cylinder plays a critical role in controlling the movement of the excavator&#8217;s boom, allowing it to extend, retract, and pivot effectively. By harnessing hydraulic pressure, the [&hellip;]<\/p>","protected":false},"featured_media":17877,"comment_status":"open","ping_status":"closed","template":"","meta":{"_et_pb_use_builder":"","_et_pb_old_content":"","_et_gb_content_width":""},"product_brand":[],"product_cat":[1546],"product_tag":[1547,1496],"class_list":{"0":"post-19206","1":"product","2":"type-product","3":"status-publish","4":"has-post-thumbnail","6":"product_cat-boom-cylinders","7":"product_tag-boom-cylinders","8":"product_tag-hydraulic-cylinders","10":"first","11":"instock","12":"shipping-taxable","13":"product-type-simple"},"amp_enabled":true,"_links":{"self":[{"href":"https:\/\/www.hydraulic-cylinders.net\/tr\/wp-json\/wp\/v2\/product\/19206","targetHints":{"allow":["GET"]}}],"collection":[{"href":"https:\/\/www.hydraulic-cylinders.net\/tr\/wp-json\/wp\/v2\/product"}],"about":[{"href":"https:\/\/www.hydraulic-cylinders.net\/tr\/wp-json\/wp\/v2\/types\/product"}],"replies":[{"embeddable":true,"href":"https:\/\/www.hydraulic-cylinders.net\/tr\/wp-json\/wp\/v2\/comments?post=19206"}],"wp:featuredmedia":[{"embeddable":true,"href":"https:\/\/www.hydraulic-cylinders.net\/tr\/wp-json\/wp\/v2\/media\/17877"}],"wp:attachment":[{"href":"https:\/\/www.hydraulic-cylinders.net\/tr\/wp-json\/wp\/v2\/media?parent=19206"}],"wp:term":[{"taxonomy":"product_brand","embeddable":true,"href":"https:\/\/www.hydraulic-cylinders.net\/tr\/wp-json\/wp\/v2\/product_brand?post=19206"},{"taxonomy":"product_cat","embeddable":true,"href":"https:\/\/www.hydraulic-cylinders.net\/tr\/wp-json\/wp\/v2\/product_cat?post=19206"},{"taxonomy":"product_tag","embeddable":true,"href":"https:\/\/www.hydraulic-cylinders.net\/tr\/wp-json\/wp\/v2\/product_tag?post=19206"}],"curies":[{"name":"wp","href":"https:\/\/api.w.org\/{rel}","templated":true}]}}