{"id":19208,"date":"2025-04-07T06:18:13","date_gmt":"2025-04-07T06:18:13","guid":{"rendered":"https:\/\/www.hydraulic-cylinders.net\/product\/boom-cylinder-for-xcmg-wheel-excavator-xe150w\/"},"modified":"2025-04-07T06:18:16","modified_gmt":"2025-04-07T06:18:16","slug":"boom-cylinder-for-xcmg-wheel-excavator-xe150w","status":"publish","type":"product","link":"https:\/\/www.hydraulic-cylinders.net\/tr\/urun\/boom-cylinder-for-xcmg-wheel-excavator-xe150w\/","title":{"rendered":"XCMG Tekerlekli Ekskavat\u00f6r XE150W i\u00e7in Bom Silindiri"},"content":{"rendered":"<h1>XCMG Tekerlekli Ekskavat\u00f6r XE150W i\u00e7in Bom Silindiri<\/h1>\n<h2>Bom Silindirinin Genel G\u00f6r\u00fcn\u00fcm\u00fc<\/h2>\n<p>Bom silindiri, ekskavat\u00f6rler, kaz\u0131c\u0131lar ve \u00f6n y\u00fckleyiciler gibi \u00e7e\u015fitli a\u011f\u0131r makinelerde bom hareketini kontrol etmek i\u00e7in \u00f6zel olarak tasarlanm\u0131\u015f, hidrolik sistemlerde hayati bir bile\u015fendir. Bomun kalkmas\u0131n\u0131, al\u00e7almas\u0131n\u0131 ve e\u011filmesini sa\u011flayarak verimli malzeme ta\u015f\u0131ma i\u015flemlerini kolayla\u015ft\u0131r\u0131r. Bom silindiri, bu i\u015flevleri yerine getirmek i\u00e7in hidrolik s\u0131v\u0131 bas\u0131nc\u0131n\u0131 kullanan bir hidrolik silindir t\u00fcr\u00fcd\u00fcr ve bu nedenle in\u015faat ve tar\u0131m makinelerinin \u00e7al\u0131\u015fmas\u0131 i\u00e7in vazge\u00e7ilmezdir.<\/p>\n<p><img decoding=\"async\" src=\"https:\/\/www.hydraulic-cylinders.net\/wp-content\/uploads\/2025\/04\/songte-company-1.webp\" alt=\"Bom Silindiri\"><\/p>\n<h3>\u0130\u015flevsellik ve Uygulamalar<\/h3>\n<p>Ekskavat\u00f6r\u00fcn hidrolik sisteminde bom silindiri \u00e7ok \u00f6nemli bir rol oynar. Bomun uzamas\u0131n\u0131 ve geri \u00e7ekilmesini sa\u011flayarak, malzemelerin etkili bir \u015fekilde kaz\u0131lmas\u0131, kald\u0131r\u0131lmas\u0131 ve ta\u015f\u0131nmas\u0131 i\u00e7in gerekli kuvveti sa\u011flar. Bu silindirler y\u00fcksek bas\u0131n\u00e7 alt\u0131nda \u00e7al\u0131\u015facak \u015fekilde tasarlanm\u0131\u015ft\u0131r ve bu da hareketlerde hassasiyet ve \u00e7al\u0131\u015fma s\u0131ras\u0131nda stabilite sa\u011flar. Uygulamalar\u0131 sadece ekskavat\u00f6rlerle s\u0131n\u0131rl\u0131 kalmay\u0131p, \u00e7e\u015fitli a\u011f\u0131r i\u015f makinelerinde de vazge\u00e7ilmezdir.<\/p>\n<h2>Bom Silindirinin \u00d6zellikleri<\/h2>\n<ul>\n<li><strong>Y\u00fcksek Dayan\u0131kl\u0131l\u0131k ve Dayan\u0131kl\u0131l\u0131k:<\/strong> Y\u00fcksek mukavemetli \u00e7elik veya al\u00fcminyumdan \u00fcretilen bom silindiri, y\u00fcksek bas\u0131nca ve a\u011f\u0131r y\u00fcklere dayanacak \u015fekilde tasarlanm\u0131\u015ft\u0131r ve bu da onu zorlu \u00e7al\u0131\u015fma ortamlar\u0131 i\u00e7in uygun hale getirir. Tasar\u0131m\u0131nda a\u015f\u0131nma direnci ve korozyon korumas\u0131 da g\u00f6z \u00f6n\u00fcnde bulundurularak kullan\u0131m \u00f6mr\u00fc uzat\u0131lm\u0131\u015ft\u0131r.<\/li>\n<li><strong>Verimli Hidrolik \u00c7al\u0131\u015fma:<\/strong> Silindir, d\u00fczg\u00fcn uzatma ve geri \u00e7ekme i\u00e7in hidrolik ya\u011f bas\u0131nc\u0131ndan yararlan\u0131r, kontrol komutlar\u0131na h\u0131zl\u0131 yan\u0131t vermeyi sa\u011flar ve a\u011f\u0131r ve karma\u015f\u0131k i\u015flerin \u00fcstesinden gelmek i\u00e7in ideal olan g\u00fc\u00e7l\u00fc itme ve \u00e7ekme kuvveti sunar.<\/li>\n<li><strong>\u00c7e\u015fitli T\u00fcrler:<\/strong> Farkl\u0131 operasyonel ihtiya\u00e7lar\u0131 kar\u015f\u0131lamak \u00fczere tek etkili (tek y\u00f6nde hidrolik hareket) veya \u00e7ift etkili (iki y\u00f6nde hidrolik hareket) konfig\u00fcrasyonlarda mevcuttur. Baz\u0131 modeller teleskopiktir ve d\u0131\u015f boyutlar\u0131 art\u0131rmadan daha fazla uzatmaya olanak tan\u0131r; bu da alan k\u0131s\u0131tlamal\u0131 uygulamalar i\u00e7in idealdir.<\/li>\n<\/ul>\n<h3>\u00dcretim Kapasitesi<\/h3>\n<p>\u00dcr\u00fcnlerimiz bu hidrolik silindirlerin yerini m\u00fckemmel bir \u015fekilde alarak, end\u00fcstri standartlar\u0131na uygun kalite ve performans sa\u011flar.<\/p>\n<p><img decoding=\"async\" src=\"https:\/\/www.hydraulic-cylinders.net\/wp-content\/uploads\/2025\/04\/songte-cylinder-head-with-all-kinds-excavator-models.webp\" alt=\"Bom Silindiri \u00dcretimi\"><\/p>\n<h2>Uygulama Senaryolar\u0131<\/h2>\n<ul>\n<li><strong>\u0130n\u015faat Ekipmanlar\u0131:<\/strong> Ekskavat\u00f6rlerde, bom silindirleri topra\u011f\u0131 veya molozu kazma, y\u00fckleme ve ta\u015f\u0131ma i\u015flemlerinde hayati \u00f6neme sahiptir. Ekskavat\u00f6r\u00fcn hendek a\u00e7ma ve malzeme ta\u015f\u0131ma gibi \u00e7e\u015fitli g\u00f6revleri hassas bir \u015fekilde ger\u00e7ekle\u015ftirmesini sa\u011flarlar.<\/li>\n<li><strong>Kaz\u0131c\u0131 Y\u00fckleyiciler:<\/strong> Kaz\u0131c\u0131 y\u00fckleyicilerde, bom silindiri hem kazma hem de kald\u0131rma i\u015flemlerine yard\u0131mc\u0131 olarak in\u015faat ve peyzaj i\u015flerinde verimlili\u011fi ve etkinli\u011fi art\u0131r\u0131r.<\/li>\n<li><strong>Tar\u0131m Makinalar\u0131:<\/strong> \u00d6n y\u00fckleyicilerde kullan\u0131lan bom silindirleri, toprak, saman ve di\u011fer malzemelerin kep\u00e7elenmesi, kald\u0131r\u0131lmas\u0131 ve ta\u015f\u0131nmas\u0131 i\u00e7in hayati \u00f6neme sahiptir. Sa\u011flam tasar\u0131mlar\u0131, a\u011f\u0131r kald\u0131rma gerektiren tar\u0131msal i\u015flemleri kolayla\u015ft\u0131r\u0131r.<\/li>\n<li><strong>Ekskavat\u00f6r\u00fcn \u0130\u015flevleri:<\/strong> Bom silindiri, ekskavat\u00f6r\u00fcn kep\u00e7esinin topra\u011fa n\u00fcfuz etmesini sa\u011flayarak, in\u015faat projeleri i\u00e7in gerekli olan etkili kaz\u0131 i\u015flemlerini kolayla\u015ft\u0131r\u0131r.<\/li>\n<li><strong>Y\u00fckleyiciler:<\/strong> \u00d6n y\u00fckleyicilerde, bom silindirleri, in\u015faat sahalar\u0131nda malzeme ta\u015f\u0131ma i\u00e7in hayati \u00f6nem ta\u015f\u0131yan, y\u00fcklerin verimli bir \u015fekilde kald\u0131r\u0131lmas\u0131 ve bo\u015falt\u0131lmas\u0131 i\u00e7in gerekli kuvveti sa\u011flar.<\/li>\n<\/ul>\n<h2>Tasar\u0131m Hususlar\u0131 ve Se\u00e7im Kriterleri<\/h2>\n<h3>Y\u00fck Kapasitesi<\/h3>\n<p>Bom silindirinin y\u00fck ta\u015f\u0131ma kapasitesi dikkate al\u0131nmas\u0131 gereken kritik bir fakt\u00f6rd\u00fcr. \u00c7al\u0131\u015fmalar s\u0131ras\u0131nda beklenen maksimum a\u011f\u0131rl\u0131\u011f\u0131 ar\u0131za riski olmadan kald\u0131rabilmelidir. Tasar\u0131m, silindirin de\u011fi\u015fen y\u00fckler alt\u0131nda stabilitesini korumas\u0131n\u0131 ve kaza riskini azaltmas\u0131n\u0131 sa\u011flamal\u0131d\u0131r.<\/p>\n<h3>S\u0131zd\u0131rmazl\u0131k B\u00fct\u00fcnl\u00fc\u011f\u00fc<\/h3>\n<p>Etkili s\u0131zd\u0131rmazl\u0131k, performans d\u00fc\u015f\u00fc\u015f\u00fcne ve potansiyel tehlikelere yol a\u00e7abilen hidrolik s\u0131v\u0131 s\u0131z\u0131nt\u0131lar\u0131n\u0131 \u00f6nlemek i\u00e7in \u00e7ok \u00f6nemlidir. S\u0131zd\u0131rmazl\u0131k elemanlar\u0131n\u0131n se\u00e7imi, s\u0131cakl\u0131k ve kirleticilere maruz kalma dahil olmak \u00fczere, belirli \u00e7al\u0131\u015fma ko\u015fullar\u0131na g\u00f6re yap\u0131lmal\u0131d\u0131r.<\/p>\n<h3>Dayan\u0131kl\u0131l\u0131k<\/h3>\n<p>\u0130n\u015faat ve tar\u0131m sekt\u00f6rlerinde, ekipmanlar\u0131n zorlu ko\u015fullara maruz kald\u0131\u011f\u0131 durumlarda dayan\u0131kl\u0131l\u0131k son derece \u00f6nemlidir. A\u015f\u0131nmaya ve korozyona dayan\u0131kl\u0131 malzemelerin se\u00e7ilmesi, bom silindirinin kullan\u0131m \u00f6mr\u00fcn\u00fc uzatarak zaman i\u00e7inde g\u00fcvenilir performans sa\u011flar.<\/p>\n<h3>G\u00fcvenlik \u00d6zellikleri<\/h3>\n<p>\u00c7al\u0131\u015fma s\u0131ras\u0131nda kazalar\u0131 \u00f6nlemek i\u00e7in bom silindirinin tasar\u0131m\u0131na g\u00fcvenlik \u00f6zellikleri entegre edilmelidir. Bu, a\u015f\u0131r\u0131 y\u00fcklenmeye kar\u015f\u0131 koruma sa\u011flayan ve a\u011f\u0131r y\u00fcklerin g\u00fcvenli bir \u015fekilde ta\u015f\u0131nmas\u0131n\u0131 sa\u011flayan emniyet valfleri ve bas\u0131n\u00e7 tahliye sistemlerini i\u00e7erir.<\/p>\n<h3>Bak\u0131m Eri\u015filebilirli\u011fi<\/h3>\n<p>Tasar\u0131m, bak\u0131m amac\u0131yla bile\u015fenlere kolay eri\u015fime olanak sa\u011flamal\u0131d\u0131r. D\u00fczenli kontroller ve bak\u0131m, hidrolik silindirin \u00f6mr\u00fcn\u00fc uzatmak ve optimum performans\u0131 sa\u011flamak i\u00e7in \u00e7ok \u00f6nemlidir.<\/p>\n<p><img decoding=\"async\" src=\"https:\/\/www.hydraulic-cylinders.net\/wp-content\/uploads\/2025\/04\/songte-oil-pipes-and-spare-parts.webp\" alt=\"Hidrolik Silindir Par\u00e7alar\u0131\"><\/p>\n<h2>S\u0131zd\u0131rmazl\u0131k ve Ya\u011flama<\/h2>\n<p>Bom silindirlerinin performans\u0131 i\u00e7in etkili s\u0131zd\u0131rmazl\u0131k ve ya\u011flama hayati \u00f6nem ta\u015f\u0131r. Piston contalar\u0131 ve mil contalar\u0131 gibi \u00e7e\u015fitli s\u0131zd\u0131rmazl\u0131k bile\u015fenleri, hidrolik s\u0131v\u0131n\u0131n silindir i\u00e7inde kalmas\u0131n\u0131 sa\u011flamak i\u00e7in kullan\u0131l\u0131r. A\u015f\u0131nmaya ve y\u0131pranmaya kar\u015f\u0131 diren\u00e7leri nedeniyle poli\u00fcretan ve nitril kau\u00e7uk gibi dayan\u0131kl\u0131 malzemelerden yap\u0131lm\u0131\u015f contalar tercih edilir.<\/p>\n<p>Silindir g\u00f6vdesi ve di\u015fli u\u00e7 y\u00fczeyleri, a\u015f\u0131nma direncini art\u0131rmak i\u00e7in ince i\u015fleme tabi tutulmal\u0131d\u0131r. Ayr\u0131ca, sorunsuz \u00e7al\u0131\u015fmay\u0131 s\u00fcrd\u00fcrmek ve s\u00fcrt\u00fcnmeden kaynaklanan i\u00e7 hasar\u0131 \u00f6nlemek i\u00e7in uygun hidrolik ya\u011f ile d\u00fczenli ya\u011flama gereklidir.<\/p>\n<h2>D\u00fczenli Muayene ve \u00d6nleyici Bak\u0131m \u00d6nlemleri<\/h2>\n<ul>\n<li><strong>D\u00fczenli Denetimler:<\/strong> A\u015f\u0131nma veya hasar belirtilerini tespit etmek i\u00e7in d\u00fczenli kontroller yap\u0131n. Bu, contalar\u0131n s\u0131z\u0131nt\u0131 a\u00e7\u0131s\u0131ndan incelenmesini ve t\u00fcm bile\u015fenlerin do\u011fru \u015fekilde \u00e7al\u0131\u015ft\u0131\u011f\u0131ndan emin olunmas\u0131n\u0131 i\u00e7erir.<\/li>\n<li><strong>Uygun Ya\u011flama:<\/strong> Optimum performans\u0131 korumak i\u00e7in hidrolik ya\u011f seviyelerinin yeterli oldu\u011fundan ve kullan\u0131lan ya\u011f\u0131n \u00e7al\u0131\u015fma ko\u015fullar\u0131na uygun oldu\u011fundan emin olun.<\/li>\n<li><strong>Conta De\u011fi\u015fimi:<\/strong> S\u0131z\u0131nt\u0131lar\u0131 \u00f6nlemek ve hidrolik bas\u0131nc\u0131 korumak i\u00e7in gerekti\u011finde contalar\u0131 de\u011fi\u015ftirin. D\u00fczenli kontroller, contalar\u0131n ne zaman ar\u0131zalanmaya ba\u015flad\u0131\u011f\u0131n\u0131 belirlemeye yard\u0131mc\u0131 olabilir.<\/li>\n<\/ul>\n<h2>Kurulum Talimatlar\u0131<\/h2>\n<p>Bom silindirinin do\u011fru montaj\u0131, performans\u0131 ve uzun \u00f6mr\u00fc i\u00e7in \u00e7ok \u00f6nemlidir. Montaj braketlerinin uygun \u015fekilde hizaland\u0131\u011f\u0131ndan ve silindirin \u00e7al\u0131\u015fma s\u0131ras\u0131nda hareket etmesini \u00f6nlemek i\u00e7in g\u00fcvenli bir \u015fekilde sabitlendi\u011finden emin olun. Silindiri sabitlemek i\u00e7in uygun montaj destekleri kullan\u0131n ve tork ayarlar\u0131 i\u00e7in \u00fcreticinin spesifikasyonlar\u0131na uyun.<\/p>\n<p>Montaj s\u0131ras\u0131nda, s\u0131z\u0131nt\u0131lar\u0131 \u00f6nlemek i\u00e7in hidrolik ba\u011flant\u0131lara dikkat edin. T\u00fcm hortumlar\u0131n ve ba\u011flant\u0131 par\u00e7alar\u0131n\u0131n do\u011fru \u015fekilde tak\u0131ld\u0131\u011f\u0131ndan ve a\u015f\u0131nma a\u00e7\u0131s\u0131ndan kontrol edildi\u011finden emin olun. Montajdan sonra, silindirin ama\u00e7land\u0131\u011f\u0131 gibi \u00e7al\u0131\u015ft\u0131\u011f\u0131n\u0131 do\u011frulamak i\u00e7in sistemi test edin ve gerekli ayarlamalar\u0131 yap\u0131n.<\/p>\n<h2>Yayg\u0131n Bak\u0131m G\u00f6revleri<\/h2>\n<ul>\n<li><strong>D\u00fczenli Denetimler:<\/strong> A\u015f\u0131nma belirtilerini veya olas\u0131 sorunlar\u0131 tespit etmek i\u00e7in d\u00fczenli kontroller planlay\u0131n. Bu proaktif yakla\u015f\u0131m, sorunlar\u0131n ciddi ar\u0131zalara yol a\u00e7madan \u00f6nce belirlenmesine yard\u0131mc\u0131 olur.<\/li>\n<li><strong>Uygun Ya\u011flama:<\/strong> S\u00fcrt\u00fcnmeden kaynaklanan a\u015f\u0131nmay\u0131 \u00f6nlemek ve sorunsuz \u00e7al\u0131\u015fmay\u0131 sa\u011flamak i\u00e7in silindirin do\u011fru hidrolik ya\u011f ile yeterince ya\u011fland\u0131\u011f\u0131ndan emin olun.<\/li>\n<li><strong>Conta De\u011fi\u015fimi ve Kalibrasyon Kontrolleri:<\/strong> Contalar\u0131 d\u00fczenli olarak hasar a\u00e7\u0131s\u0131ndan kontrol edin ve gerekti\u011finde de\u011fi\u015ftirin. Silindirin belirtilen s\u0131n\u0131rlar i\u00e7inde \u00e7al\u0131\u015fmas\u0131n\u0131 sa\u011flamak i\u00e7in kalibrasyon kontrolleri de \u00e7ok \u00f6nemlidir.<\/li>\n<\/ul>\n<h2>G\u00fcvenlik Hususlar\u0131 ve \u00c7evresel Fakt\u00f6rler<\/h2>\n<p>Bom silindirleri kullan\u0131l\u0131rken, operat\u00f6rleri ve ekipman\u0131 korumak i\u00e7in g\u00fcvenlik \u00f6nlemlerine uymak hayati \u00f6nem ta\u015f\u0131r. Operat\u00f6rler i\u00e7in uygun e\u011fitim programlar\u0131 uygulamak, makinelerin g\u00fcvenli \u00e7al\u0131\u015fmas\u0131n\u0131 anlamalar\u0131n\u0131 sa\u011flar. Ayr\u0131ca, temiz bir \u00e7al\u0131\u015fma ortam\u0131, d\u00f6k\u00fclme ve s\u0131z\u0131nt\u0131larla ilgili riskleri en aza indirerek daha g\u00fcvenli bir i\u015f yerine katk\u0131da bulunur.<\/p>\n<h2>Yayg\u0131n Sorunlar\u0131n Giderilmesi<\/h2>\n<ul>\n<li><strong>S\u0131z\u0131nt\u0131:<\/strong> S\u0131zd\u0131ran contalar\u0131 veya hasarl\u0131 ba\u011flant\u0131lar\u0131 kontrol edin. A\u015f\u0131nm\u0131\u015f contalar\u0131 de\u011fi\u015ftirmek ve t\u00fcm ba\u011flant\u0131lar\u0131n s\u0131k\u0131 oldu\u011fundan emin olmak bu sorunu \u00e7\u00f6zebilir.<\/li>\n<li><strong>Yava\u015f Hareket:<\/strong> E\u011fer bom yava\u015f \u00e7al\u0131\u015f\u0131yorsa, hidrolik s\u0131v\u0131 seviyesini kontrol edin ve hidrolik hatlarda t\u0131kan\u0131kl\u0131k olup olmad\u0131\u011f\u0131n\u0131 inceleyin.<\/li>\n<li><strong>Al\u0131\u015f\u0131lmad\u0131k Sesler:<\/strong> G\u0131c\u0131rdama veya vurma sesleri i\u00e7 hasar\u0131n belirtisi olabilir. Bu durumda, \u00e7al\u0131\u015fmay\u0131 derhal durdurmak ve silindiri incelemek \u00e7ok \u00f6nemlidir.<\/li>\n<\/ul>\n<h2>Sorun Giderme \u0130pu\u00e7lar\u0131<\/h2>\n<p>Bom silindirindeki sorunlar\u0131 etkili bir \u015fekilde te\u015fhis etmek ve \u00e7\u00f6zmek i\u00e7in, performans\u0131n\u0131 d\u00fczenli olarak izleyin ve \u00e7al\u0131\u015fmadaki herhangi bir de\u011fi\u015fikli\u011fin fark\u0131nda olun. Bak\u0131m programlar\u0131na uymak ve kaliteli hidrolik s\u0131v\u0131lar kullanmak gibi \u00f6nleyici tedbirler, sorun olas\u0131l\u0131\u011f\u0131n\u0131 azaltmaya yard\u0131mc\u0131 olabilir. Hidrolik bas\u0131n\u00e7lar\u0131 izlemek ve gerekti\u011finde ayarlamalar yapmak da silindirin \u00f6mr\u00fcn\u00fcn uzamas\u0131na katk\u0131da bulunur.<\/p>\n<p><img decoding=\"async\" src=\"https:\/\/www.hydraulic-cylinders.net\/wp-content\/uploads\/2025\/04\/songte-bushings-with-all-kinds-of-excavator-models.webp\" alt=\"Bom Silindiri Bile\u015fenleri\"><\/p>\n<h2>\u015eirket Genel Bak\u0131\u015f\u0131<\/h2>\n<p>\u00d6nde gelen hidrolik silindir yedek par\u00e7a \u00fcreticisiyiz ve hem yurt i\u00e7i hem de uluslararas\u0131 pazarlarda en \u00f6nde gelen \u00fcretici ve toptanc\u0131lardan biri olarak kendimizi kan\u0131tlam\u0131\u015f geni\u015f bir \u00fcr\u00fcn yelpazesi sunuyoruz. M\u00fckemmelli\u011fe olan ba\u011fl\u0131l\u0131\u011f\u0131m\u0131z, rafine \u00fcretim stratejilerimizde, ileri teknoloji kullan\u0131m\u0131m\u0131zda ve yetenekli profesyonellerimizde kendini g\u00f6stermektedir.<\/p>\n<p>Y\u00fcksek kaliteli \u00fcretim ekipmanlar\u0131 ve sa\u011flam bir kalite kontrol sistemi kullanarak \u00fcr\u00fcnlerimizin sekt\u00f6r\u00fcn kat\u0131 standartlar\u0131n\u0131 kar\u015f\u0131lamas\u0131n\u0131 sa\u011fl\u0131yoruz. \u00c7\u00f6z\u00fcmlerimizi \u00f6zelle\u015ftirme yetene\u011fimiz, \u00e7e\u015fitli m\u00fc\u015fteri ihtiya\u00e7lar\u0131n\u0131 kar\u015f\u0131l\u0131yor ve \u00f6zel sat\u0131\u015f sonras\u0131 hizmetimiz, m\u00fc\u015fteri memnuniyetine olan ba\u011fl\u0131l\u0131\u011f\u0131m\u0131z\u0131 peki\u015ftiriyor.<\/p>\n<p><img decoding=\"async\" src=\"https:\/\/www.hydraulic-cylinders.net\/wp-content\/uploads\/2025\/04\/songte-company-4.webp\" alt=\"\u015eirket Genel Bak\u0131\u015f\u0131\"><br \/>\n<img decoding=\"async\" src=\"https:\/\/www.hydraulic-cylinders.net\/wp-content\/uploads\/2025\/04\/songte-company-3.webp\" alt=\"\u015eirket \u00dcretimi\"><\/p>\n<p>Yazar: lyl<\/p>","protected":false},"excerpt":{"rendered":"<p>Boom Cylinder For XCMG Wheel Excavator XE150W Overview of the Boom Cylinder The boom cylinder is a vital component in hydraulic systems, specifically designed to control the movement of booms in various heavy machinery, such as excavators, backhoes, and front loaders. It enables the boom to lift, lower, and tilt, facilitating efficient material handling tasks. [&hellip;]<\/p>","protected":false},"featured_media":17879,"comment_status":"open","ping_status":"closed","template":"","meta":{"_et_pb_use_builder":"","_et_pb_old_content":"","_et_gb_content_width":""},"product_brand":[],"product_cat":[1546],"product_tag":[1547,1496],"class_list":{"0":"post-19208","1":"product","2":"type-product","3":"status-publish","4":"has-post-thumbnail","6":"product_cat-boom-cylinders","7":"product_tag-boom-cylinders","8":"product_tag-hydraulic-cylinders","10":"first","11":"instock","12":"shipping-taxable","13":"product-type-simple"},"amp_enabled":true,"_links":{"self":[{"href":"https:\/\/www.hydraulic-cylinders.net\/tr\/wp-json\/wp\/v2\/product\/19208","targetHints":{"allow":["GET"]}}],"collection":[{"href":"https:\/\/www.hydraulic-cylinders.net\/tr\/wp-json\/wp\/v2\/product"}],"about":[{"href":"https:\/\/www.hydraulic-cylinders.net\/tr\/wp-json\/wp\/v2\/types\/product"}],"replies":[{"embeddable":true,"href":"https:\/\/www.hydraulic-cylinders.net\/tr\/wp-json\/wp\/v2\/comments?post=19208"}],"wp:featuredmedia":[{"embeddable":true,"href":"https:\/\/www.hydraulic-cylinders.net\/tr\/wp-json\/wp\/v2\/media\/17879"}],"wp:attachment":[{"href":"https:\/\/www.hydraulic-cylinders.net\/tr\/wp-json\/wp\/v2\/media?parent=19208"}],"wp:term":[{"taxonomy":"product_brand","embeddable":true,"href":"https:\/\/www.hydraulic-cylinders.net\/tr\/wp-json\/wp\/v2\/product_brand?post=19208"},{"taxonomy":"product_cat","embeddable":true,"href":"https:\/\/www.hydraulic-cylinders.net\/tr\/wp-json\/wp\/v2\/product_cat?post=19208"},{"taxonomy":"product_tag","embeddable":true,"href":"https:\/\/www.hydraulic-cylinders.net\/tr\/wp-json\/wp\/v2\/product_tag?post=19208"}],"curies":[{"name":"wp","href":"https:\/\/api.w.org\/{rel}","templated":true}]}}