{"id":19209,"date":"2025-04-07T06:18:16","date_gmt":"2025-04-07T06:18:16","guid":{"rendered":"https:\/\/www.hydraulic-cylinders.net\/product\/boom-cylinder-for-xcmg-wheel-excavator-xe210w\/"},"modified":"2025-04-07T06:18:18","modified_gmt":"2025-04-07T06:18:18","slug":"boom-cylinder-for-xcmg-wheel-excavator-xe210w","status":"publish","type":"product","link":"https:\/\/www.hydraulic-cylinders.net\/tr\/urun\/boom-cylinder-for-xcmg-wheel-excavator-xe210w\/","title":{"rendered":"XCMG Tekerlekli Ekskavat\u00f6r XE210w i\u00e7in Bom Silindiri"},"content":{"rendered":"<h1>XCMG Tekerlekli Ekskavat\u00f6r XE210w i\u00e7in Bom Silindiri<\/h1>\n<h2>\u00dcr\u00fcn Genel Bak\u0131\u015f\u0131<\/h2>\n<p>XCMG XE210w tekerlekli ekskavat\u00f6r i\u00e7in bom silindiri, ekskavat\u00f6rlerde bomun hareketini kontrol etmek i\u00e7in tasarlanm\u0131\u015f kritik bir bile\u015fendir. Bu tip hidrolik silindir, a\u011f\u0131r makinelerin \u00e7e\u015fitli g\u00f6revleri verimli bir \u015fekilde yerine getirmesinde \u00f6nemli bir rol oynar. \u00d6zellikle, bom silindiri bomun y\u00fckseltilmesini, al\u00e7alt\u0131lmas\u0131n\u0131 ve e\u011filmesini sa\u011flayarak kazma, kald\u0131rma ve malzeme ta\u015f\u0131ma gibi malzeme elle\u00e7leme g\u00f6revlerini kolayla\u015ft\u0131r\u0131r.<\/p>\n<p><img decoding=\"async\" src=\"https:\/\/www.hydraulic-cylinders.net\/wp-content\/uploads\/2025\/04\/songte-company-1.webp\" alt=\"Bom Silindiri G\u00f6r\u00fcnt\u00fcs\u00fc\"><\/p>\n<h3>Bom Silindirlerinin Tan\u0131m\u0131 ve Genel Bak\u0131\u015f\u0131<\/h3>\n<p>Bom silindirleri, ekskavat\u00f6rler, kaz\u0131c\u0131lar ve \u00f6n y\u00fckleyiciler de dahil olmak \u00fczere a\u011f\u0131r ekipmanlarda bomun hareketini kontrol etmek i\u00e7in \u00f6zel olarak \u00fcretilmi\u015f hidrolik silindirlerdir. Bu silindirler, bomun farkl\u0131 y\u00f6nlerde hareket etmesini sa\u011flayarak operat\u00f6rlerin toprak kazma, moloz y\u00fckleme ve a\u011f\u0131r y\u00fck kald\u0131rma gibi g\u00f6revleri yerine getirmesine olanak tan\u0131r. Hidrolik sistemin bas\u0131n\u00e7 uygulama yetene\u011fi, etkili \u00e7al\u0131\u015fma kapasitesine d\u00f6n\u00fc\u015f\u00fcr ve bu da bu silindirleri modern kaz\u0131 ve in\u015faat makinelerinin temel ta\u015flar\u0131ndan biri haline getirir.<\/p>\n<h2>Bom Silindirinin \u00d6zellikleri<\/h2>\n<ul>\n<li><strong>Y\u00fcksek Dayan\u0131kl\u0131l\u0131k ve Dayan\u0131kl\u0131l\u0131k:<\/strong> Y\u00fcksek mukavemetli \u00e7elik veya al\u00fcminyumdan \u00fcretilen, y\u00fcksek bas\u0131nca ve a\u011f\u0131r y\u00fcklere dayanacak \u015fekilde tasarlanan bu \u00fcr\u00fcn, zorlu \u00e7al\u0131\u015fma ortamlar\u0131 i\u00e7in uygundur. Ayr\u0131ca a\u015f\u0131nma ve korozyon direnci de dikkate al\u0131narak tasarlanan \u00fcr\u00fcn\u00fcn kullan\u0131m \u00f6mr\u00fc uzat\u0131lm\u0131\u015ft\u0131r.<\/li>\n<li><strong>Verimli Hidrolik \u00c7al\u0131\u015fma:<\/strong> Hidrolik ya\u011f bas\u0131nc\u0131n\u0131 kullanarak sorunsuz uzatma ve geri \u00e7ekme hareketi sa\u011flar, kontrol komutlar\u0131na h\u0131zl\u0131 tepki verir ve g\u00fc\u00e7l\u00fc itme ve \u00e7ekme kuvvetleri sunar; a\u011f\u0131r malzemelerin ve karma\u015f\u0131k i\u015flerin ta\u015f\u0131nmas\u0131 i\u00e7in idealdir.<\/li>\n<li><strong>\u00c7e\u015fitli T\u00fcrler:<\/strong> Tek y\u00f6nl\u00fc (hidrolik tek y\u00f6nde kullan\u0131l\u0131r) veya \u00e7ift y\u00f6nl\u00fc (hidrolik her iki y\u00f6nde kullan\u0131l\u0131r) konfig\u00fcrasyonlarda mevcut olup, \u00e7e\u015fitli operasyonel ihtiya\u00e7lara hitap eder. Baz\u0131 modeller teleskopiktir ve d\u0131\u015f boyutlar\u0131 art\u0131rmadan daha fazla uzatmaya olanak tan\u0131r; bu da alan k\u0131s\u0131tlamal\u0131 uygulamalar i\u00e7in idealdir.<\/li>\n<li><strong>\u00d6zel \u00dcretim:<\/strong> Firmam\u0131z, mevcut hidrolik silindirlerin yerine m\u00fckemmel \u015fekilde ge\u00e7ebilen bu silindirlerin \u00fcretiminde uzmanla\u015fm\u0131\u015ft\u0131r.<\/li>\n<li><strong>\u00c7e\u015fitli Makinelerle Entegrasyon:<\/strong> Farkl\u0131 ekskavat\u00f6r modellerine sorunsuz bir \u015fekilde uyacak \u015fekilde tasarlanm\u0131\u015ft\u0131r, b\u00f6ylece \u00e7al\u0131\u015fma verimlili\u011fi ve uyumlulu\u011fu sa\u011flan\u0131r.<\/li>\n<\/ul>\n<p><img decoding=\"async\" src=\"https:\/\/www.hydraulic-cylinders.net\/wp-content\/uploads\/2025\/04\/songte-cylinder-head-with-all-kinds-excavator-models.webp\" alt=\"Silindir Uyumluluk G\u00f6r\u00fcnt\u00fcs\u00fc\"><\/p>\n<h2>Bom Silindirlerinin Uygulamalar\u0131<\/h2>\n<h3>\u0130n\u015faat Ekipmanlar\u0131<\/h3>\n<p>\u0130n\u015faat sekt\u00f6r\u00fcnde, ekskavat\u00f6rlerde bulunan bom silindirleri, kazma, y\u00fckleme ve toprak veya moloz ta\u015f\u0131ma i\u015flemlerinde hayati \u00f6neme sahiptir. D\u00f6nebilme ve uzayabilme yetenekleri, sadece zemin malzemelerinin kaz\u0131lmas\u0131n\u0131 kolayla\u015ft\u0131rmakla kalmaz, ayn\u0131 zamanda bunlar\u0131n kamyonlara veya belirlenmi\u015f alanlara y\u00fcklenmesine de yard\u0131mc\u0131 olur. Kaz\u0131c\u0131 y\u00fckleyicilerde ise bom silindiri hem kazma hem de kald\u0131rma i\u015flemlerine yard\u0131mc\u0131 olarak \u00e7e\u015fitli in\u015faat i\u015fleri i\u00e7in vazge\u00e7ilmez hale gelir.<\/p>\n<h3>Tar\u0131m Makinalar\u0131<\/h3>\n<p>Tar\u0131m makinelerinde, bom silindirleri toprak, saman ve di\u011fer malzemeleri kep\u00e7elemek, kald\u0131rmak ve ta\u015f\u0131mak i\u00e7in \u00f6n y\u00fckleyicilerde kullan\u0131l\u0131r. Bu silindirler, \u00e7e\u015fitli tar\u0131m i\u015flemlerinin verimlili\u011fini art\u0131rarak tar\u0131m \u00fcr\u00fcnlerinin h\u0131zl\u0131 ve etkili bir \u015fekilde i\u015flenmesine olanak tan\u0131r. Tasar\u0131mlar\u0131, a\u011f\u0131r y\u00fcklerin kald\u0131r\u0131lmas\u0131 ve ta\u015f\u0131nmas\u0131n\u0131n getirdi\u011fi gerilimleri y\u00f6netebilmelerini ve operasyonel istikrar\u0131 koruyabilmelerini sa\u011flar.<\/p>\n<h3>Ekskavat\u00f6rler<\/h3>\n<p>Ekskavat\u00f6rlerde, kep\u00e7enin topra\u011fa n\u00fcfuz etmesini ve etkili kaz\u0131 i\u015flemini m\u00fcmk\u00fcn k\u0131lan \u015fey, bom silindirleridir. Bu silindirlerin \u00fcretti\u011fi hidrolik kuvvet, operat\u00f6r\u00fcn zorlu toprak ko\u015fullar\u0131n\u0131 kolayca y\u00f6netmesine ve kaz\u0131 i\u015fleri i\u00e7in gerekli olan hassas hareketler yapmas\u0131na olanak tan\u0131r.<\/p>\n<h3>Y\u00fckleyiciler<\/h3>\n<p>\u00d6n y\u00fckleyicilerdeki bom silindirleri, y\u00fcklerin verimli bir \u015fekilde kald\u0131r\u0131lmas\u0131na ve bo\u015falt\u0131lmas\u0131na yard\u0131mc\u0131 olur. G\u00fc\u00e7l\u00fc kald\u0131rma kapasiteleri sayesinde malzemelerin h\u0131zl\u0131 ve etkili bir \u015fekilde ta\u015f\u0131nmas\u0131 sa\u011flanarak \u015fantiyelerde genel verimlilik art\u0131r\u0131l\u0131r.<\/p>\n<h2>Tasar\u0131m Hususlar\u0131 ve Se\u00e7im Kriterleri<\/h2>\n<h3>Y\u00fck Kapasitesi<\/h3>\n<p>Bir bom silindiri se\u00e7erken, en \u00f6nemli hususlardan biri y\u00fck ta\u015f\u0131ma kapasitesidir. Bu parametre, silindirin b\u00fct\u00fcnl\u00fc\u011f\u00fcnden \u00f6d\u00fcn vermeden kald\u0131rabilece\u011fi ve i\u015fleyebilece\u011fi a\u011f\u0131rl\u0131k miktar\u0131n\u0131 belirler. Yap\u0131m\u0131nda kullan\u0131lan malzeme, silindirin \u00e7ap\u0131 ve tasar\u0131m\u0131, y\u00fck ta\u015f\u0131ma kapasitesini belirlemede \u00f6nemli rol oynar. Silindirin y\u00fck ta\u015f\u0131ma kapasitesinin, tak\u0131laca\u011f\u0131 makinenin \u00e7al\u0131\u015fma gereksinimleriyle uyumlu olmas\u0131 \u00e7ok \u00f6nemlidir.<\/p>\n<h3>S\u0131zd\u0131rmazl\u0131k Mekanizmas\u0131<\/h3>\n<p>Hidrolik silindirlerde s\u0131z\u0131nt\u0131lar\u0131 \u00f6nlemek ve bas\u0131nc\u0131 korumak i\u00e7in etkili s\u0131zd\u0131rmazl\u0131k \u00e7ok \u00f6nemlidir. S\u0131zd\u0131rmazl\u0131k bile\u015fenleri, a\u015f\u0131nmaya ve y\u0131pranmaya kar\u015f\u0131 diren\u00e7 g\u00f6steren poli\u00fcretan veya nitril kau\u00e7uk gibi dayan\u0131kl\u0131 malzemelerden yap\u0131lmal\u0131d\u0131r. Y\u00fcksek kaliteli contalar, performans\u0131 optimize ederken hidrolik sistemin \u00f6mr\u00fcn\u00fc uzat\u0131r. K\u00f6t\u00fc contalar, hidrolik s\u0131v\u0131 kayb\u0131na yol a\u00e7arak performans d\u00fc\u015f\u00fc\u015f\u00fcne ve makineye potansiyel hasara neden olabilir.<\/p>\n<h3>Dayan\u0131kl\u0131l\u0131k<\/h3>\n<p>Dayan\u0131kl\u0131l\u0131k \u00f6nemli bir tasar\u0131m unsurudur. Bom silindiri a\u015f\u0131r\u0131 kuvvetlere ve \u00e7evresel ko\u015fullara dayanmal\u0131d\u0131r. Bu nedenle, korozyona ve a\u015f\u0131nmaya kar\u015f\u0131 y\u00fcksek diren\u00e7 g\u00f6steren malzemelerden \u00fcretilmelidir. Y\u00fczey sertle\u015ftirme gibi i\u015flemler dayan\u0131kl\u0131l\u0131\u011f\u0131 art\u0131rarak, zorlu \u00e7al\u0131\u015fma ko\u015fullar\u0131nda bile daha uzun bir kullan\u0131m \u00f6mr\u00fc sa\u011flar.<\/p>\n<h3>G\u00fcvenlik ve Bak\u0131m<\/h3>\n<p>Bom silindirinin tasar\u0131m\u0131na g\u00fcvenlik \u00f6zellikleri entegre edilmelidir. Bu, ani bas\u0131n\u00e7 de\u011fi\u015fikliklerini y\u00f6netme ve olas\u0131 ar\u0131zalar\u0131 felaket sonu\u00e7lar do\u011furmadan giderme yetene\u011fini i\u00e7erir. Ayr\u0131ca, operat\u00f6rlerin rutin kontrolleri ve onar\u0131mlar\u0131 a\u015f\u0131r\u0131 ar\u0131za s\u00fcresi olmadan ger\u00e7ekle\u015ftirebilmelerini sa\u011flamak i\u00e7in bak\u0131m kolayl\u0131\u011f\u0131 da g\u00f6z \u00f6n\u00fcnde bulundurulmal\u0131d\u0131r. Bu, contalara ve di\u011fer i\u00e7 bile\u015fenlere kolay eri\u015fim sa\u011flayan bir silindir tasar\u0131m\u0131 i\u00e7erebilir.<\/p>\n<p><img decoding=\"async\" src=\"https:\/\/www.hydraulic-cylinders.net\/wp-content\/uploads\/2025\/04\/songte-oil-pipes-and-spare-parts.webp\" alt=\"Petrol Borular\u0131 ve Yedek Par\u00e7a G\u00f6rseli\"><\/p>\n<h2>S\u0131zd\u0131rmazl\u0131k ve Ya\u011flama<\/h2>\n<p>Bom silindirlerinin optimum \u00e7al\u0131\u015fmas\u0131 i\u00e7in uygun s\u0131zd\u0131rmazl\u0131k ve ya\u011flama \u00e7ok \u00f6nemlidir. Hidrolik s\u0131v\u0131 b\u00fct\u00fcnl\u00fc\u011f\u00fcn\u00fc korumak i\u00e7in piston contalar\u0131 ve mil contalar\u0131 da dahil olmak \u00fczere \u00e7e\u015fitli s\u0131zd\u0131rmazl\u0131k bile\u015fenleri kullan\u0131lmal\u0131d\u0131r. Poli\u00fcretan ve nitril kau\u00e7uk gibi dayan\u0131kl\u0131 malzemelerden yap\u0131lm\u0131\u015f contalar m\u00fckemmel a\u015f\u0131nma direnci sa\u011flar ve y\u00fcksek bas\u0131nca dayanabilir. Silindir g\u00f6vdesi ve di\u015fli u\u00e7lar\u0131, a\u015f\u0131nma direncini art\u0131rmak i\u00e7in hassas i\u015fleme tabi tutulmal\u0131d\u0131r. Sorunsuz \u00e7al\u0131\u015fma sa\u011flamak ve a\u015f\u0131nmay\u0131 \u00f6nlemek i\u00e7in hidrolik ya\u011f ile d\u00fczenli ya\u011flama \u015fartt\u0131r. Hidrolik ya\u011f seviyelerini korumak ve verimli performans sa\u011flamak i\u00e7in uygun bir ya\u011flama program\u0131 olu\u015fturulmal\u0131d\u0131r.<\/p>\n<h2>D\u00fczenli Muayene ve \u00d6nleyici Bak\u0131m \u00d6nlemleri<\/h2>\n<ul>\n<li><strong>D\u00fczenli Kontroller:<\/strong> S\u0131zd\u0131rmazl\u0131k bile\u015fenlerinde olas\u0131 s\u0131z\u0131nt\u0131lar\u0131 veya a\u015f\u0131nmalar\u0131 tespit etmek i\u00e7in d\u00fczenli kontroller yap\u0131n. Bu proaktif yakla\u015f\u0131m, sorunlar\u0131 erken yakalamaya ve ileride daha b\u00fcy\u00fck problemlerin \u00f6nlenmesine yard\u0131mc\u0131 olur.<\/li>\n<li><strong>Ya\u011flama:<\/strong> Performans\u0131 etkileyebilecek uyumluluk sorunlar\u0131ndan ka\u00e7\u0131nmak i\u00e7in hidrolik ya\u011f\u0131n d\u00fczenli olarak tamamland\u0131\u011f\u0131ndan ve yaln\u0131zca \u00f6nerilen ya\u011f t\u00fcr\u00fcn\u00fcn kullan\u0131ld\u0131\u011f\u0131ndan emin olun.<\/li>\n<li><strong>Conta De\u011fi\u015fimi:<\/strong> S\u0131zd\u0131rmazl\u0131\u011f\u0131 sa\u011flamak ve s\u0131v\u0131 kayb\u0131n\u0131 \u00f6nlemek i\u00e7in contalar\u0131 a\u015f\u0131nma veya hasar belirtileri a\u00e7\u0131s\u0131ndan kontrol edin ve gerekti\u011finde de\u011fi\u015ftirin.<\/li>\n<\/ul>\n<h2>Kurulum Talimatlar\u0131<\/h2>\n<p>Bom silindirinin do\u011fru montaj\u0131, etkili \u00e7al\u0131\u015fma i\u00e7in \u00e7ok \u00f6nemlidir. \u00d6ncelikle t\u00fcm montaj noktalar\u0131n\u0131n temiz ve kal\u0131nt\u0131lardan ar\u0131nd\u0131r\u0131lm\u0131\u015f oldu\u011fundan emin olun. \u00c7al\u0131\u015fma s\u0131ras\u0131nda silindire a\u015f\u0131r\u0131 y\u00fck binmesini \u00f6nlemek i\u00e7in silindiri montaj braketleriyle do\u011fru \u015fekilde hizalay\u0131n. Silindiri yerine sabitlemek i\u00e7in uygun montaj donan\u0131m\u0131 kullan\u0131n ve gerekli harekete izin verecek \u015fekilde s\u0131k\u0131ca oturdu\u011fundan emin olun. \u00d6zel talimatlar ve tork \u00f6zellikleri i\u00e7in \u00fcreticinin kurulum k\u0131lavuzuna ba\u015fvurman\u0131z \u00f6nerilir. Do\u011fru kurulum protokollerini izlemek, bom silindirinin performans\u0131n\u0131 ve \u00f6mr\u00fcn\u00fc \u00f6nemli \u00f6l\u00e7\u00fcde art\u0131racakt\u0131r.<\/p>\n<h2>Yayg\u0131n Bak\u0131m G\u00f6revleri<\/h2>\n<ul>\n<li><strong>D\u00fczenli Denetimler:<\/strong> D\u00fczenli kontroller yapmak, a\u015f\u0131nma ve y\u0131pranmay\u0131 veya olas\u0131 s\u0131z\u0131nt\u0131lar\u0131 erken a\u015famada tespit etmeye yard\u0131mc\u0131 olur. Operat\u00f6rler, contalar ve ba\u011flant\u0131 par\u00e7alar\u0131 \u00e7evresinde hidrolik s\u0131v\u0131 s\u0131z\u0131nt\u0131s\u0131 belirtilerini kontrol etmeli ve \u00e7al\u0131\u015fma s\u0131ras\u0131nda anormal sesler olup olmad\u0131\u011f\u0131n\u0131 g\u00f6zlemlemelidir.<\/li>\n<li><strong>Uygun Ya\u011flama:<\/strong> Hidrolik silindirin yeterince ya\u011flanmas\u0131, sorunsuz \u00e7al\u0131\u015fma i\u00e7in \u00e7ok \u00f6nemlidir. Operat\u00f6rler, \u00fcreticinin y\u00f6nergelerine uyarak, \u00f6nerilen ya\u011flama program\u0131n\u0131 ve kullan\u0131lacak hidrolik s\u0131v\u0131n\u0131n t\u00fcr\u00fcn\u00fc \u00f6\u011frenmelidir.<\/li>\n<li><strong>Conta De\u011fi\u015fimi ve Kalibrasyon Kontrolleri:<\/strong> Contalar\u0131n ve kalibrasyonlar\u0131n d\u00fczenli olarak kontrol edilmesi \u00e7ok \u00f6nemlidir. Contalarda a\u015f\u0131nma veya hasar belirtileri varsa, s\u0131z\u0131nt\u0131lar\u0131 \u00f6nlemek i\u00e7in derhal de\u011fi\u015ftirilmelidir. Ayr\u0131ca, silindirin tasarlanan \u00f6zellikler dahilinde \u00e7al\u0131\u015ft\u0131\u011f\u0131ndan emin olmak i\u00e7in kalibrasyon kontrolleri yap\u0131lmal\u0131d\u0131r. Do\u011fru kalibrasyon, makinenin hareketlerinin hassasiyetini art\u0131racakt\u0131r.<\/li>\n<\/ul>\n<h2>G\u00fcvenlik Hususlar\u0131 ve \u00c7evresel Fakt\u00f6rler<\/h2>\n<p>Bom silindirlerinin kullan\u0131m\u0131 ve i\u015fletimi s\u0131ras\u0131nda g\u00fcvenlik \u00f6nlemleri son derece \u00f6nemlidir. Operat\u00f6rler, ciddi yaralanmalara yol a\u00e7abilecek y\u00fcksek bas\u0131n\u00e7l\u0131 s\u0131v\u0131 enjeksiyonu riski de dahil olmak \u00fczere hidrolik sistemlerin potansiyel tehlikeleri konusunda e\u011fitilmelidir. Hidrolik ekipmanlar\u0131n incelenmesi veya bak\u0131m\u0131 s\u0131ras\u0131nda her zaman uygun ki\u015fisel koruyucu ekipman (KKD) giyilmelidir. Ayr\u0131ca, operat\u00f6rler \u00e7evresel fakt\u00f6rlere dikkat etmeli ve \u00e7evredeki alan\u0131 kirletmemek i\u00e7in hidrolik s\u0131v\u0131 d\u00f6k\u00fclmelerinin derhal temizlenmesini sa\u011flamal\u0131d\u0131r.<\/p>\n<h2>Ar\u0131za Te\u015fhisi ve Yayg\u0131n Sorunlar<\/h2>\n<ul>\n<li><strong>S\u0131v\u0131 S\u0131z\u0131nt\u0131lar\u0131:<\/strong> Hidrolik silindirlerde kar\u015f\u0131la\u015f\u0131lan en yayg\u0131n sorunlardan biri s\u0131v\u0131 s\u0131z\u0131nt\u0131s\u0131d\u0131r. Bu, a\u015f\u0131nm\u0131\u015f contalar veya hasarl\u0131 ba\u011flant\u0131 par\u00e7alar\u0131 nedeniyle meydana gelebilir. D\u00fczenli kontroller, s\u0131z\u0131nt\u0131lar\u0131 erken tespit etmeye yard\u0131mc\u0131 olabilir.<\/li>\n<li><strong>Zay\u0131f Performans:<\/strong> E\u011fer bom silindiri beklendi\u011fi gibi tepki vermiyorsa, bu hidrolik s\u0131v\u0131 seviyesinin d\u00fc\u015f\u00fck oldu\u011funu veya sistemde hava bulundu\u011funu g\u00f6sterebilir. Operat\u00f6rler s\u0131v\u0131 seviyelerini kontrol etmeli ve gerekirse sistemi havaland\u0131rmal\u0131d\u0131r.<\/li>\n<li><strong>A\u015f\u0131r\u0131 G\u00fcr\u00fclt\u00fc:<\/strong> \u00c7al\u0131\u015fma s\u0131ras\u0131nda duyulan ola\u011fand\u0131\u015f\u0131 sesler, mekanik sorunlar\u0131n veya ya\u011flama eksikli\u011finin g\u00f6stergesi olabilir. Operat\u00f6rler, ekipmana zarar gelmesini \u00f6nlemek i\u00e7in anormal sesleri derhal ara\u015ft\u0131rmal\u0131d\u0131r.<\/li>\n<\/ul>\n<h2>Sorun Giderme \u0130pu\u00e7lar\u0131 ve \u00c7\u00f6z\u00fcmleri<\/h2>\n<p>Bom silindirindeki sorunlar\u0131 etkili bir \u015fekilde te\u015fhis etmek ve \u00e7\u00f6zmek i\u00e7in operat\u00f6rler sistematik bir yakla\u015f\u0131m izlemelidir. \u00d6ncelikle hidrolik s\u0131v\u0131 seviyelerini kontrol ederek \u00f6nerilen aral\u0131kta olduklar\u0131ndan emin olunmal\u0131d\u0131r. S\u0131z\u0131nt\u0131 tespit edilirse, kayna\u011f\u0131 belirlenmeli ve a\u015f\u0131nm\u0131\u015f contalar veya ba\u011flant\u0131 par\u00e7alar\u0131 de\u011fi\u015ftirilmelidir. Performans sorunlar\u0131 i\u00e7in hidrolik sistemde hava olup olmad\u0131\u011f\u0131 kontrol edilmeli ve gerekirse havas\u0131 al\u0131nmal\u0131d\u0131r. D\u00fczenli kontroller ve ya\u011flama gibi \u00f6nleyici bak\u0131m uygulamalar\u0131n\u0131n uygulanmas\u0131, potansiyel sorunlar\u0131n ortaya \u00e7\u0131kma riskini \u00f6nemli \u00f6l\u00e7\u00fcde azaltabilir.<\/p>\n<p><img decoding=\"async\" src=\"https:\/\/www.hydraulic-cylinders.net\/wp-content\/uploads\/2025\/04\/songte-bushings-with-all-kinds-of-excavator-models.webp\" alt=\"Ekskavat\u00f6rler i\u00e7in bur\u00e7lar (Resim)\"><\/p>\n<h2>\u015eirketimiz Hakk\u0131nda<\/h2>\n<p>Alternatif hidrolik silindirler konusunda uzmanla\u015fm\u0131\u015f bir \u00fcreticiyiz ve hem yurt i\u00e7i hem de uluslararas\u0131 pazarlarda \u00f6nde gelen \u00fcretici ve toptanc\u0131lardan biri olarak konumlanmam\u0131z\u0131 sa\u011flayan geni\u015f bir \u00fcr\u00fcn yelpazesi sunuyoruz. Kalitede m\u00fckemmellik ilkelerine ba\u011fl\u0131 kalarak, rafine \u00fcretim stratejileri ve geli\u015fmi\u015f \u00fcretim y\u00f6netimi uygulamalar\u0131 kullan\u0131yoruz. Teknik yeteneklere, \u00fcst d\u00fczey dijital \u00fcretim ekipmanlar\u0131na ve profesyonel test sistemlerine yapt\u0131\u011f\u0131m\u0131z yat\u0131r\u0131mlar, \u00fcretim platformumuzu s\u00fcrekli olarak geli\u015ftirerek sa\u011flam bir \u00fcretim kalite yolunu garanti ediyor. \u00c7e\u015fitli m\u00fc\u015fteri ihtiya\u00e7lar\u0131n\u0131 y\u00fcksek verimlilik, hassasiyet ve kaliteyle kar\u015f\u0131lamaya kararl\u0131y\u0131z.<\/p>\n<p><img decoding=\"async\" src=\"https:\/\/www.hydraulic-cylinders.net\/wp-content\/uploads\/2025\/04\/songte-company-4.webp\" alt=\"\u015eirket G\u00f6rseli 1\"><br \/>\n<img decoding=\"async\" src=\"https:\/\/www.hydraulic-cylinders.net\/wp-content\/uploads\/2025\/04\/songte-company-3.webp\" alt=\"\u015eirket G\u00f6rseli 2\"><\/p>\n<p>Uzmanl\u0131\u011f\u0131m\u0131z, profesyonel hizmetler, uluslararas\u0131 sertifikalar, \u00f6zel \u00e7\u00f6z\u00fcmler, geli\u015fmi\u015f \u00fcretim tesisleri ve kapsaml\u0131 sat\u0131\u015f sonras\u0131 destek gibi \u00e7e\u015fitli alanlar\u0131 kapsamakta olup, m\u00fc\u015fterilerimizin yaln\u0131zca \u00fcst\u00fcn \u00fcr\u00fcnler de\u011fil, ayn\u0131 zamanda t\u00fcm deneyimleri boyunca ola\u011fan\u00fcst\u00fc hizmet almalar\u0131n\u0131 sa\u011flamaktad\u0131r.<\/p>\n<p>Yazar: lyl<\/p>","protected":false},"excerpt":{"rendered":"<p>Boom Cylinder For XCMG Wheel Excavator XE210w Product Overview The Boom Cylinder for XCMG Wheel Excavator XE210w is a critical component designed to control the movement of the boom on excavators. This type of hydraulic cylinder plays an essential role in enabling heavy machinery to perform various tasks efficiently. Specifically, the boom cylinder allows for [&hellip;]<\/p>","protected":false},"featured_media":17880,"comment_status":"open","ping_status":"closed","template":"","meta":{"_et_pb_use_builder":"","_et_pb_old_content":"","_et_gb_content_width":""},"product_brand":[],"product_cat":[1546],"product_tag":[1547,1496],"class_list":{"0":"post-19209","1":"product","2":"type-product","3":"status-publish","4":"has-post-thumbnail","6":"product_cat-boom-cylinders","7":"product_tag-boom-cylinders","8":"product_tag-hydraulic-cylinders","10":"first","11":"instock","12":"shipping-taxable","13":"product-type-simple"},"amp_enabled":true,"_links":{"self":[{"href":"https:\/\/www.hydraulic-cylinders.net\/tr\/wp-json\/wp\/v2\/product\/19209","targetHints":{"allow":["GET"]}}],"collection":[{"href":"https:\/\/www.hydraulic-cylinders.net\/tr\/wp-json\/wp\/v2\/product"}],"about":[{"href":"https:\/\/www.hydraulic-cylinders.net\/tr\/wp-json\/wp\/v2\/types\/product"}],"replies":[{"embeddable":true,"href":"https:\/\/www.hydraulic-cylinders.net\/tr\/wp-json\/wp\/v2\/comments?post=19209"}],"wp:featuredmedia":[{"embeddable":true,"href":"https:\/\/www.hydraulic-cylinders.net\/tr\/wp-json\/wp\/v2\/media\/17880"}],"wp:attachment":[{"href":"https:\/\/www.hydraulic-cylinders.net\/tr\/wp-json\/wp\/v2\/media?parent=19209"}],"wp:term":[{"taxonomy":"product_brand","embeddable":true,"href":"https:\/\/www.hydraulic-cylinders.net\/tr\/wp-json\/wp\/v2\/product_brand?post=19209"},{"taxonomy":"product_cat","embeddable":true,"href":"https:\/\/www.hydraulic-cylinders.net\/tr\/wp-json\/wp\/v2\/product_cat?post=19209"},{"taxonomy":"product_tag","embeddable":true,"href":"https:\/\/www.hydraulic-cylinders.net\/tr\/wp-json\/wp\/v2\/product_tag?post=19209"}],"curies":[{"name":"wp","href":"https:\/\/api.w.org\/{rel}","templated":true}]}}