{"id":19213,"date":"2025-04-07T06:18:26","date_gmt":"2025-04-07T06:18:26","guid":{"rendered":"https:\/\/www.hydraulic-cylinders.net\/product\/boom-cylinder-for-zoomlion-small-excavator-ze150\/"},"modified":"2025-04-07T06:18:28","modified_gmt":"2025-04-07T06:18:28","slug":"boom-cylinder-for-zoomlion-small-excavator-ze150","status":"publish","type":"product","link":"https:\/\/www.hydraulic-cylinders.net\/tr\/urun\/boom-cylinder-for-zoomlion-small-excavator-ze150\/","title":{"rendered":"Zoomlion ZE150 K\u00fc\u00e7\u00fck Ekskavat\u00f6r \u0130\u00e7in Bom Silindiri"},"content":{"rendered":"<h1>Zoomlion ZE150 K\u00fc\u00e7\u00fck Ekskavat\u00f6r \u0130\u00e7in Bom Silindiri<\/h1>\n<h2>\u00dcr\u00fcn Genel Bak\u0131\u015f\u0131<\/h2>\n<p>Bom silindiri, Zoomlion ZE150 k\u00fc\u00e7\u00fck ekskavat\u00f6r i\u00e7in \u00f6zel olarak tasarlanm\u0131\u015f \u00f6nemli bir bile\u015fendir. Bu hidrolik silindir, ekskavat\u00f6r\u00fcn bomunun hareketini kontrol etmede, kald\u0131rma, indirme ve e\u011fme i\u015flemlerini verimli bir \u015fekilde ger\u00e7ekle\u015ftirmede \u00e7ok \u00f6nemli bir rol oynar. A\u011f\u0131r makinelerin malzeme ta\u015f\u0131ma g\u00f6revlerini etkili bir \u015fekilde yerine getirmesini sa\u011flayan \u00f6zel bir hidrolik silindirdir. Bom silindirinin i\u015flevi, kaz\u0131, y\u00fckleme ve kald\u0131rma i\u015flemleri de dahil olmak \u00fczere \u00e7e\u015fitli uygulamalarda kritik \u00f6neme sahiptir.<\/p>\n<p><img decoding=\"async\" src=\"https:\/\/www.hydraulic-cylinders.net\/wp-content\/uploads\/2025\/04\/songte-company-1.webp\" alt=\"Bom Silindiri\" \/><\/p>\n<h3>Tan\u0131m ve \u0130\u015flevsellik<\/h3>\n<p>Bom silindiri, hidrolik bas\u0131nc\u0131 mekanik kuvvete d\u00f6n\u00fc\u015ft\u00fcrmek ve ekskavat\u00f6r\u00fcn bomunun \u00e7e\u015fitli hareketler yapmas\u0131n\u0131 sa\u011flamak \u00fczere tasarlanm\u0131\u015ft\u0131r. Hidrolik s\u0131v\u0131 ile dolu silindirik bir hazne i\u00e7inde hareket eden bir pistondan olu\u015fur. Hidrolik s\u0131v\u0131 bas\u0131n\u00e7land\u0131r\u0131ld\u0131\u011f\u0131nda, pistonu iter ve bomun y\u00fckselmesine veya al\u00e7almas\u0131na neden olur. Bu i\u015flevsellik, kazma, y\u00fckleme ve a\u011f\u0131r malzemelerin manevras\u0131 gibi g\u00f6revlerin yerine getirilmesi i\u00e7in \u00e7ok \u00f6nemlidir. Bom silindirinin verimlili\u011fi, ekskavat\u00f6r\u00fcn \u015fantiyelerdeki performans\u0131n\u0131 ve verimlili\u011fini do\u011frudan etkiler.<\/p>\n<h2>Temel \u00d6zellikler<\/h2>\n<ul>\n<li><strong>Y\u00fcksek Dayan\u0131kl\u0131l\u0131k ve Dayan\u0131kl\u0131l\u0131k:<\/strong> Y\u00fcksek mukavemetli \u00e7elik veya al\u00fcminyumdan \u00fcretilen bom silindiri, y\u00fcksek bas\u0131nca ve a\u011f\u0131r y\u00fcklere dayanacak \u015fekilde tasarlanm\u0131\u015ft\u0131r ve bu da onu zorlu \u00e7al\u0131\u015fma ortamlar\u0131 i\u00e7in uygun hale getirir.<\/li>\n<li><strong>Verimli Hidrolik \u00c7al\u0131\u015fma:<\/strong> Silindir, d\u00fczg\u00fcn uzatma ve geri \u00e7ekme i\u00e7in hidrolik ya\u011f bas\u0131nc\u0131ndan yararlan\u0131r, kontrol komutlar\u0131na h\u0131zl\u0131 yan\u0131t verir ve g\u00fc\u00e7l\u00fc kald\u0131rma kapasitesi sa\u011flar.<\/li>\n<li><strong>\u00c7e\u015fitli T\u00fcrler:<\/strong> \u00c7e\u015fitli operasyonel ihtiya\u00e7lar\u0131 kar\u015f\u0131lamak \u00fczere tek etkili ve \u00e7ift etkili tasar\u0131mlarda mevcuttur; baz\u0131 modellerde dar alanlarda daha uzun eri\u015fim i\u00e7in teleskopik tasar\u0131m bulunur.<\/li>\n<\/ul>\n<h2>\u00dcretim Yetene\u011fi<\/h2>\n<p>\u00c7e\u015fitli ekskavat\u00f6r modellerindeki mevcut hidrolik silindirlerin m\u00fckemmel birer alternatifi olan y\u00fcksek kaliteli bom silindirleri \u00fcretme konusunda uzmanla\u015fm\u0131\u015f bulunuyoruz. Silindirlerimiz, uyumluluk ve performans sa\u011flamak amac\u0131yla OEM spesifikasyonlar\u0131n\u0131 kar\u015f\u0131layacak veya a\u015facak \u015fekilde tasarlanm\u0131\u015ft\u0131r.<\/p>\n<p><img decoding=\"async\" src=\"https:\/\/www.hydraulic-cylinders.net\/wp-content\/uploads\/2025\/04\/songte-cylinder-head-with-all-kinds-excavator-models.webp\" alt=\"Ekskavat\u00f6r Model Uyumlulu\u011fu\" \/><\/p>\n<h2>Uygulamalar<\/h2>\n<h3>\u0130n\u015faat Ekipmanlar\u0131<\/h3>\n<p>Ekskavat\u00f6rlerde, bom silindirleri topra\u011f\u0131 veya molozu kazma, y\u00fckleme ve ta\u015f\u0131ma i\u015flemlerinde hayati \u00f6neme sahiptir. Bomun hareketini do\u011fru bir \u015fekilde kontrol edebilme yetene\u011fi, in\u015faat i\u015f\u00e7ilerinin g\u00f6revleri verimli ve g\u00fcvenli bir \u015fekilde yerine getirmelerini sa\u011flar. Bomun hassas \u00e7al\u0131\u015fmas\u0131, malzemelerin gereksiz gecikmeler veya tehlikeler olmadan ta\u015f\u0131nmas\u0131n\u0131 sa\u011flamak i\u00e7in \u00e7ok \u00f6nemlidir.<\/p>\n<h3>Tar\u0131m Makinalar\u0131<\/h3>\n<p>\u00d6n y\u00fckleyicilerde, bom silindiri toprak, saman ve di\u011fer malzemeleri kep\u00e7eyle almak, kald\u0131rmak ve ta\u015f\u0131maktan sorumludur. Sa\u011flam tasar\u0131m\u0131, a\u011f\u0131r y\u00fcklerin etkili bir \u015fekilde ta\u015f\u0131nmas\u0131n\u0131 sa\u011flayarak tar\u0131msal verimlili\u011fe ve etkinli\u011fe katk\u0131da bulunur.<\/p>\n<h3>Ekskavat\u00f6rler<\/h3>\n<p>Ekskavat\u00f6rlerde, bom silindiri, kep\u00e7enin kaz\u0131 i\u015flemleri i\u00e7in topra\u011fa n\u00fcfuz etmesini sa\u011flar. Bu \u00f6zellik, derin kaz\u0131lar\u0131n gerekli oldu\u011fu in\u015faat, peyzaj ve hendek a\u00e7ma i\u015flerinde hayati \u00f6nem ta\u015f\u0131r.<\/p>\n<h3>Y\u00fckleyiciler<\/h3>\n<p>\u00d6n y\u00fckleyicilerde, bom silindirleri y\u00fcklerin verimli bir \u015fekilde kald\u0131r\u0131lmas\u0131na ve bo\u015falt\u0131lmas\u0131na yard\u0131mc\u0131 olur. Silindirin tasar\u0131m\u0131, operat\u00f6rlerin a\u011f\u0131r malzemeleri hassas bir \u015fekilde manevra edebilmesini sa\u011flayarak, \u015fantiyedeki genel i\u015f ak\u0131\u015f\u0131n\u0131 ve verimlili\u011fi art\u0131r\u0131r.<\/p>\n<h2>Tasar\u0131m Hususlar\u0131 ve Se\u00e7im Kriterleri<\/h2>\n<h3>Y\u00fck Kapasitesi<\/h3>\n<p>Bom silindirinin y\u00fck ta\u015f\u0131ma kapasitesi, kritik bir tasar\u0131m unsurudur. Ekskavat\u00f6r\u00fcn \u00e7al\u0131\u015fma ko\u015fullar\u0131nda beklenen maksimum y\u00fckleri kald\u0131rabilecek kapasitede olmal\u0131d\u0131r. A\u015f\u0131r\u0131 y\u00fckleme, felaketle sonu\u00e7lanabilecek ar\u0131zalara yol a\u00e7abilir; bu nedenle, kullan\u0131m amac\u0131na g\u00f6re do\u011fru hesaplamalar \u015fartt\u0131r.<\/p>\n<h3>S\u0131zd\u0131rmazl\u0131k<\/h3>\n<p>Hidrolik silindirlerde s\u0131v\u0131 s\u0131z\u0131nt\u0131lar\u0131n\u0131 \u00f6nlemek ve bas\u0131nc\u0131 korumak i\u00e7in etkili s\u0131zd\u0131rmazl\u0131k mekanizmalar\u0131 hayati \u00f6nem ta\u015f\u0131r. Piston contalar\u0131 ve mil contalar\u0131 gibi uygun contalar\u0131n se\u00e7imi, silindirin genel performans\u0131n\u0131 ve \u00f6mr\u00fcn\u00fc etkiler. Dayan\u0131kl\u0131l\u0131\u011f\u0131 art\u0131rmak i\u00e7in genellikle poli\u00fcretan ve nitril kau\u00e7uk gibi y\u00fcksek kaliteli malzemeler kullan\u0131l\u0131r.<\/p>\n<h3>Dayan\u0131kl\u0131l\u0131k<\/h3>\n<p>Bom silindirlerinin tasar\u0131m\u0131nda dayan\u0131kl\u0131l\u0131k \u00e7ok \u00f6nemli bir fakt\u00f6rd\u00fcr. Sert hava ko\u015fullar\u0131, a\u015f\u0131nd\u0131r\u0131c\u0131 malzemeler ve yo\u011fun kullan\u0131m da dahil olmak \u00fczere a\u015f\u0131r\u0131 \u015fartlara maruz kal\u0131rlar. Bu nedenle, malzemeler ve \u00fcretim s\u00fcre\u00e7leri, silindirlerin zaman i\u00e7inde bu zorluklara dayanabilmesini sa\u011flamal\u0131d\u0131r.<\/p>\n<h3>Emniyet<\/h3>\n<p>Kaza riskini \u00f6nlemek ve operat\u00f6r g\u00fcvenli\u011fini sa\u011flamak i\u00e7in tasar\u0131mda g\u00fcvenlik \u00f6zellikleri entegre edilmelidir. Bu, ar\u0131za durumunda riskleri azaltabilecek bas\u0131n\u00e7 tahliye vanalar\u0131 ve acil durdurma mekanizmalar\u0131n\u0131 i\u00e7erir.<\/p>\n<h3>Bak\u0131m<\/h3>\n<p>Bak\u0131m hususlar\u0131 tasar\u0131m s\u00fcrecinin bir par\u00e7as\u0131 olmal\u0131d\u0131r. Bile\u015fenlerin kolayca bak\u0131m\u0131n\u0131n yap\u0131labilmesi ve de\u011fi\u015ftirilebilmesi, bom silindirinin \u00f6mr\u00fcn\u00fc uzat\u0131r ve ar\u0131za s\u00fcresini azalt\u0131r. Bak\u0131m i\u015flemlerine kolay eri\u015fim sa\u011flayan \u00f6zelliklerin entegre edilmesi, verimli \u00e7al\u0131\u015fma i\u00e7in \u00e7ok \u00f6nemlidir.<\/p>\n<p><img decoding=\"async\" src=\"https:\/\/www.hydraulic-cylinders.net\/wp-content\/uploads\/2025\/04\/songte-oil-pipes-and-spare-parts.webp\" alt=\"Hidrolik Par\u00e7alar\" \/><\/p>\n<h2>S\u0131zd\u0131rmazl\u0131k ve Ya\u011flama<\/h2>\n<p>Bom silindirlerinin etkili \u00e7al\u0131\u015fmas\u0131 i\u00e7in uygun s\u0131zd\u0131rmazl\u0131k ve ya\u011flama \u00e7ok \u00f6nemlidir. Hidrolik s\u0131v\u0131 s\u0131z\u0131nt\u0131lar\u0131n\u0131 \u00f6nlemek i\u00e7in piston contalar\u0131 ve mil contalar\u0131 dahil olmak \u00fczere \u00e7e\u015fitli contalar kullan\u0131l\u0131r. Uzun \u00f6m\u00fcrl\u00fcl\u00fc\u011f\u00fc sa\u011flamak i\u00e7in poli\u00fcretan ve nitril kau\u00e7uk gibi a\u015f\u0131nmaya dayan\u0131kl\u0131 malzemelerden yap\u0131lm\u0131\u015f contalar se\u00e7mek esast\u0131r. Ayr\u0131ca, a\u015f\u0131nma direncini art\u0131rmak i\u00e7in silindirin g\u00f6vdesi ve di\u015fli u\u00e7 y\u00fczeyleri ince bir \u015fekilde i\u015flenmelidir. Sorunsuz \u00e7al\u0131\u015fmay\u0131 s\u00fcrd\u00fcrmek ve a\u015f\u0131nmay\u0131 \u00f6nlemek i\u00e7in uygun hidrolik ya\u011f ile d\u00fczenli ya\u011flama gereklidir.<\/p>\n<h2>D\u00fczenli Muayene ve \u00d6nleyici Bak\u0131m<\/h2>\n<ul>\n<li><strong>D\u00fczenli Denetimler:<\/strong> S\u0131k s\u0131k denetim yapmak, potansiyel sorunlar\u0131n b\u00fcy\u00fcmeden \u00f6nce belirlenmesine yard\u0131mc\u0131 olur. A\u015f\u0131nma, korozyon veya s\u0131z\u0131nt\u0131 belirtilerine dikkat edin ve optimum performans sa\u011flamak i\u00e7in bunlar\u0131 derhal giderin.<\/li>\n<li><strong>\u00d6nleyici Bak\u0131m Tedbirleri:<\/strong> Temizlik, ya\u011flama ve par\u00e7a de\u011fi\u015fimini i\u00e7eren bir \u00f6nleyici bak\u0131m program\u0131 olu\u015fturmak, bom silindirinin \u00f6mr\u00fcn\u00fc \u00f6nemli \u00f6l\u00e7\u00fcde uzatabilir.<\/li>\n<\/ul>\n<h2>Kurulum Talimatlar\u0131<\/h2>\n<p>Bom silindirinin do\u011fru montaj\u0131, performans\u0131 i\u00e7in \u00e7ok \u00f6nemlidir. \u00d6ncelikle t\u00fcm montaj y\u00fczeylerinin temiz ve kal\u0131nt\u0131lardan ar\u0131nd\u0131r\u0131lm\u0131\u015f oldu\u011fundan emin olun. Bile\u015fenler \u00fczerinde gereksiz gerilimi \u00f6nlemek i\u00e7in silindiri do\u011fru \u015fekilde hizalay\u0131n. Silindiri yerine sabitlemek i\u00e7in uygun montaj braketleri kullan\u0131n. Hidrolik hatlar gerilimsiz bir \u015fekilde ba\u011flanmal\u0131 ve d\u00fczg\u00fcn s\u0131v\u0131 ak\u0131\u015f\u0131na izin vermelidir. Montajdan sonra, bir test d\u00f6ng\u00fcs\u00fc ger\u00e7ekle\u015ftirerek do\u011fru hizalama ve i\u015flevselli\u011fi kontrol edin.<\/p>\n<h2>Yayg\u0131n Bak\u0131m G\u00f6revleri<\/h2>\n<ul>\n<li><strong>D\u00fczenli Denetimler:<\/strong> Silindirin hasar veya a\u015f\u0131nma belirtileri a\u00e7\u0131s\u0131ndan g\u00f6rsel olarak kontrol edildi\u011finden emin olun. Bu, olas\u0131 sorunlar\u0131n erken tespit edilmesini sa\u011flar.<\/li>\n<li><strong>Uygun Ya\u011flama:<\/strong> Silindirin sorunsuz \u00e7al\u0131\u015fmas\u0131n\u0131 sa\u011flamak ve s\u00fcrt\u00fcnmeyi azaltmak i\u00e7in, silindiri d\u00fczenli olarak \u00f6nerilen hidrolik ya\u011f ile ya\u011flay\u0131n.<\/li>\n<li><strong>Conta De\u011fi\u015fimi:<\/strong> S\u0131z\u0131nt\u0131lar\u0131 \u00f6nlemek ve bas\u0131nc\u0131 korumak i\u00e7in contalar\u0131 periyodik olarak a\u015f\u0131nma belirtileri a\u00e7\u0131s\u0131ndan kontrol edin ve gerekti\u011finde de\u011fi\u015ftirin.<\/li>\n<\/ul>\n<p>Bom silindirinin uzun \u00f6m\u00fcrl\u00fc olmas\u0131 i\u00e7in do\u011fru montaj, ya\u011flama ve ayarlamalar hayati \u00f6nem ta\u015f\u0131r. Montaj s\u0131ras\u0131nda, a\u015f\u0131nmay\u0131 en aza indirmek i\u00e7in silindirin do\u011fru \u015fekilde hizaland\u0131\u011f\u0131ndan emin olun. Silindirin \u00f6mr\u00fcn\u00fc uzatmak i\u00e7in \u00f6nerilen muayene ve onar\u0131m prosed\u00fcrlerine kesinlikle uyulmal\u0131d\u0131r.<\/p>\n<p><img decoding=\"async\" src=\"https:\/\/www.hydraulic-cylinders.net\/wp-content\/uploads\/2025\/04\/songte-chushion-collar.webp\" alt=\"Yast\u0131k Yaka\" \/><\/p>\n<h2>G\u00fcvenlik Hususlar\u0131 ve \u00c7evresel Fakt\u00f6rler<\/h2>\n<p>Bom silindirleri kullan\u0131l\u0131rken g\u00fcvenlik \u00f6nlemlerine \u00f6ncelik vermek \u00e7ok \u00f6nemlidir. Operat\u00f6rler, y\u00fcksek bas\u0131n\u00e7 s\u0131z\u0131nt\u0131lar\u0131 veya mekanik ar\u0131zalar gibi potansiyel tehlikeleri tan\u0131ma konusunda e\u011fitilmelidir. Uygun ki\u015fisel koruyucu ekipman (KKD) kullan\u0131m\u0131 ve g\u00fcvenlik protokollerine uyulmas\u0131, kaza riskini \u00f6nemli \u00f6l\u00e7\u00fcde azaltabilir.<\/p>\n<h2>Ar\u0131za Te\u015fhisi ve Yayg\u0131n Sorunlar<\/h2>\n<ul>\n<li><strong>S\u0131z\u0131nt\u0131:<\/strong> Genellikle a\u015f\u0131nm\u0131\u015f contalar veya hasar g\u00f6rm\u00fc\u015f hortumlar nedeniyle olu\u015fur. S\u0131z\u0131nt\u0131n\u0131n kayna\u011f\u0131n\u0131 erken tespit etmek, daha fazla hasar\u0131 \u00f6nleyebilir.<\/li>\n<li><strong>Zay\u0131f Performans:<\/strong> Belirtiler aras\u0131nda, genellikle yetersiz hidrolik s\u0131v\u0131 seviyeleri veya t\u0131kan\u0131kl\u0131klar nedeniyle yava\u015f hareketler veya kald\u0131rma kapasitesinde azalma yer al\u0131r.<\/li>\n<li><strong>Al\u0131\u015f\u0131lmad\u0131k Sesler:<\/strong> G\u0131c\u0131rdama veya t\u0131k\u0131rt\u0131 sesleri mekanik sorunlara veya yetersiz ya\u011flamaya i\u015faret edebilir ve derhal kontrol edilmesini gerektirir.<\/li>\n<\/ul>\n<p>Sorunlar\u0131 etkili bir \u015fekilde te\u015fhis etmek i\u00e7in operat\u00f6rler performans kayd\u0131 tutmal\u0131 ve d\u00fczenli kontroller yapmal\u0131d\u0131r. Bir sorun tespit edilirse, h\u0131zl\u0131 m\u00fcdahale daha fazla komplikasyonu \u00f6nleyecektir.<\/p>\n<p><img decoding=\"async\" src=\"https:\/\/www.hydraulic-cylinders.net\/wp-content\/uploads\/2025\/04\/songte-bushings-with-all-kinds-of-excavator-models.webp\" alt=\"Ekskavat\u00f6r Bur\u00e7lar\u0131\" \/><\/p>\n<h2>\u015eirket Genel Bak\u0131\u015f\u0131<\/h2>\n<p>\u00d6nde gelen bir yedek hidrolik silindir \u00fcreticisi olarak, hem yerel hem de uluslararas\u0131 pazarlarda bizi \u00f6ne \u00e7\u0131karan kapsaml\u0131 bir \u00fcr\u00fcn yelpazesi sunuyoruz. M\u00fckemmelli\u011fe olan ba\u011fl\u0131l\u0131\u011f\u0131m\u0131z, geli\u015fmi\u015f teknoloji ve yetenekli personelden yararlanan sa\u011flam bir \u00fcretim stratejisiyle desteklenmektedir. Y\u00fcksek kaliteli \u00fcretim s\u00fcre\u00e7lerine odaklanarak, \u00fcr\u00fcnlerimizin m\u00fc\u015fterilerimizin \u00e7e\u015fitli ihtiya\u00e7lar\u0131n\u0131 kar\u015f\u0131lamas\u0131n\u0131 sa\u011fl\u0131yoruz.<\/p>\n<p><img decoding=\"async\" src=\"https:\/\/www.hydraulic-cylinders.net\/wp-content\/uploads\/2025\/04\/songte-company-4.webp\" alt=\"\u015eirket \u00dcretimi\" \/><br \/>\n<img decoding=\"async\" src=\"https:\/\/www.hydraulic-cylinders.net\/wp-content\/uploads\/2025\/04\/songte-company-3.webp\" alt=\"\u015eirket \u00dcr\u00fcnleri\" \/><\/p>\n<p>Uluslararas\u0131 sertifikalar\u0131m\u0131z, \u00f6zelle\u015ftirilmi\u015f hizmetlerimiz ve sat\u0131\u015f sonras\u0131 deste\u011fe olan ba\u011fl\u0131l\u0131\u011f\u0131m\u0131zla, operasyonel verimlili\u011fi ve m\u00fc\u015fteri memnuniyetini art\u0131ran \u00e7\u00f6z\u00fcmler sunmaya kendimizi adad\u0131k.<\/p>\n<p>Yazar: lyl<\/p>","protected":false},"excerpt":{"rendered":"<p>Boom Cylinder For Zoomlion Small Excavator ZE150 Product Overview The Boom Cylinder is an essential component specifically designed for the Zoomlion ZE150 small excavator. This hydraulic cylinder plays a pivotal role in controlling the movement of the excavator&#8217;s boom, allowing it to lift, lower, and tilt efficiently. It is a specialized hydraulic cylinder that enables [&hellip;]<\/p>","protected":false},"featured_media":17869,"comment_status":"open","ping_status":"closed","template":"","meta":{"_et_pb_use_builder":"","_et_pb_old_content":"","_et_gb_content_width":""},"product_brand":[],"product_cat":[1546],"product_tag":[1547,1496],"class_list":{"0":"post-19213","1":"product","2":"type-product","3":"status-publish","4":"has-post-thumbnail","6":"product_cat-boom-cylinders","7":"product_tag-boom-cylinders","8":"product_tag-hydraulic-cylinders","10":"first","11":"instock","12":"shipping-taxable","13":"product-type-simple"},"amp_enabled":true,"_links":{"self":[{"href":"https:\/\/www.hydraulic-cylinders.net\/tr\/wp-json\/wp\/v2\/product\/19213","targetHints":{"allow":["GET"]}}],"collection":[{"href":"https:\/\/www.hydraulic-cylinders.net\/tr\/wp-json\/wp\/v2\/product"}],"about":[{"href":"https:\/\/www.hydraulic-cylinders.net\/tr\/wp-json\/wp\/v2\/types\/product"}],"replies":[{"embeddable":true,"href":"https:\/\/www.hydraulic-cylinders.net\/tr\/wp-json\/wp\/v2\/comments?post=19213"}],"wp:featuredmedia":[{"embeddable":true,"href":"https:\/\/www.hydraulic-cylinders.net\/tr\/wp-json\/wp\/v2\/media\/17869"}],"wp:attachment":[{"href":"https:\/\/www.hydraulic-cylinders.net\/tr\/wp-json\/wp\/v2\/media?parent=19213"}],"wp:term":[{"taxonomy":"product_brand","embeddable":true,"href":"https:\/\/www.hydraulic-cylinders.net\/tr\/wp-json\/wp\/v2\/product_brand?post=19213"},{"taxonomy":"product_cat","embeddable":true,"href":"https:\/\/www.hydraulic-cylinders.net\/tr\/wp-json\/wp\/v2\/product_cat?post=19213"},{"taxonomy":"product_tag","embeddable":true,"href":"https:\/\/www.hydraulic-cylinders.net\/tr\/wp-json\/wp\/v2\/product_tag?post=19213"}],"curies":[{"name":"wp","href":"https:\/\/api.w.org\/{rel}","templated":true}]}}