{"id":19217,"date":"2025-04-07T06:18:36","date_gmt":"2025-04-07T06:18:36","guid":{"rendered":"https:\/\/www.hydraulic-cylinders.net\/product\/boom-cylinder-for-zoomlion-middle-excavator-ze220elc\/"},"modified":"2025-04-07T06:18:39","modified_gmt":"2025-04-07T06:18:39","slug":"boom-cylinder-for-zoomlion-middle-excavator-ze220elc","status":"publish","type":"product","link":"https:\/\/www.hydraulic-cylinders.net\/tr\/urun\/boom-cylinder-for-zoomlion-middle-excavator-ze220elc\/","title":{"rendered":"Zoomlion Orta Ekskavat\u00f6r ZE220ELC i\u00e7in Bom Silindiri"},"content":{"rendered":"<h1>Zoomlion Orta Ekskavat\u00f6r ZE220ELC i\u00e7in Bom Silindiri<\/h1>\n<h2>\u00dcr\u00fcn Genel Bak\u0131\u015f\u0131<\/h2>\n<p>Zoomlion Orta Ekskavat\u00f6r ZE220ELC i\u00e7in Bom Silindiri, ekskavat\u00f6r\u00fcn bomunun hareketini kontrol etmek i\u00e7in tasarlanm\u0131\u015f \u00f6zel bir hidrolik silindirdir. Bu bile\u015fen, hidrolik sistemlerde kritik bir rol oynar ve zorlu g\u00f6revler s\u0131ras\u0131nda hassas \u00e7al\u0131\u015fma sa\u011flar. Kep\u00e7e silindiri, ekskavat\u00f6rler, beko-loderler ve \u00f6n y\u00fckleyiciler gibi \u00e7e\u015fitli a\u011f\u0131r makineler i\u00e7in olmazsa olmazd\u0131r ve kep\u00e7enin kald\u0131r\u0131lmas\u0131n\u0131, indirilmesini ve e\u011filmesini kolayla\u015ft\u0131r\u0131r. Bu i\u015flevsellik, malzeme ta\u015f\u0131ma i\u015flemlerini b\u00fcy\u00fck \u00f6l\u00e7\u00fcde iyile\u015ftirerek toprak, moloz ve di\u011fer malzemelerin verimli bir \u015fekilde ta\u015f\u0131nmas\u0131n\u0131 sa\u011flar.<\/p>\n<p><img decoding=\"async\" src=\"https:\/\/www.hydraulic-cylinders.net\/wp-content\/uploads\/2025\/04\/songte-company-1.webp\" alt=\"Ekskavat\u00f6r i\u00e7in Bom Silindiri\"><\/p>\n<h2>Bom Silindirinin \u00d6zellikleri<\/h2>\n<ul>\n<li><strong>Y\u00fcksek Dayan\u0131kl\u0131l\u0131k ve Dayan\u0131kl\u0131l\u0131k:<\/strong> Y\u00fcksek mukavemetli \u00e7elik veya al\u00fcminyumdan \u00fcretilen bu silindirler, zorlu \u00e7al\u0131\u015fma ortamlar\u0131nda y\u00fcksek bas\u0131n\u00e7 ve a\u011f\u0131r y\u00fcklere dayanabilir ve performanslar\u0131n\u0131 koruyabilir. \u00d6zel tasar\u0131m \u00f6zellikleri, a\u015f\u0131nma direnci ve korozyon korumas\u0131 sa\u011flayarak \u00e7al\u0131\u015fma \u00f6m\u00fcrlerini uzat\u0131r.<\/li>\n<li><strong>Verimli Hidrolik \u00c7al\u0131\u015fma:<\/strong> Silindir, d\u00fczg\u00fcn uzatma ve geri \u00e7ekme i\u00e7in hidrolik ya\u011f bas\u0131nc\u0131n\u0131 kullan\u0131r, operat\u00f6r komutlar\u0131na h\u0131zl\u0131 yan\u0131t vermeyi sa\u011flar ve a\u011f\u0131r ve karma\u015f\u0131k g\u00f6revlerin \u00fcstesinden gelmeye uygun g\u00fc\u00e7l\u00fc itme-\u00e7ekme kuvveti sa\u011flar.<\/li>\n<li><strong>\u00c7e\u015fitli T\u00fcrler:<\/strong> \u00c7e\u015fitli operasyonel ihtiya\u00e7lar\u0131 kar\u015f\u0131lamak i\u00e7in tek etkili (tek y\u00f6nde hidrolik kullan\u0131lan) ve \u00e7ift etkili (her iki y\u00f6nde hidrolik kullan\u0131lan) silindirler mevcuttur. Baz\u0131 modeller, d\u0131\u015f boyutlar\u0131 art\u0131rmadan daha fazla uzatma sa\u011flayan teleskopik tasar\u0131mlara sahiptir ve bu da onlar\u0131 alan k\u0131s\u0131tlamas\u0131 olan uygulamalar i\u00e7in ideal hale getirir.<\/li>\n<li><strong>\u00d6zel \u00dcretim:<\/strong> Mevcut hidrolik silindirlerin yerini m\u00fckemmel bir \u015fekilde alabilecek, uyumlulu\u011fu ve performans\u0131 garanti alt\u0131na alacak bu silindirleri \u00fcretme konusunda uzmanla\u015f\u0131yoruz.<\/li>\n<\/ul>\n<p><img decoding=\"async\" src=\"https:\/\/www.hydraulic-cylinders.net\/wp-content\/uploads\/2025\/04\/songte-cylinder-head-with-all-kinds-excavator-models.webp\" alt=\"Ekskavat\u00f6r Silindir Kapa\u011f\u0131\"><\/p>\n<h2>Uygulama Senaryolar\u0131<\/h2>\n<h3>\u0130n\u015faat Ekipmanlar\u0131<\/h3>\n<p>Ekskavat\u00f6rlerde bom silindirleri, kazma, y\u00fckleme ve toprak veya moloz ta\u015f\u0131ma i\u00e7in hayati \u00f6nem ta\u015f\u0131r. Hassas kontrolleri, operat\u00f6rlerin ister temel kazmak ister \u015fantiyede malzeme ta\u015f\u0131mak olsun, \u00e7e\u015fitli g\u00f6revleri verimli bir \u015fekilde ger\u00e7ekle\u015ftirmelerini sa\u011flar. Beko-loderlerde ise kep\u00e7e silindiri sadece kazmada de\u011fil, kald\u0131rma g\u00f6revlerinde de yard\u0131mc\u0131 olarak \u00e7ok y\u00f6nl\u00fcl\u00fc\u011f\u00fc art\u0131r\u0131r.<\/p>\n<h3>Tar\u0131m Makinalar\u0131<\/h3>\n<p>\u00d6n y\u00fckleyiciler i\u00e7in bu silindirler, toprak, saman veya di\u011fer malzemeleri toplamak, kald\u0131rmak ve ta\u015f\u0131mak i\u00e7in olmazsa olmazd\u0131r. \u00c7ift\u00e7ilerin, ister yem y\u00fcklemek ister ekim i\u00e7in toprak ta\u015f\u0131mak olsun, kaynaklar\u0131n\u0131 etkili bir \u015fekilde y\u00f6netmelerini sa\u011flarlar.<\/p>\n<h3>Kaz\u0131 G\u00f6revleri<\/h3>\n<p>Ekskavat\u00f6rlerde, kova silindiri kovan\u0131n topra\u011fa n\u00fcfuz etmesini sa\u011flayarak verimli bir kaz\u0131 sa\u011flar. Hidrolik sistem ise zorlu zemin ko\u015fullar\u0131n\u0131 a\u015fmak i\u00e7in gerekli kuvveti sa\u011flayarak in\u015faat ve peyzaj projeleri i\u00e7in hayati \u00f6nem ta\u015f\u0131r.<\/p>\n<h3>Y\u00fckleme \u0130\u015flemleri<\/h3>\n<p>\u00d6n y\u00fckleyicilerde bu silindirler, y\u00fcklerin etkili bir \u015fekilde kald\u0131r\u0131lmas\u0131 ve bo\u015falt\u0131lmas\u0131 i\u00e7in kilit \u00f6neme sahiptir. Verimli malzeme ta\u015f\u0131ma olana\u011f\u0131 sa\u011flayarak, operat\u00f6rlerin \u00e7ak\u0131l, toprak veya in\u015faat at\u0131\u011f\u0131 gibi malzemeleri h\u0131zl\u0131 bir \u015fekilde y\u00fckleyip bo\u015faltmas\u0131n\u0131 sa\u011flar.<\/p>\n<h2>Tasar\u0131m Hususlar\u0131 ve Se\u00e7im Kriterleri<\/h2>\n<h3>Y\u00fck Ta\u015f\u0131ma Kapasitesi<\/h3>\n<p>Bir bom silindiri tasarlan\u0131rken, temel hususlardan biri y\u00fck ta\u015f\u0131ma kapasitesidir. Bu \u00f6zellik, silindirin \u00e7al\u0131\u015fma s\u0131ras\u0131nda g\u00fcvenli bir \u015fekilde ne kadar a\u011f\u0131rl\u0131k kald\u0131rabilece\u011fini ve kald\u0131rabilece\u011fini belirler. M\u00fchendisler, ekskavat\u00f6r\u00fcn kar\u015f\u0131la\u015faca\u011f\u0131 maksimum y\u00fck\u00fc hesaba katmal\u0131 ve silindirin uygun bir g\u00fcvenlik pay\u0131yla bu a\u011f\u0131rl\u0131\u011fa g\u00f6re derecelendirilmesini sa\u011flamal\u0131d\u0131r. Kullan\u0131lan malzemeler, silindir duvarlar\u0131n\u0131n kal\u0131nl\u0131\u011f\u0131 ve genel tasar\u0131m, istenen kapasiteye ula\u015fmada \u00f6nemli rol oynar.<\/p>\n<h3>S\u0131zd\u0131rmazl\u0131k Performans\u0131<\/h3>\n<p>Hidrolik silindirlerin uzun \u00f6m\u00fcrl\u00fcl\u00fc\u011f\u00fc ve verimlili\u011fi i\u00e7in etkili s\u0131zd\u0131rmazl\u0131k hayati \u00f6nem ta\u015f\u0131r. Contalar, hidrolik s\u0131v\u0131n\u0131n s\u0131zmas\u0131n\u0131 \u00f6nleyerek bas\u0131nc\u0131 korur ve performans\u0131 art\u0131r\u0131r. Poli\u00fcretan veya nitril kau\u00e7uk gibi dayan\u0131kl\u0131 malzemelerden \u00fcretilen kaliteli contalar, sistem b\u00fct\u00fcnl\u00fc\u011f\u00fcn\u00fcn korunmas\u0131 i\u00e7in olmazsa olmazd\u0131r. Tasar\u0131m ayr\u0131ca, s\u00fcrt\u00fcnmeden kaynaklanan olas\u0131 a\u015f\u0131nmay\u0131 da dikkate almal\u0131 ve contalar\u0131n \u00e7al\u0131\u015fma ortam\u0131na dayan\u0131kl\u0131 olmas\u0131n\u0131 sa\u011flamal\u0131d\u0131r.<\/p>\n<h3>Dayan\u0131kl\u0131l\u0131k ve Uzun \u00d6m\u00fcr<\/h3>\n<p>Dayan\u0131kl\u0131l\u0131k, bom silindirlerinin tasar\u0131m\u0131nda \u00f6nemli bir fakt\u00f6rd\u00fcr. S\u0131kl\u0131kla \u00e7al\u0131\u015ft\u0131klar\u0131 zorlu ko\u015fullar g\u00f6z \u00f6n\u00fcne al\u0131nd\u0131\u011f\u0131nda, \u00fcreticiler a\u015f\u0131nma ve korozyona dayan\u0131kl\u0131 malzeme ve kaplamalar kullanmal\u0131d\u0131r. Bu dayan\u0131kl\u0131l\u0131k, silindirin \u00f6mr\u00fcn\u00fc uzatman\u0131n yan\u0131 s\u0131ra bak\u0131m maliyetlerini ve ar\u0131za s\u00fcrelerini de azalt\u0131r. Silindirin durumunun d\u00fczenli olarak de\u011ferlendirilmesi, a\u015f\u0131nman\u0131n ar\u0131zaya yol a\u00e7madan \u00f6nce tespit edilmesine yard\u0131mc\u0131 olabilir.<\/p>\n<h3>G\u00fcvenlik \u00d6zellikleri<\/h3>\n<p>Hidrolik silindirler tasarlan\u0131rken g\u00fcvenlik \u00e7ok \u00f6nemlidir. Bas\u0131n\u00e7 tahliye valfleri gibi \u00f6zellikler a\u015f\u0131r\u0131 y\u00fcklenmeyi \u00f6nlerken, sa\u011flam yap\u0131 beklenmedik darbelere kar\u015f\u0131 dayan\u0131kl\u0131d\u0131r. T\u00fcm bile\u015fenlerin g\u00fcvenlik standartlar\u0131na uygun olmas\u0131n\u0131 sa\u011flamak \u00e7ok \u00f6nemlidir, \u00e7\u00fcnk\u00fc ar\u0131zalar operat\u00f6rler veya \u00e7evredekiler i\u00e7in kazalara yol a\u00e7abilir. Hidrolik makinelerle ili\u015fkili riskleri en aza indirmek i\u00e7in tasar\u0131m a\u015famas\u0131nda g\u00fcvenli\u011fe odaklanmak \u015fartt\u0131r.<\/p>\n<h3>Bak\u0131m ve Onar\u0131m Kolayl\u0131\u011f\u0131<\/h3>\n<p>Bak\u0131m kolayl\u0131\u011f\u0131 \u00f6nemli bir tasar\u0131m unsurudur. Hidrolik silindirler, contalara ve periyodik olarak de\u011fi\u015ftirilmesi gereken di\u011fer bile\u015fenlere kolay eri\u015fim de dahil olmak \u00fczere d\u00fczenli muayene ve bak\u0131ma olanak sa\u011flamal\u0131d\u0131r. Tasar\u0131mc\u0131lar, bak\u0131m g\u00f6revlerinin kapsaml\u0131 bir s\u00f6k\u00fcm i\u015flemi gerektirmeden verimli bir \u015fekilde ger\u00e7ekle\u015ftirilebilmesini sa\u011flamak i\u00e7in silindirin makineyle birlikte nas\u0131l monte edilece\u011fini ve kullan\u0131laca\u011f\u0131n\u0131 g\u00f6z \u00f6n\u00fcnde bulundurmal\u0131d\u0131r.<\/p>\n<p><img decoding=\"async\" src=\"https:\/\/www.hydraulic-cylinders.net\/wp-content\/uploads\/2025\/04\/songte-oil-pipes-and-spare-parts.webp\" alt=\"Hidrolik Silindir Par\u00e7alar\u0131\"><\/p>\n<h2>S\u0131zd\u0131rmazl\u0131k ve Ya\u011flama<\/h2>\n<p>S\u0131zd\u0131rmazl\u0131k ve ya\u011flama, hidrolik silindirlerin \u00e7al\u0131\u015fmas\u0131nda \u00f6nemli rol oynar. Piston ke\u00e7eleri ve piston kolu ke\u00e7eleri gibi \u00e7e\u015fitli ke\u00e7eler, s\u0131v\u0131 s\u0131z\u0131nt\u0131s\u0131n\u0131 \u00f6nlemek ve bas\u0131nc\u0131 korumak i\u00e7in kullan\u0131l\u0131r. Ke\u00e7eler genellikle a\u015f\u0131nmaya ve \u00e7evresel fakt\u00f6rlere kar\u015f\u0131 diren\u00e7 sa\u011flayan poli\u00fcretan ve nitril kau\u00e7uk gibi dayan\u0131kl\u0131 malzemelerden \u00fcretilir. Silindir g\u00f6vdesi ve di\u015fli u\u00e7lar, a\u015f\u0131nma direncini art\u0131rmak i\u00e7in hassas bir i\u015fleme tabi tutulur. Ayr\u0131ca, sorunsuz \u00e7al\u0131\u015fma ve silindirin \u00f6mr\u00fcn\u00fc uzatmak i\u00e7in hidrolik ya\u011f ile d\u00fczenli ya\u011flama gereklidir. Ya\u011flama i\u00e7in d\u00fczenli bir bak\u0131m program\u0131, erken a\u015f\u0131nmay\u0131 \u00f6nleyebilir ve hidrolik sistemin optimum \u015fekilde \u00e7al\u0131\u015fmas\u0131n\u0131 sa\u011flayabilir.<\/p>\n<h2>D\u00fczenli Muayene ve \u00d6nleyici Bak\u0131m<\/h2>\n<ul>\n<li><strong>D\u00fczenli Denetimler:<\/strong> Silindirleri a\u015f\u0131nma, s\u0131z\u0131nt\u0131 veya hasar belirtileri a\u00e7\u0131s\u0131ndan d\u00fczenli olarak kontrol edin. Sorunlar\u0131n erken tespiti, ileride daha ciddi sorunlar\u0131n \u00f6nlenmesine yard\u0131mc\u0131 olabilir.<\/li>\n<li><strong>\u00d6nleyici Bak\u0131m:<\/strong> Performans\u0131 etkilemeden \u00f6nce olas\u0131 sorunlar\u0131 gidermek i\u00e7in \u00f6nleyici bir bak\u0131m program\u0131 uygulay\u0131n. Bu, contalar\u0131n ve hidrolik s\u0131v\u0131 seviyelerinin kontrol edilmesini de i\u00e7erir.<\/li>\n<li><strong>S\u0131v\u0131 Replasman\u0131:<\/strong> En iyi performans\u0131 sa\u011flamak ve kirlenmeyi \u00f6nlemek i\u00e7in uygun hidrolik s\u0131v\u0131 seviyelerini koruyun ve s\u0131v\u0131lar\u0131 \u00fcreticinin \u00f6nerilerine g\u00f6re de\u011fi\u015ftirin.<\/li>\n<\/ul>\n<h2>Kurulum Talimatlar\u0131<\/h2>\n<p>Optimum performans i\u00e7in bom silindirinin do\u011fru montaj\u0131 \u00e7ok \u00f6nemlidir. \u00d6ncelikle, hem makine hem de silindir \u00fczerindeki montaj noktalar\u0131n\u0131n temiz ve kal\u0131nt\u0131lardan ar\u0131nd\u0131r\u0131lm\u0131\u015f oldu\u011fundan emin olun. Bile\u015fenler \u00fczerinde a\u015f\u0131r\u0131 bask\u0131 olu\u015fmas\u0131n\u0131 \u00f6nlemek i\u00e7in silindiri ba\u011flant\u0131 noktalar\u0131yla do\u011fru \u015fekilde hizalay\u0131n. Silindiri yerine s\u0131k\u0131ca sabitlemek i\u00e7in uygun montaj braketlerini kullan\u0131n. Montaj s\u0131ras\u0131nda, hidrolik hatlar\u0131n\u0131n do\u011fru \u015fekilde ba\u011fland\u0131\u011f\u0131ndan emin olun ve kurulumu tamamlad\u0131ktan sonra herhangi bir s\u0131z\u0131nt\u0131 olup olmad\u0131\u011f\u0131n\u0131 kontrol edin. Makineyi normal kullan\u0131ma almadan \u00f6nce d\u00fczg\u00fcn \u00e7al\u0131\u015ft\u0131\u011f\u0131ndan emin olmak i\u00e7in bir test \u00e7al\u0131\u015fmas\u0131 yapman\u0131z \u00f6nerilir. Ekipman\u0131n\u0131za \u00f6zel talimatlar i\u00e7in daima \u00fcreticinin montaj y\u00f6nergelerine bak\u0131n.<\/p>\n<p><img decoding=\"async\" src=\"https:\/\/www.hydraulic-cylinders.net\/wp-content\/uploads\/2025\/04\/songte-chushion-collar.webp\" alt=\"Hidrolik Silindir i\u00e7in Yast\u0131k Yaka\"><\/p>\n<h2>Bak\u0131m G\u00f6revleri<\/h2>\n<h3>D\u00fczenli Denetimler<\/h3>\n<p>Olas\u0131 sorunlar\u0131 erken tespit etmek i\u00e7in d\u00fczenli denetimler gereklidir. Operat\u00f6rler, ola\u011fand\u0131\u015f\u0131 sesler veya s\u0131z\u0131nt\u0131lar gibi a\u015f\u0131nma belirtilerini d\u00fczenli olarak kontrol etmeli ve hidrolik silindirin genel durumunu kontrol etmelidir. K\u00fc\u00e7\u00fck sorunlar\u0131n b\u00fcy\u00fck sorunlara d\u00f6n\u00fc\u015fmeden \u00f6nce ele al\u0131nmas\u0131, maliyetli onar\u0131mlardan ve duru\u015f s\u00fcrelerinden tasarruf sa\u011flayabilir.<\/p>\n<h3>Uygun Ya\u011flama<\/h3>\n<p>Hidrolik silindirlerin d\u00fczg\u00fcn \u00e7al\u0131\u015fmas\u0131 i\u00e7in uygun ya\u011flaman\u0131n sa\u011flanmas\u0131 \u00e7ok \u00f6nemlidir. Ke\u00e7elerin ve hareketli par\u00e7alar\u0131n yeterli ya\u011fland\u0131\u011f\u0131ndan, s\u00fcrt\u00fcnme ve a\u015f\u0131nman\u0131n azald\u0131\u011f\u0131ndan emin olmak i\u00e7in hidrolik ya\u011f seviyelerini d\u00fczenli olarak kontrol edin ve doldurun. Uygun ya\u011flama ayr\u0131ca sistem i\u00e7indeki bas\u0131nc\u0131n korunmas\u0131na yard\u0131mc\u0131 olarak performans\u0131 ve verimlili\u011fi art\u0131r\u0131r.<\/p>\n<h3>Conta De\u011fi\u015fimi ve Kalibrasyon Kontrolleri<\/h3>\n<p>Zamanla contalar a\u015f\u0131nabilir ve daha az etkili hale gelebilir. Contalar\u0131 hasar veya bozulma belirtileri a\u00e7\u0131s\u0131ndan d\u00fczenli olarak kontrol edin ve gerekirse de\u011fi\u015ftirin. Hidrolik sistemin gerekli \u00f6zellikler dahilinde \u00e7al\u0131\u015ft\u0131\u011f\u0131ndan emin olmak i\u00e7in kalibrasyon kontrolleri de yap\u0131lmal\u0131d\u0131r. Bu, silindirin s\u0131k\u0131\u015fma veya a\u015f\u0131r\u0131 bo\u015fluk olmadan d\u00fczg\u00fcn bir \u015fekilde uzad\u0131\u011f\u0131n\u0131 ve geri \u00e7ekildi\u011fini do\u011frulamay\u0131 i\u00e7erir.<\/p>\n<h2>G\u00fcvenlik Hususlar\u0131 ve \u00c7evresel Fakt\u00f6rler<\/h2>\n<p>Hidrolik silindirlerin kullan\u0131m\u0131nda g\u00fcvenlik \u00f6nlemleri, kaza ve yaralanmalar\u0131 \u00f6nlemek i\u00e7in hayati \u00f6nem ta\u015f\u0131r. Operat\u00f6rler, hidrolik sistemlerin s\u0131n\u0131rlar\u0131n\u0131 anlamak da dahil olmak \u00fczere makinelerin do\u011fru kullan\u0131m\u0131 konusunda e\u011fitilmelidir. Ayr\u0131ca, tehlikeli durumlara yol a\u00e7abilecek hidrolik ar\u0131zalar\u0131 \u00f6nlemek i\u00e7in t\u00fcm g\u00fcvenlik cihazlar\u0131n\u0131n \u00e7al\u0131\u015f\u0131r durumda olmas\u0131n\u0131 sa\u011flamak \u00f6nemlidir. Hidrolik s\u0131v\u0131lar\u0131n uygun \u015fekilde bertaraf edilmesi ve y\u00f6netmeliklere uyulmas\u0131 gibi \u00e7evresel hususlar, yerel ekosistemler \u00fczerindeki etkiyi en aza indirmek i\u00e7in hayati \u00f6nem ta\u015f\u0131r. G\u00fcvenlik protokollerinin uygulanmas\u0131, yaln\u0131zca personeli korumakla kalmaz, ayn\u0131 zamanda \u00e7evreyi de olas\u0131 tehlikelerden korur.<\/p>\n<h2>Sorun Giderme ve Yayg\u0131n Sorunlar<\/h2>\n<ul>\n<li><strong>S\u0131z\u0131nt\u0131:<\/strong> Hidrolik silindirlerde s\u0131k kar\u015f\u0131la\u015f\u0131lan bir sorun, s\u0131v\u0131 s\u0131z\u0131nt\u0131s\u0131d\u0131r. Bu, a\u015f\u0131nm\u0131\u015f contalardan veya yanl\u0131\u015f montajdan kaynaklanabilir. D\u00fczenli kontroller, s\u0131z\u0131nt\u0131lar\u0131n erken tespit edilip giderilmesine yard\u0131mc\u0131 olabilir.<\/li>\n<li><strong>Yava\u015f \u00c7al\u0131\u015fma:<\/strong> Silindir normalden daha yava\u015f \u00e7al\u0131\u015f\u0131yorsa, bu durum hidrolik s\u0131v\u0131 seviyelerinde bir sorun veya sistemde t\u0131kan\u0131kl\u0131k oldu\u011funu g\u00f6sterebilir. S\u0131v\u0131 seviyelerini kontrol etmek ve herhangi bir t\u0131kan\u0131kl\u0131k olmad\u0131\u011f\u0131ndan emin olmak bu sorunu \u00e7\u00f6zebilir.<\/li>\n<li><strong>Al\u0131\u015f\u0131lmad\u0131k Sesler:<\/strong> \u00c7al\u0131\u015fma s\u0131ras\u0131nda herhangi bir anormal ses, i\u00e7 hasar veya a\u015f\u0131nman\u0131n habercisi olabilir. Bu seslerin kayna\u011f\u0131n\u0131 derhal ara\u015ft\u0131rmak, daha fazla hasar\u0131 \u00f6nlemek i\u00e7in \u00e7ok \u00f6nemlidir.<\/li>\n<\/ul>\n<h2>Sorun Giderme \u0130pu\u00e7lar\u0131<\/h2>\n<p>Hidrolik silindir sorunlar\u0131n\u0131n etkili bir \u015fekilde te\u015fhis edilmesi ve \u00e7\u00f6z\u00fclmesi i\u00e7in \u015fu ipu\u00e7lar\u0131n\u0131 izleyin:<\/p>\n<ul>\n<li>Belirli konularda rehberlik i\u00e7in daima kullan\u0131m k\u0131lavuzuna ba\u015fvurun.<\/li>\n<li>D\u00fczenli bak\u0131m, bir\u00e7ok yayg\u0131n sorunun \u00f6n\u00fcne ge\u00e7ebilir, bu nedenle bir bak\u0131m program\u0131na uyun.<\/li>\n<li>Herhangi bir sorun ortaya \u00e7\u0131karsa, hidrolik sistemi izole edin ve sorunu tam olarak belirlemek i\u00e7in kapsaml\u0131 incelemeler yap\u0131n.<\/li>\n<\/ul>\n<p><img decoding=\"async\" src=\"https:\/\/www.hydraulic-cylinders.net\/wp-content\/uploads\/2025\/04\/songte-bushings-with-all-kinds-of-excavator-models.webp\" alt=\"Ekskavat\u00f6r Modelleri i\u00e7in Bur\u00e7lar\"><\/p>\n<h2>\u015eirketimiz Hakk\u0131nda<\/h2>\n<p>Yedek hidrolik silindir \u00fcretiminde lider bir \u00fcreticiyiz ve kapsaml\u0131 bir \u00fcr\u00fcn yelpazesi sunuyoruz. Kaliteye olan ba\u011fl\u0131l\u0131\u011f\u0131m\u0131z, bizi hem yurt i\u00e7i hem de yurt d\u0131\u015f\u0131 pazarlarda \u00f6nemli bir oyuncu haline getirmi\u015ftir. \u00dcretim s\u00fcre\u00e7lerimizde m\u00fckemmelli\u011fe ba\u011fl\u0131 kalarak, geli\u015fmi\u015f dijital \u00fcretim ekipmanlar\u0131 ve profesyonel bir test sistemi kullanarak \u00fcretim kapasitemizi art\u0131r\u0131yoruz. Nitelikli i\u015f g\u00fcc\u00fcm\u00fcz ve son teknoloji tesislerimiz, m\u00fc\u015fterilerimizin \u00e7e\u015fitli ihtiya\u00e7lar\u0131n\u0131 verimlilik, do\u011fruluk ve y\u00fcksek kaliteli \u00fcr\u00fcnlerle kar\u015f\u0131lamam\u0131z\u0131 sa\u011fl\u0131yor.<\/p>\n<p><img decoding=\"async\" src=\"https:\/\/www.hydraulic-cylinders.net\/wp-content\/uploads\/2025\/04\/songte-company-4.webp\" alt=\"\u015eirket Genel Bak\u0131\u015f\u0131\"><br \/>\n<img decoding=\"async\" src=\"https:\/\/www.hydraulic-cylinders.net\/wp-content\/uploads\/2025\/04\/songte-company-3.webp\" alt=\"\u015eirket \u00dcretim Tesisi\"><\/p>\n<p>Profesyonelli\u011fimiz, uluslararas\u0131 sertifikalar\u0131m\u0131z ve \u00f6zelle\u015ftirme hizmetlerimiz bizi farkl\u0131 k\u0131l\u0131yor. M\u00fc\u015fterilerimizin ihtiya\u00e7 duyduklar\u0131 her an rehberlik ve yard\u0131ma eri\u015febilmelerini sa\u011flayarak, m\u00fckemmel sat\u0131\u015f sonras\u0131 destek sunmaktan gurur duyuyoruz.<\/p>\n<p>Yazar: lyl<\/p>","protected":false},"excerpt":{"rendered":"<p>Boom Cylinder For Zoomlion Middle Excavator ZE220ELC Product Overview The Boom Cylinder for the Zoomlion Middle Excavator ZE220ELC is a specialized hydraulic cylinder designed to control the movement of the excavator&#8217;s boom. This component plays a critical role in hydraulic systems, ensuring precise operation during demanding tasks. The bucket cylinder is essential for various heavy [&hellip;]<\/p>","protected":false},"featured_media":17873,"comment_status":"open","ping_status":"closed","template":"","meta":{"_et_pb_use_builder":"","_et_pb_old_content":"","_et_gb_content_width":""},"product_brand":[],"product_cat":[1546],"product_tag":[1547,1496],"class_list":{"0":"post-19217","1":"product","2":"type-product","3":"status-publish","4":"has-post-thumbnail","6":"product_cat-boom-cylinders","7":"product_tag-boom-cylinders","8":"product_tag-hydraulic-cylinders","10":"first","11":"instock","12":"shipping-taxable","13":"product-type-simple"},"amp_enabled":true,"_links":{"self":[{"href":"https:\/\/www.hydraulic-cylinders.net\/tr\/wp-json\/wp\/v2\/product\/19217","targetHints":{"allow":["GET"]}}],"collection":[{"href":"https:\/\/www.hydraulic-cylinders.net\/tr\/wp-json\/wp\/v2\/product"}],"about":[{"href":"https:\/\/www.hydraulic-cylinders.net\/tr\/wp-json\/wp\/v2\/types\/product"}],"replies":[{"embeddable":true,"href":"https:\/\/www.hydraulic-cylinders.net\/tr\/wp-json\/wp\/v2\/comments?post=19217"}],"wp:featuredmedia":[{"embeddable":true,"href":"https:\/\/www.hydraulic-cylinders.net\/tr\/wp-json\/wp\/v2\/media\/17873"}],"wp:attachment":[{"href":"https:\/\/www.hydraulic-cylinders.net\/tr\/wp-json\/wp\/v2\/media?parent=19217"}],"wp:term":[{"taxonomy":"product_brand","embeddable":true,"href":"https:\/\/www.hydraulic-cylinders.net\/tr\/wp-json\/wp\/v2\/product_brand?post=19217"},{"taxonomy":"product_cat","embeddable":true,"href":"https:\/\/www.hydraulic-cylinders.net\/tr\/wp-json\/wp\/v2\/product_cat?post=19217"},{"taxonomy":"product_tag","embeddable":true,"href":"https:\/\/www.hydraulic-cylinders.net\/tr\/wp-json\/wp\/v2\/product_tag?post=19217"}],"curies":[{"name":"wp","href":"https:\/\/api.w.org\/{rel}","templated":true}]}}