{"id":19220,"date":"2025-04-07T06:18:43","date_gmt":"2025-04-07T06:18:43","guid":{"rendered":"https:\/\/www.hydraulic-cylinders.net\/product\/boom-cylinder-for-zoomlion-middle-excavator-ze210elc\/"},"modified":"2025-04-07T06:18:45","modified_gmt":"2025-04-07T06:18:45","slug":"boom-cylinder-for-zoomlion-middle-excavator-ze210elc","status":"publish","type":"product","link":"https:\/\/www.hydraulic-cylinders.net\/tr\/urun\/boom-cylinder-for-zoomlion-middle-excavator-ze210elc\/","title":{"rendered":"Zoomlion ZE210ELC Orta Ekskavat\u00f6r \u0130\u00e7in Bom Silindiri"},"content":{"rendered":"<h1>Zoomlion ZE210ELC Orta Ekskavat\u00f6r \u0130\u00e7in Bom Silindiri<\/h1>\n<h2>Bom Silindirine Giri\u015f<\/h2>\n<p>Bom silindiri, \u00e7e\u015fitli a\u011f\u0131r makinelerde kullan\u0131lan kritik bir hidrolik bile\u015fendir ve \u00f6zellikle Zoomlion ZE210ELC orta ekskavat\u00f6r i\u00e7in tasarlanm\u0131\u015ft\u0131r. Bu hidrolik silindir, bomun hareketini kontrol etmek, kald\u0131rmak, indirmek ve e\u011fmek i\u00e7in hayati \u00f6neme sahiptir. Bom silindirinin i\u015flevselli\u011fi, in\u015faat ve kaz\u0131 projelerinde hayati \u00f6nem ta\u015f\u0131yan verimli malzeme ta\u015f\u0131ma g\u00f6revlerine olanak tan\u0131r.<\/p>\n<p><img decoding=\"async\" src=\"https:\/\/www.hydraulic-cylinders.net\/wp-content\/uploads\/2025\/04\/songte-company-1.webp\" alt=\"Bom Silindiri\"><\/p>\n<h3>Tan\u0131m ve Genel Bak\u0131\u015f<\/h3>\n<p>Bom silindiri, ekskavat\u00f6rler, kaz\u0131c\u0131 y\u00fckleyiciler ve \u00f6n y\u00fckleyiciler gibi a\u011f\u0131r makinelerde bomun hareketini y\u00f6netmek i\u00e7in \u00f6zel olarak tasarlanm\u0131\u015f bir hidrolik silindir t\u00fcr\u00fcd\u00fcr. Bomun hareketini kontrol ederek, etkili malzeme ta\u015f\u0131mac\u0131l\u0131\u011f\u0131 i\u00e7in gerekli olan kald\u0131rma, indirme ve e\u011fme i\u015flemlerini kolayla\u015ft\u0131r\u0131r. \u00c7al\u0131\u015fma, d\u00fczg\u00fcn ve verimli hareket sa\u011flamak i\u00e7in hidrolik s\u0131v\u0131 bas\u0131nc\u0131na ba\u011fl\u0131d\u0131r ve bu da onu a\u011f\u0131r hizmet uygulamalar\u0131nda vazge\u00e7ilmez k\u0131lar.<\/p>\n<h2>Bom Silindirinin Temel \u00d6zellikleri<\/h2>\n<ul>\n<li><strong>Y\u00fcksek Dayan\u0131kl\u0131l\u0131k ve Dayan\u0131kl\u0131l\u0131k:<\/strong> Y\u00fcksek mukavemetli \u00e7elik veya al\u00fcminyumdan \u00fcretilen bom silindiri, zorlu \u00e7al\u0131\u015fma ortamlar\u0131nda y\u00fcksek bas\u0131nca ve a\u011f\u0131r y\u00fcklere dayanabilir. A\u015f\u0131nma ve korozyon direnci g\u00f6z \u00f6n\u00fcnde bulundurularak tasarlanan bu silindirin kullan\u0131m \u00f6mr\u00fc \u00f6nemli \u00f6l\u00e7\u00fcde uzat\u0131lm\u0131\u015ft\u0131r.<\/li>\n<li><strong>Verimli Hidrolik \u00c7al\u0131\u015fma:<\/strong> Bom silindiri, hidrolik s\u0131v\u0131 bas\u0131nc\u0131n\u0131 kullanarak d\u00fczg\u00fcn uzatma ve geri \u00e7ekme hareketi sa\u011flar; bu da kontrol komutlar\u0131na h\u0131zl\u0131 yan\u0131t verilmesine ve a\u011f\u0131r malzemelerin ve karma\u015f\u0131k i\u015flerin ta\u015f\u0131nmas\u0131 i\u00e7in uygun, \u00f6nemli bir itme ve \u00e7ekme kuvveti \u00fcretilmesine olanak tan\u0131r.<\/li>\n<li><strong>\u00c7e\u015fitli T\u00fcrler:<\/strong> Kullan\u0131c\u0131lar, operasyonel ihtiya\u00e7lara ba\u011fl\u0131 olarak tek etkili (hidrolik sistemi tek y\u00f6nde kullanan) veya \u00e7ift etkili (hidrolik sistemi her iki y\u00f6nde kullanan) silindirler se\u00e7ebilirler. Baz\u0131 modeller teleskopiktir ve d\u0131\u015f boyutlar\u0131 art\u0131rmadan daha fazla uzama imkan\u0131 sa\u011flar; bu da dar alanlar i\u00e7in idealdir.<\/li>\n<li><strong>\u00d6zelle\u015ftirilebilir \u00c7\u00f6z\u00fcmler:<\/strong> Bu \u00fcr\u00fcn\u00fc, \u00e7e\u015fitli hidrolik silindirlerin yerine m\u00fckemmel bir \u015fekilde ge\u00e7ecek \u015fekilde \u00fcretiyoruz ve makinelerinizde uyumluluk ve g\u00fcvenilirlik sa\u011fl\u0131yoruz.<\/li>\n<\/ul>\n<p><img decoding=\"async\" src=\"https:\/\/www.hydraulic-cylinders.net\/wp-content\/uploads\/2025\/04\/songte-cylinder-head-with-all-kinds-excavator-models.webp\" alt=\"Ekskavat\u00f6r Modelleri\"><\/p>\n<h2>Bom Silindirinin Uygulamalar\u0131<\/h2>\n<h3>\u0130n\u015faat Ekipmanlar\u0131<\/h3>\n<p>Ekskavat\u00f6rlerde, bom silindiri kazma, y\u00fckleme ve toprak veya moloz ta\u015f\u0131ma i\u015flemlerinde hayati \u00f6neme sahiptir. Bomun hassas bir \u015fekilde uzay\u0131p k\u0131salmas\u0131n\u0131 sa\u011flayarak \u015fantiyelerde operasyonel verimlili\u011fi art\u0131r\u0131r. Kaz\u0131c\u0131 y\u00fckleyicilerde ise bom silindiri hem kazma hem de kald\u0131rma i\u015flemlerini kolayla\u015ft\u0131rarak \u00e7e\u015fitli uygulamalar i\u00e7in \u00e7ok y\u00f6nl\u00fc bir se\u00e7enek haline gelir.<\/p>\n<h3>Tar\u0131m Makinalar\u0131<\/h3>\n<p>\u00d6n y\u00fckleyicilerde, bom silindiri toprak, saman ve di\u011fer malzemelerin kep\u00e7elenmesi, kald\u0131r\u0131lmas\u0131 ve ta\u015f\u0131nmas\u0131na yard\u0131mc\u0131 olur. De\u011fi\u015fken y\u00fckleri ta\u015f\u0131yabilme \u00f6zelli\u011fi, verimlilik ve g\u00fcvenilirli\u011fin son derece \u00f6nemli oldu\u011fu tar\u0131msal faaliyetler i\u00e7in onu vazge\u00e7ilmez k\u0131lar.<\/p>\n<h3>Ekskavat\u00f6rler<\/h3>\n<p>Bom silindiri, ekskavat\u00f6r\u00fcn kep\u00e7esinin topra\u011fa etkili bir \u015fekilde n\u00fcfuz etmesini sa\u011flayarak verimli kaz\u0131 i\u015flemlerine olanak tan\u0131r. Sa\u011flam tasar\u0131m\u0131, zorlu ortamlarda tekrarlanan kullan\u0131mdan kaynaklanan gerilmelere dayanabilmesini sa\u011flar.<\/p>\n<h3>Y\u00fckleyiciler<\/h3>\n<p>\u00d6n y\u00fckleyicilerde, bom silindiri y\u00fckleri kald\u0131rmak ve bo\u015faltmak i\u00e7in hayati \u00f6neme sahiptir. A\u011f\u0131r malzemeleri hareket ettirmek i\u00e7in gerekli g\u00fcc\u00fc sa\u011flar ve makinenin in\u015faat ve y\u0131k\u0131m i\u015flerindeki genel verimlili\u011fine katk\u0131da bulunur.<\/p>\n<h2>Tasar\u0131m Hususlar\u0131 ve Se\u00e7im Kriterleri<\/h2>\n<h3>Y\u00fck Kapasitesi<\/h3>\n<p>Bom silindiri se\u00e7ilirken y\u00fck ta\u015f\u0131ma kapasitesi kritik bir fakt\u00f6rd\u00fcr. Silindir, \u00e7al\u0131\u015fma s\u0131ras\u0131nda kar\u015f\u0131la\u015faca\u011f\u0131 maksimum a\u011f\u0131rl\u0131\u011f\u0131 kald\u0131rabilmelidir. Bu, g\u00fcvenlik ve verimlili\u011fi sa\u011flamak i\u00e7in hem statik hem de dinamik y\u00fcklerin de\u011ferlendirilmesini i\u00e7erir.<\/p>\n<h3>S\u0131zd\u0131rmazl\u0131k B\u00fct\u00fcnl\u00fc\u011f\u00fc<\/h3>\n<p>S\u0131zd\u0131rmazl\u0131k, hidrolik verimlili\u011fin korunmas\u0131nda hayati \u00f6neme sahiptir. Y\u00fcksek kaliteli contalar, hidrolik s\u0131v\u0131n\u0131n s\u0131zmas\u0131n\u0131 \u00f6nleyerek tutarl\u0131 performans sa\u011flar ve operasyonel yetenekleri tehlikeye atabilecek s\u0131v\u0131 kayb\u0131 riskini azalt\u0131r. Do\u011fru s\u0131zd\u0131rmazl\u0131k ayr\u0131ca hidrolik sisteme zarar verebilecek kirleticilere kar\u015f\u0131 da koruma sa\u011flar.<\/p>\n<h3>Dayan\u0131kl\u0131l\u0131k<\/h3>\n<p>Dayan\u0131kl\u0131l\u0131k, silindirin zaman i\u00e7inde zorlu \u00e7al\u0131\u015fma ko\u015fullar\u0131na dayanabilme yetene\u011fini ifade eder. Bu, a\u015f\u0131nmaya, korozyona ve yorulmaya kar\u015f\u0131 diren\u00e7li malzemeleri i\u00e7erir ve daha uzun bir hizmet \u00f6mr\u00fc ve daha d\u00fc\u015f\u00fck bak\u0131m maliyetleri sa\u011flar. Malzeme se\u00e7imi ve \u00fcretim s\u00fcre\u00e7leri, dayan\u0131kl\u0131l\u0131\u011f\u0131 art\u0131rmada \u00f6nemli bir rol oynar.<\/p>\n<h3>G\u00fcvenlik \u00d6zellikleri<\/h3>\n<p>Hidrolik silindirlerin tasar\u0131m\u0131nda g\u00fcvenli\u011fe \u00f6ncelik verilmelidir. Bu, a\u015f\u0131r\u0131 bas\u0131n\u00e7lanmay\u0131 \u00f6nlemek i\u00e7in emniyet valflerinin dahil edilmesini ve t\u00fcm bile\u015fenlerin g\u00fcvenlik y\u00f6netmeliklerine uygun olmas\u0131n\u0131 sa\u011flamay\u0131 i\u00e7erir. \u0130yi tasarlanm\u0131\u015f bir silindir, \u00e7al\u0131\u015fma s\u0131ras\u0131nda g\u00f6n\u00fcl rahatl\u0131\u011f\u0131 sa\u011flar.<\/p>\n<h3>Bak\u0131m Eri\u015filebilirli\u011fi<\/h3>\n<p>Bom silindirinin kolay bak\u0131m i\u00e7in tasarlanmas\u0131, ar\u0131za s\u00fcrelerini en aza indirmek i\u00e7in \u00e7ok \u00f6nemlidir. S\u00f6k\u00fclebilir contalar ve eri\u015filebilir ya\u011flama noktalar\u0131 gibi \u00f6zellikler, rutin kontrollerin ve bak\u0131m i\u015flemlerinin ger\u00e7ekle\u015ftirilme yetene\u011fini art\u0131rarak ekipman\u0131n uzun \u00f6m\u00fcrl\u00fcl\u00fc\u011f\u00fcne ve g\u00fcvenilirli\u011fine katk\u0131da bulunur.<\/p>\n<p><img decoding=\"async\" src=\"https:\/\/www.hydraulic-cylinders.net\/wp-content\/uploads\/2025\/04\/songte-oil-pipes-and-spare-parts.webp\" alt=\"Petrol Borular\u0131 ve Yedek Par\u00e7alar\u0131\"><\/p>\n<h2>S\u0131zd\u0131rmazl\u0131k ve Ya\u011flama<\/h2>\n<p>Bom silindirinin etkinli\u011fi b\u00fcy\u00fck \u00f6l\u00e7\u00fcde s\u0131zd\u0131rmazl\u0131k ve ya\u011flama sistemlerine ba\u011fl\u0131d\u0131r. Hidrolik b\u00fct\u00fcnl\u00fc\u011f\u00fc korumak i\u00e7in piston contalar\u0131 ve mil contalar\u0131 da dahil olmak \u00fczere \u00e7e\u015fitli contalar kullan\u0131l\u0131r. A\u015f\u0131nmaya ve \u00e7evresel fakt\u00f6rlere kar\u015f\u0131 diren\u00e7leri nedeniyle poli\u00fcretan ve nitril kau\u00e7uk gibi dayan\u0131kl\u0131 malzemelerden yap\u0131lm\u0131\u015f contalar tercih edilir.<\/p>\n<p>Silindir g\u00f6vdesi ve di\u015fli u\u00e7 y\u00fczeyleri, a\u015f\u0131nma direncini art\u0131rmak ve daha uzun bir kullan\u0131m \u00f6mr\u00fc sa\u011flamak i\u00e7in hassas bir \u015fekilde i\u015flenmi\u015ftir. Uygun hidrolik ya\u011f ile d\u00fczenli ya\u011flama, optimum i\u015flevselli\u011fi korumak ve kritik bile\u015fenlerdeki a\u015f\u0131nmay\u0131 \u00f6nlemek i\u00e7in \u015fartt\u0131r.<\/p>\n<h2>D\u00fczenli Muayene ve \u00d6nleyici Bak\u0131m<\/h2>\n<ul>\n<li><strong>D\u00fczenli Denetimler:<\/strong> Olas\u0131 sorunlar\u0131n b\u00fcy\u00fcmeden \u00f6nce tespit edilmesi i\u00e7in d\u00fczenli kontroller yapmak \u00e7ok \u00f6nemlidir. A\u015f\u0131nma ve s\u0131z\u0131nt\u0131 belirtilerini kontrol edin ve her \u015feyin do\u011fru \u00e7al\u0131\u015ft\u0131\u011f\u0131ndan emin olmak i\u00e7in operasyonel testler ger\u00e7ekle\u015ftirin.<\/li>\n<li><strong>Uygun Ya\u011flama:<\/strong> Hidrolik ya\u011f seviyelerinin yeterli oldu\u011fundan emin olun ve gerekti\u011finde tamamlay\u0131n. Sistemin performans\u0131n\u0131 en \u00fcst d\u00fczeye \u00e7\u0131karmak ve s\u00fcrt\u00fcnmeyi azaltmak i\u00e7in \u00f6nerilen ya\u011flay\u0131c\u0131lar\u0131 kullan\u0131n.<\/li>\n<li><strong>Conta De\u011fi\u015fimi:<\/strong> Zamanla contalar a\u015f\u0131nabilir ve de\u011fi\u015ftirilmesi gerekebilir. Hidrolik s\u0131v\u0131 s\u0131z\u0131nt\u0131s\u0131n\u0131 \u00f6nlemek i\u00e7in contalar\u0131 d\u00fczenli olarak kontrol edin ve a\u015f\u0131nma belirtileri a\u00e7\u0131s\u0131ndan de\u011fi\u015ftirin.<\/li>\n<\/ul>\n<h2>Kurulum Talimatlar\u0131<\/h2>\n<p>Bom silindirinin do\u011fru montaj\u0131, performans\u0131 a\u00e7\u0131s\u0131ndan kritik \u00f6neme sahiptir. \u00d6ncelikle montaj alan\u0131n\u0131n temiz ve kal\u0131nt\u0131lardan ar\u0131nd\u0131r\u0131lm\u0131\u015f oldu\u011fundan emin olun. Silindiri yerine sabitlemek i\u00e7in uygun hizalama ara\u00e7lar\u0131 kullan\u0131n ve \u00e7al\u0131\u015fma s\u0131ras\u0131nda gereksiz gerilimi \u00f6nlemek i\u00e7in di\u011fer bile\u015fenlerle do\u011fru \u015fekilde hizaland\u0131\u011f\u0131ndan emin olun.<\/p>\n<p>Silindiri g\u00fcvenli bir \u015fekilde sabitlemek i\u00e7in uygun montaj braketlerini kullan\u0131n. Silindire zarar vermemek i\u00e7in c\u0131vatalar\u0131 s\u0131karken \u00fcreticinin tork \u00f6zelliklerine uyun. Kurulumdan sonra, hidrolik s\u0131v\u0131 seviyelerinin do\u011fru olup olmad\u0131\u011f\u0131n\u0131 kontrol edin ve her \u015feyin sorunsuz \u00e7al\u0131\u015ft\u0131\u011f\u0131ndan emin olmak i\u00e7in bir test \u00e7al\u0131\u015fmas\u0131 yap\u0131n.<\/p>\n<h2>Yayg\u0131n Bak\u0131m G\u00f6revleri<\/h2>\n<ul>\n<li><strong>D\u00fczenli Denetimler:<\/strong> D\u00fczenli kontroller yapmak, a\u015f\u0131nmay\u0131 ve potansiyel sorunlar\u0131 erken tespit etmeye yard\u0131mc\u0131 olur, silindirin verimli \u00e7al\u0131\u015fmas\u0131n\u0131 sa\u011flar ve beklenmedik ar\u0131za s\u00fcrelerini azalt\u0131r.<\/li>\n<li><strong>Uygun Ya\u011flama:<\/strong> Silindirin ve bile\u015fenlerinin ya\u011flanmas\u0131, s\u00fcrt\u00fcnmeyi ve a\u015f\u0131nmay\u0131 azaltmak ve \u00fcr\u00fcn\u00fcn \u00f6mr\u00fcn\u00fc uzatmak i\u00e7in \u00e7ok \u00f6nemlidir. \u00dcretici taraf\u0131ndan belirtilen do\u011fru tipte hidrolik ya\u011f kulland\u0131\u011f\u0131n\u0131zdan emin olun.<\/li>\n<li><strong>Conta De\u011fi\u015fimi:<\/strong> S\u0131v\u0131 s\u0131z\u0131nt\u0131lar\u0131n\u0131 \u00f6nlemek ve hidrolik sistem i\u00e7indeki bas\u0131nc\u0131 korumak i\u00e7in contalar\u0131n durumunu d\u00fczenli olarak de\u011ferlendirin ve gerekti\u011finde de\u011fi\u015ftirin.<\/li>\n<\/ul>\n<h2>G\u00fcvenlik Hususlar\u0131 ve \u00c7evresel Fakt\u00f6rler<\/h2>\n<p>Hidrolik silindirlerin \u00e7al\u0131\u015ft\u0131r\u0131lmas\u0131 s\u0131ras\u0131nda g\u00fcvenlik \u00f6nlemlerinin uygulanmas\u0131 son derece \u00f6nemlidir. T\u00fcm operat\u00f6rlerin g\u00fcvenli kullan\u0131m konusunda e\u011fitildi\u011finden ve hidrolik sistemlerle ili\u015fkili potansiyel tehlikeleri anlad\u0131\u011f\u0131ndan emin olunmal\u0131d\u0131r. \u00c7al\u0131\u015fma s\u0131ras\u0131nda her zaman g\u00fcvenlik ekipmanlar\u0131 giyilmeli ve uygun acil durum prosed\u00fcrleri uygulanmal\u0131d\u0131r.<\/p>\n<h2>Ar\u0131za Te\u015fhisi ve Yayg\u0131n Sorunlar<\/h2>\n<ul>\n<li><strong>S\u0131z\u0131nt\u0131:<\/strong> Hidrolik s\u0131v\u0131 s\u0131z\u0131nt\u0131s\u0131, conta ar\u0131zas\u0131 veya hasar\u0131n\u0131n bir g\u00f6stergesi olabilir. D\u00fczenli kontroller, kayna\u011f\u0131 belirlemeye ve zaman\u0131nda onar\u0131mlar\u0131 ba\u015flatmaya yard\u0131mc\u0131 olabilir.<\/li>\n<li><strong>D\u00fc\u015f\u00fck Performans:<\/strong> Silindir beklendi\u011fi gibi \u00e7al\u0131\u015fm\u0131yorsa, sorun yetersiz hidrolik s\u0131v\u0131s\u0131ndan veya sistemdeki havadan kaynaklan\u0131yor olabilir. Sorunun nedenini belirlemek i\u00e7in ar\u0131za tespiti yap\u0131lmal\u0131d\u0131r.<\/li>\n<li><strong>A\u015f\u0131r\u0131 Is\u0131nma:<\/strong> Yetersiz ya\u011flama veya y\u00fcksek s\u00fcrt\u00fcnme a\u015f\u0131r\u0131 \u0131s\u0131nmaya neden olabilir. \u00c7al\u0131\u015fma s\u0131cakl\u0131klar\u0131n\u0131 izleyin ve silindirin yeterince ya\u011fland\u0131\u011f\u0131ndan emin olun.<\/li>\n<\/ul>\n<h2>Sorun Giderme \u0130pu\u00e7lar\u0131<\/h2>\n<p>Bom silindirindeki ar\u0131zalar\u0131 giderirken, \u00f6ncelikle hidrolik s\u0131v\u0131 seviyelerini kontrol edin. T\u00fcm ba\u011flant\u0131lar\u0131n s\u0131k\u0131 oldu\u011fundan emin olun ve contalarda a\u015f\u0131nma belirtileri olup olmad\u0131\u011f\u0131n\u0131 inceleyin. Performans sorunlar\u0131 devam ederse, belirli sorunlar\u0131n giderilmesi i\u00e7in \u00fcreticinin y\u00f6nergelerine ba\u015fvurun ve gerekirse profesyonel bir de\u011ferlendirme yapt\u0131r\u0131n.<\/p>\n<h2>\u015eirketimiz Hakk\u0131nda<\/h2>\n<p>\u00d6nde gelen yedek hidrolik silindir \u00fcreticisi olarak, hem yerel hem de uluslararas\u0131 pazarlara hitap eden geni\u015f bir \u00fcr\u00fcn yelpazesi sunuyoruz. M\u00fckemmelli\u011fe olan ba\u011fl\u0131l\u0131\u011f\u0131m\u0131z, hassas \u00fcretim stratejilerimizde ve geli\u015fmi\u015f teknoloji ile kaliteli malzemelerin kullan\u0131m\u0131nda kendini g\u00f6stermektedir.<\/p>\n<p>M\u00fc\u015fterilerimizin farkl\u0131 ihtiya\u00e7lar\u0131n\u0131 kar\u015f\u0131lamaya odaklanarak, belirli uygulamalara \u00f6zel \u00e7\u00f6z\u00fcmler sunuyoruz. Uluslararas\u0131 sertifikalar\u0131m\u0131z, kalite ve g\u00fcvenilirli\u011fe olan ba\u011fl\u0131l\u0131\u011f\u0131m\u0131z\u0131n alt\u0131n\u0131 \u00e7izmektedir. \u00dcretim tesislerimiz, \u00fcretti\u011fimiz her \u00fcr\u00fcnde y\u00fcksek verimlilik ve hassasiyet sa\u011flayan son teknoloji \u00fcr\u00fcn\u00fc makinelerle donat\u0131lm\u0131\u015ft\u0131r.<\/p>\n<p><img decoding=\"async\" src=\"https:\/\/www.hydraulic-cylinders.net\/wp-content\/uploads\/2025\/04\/songte-company-4.webp\" alt=\"\u015eirket Tesisleri\"><br \/>\n<img decoding=\"async\" src=\"https:\/\/www.hydraulic-cylinders.net\/wp-content\/uploads\/2025\/04\/songte-company-3.webp\" alt=\"\u015eirket \u00dcretim Hatt\u0131\"><\/p>\n<p>Yazar: lyl<\/p>","protected":false},"excerpt":{"rendered":"<p>Boom Cylinder For Zoomlion Middle Excavator ZE210ELC Introduction to the Boom Cylinder The Boom Cylinder is a critical hydraulic component utilized in various heavy machinery, specifically designed for the Zoomlion Middle Excavator ZE210ELC. This hydraulic cylinder is integral to controlling the movement of the boom, enabling it to lift, lower, and tilt. The functionality of [&hellip;]<\/p>","protected":false},"featured_media":17876,"comment_status":"open","ping_status":"closed","template":"","meta":{"_et_pb_use_builder":"","_et_pb_old_content":"","_et_gb_content_width":""},"product_brand":[],"product_cat":[1546],"product_tag":[1547,1496],"class_list":{"0":"post-19220","1":"product","2":"type-product","3":"status-publish","4":"has-post-thumbnail","6":"product_cat-boom-cylinders","7":"product_tag-boom-cylinders","8":"product_tag-hydraulic-cylinders","10":"first","11":"instock","12":"shipping-taxable","13":"product-type-simple"},"amp_enabled":true,"_links":{"self":[{"href":"https:\/\/www.hydraulic-cylinders.net\/tr\/wp-json\/wp\/v2\/product\/19220","targetHints":{"allow":["GET"]}}],"collection":[{"href":"https:\/\/www.hydraulic-cylinders.net\/tr\/wp-json\/wp\/v2\/product"}],"about":[{"href":"https:\/\/www.hydraulic-cylinders.net\/tr\/wp-json\/wp\/v2\/types\/product"}],"replies":[{"embeddable":true,"href":"https:\/\/www.hydraulic-cylinders.net\/tr\/wp-json\/wp\/v2\/comments?post=19220"}],"wp:featuredmedia":[{"embeddable":true,"href":"https:\/\/www.hydraulic-cylinders.net\/tr\/wp-json\/wp\/v2\/media\/17876"}],"wp:attachment":[{"href":"https:\/\/www.hydraulic-cylinders.net\/tr\/wp-json\/wp\/v2\/media?parent=19220"}],"wp:term":[{"taxonomy":"product_brand","embeddable":true,"href":"https:\/\/www.hydraulic-cylinders.net\/tr\/wp-json\/wp\/v2\/product_brand?post=19220"},{"taxonomy":"product_cat","embeddable":true,"href":"https:\/\/www.hydraulic-cylinders.net\/tr\/wp-json\/wp\/v2\/product_cat?post=19220"},{"taxonomy":"product_tag","embeddable":true,"href":"https:\/\/www.hydraulic-cylinders.net\/tr\/wp-json\/wp\/v2\/product_tag?post=19220"}],"curies":[{"name":"wp","href":"https:\/\/api.w.org\/{rel}","templated":true}]}}