{"id":19223,"date":"2025-04-07T06:18:51","date_gmt":"2025-04-07T06:18:51","guid":{"rendered":"https:\/\/www.hydraulic-cylinders.net\/product\/boom-cylinder-for-zoomlion-middle-excavator-ze230e-9\/"},"modified":"2025-04-07T06:19:00","modified_gmt":"2025-04-07T06:19:00","slug":"boom-cylinder-for-zoomlion-middle-excavator-ze230e-9","status":"publish","type":"product","link":"https:\/\/www.hydraulic-cylinders.net\/tr\/urun\/boom-cylinder-for-zoomlion-middle-excavator-ze230e-9\/","title":{"rendered":"Zoomlion Orta Ekskavat\u00f6r ZE230E-9 i\u00e7in Bom Silindiri"},"content":{"rendered":"<h1>Zoomlion Orta Ekskavat\u00f6r ZE230E-9 i\u00e7in Bom Silindiri<\/h1>\n<h2>\u00dcr\u00fcn Genel Bak\u0131\u015f\u0131<\/h2>\n<p>Bom silindiri, ekskavat\u00f6rler, kaz\u0131c\u0131 y\u00fckleyiciler ve \u00f6n y\u00fckleyiciler gibi \u00e7e\u015fitli ekipmanlardaki kep\u00e7enin hareketini kontrol etmek i\u00e7in \u00f6zel olarak tasarlanm\u0131\u015f, a\u011f\u0131r makinelerde hayati bir bile\u015fendir. Bu hidrolik silindir, kep\u00e7enin kald\u0131rma, indirme ve yat\u0131rma i\u015flemlerini sa\u011flayarak verimli malzeme ta\u015f\u0131ma g\u00f6revlerini kolayla\u015ft\u0131rmada \u00f6nemli bir rol oynar. Hidrolik bas\u0131nc\u0131 mekanik g\u00fcce d\u00f6n\u00fc\u015ft\u00fcren bom silindiri, operat\u00f6rlerin \u00e7e\u015fitli i\u015flemleri hassas ve kolay bir \u015fekilde ger\u00e7ekle\u015ftirmesini sa\u011flar. Makinenin \u00fcretkenli\u011fini ve verimlili\u011fini do\u011frudan etkiledi\u011fi i\u00e7in \u00f6nemi yeterince vurgulanamaz.<\/p>\n<p><img decoding=\"async\" src=\"https:\/\/www.hydraulic-cylinders.net\/wp-content\/uploads\/2025\/04\/songte-company-1.webp\" alt=\"Bom Silindiri G\u00f6r\u00fcnt\u00fcs\u00fc\"><\/p>\n<h3>Bom Silindirinin Temel \u00d6zellikleri<\/h3>\n<ul>\n<li><strong>Y\u00fcksek Dayan\u0131kl\u0131l\u0131k ve Dayan\u0131kl\u0131l\u0131k:<\/strong> Y\u00fcksek mukavemetli \u00e7elik veya al\u00fcminyumdan \u00fcretilen bom silindiri, y\u00fcksek bas\u0131nca ve a\u011f\u0131r y\u00fcklere dayanacak \u015fekilde tasarlanm\u0131\u015ft\u0131r ve bu sayede zorlu \u00e7al\u0131\u015fma ortamlar\u0131 i\u00e7in uygundur.<\/li>\n<li><strong>Verimli Hidrolik \u00c7al\u0131\u015fma:<\/strong> Silindir, p\u00fcr\u00fczs\u00fcz uzatma ve geri \u00e7ekme i\u00e7in hidrolik ya\u011f bas\u0131nc\u0131n\u0131 kullan\u0131r, operat\u00f6r komutlar\u0131na h\u0131zl\u0131 tepki verir ve g\u00fc\u00e7l\u00fc itme-\u00e7ekme kabiliyetleri sunar.<\/li>\n<li><strong>\u00c7e\u015fitli T\u00fcrler:<\/strong> Se\u00e7enekler aras\u0131nda tek etkili (bir y\u00f6nde hidrolik bas\u0131n\u00e7 kullanan) veya \u00e7ift etkili (her iki y\u00f6nde hidrolik bas\u0131n\u00e7 kullanan) silindirler bulunur; baz\u0131 modellerde ise daha geni\u015f eri\u015fim i\u00e7in teleskopik tasar\u0131mlar bulunur.<\/li>\n<li><strong>Hassas M\u00fchendislik:<\/strong> Her silindir, \u00e7e\u015fitli ekskavat\u00f6r modelleriyle g\u00fcvenilir performans ve uyumlulu\u011fu garanti alt\u0131na almak i\u00e7in titiz standartlarla tasarlanm\u0131\u015ft\u0131r.<\/li>\n<li><strong>Bak\u0131m\u0131 Kolay Tasar\u0131m:<\/strong> Kolay bak\u0131m i\u00e7in tasarlanan bom silindiri, h\u0131zl\u0131 kontrol ve servis imk\u00e2n\u0131 sunarak makine ar\u0131za s\u00fcresini en aza indiriyor.<\/li>\n<\/ul>\n<h2>\u00dcretim Yeteneklerimiz<\/h2>\n<p>Mevcut hidrolik silindirlerin yerini \u00e7ok \u00e7e\u015fitli uygulamalarda m\u00fckemmel \u015fekilde alabilecek bu y\u00fcksek kaliteli bom silindirini \u00fcretme kapasitesine sahibiz.<\/p>\n<p><img decoding=\"async\" src=\"https:\/\/www.hydraulic-cylinders.net\/wp-content\/uploads\/2025\/04\/songte-cylinder-head-with-all-kinds-excavator-models.webp\" alt=\"Ekskavat\u00f6r Modelleri G\u00f6rseli\"><\/p>\n<h2>Bom Silindirinin Uygulamalar\u0131<\/h2>\n<h3>\u0130n\u015faat Ekipmanlar\u0131<\/h3>\n<p>Ekskavat\u00f6rlerde bom silindirleri, kazma, y\u00fckleme ve toprak veya moloz ta\u015f\u0131ma i\u00e7in hayati \u00f6nem ta\u015f\u0131r. D\u00fczg\u00fcn ve g\u00fc\u00e7l\u00fc hareketleri kolayla\u015ft\u0131rma kabiliyetleri, in\u015faat projelerinin verimlili\u011fini art\u0131rarak h\u0131zl\u0131 ve etkili malzeme ta\u015f\u0131ma olana\u011f\u0131 sa\u011flar.<\/p>\n<h3>Tar\u0131m Makinalar\u0131<\/h3>\n<p>\u00d6n y\u00fckleyiciler, toprak, saman ve di\u011fer malzemeleri toplamak, kald\u0131rmak ve ta\u015f\u0131mak i\u00e7in bom silindirlerini kullan\u0131r. Bu silindirlerin sa\u011flad\u0131\u011f\u0131 verimlilik, tar\u0131msal i\u015flerin h\u0131zl\u0131 bir \u015fekilde y\u00fcr\u00fct\u00fclmesini sa\u011flayarak \u00e7ift\u00e7ilik faaliyetlerinde verimlili\u011fin artmas\u0131na katk\u0131da bulunur.<\/p>\n<h3>Ekskavat\u00f6rler<\/h3>\n<p>Ekskavat\u00f6rlerde bom silindirleri, kep\u00e7enin topra\u011fa n\u00fcfuz etmesini sa\u011flayarak etkili bir kaz\u0131 sa\u011flar. Bu i\u015flev, \u00e7e\u015fitli kaz\u0131 g\u00f6revleri i\u00e7in olmazsa olmazd\u0131r ve operat\u00f6rlerin kaz\u0131 projelerini verimli bir \u015fekilde y\u00f6netmelerini sa\u011flar.<\/p>\n<h3>Y\u00fckleyiciler<\/h3>\n<p>\u00d6n y\u00fckleyicilerde bom silindirleri, y\u00fcklerin verimli bir \u015fekilde kald\u0131r\u0131lmas\u0131na ve bo\u015falt\u0131lmas\u0131na yard\u0131mc\u0131 olur. G\u00fcvenilir \u00e7al\u0131\u015fmalar\u0131, \u015fantiyelerden malzeme ta\u015f\u0131ma alanlar\u0131na kadar \u00e7e\u015fitli ortamlarda y\u00fckleme ve bo\u015faltma s\u00fcre\u00e7lerinin optimize edilmesi i\u00e7in hayati \u00f6nem ta\u015f\u0131r.<\/p>\n<h2>Tasar\u0131m Hususlar\u0131 ve Se\u00e7im Kriterleri<\/h2>\n<h3>Y\u00fck Kapasitesi<\/h3>\n<p>Y\u00fck kapasitesi, bom silindirleri i\u00e7in kritik bir tasar\u0131m unsurudur. Silindirin g\u00fcvenlik veya performanstan \u00f6d\u00fcn vermeden ta\u015f\u0131yabilece\u011fi maksimum a\u011f\u0131rl\u0131\u011f\u0131 belirler. \u00dcreticiler, silindir tasar\u0131m\u0131n\u0131n, ama\u00e7lanan uygulama i\u00e7in gerekli y\u00fck \u00f6zelliklerini kar\u015f\u0131lad\u0131\u011f\u0131ndan veya a\u015ft\u0131\u011f\u0131ndan emin olmal\u0131d\u0131r.<\/p>\n<h3>S\u0131zd\u0131rmazl\u0131k Performans\u0131<\/h3>\n<p>Silindir i\u00e7indeki hidrolik bas\u0131nc\u0131n korunmas\u0131 i\u00e7in etkili s\u0131zd\u0131rmazl\u0131k olmazsa olmazd\u0131r. Piston ve piston kolu contalar\u0131 gibi conta se\u00e7imi, silindirin genel performans\u0131n\u0131 ve \u00f6mr\u00fcn\u00fc etkiler. Poli\u00fcretan veya nitril kau\u00e7uk gibi dayan\u0131kl\u0131 malzemelerden \u00fcretilen kaliteli contalar, s\u0131z\u0131nt\u0131lar\u0131 \u00f6nler ve sorunsuz \u00e7al\u0131\u015fma sa\u011flar.<\/p>\n<h3>Dayan\u0131kl\u0131l\u0131k<\/h3>\n<p>Dayan\u0131kl\u0131l\u0131k, bom silindirlerinin tasar\u0131m\u0131nda \u00f6nemli bir fakt\u00f6rd\u00fcr, \u00e7\u00fcnk\u00fc genellikle zorlu ko\u015fullara maruz kal\u0131rlar. Y\u00fcksek mukavemetli malzemelerin ve koruyucu kaplamalar\u0131n kullan\u0131m\u0131, silindirin a\u015f\u0131nma, korozyon ve \u00e7evresel fakt\u00f6rlere kar\u015f\u0131 direncini art\u0131rarak hizmet \u00f6mr\u00fcn\u00fc uzat\u0131r ve bak\u0131m ihtiya\u00e7lar\u0131n\u0131 azalt\u0131r.<\/p>\n<h3>G\u00fcvenlik \u00d6zellikleri<\/h3>\n<p>Bom silindirleri tasarlan\u0131rken g\u00fcvenlik en \u00f6nemli unsurdur. Bas\u0131n\u00e7 tahliye valfleri ve emniyet kilitleri gibi \u00f6zellikler, kazalar\u0131 \u00f6nlemeye ve de\u011fi\u015fen y\u00fckler alt\u0131nda g\u00fcvenli \u00e7al\u0131\u015fmay\u0131 sa\u011flamaya yard\u0131mc\u0131 olur. \u00dcreticiler, hem operat\u00f6rleri hem de makineleri korumak i\u00e7in tasar\u0131m s\u00fcrecinde bu \u00f6zelliklere \u00f6ncelik vermelidir.<\/p>\n<h3>Bak\u0131m Eri\u015filebilirli\u011fi<\/h3>\n<p>Bom silindirlerinin bak\u0131m d\u00fc\u015f\u00fcn\u00fclerek tasarlanmas\u0131, ar\u0131za s\u00fcrelerini azaltmak i\u00e7in \u00e7ok \u00f6nemlidir. Muayene ve onar\u0131mlar i\u00e7in kolay eri\u015fim sa\u011flayan \u00f6zellikler, operat\u00f6rlerin ekipmanlar\u0131 verimli bir \u015fekilde bak\u0131m\u0131n\u0131 yapabilmelerini sa\u011flayarak sahadaki \u00fcretkenli\u011fi ve performans\u0131 art\u0131r\u0131r.<\/p>\n<p><img decoding=\"async\" src=\"https:\/\/www.hydraulic-cylinders.net\/wp-content\/uploads\/2025\/04\/songte-oil-pipes-and-spare-parts.webp\" alt=\"Petrol Borular\u0131 ve Yedek Par\u00e7a G\u00f6rseli\"><\/p>\n<h2>S\u0131zd\u0131rmazl\u0131k ve Ya\u011flama<\/h2>\n<p>Bom silindirlerinin verimli \u00e7al\u0131\u015fmas\u0131 i\u00e7in uygun s\u0131zd\u0131rmazl\u0131k ve ya\u011flama kritik \u00f6neme sahiptir. Piston contalar\u0131 ve piston kolu contalar\u0131 gibi \u00e7e\u015fitli contalar, bas\u0131nc\u0131 korumak ve hidrolik s\u0131v\u0131 s\u0131z\u0131nt\u0131lar\u0131n\u0131 \u00f6nlemek i\u00e7in kullan\u0131l\u0131r. Contalar i\u00e7in poli\u00fcretan ve nitril kau\u00e7uk gibi dayan\u0131kl\u0131 malzemelerin se\u00e7imi, uzun \u00f6m\u00fcr ve g\u00fcvenilir performans sa\u011flamak i\u00e7in \u00e7ok \u00f6nemlidir. Ayr\u0131ca, silindir g\u00f6vdesi ve di\u015fli u\u00e7lar\u0131 a\u015f\u0131nma direncini art\u0131rmak i\u00e7in hassas bir i\u015fleme tabi tutulur. S\u00fcrt\u00fcnmeyi azaltmak, d\u00fczg\u00fcn hareketi kolayla\u015ft\u0131rmak ve silindirin kullan\u0131m \u00f6mr\u00fcn\u00fc uzatmak i\u00e7in hidrolik ya\u011f ile d\u00fczenli ya\u011flama \u015fartt\u0131r.<\/p>\n<h2>\u00d6nleyici Bak\u0131m \u00d6nlemleri<\/h2>\n<ul>\n<li><strong>D\u00fczenli Denetimler:<\/strong> A\u015f\u0131nma, s\u0131z\u0131nt\u0131 veya hasar belirtilerini kontrol etmek i\u00e7in s\u0131k s\u0131k denetimler yap\u0131n. Sorunlar\u0131n erken tespiti, maliyetli onar\u0131mlar\u0131 ve aksama s\u00fcrelerini \u00f6nleyebilir.<\/li>\n<li><strong>Ya\u011flama Kontrolleri:<\/strong> Optimum performans\u0131n s\u00fcrd\u00fcr\u00fclmesi i\u00e7in hidrolik ya\u011f seviyelerinin yeterli oldu\u011fundan ve ya\u011flaman\u0131n \u00fcreticinin \u00f6nerilerine g\u00f6re yap\u0131ld\u0131\u011f\u0131ndan emin olun.<\/li>\n<li><strong>Conta De\u011fi\u015fimi:<\/strong> Bas\u0131nc\u0131 korumak ve s\u0131z\u0131nt\u0131lar\u0131 \u00f6nlemek i\u00e7in contalar\u0131 d\u00fczenli olarak a\u015f\u0131nma a\u00e7\u0131s\u0131ndan kontrol edin ve gerekti\u011finde de\u011fi\u015ftirin; b\u00f6ylece sistemin verimli bir \u015fekilde \u00e7al\u0131\u015fmas\u0131n\u0131 sa\u011flay\u0131n.<\/li>\n<\/ul>\n<h2>Kurulum Talimatlar\u0131<\/h2>\n<p>Bir bom silindiri takarken, optimum performans sa\u011flamak i\u00e7in do\u011fru prosed\u00fcrleri izlemek \u00e7ok \u00f6nemlidir. \u0130lk olarak, \u00e7al\u0131\u015fma alan\u0131n\u0131n temiz ve kal\u0131nt\u0131lardan ar\u0131nd\u0131r\u0131lm\u0131\u015f oldu\u011fundan emin olun. Bile\u015fenler \u00fczerinde a\u015f\u0131r\u0131 bask\u0131 olu\u015fmas\u0131n\u0131 \u00f6nlemek i\u00e7in silindiri montaj noktalar\u0131yla do\u011fru \u015fekilde hizalay\u0131n. Silindiri yerine sabitlemek i\u00e7in uygun montaj braketlerini kullan\u0131n. \u00c7al\u0131\u015fma s\u0131ras\u0131nda gev\u015femeyi \u00f6nlemek i\u00e7in t\u00fcm c\u0131vatalar\u0131 belirtilen torkta s\u0131kmak \u00f6nemlidir. Son olarak, hidrolik ba\u011flant\u0131lar\u0131n sa\u011flam oldu\u011fundan emin olun ve tam \u00e7al\u0131\u015ft\u0131rmadan \u00f6nce sistemi herhangi bir s\u0131z\u0131nt\u0131 a\u00e7\u0131s\u0131ndan test edin.<\/p>\n<h2>Yayg\u0131n Bak\u0131m G\u00f6revleri<\/h2>\n<ul>\n<li><strong>D\u00fczenli Denetimler:<\/strong> Olas\u0131 sorunlar\u0131 daha da b\u00fcy\u00fcmeden tespit etmek i\u00e7in s\u0131k s\u0131k denetimler yapmak gerekir. Bu s\u00fcre\u00e7, s\u0131z\u0131nt\u0131lar\u0131 kontrol etmeyi, contalar\u0131 a\u015f\u0131nma a\u00e7\u0131s\u0131ndan incelemeyi ve t\u00fcm bile\u015fenlerin d\u00fczg\u00fcn \u00e7al\u0131\u015ft\u0131\u011f\u0131ndan emin olmay\u0131 i\u00e7erir.<\/li>\n<li><strong>Uygun Ya\u011flama:<\/strong> Hidrolik silindirlerin verimlili\u011finin korunmas\u0131 i\u00e7in d\u00fczenli ya\u011flama hayati \u00f6nem ta\u015f\u0131r. Hidrolik ya\u011f\u0131n \u00f6nerilen seviyede oldu\u011fundan emin olun ve \u00fcreticinin talimatlar\u0131na g\u00f6re de\u011fi\u015ftirin.<\/li>\n<li><strong>Conta De\u011fi\u015fimi ve Kalibrasyon Kontrolleri:<\/strong> Contalar, a\u015f\u0131nma belirtileri a\u00e7\u0131s\u0131ndan d\u00fczenli olarak kontrol edilmeli ve gerekti\u011finde de\u011fi\u015ftirilmelidir. Kalibrasyon kontrolleri, silindirin belirtilen toleranslar dahilinde \u00e7al\u0131\u015fmas\u0131n\u0131 sa\u011flayarak genel ekipman verimlili\u011fine katk\u0131da bulunur.<\/li>\n<\/ul>\n<h2>G\u00fcvenlik Hususlar\u0131 ve \u00c7evresel Fakt\u00f6rler<\/h2>\n<p>Hidrolik sistemlerle \u00e7al\u0131\u015f\u0131rken g\u00fcvenlik \u00f6nlemleri \u00e7ok \u00f6nemlidir. Operat\u00f6rler her zaman uygun ki\u015fisel koruyucu ekipman (KKD) giymeli ve g\u00fcvenlik protokollerine uymal\u0131d\u0131r. Bak\u0131m i\u015flemlerini ger\u00e7ekle\u015ftirmeden \u00f6nce hidrolik sistemin bas\u0131nc\u0131n\u0131n d\u00fc\u015f\u00fcr\u00fcld\u00fc\u011f\u00fcnden emin olmak \u00f6nemlidir. Ayr\u0131ca, operat\u00f6rler bom silindirinin \u00e7al\u0131\u015fmas\u0131n\u0131 etkileyebilecek s\u0131cakl\u0131k dalgalanmalar\u0131 ve a\u015f\u0131nd\u0131r\u0131c\u0131 maddelere maruz kalma gibi \u00e7evresel fakt\u00f6rlerin fark\u0131nda olmal\u0131 ve bu riskleri azaltmak i\u00e7in gerekli \u00f6nlemleri almal\u0131d\u0131r.<\/p>\n<h2>Ar\u0131za Te\u015fhisi ve Yayg\u0131n Sorunlar<\/h2>\n<ul>\n<li><strong>S\u0131z\u0131nt\u0131:<\/strong> S\u0131z\u0131nt\u0131, a\u015f\u0131nm\u0131\u015f contalar veya hasarl\u0131 bile\u015fenler nedeniyle meydana gelebilir. Hidrolik bas\u0131nc\u0131 korumak i\u00e7in contalar\u0131 d\u00fczenli olarak kontrol edin ve de\u011fi\u015ftirin.<\/li>\n<li><strong>Bas\u0131n\u00e7 Kayb\u0131:<\/strong> Hidrolik bas\u0131n\u00e7taki bir d\u00fc\u015f\u00fc\u015f, sistemdeki t\u0131kan\u0131kl\u0131k veya s\u0131z\u0131nt\u0131lara i\u015faret edebilir. D\u00fczenli bak\u0131m, bu sorunlar\u0131n h\u0131zla tespit edilip \u00e7\u00f6z\u00fclmesine yard\u0131mc\u0131 olabilir.<\/li>\n<li><strong>Tutarl\u0131 Olmayan Performans:<\/strong> Bom silindiri d\u00fczg\u00fcn \u00e7al\u0131\u015fm\u0131yorsa, bunun nedeni yetersiz ya\u011flama veya hidrolik hatlar\u0131nda hava s\u0131k\u0131\u015fmas\u0131 olabilir. Hidrolik s\u0131v\u0131 seviyelerini d\u00fczenli olarak kontrol edip kontrol edin ve gerekirse sistemin havas\u0131n\u0131 al\u0131n.<\/li>\n<\/ul>\n<h2>Sorun Giderme \u0130pu\u00e7lar\u0131<\/h2>\n<p>Bom silindirindeki sorunlar\u0131 etkili bir \u015fekilde te\u015fhis edip \u00e7\u00f6zmek i\u00e7in operat\u00f6rler rutin kontroller yapmal\u0131 ve performanstaki herhangi bir d\u00fczensizli\u011fin kayd\u0131n\u0131 tutmal\u0131d\u0131r. Hidrolik ya\u011f\u0131n temiz ve uygun seviyede oldu\u011fundan emin olun. S\u0131z\u0131nt\u0131 tespit edilirse, contalar\u0131 derhal de\u011fi\u015ftirin ve silindir g\u00f6vdesinin b\u00fct\u00fcnl\u00fc\u011f\u00fcn\u00fc herhangi bir hasar belirtisi a\u00e7\u0131s\u0131ndan kontrol edin. D\u00fczenli bak\u0131m ve kontroller gibi \u00f6nleyici tedbirlerin uygulanmas\u0131, yayg\u0131n sorunlarla kar\u015f\u0131la\u015fma olas\u0131l\u0131\u011f\u0131n\u0131 \u00f6nemli \u00f6l\u00e7\u00fcde azaltabilir.<\/p>\n<p><img decoding=\"async\" src=\"https:\/\/www.hydraulic-cylinders.net\/wp-content\/uploads\/2025\/04\/songte-bushings-with-all-kinds-of-excavator-models.webp\" alt=\"Ekskavat\u00f6r Modelleri ile Bur\u00e7lar G\u00f6rseli\"><\/p>\n<h2>\u015eirketimiz Hakk\u0131nda<\/h2>\n<p>Yurt i\u00e7i ve yurt d\u0131\u015f\u0131 pazarlara hizmet veren, alternatif hidrolik silindirlerin lider \u00fcreticisiyiz. Geni\u015f \u00fcr\u00fcn yelpazemiz ve m\u00fckemmellik anlay\u0131\u015f\u0131m\u0131z, bizi sekt\u00f6rde g\u00fcvenilir bir marka haline getirmi\u015ftir. S\u0131k\u0131 kalite standartlar\u0131na ba\u011fl\u0131 kalarak, geli\u015fmi\u015f \u00fcretim ekipmanlar\u0131 ve profesyonel bir test sistemi kullanarak, geli\u015fmi\u015f bir \u00fcretim y\u00f6netimi stratejisine g\u00fcveniyoruz. Nitelikli i\u015f g\u00fcc\u00fcm\u00fcz, \u00fcretim platformumuzu s\u00fcrekli geli\u015ftirerek, farkl\u0131 m\u00fc\u015fteri ihtiya\u00e7lar\u0131n\u0131 y\u00fcksek verimlilik, hassasiyet ve kaliteyle kar\u015f\u0131lamam\u0131z\u0131 sa\u011fl\u0131yor.<\/p>\n<p><img decoding=\"async\" src=\"https:\/\/www.hydraulic-cylinders.net\/wp-content\/uploads\/2025\/04\/songte-company-4.webp\" alt=\"\u015eirket \u0130maj\u0131\"><br \/>\n<img decoding=\"async\" src=\"https:\/\/www.hydraulic-cylinders.net\/wp-content\/uploads\/2025\/04\/songte-company-3.webp\" alt=\"\u015eirket \u0130maj\u0131\"><\/p>\n<p>Profesyonelli\u011fe olan ba\u011fl\u0131l\u0131\u011f\u0131m\u0131z, uluslararas\u0131 sertifikasyonlar\u0131m\u0131z ve \u00f6zelle\u015ftirilebilir hizmetlerimiz, \u00fcst\u00fcn \u00fcretim ekipmanlar\u0131m\u0131z ve ola\u011fan\u00fcst\u00fc sat\u0131\u015f sonras\u0131 deste\u011fimiz, bizi hidrolik silindir pazar\u0131nda farkl\u0131 k\u0131l\u0131yor.<\/p>\n<p>Yazar: lyl<\/p>","protected":false},"excerpt":{"rendered":"<p>Boom Cylinder For Zoomlion Middle Excavator ZE230E-9 Product Overview The boom cylinder is a vital component in heavy machinery, specifically designed to control the movement of the bucket in various equipment such as excavators, backhoe loaders, and front loaders. This hydraulic cylinder plays a crucial role in allowing the bucket to lift, lower, and tilt, [&hellip;]<\/p>","protected":false},"featured_media":17879,"comment_status":"open","ping_status":"closed","template":"","meta":{"_et_pb_use_builder":"","_et_pb_old_content":"","_et_gb_content_width":""},"product_brand":[],"product_cat":[1546],"product_tag":[1547,1496],"class_list":{"0":"post-19223","1":"product","2":"type-product","3":"status-publish","4":"has-post-thumbnail","6":"product_cat-boom-cylinders","7":"product_tag-boom-cylinders","8":"product_tag-hydraulic-cylinders","10":"first","11":"instock","12":"shipping-taxable","13":"product-type-simple"},"amp_enabled":true,"_links":{"self":[{"href":"https:\/\/www.hydraulic-cylinders.net\/tr\/wp-json\/wp\/v2\/product\/19223","targetHints":{"allow":["GET"]}}],"collection":[{"href":"https:\/\/www.hydraulic-cylinders.net\/tr\/wp-json\/wp\/v2\/product"}],"about":[{"href":"https:\/\/www.hydraulic-cylinders.net\/tr\/wp-json\/wp\/v2\/types\/product"}],"replies":[{"embeddable":true,"href":"https:\/\/www.hydraulic-cylinders.net\/tr\/wp-json\/wp\/v2\/comments?post=19223"}],"wp:featuredmedia":[{"embeddable":true,"href":"https:\/\/www.hydraulic-cylinders.net\/tr\/wp-json\/wp\/v2\/media\/17879"}],"wp:attachment":[{"href":"https:\/\/www.hydraulic-cylinders.net\/tr\/wp-json\/wp\/v2\/media?parent=19223"}],"wp:term":[{"taxonomy":"product_brand","embeddable":true,"href":"https:\/\/www.hydraulic-cylinders.net\/tr\/wp-json\/wp\/v2\/product_brand?post=19223"},{"taxonomy":"product_cat","embeddable":true,"href":"https:\/\/www.hydraulic-cylinders.net\/tr\/wp-json\/wp\/v2\/product_cat?post=19223"},{"taxonomy":"product_tag","embeddable":true,"href":"https:\/\/www.hydraulic-cylinders.net\/tr\/wp-json\/wp\/v2\/product_tag?post=19223"}],"curies":[{"name":"wp","href":"https:\/\/api.w.org\/{rel}","templated":true}]}}