{"id":19228,"date":"2025-04-07T06:19:10","date_gmt":"2025-04-07T06:19:10","guid":{"rendered":"https:\/\/www.hydraulic-cylinders.net\/product\/boom-cylinder-for-zoomlion-large-excavator-ze520esp\/"},"modified":"2025-04-07T06:19:12","modified_gmt":"2025-04-07T06:19:12","slug":"boom-cylinder-for-zoomlion-large-excavator-ze520esp","status":"publish","type":"product","link":"https:\/\/www.hydraulic-cylinders.net\/tr\/urun\/boom-cylinder-for-zoomlion-large-excavator-ze520esp\/","title":{"rendered":"Zoomlion B\u00fcy\u00fck Ekskavat\u00f6r ZE520ESP i\u00e7in Bom Silindiri"},"content":{"rendered":"<h1>Zoomlion B\u00fcy\u00fck Ekskavat\u00f6r ZE520ESP i\u00e7in Bom Silindiri<\/h1>\n<h2>Bom Silindirine Giri\u015f<\/h2>\n<p>Zoomlion B\u00fcy\u00fck Ekskavat\u00f6r ZE520ESP i\u00e7in \u00f6zel olarak tasarlanan Bom Silindiri, a\u011f\u0131r makinelerin hidrolik sisteminde \u00f6nemli bir bile\u015fendir. Bu hidrolik silindir, ekskavat\u00f6r\u00fcn bomunun hareketini kontrol etmede \u00f6nemli bir rol oynar ve ata\u015fmanlar\u0131n kald\u0131r\u0131lmas\u0131n\u0131, indirilmesini ve e\u011filmesini kolayla\u015ft\u0131r\u0131r. Bu i\u015flevler, verimli malzeme ta\u015f\u0131ma g\u00f6revleri i\u00e7in kritik \u00f6neme sahiptir ve operat\u00f6rlerin kazma, y\u00fckleme ve ta\u015f\u0131ma i\u015flemlerini ola\u011fan\u00fcst\u00fc bir hassasiyetle ger\u00e7ekle\u015ftirmelerini sa\u011flar.<\/p>\n<p><img decoding=\"async\" src=\"https:\/\/www.hydraulic-cylinders.net\/wp-content\/uploads\/2025\/04\/songte-company-1.webp\" alt=\"Bom Silindiri G\u00f6r\u00fcnt\u00fcs\u00fc\"><\/p>\n<h3>Tan\u0131m ve Genel Bak\u0131\u015f<\/h3>\n<p>Bir t\u00fcr hidrolik silindir olan bom silindiri, ekskavat\u00f6rler, kaz\u0131c\u0131 y\u00fckleyiciler ve \u00f6n y\u00fckleyiciler gibi \u00e7e\u015fitli a\u011f\u0131r ekipmanlarda bomun hareketini y\u00f6netmek \u00fczere \u00f6zel olarak tasarlanm\u0131\u015ft\u0131r. Hidrolik bas\u0131nc\u0131 kullanarak uzama ve geri \u00e7ekilme hareketini ger\u00e7ekle\u015ftirir ve bomun farkl\u0131 y\u00fcksekliklere ve a\u00e7\u0131lara ula\u015fmas\u0131n\u0131 sa\u011flar. \u0130n\u015faat ve di\u011fer sekt\u00f6rlerde zorlu g\u00f6revleri yerine getirmek i\u00e7in gerekli kuvveti sa\u011flayarak genel hidrolik sistemde kritik bir rol oynar.<\/p>\n<h2>\u00dcr\u00fcn \u00d6zellikleri<\/h2>\n<ul>\n<li><strong>Y\u00fcksek Dayan\u0131kl\u0131l\u0131k ve Dayan\u0131kl\u0131l\u0131k:<\/strong> Genellikle y\u00fcksek mukavemetli \u00e7elik veya al\u00fcminyumdan \u00fcretilen bu silindirler, y\u00fcksek bas\u0131nca ve a\u011f\u0131r y\u00fcklere dayanabilir, uzun bir kullan\u0131m \u00f6mr\u00fc boyunca a\u015f\u0131nma ve korozyona kar\u015f\u0131 diren\u00e7 g\u00f6sterirken zorlu \u00e7al\u0131\u015fma ortamlar\u0131na dayanacak \u015fekilde tasarlanm\u0131\u015ft\u0131r.<\/li>\n<li><strong>Verimli Hidrolik \u00c7al\u0131\u015fma:<\/strong> Hidrolik ya\u011f bas\u0131nc\u0131n\u0131 kullanan bom silindiri, yumu\u015fak uzatma ve geri \u00e7ekme sa\u011flayarak kontrol komutlar\u0131na h\u0131zl\u0131 tepki verilmesini sa\u011flar ve a\u011f\u0131r ve karma\u015f\u0131k g\u00f6revlerin \u00fcstesinden gelmeye uygun g\u00fc\u00e7l\u00fc itme ve \u00e7ekme yetenekleri sunar.<\/li>\n<li><strong>\u00c7e\u015fitli T\u00fcrler:<\/strong> Tek etkili (tek y\u00f6nde \u00e7al\u0131\u015fan) veya \u00e7ift etkili (her iki y\u00f6nde \u00e7al\u0131\u015fan) konfig\u00fcrasyonlarda mevcuttur ve \u00f6zel operasyonel ihtiya\u00e7lara g\u00f6re \u00f6zelle\u015ftirme olana\u011f\u0131 sunar. Baz\u0131 modeller teleskopiktir ve d\u0131\u015f boyutlar\u0131 art\u0131rmadan daha fazla uzatma olana\u011f\u0131 sa\u011flayarak, alan k\u0131s\u0131tlamas\u0131 olan uygulamalar i\u00e7in idealdir.<\/li>\n<li><strong>Hassas M\u00fchendislik:<\/strong> Her silindir, \u00e7e\u015fitli ko\u015fullar alt\u0131nda optimum performans ve g\u00fcvenilirlik sa\u011flayacak \u015fekilde titizlikle ve ayr\u0131nt\u0131lara dikkat edilerek \u00fcretilir.<\/li>\n<li><strong>Uyumluluk:<\/strong> \u00dcr\u00fcnlerimiz \u00e7e\u015fitli hidrolik silindirlerin yerini m\u00fckemmel \u015fekilde alacak \u015fekilde tasarlanm\u0131\u015ft\u0131r ve mevcut makinelerle kusursuz entegrasyon sa\u011flar.<\/li>\n<\/ul>\n<p><img decoding=\"async\" src=\"https:\/\/www.hydraulic-cylinders.net\/wp-content\/uploads\/2025\/04\/songte-cylinder-head-with-all-kinds-excavator-models.webp\" alt=\"Uyumlu Modeller\"><\/p>\n<h2>Bom Silindirinin Uygulamalar\u0131<\/h2>\n<h3>\u0130n\u015faat Ekipmanlar\u0131<\/h3>\n<p>Ekskavat\u00f6rlerde bom silindirleri, kazma, y\u00fckleme ve toprak veya moloz ta\u015f\u0131ma i\u015flemleri i\u00e7in temel \u00f6neme sahiptir. Bomun kaz\u0131 i\u00e7in zeminin derinliklerine ula\u015fmas\u0131n\u0131 ve y\u00fck\u00fc farkl\u0131 alanlara ta\u015f\u0131mak i\u00e7in kald\u0131rmas\u0131n\u0131 sa\u011flarlar. Bom silindiri olmadan, kaz\u0131 g\u00f6revlerinin verimlili\u011fi ve etkinli\u011fi \u00f6nemli \u00f6l\u00e7\u00fcde azal\u0131r.<\/p>\n<h3>Tar\u0131m Makinalar\u0131<\/h3>\n<p>\u00d6n y\u00fckleyicilerde bom silindirleri, toprak, saman ve \u00e7e\u015fitli malzemelerin kep\u00e7elenmesi, kald\u0131r\u0131lmas\u0131 ve ta\u015f\u0131nmas\u0131 i\u00e7in hayati \u00f6nem ta\u015f\u0131r. Bu i\u015flemler i\u00e7in gerekli kuvveti sa\u011flama yetenekleri, \u00e7iftliklerdeki verimlili\u011fi art\u0131rarak onlar\u0131 tar\u0131m makineleri i\u00e7in vazge\u00e7ilmez k\u0131lar.<\/p>\n<h3>Ekskavat\u00f6rler<\/h3>\n<p>Ekskavat\u00f6rlerde bom silindiri, kep\u00e7enin topra\u011fa etkili bir \u015fekilde n\u00fcfuz etmesini sa\u011flayarak kazma i\u015flemini kolayla\u015ft\u0131r\u0131r. Operat\u00f6r\u00fcn, bomun hareketi \u00fczerinde hassasiyet ve kontrol gerektiren karma\u015f\u0131k kaz\u0131 g\u00f6revlerini ger\u00e7ekle\u015ftirmesini sa\u011flamada hayati bir rol oynar.<\/p>\n<h3>Y\u00fckleyiciler<\/h3>\n<p>\u00d6n y\u00fckleyicilerde bom silindirleri, y\u00fcklerin etkili bir \u015fekilde kald\u0131r\u0131lmas\u0131na ve bo\u015falt\u0131lmas\u0131na yard\u0131mc\u0131 olur. A\u011f\u0131r y\u00fckleri kald\u0131rmak i\u00e7in gerekli hidrolik kuvveti sa\u011flayarak, in\u015faat ve at\u0131k y\u00f6netimi de dahil olmak \u00fczere \u00e7e\u015fitli sekt\u00f6rlerde y\u00fckleme ve bo\u015faltma i\u015flemleri s\u0131ras\u0131nda sorunsuz bir \u00e7al\u0131\u015fma sa\u011flar.<\/p>\n<h2>Tasar\u0131m Hususlar\u0131 ve Se\u00e7im Kriterleri<\/h2>\n<h3>Y\u00fck Kapasitesi<\/h3>\n<p>Bir bom silindirinin y\u00fck kapasitesi, se\u00e7im s\u0131ras\u0131nda dikkate al\u0131nmas\u0131 gereken kritik bir fakt\u00f6rd\u00fcr. G\u00fcvenlik ve performans standartlar\u0131n\u0131 kar\u015f\u0131layarak, operasyonlar s\u0131ras\u0131nda beklenen maksimum y\u00fck\u00fc kald\u0131rabilecek bir silindir se\u00e7mek \u00e7ok \u00f6nemlidir. Uygun y\u00fck kapasitesi, silindirin uzun \u00f6m\u00fcrl\u00fc olmas\u0131n\u0131 sa\u011flar ve a\u011f\u0131r g\u00f6revler s\u0131ras\u0131nda olas\u0131 ar\u0131zalar\u0131 \u00f6nler.<\/p>\n<h3>S\u0131zd\u0131rmazl\u0131k Mekanizmalar\u0131<\/h3>\n<p>Hidrolik silindirlerin performans\u0131 i\u00e7in etkili s\u0131zd\u0131rmazl\u0131k hayati \u00f6nem ta\u015f\u0131r. Y\u00fcksek kaliteli contalar, verimin d\u00fc\u015fmesine ve \u00e7evresel tehlikelere yol a\u00e7abilen hidrolik s\u0131v\u0131 s\u0131z\u0131nt\u0131lar\u0131n\u0131 \u00f6nler. Poli\u00fcretan veya nitril kau\u00e7uk gibi dayan\u0131kl\u0131 malzemelerden yap\u0131lm\u0131\u015f piston contalar\u0131 ve piston kolu contalar\u0131 gibi contalar\u0131n se\u00e7imi, optimum i\u015flevselli\u011fi korumak i\u00e7in \u00e7ok \u00f6nemlidir.<\/p>\n<h3>Dayan\u0131kl\u0131l\u0131k<\/h3>\n<p>Bom silindirleri a\u015f\u0131r\u0131 ko\u015fullara maruz kald\u0131klar\u0131ndan dayan\u0131kl\u0131l\u0131k \u00e7ok \u00f6nemlidir. A\u015f\u0131nma ve korozyona dayan\u0131kl\u0131 silindirleri se\u00e7mek, zorlu ortamlarda g\u00fcvenilir bir \u015fekilde \u00e7al\u0131\u015fabilmelerini sa\u011flamak i\u00e7in \u00e7ok \u00f6nemlidir. Geli\u015fmi\u015f \u00fcretim s\u00fcre\u00e7leri, bu bile\u015fenlerin dayan\u0131kl\u0131l\u0131\u011f\u0131na katk\u0131da bulunarak ar\u0131za riskini en aza indirir.<\/p>\n<h3>G\u00fcvenlik \u00d6zellikleri<\/h3>\n<p>G\u00fcvenlik, hidrolik silindirlerin tasar\u0131m\u0131nda \u00f6nemli bir husustur. A\u015f\u0131r\u0131 y\u00fck korumas\u0131 ve uygun bas\u0131n\u00e7 d\u00fczenlemesi gibi \u00f6zellikler, silindirin g\u00fcvenli s\u0131n\u0131rlar i\u00e7inde \u00e7al\u0131\u015fmas\u0131n\u0131 sa\u011flar. D\u00fczenli bak\u0131m kontrolleri, g\u00fcvenli\u011fi daha da art\u0131rarak \u00e7al\u0131\u015fma s\u0131ras\u0131nda kaza riskini azaltabilir.<\/p>\n<h3>Bak\u0131m ve Servis Kolayl\u0131\u011f\u0131<\/h3>\n<p>Kolay bak\u0131m ve servis imkan\u0131 sa\u011flayan bir bom silindiri se\u00e7mek \u00e7ok \u00f6nemlidir. Onar\u0131m ve kontroller i\u00e7in kolayca eri\u015filebilen bile\u015fenler, ar\u0131za s\u00fcrelerini ve i\u015fletme maliyetlerini azaltacakt\u0131r. Ya\u011flama ve conta de\u011fi\u015fimi gibi rutin bak\u0131m i\u015flemleri, optimum silindir performans\u0131 sa\u011flayacak \u015fekilde kolayca ger\u00e7ekle\u015ftirilebilir olmal\u0131d\u0131r.<\/p>\n<p><img decoding=\"async\" src=\"https:\/\/www.hydraulic-cylinders.net\/wp-content\/uploads\/2025\/04\/songte-oil-pipes-and-spare-parts.webp\" alt=\"Petrol Borular\u0131 ve Yedek Par\u00e7alar\u0131\"><\/p>\n<h2>S\u0131zd\u0131rmazl\u0131k ve Ya\u011flama<\/h2>\n<p>S\u0131zd\u0131rmazl\u0131k ve ya\u011flama, hidrolik silindirlerin performans\u0131nda kritik fakt\u00f6rlerdir. Hidrolik s\u0131v\u0131 s\u0131z\u0131nt\u0131s\u0131n\u0131 \u00f6nlemek i\u00e7in piston ke\u00e7eleri ve piston kolu ke\u00e7eleri gibi \u00e7e\u015fitli s\u0131zd\u0131rmazl\u0131k elemanlar\u0131 kullan\u0131l\u0131r. Dayan\u0131kl\u0131l\u0131klar\u0131 nedeniyle poli\u00fcretan ve nitril kau\u00e7uk gibi a\u015f\u0131nmaya dayan\u0131kl\u0131 malzemelerden \u00fcretilen ke\u00e7eler tercih edilir. Silindir g\u00f6vdesi ve di\u015fli u\u00e7lar\u0131, a\u015f\u0131nma direncini art\u0131rmak i\u00e7in hassas i\u015fleme s\u00fcre\u00e7lerinden ge\u00e7er. S\u00fcrt\u00fcnmeyi ve a\u015f\u0131nmay\u0131 azaltmak, sorunsuz \u00e7al\u0131\u015fmay\u0131 sa\u011flamak ve silindirin \u00f6mr\u00fcn\u00fc uzatmak i\u00e7in uygun hidrolik ya\u011f ile d\u00fczenli ya\u011flama \u015fartt\u0131r.<\/p>\n<h2>D\u00fczenli Muayene ve \u00d6nleyici Bak\u0131m<\/h2>\n<ul>\n<li><strong>D\u00fczenli Denetimler:<\/strong> Hidrolik silindirde a\u015f\u0131nma, s\u0131z\u0131nt\u0131 veya hasar belirtilerini tespit etmek i\u00e7in s\u0131k s\u0131k kontroller yap\u0131lmal\u0131d\u0131r. Sorunlar\u0131n erken tespiti, gelecekte daha ciddi sorunlar\u0131n ve maliyetli onar\u0131mlar\u0131n \u00f6n\u00fcne ge\u00e7ebilir.<\/li>\n<li><strong>Uygun Ya\u011flama:<\/strong> Sorunsuz \u00e7al\u0131\u015fmas\u0131n\u0131 sa\u011flamak i\u00e7in t\u00fcm hareketli par\u00e7alar\u0131n uygun \u015fekilde ya\u011flanmas\u0131 hayati \u00f6nem ta\u015f\u0131r. Do\u011fru tipte hidrolik ya\u011f kullanmak ve \u00f6nerilen ya\u011flama programlar\u0131na uymak, silindirin \u00f6mr\u00fcn\u00fc uzatacakt\u0131r.<\/li>\n<li><strong>Conta De\u011fi\u015fimi:<\/strong> S\u0131z\u0131nt\u0131lar\u0131 \u00f6nlemek ve performans\u0131 korumak i\u00e7in contalar d\u00fczenli olarak kontrol edilmeli ve gerekti\u011finde de\u011fi\u015ftirilmelidir. Eski veya hasarl\u0131 contalar, hidrolik sistemin s\u0131v\u0131 kayb\u0131na ve verimlili\u011finin d\u00fc\u015fmesine neden olabilir.<\/li>\n<\/ul>\n<h2>Kurulum Talimatlar\u0131<\/h2>\n<p>Bom silindirinin do\u011fru montaj\u0131, optimum performans ve g\u00fcvenlik i\u00e7in \u00e7ok \u00f6nemlidir. \u00d6ncelikle silindirin ekskavat\u00f6rdeki montaj noktalar\u0131yla do\u011fru hizaland\u0131\u011f\u0131ndan emin olun. Silindiri sabitlemek ve \u00e7al\u0131\u015fma s\u0131ras\u0131nda hizalama hatalar\u0131n\u0131 \u00f6nlemek i\u00e7in uygun montaj braketlerini kullan\u0131n. T\u00fcm c\u0131vatalar\u0131 s\u0131kmadan \u00f6nce hizalaman\u0131n do\u011fru olup olmad\u0131\u011f\u0131n\u0131 kontrol edin ve gerekli ayarlamalar\u0131 yap\u0131n. Hizalama tamamland\u0131ktan sonra, t\u00fcm ba\u011flant\u0131 elemanlar\u0131n\u0131 \u00fcreticinin talimatlar\u0131na g\u00f6re s\u0131k\u0131n. Montajdan sonra, s\u0131z\u0131nt\u0131 olmad\u0131\u011f\u0131ndan ve silindirin sorunsuz \u00e7al\u0131\u015ft\u0131\u011f\u0131ndan emin olmak i\u00e7in bir sistem kontrol\u00fc yap\u0131n. Bu y\u00f6nergeleri izlemek, ba\u015far\u0131l\u0131 bir montaj elde etmenize ve hidrolik silindirin \u00f6mr\u00fcn\u00fc uzatman\u0131za yard\u0131mc\u0131 olacakt\u0131r.<\/p>\n<p><img decoding=\"async\" src=\"https:\/\/www.hydraulic-cylinders.net\/wp-content\/uploads\/2025\/04\/songte-chushion-collar.webp\" alt=\"Yast\u0131k Yaka\"><\/p>\n<h2>G\u00fcvenlik Hususlar\u0131 ve \u00c7evresel Fakt\u00f6rler<\/h2>\n<p>Hidrolik silindirleri kullan\u0131rken, kazalar\u0131 \u00f6nlemek ve operat\u00f6r g\u00fcvenli\u011fini sa\u011flamak i\u00e7in g\u00fcvenlik \u00f6nlemlerine uymak son derece \u00f6nemlidir. Uygun ki\u015fisel koruyucu ekipman (KKD) kullan\u0131m\u0131, d\u00fczenli g\u00fcvenlik e\u011fitimleri verilmesi ve t\u00fcm operat\u00f6rlerin makineye a\u015fina olmas\u0131 gibi g\u00fcvenlik protokollerinin uygulanmas\u0131 \u00e7ok \u00f6nemlidir. Ayr\u0131ca, hidrolik s\u0131v\u0131lar\u0131n \u00e7evresel etkilerinin g\u00f6z \u00f6n\u00fcnde bulundurulmas\u0131 ve biyolojik olarak par\u00e7alanabilir se\u00e7eneklerin se\u00e7ilmesi, hidrolik operasyonlar\u0131n \u00e7evresel ayak izini \u00f6nemli \u00f6l\u00e7\u00fcde azaltabilir.<\/p>\n<h2>Ar\u0131za Te\u015fhisi ve Yayg\u0131n Sorunlar<\/h2>\n<ul>\n<li><strong>S\u0131z\u0131nt\u0131:<\/strong> Hidrolik s\u0131v\u0131 s\u0131z\u0131nt\u0131lar\u0131, a\u015f\u0131nm\u0131\u015f contalardan veya hasarl\u0131 silindir par\u00e7alar\u0131ndan kaynaklanabilen yayg\u0131n bir sorundur. D\u00fczenli kontroller, s\u0131z\u0131nt\u0131lar\u0131n erken tespit edilmesine ve zaman\u0131nda onar\u0131m yap\u0131lmas\u0131na yard\u0131mc\u0131 olabilir.<\/li>\n<li><strong>Zay\u0131f Performans:<\/strong> Silindir d\u00fczg\u00fcn bir \u015fekilde a\u00e7\u0131l\u0131p kapanm\u0131yorsa, bu durum d\u00fc\u015f\u00fck hidrolik s\u0131v\u0131s\u0131 seviyelerinin veya i\u00e7 a\u015f\u0131nman\u0131n bir g\u00f6stergesi olabilir. Optimum performans sa\u011flamak i\u00e7in d\u00fczenli bak\u0131m ve zaman\u0131nda s\u0131v\u0131 kontrolleri gereklidir.<\/li>\n<li><strong>Al\u0131\u015f\u0131lmad\u0131k Sesler:<\/strong> \u00c7al\u0131\u015fma s\u0131ras\u0131nda duyulan al\u0131\u015f\u0131lmad\u0131k sesler, mekanik sorunlara veya ya\u011flama eksikli\u011fine i\u015faret edebilir. Herhangi bir anormal ses, daha fazla hasar\u0131 \u00f6nlemek i\u00e7in derhal incelenmelidir.<\/li>\n<\/ul>\n<p>Etkili bir sorun giderme i\u00e7in operat\u00f6rler, belirli belirtiler ve \u00f6nerilen d\u00fczeltici eylemler i\u00e7in \u00fcreticinin y\u00f6nergelerine ba\u015fvurmal\u0131d\u0131r. Rutin bak\u0131m ve proaktif \u00f6nlemler, bu t\u00fcr sorunlar\u0131n ortaya \u00e7\u0131kma olas\u0131l\u0131\u011f\u0131n\u0131 b\u00fcy\u00fck \u00f6l\u00e7\u00fcde azaltarak sorunsuz ve verimli bir \u00e7al\u0131\u015fma sa\u011flayabilir.<\/p>\n<p><img decoding=\"async\" src=\"https:\/\/www.hydraulic-cylinders.net\/wp-content\/uploads\/2025\/04\/songte-bushings-with-all-kinds-of-excavator-models.webp\" alt=\"Ekskavat\u00f6rler i\u00e7in Bur\u00e7lar\"><\/p>\n<h2>\u015eirketimiz<\/h2>\n<p>Yedek hidrolik silindirlerin lider \u00fcreticisi ve toptan da\u011f\u0131t\u0131c\u0131s\u0131y\u0131z ve \u00e7e\u015fitli pazar ihtiya\u00e7lar\u0131n\u0131 kar\u015f\u0131lamak i\u00e7in kapsaml\u0131 bir \u00fcr\u00fcn yelpazesi sunuyoruz. M\u00fckemmellik taahh\u00fcd\u00fcm\u00fcz, kalite ve verimlili\u011fi \u00f6n planda tutan rafine \u00fcretim stratejileri benimsememizi sa\u011fl\u0131yor. Nitelikli teknik personel, geli\u015fmi\u015f dijital \u00fcretim ekipmanlar\u0131 ve profesyonel denetim sistemlerinden yararlanarak, en \u00fcst d\u00fczey \u00fcr\u00fcn kalitesini sa\u011flamak i\u00e7in \u00fcretim platformumuzu s\u00fcrekli geli\u015ftiriyoruz.<\/p>\n<p>Uzmanla\u015fmaya, uluslararas\u0131 sertifikalara, \u00f6zel hizmetlere ve g\u00fc\u00e7l\u00fc sat\u0131\u015f sonras\u0131 deste\u011fe odaklanmam\u0131z, sekt\u00f6rdeki konumumuzu g\u00fc\u00e7lendiriyor. G\u00fc\u00e7l\u00fc inovasyon kapasitemizle, m\u00fc\u015fterilerimizin \u00e7e\u015fitli ihtiya\u00e7lar\u0131n\u0131 kar\u015f\u0131layan y\u00fcksek verimli, y\u00fcksek hassasiyetli ve y\u00fcksek kaliteli hidrolik \u00e7\u00f6z\u00fcmler sunmaktan gurur duyuyoruz.<\/p>\n<p><img decoding=\"async\" src=\"https:\/\/www.hydraulic-cylinders.net\/wp-content\/uploads\/2025\/04\/songte-company-4.webp\" alt=\"\u015eirket Genel Bak\u0131\u015f\u0131\"><br \/>\n<img decoding=\"async\" src=\"https:\/\/www.hydraulic-cylinders.net\/wp-content\/uploads\/2025\/04\/songte-company-3.webp\" alt=\"\u015eirket Tesisleri\"><\/p>\n<p>Yazar: lyl<\/p>","protected":false},"excerpt":{"rendered":"<p>Boom Cylinder For Zoomlion Large Excavator ZE520ESP Introduction to Boom Cylinder The Boom Cylinder, specifically designed for the Zoomlion Large Excavator ZE520ESP, is an essential component in the hydraulic system of heavy machinery. This hydraulic cylinder is pivotal in controlling the movement of the excavator\u2019s boom, facilitating the lifting, lowering, and tilting of attachments. These [&hellip;]<\/p>","protected":false},"featured_media":17869,"comment_status":"open","ping_status":"closed","template":"","meta":{"_et_pb_use_builder":"","_et_pb_old_content":"","_et_gb_content_width":""},"product_brand":[],"product_cat":[1546],"product_tag":[1547,1496],"class_list":{"0":"post-19228","1":"product","2":"type-product","3":"status-publish","4":"has-post-thumbnail","6":"product_cat-boom-cylinders","7":"product_tag-boom-cylinders","8":"product_tag-hydraulic-cylinders","10":"first","11":"instock","12":"shipping-taxable","13":"product-type-simple"},"amp_enabled":true,"_links":{"self":[{"href":"https:\/\/www.hydraulic-cylinders.net\/tr\/wp-json\/wp\/v2\/product\/19228","targetHints":{"allow":["GET"]}}],"collection":[{"href":"https:\/\/www.hydraulic-cylinders.net\/tr\/wp-json\/wp\/v2\/product"}],"about":[{"href":"https:\/\/www.hydraulic-cylinders.net\/tr\/wp-json\/wp\/v2\/types\/product"}],"replies":[{"embeddable":true,"href":"https:\/\/www.hydraulic-cylinders.net\/tr\/wp-json\/wp\/v2\/comments?post=19228"}],"wp:featuredmedia":[{"embeddable":true,"href":"https:\/\/www.hydraulic-cylinders.net\/tr\/wp-json\/wp\/v2\/media\/17869"}],"wp:attachment":[{"href":"https:\/\/www.hydraulic-cylinders.net\/tr\/wp-json\/wp\/v2\/media?parent=19228"}],"wp:term":[{"taxonomy":"product_brand","embeddable":true,"href":"https:\/\/www.hydraulic-cylinders.net\/tr\/wp-json\/wp\/v2\/product_brand?post=19228"},{"taxonomy":"product_cat","embeddable":true,"href":"https:\/\/www.hydraulic-cylinders.net\/tr\/wp-json\/wp\/v2\/product_cat?post=19228"},{"taxonomy":"product_tag","embeddable":true,"href":"https:\/\/www.hydraulic-cylinders.net\/tr\/wp-json\/wp\/v2\/product_tag?post=19228"}],"curies":[{"name":"wp","href":"https:\/\/api.w.org\/{rel}","templated":true}]}}