{"id":19240,"date":"2025-04-07T06:22:29","date_gmt":"2025-04-07T06:22:29","guid":{"rendered":"https:\/\/www.hydraulic-cylinders.net\/product\/boom-cylinder-for-sunward-middle-excavator-swe26olc\/"},"modified":"2025-04-07T06:22:32","modified_gmt":"2025-04-07T06:22:32","slug":"boom-cylinder-for-sunward-middle-excavator-swe26olc","status":"publish","type":"product","link":"https:\/\/www.hydraulic-cylinders.net\/tr\/urun\/boom-cylinder-for-sunward-middle-excavator-swe26olc\/","title":{"rendered":"Sunward Orta Ekskavat\u00f6r SWE26OLC i\u00e7in Bom Silindiri"},"content":{"rendered":"<h1>Sunward Orta Ekskavat\u00f6r SWE26OLC i\u00e7in Bom Silindiri<\/h1>\n<h2>\u00dcr\u00fcn Genel Bak\u0131\u015f\u0131<\/h2>\n<p>Sunward Orta Ekskavat\u00f6r SWE26OLC Bom Silindiri, ekskavat\u00f6rler, beko-y\u00fckleyiciler ve \u00f6n y\u00fckleyiciler gibi a\u011f\u0131r i\u015f makinelerinde kep\u00e7enin hareketini kontrol etmek i\u00e7in tasarlanm\u0131\u015f \u00f6zel bir hidrolik silindirdir. Bu hidrolik silindir, kep\u00e7enin kald\u0131rma, indirme ve yat\u0131rma i\u015flemlerini sa\u011flayarak \u00e7e\u015fitli malzeme ta\u015f\u0131ma g\u00f6revlerini kolayla\u015ft\u0131rmada \u00f6nemli bir rol oynar. Bir t\u00fcr hidrolik silindir olan kep\u00e7e silindiri, in\u015faat ve kaz\u0131 projelerinde verimli \u00e7al\u0131\u015fma i\u00e7in olmazsa olmazd\u0131r ve operat\u00f6rlerin g\u00f6revleri hassas ve h\u0131zl\u0131 bir \u015fekilde ger\u00e7ekle\u015ftirmelerini sa\u011flar.<\/p>\n<p><img decoding=\"async\" src=\"https:\/\/www.hydraulic-cylinders.net\/wp-content\/uploads\/2025\/04\/songte-company-1.webp\" alt=\"Bom Silindiri G\u00f6r\u00fcnt\u00fcs\u00fc\"><\/p>\n<h2>Temel \u00d6zellikler<\/h2>\n<ul>\n<li><strong>Y\u00fcksek Dayan\u0131kl\u0131l\u0131k ve Dayan\u0131kl\u0131l\u0131k:<\/strong> Genellikle y\u00fcksek mukavemetli \u00e7elik veya al\u00fcminyumdan \u00fcretilen bu silindirler, y\u00fcksek bas\u0131n\u00e7 ve a\u011f\u0131r y\u00fcklere dayanabilir ve zorlu \u00e7al\u0131\u015fma ortamlar\u0131na uygundur. A\u015f\u0131nma ve korozyon direnci g\u00f6z \u00f6n\u00fcnde bulundurularak tasarlanm\u0131\u015f olup, kullan\u0131m \u00f6m\u00fcrleri uzat\u0131lm\u0131\u015ft\u0131r.<\/li>\n<li><strong>Verimli Hidrolik \u00c7al\u0131\u015fma:<\/strong> Hidrolik ya\u011f bas\u0131nc\u0131n\u0131 kullanarak d\u00fczg\u00fcn uzatma ve geri \u00e7ekme sa\u011flayan silindirler, kontrol komutlar\u0131na h\u0131zl\u0131 bir \u015fekilde yan\u0131t verebilir, g\u00fc\u00e7l\u00fc itme ve \u00e7ekme kuvveti sa\u011flar; a\u011f\u0131r malzemelerin ve karma\u015f\u0131k g\u00f6revlerin ta\u015f\u0131nmas\u0131 i\u00e7in idealdir.<\/li>\n<li><strong>\u00c7e\u015fitli T\u00fcrler:<\/strong> Tek etkili (tek y\u00f6nde hidrolik kullanan) veya \u00e7ift etkili (her iki y\u00f6nde hidrolik kullanan) silindirler, farkl\u0131 operasyonel ihtiya\u00e7lara cevap verir. Baz\u0131 modeller teleskopiktir ve d\u0131\u015f boyutlar\u0131 art\u0131rmadan daha fazla uzatma sa\u011flar, s\u0131n\u0131rl\u0131 alana sahip uygulamalar i\u00e7in uygundur.<\/li>\n<\/ul>\n<p>Biz bu \u00fcr\u00fcn\u00fc \u00fcretebiliyoruz ve \u00fcr\u00fcnlerimiz bu hidrolik silindirlerin yerini m\u00fckemmel \u015fekilde alabiliyor.<\/p>\n<p><img decoding=\"async\" src=\"https:\/\/www.hydraulic-cylinders.net\/wp-content\/uploads\/2025\/04\/songte-cylinder-head-with-all-kinds-excavator-models.webp\" alt=\"Ekskavat\u00f6r Modelleri\"><\/p>\n<h2>Uygulama Senaryolar\u0131<\/h2>\n<h3>\u0130n\u015faat Ekipmanlar\u0131<\/h3>\n<p>Ekskavat\u00f6rlerde bom silindirleri, kazma, y\u00fckleme ve toprak veya moloz ta\u015f\u0131ma i\u00e7in hayati \u00f6nem ta\u015f\u0131r. Kovan\u0131n zemine etkili bir \u015fekilde n\u00fcfuz etmesini sa\u011flayarak operat\u00f6rlerin kaz\u0131 g\u00f6revlerini verimli bir \u015fekilde ger\u00e7ekle\u015ftirmelerine olanak tan\u0131r.<\/p>\n<h3>Tar\u0131m Makinalar\u0131<\/h3>\n<p>\u00d6n y\u00fckleyicilerde kullan\u0131lan bom silindirleri, toprak, saman ve di\u011fer malzemelerin kep\u00e7elenmesine, kald\u0131r\u0131lmas\u0131na ve ta\u015f\u0131nmas\u0131na yard\u0131mc\u0131 olur. Hidrolik yap\u0131lar\u0131, tar\u0131msal i\u015flerde sorunsuz \u00e7al\u0131\u015fma sa\u011flar.<\/p>\n<h3>Ekskavat\u00f6rler<\/h3>\n<p>Ekskavat\u00f6rlerde, kep\u00e7e silindirleri kazma hareketlerini kolayla\u015ft\u0131rarak kep\u00e7enin topra\u011fa etkili bir \u015fekilde n\u00fcfuz etmesini sa\u011flar ve bu nedenle kaz\u0131 \u00e7al\u0131\u015fmalar\u0131 i\u00e7in vazge\u00e7ilmezdir.<\/p>\n<h3>Y\u00fckleyiciler<\/h3>\n<p>\u00d6n y\u00fckleyicilerde, malzemelerin etkili bir \u015fekilde kald\u0131r\u0131lmas\u0131na ve bo\u015falt\u0131lmas\u0131na yard\u0131mc\u0131 olarak, \u00e7e\u015fitli in\u015faat ve tar\u0131m uygulamalar\u0131ndaki \u00e7ok y\u00f6nl\u00fcl\u00fcklerini g\u00f6stermektedirler.<\/p>\n<h2>Tasar\u0131m Hususlar\u0131<\/h2>\n<h3>Y\u00fck Kapasitesi<\/h3>\n<p>Bir bom silindirinin y\u00fck kapasitesi kritik bir fakt\u00f6rd\u00fcr \u00e7\u00fcnk\u00fc silindirin etkili bir \u015fekilde ne kadar a\u011f\u0131rl\u0131k kald\u0131rabilece\u011fini ve manevra yapabilece\u011fini belirler. Silindirin yap\u0131m\u0131nda kullan\u0131lan y\u00fcksek mukavemetli \u00e7elik gibi malzemeler, \u00f6nemli y\u00fcklere deforme olmadan veya ar\u0131zalanmadan dayanma kabiliyetine katk\u0131da bulunur. Yeterli bir y\u00fck kapasitesi, ekskavat\u00f6r\u00fcn ama\u00e7lanan operasyonlar\u0131n\u0131 g\u00fcvenli ve verimli bir \u015fekilde ger\u00e7ekle\u015ftirmesini sa\u011flayarak \u015fantiyedeki verimlili\u011fi art\u0131r\u0131r.<\/p>\n<h3>S\u0131zd\u0131rmazl\u0131k<\/h3>\n<p>Hidrolik silindirlerde, performans d\u00fc\u015f\u00fc\u015f\u00fcne ve \u00e7al\u0131\u015fma tehlikelerine yol a\u00e7abilen s\u0131v\u0131 s\u0131z\u0131nt\u0131s\u0131n\u0131 \u00f6nlemek i\u00e7in etkili s\u0131zd\u0131rmazl\u0131k olmazsa olmazd\u0131r. Poli\u00fcretan ve nitril kau\u00e7uk gibi dayan\u0131kl\u0131 malzemelerden \u00fcretilen piston ve piston kolu contalar\u0131 gibi y\u00fcksek kaliteli contalar\u0131n kullan\u0131lmas\u0131, hidrolik s\u0131v\u0131n\u0131n bas\u0131n\u00e7 alt\u0131nda silindir i\u00e7inde kalmas\u0131n\u0131 sa\u011flar. Do\u011fru s\u0131zd\u0131rmazl\u0131k, hidrolik sistemin verimlili\u011fini art\u0131rman\u0131n yan\u0131 s\u0131ra a\u015f\u0131nma ve y\u0131pranmay\u0131 en aza indirerek silindirin \u00f6mr\u00fcn\u00fc de uzat\u0131r.<\/p>\n<h3>Dayan\u0131kl\u0131l\u0131k<\/h3>\n<p>Dayan\u0131kl\u0131l\u0131k, hidrolik silindirlerin genellikle d\u00f6k\u00fcnt\u00fc, nem ve a\u015f\u0131r\u0131 s\u0131cakl\u0131klara maruz kalman\u0131n yayg\u0131n oldu\u011fu zorlu ortamlarda \u00e7al\u0131\u015fmas\u0131 nedeniyle, tasar\u0131mda dikkate al\u0131nmas\u0131 gereken bir di\u011fer \u00f6nemli husustur. Tasar\u0131m, silindirin \u00f6mr\u00fcn\u00fc uzatmak i\u00e7in a\u015f\u0131nmaya dayan\u0131kl\u0131 kaplamalar ve sa\u011flam malzemeler i\u00e7erir. Dayan\u0131kl\u0131 bir hidrolik silindir, bak\u0131m ihtiya\u00e7lar\u0131n\u0131 azalt\u0131r ve uzun s\u00fcreler boyunca tutarl\u0131 performans sa\u011flayarak ar\u0131za s\u00fcresini ve i\u015fletme maliyetlerini en aza indirir.<\/p>\n<h2>S\u0131zd\u0131rmazl\u0131k ve Ya\u011flama<\/h2>\n<p>S\u0131zd\u0131rmazl\u0131k ve ya\u011flama, hidrolik silindirlerin optimum performans\u0131 i\u00e7in hayati \u00f6nem ta\u015f\u0131r. Piston ke\u00e7eleri ve piston kolu ke\u00e7eleri gibi \u00e7e\u015fitli s\u0131zd\u0131rmazl\u0131k elemanlar\u0131, hidrolik s\u0131v\u0131 s\u0131z\u0131nt\u0131lar\u0131n\u0131 \u00f6nlemek i\u00e7in kullan\u0131l\u0131r. Poli\u00fcretan ve nitril kau\u00e7uk gibi a\u015f\u0131nmaya dayan\u0131kl\u0131 malzemelerden yap\u0131lm\u0131\u015f ke\u00e7elerin se\u00e7imi, uzun \u00f6m\u00fcr ve g\u00fcvenilirlik i\u00e7in \u00e7ok \u00f6nemlidir. Silindir g\u00f6vdesi ve di\u015fli u\u00e7 y\u00fczeyleri, a\u015f\u0131nma direncini art\u0131rmak i\u00e7in hassas i\u015fleme i\u015flemlerinden ge\u00e7irilir. S\u00fcrt\u00fcnmeyi azaltmak ve par\u00e7a a\u015f\u0131nmas\u0131n\u0131 \u00f6nlemek, sorunsuz \u00e7al\u0131\u015fmay\u0131 sa\u011flamak ve silindirin \u00f6mr\u00fcn\u00fc uzatmak i\u00e7in uygun hidrolik ya\u011f ile d\u00fczenli ya\u011flama gereklidir.<\/p>\n<h2>\u00d6nleyici Bak\u0131m \u00d6nlemleri<\/h2>\n<ul>\n<li><strong>D\u00fczenli Denetimler:<\/strong> Olas\u0131 sorunlar\u0131 erken tespit etmek i\u00e7in rutin kontroller yap\u0131n. Bu, contalar\u0131n a\u015f\u0131nmas\u0131n\u0131, s\u0131z\u0131nt\u0131lar\u0131 kontrol etmeyi ve t\u00fcm bile\u015fenlerin d\u00fczg\u00fcn \u00e7al\u0131\u015ft\u0131\u011f\u0131ndan emin olmay\u0131 i\u00e7erir.<\/li>\n<li><strong>Zaman\u0131nda Ya\u011flama:<\/strong> Hareketli par\u00e7alarda a\u015f\u0131r\u0131 a\u015f\u0131nmay\u0131 \u00f6nlemek i\u00e7in hidrolik ya\u011f seviyelerinin korundu\u011fundan ve gerekti\u011finde ya\u011flama yap\u0131ld\u0131\u011f\u0131ndan emin olun.<\/li>\n<li><strong>Conta De\u011fi\u015fimi:<\/strong> Sistem b\u00fct\u00fcnl\u00fc\u011f\u00fcn\u00fc korumak ve s\u0131z\u0131nt\u0131lar\u0131 \u00f6nlemek i\u00e7in contalar\u0131 herhangi bir bozulma belirtisi a\u00e7\u0131s\u0131ndan izleyin ve gerekti\u011finde de\u011fi\u015ftirin.<\/li>\n<\/ul>\n<h2>Kurulum Talimatlar\u0131<\/h2>\n<p>Bom silindirinin do\u011fru montaj\u0131, optimum performans i\u00e7in \u00e7ok \u00f6nemlidir. \u00d6ncelikle montaj y\u00fczeylerinin temiz ve kal\u0131nt\u0131lardan ar\u0131nd\u0131r\u0131lm\u0131\u015f oldu\u011fundan emin olun. Silindiri sabitlemek i\u00e7in uygun montaj braketlerini kullan\u0131n ve ekskavat\u00f6r\u00fcn hidrolik sistemiyle do\u011fru \u015fekilde hizaland\u0131\u011f\u0131ndan emin olun. Tork ayarlar\u0131 ve montaj prosed\u00fcrleri i\u00e7in daima \u00fcreticinin teknik \u00f6zelliklerine bak\u0131n. Montajdan sonra, t\u00fcm ba\u011flant\u0131lar\u0131n sa\u011flam oldu\u011fundan ve s\u0131z\u0131nt\u0131 olmad\u0131\u011f\u0131ndan emin olmak i\u00e7in kapsaml\u0131 bir inceleme yap\u0131n. Ekipman\u0131 tekrar hizmete almadan \u00f6nce hidrolik sistemi test ederek d\u00fczg\u00fcn \u00e7al\u0131\u015ft\u0131\u011f\u0131n\u0131 do\u011frulay\u0131n.<\/p>\n<h2>Yayg\u0131n Bak\u0131m G\u00f6revleri<\/h2>\n<ul>\n<li><strong>D\u00fczenli Denetimler:<\/strong> Hidrolik silindirlerde a\u015f\u0131nma veya hasar belirtileri olup olmad\u0131\u011f\u0131n\u0131 kontrol etmek i\u00e7in planl\u0131 kontroller yap\u0131n. Contalar\u0131n etraf\u0131nda s\u0131z\u0131nt\u0131 olup olmad\u0131\u011f\u0131na bak\u0131n ve t\u00fcm hareketli par\u00e7alar\u0131n sorunsuz \u00e7al\u0131\u015ft\u0131\u011f\u0131ndan emin olun.<\/li>\n<li><strong>Uygun Ya\u011flama:<\/strong> Hidrolik ya\u011f\u0131n d\u00fczenli olarak yenilenmesini sa\u011flay\u0131n ve s\u00fcrt\u00fcnmeyi ve a\u015f\u0131nmay\u0131 en aza indirmek i\u00e7in hareketli par\u00e7alar\u0131 ya\u011flay\u0131n; bu, erken ar\u0131zaya yol a\u00e7abilir.<\/li>\n<li><strong>Conta De\u011fi\u015fimi ve Kalibrasyon Kontrolleri:<\/strong> Contalar\u0131n durumunu d\u00fczenli olarak de\u011ferlendirin ve gerekti\u011finde de\u011fi\u015ftirin. Silindirin belirtilen parametreler dahilinde \u00e7al\u0131\u015fmas\u0131n\u0131 sa\u011flamak i\u00e7in hidrolik sistemin kalibrasyonu da \u00f6nemlidir.<\/li>\n<\/ul>\n<h2>G\u00fcvenlik Hususlar\u0131 ve \u00c7evresel Fakt\u00f6rler<\/h2>\n<p>Bom silindirleri kullan\u0131l\u0131rken g\u00fcvenlik \u00f6nlemlerinin uygulanmas\u0131, kazalar\u0131 \u00f6nlemek i\u00e7in kritik \u00f6neme sahiptir. Operat\u00f6rler g\u00fcvenli \u00e7al\u0131\u015fma prosed\u00fcrleri konusunda e\u011fitilmeli ve uygun ki\u015fisel koruyucu ekipman (KKD) kullanmal\u0131d\u0131r. Ayr\u0131ca, d\u00fczenli g\u00fcvenlik denetimleri, hidrolik sistemle ilgili olas\u0131 tehlikelerin belirlenmesine yard\u0131mc\u0131 olabilir. Hidrolik silindir operasyonlar\u0131n\u0131n \u00e7evresel etkisini azaltmak i\u00e7in, hidrolik s\u0131v\u0131lar\u0131n uygun \u015fekilde bertaraf edilmesi ve malzemelerin geri d\u00f6n\u00fc\u015ft\u00fcr\u00fclmesi gibi \u00e7evresel fakt\u00f6rler de dikkate al\u0131nmal\u0131d\u0131r.<\/p>\n<h2>Sorun Giderme ve Yayg\u0131n Sorunlar<\/h2>\n<ul>\n<li><strong>S\u0131z\u0131nt\u0131:<\/strong> S\u0131z\u0131nt\u0131, a\u015f\u0131nm\u0131\u015f contalar veya hasarl\u0131 silindir g\u00f6vdeleri nedeniyle meydana gelebilir. Contalar\u0131 kontrol edin ve gerekirse de\u011fi\u015ftirin, hasarl\u0131 silindirleri onar\u0131n veya de\u011fi\u015ftirin.<\/li>\n<li><strong>D\u00fc\u015f\u00fck Performans:<\/strong> Performanstaki d\u00fc\u015f\u00fc\u015f, d\u00fc\u015f\u00fck hidrolik s\u0131v\u0131s\u0131 seviyelerine veya dahili hasara i\u015faret ediyor olabilir. S\u0131v\u0131 seviyelerini kontrol edin ve silindirde a\u015f\u0131nma belirtileri olup olmad\u0131\u011f\u0131n\u0131 inceleyin.<\/li>\n<li><strong>Al\u0131\u015f\u0131lmad\u0131k Sesler:<\/strong> Silindir \u00e7al\u0131\u015f\u0131rken al\u0131\u015f\u0131lmad\u0131k sesler \u00e7\u0131kar\u0131yorsa, bu durum hidrolik sistemde hava oldu\u011funu veya i\u00e7 a\u015f\u0131nma oldu\u011funu g\u00f6sterebilir. Sistemin havas\u0131n\u0131 alarak havay\u0131 al\u0131n ve bile\u015fenlerde hasar olup olmad\u0131\u011f\u0131n\u0131 kontrol edin.<\/li>\n<\/ul>\n<p>Sorunlar\u0131 etkili bir \u015fekilde te\u015fhis edip \u00e7\u00f6zmek i\u00e7in, bak\u0131m faaliyetlerinin kapsaml\u0131 kay\u0131tlar\u0131n\u0131 tutun ve d\u00fczenli \u00f6nleyici kontroller ger\u00e7ekle\u015ftirin. Sorunlar\u0131n erken te\u015fhisi, ar\u0131za s\u00fcresini en aza indirebilir ve hidrolik silindirlerin \u00f6mr\u00fcn\u00fc uzatabilir.<\/p>\n<p><img decoding=\"async\" src=\"https:\/\/www.hydraulic-cylinders.net\/wp-content\/uploads\/2025\/04\/songte-bushings-with-all-kinds-of-excavator-models.webp\" alt=\"Ekskavat\u00f6r Bur\u00e7lar\u0131\"><\/p>\n<h2>\u015eirket Tan\u0131t\u0131m\u0131<\/h2>\n<p>Yurt i\u00e7i ve yurt d\u0131\u015f\u0131 pazarlardaki \u00e7e\u015fitli ihtiya\u00e7lar\u0131 kar\u015f\u0131lamak \u00fczere geni\u015f bir \u00fcr\u00fcn yelpazesi sunan lider bir yedek hidrolik silindir \u00fcreticisi ve toptanc\u0131s\u0131y\u0131z. M\u00fckemmellik taahh\u00fcd\u00fcm\u00fcz, geli\u015fmi\u015f dijital \u00fcretim ekipmanlar\u0131 ve profesyonel test sistemleriyle desteklenen y\u00fcksek kaliteli \u00fcretim s\u00fcre\u00e7lerine odaklanmam\u0131z\u0131 sa\u011fl\u0131yor. M\u00fc\u015fterilerimizin \u00e7e\u015fitli ihtiya\u00e7lar\u0131n\u0131 kar\u015f\u0131layarak y\u00fcksek verimlilik, hassasiyet ve kalite sa\u011flamak i\u00e7in \u00fcretim kapasitemizi s\u00fcrekli geli\u015ftiriyoruz. Uzmanl\u0131\u011f\u0131m\u0131z, memnuniyet ve g\u00fcvenilirli\u011fi garanti alt\u0131na almak i\u00e7in profesyonel hizmetler, uluslararas\u0131 sertifikalar ve \u00f6zelle\u015ftirilmi\u015f \u00e7\u00f6z\u00fcmlere kadar uzanmaktad\u0131r.<\/p>\n<p><img decoding=\"async\" src=\"https:\/\/www.hydraulic-cylinders.net\/wp-content\/uploads\/2025\/04\/songte-company-4.webp\" alt=\"\u015eirket Genel Bak\u0131\u015f\u0131\"><br \/>\n<img decoding=\"async\" src=\"https:\/\/www.hydraulic-cylinders.net\/wp-content\/uploads\/2025\/04\/songte-company-3.webp\" alt=\"\u00dcretim Tesisi\"><\/p>\n<p>Yazar: lyl<\/p>","protected":false},"excerpt":{"rendered":"<p>Boom Cylinder For Sunward Middle Excavator SWE26OLC Product Overview The Boom Cylinder for Sunward Middle Excavator SWE26OLC is a specialized hydraulic cylinder designed to control the movement of the bucket in heavy machinery such as excavators, backhoe loaders, and front loaders. This hydraulic cylinder plays a crucial role in enabling the bucket to lift, lower, [&hellip;]<\/p>","protected":false},"featured_media":17880,"comment_status":"open","ping_status":"closed","template":"","meta":{"_et_pb_use_builder":"","_et_pb_old_content":"","_et_gb_content_width":""},"product_brand":[],"product_cat":[1546],"product_tag":[1547,1496],"class_list":{"0":"post-19240","1":"product","2":"type-product","3":"status-publish","4":"has-post-thumbnail","6":"product_cat-boom-cylinders","7":"product_tag-boom-cylinders","8":"product_tag-hydraulic-cylinders","10":"first","11":"instock","12":"shipping-taxable","13":"product-type-simple"},"amp_enabled":true,"_links":{"self":[{"href":"https:\/\/www.hydraulic-cylinders.net\/tr\/wp-json\/wp\/v2\/product\/19240","targetHints":{"allow":["GET"]}}],"collection":[{"href":"https:\/\/www.hydraulic-cylinders.net\/tr\/wp-json\/wp\/v2\/product"}],"about":[{"href":"https:\/\/www.hydraulic-cylinders.net\/tr\/wp-json\/wp\/v2\/types\/product"}],"replies":[{"embeddable":true,"href":"https:\/\/www.hydraulic-cylinders.net\/tr\/wp-json\/wp\/v2\/comments?post=19240"}],"wp:featuredmedia":[{"embeddable":true,"href":"https:\/\/www.hydraulic-cylinders.net\/tr\/wp-json\/wp\/v2\/media\/17880"}],"wp:attachment":[{"href":"https:\/\/www.hydraulic-cylinders.net\/tr\/wp-json\/wp\/v2\/media?parent=19240"}],"wp:term":[{"taxonomy":"product_brand","embeddable":true,"href":"https:\/\/www.hydraulic-cylinders.net\/tr\/wp-json\/wp\/v2\/product_brand?post=19240"},{"taxonomy":"product_cat","embeddable":true,"href":"https:\/\/www.hydraulic-cylinders.net\/tr\/wp-json\/wp\/v2\/product_cat?post=19240"},{"taxonomy":"product_tag","embeddable":true,"href":"https:\/\/www.hydraulic-cylinders.net\/tr\/wp-json\/wp\/v2\/product_tag?post=19240"}],"curies":[{"name":"wp","href":"https:\/\/api.w.org\/{rel}","templated":true}]}}