{"id":19289,"date":"2025-04-07T06:25:04","date_gmt":"2025-04-07T06:25:04","guid":{"rendered":"https:\/\/www.hydraulic-cylinders.net\/product\/boom-cylinder-for-liugong-small-excavator-clg915d\/"},"modified":"2025-04-07T06:25:07","modified_gmt":"2025-04-07T06:25:07","slug":"boom-cylinder-for-liugong-small-excavator-clg915d","status":"publish","type":"product","link":"https:\/\/www.hydraulic-cylinders.net\/tr\/urun\/boom-cylinder-for-liugong-small-excavator-clg915d\/","title":{"rendered":"Liugong CLG915D K\u00fc\u00e7\u00fck Ekskavat\u00f6r \u0130\u00e7in Bom Silindiri"},"content":{"rendered":"<h1>Liugong CLG915D K\u00fc\u00e7\u00fck Ekskavat\u00f6r \u0130\u00e7in Bom Silindiri<\/h1>\n<h2>Bom Silindirinin Genel G\u00f6r\u00fcn\u00fcm\u00fc<\/h2>\n<p>Bom silindiri, \u00f6zellikle ekskavat\u00f6rler, beko y\u00fckleyiciler ve \u00f6n y\u00fckleyiciler gibi a\u011f\u0131r makinelerde kep\u00e7enin hareketini kontrol etmek i\u00e7in tasarlanm\u0131\u015f, hidrolik sistemlerde \u00e7ok \u00f6nemli bir bile\u015fendir. Bu hidrolik silindir, kep\u00e7enin kalkmas\u0131n\u0131, al\u00e7almas\u0131n\u0131 ve e\u011filmesini sa\u011flayarak, in\u015faat ve kaz\u0131 i\u015flemlerinde hayati \u00f6nem ta\u015f\u0131yan malzeme ta\u015f\u0131ma g\u00f6revlerini kolayla\u015ft\u0131r\u0131r.<\/p>\n<p>Hidrolik silindir t\u00fcrlerinden biri olan bom silindiri, ekipman\u0131n performans\u0131nda hayati bir rol oynar. Hidrolik s\u0131v\u0131 kullanarak kuvvet \u00fcretir ve bu kuvvet, kep\u00e7enin hassas hareketine d\u00f6n\u00fc\u015f\u00fcr. Bom silindirlerinin tasar\u0131m\u0131 ve i\u015flevselli\u011fi, a\u011f\u0131r hizmet uygulamalar\u0131n\u0131n zorluklar\u0131na dayanacak \u015fekilde uyarlanm\u0131\u015ft\u0131r ve \u00e7e\u015fitli \u00e7al\u0131\u015fma ortamlar\u0131nda verimlilik ve g\u00fcvenilirlik sa\u011flar.<\/p>\n<p><img decoding=\"async\" src=\"https:\/\/www.hydraulic-cylinders.net\/wp-content\/uploads\/2025\/04\/songte-company-1.webp\" alt=\"Bom Silindiri\" \/><\/p>\n<h2>Bom Silindirinin Temel \u00d6zellikleri<\/h2>\n<ul>\n<li><strong>Y\u00fcksek Dayan\u0131kl\u0131l\u0131k ve Dayan\u0131kl\u0131l\u0131k:<\/strong> Genellikle y\u00fcksek mukavemetli \u00e7elik veya al\u00fcminyumdan \u00fcretilen bu silindirler, y\u00fcksek bas\u0131nca ve a\u011f\u0131r y\u00fcklere dayanabilir, bu da onlar\u0131 zorlu \u00e7al\u0131\u015fma ko\u015fullar\u0131 i\u00e7in uygun hale getirir. A\u015f\u0131nma ve korozyon direnci g\u00f6z \u00f6n\u00fcnde bulundurularak tasarlanm\u0131\u015flard\u0131r, bu da kullan\u0131m \u00f6m\u00fcrlerini uzat\u0131r.<\/li>\n<li><strong>Verimli Hidrolik \u00c7al\u0131\u015fma:<\/strong> Hidrolik ya\u011f\u0131n bas\u0131nc\u0131n\u0131 kullanan bom silindiri, d\u00fczg\u00fcn bir \u015fekilde uzama ve geri \u00e7ekilme sa\u011flayarak kontrol komutlar\u0131na h\u0131zl\u0131 yan\u0131t verir ve a\u011f\u0131r malzemelerin ve karma\u015f\u0131k i\u015flerin ta\u015f\u0131nmas\u0131 i\u00e7in gerekli olan g\u00fc\u00e7l\u00fc itme ve \u00e7ekme kuvvetlerini sunar.<\/li>\n<li><strong>T\u00fcr \u00c7e\u015fitlili\u011fi:<\/strong> Bom silindirleri, \u00e7e\u015fitli \u00e7al\u0131\u015fma gereksinimlerini kar\u015f\u0131lamak \u00fczere tek etkili (hidroli\u011fi tek y\u00f6nde \u00e7al\u0131\u015ft\u0131ran) veya \u00e7ift etkili (hidroli\u011fi her iki y\u00f6nde \u00e7al\u0131\u015ft\u0131ran) olarak se\u00e7ilebilir. Baz\u0131 modeller teleskopiktir ve d\u0131\u015f boyutlar\u0131 art\u0131rmadan daha fazla uzatmaya olanak tan\u0131yarak s\u0131n\u0131rl\u0131 alana sahip uygulamalar i\u00e7in idealdir.<\/li>\n<\/ul>\n<p>Bu \u00fcr\u00fcn\u00fc biz \u00fcretiyoruz ve bom silindirlerimiz \u00e7e\u015fitli uygulamalarda mevcut hidrolik silindirlerin yerini m\u00fckemmel bir \u015fekilde al\u0131yor.<\/p>\n<p><img decoding=\"async\" src=\"https:\/\/www.hydraulic-cylinders.net\/wp-content\/uploads\/2025\/04\/songte-cylinder-head-with-all-kinds-excavator-models.webp\" alt=\"Yedek Hidrolik Silindir\" \/><\/p>\n<h2>Bom Silindirinin Uygulamalar\u0131<\/h2>\n<h3>\u0130n\u015faat Ekipmanlar\u0131<\/h3>\n<p>Ekskavat\u00f6rlerde, bom silindirleri toprak veya moloz kazma, y\u00fckleme ve ta\u015f\u0131ma i\u015flemlerinde hayati \u00f6neme sahiptir. Makinenin temel i\u015flevlerini kolayla\u015ft\u0131rarak operat\u00f6rlerin g\u00f6revleri verimli bir \u015fekilde yerine getirmelerini sa\u011flarlar. Bom silindirinin hassas kontrol\u00fc, operat\u00f6rlerin kep\u00e7eyi etkili bir \u015fekilde manevra ettirmelerini sa\u011flayarak kaz\u0131 i\u015flerinde do\u011frulu\u011fu garanti eder.<\/p>\n<h3>Tar\u0131m Makinalar\u0131<\/h3>\n<p>\u00d6n y\u00fckleyiciler, toprak, saman ve di\u011fer malzemeleri kep\u00e7elemek, kald\u0131rmak ve ta\u015f\u0131mak i\u00e7in bom silindirleri kullan\u0131r. Kep\u00e7enin y\u00fcksekli\u011fini ve a\u00e7\u0131s\u0131n\u0131 kontrol edebilme \u00f6zelli\u011fi, tar\u0131msal i\u015flemlerin verimlili\u011fini art\u0131rarak \u00e7ift\u00e7ilerin g\u00f6revlerini daha etkili bir \u015fekilde y\u00f6netmelerini sa\u011flar.<\/p>\n<h3>Ekskavat\u00f6rler<\/h3>\n<p>Ekskavat\u00f6rlerde, bom silindiri kep\u00e7enin topra\u011fa n\u00fcfuz etmesini ve kazma hareketlerini ger\u00e7ekle\u015ftirmesini sa\u011flar. Bu \u00f6zellik, kaz\u0131 projeleri i\u00e7in \u00e7ok \u00f6nemlidir, \u00e7\u00fcnk\u00fc ekskavat\u00f6r\u00fcn farkl\u0131 derinliklere ula\u015fmas\u0131n\u0131 sa\u011flayarak \u015fantiyedeki verimlili\u011fi art\u0131r\u0131r.<\/p>\n<h3>Y\u00fckleyiciler<\/h3>\n<p>\u00d6n y\u00fckleyicilerde, bom silindirleri y\u00fcklerin verimli bir \u015fekilde kald\u0131r\u0131lmas\u0131na ve bo\u015falt\u0131lmas\u0131na yard\u0131mc\u0131 olur. Tasar\u0131mlar\u0131, \u00f6nemli y\u00fckleri desteklerken \u00e7al\u0131\u015fma s\u0131ras\u0131nda hassas kontrole olanak tan\u0131r; bu da onlar\u0131 in\u015faat ve malzeme ta\u015f\u0131ma i\u015flerinde vazge\u00e7ilmez k\u0131lar.<\/p>\n<h2>Tasar\u0131m Hususlar\u0131 ve Se\u00e7im Standartlar\u0131<\/h2>\n<h3>Y\u00fck Kapasitesi<\/h3>\n<p>Bom silindiri se\u00e7erken y\u00fck ta\u015f\u0131ma kapasitesi kritik bir fakt\u00f6rd\u00fcr. Silindir, \u00e7al\u0131\u015fma s\u0131ras\u0131nda beklenen maksimum y\u00fck\u00fc kald\u0131rabilmelidir. Silindirin ar\u0131za yapmadan g\u00fcvenilir bir \u015fekilde \u00e7al\u0131\u015fabilmesi i\u00e7in hem statik hem de dinamik y\u00fcklerin yan\u0131 s\u0131ra kullan\u0131m s\u0131kl\u0131\u011f\u0131n\u0131 da dikkate almak \u00f6nemlidir. Y\u00fck ta\u015f\u0131ma kapasitesinin hafife al\u0131nmas\u0131, ekipman ar\u0131zalar\u0131na, g\u00fcvenlik risklerine ve artan bak\u0131m maliyetlerine yol a\u00e7abilir.<\/p>\n<h3>S\u0131zd\u0131rmazl\u0131k ve Dayan\u0131kl\u0131l\u0131k<\/h3>\n<p>Y\u00fcksek kaliteli s\u0131zd\u0131rmazl\u0131k, bom silindirlerinin verimlili\u011fini ve \u00f6mr\u00fcn\u00fc korumak i\u00e7in hayati \u00f6neme sahiptir. Etkili contalar, hidrolik sistemlerin \u00e7al\u0131\u015fmas\u0131 i\u00e7in \u00e7ok \u00f6nemli olan hidrolik s\u0131v\u0131 s\u0131z\u0131nt\u0131s\u0131n\u0131 \u00f6nler. Contalar i\u00e7in poli\u00fcretan ve nitril kau\u00e7uk gibi dayan\u0131kl\u0131 malzemelerin kullan\u0131lmas\u0131, a\u015f\u0131nmaya ve \u00e7evresel fakt\u00f6rlere kar\u015f\u0131 diren\u00e7 sa\u011flayarak silindirin performans\u0131n\u0131 ve \u00f6mr\u00fcn\u00fc uzat\u0131r.<\/p>\n<h3>G\u00fcvenlik \u00d6zellikleri<\/h3>\n<p>Bom silindirlerinin tasar\u0131m\u0131nda g\u00fcvenlik her \u015feyden \u00f6nemlidir. Bas\u0131n\u00e7 tahliye vanalar\u0131 ve emniyet durdurucular\u0131 gibi \u00f6zelliklerin eklenmesi, a\u015f\u0131r\u0131 y\u00fcklenmeyi \u00f6nleyebilir ve a\u011f\u0131r i\u015fler s\u0131ras\u0131nda g\u00fcvenli \u00e7al\u0131\u015fmay\u0131 sa\u011flayabilir. Tasar\u0131m s\u00fcrecinde g\u00fcvenlik standartlar\u0131na verilen \u00f6nem, operat\u00f6rleri ve ekipman\u0131 koruyarak \u015fantiyedeki kaza riskini azalt\u0131r.<\/p>\n<p><img decoding=\"async\" src=\"https:\/\/www.hydraulic-cylinders.net\/wp-content\/uploads\/2025\/04\/songte-oil-pipes-and-spare-parts.webp\" alt=\"Hidrolik Bile\u015fenler\" \/><\/p>\n<h2>Silindirin S\u0131zd\u0131rmazl\u0131\u011f\u0131 ve Ya\u011flanmas\u0131<\/h2>\n<p>Bom silindirlerinin optimum \u00e7al\u0131\u015fmas\u0131 i\u00e7in uygun s\u0131zd\u0131rmazl\u0131k ve ya\u011flama \u015fartt\u0131r. Hidrolik s\u0131v\u0131 s\u0131z\u0131nt\u0131s\u0131n\u0131 \u00f6nlemek i\u00e7in piston contalar\u0131 ve mil contalar\u0131 dahil olmak \u00fczere \u00e7e\u015fitli contalar kullan\u0131l\u0131r. Dayan\u0131kl\u0131l\u0131\u011f\u0131 art\u0131rmak i\u00e7in poli\u00fcretan ve nitril kau\u00e7uk gibi a\u015f\u0131nmaya dayan\u0131kl\u0131 malzemelerden yap\u0131lm\u0131\u015f contalar \u00f6nerilir.<\/p>\n<p>Ayr\u0131ca, a\u015f\u0131nma direncini art\u0131rmak i\u00e7in silindir g\u00f6vdesi ve di\u015fli u\u00e7 y\u00fczeyleri titizlikle i\u015flenmelidir. Sorunsuz \u00e7al\u0131\u015fmay\u0131 s\u00fcrd\u00fcrmek ve silindirin erken a\u015f\u0131nmas\u0131na veya ar\u0131zalanmas\u0131na yol a\u00e7abilecek s\u00fcrt\u00fcnmeyi \u00f6nlemek i\u00e7in hidrolik ya\u011f ile d\u00fczenli ya\u011flama gereklidir.<\/p>\n<h2>\u00d6nleyici Bak\u0131m \u00d6nlemleri<\/h2>\n<ul>\n<li><strong>D\u00fczenli Denetimler:<\/strong> Bom silindirinin sorunsuz \u00e7al\u0131\u015fmas\u0131n\u0131 sa\u011flamak i\u00e7in a\u015f\u0131nma, s\u0131z\u0131nt\u0131 veya hasar belirtileri a\u00e7\u0131s\u0131ndan s\u0131k s\u0131k g\u00f6rsel kontroller yap\u0131n.<\/li>\n<li><strong>Ya\u011flama:<\/strong> Silindirin d\u00fczg\u00fcn \u00e7al\u0131\u015fmas\u0131n\u0131 sa\u011flamak ve a\u015f\u0131nmay\u0131 azaltmak i\u00e7in uygun hidrolik ya\u011f ile yeterince ya\u011fland\u0131\u011f\u0131ndan emin olun.<\/li>\n<li><strong>Conta De\u011fi\u015fimi:<\/strong> Hidrolik sistemin b\u00fct\u00fcnl\u00fc\u011f\u00fcn\u00fc korumak ve s\u0131z\u0131nt\u0131y\u0131 \u00f6nlemek i\u00e7in contalar\u0131 d\u00fczenli olarak kontrol edin ve gerekti\u011finde de\u011fi\u015ftirin.<\/li>\n<\/ul>\n<h2>Kurulum Talimatlar\u0131<\/h2>\n<p>Bom silindirinin do\u011fru montaj\u0131, optimum performans i\u00e7in \u00e7ok \u00f6nemlidir. \u00d6ncelikle t\u00fcm bile\u015fenlerin temiz ve kal\u0131nt\u0131lardan ar\u0131nd\u0131r\u0131lm\u0131\u015f oldu\u011fundan emin olun. Silindiri montaj braketleriyle hizalayarak konumland\u0131r\u0131n ve \u00e7al\u0131\u015fma s\u0131ras\u0131nda herhangi bir zorlanmay\u0131 \u00f6nlemek i\u00e7in silindirin do\u011fru y\u00f6nde oldu\u011fundan emin olun.<\/p>\n<p>Silindiri sa\u011flam bir \u015fekilde yerine sabitlemek i\u00e7in uygun montaj braketleri kullan\u0131n. Do\u011fru hizalama, contalar\u0131n a\u015f\u0131nmas\u0131n\u0131 \u00f6nlemeye ve silindirin \u00f6mr\u00fcn\u00fc uzatmaya yard\u0131mc\u0131 olur. Kurulumdan sonra, t\u00fcm ba\u011flant\u0131lar\u0131n s\u0131k\u0131 oldu\u011fundan ve hidrolik sistemin do\u011fru \u00e7al\u0131\u015ft\u0131\u011f\u0131ndan emin olmak i\u00e7in kapsaml\u0131 bir inceleme yap\u0131n.<\/p>\n<h2>Yayg\u0131n Bak\u0131m G\u00f6revleri<\/h2>\n<ul>\n<li><strong>D\u00fczenli Denetimler:<\/strong> Par\u00e7alar\u0131n iyi durumda oldu\u011fundan emin olmak i\u00e7in, a\u015f\u0131nma veya hasar belirtileri a\u00e7\u0131s\u0131ndan d\u00fczenli kontroller yap\u0131n. Bu, potansiyel sorunlar\u0131n \u00f6nemli hale gelmeden \u00f6nce belirlenmesine yard\u0131mc\u0131 olur.<\/li>\n<li><strong>Uygun Ya\u011flama:<\/strong> Tavsiye edilen hidrolik ya\u011f\u0131 kullanarak yeterli ya\u011flama seviyesini koruyun; bu, sorunsuz \u00e7al\u0131\u015fma ve a\u015f\u0131r\u0131 \u0131s\u0131nma veya a\u015f\u0131nmay\u0131 \u00f6nlemek i\u00e7in \u00e7ok \u00f6nemlidir.<\/li>\n<li><strong>Conta De\u011fi\u015fimi ve Kalibrasyon Kontrolleri:<\/strong> Contalar\u0131 d\u00fczenli olarak kontrol edin, gerekti\u011finde de\u011fi\u015ftirin ve hidrolik sistemin belirtilen parametreler dahilinde \u00e7al\u0131\u015ft\u0131\u011f\u0131ndan emin olmak i\u00e7in kalibrasyon kontrolleri yap\u0131n.<\/li>\n<\/ul>\n<p>Bom silindirinin verimlili\u011fini korumak i\u00e7in do\u011fru montaj, ya\u011flama ve ayarlama son derece \u00f6nemlidir. Montaj s\u0131ras\u0131nda, bile\u015fenlerdeki a\u015f\u0131nmay\u0131 en aza indirmek i\u00e7in silindirin m\u00fckemmel \u015fekilde hizaland\u0131\u011f\u0131ndan emin olun. \u00c7al\u0131\u015fma s\u0131ras\u0131nda hareket etmesini \u00f6nlemek i\u00e7in silindiri etkili bir \u015fekilde sabitlemek \u00fczere uygun montaj destekleri kullan\u0131n. Bom silindirinin optimum performans\u0131n\u0131 ve uzun \u00f6mr\u00fcn\u00fc sa\u011flamak i\u00e7in \u00f6nerilen inceleme, onar\u0131m ve de\u011fi\u015ftirme prosed\u00fcrlerini izleyin.<\/p>\n<p><img decoding=\"async\" src=\"https:\/\/www.hydraulic-cylinders.net\/wp-content\/uploads\/2025\/04\/songte-chushion-collar.webp\" alt=\"Yast\u0131k Yaka\" \/><\/p>\n<h2>G\u00fcvenlik Hususlar\u0131 ve \u00c7evresel Fakt\u00f6rler<\/h2>\n<p>Makinelere bom silindirleri entegre edilirken g\u00fcvenlik \u00f6nlemlerine uyulmas\u0131 \u00e7ok \u00f6nemlidir. Hidrolik sistemin d\u00fczg\u00fcn bir \u015fekilde bak\u0131m\u0131, kaza riskini azalt\u0131r; \u00e7\u00fcnk\u00fc ar\u0131zal\u0131 par\u00e7alar ekipman ar\u0131zas\u0131na ve operat\u00f6rler i\u00e7in potansiyel zarara yol a\u00e7abilir. Koruyucu ekipman kullan\u0131m\u0131 ve operat\u00f6rler i\u00e7in d\u00fczenli e\u011fitim gibi g\u00fcvenlik protokollerinin uygulanmas\u0131, g\u00fcvenli bir \u00e7al\u0131\u015fma ortam\u0131 i\u00e7in \u015fartt\u0131r.<\/p>\n<h2>Sorun Giderme ve Yayg\u0131n Sorunlar<\/h2>\n<ul>\n<li><strong>S\u0131z\u0131nt\u0131:<\/strong> Hidrolik s\u0131v\u0131s\u0131 s\u0131z\u0131yorsa, contalar\u0131 ve ba\u011flant\u0131lar\u0131 a\u015f\u0131nma veya hasar a\u00e7\u0131s\u0131ndan kontrol edin. Gerekti\u011finde contalar\u0131 de\u011fi\u015ftirin ve s\u0131z\u0131nt\u0131y\u0131 durdurmak i\u00e7in ba\u011flant\u0131lar\u0131 s\u0131k\u0131n.<\/li>\n<li><strong>Zay\u0131f Performans:<\/strong> Silindir d\u00fczg\u00fcn \u00e7al\u0131\u015fm\u0131yorsa, hidrolik s\u0131v\u0131 seviyelerini ve sistemde \u00e7al\u0131\u015fmay\u0131 engelleyebilecek herhangi bir t\u0131kan\u0131kl\u0131\u011f\u0131 kontrol edin.<\/li>\n<li><strong>Al\u0131\u015f\u0131lmad\u0131k Sesler:<\/strong> \u00c7al\u0131\u015fma s\u0131ras\u0131nda duyulan ses, silindir veya hidrolik sistemde sorun oldu\u011funu g\u00f6sterebilir. Sesin kayna\u011f\u0131n\u0131 ara\u015ft\u0131r\u0131n ve mekanik veya hidrolik ar\u0131zalar\u0131 giderin.<\/li>\n<\/ul>\n<p>Ar\u0131za te\u015fhisi i\u00e7in ipu\u00e7lar\u0131 ve \u00e7\u00f6z\u00fcmler sunmak, operat\u00f6rlerin sorunlar\u0131 etkili bir \u015fekilde \u00e7\u00f6zmelerine yard\u0131mc\u0131 olabilir. D\u00fczenli bak\u0131m ve kontroller bir\u00e7ok sorunu \u00f6nleyerek bom silindirinin i\u015flevsel ve g\u00fcvenilir kalmas\u0131n\u0131 sa\u011flar.<\/p>\n<p><img decoding=\"async\" src=\"https:\/\/www.hydraulic-cylinders.net\/wp-content\/uploads\/2025\/04\/songte-bushings-with-all-kinds-of-excavator-models.webp\" alt=\"Ekskavat\u00f6r Bile\u015fenleri\" \/><\/p>\n<h2>\u015eirketimiz Hakk\u0131nda<\/h2>\n<p>\u00d6nde gelen yedek hidrolik silindir \u00fcreticisi olarak, hem yerel hem de uluslararas\u0131 pazarlara hitap eden geni\u015f bir \u00fcr\u00fcn yelpazesi sunuyoruz. M\u00fckemmelli\u011fe olan ba\u011fl\u0131l\u0131\u011f\u0131m\u0131z, \u00fcr\u00fcn kalitesini art\u0131rmak i\u00e7in \u00fcst d\u00fczey dijital ekipman ve profesyonel test sistemlerinden yararlanan geli\u015fmi\u015f \u00fcretim stratejilerimize yans\u0131maktad\u0131r.<\/p>\n<p>Uzmanl\u0131\u011f\u0131m\u0131z standart \u00fcretimle s\u0131n\u0131rl\u0131 de\u011fildir; m\u00fc\u015fterilerimizin \u00f6zel gereksinimlerini kar\u015f\u0131lamak i\u00e7in \u00f6zelle\u015ftirilmi\u015f hizmetler de sunuyoruz. \u00dcretim kapasitemiz, g\u00fc\u00e7l\u00fc sat\u0131\u015f sonras\u0131 destekle tamamlanarak m\u00fc\u015fterilerimizin \u00fcr\u00fcnlerimizle en iyi deneyimi ya\u015famalar\u0131n\u0131 sa\u011fl\u0131yoruz. Uluslararas\u0131 sertifikalara odaklanmam\u0131z, hidrolik silindir sekt\u00f6r\u00fcnde g\u00fcvenilir bir tedarik\u00e7i olarak konumumuzu daha da sa\u011flamla\u015ft\u0131r\u0131yor.<\/p>\n<p><img decoding=\"async\" src=\"https:\/\/www.hydraulic-cylinders.net\/wp-content\/uploads\/2025\/04\/songte-company-4.webp\" alt=\"\u015eirket Tesisleri\" \/><br \/>\n<img decoding=\"async\" src=\"https:\/\/www.hydraulic-cylinders.net\/wp-content\/uploads\/2025\/04\/songte-company-3.webp\" alt=\"\u015eirket Genel Bak\u0131\u015f\u0131\" \/><\/p>\n<p>Yazar: lyl<\/p>","protected":false},"excerpt":{"rendered":"<p>Boom Cylinder For Liugong Small Excavator CLG915D Overview of the Boom Cylinder The boom cylinder is a crucial component in hydraulic systems, specifically designed for controlling the movement of the bucket in heavy machinery such as excavators, backhoe loaders, and front-end loaders. This hydraulic cylinder allows the bucket to lift, lower, and tilt, facilitating material [&hellip;]<\/p>","protected":false},"featured_media":17869,"comment_status":"open","ping_status":"closed","template":"","meta":{"_et_pb_use_builder":"","_et_pb_old_content":"","_et_gb_content_width":""},"product_brand":[],"product_cat":[1546],"product_tag":[1547,1496],"class_list":{"0":"post-19289","1":"product","2":"type-product","3":"status-publish","4":"has-post-thumbnail","6":"product_cat-boom-cylinders","7":"product_tag-boom-cylinders","8":"product_tag-hydraulic-cylinders","10":"first","11":"instock","12":"shipping-taxable","13":"product-type-simple"},"amp_enabled":true,"_links":{"self":[{"href":"https:\/\/www.hydraulic-cylinders.net\/tr\/wp-json\/wp\/v2\/product\/19289","targetHints":{"allow":["GET"]}}],"collection":[{"href":"https:\/\/www.hydraulic-cylinders.net\/tr\/wp-json\/wp\/v2\/product"}],"about":[{"href":"https:\/\/www.hydraulic-cylinders.net\/tr\/wp-json\/wp\/v2\/types\/product"}],"replies":[{"embeddable":true,"href":"https:\/\/www.hydraulic-cylinders.net\/tr\/wp-json\/wp\/v2\/comments?post=19289"}],"wp:featuredmedia":[{"embeddable":true,"href":"https:\/\/www.hydraulic-cylinders.net\/tr\/wp-json\/wp\/v2\/media\/17869"}],"wp:attachment":[{"href":"https:\/\/www.hydraulic-cylinders.net\/tr\/wp-json\/wp\/v2\/media?parent=19289"}],"wp:term":[{"taxonomy":"product_brand","embeddable":true,"href":"https:\/\/www.hydraulic-cylinders.net\/tr\/wp-json\/wp\/v2\/product_brand?post=19289"},{"taxonomy":"product_cat","embeddable":true,"href":"https:\/\/www.hydraulic-cylinders.net\/tr\/wp-json\/wp\/v2\/product_cat?post=19289"},{"taxonomy":"product_tag","embeddable":true,"href":"https:\/\/www.hydraulic-cylinders.net\/tr\/wp-json\/wp\/v2\/product_tag?post=19289"}],"curies":[{"name":"wp","href":"https:\/\/api.w.org\/{rel}","templated":true}]}}