{"id":19293,"date":"2025-04-07T06:25:27","date_gmt":"2025-04-07T06:25:27","guid":{"rendered":"https:\/\/www.hydraulic-cylinders.net\/product\/boom-cylinder-for-liugong-small-excavator-clg915e\/"},"modified":"2025-04-07T06:25:29","modified_gmt":"2025-04-07T06:25:29","slug":"boom-cylinder-for-liugong-small-excavator-clg915e","status":"publish","type":"product","link":"https:\/\/www.hydraulic-cylinders.net\/tr\/urun\/boom-cylinder-for-liugong-small-excavator-clg915e\/","title":{"rendered":"Liugong CLG915E K\u00fc\u00e7\u00fck Ekskavat\u00f6r \u0130\u00e7in Bom Silindiri"},"content":{"rendered":"<h1>Liugong CLG915E K\u00fc\u00e7\u00fck Ekskavat\u00f6r \u0130\u00e7in Bom Silindiri<\/h1>\n<h2>\u00dcr\u00fcn Genel Bak\u0131\u015f\u0131<\/h2>\n<p>Liugong CLG915E k\u00fc\u00e7\u00fck ekskavat\u00f6r i\u00e7in bom silindiri, ekskavat\u00f6rlerde, kaz\u0131c\u0131 y\u00fckleyicilerde ve \u00f6n y\u00fckleyicilerde bomun hareketini kontrol etmek i\u00e7in tasarlanm\u0131\u015f \u00f6zel bir hidrolik silindirdir. Bu temel bile\u015fen, bomun y\u00fckseltilmesini, al\u00e7alt\u0131lmas\u0131n\u0131 ve e\u011filmesini sa\u011flayarak \u00e7e\u015fitli malzeme ta\u015f\u0131ma g\u00f6revlerini kolayla\u015ft\u0131r\u0131r. Hidrolik sistemlerin hayati bir par\u00e7as\u0131 olan bom silindiri, a\u011f\u0131r makinelerin kaz\u0131 ve y\u00fckleme i\u015flemleri i\u00e7in gerekli hassas hareketleri ger\u00e7ekle\u015ftirmesine olanak tan\u0131yarak verimli \u00e7al\u0131\u015fmay\u0131 sa\u011flar.<\/p>\n<p><img decoding=\"async\" src=\"https:\/\/www.hydraulic-cylinders.net\/wp-content\/uploads\/2025\/04\/songte-company-1.webp\" alt=\"Ekskavat\u00f6rler i\u00e7in Bom Silindiri\"><\/p>\n<h3>Bom Silindirlerinin Tan\u0131m\u0131 ve \u0130\u015flevselli\u011fi<\/h3>\n<p>Bom silindiri, a\u011f\u0131r makinelerin bom kolunun hareketlerini kontrol etmek i\u00e7in \u00f6zel olarak tasarlanm\u0131\u015f bir hidrolik silindir t\u00fcr\u00fcd\u00fcr. Hidrolik enerjiyi mekanik enerjiye d\u00f6n\u00fc\u015ft\u00fcrerek hidrolik sistemlerde kritik bir rol oynar ve bu da bomun \u00e7e\u015fitli i\u015flevleri yerine getirmesini sa\u011flar. Silindir, hidrolik s\u0131v\u0131 ile \u00e7al\u0131\u015fan, kapal\u0131 bir silindir i\u00e7inde hareket eden bir pistondan olu\u015fur. Bu hareket, bomun kald\u0131r\u0131lmas\u0131n\u0131, indirilmesini ve e\u011filmesini sa\u011flayarak kazma, kald\u0131rma ve malzeme ta\u015f\u0131ma gibi i\u015fler i\u00e7in vazge\u00e7ilmez hale getirir. Bom silindirlerinin verimlili\u011fi ve g\u00fcvenilirli\u011fi, in\u015faat makinelerinin genel performans\u0131n\u0131 do\u011frudan etkiler.<\/p>\n<h2>Bom Silindirinin \u00d6zellikleri<\/h2>\n<ul>\n<li><strong>Y\u00fcksek Dayan\u0131kl\u0131l\u0131k ve Dayan\u0131kl\u0131l\u0131k:<\/strong> Y\u00fcksek mukavemetli \u00e7elik veya al\u00fcminyumdan \u00fcretilen bom silindiri, y\u00fcksek bas\u0131nca ve a\u011f\u0131r y\u00fcklere dayanabilir, bu da onu zorlu \u00e7al\u0131\u015fma ko\u015fullar\u0131 i\u00e7in uygun hale getirir. Tasar\u0131m\u0131 a\u015f\u0131nma ve korozyon direncine odaklanm\u0131\u015ft\u0131r, b\u00f6ylece kullan\u0131m \u00f6mr\u00fc uzar.<\/li>\n<li><strong>Verimli Hidrolik \u00c7al\u0131\u015fma:<\/strong> Silindir, d\u00fczg\u00fcn uzama ve geri \u00e7ekilme sa\u011flamak i\u00e7in hidrolik ya\u011f bas\u0131nc\u0131n\u0131 kullan\u0131r, kontrol komutlar\u0131na h\u0131zl\u0131 yan\u0131t verir ve a\u011f\u0131r ve karma\u015f\u0131k i\u015flerin \u00fcstesinden gelmek i\u00e7in ideal olan g\u00fc\u00e7l\u00fc itme ve \u00e7ekme kuvvetleri sunar.<\/li>\n<li><strong>T\u00fcr \u00c7e\u015fitlili\u011fi:<\/strong> Bom silindiri, \u00e7e\u015fitli \u00e7al\u0131\u015fma ihtiya\u00e7lar\u0131n\u0131 kar\u015f\u0131lamak \u00fczere tek etkili (hidrolik kuvveti tek y\u00f6nde kullanan) veya \u00e7ift etkili (hidrolik kuvveti her iki y\u00f6nde kullanan) olarak se\u00e7ilebilir. Baz\u0131 modeller teleskopiktir ve d\u0131\u015f boyutlar\u0131 art\u0131rmadan daha fazla uzatmaya olanak tan\u0131yarak dar alanlarda kullan\u0131m i\u00e7in uygundur.<\/li>\n<\/ul>\n<h2>\u00dcretim Kapasitemiz<\/h2>\n<p>Bu \u00fcr\u00fcn\u00fc \u00fcretebilecek kapasitedeyiz ve silindirlerimiz, Liugong CLG915E k\u00fc\u00e7\u00fck ekskavat\u00f6r\u00fcn\u00fcn mevcut hidrolik silindirlerinin yerini m\u00fckemmel bir \u015fekilde alabilir.<\/p>\n<p><img decoding=\"async\" src=\"https:\/\/www.hydraulic-cylinders.net\/wp-content\/uploads\/2025\/04\/songte-cylinder-head-with-all-kinds-excavator-models.webp\" alt=\"Ekskavat\u00f6r Silindir Modelleri\"><\/p>\n<h2>Uygulama Senaryolar\u0131<\/h2>\n<ul>\n<li><strong>\u0130n\u015faat Ekipmanlar\u0131:<\/strong> Ekskavat\u00f6rlerde, bom silindirleri topra\u011f\u0131 veya molozu kazma, y\u00fckleme ve ta\u015f\u0131ma i\u015flemlerinde hayati \u00f6neme sahiptir. Bomun d\u00fczg\u00fcn ve g\u00fc\u00e7l\u00fc hareketini sa\u011flayarak verimli kaz\u0131 i\u015flemlerini kolayla\u015ft\u0131r\u0131rlar.<\/li>\n<li><strong>Kaz\u0131c\u0131 Y\u00fckleyiciler:<\/strong> Bom silindirleri hem kazma hem de kald\u0131rma i\u015flemlerinde yard\u0131mc\u0131 olduklar\u0131ndan, hareket ve g\u00fc\u00e7 a\u00e7\u0131s\u0131ndan \u00e7ok y\u00f6nl\u00fcl\u00fck gerektiren in\u015faat i\u015fleri i\u00e7in vazge\u00e7ilmezdirler.<\/li>\n<li><strong>Tar\u0131m Makinalar\u0131:<\/strong> \u00d6n y\u00fckleyicilerde, bom silindirleri toprak, saman ve di\u011fer malzemeleri kep\u00e7eyle almak, kald\u0131rmak ve ta\u015f\u0131maktan sorumludur ve bu da tar\u0131msal verimlili\u011fi \u00f6nemli \u00f6l\u00e7\u00fcde art\u0131r\u0131r.<\/li>\n<li><strong>Ekskavat\u00f6rler:<\/strong> Bom silindiri, ekskavat\u00f6r kep\u00e7esinin topra\u011fa n\u00fcfuz etmesini sa\u011flayarak etkili kazma i\u015flemlerini m\u00fcmk\u00fcn k\u0131lar ve genel performans\u0131 art\u0131r\u0131r.<\/li>\n<li><strong>Y\u00fckleyiciler:<\/strong> \u00d6n y\u00fckleyicilerde bu silindirler, y\u00fcklerin verimli bir \u015fekilde kald\u0131r\u0131lmas\u0131na ve bo\u015falt\u0131lmas\u0131na yard\u0131mc\u0131 olarak i\u015flerin h\u0131zl\u0131 ve etkili bir \u015fekilde tamamlanmas\u0131n\u0131 sa\u011flar.<\/li>\n<\/ul>\n<h2>Tasar\u0131m Hususlar\u0131<\/h2>\n<ul>\n<li><strong>Y\u00fck Kapasitesi:<\/strong> Tasar\u0131m, \u00e7al\u0131\u015fma s\u0131ras\u0131nda kar\u015f\u0131la\u015faca\u011f\u0131 maksimum y\u00fck\u00fc kar\u015f\u0131layacak \u015fekilde yap\u0131lmal\u0131d\u0131r. Bu, a\u011f\u0131r hizmet kullan\u0131m\u0131n\u0131n stres ve zorlanmalar\u0131na dayanabilecek malzemelerin se\u00e7ilmesini, g\u00fcvenlik ve i\u015flevselli\u011fin sa\u011flanmas\u0131n\u0131 i\u00e7erir.<\/li>\n<li><strong>S\u0131zd\u0131rmazl\u0131k:<\/strong> Hidrolik s\u0131v\u0131 s\u0131z\u0131nt\u0131s\u0131n\u0131 \u00f6nlemek i\u00e7in do\u011fru s\u0131zd\u0131rmazl\u0131k \u00e7ok \u00f6nemlidir; s\u0131z\u0131nt\u0131lar verimlili\u011fi ve g\u00fcvenli\u011fi tehlikeye atabilir. Bas\u0131nc\u0131 ve performans\u0131 korumak i\u00e7in dayan\u0131kl\u0131 malzemelerden yap\u0131lm\u0131\u015f y\u00fcksek kaliteli contalar \u015fartt\u0131r.<\/li>\n<li><strong>Dayan\u0131kl\u0131l\u0131k:<\/strong> Hidrolik silindir, zorlu ortamlarda s\u00fcrekli kullan\u0131mdan kaynaklanan a\u015f\u0131nma ve y\u0131pranmaya dayanacak \u015fekilde tasarlanmal\u0131d\u0131r. Bu, korozyona ve a\u015f\u0131nmaya kar\u015f\u0131 diren\u00e7li sa\u011flam malzemeler ve kaplamalar kullan\u0131lmas\u0131n\u0131 gerektirir.<\/li>\n<li><strong>Emniyet:<\/strong> Hem ekipman\u0131 hem de operat\u00f6r\u00fc korumak i\u00e7in g\u00fcvenlik \u00f6zellikleri entegre edilmelidir. Bu, \u00e7al\u0131\u015fma s\u0131ras\u0131nda kazalar\u0131 \u00f6nlemek i\u00e7in bas\u0131n\u00e7 tahliye vanalar\u0131n\u0131 ve ar\u0131za emniyet sistemlerini i\u00e7erir.<\/li>\n<li><strong>Bak\u0131m kolayl\u0131\u011f\u0131:<\/strong> Tasar\u0131m, uzun \u00f6m\u00fcr ve g\u00fcvenilirlik sa\u011flamak amac\u0131yla, kritik bile\u015fenlere eri\u015fim, inceleme, ya\u011flama ve de\u011fi\u015ftirme dahil olmak \u00fczere kolay bak\u0131m olana\u011f\u0131 sunmal\u0131d\u0131r.<\/li>\n<\/ul>\n<p><img decoding=\"async\" src=\"https:\/\/www.hydraulic-cylinders.net\/wp-content\/uploads\/2025\/04\/songte-oil-pipes-and-spare-parts.webp\" alt=\"Hidrolik Bile\u015fenler\"><\/p>\n<h2>S\u0131zd\u0131rmazl\u0131k ve Ya\u011flama<\/h2>\n<p>Bir bom silindirinin etkinli\u011fi b\u00fcy\u00fck \u00f6l\u00e7\u00fcde s\u0131zd\u0131rmazl\u0131k ve ya\u011flama sistemlerine ba\u011fl\u0131d\u0131r. Hidrolik bas\u0131nc\u0131 korumak ve s\u0131z\u0131nt\u0131y\u0131 \u00f6nlemek i\u00e7in piston contalar\u0131 ve mil contalar\u0131 gibi \u00e7e\u015fitli contalar kullan\u0131l\u0131r. A\u015f\u0131nmaya dayan\u0131kl\u0131 \u00f6zellikleri nedeniyle poli\u00fcretan ve nitril kau\u00e7uktan yap\u0131lm\u0131\u015f contalar yayg\u0131n olarak kullan\u0131l\u0131r. Ayr\u0131ca, a\u015f\u0131nma direncini art\u0131rmak i\u00e7in silindir g\u00f6vdesi ve di\u015fli u\u00e7lar\u0131 hassas bir \u015fekilde i\u015flenir. Sorunsuz \u00e7al\u0131\u015fmay\u0131 sa\u011flamak, s\u00fcrt\u00fcnmeyi azaltmak ve contalar\u0131n ve silindir bile\u015fenlerinin \u00f6mr\u00fcn\u00fc uzatmak i\u00e7in hidrolik ya\u011f ile d\u00fczenli ya\u011flama \u015fartt\u0131r. Do\u011fru ya\u011flama uygulamalar\u0131, hidrolik sistemlerin performans\u0131n\u0131 ve g\u00fcvenilirli\u011fini \u00f6nemli \u00f6l\u00e7\u00fcde etkileyebilir.<\/p>\n<h2>D\u00fczenli Muayene ve \u00d6nleyici Bak\u0131m<\/h2>\n<ul>\n<li><strong>Rutin Denetimler:<\/strong> Bom silindirinin a\u015f\u0131nma, s\u0131z\u0131nt\u0131 veya hasar belirtileri a\u00e7\u0131s\u0131ndan d\u00fczenli olarak incelenmesi \u00e7ok \u00f6nemlidir. Bu, potansiyel sorunlar\u0131n b\u00fcy\u00fcmeden \u00f6nce belirlenmesine ve g\u00fcvenli \u00e7al\u0131\u015fman\u0131n sa\u011flanmas\u0131na yard\u0131mc\u0131 olur.<\/li>\n<li><strong>Uygun Ya\u011flama:<\/strong> Do\u011fru ya\u011f seviyelerini korumak ve uygun tipte hidrolik s\u0131v\u0131 kullanmak \u00e7ok \u00f6nemlidir. D\u00fczenli ya\u011flama, hidrolik bile\u015fenlerdeki s\u00fcrt\u00fcnmeyi ve a\u015f\u0131nmay\u0131 en aza indirir.<\/li>\n<li><strong>Conta De\u011fi\u015fimi:<\/strong> S\u0131z\u0131nt\u0131lar\u0131 \u00f6nlemek ve bas\u0131n\u00e7 b\u00fct\u00fcnl\u00fc\u011f\u00fcn\u00fc korumak i\u00e7in contalar periyodik olarak a\u015f\u0131nma belirtileri a\u00e7\u0131s\u0131ndan kontrol edilmeli ve gerekti\u011finde de\u011fi\u015ftirilmelidir.<\/li>\n<\/ul>\n<h2>Kurulum Talimatlar\u0131<\/h2>\n<p>Bom silindirinin do\u011fru montaj\u0131, optimum performans i\u00e7in \u00e7ok \u00f6nemlidir. \u00d6ncelikle, montaj alan\u0131n\u0131n temiz ve kal\u0131nt\u0131lardan ar\u0131nd\u0131r\u0131lm\u0131\u015f oldu\u011fundan emin olun. Silindire a\u015f\u0131r\u0131 y\u00fck binmesini \u00f6nlemek i\u00e7in silindiri montaj noktalar\u0131yla do\u011fru \u015fekilde hizalay\u0131n. Silindiri sa\u011flam bir \u015fekilde yerine sabitlemek i\u00e7in uygun montaj braketleri kullan\u0131n. C\u0131vata ve ba\u011flant\u0131 par\u00e7alar\u0131 i\u00e7in tork ayarlar\u0131 konusunda \u00fcreticinin spesifikasyonlar\u0131na uymak \u00f6nemlidir. Montajdan sonra, t\u00fcm ba\u011flant\u0131lar\u0131 s\u0131z\u0131nt\u0131 a\u00e7\u0131s\u0131ndan kontrol edin ve silindirin herhangi bir engel olmadan sorunsuz \u00e7al\u0131\u015ft\u0131\u011f\u0131n\u0131 do\u011frulay\u0131n. Bu y\u00f6nergelere uyulmas\u0131, g\u00fcvenli ve etkili bir hidrolik sistem sa\u011flar.<\/p>\n<h2>Yayg\u0131n Bak\u0131m G\u00f6revleri<\/h2>\n<ul>\n<li><strong>D\u00fczenli Kontroller:<\/strong> Hidrolik sistemde s\u0131k s\u0131k kontroller yapmak, beklenmedik ar\u0131zalar\u0131 \u00f6nleyebilir ve bile\u015fenlerin \u00f6mr\u00fcn\u00fc uzatabilir.<\/li>\n<li><strong>Uygun Ya\u011flama:<\/strong> Hidrolik ya\u011f seviyesini optimum d\u00fczeyde tutmak, bas\u0131nc\u0131 korumak ve silindirin sorunsuz \u00e7al\u0131\u015fmas\u0131n\u0131 sa\u011flamak i\u00e7in kritik \u00f6neme sahiptir.<\/li>\n<li><strong>Conta De\u011fi\u015fimi:<\/strong> A\u015f\u0131nma belirtileri g\u00f6steren contalar\u0131n d\u00fczenli olarak de\u011fi\u015ftirilmesi, hidrolik sistemin b\u00fct\u00fcnl\u00fc\u011f\u00fcn\u00fc korumaya ve s\u0131z\u0131nt\u0131lar\u0131 \u00f6nlemeye yard\u0131mc\u0131 olacakt\u0131r.<\/li>\n<\/ul>\n<h2>G\u00fcvenlik Hususlar\u0131 ve \u00c7evresel Fakt\u00f6rler<\/h2>\n<p>Hidrolik silindirler kullan\u0131l\u0131rken, operat\u00f6rleri ve ekipman\u0131 korumak i\u00e7in g\u00fcvenlik \u00f6nlemlerinin uygulanmas\u0131 hayati \u00f6nem ta\u015f\u0131r. Operat\u00f6rler, hidrolik sistemlerle ili\u015fkili riskleri anlamak ve g\u00fcvenli \u00e7al\u0131\u015fma uygulamalar\u0131n\u0131 takip etmek \u00fczere e\u011fitilmelidir. Ayr\u0131ca, bak\u0131m personeli hidrolik sistemleri incelerken veya onar\u0131rken uygun ki\u015fisel koruyucu ekipman (KKD) giymelidir. \u00c7evresel hususlar aras\u0131nda, d\u00f6k\u00fclmeleri ve \u00e7evreyi kirletebilecek kirlenmeyi \u00f6nlemek i\u00e7in hidrolik s\u0131v\u0131lar\u0131n sorumlu bir \u015fekilde kullan\u0131lmas\u0131 yer al\u0131r.<\/p>\n<h2>Sorun Giderme ve Yayg\u0131n Sorunlar<\/h2>\n<ul>\n<li><strong>S\u0131z\u0131nt\u0131:<\/strong> Hidrolik silindirlerde en s\u0131k kar\u015f\u0131la\u015f\u0131lan sorunlardan biri, genellikle a\u015f\u0131nm\u0131\u015f contalar veya hasarl\u0131 bile\u015fenlerden kaynaklanan s\u0131z\u0131nt\u0131lard\u0131r. D\u00fczenli kontroller, s\u0131z\u0131nt\u0131lar\u0131 erken tespit etmeye ve gidermeye yard\u0131mc\u0131 olabilir.<\/li>\n<li><strong>Zay\u0131f Performans:<\/strong> Bom silindiri d\u00fczg\u00fcn \u00e7al\u0131\u015fm\u0131yorsa, hidrolik s\u0131v\u0131 seviyesinin d\u00fc\u015f\u00fck oldu\u011funu veya sistemde hava s\u0131k\u0131\u015fm\u0131\u015f oldu\u011funu g\u00f6sterebilir. S\u0131v\u0131 seviyelerini kontrol edin ve gerekirse sistemi havaland\u0131r\u0131n.<\/li>\n<li><strong>Al\u0131\u015f\u0131lmad\u0131k Sesler:<\/strong> \u00c7al\u0131\u015fma s\u0131ras\u0131nda duyulan g\u0131c\u0131rt\u0131 veya v\u0131z\u0131lt\u0131 sesleri, silindir i\u00e7indeki mekanik sorunlara i\u015faret edebilir. Sorunu te\u015fhis etmek i\u00e7in detayl\u0131 bir inceleme yap\u0131lmal\u0131d\u0131r.<\/li>\n<\/ul>\n<h2>Sorun Giderme \u0130pu\u00e7lar\u0131<\/h2>\n<p>Bom silindirindeki sorunlar\u0131 etkili bir \u015fekilde te\u015fhis etmek ve \u00e7\u00f6zmek i\u00e7in operat\u00f6rler sistematik bir yakla\u015f\u0131m izlemelidir. \u00d6ncelikle silindir ve bile\u015fenlerinde g\u00f6zle g\u00f6r\u00fcl\u00fcr a\u015f\u0131nma veya hasar belirtilerini kontrol edin. Ard\u0131ndan, hidrolik s\u0131v\u0131 seviyelerini ve kalitesini kontrol ederek s\u0131v\u0131n\u0131n temiz ve gerekli seviyelerde oldu\u011fundan emin olun. S\u0131z\u0131nt\u0131 g\u00f6zlemlenirse, kayna\u011f\u0131 bulun ve a\u015f\u0131nm\u0131\u015f contalar\u0131 derhal de\u011fi\u015ftirin. D\u00fczenli bak\u0131m ve zaman\u0131nda kontroller gibi \u00f6nleyici tedbirlerin uygulanmas\u0131, potansiyel sorunlar\u0131n olu\u015fmas\u0131n\u0131 b\u00fcy\u00fck \u00f6l\u00e7\u00fcde en aza indirerek bom silindirinin uzun \u00f6m\u00fcrl\u00fcl\u00fc\u011f\u00fcn\u00fc ve g\u00fcvenilirli\u011fini sa\u011flayabilir.<\/p>\n<p><img decoding=\"async\" src=\"https:\/\/www.hydraulic-cylinders.net\/wp-content\/uploads\/2025\/04\/songte-bushings-with-all-kinds-of-excavator-models.webp\" alt=\"Ekskavat\u00f6r Bur\u00e7lar\u0131\"><\/p>\n<h2>\u015eirket Tan\u0131t\u0131m\u0131<\/h2>\n<p>Hidrolik silindir yedek par\u00e7alar\u0131 konusunda uzmanla\u015fm\u0131\u015f bir \u00fcreticiyiz ve geni\u015f bir \u00fcr\u00fcn yelpazesi sunarak hem yurt i\u00e7i hem de uluslararas\u0131 pazarlarda \u00f6nde gelen hidrolik silindir \u00fcreticilerinden ve toptanc\u0131lar\u0131ndan biri haline geldik. Geli\u015fmi\u015f bir \u00fcretim at\u00f6lyesi ve end\u00fcstriyel \u00fcretim y\u00f6netim stratejilerine dayanarak m\u00fckemmellik felsefesine ba\u011fl\u0131 kal\u0131yoruz. Ekibimiz, \u00fcretim yeteneklerimizi s\u00fcrekli olarak geli\u015ftirmek i\u00e7in \u00fcst d\u00fczey dijital \u00fcretim ekipmanlar\u0131ndan ve profesyonel test sistemlerinden yararlanan teknik yeteneklerden olu\u015fmaktad\u0131r. Verimlilik, hassasiyet ve kaliteye odaklanarak m\u00fc\u015fterilerimizin \u00e7e\u015fitli ihtiya\u00e7lar\u0131n\u0131 kar\u015f\u0131lamaya \u00e7al\u0131\u015f\u0131yoruz.<\/p>\n<p><img decoding=\"async\" src=\"https:\/\/www.hydraulic-cylinders.net\/wp-content\/uploads\/2025\/04\/songte-company-4.webp\" alt=\"\u015eirket \u00dcretim Tesisi\"><br \/>\n<img decoding=\"async\" src=\"https:\/\/www.hydraulic-cylinders.net\/wp-content\/uploads\/2025\/04\/songte-company-3.webp\" alt=\"\u015eirket Ekipmanlar\u0131\"><\/p>\n<p>Taahh\u00fcd\u00fcm\u00fcz \u00fcretimle s\u0131n\u0131rl\u0131 de\u011fil; profesyonelli\u011fe, uluslararas\u0131 sertifikalara, \u00f6zelle\u015ftirilmi\u015f hizmetlere, son teknoloji \u00fcretim ekipmanlar\u0131na ve ola\u011fan\u00fcst\u00fc sat\u0131\u015f sonras\u0131 deste\u011fe de \u00f6nem veriyoruz.<\/p>\n<p>Yazar: lyl<\/p>","protected":false},"excerpt":{"rendered":"<p>Boom Cylinder For Liugong Small Excavator CLG915E Product Overview The Boom Cylinder for Liugong Small Excavator CLG915E is a specialized hydraulic cylinder designed to control the movement of the boom in excavators, backhoe loaders, and frontend loaders. This essential component enables the boom to be raised, lowered, and tilted, facilitating various material handling tasks. As [&hellip;]<\/p>","protected":false},"featured_media":17873,"comment_status":"open","ping_status":"closed","template":"","meta":{"_et_pb_use_builder":"","_et_pb_old_content":"","_et_gb_content_width":""},"product_brand":[],"product_cat":[1546],"product_tag":[1547,1496],"class_list":{"0":"post-19293","1":"product","2":"type-product","3":"status-publish","4":"has-post-thumbnail","6":"product_cat-boom-cylinders","7":"product_tag-boom-cylinders","8":"product_tag-hydraulic-cylinders","10":"first","11":"instock","12":"shipping-taxable","13":"product-type-simple"},"amp_enabled":true,"_links":{"self":[{"href":"https:\/\/www.hydraulic-cylinders.net\/tr\/wp-json\/wp\/v2\/product\/19293","targetHints":{"allow":["GET"]}}],"collection":[{"href":"https:\/\/www.hydraulic-cylinders.net\/tr\/wp-json\/wp\/v2\/product"}],"about":[{"href":"https:\/\/www.hydraulic-cylinders.net\/tr\/wp-json\/wp\/v2\/types\/product"}],"replies":[{"embeddable":true,"href":"https:\/\/www.hydraulic-cylinders.net\/tr\/wp-json\/wp\/v2\/comments?post=19293"}],"wp:featuredmedia":[{"embeddable":true,"href":"https:\/\/www.hydraulic-cylinders.net\/tr\/wp-json\/wp\/v2\/media\/17873"}],"wp:attachment":[{"href":"https:\/\/www.hydraulic-cylinders.net\/tr\/wp-json\/wp\/v2\/media?parent=19293"}],"wp:term":[{"taxonomy":"product_brand","embeddable":true,"href":"https:\/\/www.hydraulic-cylinders.net\/tr\/wp-json\/wp\/v2\/product_brand?post=19293"},{"taxonomy":"product_cat","embeddable":true,"href":"https:\/\/www.hydraulic-cylinders.net\/tr\/wp-json\/wp\/v2\/product_cat?post=19293"},{"taxonomy":"product_tag","embeddable":true,"href":"https:\/\/www.hydraulic-cylinders.net\/tr\/wp-json\/wp\/v2\/product_tag?post=19293"}],"curies":[{"name":"wp","href":"https:\/\/api.w.org\/{rel}","templated":true}]}}