{"id":19311,"date":"2025-04-07T06:26:15","date_gmt":"2025-04-07T06:26:15","guid":{"rendered":"https:\/\/www.hydraulic-cylinders.net\/product\/boom-cylinder-for-xgma-small-excavator-xg808\/"},"modified":"2025-04-07T06:26:27","modified_gmt":"2025-04-07T06:26:27","slug":"boom-cylinder-for-xgma-small-excavator-xg808","status":"publish","type":"product","link":"https:\/\/www.hydraulic-cylinders.net\/tr\/urun\/boom-cylinder-for-xgma-small-excavator-xg808\/","title":{"rendered":"XGMA XG808 K\u00fc\u00e7\u00fck Ekskavat\u00f6r \u0130\u00e7in Bom Silindiri"},"content":{"rendered":"<h1>XGMA XG808 K\u00fc\u00e7\u00fck Ekskavat\u00f6r \u0130\u00e7in Bom Silindiri<\/h1>\n<h2>Bom Silindirini Anlamak<\/h2>\n<p>XGMA XG808 k\u00fc\u00e7\u00fck ekskavat\u00f6r i\u00e7in \u00f6zel olarak tasarlanm\u0131\u015f olan bom silindiri, a\u011f\u0131r makinelerin hidrolik sisteminde \u00e7ok \u00f6nemli bir bile\u015fendir. Bu hidrolik silindir, bomun hareketini kontrol ederek hassas kald\u0131rma, indirme ve e\u011fme hareketlerine olanak tan\u0131r. Malzeme ta\u015f\u0131ma i\u015flerinde hayati bir rol oynar ve bu nedenle in\u015faat ve tar\u0131mda \u00e7e\u015fitli uygulamalar i\u00e7in vazge\u00e7ilmezdir.<\/p>\n<p>Bu silindirler, y\u00fcksek bas\u0131n\u00e7 ko\u015fullar\u0131nda performans g\u00f6sterecek \u015fekilde tasarlanm\u0131\u015ft\u0131r ve zorlu ortamlarda bile g\u00fcvenilir \u00e7al\u0131\u015fma sa\u011flar. Hidrolik s\u0131v\u0131 kullan\u0131larak, bom silindiri \u00f6nemli bir kuvvet uygulayabilir ve a\u011f\u0131r y\u00fcklerin verimli bir \u015fekilde ta\u015f\u0131nmas\u0131n\u0131 sa\u011flar. Bom silindirinin tasar\u0131m\u0131 sadece i\u015flevselli\u011fe de\u011fil, ayn\u0131 zamanda dayan\u0131kl\u0131l\u0131\u011fa ve bak\u0131ma da odaklanarak uzun bir hizmet \u00f6mr\u00fc sa\u011flar.<\/p>\n<p><img decoding=\"async\" src=\"https:\/\/www.hydraulic-cylinders.net\/wp-content\/uploads\/2025\/04\/songte-company-1.webp\" alt=\"Bom Silindiri G\u00f6r\u00fcnt\u00fcs\u00fc\"><\/p>\n<h2>Bom Silindirinin Temel \u00d6zellikleri<\/h2>\n<ul>\n<li><strong>Y\u00fcksek Dayan\u0131kl\u0131l\u0131k ve Dayan\u0131kl\u0131l\u0131k:<\/strong> Y\u00fcksek mukavemetli \u00e7elik veya al\u00fcminyumdan \u00fcretilen bu silindir, y\u00fcksek bas\u0131nca ve a\u011f\u0131r y\u00fcklere dayan\u0131rken a\u015f\u0131nmaya ve korozyona kar\u015f\u0131 da diren\u00e7lidir ve kullan\u0131m \u00f6mr\u00fcn\u00fc uzat\u0131r.<\/li>\n<li><strong>Verimli Hidrolik \u00c7al\u0131\u015fma:<\/strong> Bom silindiri, d\u00fczg\u00fcn uzatma ve geri \u00e7ekme i\u00e7in hidrolik bas\u0131n\u00e7 kullan\u0131r, kontrol komutlar\u0131na h\u0131zl\u0131 yan\u0131t verilmesini sa\u011flar ve g\u00fc\u00e7l\u00fc itme ve \u00e7ekme kuvveti sunar.<\/li>\n<li><strong>T\u00fcr \u00c7e\u015fitlili\u011fi:<\/strong> Se\u00e7enekler aras\u0131nda tek etkili (hidrolik kuvveti tek y\u00f6nde kullanan) veya \u00e7ift etkili (hidrolik kuvveti her iki y\u00f6nde kullanan) silindirler bulunur; baz\u0131 modeller teleskopik \u00e7al\u0131\u015fma i\u00e7in tasarlanm\u0131\u015ft\u0131r.<\/li>\n<li><strong>\u00d6zelle\u015ftirilebilir \u00c7\u00f6z\u00fcmler:<\/strong> \u00dcr\u00fcnlerimiz, piyasadaki \u00e7e\u015fitli hidrolik silindirlerin yerini m\u00fckemmel bir \u015fekilde alabilir ve farkl\u0131 ekskavat\u00f6r modelleriyle uyumluluk sa\u011flar.<\/li>\n<li><strong>Kolay Bak\u0131m:<\/strong> Kullan\u0131c\u0131 dostu \u00f6zellikleriyle tasarlanan bu \u00fcr\u00fcn, bak\u0131m ve onar\u0131mlar\u0131 kolayla\u015ft\u0131rarak zaman i\u00e7inde optimum performans sa\u011flar.<\/li>\n<\/ul>\n<p><img decoding=\"async\" src=\"https:\/\/www.hydraulic-cylinders.net\/wp-content\/uploads\/2025\/04\/songte-cylinder-head-with-all-kinds-excavator-models.webp\" alt=\"Silindir Kapa\u011f\u0131 G\u00f6r\u00fcnt\u00fcs\u00fc\"><\/p>\n<h2>Bom Silindirinin Uygulamalar\u0131<\/h2>\n<h3>\u0130n\u015faat Ekipmanlar\u0131<\/h3>\n<p>Ekskavat\u00f6rlerde, bom silindirleri kazma, y\u00fckleme ve toprak veya moloz ta\u015f\u0131ma i\u015flemlerinde temel \u00f6neme sahiptir. Bomun \u00e7e\u015fitli y\u00fcksekliklere ve a\u00e7\u0131lara ula\u015fmas\u0131n\u0131 sa\u011flayarak kaz\u0131 i\u015flerini daha verimli hale getirirler. Farkl\u0131 \u00e7al\u0131\u015fma modlar\u0131 aras\u0131nda h\u0131zl\u0131 ge\u00e7i\u015f yapabilme \u00f6zelli\u011fi, \u015fantiyelerde verimlili\u011fi art\u0131r\u0131r.<\/p>\n<h3>Tar\u0131m Makinalar\u0131<\/h3>\n<p>\u00d6n y\u00fckleyicilerde, bom silindirleri toprak, saman ve di\u011fer malzemeleri kep\u00e7elemek, kald\u0131rmak ve ta\u015f\u0131mak i\u00e7in kullan\u0131l\u0131r. Hidrolik sistem, a\u011f\u0131r y\u00fckleri kald\u0131rmak i\u00e7in gerekli g\u00fcc\u00fc sa\u011flayarak, arazi temizleme veya malzeme ta\u015f\u0131ma gibi i\u015fleri daha y\u00f6netilebilir ve verimli hale getirir.<\/p>\n<h3>Ekskavat\u00f6rler<\/h3>\n<p>Ekskavat\u00f6rlerde, bom silindiri, kep\u00e7enin topra\u011fa etkili bir \u015fekilde n\u00fcfuz etmesini sa\u011flayarak kaz\u0131 s\u00fcrecini kolayla\u015ft\u0131r\u0131r. Tasar\u0131m\u0131, kuvvetlerin e\u015fit olarak da\u011f\u0131t\u0131lmas\u0131n\u0131 sa\u011flayarak, zorlu arazilerde bile daha derin kaz\u0131 ve daha istikrarl\u0131 \u00e7al\u0131\u015fma olana\u011f\u0131 sunar.<\/p>\n<h3>Y\u00fckleyiciler<\/h3>\n<p>\u00d6n y\u00fckleyicilerde, bom silindirleri y\u00fcklerin verimli bir \u015fekilde kald\u0131r\u0131lmas\u0131na ve bo\u015falt\u0131lmas\u0131na yard\u0131mc\u0131 olur. H\u0131zl\u0131 bir \u015fekilde uzay\u0131p k\u0131salabilme \u00f6zellikleri, malzemelerin hassas bir \u015fekilde ta\u015f\u0131nmas\u0131n\u0131 sa\u011flayarak ar\u0131za s\u00fcrelerini azalt\u0131r ve genel verimlili\u011fi art\u0131r\u0131r.<\/p>\n<h2>Tasar\u0131m Hususlar\u0131 ve Se\u00e7im Kriterleri<\/h2>\n<h3>Y\u00fck Kapasitesi<\/h3>\n<p>Vin\u00e7 silindiri se\u00e7erken, y\u00fck ta\u015f\u0131ma kapasitesini anlamak \u00e7ok \u00f6nemlidir. Silindir, kald\u0131raca\u011f\u0131 malzemelerin beklenen a\u011f\u0131rl\u0131\u011f\u0131n\u0131 ta\u015f\u0131yabilmelidir. A\u015f\u0131r\u0131 y\u00fckleme, felaketle sonu\u00e7lanabilecek ar\u0131zalara yol a\u00e7abilir; bu nedenle, gerekli \u00f6zelliklere uyan veya bunlar\u0131 a\u015fan bir silindir se\u00e7mek hayati \u00f6nem ta\u015f\u0131r.<\/p>\n<h3>S\u0131zd\u0131rmazl\u0131k<\/h3>\n<p>Etkili s\u0131zd\u0131rmazl\u0131k, hidrolik s\u0131v\u0131 s\u0131z\u0131nt\u0131s\u0131n\u0131 \u00f6nlemek i\u00e7in \u00e7ok \u00f6nemlidir; s\u0131z\u0131nt\u0131lar verimlili\u011fi d\u00fc\u015f\u00fcrebilir ve par\u00e7a ar\u0131zas\u0131na yol a\u00e7abilir. Y\u00fcksek kaliteli contalar, g\u00fcvenilir performans sa\u011flayarak silindirin y\u00fcksek bas\u0131n\u00e7 alt\u0131nda sorunsuz ve verimli \u00e7al\u0131\u015fmas\u0131n\u0131 garanti eder.<\/p>\n<h3>Dayan\u0131kl\u0131l\u0131k<\/h3>\n<p>\u00d6zellikle zorlu \u00e7al\u0131\u015fma ko\u015fullar\u0131nda, bom silindirleri i\u00e7in dayan\u0131kl\u0131l\u0131k \u00e7ok \u00f6nemlidir. Yap\u0131m\u0131nda kullan\u0131lan malzemeler a\u015f\u0131nmaya ve korozyona kar\u015f\u0131 diren\u00e7li olmal\u0131, b\u00f6ylece silindir zaman i\u00e7inde performans\u0131n\u0131 koruyabilmelidir. D\u00fczenli kontroller, a\u015f\u0131nmay\u0131 erken tespit etmeye ve zaman\u0131nda bak\u0131m yap\u0131lmas\u0131na yard\u0131mc\u0131 olabilir.<\/p>\n<h3>Emniyet<\/h3>\n<p>Operat\u00f6rleri ve ekipman\u0131 korumak i\u00e7in bom silindirinin tasar\u0131m\u0131na g\u00fcvenlik \u00f6zellikleri entegre edilmelidir. Bu, bas\u0131n\u00e7 tahliye vanalar\u0131n\u0131n dahil edilmesini ve silindirin beklenmedik y\u00fcklere dayanacak \u015fekilde tasarlanmas\u0131n\u0131 i\u00e7erir.<\/p>\n<h3>Kullan\u0131labilirlik<\/h3>\n<p>Son olarak, bak\u0131m kolayl\u0131\u011f\u0131 kritik bir husustur. \u0130yi tasarlanm\u0131\u015f bir bom silindiri, ekipman\u0131n kullan\u0131m \u00f6mr\u00fc boyunca ar\u0131za s\u00fcresini ve bak\u0131m maliyetlerini azaltarak, par\u00e7alar\u0131n kolayca incelenmesine, onar\u0131lmas\u0131na ve de\u011fi\u015ftirilmesine olanak sa\u011flamal\u0131d\u0131r.<\/p>\n<p><img decoding=\"async\" src=\"https:\/\/www.hydraulic-cylinders.net\/wp-content\/uploads\/2025\/04\/songte-oil-pipes-and-spare-parts.webp\" alt=\"Petrol Borular\u0131 ve Yedek Par\u00e7a G\u00f6rseli\"><\/p>\n<h2>S\u0131zd\u0131rmazl\u0131k ve Ya\u011flama<\/h2>\n<p>Bom silindirlerinin performans\u0131 i\u00e7in etkili s\u0131zd\u0131rmazl\u0131k ve ya\u011flama hayati \u00f6nem ta\u015f\u0131r. Hidrolik bas\u0131nc\u0131 korumak ve s\u0131z\u0131nt\u0131lar\u0131 \u00f6nlemek i\u00e7in piston contalar\u0131 ve mil contalar\u0131 gibi \u00e7e\u015fitli contalar kullan\u0131l\u0131r. Bu contalar genellikle m\u00fckemmel a\u015f\u0131nma direnci sunan poli\u00fcretan veya nitril kau\u00e7uk gibi dayan\u0131kl\u0131 malzemelerden yap\u0131l\u0131r.<\/p>\n<p>Silindir g\u00f6vdesi ve di\u015fli u\u00e7 y\u00fczeyleri, a\u015f\u0131nma direncini art\u0131rmak i\u00e7in ince bir \u015fekilde i\u015flenmelidir. Sorunsuz \u00e7al\u0131\u015fma sa\u011flamak ve s\u00fcrt\u00fcnmeden kaynaklanan hasar\u0131 \u00f6nlemek i\u00e7in hidrolik ya\u011f ile d\u00fczenli ya\u011flama \u015fartt\u0131r. Do\u011fru ya\u011flama, a\u015f\u0131nmay\u0131 en aza indirerek silindirin \u00f6mr\u00fcn\u00fc uzat\u0131r.<\/p>\n<h2>D\u00fczenli Muayene ve \u00d6nleyici Bak\u0131m<\/h2>\n<ul>\n<li><strong>Planl\u0131 Denetimler:<\/strong> D\u00fczenli kontroller, a\u015f\u0131nma veya hasar belirtilerinin ar\u0131zalara yol a\u00e7madan \u00f6nce tespit edilmesine yard\u0131mc\u0131 olur. S\u0131z\u0131nt\u0131lar\u0131, y\u00fczey hasar\u0131n\u0131 ve genel silindir durumunu kontrol etmek \u00e7ok \u00f6nemlidir.<\/li>\n<li><strong>Ya\u011flama Bak\u0131m\u0131:<\/strong> Silindirin yeterince ya\u011flanmas\u0131, a\u015f\u0131r\u0131 a\u015f\u0131nmay\u0131 \u00f6nler ve \u00e7al\u0131\u015fma verimlili\u011fini korur. D\u00fczenli ya\u011flama kontrolleri, rutin bak\u0131m\u0131n bir par\u00e7as\u0131 olmal\u0131d\u0131r.<\/li>\n<li><strong>Conta De\u011fi\u015fimi:<\/strong> Performans\u0131 korumak ve s\u0131z\u0131nt\u0131lar\u0131 \u00f6nlemek i\u00e7in contalar d\u00fczenli olarak de\u011fi\u015ftirilmelidir. Contalar\u0131n durumunu izlemek ve gerekti\u011finde de\u011fi\u015ftirmek, uzun vadeli \u00e7al\u0131\u015fma i\u00e7in \u00e7ok \u00f6nemlidir.<\/li>\n<\/ul>\n<h2>Kurulum Talimatlar\u0131<\/h2>\n<p>Bom silindirinin do\u011fru montaj\u0131, optimum performans i\u00e7in \u00e7ok \u00f6nemlidir. \u00d6ncelikle t\u00fcm montaj noktalar\u0131n\u0131n temiz ve kal\u0131nt\u0131lardan ar\u0131nd\u0131r\u0131lm\u0131\u015f oldu\u011fundan emin olun. Silindiri, makinenin mevcut montaj noktalar\u0131yla do\u011fru \u015fekilde hizalay\u0131n ve yerine sabitlemek i\u00e7in uygun destek braketlerini kullan\u0131n. T\u00fcm hidrolik ba\u011flant\u0131lar\u0131n s\u0131k\u0131 ve s\u0131z\u0131nt\u0131s\u0131z oldu\u011fundan emin olun ve \u00e7al\u0131\u015ft\u0131rmadan \u00f6nce do\u011fru bas\u0131n\u00e7 ayarlar\u0131n\u0131 kontrol edin. Bu ad\u0131mlar\u0131 izlemek, silindirin kullan\u0131m \u00f6mr\u00fc boyunca verimli ve g\u00fcvenli bir \u015fekilde \u00e7al\u0131\u015fmas\u0131n\u0131 sa\u011flamaya yard\u0131mc\u0131 olacakt\u0131r.<\/p>\n<h2>Yayg\u0131n Bak\u0131m G\u00f6revleri<\/h2>\n<ul>\n<li><strong>D\u00fczenli Denetimler:<\/strong> D\u00fczenli kontroller yapmak hayati \u00f6nem ta\u015f\u0131r. \u00c7al\u0131\u015fma s\u0131ras\u0131nda a\u015f\u0131nma belirtilerine, s\u0131z\u0131nt\u0131lara veya ola\u011fand\u0131\u015f\u0131 seslere dikkat edin. Sorunlar\u0131n erken tespiti, maliyetli onar\u0131mlar\u0131 \u00f6nleyebilir.<\/li>\n<li><strong>Uygun Ya\u011flama:<\/strong> S\u00fcrt\u00fcnmeyi ve a\u015f\u0131nmay\u0131 en aza indirmek i\u00e7in silindiri d\u00fczenli olarak ya\u011flay\u0131n. \u00d6nerilen hidrolik ya\u011f t\u00fcr\u00fcn\u00fc kullan\u0131n ve ya\u011flama aral\u0131klar\u0131 i\u00e7in \u00fcreticinin y\u00f6nergelerini izleyin.<\/li>\n<li><strong>Conta De\u011fi\u015fimi ve Kalibrasyonu:<\/strong> Contalar\u0131 a\u015f\u0131nma belirtileri a\u00e7\u0131s\u0131ndan kontrol edin ve gerekti\u011finde de\u011fi\u015ftirin. Optimum performans ve bile\u015fenler aras\u0131nda senkronizasyon sa\u011flamak i\u00e7in hidrolik sistemi d\u00fczenli olarak kalibre edin.<\/li>\n<\/ul>\n<p>Bom silindirinin i\u015flevselli\u011fini korumak i\u00e7in do\u011fru montaj, ya\u011flama ve ayarlama \u00e7ok \u00f6nemlidir. Do\u011fru montaj braketlerini kullanmak ve hizalama ipu\u00e7lar\u0131n\u0131 takip etmek, performans\u0131 \u00f6nemli \u00f6l\u00e7\u00fcde art\u0131rabilir ve silindirin kullan\u0131m \u00f6mr\u00fcn\u00fc uzatabilir.<\/p>\n<p><img decoding=\"async\" src=\"https:\/\/www.hydraulic-cylinders.net\/wp-content\/uploads\/2025\/04\/songte-chushion-collar.webp\" alt=\"Yast\u0131k Yaka G\u00f6rseli\"><\/p>\n<h2>G\u00fcvenlik Hususlar\u0131 ve \u00c7evresel Fakt\u00f6rler<\/h2>\n<p>Bom silindirlerinin \u00e7al\u0131\u015ft\u0131r\u0131lmas\u0131 ve bak\u0131m\u0131 s\u0131ras\u0131nda g\u00fcvenlik \u00f6nlemleri son derece \u00f6nemlidir. Kazalar\u0131 \u00f6nlemek i\u00e7in her zaman \u00fcreticinin y\u00f6nergelerine ve g\u00fcvenlik protokollerine uyun. Bak\u0131m i\u015flemleri s\u0131ras\u0131nda uygun koruyucu ekipman giyilmelidir. Ayr\u0131ca, hava ko\u015fullar\u0131 gibi \u00e7evresel fakt\u00f6rler performans\u0131 etkileyebilir, bu nedenle operat\u00f6rler bunun fark\u0131nda olmal\u0131 ve gerekli \u00f6nlemleri almal\u0131d\u0131r.<\/p>\n<h2>Yayg\u0131n Sorunlar\u0131n Giderilmesi<\/h2>\n<ul>\n<li><strong>S\u0131z\u0131nt\u0131:<\/strong> Hidrolik s\u0131v\u0131s\u0131 s\u0131z\u0131yorsa, contalarda hasar olup olmad\u0131\u011f\u0131n\u0131 kontrol edin ve t\u00fcm ba\u011flant\u0131lar\u0131n s\u0131k\u0131 oldu\u011fundan emin olun. A\u015f\u0131nm\u0131\u015f contalar\u0131 de\u011fi\u015ftirin ve gerekirse ba\u011flant\u0131lar\u0131 s\u0131k\u0131n.<\/li>\n<li><strong>Tutarl\u0131 Olmayan \u0130\u015flem:<\/strong> Silindir do\u011fru \u00e7al\u0131\u015fm\u0131yorsa, hidrolik sistemde hava olup olmad\u0131\u011f\u0131n\u0131 veya s\u0131v\u0131 seviyesinin d\u00fc\u015f\u00fck olup olmad\u0131\u011f\u0131n\u0131 kontrol edin. Sistemi havas\u0131n\u0131 al\u0131n ve s\u0131v\u0131 seviyelerinin do\u011fru oldu\u011fundan emin olun.<\/li>\n<li><strong>Beklenmedik Sesler:<\/strong> Ola\u011fand\u0131\u015f\u0131 sesler, i\u00e7 a\u015f\u0131nma veya hasar\u0131n belirtisi olabilir. Silindiri a\u015f\u0131nma a\u00e7\u0131s\u0131ndan inceleyin ve sorun devam ederse bir teknisyene dan\u0131\u015fmay\u0131 d\u00fc\u015f\u00fcn\u00fcn.<\/li>\n<\/ul>\n<p>Olas\u0131 sorunlar\u0131 en aza indirmek i\u00e7in, d\u00fczenli bak\u0131m kontrolleri ve do\u011fru kullan\u0131m e\u011fitimi gibi proaktif \u00f6nlemler \u015fartt\u0131r. Bu ad\u0131mlar, bom silindirinin sorunsuz ve verimli \u00e7al\u0131\u015fmas\u0131n\u0131 sa\u011flamaya yard\u0131mc\u0131 olabilir.<\/p>\n<p><img decoding=\"async\" src=\"https:\/\/www.hydraulic-cylinders.net\/wp-content\/uploads\/2025\/04\/songte-bushings-with-all-kinds-of-excavator-models.webp\" alt=\"Bur\u00e7lar G\u00f6r\u00fcnt\u00fcs\u00fc\"><\/p>\n<h2>\u015eirketimiz Hakk\u0131nda<\/h2>\n<p>\u00d6nde gelen yedek hidrolik silindir \u00fcreticisi olarak, kapsaml\u0131 bir \u00fcr\u00fcn yelpazesi sunuyoruz. M\u00fckemmelli\u011fe olan ba\u011fl\u0131l\u0131\u011f\u0131m\u0131z, bizi hem yurt i\u00e7i hem de uluslararas\u0131 pazarlarda en iyi hidrolik silindir \u00fcreticilerinden ve toptanc\u0131lar\u0131ndan biri haline getirdi. Geli\u015fmi\u015f \u00fcretim stratejileri ve ileri \u00fcretim y\u00f6netimi kullanarak \u00fcst\u00fcn kaliteye odaklan\u0131yoruz. Yetenekli teknik ekibimiz, \u00fcretim kapasitemizi art\u0131rmak i\u00e7in \u00fcst d\u00fczey dijital \u00fcretim ekipmanlar\u0131 ve profesyonel test sistemleri kullanmaktad\u0131r.<\/p>\n<p>M\u00fc\u015fterilerimizin farkl\u0131 ihtiya\u00e7lar\u0131n\u0131 kar\u015f\u0131lamak i\u00e7in \u00f6zelle\u015ftirilmi\u015f hizmetler sunarak \u00fcr\u00fcnlerimizin y\u00fcksek verimlilik, hassasiyet ve kaliteye sahip olmas\u0131n\u0131 sa\u011fl\u0131yoruz. Sat\u0131\u015f sonras\u0131 hizmetimiz, m\u00fc\u015fterilerimize kurulum, bak\u0131m ve sat\u0131n alma sonras\u0131 her t\u00fcrl\u00fc soruda destek sa\u011flamaya adanm\u0131\u015ft\u0131r.<\/p>\n<p><img decoding=\"async\" src=\"https:\/\/www.hydraulic-cylinders.net\/wp-content\/uploads\/2025\/04\/songte-company-4.webp\" alt=\"\u015eirket \u0130maj\u0131\"><br \/>\n<img decoding=\"async\" src=\"https:\/\/www.hydraulic-cylinders.net\/wp-content\/uploads\/2025\/04\/songte-company-3.webp\" alt=\"\u015eirket \u0130maj\u0131\"><\/p>\n<p>Yazar: lyl<\/p>","protected":false},"excerpt":{"rendered":"<p>Boom Cylinder For XGMA Small Excavator XG808 Understanding the Boom Cylinder The boom cylinder, specifically designed for the XGMA Small Excavator XG808, is a crucial component in the hydraulic system of heavy machinery. This hydraulic cylinder is responsible for controlling the movement of the boom, allowing for precise lifting, lowering, and tilting motions. It plays [&hellip;]<\/p>","protected":false},"featured_media":17876,"comment_status":"open","ping_status":"closed","template":"","meta":{"_et_pb_use_builder":"","_et_pb_old_content":"","_et_gb_content_width":""},"product_brand":[],"product_cat":[1546],"product_tag":[1547,1496],"class_list":{"0":"post-19311","1":"product","2":"type-product","3":"status-publish","4":"has-post-thumbnail","6":"product_cat-boom-cylinders","7":"product_tag-boom-cylinders","8":"product_tag-hydraulic-cylinders","10":"first","11":"instock","12":"shipping-taxable","13":"product-type-simple"},"amp_enabled":true,"_links":{"self":[{"href":"https:\/\/www.hydraulic-cylinders.net\/tr\/wp-json\/wp\/v2\/product\/19311","targetHints":{"allow":["GET"]}}],"collection":[{"href":"https:\/\/www.hydraulic-cylinders.net\/tr\/wp-json\/wp\/v2\/product"}],"about":[{"href":"https:\/\/www.hydraulic-cylinders.net\/tr\/wp-json\/wp\/v2\/types\/product"}],"replies":[{"embeddable":true,"href":"https:\/\/www.hydraulic-cylinders.net\/tr\/wp-json\/wp\/v2\/comments?post=19311"}],"wp:featuredmedia":[{"embeddable":true,"href":"https:\/\/www.hydraulic-cylinders.net\/tr\/wp-json\/wp\/v2\/media\/17876"}],"wp:attachment":[{"href":"https:\/\/www.hydraulic-cylinders.net\/tr\/wp-json\/wp\/v2\/media?parent=19311"}],"wp:term":[{"taxonomy":"product_brand","embeddable":true,"href":"https:\/\/www.hydraulic-cylinders.net\/tr\/wp-json\/wp\/v2\/product_brand?post=19311"},{"taxonomy":"product_cat","embeddable":true,"href":"https:\/\/www.hydraulic-cylinders.net\/tr\/wp-json\/wp\/v2\/product_cat?post=19311"},{"taxonomy":"product_tag","embeddable":true,"href":"https:\/\/www.hydraulic-cylinders.net\/tr\/wp-json\/wp\/v2\/product_tag?post=19311"}],"curies":[{"name":"wp","href":"https:\/\/api.w.org\/{rel}","templated":true}]}}