{"id":19312,"date":"2025-04-07T06:26:28","date_gmt":"2025-04-07T06:26:28","guid":{"rendered":"https:\/\/www.hydraulic-cylinders.net\/product\/boom-cylinder-for-xgma-small-excavator-xg809e\/"},"modified":"2025-04-07T06:26:31","modified_gmt":"2025-04-07T06:26:31","slug":"boom-cylinder-for-xgma-small-excavator-xg809e","status":"publish","type":"product","link":"https:\/\/www.hydraulic-cylinders.net\/tr\/urun\/boom-cylinder-for-xgma-small-excavator-xg809e\/","title":{"rendered":"XGMA XG809E K\u00fc\u00e7\u00fck Ekskavat\u00f6r \u0130\u00e7in Bom Silindiri"},"content":{"rendered":"<h1>XGMA XG809E K\u00fc\u00e7\u00fck Ekskavat\u00f6r \u0130\u00e7in Bom Silindiri<\/h1>\n<h2>Bom Silindirine Giri\u015f<\/h2>\n<p>XGMA XG809E k\u00fc\u00e7\u00fck ekskavat\u00f6r i\u00e7in bom silindiri, ekskavat\u00f6rlerin hidrolik sistemlerinde \u00e7ok \u00f6nemli bir bile\u015fendir. \u00d6zellikle bomun hareketini kontrol etmek ve \u00e7e\u015fitli i\u015flemleri m\u00fcmk\u00fcn k\u0131lmak i\u00e7in tasarlanm\u0131\u015ft\u0131r. Bu hidrolik silindir, bomun y\u00fckselmesini, al\u00e7alt\u0131lmas\u0131n\u0131 ve e\u011filmesini sa\u011flayarak malzeme ta\u015f\u0131ma g\u00f6revlerini etkili bir \u015fekilde kolayla\u015ft\u0131r\u0131r. Bir t\u00fcr hidrolik silindir olan kova silindiri, kova, kaz\u0131c\u0131 ve \u00f6n y\u00fckleyici gibi a\u011f\u0131r makine ata\u015fmanlar\u0131n\u0131n hareketini kontrol etmek i\u00e7in gereklidir. Hidrolik bas\u0131nc\u0131 kullanarak, bu silindirler a\u011f\u0131r y\u00fckleri kald\u0131rmak ve manevra yapmak i\u00e7in gerekli kuvveti sa\u011flayarak \u015fantiyelerde verimlili\u011fi art\u0131r\u0131r.<\/p>\n<p><img decoding=\"async\" src=\"https:\/\/www.hydraulic-cylinders.net\/wp-content\/uploads\/2025\/04\/songte-company-1.webp\" alt=\"Bom Silindiri G\u00f6r\u00fcnt\u00fcs\u00fc\"><\/p>\n<h2>Bom Silindirinin \u00d6zellikleri<\/h2>\n<ul>\n<li><strong>Y\u00fcksek Dayan\u0131kl\u0131l\u0131k ve Dayan\u0131kl\u0131l\u0131k:<\/strong> Genellikle y\u00fcksek mukavemetli \u00e7elik veya al\u00fcminyumdan \u00fcretilen bu silindirler, y\u00fcksek bas\u0131nca ve a\u011f\u0131r y\u00fcklere dayanacak \u015fekilde tasarlanm\u0131\u015ft\u0131r ve bu da onlar\u0131 zorlu \u00e7al\u0131\u015fma ortamlar\u0131 i\u00e7in uygun hale getirir. A\u015f\u0131nma ve korozyon direnci g\u00f6z \u00f6n\u00fcnde bulundurularak tasarlanm\u0131\u015flard\u0131r, bu da \u00e7al\u0131\u015fma \u00f6m\u00fcrlerini uzat\u0131r.<\/li>\n<li><strong>Verimli Hidrolik \u00c7al\u0131\u015fma:<\/strong> Hidrolik ya\u011f bas\u0131nc\u0131n\u0131 kullanan bom silindiri, d\u00fczg\u00fcn uzama ve geri \u00e7ekilme sa\u011flayarak operat\u00f6r komutlar\u0131na h\u0131zl\u0131 yan\u0131t vermeyi m\u00fcmk\u00fcn k\u0131lar ve a\u011f\u0131r ve karma\u015f\u0131k i\u015flerin \u00fcstesinden gelmek i\u00e7in ideal olan \u00f6nemli bir itme ve \u00e7ekme g\u00fcc\u00fc sunar.<\/li>\n<li><strong>\u00c7e\u015fitli T\u00fcrler:<\/strong> Bom silindirleri, farkl\u0131 \u00e7al\u0131\u015fma ihtiya\u00e7lar\u0131na cevap verecek \u015fekilde tek y\u00f6nl\u00fc (tek y\u00f6nde \u00e7al\u0131\u015fan) veya \u00e7ift y\u00f6nl\u00fc (iki y\u00f6nde \u00e7al\u0131\u015fan) konfig\u00fcrasyonlarda mevcuttur. Baz\u0131 modeller teleskopiktir ve d\u0131\u015f boyutlar\u0131 art\u0131rmadan \u00f6nemli \u00f6l\u00e7\u00fcde uzatmaya olanak tan\u0131yarak, s\u0131n\u0131rl\u0131 alan gerektiren uygulamalar i\u00e7in uygun hale gelir.<\/li>\n<li><strong>Hassas M\u00fchendislik:<\/strong> Her bir silindir, in\u015faat ve tar\u0131m uygulamalar\u0131nda verimlili\u011fin korunmas\u0131 i\u00e7in hayati \u00f6nem ta\u015f\u0131yan optimum performans ve g\u00fcvenilirli\u011fi sa\u011flamak \u00fczere hassas bir \u015fekilde \u00fcretilmi\u015ftir.<\/li>\n<li><strong>Uyumluluk:<\/strong> Bom silindirlerimiz, mevcut hidrolik silindirlerin yerini m\u00fckemmel bir \u015fekilde alarak ekipman\u0131n\u0131zda sorunsuz entegrasyon ve i\u015flevsellik sa\u011flar.<\/li>\n<\/ul>\n<p><img decoding=\"async\" src=\"https:\/\/www.hydraulic-cylinders.net\/wp-content\/uploads\/2025\/04\/songte-cylinder-head-with-all-kinds-excavator-models.webp\" alt=\"Uyumlu Modeller\"><\/p>\n<h2>Bom Silindirinin Uygulamalar\u0131<\/h2>\n<h3>\u0130n\u015faat Ekipmanlar\u0131<\/h3>\n<p>Ekskavat\u00f6r gibi in\u015faat makinelerinde, bom silindiri toprak veya moloz kazma, y\u00fckleme ve ta\u015f\u0131ma i\u015flemlerinde hayati \u00f6neme sahiptir. Bomun y\u00fcksekli\u011fini ve a\u00e7\u0131s\u0131n\u0131 kontrol edebilme \u00f6zelli\u011fi, etkili kaz\u0131 i\u015flemlerine olanak tan\u0131r. Kaz\u0131c\u0131 y\u00fckleyiciler de hem kazma hem de kald\u0131rma i\u015flevleri i\u00e7in b\u00fcy\u00fck \u00f6l\u00e7\u00fcde bom silindirine ba\u011f\u0131ml\u0131d\u0131r ve bu da onu \u00e7e\u015fitli in\u015faat i\u015flerinde vazge\u00e7ilmez bir par\u00e7a haline getirir.<\/p>\n<h3>Tar\u0131m Makinalar\u0131<\/h3>\n<p>\u00d6n y\u00fckleyiciler gibi tar\u0131m ekipmanlar\u0131nda, bom silindirleri toprak, saman ve di\u011fer malzemeleri kep\u00e7elemek, kald\u0131rmak ve ta\u015f\u0131mak i\u00e7in kullan\u0131l\u0131r. G\u00fcvenilirlikleri, \u00e7ift\u00e7ilerin g\u00f6revleri verimli bir \u015fekilde yerine getirmelerini sa\u011flayarak farkl\u0131 tar\u0131m faaliyetlerinde verimlili\u011fi art\u0131r\u0131r.<\/p>\n<h3>Ekskavat\u00f6rler<\/h3>\n<p>Ekskavat\u00f6rlerde, bom silindirleri kep\u00e7enin zemine n\u00fcfuz etmesini sa\u011flayarak kazma i\u015flemlerini kolayla\u015ft\u0131r\u0131r. Sa\u011flam tasar\u0131mlar\u0131, y\u00fcksek performansl\u0131 kaz\u0131 g\u00f6revlerini destekleyerek operat\u00f6rlerin \u00e7e\u015fitli ko\u015fullarda malzeme ta\u015f\u0131mas\u0131n\u0131 etkili bir \u015fekilde y\u00f6netebilmelerini sa\u011flar.<\/p>\n<h3>Y\u00fckleyiciler<\/h3>\n<p>\u00d6n y\u00fckleyicilerde, bom silindirleri y\u00fcklerin kald\u0131r\u0131lmas\u0131na ve bo\u015falt\u0131lmas\u0131na yard\u0131mc\u0131 olur. G\u00fc\u00e7l\u00fc kald\u0131rma kapasitesi sa\u011flama yetenekleri, etkili malzeme ta\u015f\u0131ma i\u00e7in hayati \u00f6neme sahiptir ve bu nedenle in\u015faat ve lojistik operasyonlar\u0131 i\u00e7in \u00e7ok \u00f6nemlidir.<\/p>\n<h2>Tasar\u0131m Hususlar\u0131 ve Se\u00e7im Kriterleri<\/h2>\n<h3>Y\u00fck Kapasitesi<\/h3>\n<p>Bom silindirinin y\u00fck ta\u015f\u0131ma kapasitesi, kritik bir tasar\u0131m unsurudur. Ekipman\u0131n \u00e7al\u0131\u015fma s\u0131ras\u0131nda kar\u015f\u0131la\u015faca\u011f\u0131 maksimum a\u011f\u0131rl\u0131\u011f\u0131 kald\u0131rabilmelidir. Y\u00fck ta\u015f\u0131ma kapasitesine ili\u015fkin \u00f6zel gereksinimleri anlamak, t\u00fcm uygulamalarda g\u00fcvenlik ve verimlili\u011fi sa\u011flamak i\u00e7in \u00e7ok \u00f6nemlidir.<\/p>\n<h3>S\u0131zd\u0131rmazl\u0131k Performans\u0131<\/h3>\n<p>Etkili s\u0131zd\u0131rmazl\u0131k, silindir i\u00e7indeki hidrolik bas\u0131nc\u0131n korunmas\u0131 i\u00e7in hayati \u00f6neme sahiptir. Y\u00fcksek kaliteli contalar s\u0131z\u0131nt\u0131lar\u0131 \u00f6nler ve hidrolik sistemin verimli \u00e7al\u0131\u015fmas\u0131n\u0131 sa\u011flar. Poli\u00fcretan veya nitril kau\u00e7uk gibi do\u011fru s\u0131zd\u0131rmazl\u0131k malzemelerinin se\u00e7ilmesi, uzun \u00f6m\u00fcrl\u00fc performans sa\u011flar ve bak\u0131m ihtiya\u00e7lar\u0131n\u0131 azalt\u0131r.<\/p>\n<h3>Dayan\u0131kl\u0131l\u0131k<\/h3>\n<p>Bom silindirlerinin tasar\u0131m\u0131nda dayan\u0131kl\u0131l\u0131k \u00f6nemli bir fakt\u00f6rd\u00fcr. Y\u00fcksek bas\u0131n\u00e7, s\u0131cakl\u0131k de\u011fi\u015fimleri ve zorlu \u00e7evre ko\u015fullar\u0131na maruz kalma gibi a\u015f\u0131r\u0131 \u015fartlara dayanmalar\u0131 gerekir. Uzun vadeli operasyonel ba\u015far\u0131 i\u00e7in dayan\u0131kl\u0131l\u0131\u011f\u0131 art\u0131ran malzeme ve tasar\u0131mlar\u0131n se\u00e7imi \u015fartt\u0131r.<\/p>\n<h3>G\u00fcvenlik \u00d6zellikleri<\/h3>\n<p>Bom silindirlerinin tasar\u0131m\u0131na g\u00fcvenlik \u00f6nlemleri entegre edilmelidir. Bu, operat\u00f6rleri ve makineleri potansiyel tehlikelerden koruyan ar\u0131za emniyet sistemlerini ve bas\u0131n\u00e7 tahliye vanalar\u0131n\u0131 i\u00e7erir. Se\u00e7im s\u00fcrecinde g\u00fcvenlik \u00f6zelliklerinin de\u011ferlendirilmesi, operasyonlar\u0131n genel g\u00fcvenli\u011fini sa\u011flamak i\u00e7in kritik \u00f6neme sahiptir.<\/p>\n<h3>Bak\u0131m Kolayl\u0131\u011f\u0131<\/h3>\n<p>Bom silindiri tasarlan\u0131rken bak\u0131m hususlar\u0131 \u00e7ok \u00f6nemlidir. Muayene, onar\u0131m ve yedek par\u00e7a teminini kolayla\u015ft\u0131ran \u00f6zellikler, ar\u0131za s\u00fcrelerini \u00f6nemli \u00f6l\u00e7\u00fcde azaltabilir ve operasyonel verimlili\u011fi art\u0131rabilir. \u0130yi tasarlanm\u0131\u015f bir silindir, optimum durumda kalmas\u0131 i\u00e7in basit bak\u0131m prosed\u00fcrleri sunmal\u0131d\u0131r.<\/p>\n<p><img decoding=\"async\" src=\"https:\/\/www.hydraulic-cylinders.net\/wp-content\/uploads\/2025\/04\/songte-oil-pipes-and-spare-parts.webp\" alt=\"Hidrolik Par\u00e7alar\"><\/p>\n<h2>S\u0131zd\u0131rmazl\u0131k ve Ya\u011flama<\/h2>\n<p>Bom silindirlerinin etkili \u00e7al\u0131\u015fmas\u0131 i\u00e7in uygun s\u0131zd\u0131rmazl\u0131k ve ya\u011flama \u015fartt\u0131r. Piston contalar\u0131 ve mil contalar\u0131 gibi \u00e7e\u015fitli contalar, s\u0131z\u0131nt\u0131lar\u0131 \u00f6nlemede ve hidrolik bas\u0131nc\u0131 korumada \u00f6nemli roller oynar. Poli\u00fcretan ve nitril kau\u00e7uk gibi dayan\u0131kl\u0131 malzemelerden yap\u0131lm\u0131\u015f contalar, zorlu ortamlarda uzun \u00f6m\u00fcr ve g\u00fcvenilirlik sa\u011flar. Silindir g\u00f6vdesinin ve di\u015fli u\u00e7lar\u0131n\u0131n y\u00fczeyleri, a\u015f\u0131nma direncini art\u0131rmak i\u00e7in hassas bir \u015fekilde i\u015flenmi\u015ftir. Silindirin en iyi \u015fekilde \u00e7al\u0131\u015fmas\u0131n\u0131 sa\u011flamak ve erken a\u015f\u0131nmay\u0131 veya ar\u0131zay\u0131 \u00f6nlemek i\u00e7in, ya\u011flama i\u00e7in zaman\u0131nda hidrolik ya\u011f eklenmesi de dahil olmak \u00fczere d\u00fczenli bak\u0131m gereklidir.<\/p>\n<h2>\u00d6nleyici Bak\u0131m \u00d6nlemleri<\/h2>\n<ul>\n<li><strong>D\u00fczenli Denetimler:<\/strong> Bom silindirinin d\u00fczenli olarak kontrol edilmesi, a\u015f\u0131nma veya hasar belirtilerinin erken tespit edilmesine ve ilerleyen s\u00fcre\u00e7te b\u00fcy\u00fck sorunlar\u0131n \u00f6nlenmesine yard\u0131mc\u0131 olur.<\/li>\n<li><strong>Uygun Ya\u011flama:<\/strong> Silindirin yeterince ya\u011flanmas\u0131, sorunsuz \u00e7al\u0131\u015fma i\u00e7in \u00e7ok \u00f6nemlidir. \u00dcreticinin ya\u011flama aral\u0131klar\u0131 ve t\u00fcrleri hakk\u0131ndaki \u00f6nerilerine uyulmas\u0131, silindirin \u00f6mr\u00fcn\u00fc \u00f6nemli \u00f6l\u00e7\u00fcde uzatacakt\u0131r.<\/li>\n<li><strong>Conta De\u011fi\u015fimi:<\/strong> S\u0131zd\u0131rmazl\u0131k elemanlar\u0131n\u0131n durumunu izlemek hayati \u00f6nem ta\u015f\u0131r. A\u015f\u0131nm\u0131\u015f veya hasar g\u00f6rm\u00fc\u015f contalar\u0131n derhal de\u011fi\u015ftirilmesi s\u0131z\u0131nt\u0131lar\u0131 \u00f6nler ve hidrolik bas\u0131nc\u0131 korur.<\/li>\n<\/ul>\n<h2>Kurulum Talimatlar\u0131<\/h2>\n<p>Bom silindirinin do\u011fru montaj\u0131, optimum performans i\u00e7in \u00e7ok \u00f6nemlidir. Montaja ba\u015flamadan \u00f6nce t\u00fcm bile\u015fenlerin temiz ve kal\u0131nt\u0131lardan ar\u0131nd\u0131r\u0131lm\u0131\u015f oldu\u011fundan emin olun. Bile\u015fenler \u00fczerinde gereksiz gerilimi \u00f6nlemek i\u00e7in silindiri montaj noktalar\u0131yla do\u011fru \u015fekilde hizalay\u0131n. Silindiri sa\u011flam bir \u015fekilde yerine sabitlemek i\u00e7in uygun montaj braketlerini kullanman\u0131z \u00f6nerilir. Tork ayarlar\u0131 ve ba\u011flant\u0131 tipleri i\u00e7in \u00fcreticinin spesifikasyonlar\u0131na uymak, silindirin g\u00fcvenilirli\u011fini art\u0131racakt\u0131r. Montajdan sonra, ekipman\u0131 \u00e7al\u0131\u015ft\u0131rmadan \u00f6nce her \u015feyin do\u011fru \u00e7al\u0131\u015ft\u0131\u011f\u0131ndan emin olmak i\u00e7in kapsaml\u0131 bir kontrol yap\u0131n.<\/p>\n<h2>Yayg\u0131n Bak\u0131m G\u00f6revleri<\/h2>\n<ul>\n<li><strong>D\u00fczenli Denetimler:<\/strong> S\u0131z\u0131nt\u0131lar\u0131, a\u015f\u0131nmay\u0131 veya ola\u011fand\u0131\u015f\u0131 hasar belirtilerini d\u00fczenli olarak kontrol edin. Erken tespit, \u00f6nemli ar\u0131zalar\u0131 \u00f6nleyebilir.<\/li>\n<li><strong>Uygun Ya\u011flama:<\/strong> Verimlili\u011fini ve uzun \u00f6mr\u00fcn\u00fc korumak i\u00e7in hidrolik silindirin \u00fcreticinin y\u00f6nergelerine g\u00f6re ya\u011fland\u0131\u011f\u0131ndan emin olun.<\/li>\n<li><strong>Conta De\u011fi\u015fimi:<\/strong> Hidrolik bas\u0131nc\u0131 korumak ve s\u0131z\u0131nt\u0131lar\u0131 \u00f6nlemek i\u00e7in contalar\u0131 a\u015f\u0131nma a\u00e7\u0131s\u0131ndan kontrol edin ve gerekti\u011finde de\u011fi\u015ftirin.<\/li>\n<\/ul>\n<h2>G\u00fcvenlik Hususlar\u0131 ve \u00c7evresel Fakt\u00f6rler<\/h2>\n<p>Hidrolik sistemlerle \u00e7al\u0131\u015f\u0131rken g\u00fcvenlik her \u015feyden \u00f6nemlidir. Koruyucu ekipman kullan\u0131m\u0131, i\u015fletme y\u00f6nergelerine uyma ve operat\u00f6rler i\u00e7in uygun e\u011fitim sa\u011flama gibi g\u00fcvenlik \u00f6nlemlerinin uygulanmas\u0131 kazalar\u0131 ve yaralanmalar\u0131 \u00f6nleyebilir. A\u015f\u0131r\u0131 s\u0131cakl\u0131klar veya a\u015f\u0131nd\u0131r\u0131c\u0131 ortamlar gibi hidrolik sistemleri etkileyebilecek \u00e7evresel fakt\u00f6rlerin fark\u0131nda olmak da ekipman\u0131n b\u00fct\u00fcnl\u00fc\u011f\u00fcn\u00fc ve i\u015flevselli\u011fini korumak i\u00e7in \u00e7ok \u00f6nemlidir.<\/p>\n<h2>Sorun Giderme ve Yayg\u0131n Sorunlar<\/h2>\n<ul>\n<li><strong>S\u0131z\u0131nt\u0131:<\/strong> S\u0131v\u0131 s\u0131z\u0131nt\u0131s\u0131 fark ederseniz, contalar\u0131 ve ba\u011flant\u0131 par\u00e7alar\u0131n\u0131 a\u015f\u0131nma veya hasar a\u00e7\u0131s\u0131ndan kontrol edin. Gerekti\u011finde contalar\u0131 de\u011fi\u015ftirin ve t\u00fcm ba\u011flant\u0131lar\u0131n sa\u011flam oldu\u011fundan emin olun.<\/li>\n<li><strong>G\u00fc\u00e7 Eksikli\u011fi:<\/strong> Silindir yeterince tepki vermiyorsa, hidrolik s\u0131v\u0131 seviyesini kontrol edin ve hidrolik hatlarda herhangi bir t\u0131kan\u0131kl\u0131k olmad\u0131\u011f\u0131ndan emin olun.<\/li>\n<li><strong>Beklenmedik Sesler:<\/strong> \u00c7al\u0131\u015fma s\u0131ras\u0131nda duyulan ola\u011fand\u0131\u015f\u0131 sesler, i\u00e7 a\u015f\u0131nma veya hasar\u0131n g\u00f6stergesi olabilir. Sesin kayna\u011f\u0131n\u0131 belirlemek ve d\u00fczeltici \u00f6nlemler almak i\u00e7in kapsaml\u0131 bir inceleme yap\u0131n.<\/li>\n<\/ul>\n<h2>Sorun Giderme \u0130pu\u00e7lar\u0131<\/h2>\n<p>Bom silindirlerindeki sorunlar\u0131 etkili bir \u015fekilde te\u015fhis etmek ve \u00e7\u00f6zmek i\u00e7in, i\u015flemlerin ve d\u00fczensizliklerin ayr\u0131nt\u0131l\u0131 bir kayd\u0131n\u0131 tutun. D\u00fczenli olarak s\u0131z\u0131nt\u0131lar\u0131 kontrol edin, hidrolik s\u0131v\u0131 seviyelerini izleyin ve ola\u011fand\u0131\u015f\u0131 seslere dikkat edin. Bak\u0131m programlar\u0131na s\u0131k\u0131 s\u0131k\u0131ya uymak ve kaliteli par\u00e7alar kullanmak gibi \u00f6nleyici tedbirler, sorunlar\u0131n ortaya \u00e7\u0131kma olas\u0131l\u0131\u011f\u0131n\u0131 \u00f6nemli \u00f6l\u00e7\u00fcde azaltabilir.<\/p>\n<p><img decoding=\"async\" src=\"https:\/\/www.hydraulic-cylinders.net\/wp-content\/uploads\/2025\/04\/songte-bushings-with-all-kinds-of-excavator-models.webp\" alt=\"Ekskavat\u00f6rler i\u00e7in Bur\u00e7lar\"><\/p>\n<h2>\u015eirketimiz Hakk\u0131nda<\/h2>\n<p>\u00d6nde gelen yedek hidrolik silindir \u00fcreticisi olarak, hem yerel hem de uluslararas\u0131 pazarlara hitap eden kapsaml\u0131 bir \u00fcr\u00fcn yelpazesi sunuyoruz. M\u00fckemmelli\u011fe olan ba\u011fl\u0131l\u0131\u011f\u0131m\u0131zla, \u015firketimiz son teknoloji \u00fcr\u00fcn\u00fc bir \u00fcretim at\u00f6lyesinde geli\u015fmi\u015f bir \u00fcretim y\u00f6netim stratejisi uygulamaktad\u0131r. \u00dcretim kapasitemizi art\u0131rmak i\u00e7in yetenekli teknik personel, geli\u015fmi\u015f dijital \u00fcretim ekipmanlar\u0131 ve profesyonel test sistemlerinden yararlan\u0131yoruz. Y\u00fcksek verimlilik, hassasiyet ve kaliteye \u00f6ncelik vererek, m\u00fc\u015fterilerimizin \u00e7e\u015fitli ihtiya\u00e7lar\u0131n\u0131 kar\u015f\u0131l\u0131yoruz.<\/p>\n<p><img decoding=\"async\" src=\"https:\/\/www.hydraulic-cylinders.net\/wp-content\/uploads\/2025\/04\/songte-company-4.webp\" alt=\"\u015eirket Genel Bak\u0131\u015f\u0131\"><br \/>\n<img decoding=\"async\" src=\"https:\/\/www.hydraulic-cylinders.net\/wp-content\/uploads\/2025\/04\/songte-company-3.webp\" alt=\"\u015eirket Tesisleri\"><\/p>\n<p>M\u00fc\u015fterilerimizin \u00f6zel ihtiya\u00e7lar\u0131na y\u00f6nelik \u00f6zelle\u015ftirilmi\u015f hizmetler sunarak \u00fcr\u00fcnlerimizin en y\u00fcksek uluslararas\u0131 standartlar\u0131 kar\u015f\u0131lamas\u0131n\u0131 sa\u011fl\u0131yoruz. Etkin sat\u0131\u015f sonras\u0131 deste\u011fe odaklanarak, m\u00fc\u015fterilerimizin \u00fcr\u00fcnlerimizin t\u00fcm ya\u015fam d\u00f6ng\u00fcs\u00fc boyunca kapsaml\u0131 yard\u0131m almas\u0131n\u0131 garanti ediyoruz.<\/p>\n<p>Yazar: lyl<\/p>","protected":false},"excerpt":{"rendered":"<p>Boom Cylinder For XGMA Small Excavator XG809E Introduction to Boom Cylinder The Boom Cylinder for XGMA Small Excavator XG809E is a crucial component in the hydraulic systems of excavators. It is specifically designed to control the movement of the boom, enabling a variety of operations. This hydraulic cylinder allows the boom to raise, lower, and [&hellip;]<\/p>","protected":false},"featured_media":17877,"comment_status":"open","ping_status":"closed","template":"","meta":{"_et_pb_use_builder":"","_et_pb_old_content":"","_et_gb_content_width":""},"product_brand":[],"product_cat":[1546],"product_tag":[1547,1496],"class_list":{"0":"post-19312","1":"product","2":"type-product","3":"status-publish","4":"has-post-thumbnail","6":"product_cat-boom-cylinders","7":"product_tag-boom-cylinders","8":"product_tag-hydraulic-cylinders","10":"first","11":"instock","12":"shipping-taxable","13":"product-type-simple"},"amp_enabled":true,"_links":{"self":[{"href":"https:\/\/www.hydraulic-cylinders.net\/tr\/wp-json\/wp\/v2\/product\/19312","targetHints":{"allow":["GET"]}}],"collection":[{"href":"https:\/\/www.hydraulic-cylinders.net\/tr\/wp-json\/wp\/v2\/product"}],"about":[{"href":"https:\/\/www.hydraulic-cylinders.net\/tr\/wp-json\/wp\/v2\/types\/product"}],"replies":[{"embeddable":true,"href":"https:\/\/www.hydraulic-cylinders.net\/tr\/wp-json\/wp\/v2\/comments?post=19312"}],"wp:featuredmedia":[{"embeddable":true,"href":"https:\/\/www.hydraulic-cylinders.net\/tr\/wp-json\/wp\/v2\/media\/17877"}],"wp:attachment":[{"href":"https:\/\/www.hydraulic-cylinders.net\/tr\/wp-json\/wp\/v2\/media?parent=19312"}],"wp:term":[{"taxonomy":"product_brand","embeddable":true,"href":"https:\/\/www.hydraulic-cylinders.net\/tr\/wp-json\/wp\/v2\/product_brand?post=19312"},{"taxonomy":"product_cat","embeddable":true,"href":"https:\/\/www.hydraulic-cylinders.net\/tr\/wp-json\/wp\/v2\/product_cat?post=19312"},{"taxonomy":"product_tag","embeddable":true,"href":"https:\/\/www.hydraulic-cylinders.net\/tr\/wp-json\/wp\/v2\/product_tag?post=19312"}],"curies":[{"name":"wp","href":"https:\/\/api.w.org\/{rel}","templated":true}]}}