{"id":19322,"date":"2025-04-07T06:26:55","date_gmt":"2025-04-07T06:26:55","guid":{"rendered":"https:\/\/www.hydraulic-cylinders.net\/product\/boom-cylinder-for-xgma-large-excavator-xg836mh\/"},"modified":"2025-04-07T06:26:57","modified_gmt":"2025-04-07T06:26:57","slug":"boom-cylinder-for-xgma-large-excavator-xg836mh","status":"publish","type":"product","link":"https:\/\/www.hydraulic-cylinders.net\/tr\/urun\/boom-cylinder-for-xgma-large-excavator-xg836mh\/","title":{"rendered":"XGMA B\u00fcy\u00fck Ekskavat\u00f6r XG836MH i\u00e7in Bom Silindiri"},"content":{"rendered":"<h1>XGMA B\u00fcy\u00fck Ekskavat\u00f6r XG836MH i\u00e7in Bom Silindiri<\/h1>\n<h2>Bom Silindirlerine Giri\u015f<\/h2>\n<p>XGMA XG836MH b\u00fcy\u00fck ekskavat\u00f6r i\u00e7in tasarlanm\u0131\u015f bom silindiri, a\u011f\u0131r i\u015f makineleri operasyonlar\u0131 i\u00e7in kritik bir bile\u015fendir. Bu hidrolik silindir, kep\u00e7e gibi ekskavat\u00f6r ata\u015fmanlar\u0131n\u0131n hareketini kontrol etmede uzmanla\u015fm\u0131\u015ft\u0131r ve kald\u0131rma, indirme ve e\u011fme gibi temel g\u00f6revleri m\u00fcmk\u00fcn k\u0131lar. Etkin malzeme ta\u015f\u0131may\u0131 kolayla\u015ft\u0131rarak \u00e7e\u015fitli in\u015faat ve kaz\u0131 projelerinin hayati bir par\u00e7as\u0131 haline gelir.<\/p>\n<p><img decoding=\"async\" src=\"https:\/\/www.hydraulic-cylinders.net\/wp-content\/uploads\/2025\/04\/songte-company-1.webp\" alt=\"Ekskavat\u00f6rler i\u00e7in Bom Silindiri\" \/><\/p>\n<h3>Kova Silindirlerini Anlamak<\/h3>\n<p>Kep\u00e7e silindirleri, ekskavat\u00f6rler, kaz\u0131c\u0131 y\u00fckleyiciler ve \u00f6n y\u00fckleyiciler de dahil olmak \u00fczere a\u011f\u0131r in\u015faat ekipmanlar\u0131ndaki kep\u00e7elerin hareketini y\u00f6netmek i\u00e7in \u00f6zel olarak tasarlanm\u0131\u015f hidrolik mekanizmalard\u0131r. Bas\u0131n\u00e7l\u0131 s\u0131v\u0131n\u0131n hareket olu\u015fturmak i\u00e7in kullan\u0131ld\u0131\u011f\u0131 bir hidrolik sistem i\u00e7inde \u00e7al\u0131\u015f\u0131rlar. Bu uygulama, kep\u00e7enin kazma, ta\u015f\u0131ma ve malzeme bo\u015faltma gibi temel i\u015flevleri verimli bir \u015fekilde yerine getirmesini sa\u011flar. Bu silindirlerin tasar\u0131m\u0131 ve \u00e7al\u0131\u015fmas\u0131, zorlu \u00e7al\u0131\u015fma ortamlar\u0131nda optimum performans elde etmek i\u00e7in \u00e7ok \u00f6nemlidir.<\/p>\n<h2>Bom Silindirinin \u00d6zellikleri<\/h2>\n<ul>\n<li><strong>Y\u00fcksek Dayan\u0131kl\u0131l\u0131k ve Dayan\u0131kl\u0131l\u0131k:<\/strong> Y\u00fcksek mukavemetli \u00e7elik veya al\u00fcminyumdan \u00fcretilen bu silindirler, y\u00fcksek bas\u0131n\u00e7lara ve a\u011f\u0131r y\u00fcklere dayanarak zorlu \u00e7al\u0131\u015fma ko\u015fullar\u0131nda bile g\u00fcvenilirlik sa\u011flar.<\/li>\n<li><strong>Verimli Hidrolik \u00c7al\u0131\u015fma:<\/strong> Hidrolik ya\u011f bas\u0131nc\u0131n\u0131 kullanan bom silindiri, d\u00fczg\u00fcn uzama ve geri \u00e7ekilme sa\u011flayarak operat\u00f6r komutlar\u0131na h\u0131zl\u0131 yan\u0131t verir ve g\u00fc\u00e7l\u00fc itme ve \u00e7ekme kuvvetleri sunar.<\/li>\n<li><strong>T\u00fcr \u00c7e\u015fitlili\u011fi:<\/strong> Tek etkili ve \u00e7ift etkili tasar\u0131mlarda bulunan bu silindirler, \u00e7e\u015fitli operasyonel ihtiya\u00e7lar\u0131 kar\u015f\u0131lamaktad\u0131r. Baz\u0131 modeller teleskopiktir ve d\u0131\u015f boyutlar\u0131 art\u0131rmadan daha uzun eri\u015fim imkan\u0131 sa\u011flar.<\/li>\n<li><strong>Kolay Entegrasyon:<\/strong> Mevcut hidrolik silindirlerin yerine sorunsuz bir \u015fekilde ge\u00e7ecek \u015fekilde tasarlanm\u0131\u015ft\u0131r, b\u00f6ylece y\u00fckseltmeler ve bak\u0131m i\u015flemleri sorunsuz bir \u015fekilde ger\u00e7ekle\u015ftirilir.<\/li>\n<li><strong>Bak\u0131m\u0131 Kolay Tasar\u0131m:<\/strong> Kolay bak\u0131m prosed\u00fcrleri i\u00e7in yap\u0131land\u0131r\u0131lm\u0131\u015ft\u0131r, bu da daha uzun hizmet \u00f6mr\u00fc ve daha az ar\u0131za s\u00fcresi sa\u011flar.<\/li>\n<\/ul>\n<p><img decoding=\"async\" src=\"https:\/\/www.hydraulic-cylinders.net\/wp-content\/uploads\/2025\/04\/songte-cylinder-head-with-all-kinds-excavator-models.webp\" alt=\"Ekskavat\u00f6r Modelleri\" \/><\/p>\n<h2>Bom Silindirinin Uygulamalar\u0131<\/h2>\n<h3>\u0130n\u015faat Ekipmanlar\u0131<\/h3>\n<p>Ekskavat\u00f6rlerde, bom silindirleri toprak veya moloz kazma, y\u00fckleme ve ta\u015f\u0131ma i\u015flemlerinde hayati bir rol oynar. Kep\u00e7enin hareketini verimli bir \u015fekilde kontrol etme yetenekleri, ba\u015far\u0131l\u0131 kaz\u0131 i\u015flemleri i\u00e7in \u00e7ok \u00f6nemlidir. Ayr\u0131ca, kaz\u0131c\u0131 y\u00fckleyicilerde hem hendek kazmaya hem de malzeme kald\u0131rmaya yard\u0131mc\u0131 olarak in\u015faat sahalar\u0131ndaki genel verimlili\u011fi art\u0131r\u0131rlar.<\/p>\n<h3>Tar\u0131m Makinalar\u0131<\/h3>\n<p>\u00d6n y\u00fckleyicilerde, bom silindirleri toprak, saman ve di\u011fer malzemeleri kep\u00e7eyle almak, kald\u0131rmak ve ta\u015f\u0131maktan sorumludur. Sa\u011flam tasar\u0131mlar\u0131, \u00f6nemli a\u011f\u0131rl\u0131klar\u0131 ta\u015f\u0131yabilmelerini sa\u011flayarak tar\u0131msal i\u015fler i\u00e7in vazge\u00e7ilmez hale getirir. \u00c7ift\u00e7ilerin ve y\u00fcklenicilerin malzeme y\u00fckleme ve bo\u015faltma gibi \u00e7e\u015fitli i\u015fleri verimli bir \u015fekilde ger\u00e7ekle\u015ftirmelerini sa\u011flayarak tar\u0131m sekt\u00f6r\u00fcnde verimlili\u011fi art\u0131r\u0131rlar.<\/p>\n<h3>Ekskavat\u00f6rler<\/h3>\n<p>Ekskavat\u00f6rlerde, bom silindiri kep\u00e7enin topra\u011fa etkili bir \u015fekilde n\u00fcfuz etmesini sa\u011flar. Bu \u00f6zellik, peyzaj \u00e7al\u0131\u015fmalar\u0131ndan b\u00fcy\u00fck \u00f6l\u00e7ekli in\u015faat projelerine kadar \u00e7e\u015fitli kaz\u0131 i\u015fleri i\u00e7in \u00e7ok \u00f6nemlidir. Bom silindirinin tasar\u0131m\u0131, kep\u00e7enin hareketleri \u00fczerinde hassas kontrol sa\u011flar; bu da \u00e7evredeki alanlara verilen zarar\u0131 en aza indirmek i\u00e7in hayati \u00f6nem ta\u015f\u0131r.<\/p>\n<h3>Y\u00fckleyiciler<\/h3>\n<p>\u00d6n y\u00fckleyicilerde, bu silindirler malzemelerin etkili bir \u015fekilde kald\u0131r\u0131lmas\u0131n\u0131 ve bo\u015falt\u0131lmas\u0131n\u0131 kolayla\u015ft\u0131r\u0131r. Hidrolik \u00f6zellikleri, h\u0131zl\u0131 tempolu in\u015faat ortamlar\u0131nda hayati \u00f6nem ta\u015f\u0131yan h\u0131zl\u0131 manevra kabiliyetine olanak tan\u0131r. Bom silindirlerinin sundu\u011fu verimlilik, y\u00fckleyicilerin genel \u00e7al\u0131\u015fma kapasitesini art\u0131rarak malzeme ta\u015f\u0131ma g\u00f6revlerinde daha etkili olmalar\u0131n\u0131 sa\u011flar.<\/p>\n<h2>Tasar\u0131m Hususlar\u0131 ve Se\u00e7im Kriterleri<\/h2>\n<h3>Y\u00fck Kapasitesi<\/h3>\n<p>Bom silindirlerinin tasar\u0131m\u0131nda, ekskavat\u00f6r ata\u015fmanlar\u0131n\u0131n ve ta\u015f\u0131nan malzemelerin a\u011f\u0131rl\u0131\u011f\u0131n\u0131 kald\u0131rabilmelerini sa\u011flamak i\u00e7in y\u00fck kapasitesine \u00f6ncelik verilmelidir. M\u00fchendisler, silindirin ar\u0131za riski olmadan g\u00fcvenli bir \u015fekilde \u00e7al\u0131\u015fabilmesini sa\u011flamak i\u00e7in, kullan\u0131m amac\u0131na g\u00f6re gerekli y\u00fck kapasitesini hesaplarlar.<\/p>\n<h3>S\u0131zd\u0131rmazl\u0131k Verimlili\u011fi<\/h3>\n<p>Hidrolik s\u0131v\u0131 s\u0131z\u0131nt\u0131s\u0131n\u0131 \u00f6nlemek i\u00e7in do\u011fru s\u0131zd\u0131rmazl\u0131k \u015fartt\u0131r; bu s\u0131z\u0131nt\u0131lar verimlili\u011fin azalmas\u0131na ve hidrolik sistemde potansiyel hasara yol a\u00e7abilir. Poli\u00fcretan veya nitril kau\u00e7uk gibi dayan\u0131kl\u0131 malzemelerden \u00fcretilen y\u00fcksek kaliteli contalar, s\u0131zd\u0131rmazl\u0131k performans\u0131n\u0131 art\u0131r\u0131rken bak\u0131m gereksinimlerini de azalt\u0131r.<\/p>\n<h3>Dayan\u0131kl\u0131l\u0131k<\/h3>\n<p>Bom silindirleri, \u00e7al\u0131\u015fma s\u0131ras\u0131nda a\u015f\u0131r\u0131 ko\u015fullara ve kuvvetlere maruz kald\u0131klar\u0131 i\u00e7in dayan\u0131kl\u0131l\u0131klar\u0131 \u00e7ok \u00f6nemlidir. A\u015f\u0131nmaya ve y\u0131pranmaya dayan\u0131kl\u0131 malzemelerin ve koruyucu kaplamalar\u0131n se\u00e7ilmesi, silindirin \u00f6mr\u00fcn\u00fc uzat\u0131r ve de\u011fi\u015ftirme s\u0131kl\u0131\u011f\u0131n\u0131 azalt\u0131r.<\/p>\n<h3>Emniyet<\/h3>\n<p>Bom silindirlerinin tasar\u0131m\u0131nda g\u00fcvenlik \u00f6zellikleri, \u00f6zellikle ar\u0131zalar\u0131n kazalara yol a\u00e7abilece\u011fi a\u011f\u0131r makinelerde son derece \u00f6nemlidir. Bas\u0131n\u00e7 tahliye vanalar\u0131 ve sa\u011flam montaj sistemleri gibi g\u00fcvenlik mekanizmalar\u0131n\u0131n entegre edilmesi, hidrolik ar\u0131zalarla ili\u015fkili riskleri en aza indirir.<\/p>\n<h3>Bak\u0131m kolayl\u0131\u011f\u0131<\/h3>\n<p>Bom silindirlerinin kolay bak\u0131m i\u00e7in tasarlanmas\u0131, operat\u00f6rlerin sorunlar\u0131 s\u0131k s\u0131k kontrol edebilmelerini ve uzun s\u00fcreli ar\u0131za s\u00fcrelerine gerek kalmadan gerekli onar\u0131mlar\u0131 yapabilmelerini sa\u011flar. Eri\u015filebilir gres ba\u011flant\u0131 noktalar\u0131 ve kolayca de\u011fi\u015ftirilebilir contalar gibi \u00f6zellikler bak\u0131m kolayl\u0131\u011f\u0131n\u0131 art\u0131r\u0131r.<\/p>\n<p><img decoding=\"async\" src=\"https:\/\/www.hydraulic-cylinders.net\/wp-content\/uploads\/2025\/04\/songte-oil-pipes-and-spare-parts.webp\" alt=\"Hidrolik Par\u00e7alar\" \/><\/p>\n<h2>S\u0131zd\u0131rmazl\u0131k ve Ya\u011flama<\/h2>\n<p>Bom silindirlerinin performans\u0131 ve uzun \u00f6mr\u00fc i\u00e7in etkili s\u0131zd\u0131rmazl\u0131k ve ya\u011flama hayati \u00f6nem ta\u015f\u0131r. Hidrolik bas\u0131nc\u0131 korumak ve s\u0131v\u0131 kayb\u0131n\u0131 \u00f6nlemek i\u00e7in piston contalar\u0131 ve mil contalar\u0131 dahil olmak \u00fczere \u00e7e\u015fitli contalar kullan\u0131l\u0131r. A\u015f\u0131nmaya dayan\u0131kl\u0131 \u00f6zellikleri nedeniyle poli\u00fcretan ve nitril kau\u00e7uk gibi malzemeler yayg\u0131n olarak kullan\u0131l\u0131r. Silindir g\u00f6vdesi ve di\u015fli u\u00e7 y\u00fczeyleri, dayan\u0131kl\u0131l\u0131\u011f\u0131 ve a\u015f\u0131nma direncini art\u0131rmak i\u00e7in ince i\u015fleme tabi tutulur. Ayr\u0131ca, sorunsuz \u00e7al\u0131\u015fma sa\u011flamak ve hareketli par\u00e7alar aras\u0131ndaki s\u00fcrt\u00fcnmeyi en aza indirmek i\u00e7in hidrolik ya\u011f ile d\u00fczenli ya\u011flama gereklidir.<\/p>\n<h2>D\u00fczenli Muayene ve \u00d6nleyici Bak\u0131m \u00d6nlemleri<\/h2>\n<ul>\n<li><strong>D\u00fczenli Denetimler:<\/strong> S\u0131k s\u0131k kontrol yapmak, potansiyel sorunlar\u0131n b\u00fcy\u00fcmeden \u00f6nce tespit edilmesine yard\u0131mc\u0131 olur. S\u0131z\u0131nt\u0131lar\u0131, a\u015f\u0131nmay\u0131 ve do\u011fru hizalamay\u0131 kontrol edin.<\/li>\n<li><strong>Uygun Ya\u011flama:<\/strong> S\u00fcrt\u00fcnmeyi azaltmak ve a\u015f\u0131nmay\u0131 \u00f6nlemek i\u00e7in t\u00fcm hareketli par\u00e7alar\u0131n yeterince ya\u011fland\u0131\u011f\u0131ndan emin olun. En iyi performans i\u00e7in \u00f6nerilen hidrolik ya\u011f t\u00fcr\u00fcn\u00fc kullan\u0131n.<\/li>\n<li><strong>Conta De\u011fi\u015fimi:<\/strong> Silindirin b\u00fct\u00fcnl\u00fc\u011f\u00fcn\u00fc korumak i\u00e7in kullan\u0131m s\u0131kl\u0131\u011f\u0131na ba\u011fl\u0131 olarak d\u00fczenli conta de\u011fi\u015fimleri planlay\u0131n. Contalarda a\u015f\u0131nma belirtileri olup olmad\u0131\u011f\u0131n\u0131 kontrol edin ve gerekti\u011finde de\u011fi\u015ftirin.<\/li>\n<\/ul>\n<h2>Kurulum Talimatlar\u0131<\/h2>\n<p>Bom silindirinin do\u011fru montaj\u0131, optimum performans i\u00e7in \u00e7ok \u00f6nemlidir. \u00d6ncelikle \u00e7al\u0131\u015fma alan\u0131n\u0131n temiz ve kal\u0131nt\u0131lardan ar\u0131nd\u0131r\u0131lm\u0131\u015f oldu\u011fundan emin olun. Silindiri, uygun montaj aparatlar\u0131n\u0131 kullanarak yerine sabitleyerek, montaj braketleriyle do\u011fru \u015fekilde hizalay\u0131n. Hidrolik ba\u011flant\u0131lar\u0131n s\u0131k\u0131 ve s\u0131z\u0131nt\u0131s\u0131z oldu\u011fundan emin olun. Montaj tamamland\u0131ktan sonra, \u00e7al\u0131\u015fma s\u0131ras\u0131nda gereksiz gerilimi \u00f6nlemek i\u00e7in silindirin hizalamas\u0131n\u0131 kontrol edin. Montajdan sonra, i\u015flevselli\u011fi do\u011frulamak ve sorunsuz \u00e7al\u0131\u015fma i\u00e7in hidrolik sistemde gerekli ayarlamalar\u0131 yapmak \u00fczere bir test \u00e7al\u0131\u015fmas\u0131 ger\u00e7ekle\u015ftirin.<\/p>\n<h2>Yayg\u0131n Bak\u0131m G\u00f6revleri<\/h2>\n<ul>\n<li><strong>D\u00fczenli Denetimler:<\/strong> S\u0131z\u0131nt\u0131 veya a\u015f\u0131nma belirtileri a\u00e7\u0131s\u0131ndan s\u0131k s\u0131k kontrol yapmak, silindirin verimlili\u011fini korumaya yard\u0131mc\u0131 olur. T\u00fcm ba\u011flant\u0131lar\u0131n ve contalar\u0131n sa\u011flam oldu\u011fundan emin olmak i\u00e7in kontrol edin.<\/li>\n<li><strong>Uygun Ya\u011flama:<\/strong> Uygun ya\u011flama seviyelerinin korunmas\u0131 hayati \u00f6nem ta\u015f\u0131r. Erken a\u015f\u0131nmay\u0131 \u00f6nlemek i\u00e7in silindirin \u00fcreticinin tavsiyelerine g\u00f6re ya\u011fland\u0131\u011f\u0131ndan emin olun.<\/li>\n<li><strong>Conta De\u011fi\u015fimi:<\/strong> S\u0131zd\u0131rmazl\u0131k elemanlar\u0131n\u0131n durumunu d\u00fczenli olarak de\u011ferlendirin ve gerekti\u011finde de\u011fi\u015ftirin. Bu i\u015flem, hidrolik s\u0131v\u0131 kayb\u0131n\u0131 \u00f6nler ve sistem bas\u0131nc\u0131n\u0131 korur.<\/li>\n<\/ul>\n<h2>G\u00fcvenlik Hususlar\u0131 ve \u00c7evresel Fakt\u00f6rler<\/h2>\n<p>Bom silindirleri kullan\u0131l\u0131rken g\u00fcvenlik \u00f6nlemleri son derece \u00f6nemlidir. Operat\u00f6rler, \u00e7al\u0131\u015fma s\u0131ras\u0131nda riskleri en aza indirmek i\u00e7in uygun ki\u015fisel koruyucu ekipman (KKD) giymek de dahil olmak \u00fczere t\u00fcm g\u00fcvenlik y\u00f6nergelerine uymal\u0131d\u0131r. Hidrolik sistemlerin kullan\u0131m\u0131 konusunda uygun e\u011fitim, kazalar\u0131 \u00f6nlemek i\u00e7in \u015fartt\u0131r. Ayr\u0131ca, \u00e7evresel fakt\u00f6rlere dikkat etmek \u00e7ok \u00f6nemlidir; hidrolik s\u0131v\u0131lar\u0131n \u00e7evreye s\u0131zmamas\u0131n\u0131 sa\u011flamak, ekolojik riskleri azaltmaya yard\u0131mc\u0131 olur.<\/p>\n<h2>Sorun Giderme ve Yayg\u0131n Sorunlar<\/h2>\n<ul>\n<li><strong>S\u0131z\u0131nt\u0131:<\/strong> T\u00fcm contalar\u0131 ve ba\u011flant\u0131lar\u0131 a\u015f\u0131nma veya hasar a\u00e7\u0131s\u0131ndan kontrol edin. Ar\u0131zal\u0131 contalar\u0131 de\u011fi\u015ftirin ve ba\u011flant\u0131lar\u0131n s\u0131k\u0131 oldu\u011fundan emin olun.<\/li>\n<li><strong>Zay\u0131f Performans:<\/strong> Hidrolik s\u0131v\u0131 seviyelerini ve kalitesini kontrol edin. S\u0131v\u0131 seviyesinin d\u00fc\u015f\u00fck olmas\u0131 yetersiz performansa yol a\u00e7abilir, bu nedenle spesifikasyonlara uygun oldu\u011fundan emin olun.<\/li>\n<li><strong>\u00c7al\u0131\u015fma S\u0131ras\u0131nda G\u00fcr\u00fclt\u00fc:<\/strong> Ola\u011fand\u0131\u015f\u0131 sesler mekanik sorunlara i\u015faret edebilir. Ayar veya de\u011fi\u015ftirme gerektirebilecek yanl\u0131\u015f hizalama veya hasarl\u0131 par\u00e7alar\u0131 kontrol edin.<\/li>\n<\/ul>\n<h2>Sorun Giderme \u0130pu\u00e7lar\u0131<\/h2>\n<p>Bom silindirlerindeki sorunlar\u0131 etkili bir \u015fekilde te\u015fhis etmek ve \u00e7\u00f6zmek i\u00e7in operat\u00f6rler kapsaml\u0131 bir bak\u0131m kayd\u0131 tutmal\u0131d\u0131r. Muayenelerin, onar\u0131mlar\u0131n ve s\u0131v\u0131 de\u011fi\u015fimlerinin kay\u0131tlar\u0131n\u0131 tutun. Hidrolik sistemler konusunda d\u00fczenli e\u011fitim, operat\u00f6rlerin sorunlar\u0131 erken tespit etmelerini sa\u011flayabilir. Potansiyel ar\u0131za riskini en aza indirmek i\u00e7in rutin muayeneler ve bak\u0131m programlar\u0131na uyma gibi \u00f6nleyici tedbirler uygulay\u0131n.<\/p>\n<p><img decoding=\"async\" src=\"https:\/\/www.hydraulic-cylinders.net\/wp-content\/uploads\/2025\/04\/songte-bushings-with-all-kinds-of-excavator-models.webp\" alt=\"Ekskavat\u00f6r Bur\u00e7lar\u0131\" \/><\/p>\n<h2>\u015eirketimiz Hakk\u0131nda<\/h2>\n<p>\u00d6nde gelen yedek hidrolik silindir \u00fcreticisi olarak, hem yerel hem de uluslararas\u0131 pazarlara hizmet veren kapsaml\u0131 bir \u00fcr\u00fcn yelpazesi sunuyoruz. \u00dcst\u00fcn kaliteye olan ba\u011fl\u0131l\u0131\u011f\u0131m\u0131z, geli\u015fmi\u015f teknoloji ve yetenekli personeli i\u00e7eren rafine bir \u00fcretim stratejisiyle desteklenmektedir. Son teknoloji \u00fcr\u00fcn\u00fc dijital \u00fcretim ekipmanlar\u0131 ve profesyonel test sistemlerini kullanarak \u00fcretim kapasitemizi s\u00fcrekli olarak geli\u015ftiriyoruz. Verimlilik, hassasiyet ve y\u00fcksek kalite standartlar\u0131na verdi\u011fimiz \u00f6nem, m\u00fc\u015fterilerimizin \u00e7e\u015fitli ihtiya\u00e7lar\u0131n\u0131 kar\u015f\u0131lamaktad\u0131r.<\/p>\n<p><img decoding=\"async\" src=\"https:\/\/www.hydraulic-cylinders.net\/wp-content\/uploads\/2025\/04\/songte-company-4.webp\" alt=\"\u015eirket Genel Bak\u0131\u015f\u0131\" \/><br \/>\n<img decoding=\"async\" src=\"https:\/\/www.hydraulic-cylinders.net\/wp-content\/uploads\/2025\/04\/songte-company-3.webp\" alt=\"\u015eirket Tesisleri\" \/><\/p>\n<p>Uzmanl\u0131\u011f\u0131m\u0131z uluslararas\u0131 sertifikasyonlar\u0131, \u00f6zelle\u015ftirilmi\u015f hizmetleri ve ola\u011fan\u00fcst\u00fc sat\u0131\u015f sonras\u0131 deste\u011fi kapsamakta olup, m\u00fc\u015fterilerimizin en y\u00fcksek d\u00fczeyde hizmet ve \u00fcr\u00fcn g\u00fcvenilirli\u011fi almas\u0131n\u0131 sa\u011flamaktad\u0131r.<\/p>\n<p>Yazar: lyl<\/p>","protected":false},"excerpt":{"rendered":"<p>Boom Cylinder For XGMA Large Excavator XG836MH Introduction to Boom Cylinders The Boom Cylinder for the XGMA Large Excavator XG836MH is a critical component designed for heavy machinery operations. This hydraulic cylinder specializes in controlling the movement of excavator attachments, such as buckets, enabling essential tasks such as lifting, lowering, and tilting. It facilitates effective [&hellip;]<\/p>","protected":false},"featured_media":17872,"comment_status":"open","ping_status":"closed","template":"","meta":{"_et_pb_use_builder":"","_et_pb_old_content":"","_et_gb_content_width":""},"product_brand":[],"product_cat":[1546],"product_tag":[1547,1496],"class_list":{"0":"post-19322","1":"product","2":"type-product","3":"status-publish","4":"has-post-thumbnail","6":"product_cat-boom-cylinders","7":"product_tag-boom-cylinders","8":"product_tag-hydraulic-cylinders","10":"first","11":"instock","12":"shipping-taxable","13":"product-type-simple"},"amp_enabled":true,"_links":{"self":[{"href":"https:\/\/www.hydraulic-cylinders.net\/tr\/wp-json\/wp\/v2\/product\/19322","targetHints":{"allow":["GET"]}}],"collection":[{"href":"https:\/\/www.hydraulic-cylinders.net\/tr\/wp-json\/wp\/v2\/product"}],"about":[{"href":"https:\/\/www.hydraulic-cylinders.net\/tr\/wp-json\/wp\/v2\/types\/product"}],"replies":[{"embeddable":true,"href":"https:\/\/www.hydraulic-cylinders.net\/tr\/wp-json\/wp\/v2\/comments?post=19322"}],"wp:featuredmedia":[{"embeddable":true,"href":"https:\/\/www.hydraulic-cylinders.net\/tr\/wp-json\/wp\/v2\/media\/17872"}],"wp:attachment":[{"href":"https:\/\/www.hydraulic-cylinders.net\/tr\/wp-json\/wp\/v2\/media?parent=19322"}],"wp:term":[{"taxonomy":"product_brand","embeddable":true,"href":"https:\/\/www.hydraulic-cylinders.net\/tr\/wp-json\/wp\/v2\/product_brand?post=19322"},{"taxonomy":"product_cat","embeddable":true,"href":"https:\/\/www.hydraulic-cylinders.net\/tr\/wp-json\/wp\/v2\/product_cat?post=19322"},{"taxonomy":"product_tag","embeddable":true,"href":"https:\/\/www.hydraulic-cylinders.net\/tr\/wp-json\/wp\/v2\/product_tag?post=19322"}],"curies":[{"name":"wp","href":"https:\/\/api.w.org\/{rel}","templated":true}]}}