{"id":19324,"date":"2025-04-07T06:27:00","date_gmt":"2025-04-07T06:27:00","guid":{"rendered":"https:\/\/www.hydraulic-cylinders.net\/product\/boom-cylinder-for-xgma-wheel-excavator-xg807w\/"},"modified":"2025-04-07T06:27:02","modified_gmt":"2025-04-07T06:27:02","slug":"boom-cylinder-for-xgma-wheel-excavator-xg807w","status":"publish","type":"product","link":"https:\/\/www.hydraulic-cylinders.net\/tr\/urun\/boom-cylinder-for-xgma-wheel-excavator-xg807w\/","title":{"rendered":"XGMA Tekerlekli Ekskavat\u00f6r XG807W i\u00e7in Bom Silindiri"},"content":{"rendered":"<h1>XGMA Tekerlekli Ekskavat\u00f6r XG807W i\u00e7in Bom Silindiri<\/h1>\n<h2>Kova Silindirlerinin Tan\u0131m\u0131 ve Genel Bak\u0131\u015f\u0131<\/h2>\n<p>Kep\u00e7e silindiri, ekskavat\u00f6rler, kaz\u0131c\u0131 y\u00fckleyiciler ve \u00f6n y\u00fckleyiciler gibi \u00e7e\u015fitli a\u011f\u0131r makinelerde kep\u00e7elerin hareketini kontrol etmek i\u00e7in \u00f6zel olarak tasarlanm\u0131\u015f ayr\u0131lmaz bir bile\u015fendir. Bu hidrolik silindir, kep\u00e7enin kalkmas\u0131n\u0131, al\u00e7almas\u0131n\u0131 ve e\u011filmesini sa\u011flayarak verimli malzeme ta\u015f\u0131ma i\u015flemlerini kolayla\u015ft\u0131r\u0131r. Hidrolik sistemlerde, kep\u00e7e silindirleri hidrolik s\u0131v\u0131 bas\u0131nc\u0131n\u0131 mekanik kuvvete d\u00f6n\u00fc\u015ft\u00fcrerek operat\u00f6rlerin karma\u015f\u0131k hareketleri hassasiyet ve kolayl\u0131kla ger\u00e7ekle\u015ftirmesine olanak tan\u0131yan \u00e7ok \u00f6nemli bir rol oynar.<\/p>\n<p><img decoding=\"async\" src=\"https:\/\/www.hydraulic-cylinders.net\/wp-content\/uploads\/2025\/04\/songte-company-1.webp\" alt=\"Hidrolik Silindir G\u00f6r\u00fcnt\u00fcs\u00fc\"><\/p>\n<p>Hidrolik ya\u011f kullan\u0131larak \u00fcretilen bu silindirler, a\u011f\u0131r y\u00fcklerin kald\u0131r\u0131lmas\u0131 ve manevras\u0131 gerektiren i\u015fler i\u00e7in hayati \u00f6nem ta\u015f\u0131yan sorunsuz ve g\u00fc\u00e7l\u00fc bir \u00e7al\u0131\u015fma sa\u011flar. Tasar\u0131m, y\u00fcksek dayan\u0131kl\u0131l\u0131k ve a\u015f\u0131nma direncini dikkate alarak, silindirin zorlu \u00e7al\u0131\u015fma ortamlar\u0131na dayanabilmesini ve operasyonel verimlili\u011fini koruyabilmesini sa\u011flar. Bom silindirinin bas\u0131n\u00e7 alt\u0131nda \u00e7al\u0131\u015fabilme \u00f6zelli\u011fi, onu in\u015faat ve tar\u0131m sekt\u00f6rlerinde hayati bir ekipman haline getirir.<\/p>\n<h2>Bom Silindirinin \u00d6zellikleri<\/h2>\n<ul>\n<li><strong>Y\u00fcksek Dayan\u0131kl\u0131l\u0131k ve Dayan\u0131kl\u0131l\u0131k:<\/strong> Y\u00fcksek mukavemetli \u00e7elik veya al\u00fcminyumdan \u00fcretilmi\u015f olup, y\u00fcksek bas\u0131nca ve a\u011f\u0131r y\u00fcklere dayanabilir ve zorlu \u00e7al\u0131\u015fma ko\u015fullar\u0131na uyum sa\u011flayabilir. A\u015f\u0131nma ve korozyon direnci i\u00e7in tasarlanm\u0131\u015f olup, kullan\u0131m \u00f6mr\u00fcn\u00fc uzat\u0131r.<\/li>\n<li><strong>Verimli Hidrolik \u00c7al\u0131\u015fma:<\/strong> Hidrolik ya\u011f bas\u0131nc\u0131n\u0131 kullanarak sorunsuz uzatma ve geri \u00e7ekme hareketi sa\u011flar, kontrol komutlar\u0131na h\u0131zl\u0131 yan\u0131t verir ve g\u00fc\u00e7l\u00fc itme ve \u00e7ekme kuvveti sunar; a\u011f\u0131r malzemelerin ve karma\u015f\u0131k i\u015flerin ta\u015f\u0131nmas\u0131 i\u00e7in uygundur.<\/li>\n<li><strong>\u00c7e\u015fitli T\u00fcrler:<\/strong> \u00c7e\u015fitli operasyonel ihtiya\u00e7lar\u0131 kar\u015f\u0131lamak \u00fczere hem tek etkili (hidrolik kuvveti tek y\u00f6nde kullanan) hem de \u00e7ift etkili (hidrolik kuvveti her iki y\u00f6nde kullanan) konfig\u00fcrasyonlarda mevcuttur. Baz\u0131 modeller teleskopiktir ve d\u0131\u015f boyutlar\u0131 art\u0131rmadan daha fazla uzatmaya olanak tan\u0131r; bu da s\u0131n\u0131rl\u0131 alana sahip uygulamalar i\u00e7in idealdir.<\/li>\n<li><strong>\u00d6zelle\u015ftirilebilir \u00c7\u00f6z\u00fcmler:<\/strong> Bu \u00fcr\u00fcn\u00fc \u00fcretebiliyoruz ve sundu\u011fumuz \u00fcr\u00fcnler \u00e7e\u015fitli hidrolik silindirlerin yerini m\u00fckemmel bir \u015fekilde al\u0131yor. \u00dcretim kapasitemiz, belirli makine gereksinimlerine uygun \u00f6zel \u00e7\u00f6z\u00fcmler sunmam\u0131za olanak tan\u0131yor.<\/li>\n<li><strong>Kalite G\u00fcvencesi:<\/strong> Her bir bom silindiri, g\u00fcvenilirlik ve performans a\u00e7\u0131s\u0131ndan titiz testlerden ge\u00e7irilerek, g\u00fcvenlik ve verimlilik konusunda sekt\u00f6r standartlar\u0131n\u0131 kar\u015f\u0131lamaktad\u0131r.<\/li>\n<\/ul>\n<p><img decoding=\"async\" src=\"https:\/\/www.hydraulic-cylinders.net\/wp-content\/uploads\/2025\/04\/songte-cylinder-head-with-all-kinds-excavator-models.webp\" alt=\"Ekskavat\u00f6r Modelleri G\u00f6rseli\"><\/p>\n<h2>Bom Silindirinin Uygulama Senaryolar\u0131<\/h2>\n<h3>\u0130n\u015faat Ekipmanlar\u0131<\/h3>\n<p>Ekskavat\u00f6rlerde, bom silindirleri topra\u011f\u0131 veya molozu kazmak, y\u00fcklemek ve ta\u015f\u0131mak i\u00e7in hayati \u00f6neme sahiptir. Topra\u011f\u0131 delmek i\u00e7in gerekli kuvveti sa\u011flayarak kaz\u0131 s\u00fcrecini verimli ve etkili hale getirirler. Kep\u00e7eyi kald\u0131rma ve e\u011fme yetene\u011fi, malzeme ta\u015f\u0131rken hassas kontrol sa\u011flayarak \u015fantiyelerde verimlili\u011fi art\u0131r\u0131r.<\/p>\n<h3>Tar\u0131m Makinalar\u0131<\/h3>\n<p>\u00d6n y\u00fckleyicilerde, bom silindiri toprak, saman ve di\u011fer malzemelerin y\u00fcklenmesini, kald\u0131r\u0131lmas\u0131n\u0131 ve ta\u015f\u0131nmas\u0131n\u0131 kolayla\u015ft\u0131r\u0131r. Hayvan besleme veya tarla temizleme gibi h\u0131z ve verimlili\u011fin gerekli oldu\u011fu i\u015fler i\u00e7in g\u00fcvenilir performans\u0131 \u00e7ok \u00f6nemlidir.<\/p>\n<h3>Ekskavat\u00f6rler<\/h3>\n<p>Bom silindiri, kep\u00e7enin topra\u011f\u0131n derinliklerine n\u00fcfuz etmesine izin vererek ekskavat\u00f6rlerin kazma i\u015flemlerini ger\u00e7ekle\u015ftirmesini sa\u011flar. Bu \u00f6zellik, temel atma veya di\u011fer uygulamalar i\u00e7in hassas kaz\u0131 derinli\u011finin gerekli oldu\u011fu in\u015faat ve peyzaj projeleri i\u00e7in hayati \u00f6nem ta\u015f\u0131r.<\/p>\n<h3>Y\u00fckleyiciler<\/h3>\n<p>\u00d6n y\u00fckleyicilerde, bom silindirleri y\u00fcklerin etkili bir \u015fekilde kald\u0131r\u0131lmas\u0131na ve bo\u015falt\u0131lmas\u0131na yard\u0131mc\u0131 olur. A\u011f\u0131r malzemeleri kald\u0131rmak i\u00e7in gereken g\u00fcc\u00fc sa\u011flayarak, kamyonlara y\u00fckleme yaparken veya \u015fantiyede malzeme ta\u015f\u0131rken sorunsuz \u00e7al\u0131\u015fmay\u0131 garanti ederler.<\/p>\n<h2>Tasar\u0131m Hususlar\u0131 ve Se\u00e7im Kriterleri<\/h2>\n<h3>Y\u00fck Kapasitesi<\/h3>\n<p>Bom silindirinin y\u00fck ta\u015f\u0131ma kapasitesi, kritik bir tasar\u0131m unsurudur. Kullan\u0131laca\u011f\u0131 \u00f6zel g\u00f6revlere ve makinelere uygun olmal\u0131d\u0131r. M\u00fchendisler, silindirin ar\u0131za riski olmadan y\u00fck\u00fc g\u00fcvenli bir \u015fekilde ta\u015f\u0131yabilmesini sa\u011flamak i\u00e7in, \u00e7al\u0131\u015fma s\u0131ras\u0131nda kar\u015f\u0131la\u015f\u0131labilecek beklenen a\u011f\u0131rl\u0131k ve kuvvetlere dayanarak gerekli y\u00fck ta\u015f\u0131ma kapasitesini hesaplarlar.<\/p>\n<h3>S\u0131zd\u0131rmazl\u0131k Yetene\u011fi<\/h3>\n<p>Hidrolik silindirlerin performans\u0131 i\u00e7in etkili s\u0131zd\u0131rmazl\u0131k \u015fartt\u0131r. Y\u00fcksek kaliteli contalar, hidrolik s\u0131v\u0131 s\u0131z\u0131nt\u0131lar\u0131n\u0131 \u00f6nleyerek sistem i\u00e7indeki bas\u0131nc\u0131 korur ve sorunsuz \u00e7al\u0131\u015fmay\u0131 sa\u011flar. Contalar, hidrolik s\u0131v\u0131 ile uyumluluklar\u0131na ve \u00e7al\u0131\u015fma ortam\u0131n\u0131n ko\u015fullar\u0131na dayanabilme yeteneklerine g\u00f6re se\u00e7ilmelidir.<\/p>\n<h3>Dayan\u0131kl\u0131l\u0131k<\/h3>\n<p>Hidrolik silindirlerin tasar\u0131m\u0131nda dayan\u0131kl\u0131l\u0131k \u00f6nemli bir fakt\u00f6rd\u00fcr. Kullan\u0131lan malzemeler, s\u00fcrekli hareket ve zorlu ko\u015fullara maruz kalma nedeniyle olu\u015fan a\u015f\u0131nmaya ve y\u0131pranmaya kar\u015f\u0131 diren\u00e7li olmal\u0131d\u0131r. Y\u00fcksek mukavemetli malzemeler ve kaplamalar, dayan\u0131kl\u0131l\u0131\u011f\u0131 art\u0131rarak silindirin \u00e7al\u0131\u015fma \u00f6mr\u00fcn\u00fc uzatabilir.<\/p>\n<h3>G\u00fcvenlik \u00d6zellikleri<\/h3>\n<p>Hidrolik silindir tasar\u0131m\u0131nda g\u00fcvenlik her \u015feyden \u00f6nemlidir. Bas\u0131n\u00e7 tahliye vanalar\u0131 gibi \u00f6zelliklerin eklenmesi, a\u015f\u0131r\u0131 y\u00fcklenmeyi ve potansiyel olarak felaketle sonu\u00e7lanabilecek ar\u0131zalar\u0131 \u00f6nleyebilir. Bu g\u00fcvenlik \u00f6nlemleri, \u00e7al\u0131\u015fma s\u0131ras\u0131nda operat\u00f6rleri ve ekipman\u0131 korumak i\u00e7in hayati \u00f6nem ta\u015f\u0131r.<\/p>\n<h3>Bak\u0131m kolayl\u0131\u011f\u0131<\/h3>\n<p>Kolay bak\u0131m i\u00e7in tasar\u0131m yapmak, ar\u0131za s\u00fcrelerini en aza indirmek ve ekipman\u0131n \u00f6mr\u00fcn\u00fc uzatmak i\u00e7in \u00e7ok \u00f6nemlidir. Ya\u011flama i\u00e7in kolay eri\u015filebilir gres ba\u011flant\u0131 noktalar\u0131 ve onar\u0131m i\u00e7in kolay s\u00f6kme gibi \u00f6zellikler, tasar\u0131m s\u00fcrecinde dikkate al\u0131nmas\u0131 gereken temel unsurlard\u0131r.<\/p>\n<p><img decoding=\"async\" src=\"https:\/\/www.hydraulic-cylinders.net\/wp-content\/uploads\/2025\/04\/songte-oil-pipes-and-spare-parts.webp\" alt=\"Hidrolik Silindir Yedek Par\u00e7a G\u00f6rseli\"><\/p>\n<h2>Hidrolik Silindirin S\u0131zd\u0131rmazl\u0131\u011f\u0131 ve Ya\u011flanmas\u0131<\/h2>\n<p>Hidrolik silindirlerin s\u0131zd\u0131rmazl\u0131\u011f\u0131 ve ya\u011flanmas\u0131, performans ve uzun \u00f6m\u00fcrl\u00fcl\u00fc\u011f\u00fcn korunmas\u0131 i\u00e7in hayati \u00f6neme sahiptir. Hidrolik s\u0131v\u0131 s\u0131z\u0131nt\u0131s\u0131n\u0131 \u00f6nlemek i\u00e7in piston contalar\u0131 ve mil contalar\u0131 da dahil olmak \u00fczere \u00e7e\u015fitli contalar kullan\u0131l\u0131r. Bu contalar genellikle a\u015f\u0131nmaya ve y\u0131pranmaya dayan\u0131kl\u0131 poli\u00fcretan veya nitril kau\u00e7uk gibi dayan\u0131kl\u0131 malzemelerden yap\u0131l\u0131r. S\u0131zd\u0131rmazl\u0131k malzemelerinin do\u011fru se\u00e7imi \u00e7ok \u00f6nemlidir, \u00e7\u00fcnk\u00fc \u00e7al\u0131\u015fma ko\u015fullar\u0131na ve kullan\u0131lan hidrolik s\u0131v\u0131n\u0131n t\u00fcr\u00fcne dayanmalar\u0131 gerekir.<\/p>\n<p>Silindir g\u00f6vdesi ve di\u015fli u\u00e7 y\u00fczeyleri, a\u015f\u0131nma direncini art\u0131rmak i\u00e7in hassas i\u015fleme s\u00fcre\u00e7lerinden ge\u00e7irilir. Sorunsuz \u00e7al\u0131\u015fma sa\u011flamak ve hareketli par\u00e7alar aras\u0131ndaki s\u00fcrt\u00fcnmeyi \u00f6nlemek i\u00e7in d\u00fczenli hidrolik ya\u011f ya\u011flamas\u0131 gereklidir. Bu, periyodik olarak hidrolik ya\u011f eklemeyi ve conta a\u015f\u0131nmas\u0131 belirtilerini kontrol etmeyi i\u00e7erir.<\/p>\n<h2>D\u00fczenli Muayene ve \u00d6nleyici Bak\u0131m \u00d6nlemleri<\/h2>\n<ul>\n<li><strong>D\u00fczenli Denetimler:<\/strong> Hidrolik silindirin d\u00fczenli olarak kontrol edilmesi, a\u015f\u0131nma ve y\u0131pranmay\u0131 erken a\u015famada tespit etmeye yard\u0131mc\u0131 olabilir. S\u0131z\u0131nt\u0131, korozyon veya fiziksel hasar belirtilerine dikkat edin. D\u00fczenli g\u00f6rsel kontroller, ilerleyen zamanlarda daha ciddi sorunlar\u0131n \u00f6nlenmesine yard\u0131mc\u0131 olabilir.<\/li>\n<li><strong>Uygun Ya\u011flama:<\/strong> Silindirin her zaman yeterince ya\u011fland\u0131\u011f\u0131ndan emin olun. Bu, a\u015f\u0131r\u0131 \u0131s\u0131nmay\u0131 \u00f6nler ve contalar ile hareketli par\u00e7alardaki a\u015f\u0131nmay\u0131 azalt\u0131r. \u00d6nerilen ya\u011flay\u0131c\u0131y\u0131 kullan\u0131n ve \u00fcreticinin aral\u0131klar ve miktarlar hakk\u0131ndaki y\u00f6nergelerini izleyin.<\/li>\n<li><strong>Conta De\u011fi\u015fimleri:<\/strong> Optimum performans\u0131 korumak i\u00e7in contalar\u0131 d\u00fczenli olarak kontrol edin ve gerekti\u011finde de\u011fi\u015ftirin. Contalar zamanla a\u015f\u0131narak s\u0131z\u0131nt\u0131lara ve verimlilik d\u00fc\u015f\u00fc\u015f\u00fcne yol a\u00e7abilir. Yedek conta sto\u011fu bulundurmak, ar\u0131za s\u00fcrelerini en aza indirebilir.<\/li>\n<\/ul>\n<h2>Uygun Kurulum Y\u00f6nergeleri<\/h2>\n<p>Bom silindirinin do\u011fru montaj\u0131, etkili \u00e7al\u0131\u015fmas\u0131 i\u00e7in \u00e7ok \u00f6nemlidir. \u00d6ncelikle t\u00fcm bile\u015fenlerin temiz ve kal\u0131nt\u0131lardan ar\u0131nd\u0131r\u0131lm\u0131\u015f oldu\u011fundan emin olun. Contalarda gereksiz gerilme ve a\u015f\u0131nmay\u0131 \u00f6nlemek i\u00e7in silindiri do\u011fru \u015fekilde hizalay\u0131n. \u00c7al\u0131\u015fma s\u0131ras\u0131nda stabilite sa\u011flamak i\u00e7in silindiri sa\u011flam bir \u015fekilde yerine sabitlemek \u00fczere uygun montaj braketleri kullanmak \u00e7ok \u00f6nemlidir.<\/p>\n<p>Montaj s\u0131ras\u0131nda hidrolik ba\u011flant\u0131lara dikkat edin ve bunlar\u0131n s\u0131k\u0131 ve s\u0131z\u0131nt\u0131s\u0131z oldu\u011fundan emin olun. Montajdan sonra, silindirin herhangi bir anormal ses veya s\u0131z\u0131nt\u0131 olmadan sorunsuz \u00e7al\u0131\u015ft\u0131\u011f\u0131n\u0131 do\u011frulamak i\u00e7in sistemi test edin. S\u00fcrekli performans sa\u011flamak i\u00e7in silindirin hizalamas\u0131n\u0131 ve durumunu d\u00fczenli olarak de\u011ferlendirin.<\/p>\n<h2>Yayg\u0131n Bak\u0131m G\u00f6revleri<\/h2>\n<ul>\n<li><strong>D\u00fczenli Kontroller:<\/strong> S\u0131z\u0131nt\u0131, a\u015f\u0131nma ve genel silindir sa\u011fl\u0131\u011f\u0131 a\u00e7\u0131s\u0131ndan d\u00fczenli kontroller yapmak \u00f6nemlidir. Tutarl\u0131 izleme, daha b\u00fcy\u00fck sorunlar\u0131n ortaya \u00e7\u0131kmas\u0131n\u0131 \u00f6nleyebilir.<\/li>\n<li><strong>Ya\u011flama:<\/strong> \u0130\u00e7 bile\u015fenlerin iyi ya\u011flanmas\u0131n\u0131 sa\u011flamak, s\u00fcrt\u00fcnmeyi ve a\u015f\u0131nmay\u0131 azaltmak i\u00e7in uygun bir ya\u011flama program\u0131 uygulay\u0131n.<\/li>\n<li><strong>Conta De\u011fi\u015fimi:<\/strong> Hidrolik sistemin verimlili\u011fini korumak i\u00e7in gerekti\u011finde contalar\u0131 de\u011fi\u015ftirin. Contalar\u0131n d\u00fczenli bak\u0131m\u0131 s\u0131z\u0131nt\u0131lar\u0131 \u00f6nleyebilir ve performans\u0131 art\u0131rabilir.<\/li>\n<\/ul>\n<h2>G\u00fcvenlik Hususlar\u0131 ve \u00c7evresel Fakt\u00f6rler<\/h2>\n<p>Hidrolik silindirlerin \u00e7al\u0131\u015ft\u0131r\u0131lmas\u0131 s\u0131ras\u0131nda g\u00fcvenlik \u00f6nlemlerine kesinlikle uyulmal\u0131d\u0131r. Operat\u00f6rler, bas\u0131n\u00e7 kaynakl\u0131 yaralanmalar da dahil olmak \u00fczere hidrolik ekipmanla ili\u015fkili riskleri tan\u0131mak \u00fczere e\u011fitilmelidir. Koruyucu ekipman kullan\u0131m\u0131, i\u015fletme y\u00f6nergelerine uyulmas\u0131 ve ekipman\u0131n bak\u0131m\u0131, kaza riskini \u00f6nemli \u00f6l\u00e7\u00fcde azaltabilir. Ayr\u0131ca, toprak ve su kaynaklar\u0131n\u0131n kirlenmesini \u00f6nlemek i\u00e7in hidrolik s\u0131v\u0131lar\u0131n uygun \u015fekilde depolanmas\u0131 ve y\u00f6netilmesi gibi \u00e7evresel fakt\u00f6rler de dikkate al\u0131nmal\u0131d\u0131r.<\/p>\n<h2>Sorun Giderme ve Yayg\u0131n Sorunlar<\/h2>\n<ul>\n<li><strong>S\u0131zd\u0131ran Contalar:<\/strong> Bu, genellikle a\u015f\u0131nma veya yanl\u0131\u015f montajdan kaynaklanan yayg\u0131n bir sorundur. S\u0131z\u0131nt\u0131lar\u0131 \u00f6nlemek i\u00e7in d\u00fczenli kontroller ve zaman\u0131nda conta de\u011fi\u015fimi \u015fartt\u0131r.<\/li>\n<li><strong>Tepkisiz Silindir:<\/strong> Silindir tepki vermiyorsa, bu hidrolik s\u0131v\u0131 seviyesinin d\u00fc\u015f\u00fck oldu\u011funu veya sistemde hava bulundu\u011funu g\u00f6sterebilir. S\u0131v\u0131 seviyelerini kontrol edin ve gerekirse sistemi havaland\u0131r\u0131n.<\/li>\n<li><strong>A\u015f\u0131r\u0131 Is\u0131nma:<\/strong> Bu durum, ya\u011flaman\u0131n yetersiz olmas\u0131 halinde ortaya \u00e7\u0131kabilir. Ya\u011flama programlar\u0131na uyuldu\u011fundan emin olun ve hidrolik sistemde t\u0131kan\u0131kl\u0131k olup olmad\u0131\u011f\u0131n\u0131 kontrol edin.<\/li>\n<\/ul>\n<h2>Sorun Giderme \u0130pu\u00e7lar\u0131 ve \u00c7\u00f6z\u00fcmleri<\/h2>\n<p>Bom silindirindeki sorunlar\u0131 etkili bir \u015fekilde te\u015fhis etmek ve \u00e7\u00f6zmek i\u00e7in operat\u00f6rler \u00f6ncelikle belirtileri belirlemelidir. D\u00fczenli bak\u0131m uygulamalar\u0131, contalar\u0131n iyi durumda olmas\u0131n\u0131 ve hidrolik s\u0131v\u0131s\u0131n\u0131n uygun seviyede olmas\u0131n\u0131 sa\u011flamak gibi bir\u00e7ok sorunun olu\u015fmas\u0131n\u0131 \u00f6nleyebilir. \u0130\u015flemler sonu\u00e7 vermezse, hidrolik hatlarda t\u0131kan\u0131kl\u0131k veya hava olup olmad\u0131\u011f\u0131n\u0131 kontrol edin. S\u0131z\u0131nt\u0131lar i\u00e7in contalar\u0131 ve ba\u011flant\u0131lar\u0131 sa\u011flaml\u0131k a\u00e7\u0131s\u0131ndan inceleyin. D\u00fczenli bir bak\u0131m program\u0131 s\u00fcrd\u00fcrmek gibi proaktif \u00f6nlemler, potansiyel sorunlar\u0131 en aza indirebilir ve hidrolik bile\u015fenlerin \u00f6mr\u00fcn\u00fc uzatabilir.<\/p>\n<p><img decoding=\"async\" src=\"https:\/\/www.hydraulic-cylinders.net\/wp-content\/uploads\/2025\/04\/songte-bushings-with-all-kinds-of-excavator-models.webp\" alt=\"Ekskavat\u00f6r Bur\u00e7lar\u0131 Resmi\"><\/p>\n<h2>\u015eirket Genel Bak\u0131\u015f\u0131<\/h2>\n<p>Hidrolik silindir yedek par\u00e7alar\u0131 konusunda uzmanla\u015fm\u0131\u015f bir \u00fcreticiyiz ve hem yurt i\u00e7i hem de uluslararas\u0131 pazarlarda \u00f6nde gelen \u00fcretici ve toptanc\u0131lardan biri olarak konumlanmam\u0131z\u0131 sa\u011flayan kapsaml\u0131 bir \u00fcr\u00fcn yelpazesi sunuyoruz. M\u00fckemmelli\u011fe olan ba\u011fl\u0131l\u0131\u011f\u0131m\u0131z, geli\u015fmi\u015f \u00fcretim at\u00f6lyemizde ve sistematik \u00fcretim y\u00f6netim stratejilerimizde kendini g\u00f6stermektedir. Yetenekli teknisyenler, geli\u015fmi\u015f dijital \u00fcretim ekipmanlar\u0131 ve titiz test sistemleri kullanarak \u00fcretim kapasitemizi s\u00fcrekli olarak geli\u015ftiriyoruz.<\/p>\n<p>\u015eirketimiz, teknolojik yenili\u011fe, y\u00fcksek kalite standartlar\u0131na ve \u00e7e\u015fitli m\u00fc\u015fteri ihtiya\u00e7lar\u0131n\u0131 kar\u015f\u0131layan \u00f6zel \u00e7\u00f6z\u00fcmlere odaklanmas\u0131yla \u00f6ne \u00e7\u0131kmaktad\u0131r. \u00dcretim tesislerimiz y\u00fcksek verimlilik, hassasiyet ve kalite i\u00e7in donat\u0131lm\u0131\u015ft\u0131r ve bu sayede \u00f6zel tasar\u0131mlardan standart \u00fcr\u00fcnlere kadar m\u00fc\u015fterilerimizin farkl\u0131 gereksinimlerini kar\u015f\u0131layabiliyoruz.<\/p>\n<p><img decoding=\"async\" src=\"https:\/\/www.hydraulic-cylinders.net\/wp-content\/uploads\/2025\/04\/songte-company-4.webp\" alt=\"\u015eirket G\u00f6rseli 1\"><br \/>\n<img decoding=\"async\" src=\"https:\/\/www.hydraulic-cylinders.net\/wp-content\/uploads\/2025\/04\/songte-company-3.webp\" alt=\"\u015eirket G\u00f6rseli 2\"><\/p>\n<p>Yazar: lyl<\/p>","protected":false},"excerpt":{"rendered":"<p>Boom Cylinder For XGMA Wheel Excavator XG807W Definition and Overview of Bucket Cylinders The Boom Cylinder is an integral component specifically designed for controlling the movement of buckets in various heavy machinery such as excavators, backhoe loaders, and front loaders. This hydraulic cylinder enables the bucket to lift, lower, and tilt, facilitating efficient material handling [&hellip;]<\/p>","protected":false},"featured_media":17874,"comment_status":"open","ping_status":"closed","template":"","meta":{"_et_pb_use_builder":"","_et_pb_old_content":"","_et_gb_content_width":""},"product_brand":[],"product_cat":[1546],"product_tag":[1547,1496],"class_list":{"0":"post-19324","1":"product","2":"type-product","3":"status-publish","4":"has-post-thumbnail","6":"product_cat-boom-cylinders","7":"product_tag-boom-cylinders","8":"product_tag-hydraulic-cylinders","10":"first","11":"instock","12":"shipping-taxable","13":"product-type-simple"},"amp_enabled":true,"_links":{"self":[{"href":"https:\/\/www.hydraulic-cylinders.net\/tr\/wp-json\/wp\/v2\/product\/19324","targetHints":{"allow":["GET"]}}],"collection":[{"href":"https:\/\/www.hydraulic-cylinders.net\/tr\/wp-json\/wp\/v2\/product"}],"about":[{"href":"https:\/\/www.hydraulic-cylinders.net\/tr\/wp-json\/wp\/v2\/types\/product"}],"replies":[{"embeddable":true,"href":"https:\/\/www.hydraulic-cylinders.net\/tr\/wp-json\/wp\/v2\/comments?post=19324"}],"wp:featuredmedia":[{"embeddable":true,"href":"https:\/\/www.hydraulic-cylinders.net\/tr\/wp-json\/wp\/v2\/media\/17874"}],"wp:attachment":[{"href":"https:\/\/www.hydraulic-cylinders.net\/tr\/wp-json\/wp\/v2\/media?parent=19324"}],"wp:term":[{"taxonomy":"product_brand","embeddable":true,"href":"https:\/\/www.hydraulic-cylinders.net\/tr\/wp-json\/wp\/v2\/product_brand?post=19324"},{"taxonomy":"product_cat","embeddable":true,"href":"https:\/\/www.hydraulic-cylinders.net\/tr\/wp-json\/wp\/v2\/product_cat?post=19324"},{"taxonomy":"product_tag","embeddable":true,"href":"https:\/\/www.hydraulic-cylinders.net\/tr\/wp-json\/wp\/v2\/product_tag?post=19324"}],"curies":[{"name":"wp","href":"https:\/\/api.w.org\/{rel}","templated":true}]}}