{"id":19388,"date":"2025-04-07T06:31:44","date_gmt":"2025-04-07T06:31:44","guid":{"rendered":"https:\/\/www.hydraulic-cylinders.net\/product\/boom-cylinder-for-jcm-small-excavator-907d\/"},"modified":"2025-04-07T06:31:51","modified_gmt":"2025-04-07T06:31:51","slug":"boom-cylinder-for-jcm-small-excavator-907d","status":"publish","type":"product","link":"https:\/\/www.hydraulic-cylinders.net\/tr\/urun\/boom-cylinder-for-jcm-small-excavator-907d\/","title":{"rendered":"JCM 907D K\u00fc\u00e7\u00fck Ekskavat\u00f6r \u0130\u00e7in Bom Silindiri"},"content":{"rendered":"<h1>JCM 907D K\u00fc\u00e7\u00fck Ekskavat\u00f6r \u0130\u00e7in Bom Silindiri<\/h1>\n<h2>\u00dcr\u00fcn Genel Bak\u0131\u015f\u0131<\/h2>\n<p>JCM 907D k\u00fc\u00e7\u00fck ekskavat\u00f6r i\u00e7in bom silindiri, ekskavat\u00f6r\u00fcn bomunun hareketini kontrol etmek i\u00e7in tasarlanm\u0131\u015f \u00f6nemli bir hidrolik bile\u015fendir. Bu hidrolik silindir, a\u011f\u0131r makinelerde \u00e7ok \u00f6nemli bir rol oynar ve bomun verimli bir \u015fekilde kald\u0131r\u0131lmas\u0131n\u0131, indirilmesini ve e\u011filmesini sa\u011flar; bu da \u00e7e\u015fitli malzeme ta\u015f\u0131ma g\u00f6revleri i\u00e7in hayati \u00f6neme sahiptir.<\/p>\n<p>Hidrolik sistemlerde, bom silindiri, d\u00fczg\u00fcn ve g\u00fc\u00e7l\u00fc hareketler sa\u011flayan temel bir unsur g\u00f6revi g\u00f6r\u00fcr. Operat\u00f6rlerin kazmadan malzeme yerle\u015ftirmeye kadar karma\u015f\u0131k i\u015fleri hassasiyetle ger\u00e7ekle\u015ftirmesine olanak tan\u0131r. Kep\u00e7e silindiri, ekskavat\u00f6rler, kaz\u0131c\u0131lar ve \u00f6n y\u00fckleyicilerdeki uygulamalar i\u00e7in \u00f6zel olarak tasarlanm\u0131\u015ft\u0131r ve bu da onu hem m\u00fcteahhitler hem de operat\u00f6rler i\u00e7in \u00e7ok y\u00f6nl\u00fc bir se\u00e7enek haline getirir.<\/p>\n<p><img decoding=\"async\" src=\"https:\/\/www.hydraulic-cylinders.net\/wp-content\/uploads\/2025\/04\/songte-company-1.webp\" alt=\"Bom Silindiri G\u00f6r\u00fcnt\u00fcs\u00fc\" \/><\/p>\n<h3>Temel \u00d6zellikler<\/h3>\n<ul>\n<li><strong>Y\u00fcksek Dayan\u0131kl\u0131l\u0131k ve Dayan\u0131kl\u0131l\u0131k:<\/strong> Y\u00fcksek mukavemetli \u00e7elik veya al\u00fcminyumdan \u00fcretilen bom silindiri, y\u00fcksek bas\u0131nca ve a\u011f\u0131r y\u00fcklere dayanabilir; bu da onu zorlu \u00e7al\u0131\u015fma ortamlar\u0131 i\u00e7in uygun hale getirirken, a\u015f\u0131nma direnci ve korozyon korumas\u0131 sa\u011flayarak kullan\u0131m \u00f6mr\u00fcn\u00fc uzat\u0131r.<\/li>\n<li><strong>Verimli Hidrolik \u00c7al\u0131\u015fma:<\/strong> Hidrolik ya\u011f bas\u0131nc\u0131n\u0131 kullanan bom silindiri, d\u00fczg\u00fcn uzama ve geri \u00e7ekilme sa\u011flayarak kontrol komutlar\u0131na h\u0131zl\u0131 yan\u0131t vermeyi ve g\u00fc\u00e7l\u00fc itme-\u00e7ekme kuvvetleri uygulamay\u0131 m\u00fcmk\u00fcn k\u0131lar; bu da a\u011f\u0131r malzemelerin ve karma\u015f\u0131k i\u015flerin ta\u015f\u0131nmas\u0131 i\u00e7in idealdir.<\/li>\n<li><strong>T\u00fcr \u00c7e\u015fitlili\u011fi:<\/strong> Farkl\u0131 \u00e7al\u0131\u015fma ihtiya\u00e7lar\u0131n\u0131 kar\u015f\u0131lamak \u00fczere tek etkili (hidrolik tek y\u00f6nde kullan\u0131l\u0131r) veya \u00e7ift etkili (hidrolik her iki y\u00f6nde kullan\u0131l\u0131r) konfig\u00fcrasyonlarda mevcuttur. Baz\u0131 modeller teleskopiktir ve d\u0131\u015f boyutlar\u0131 art\u0131rmadan daha fazla uzama sa\u011flayarak dar alanlar i\u00e7in uygundur.<\/li>\n<li><strong>\u00d6zel \u00dcretim:<\/strong> \u00dcr\u00fcnlerimiz, mevcut hidrolik silindirlerin yerini m\u00fckemmel bir \u015fekilde alacak \u015fekilde tasarlanm\u0131\u015ft\u0131r ve makinelerinizde uyumluluk ve g\u00fcvenilirlik sa\u011flar.<\/li>\n<\/ul>\n<p><img decoding=\"async\" src=\"https:\/\/www.hydraulic-cylinders.net\/wp-content\/uploads\/2025\/04\/songte-cylinder-head-with-all-kinds-excavator-models.webp\" alt=\"Ekskavat\u00f6r Modelleri\" \/><\/p>\n<h2>Bom Silindirinin Uygulamalar\u0131<\/h2>\n<h3>\u0130n\u015faat Ekipmanlar\u0131<\/h3>\n<p>\u0130n\u015faat ekipmanlar\u0131nda, bom silindirleri ekskavat\u00f6rlerin ayr\u0131lmaz par\u00e7alar\u0131d\u0131r ve toprak veya molozun kaz\u0131lmas\u0131, y\u00fcklenmesi ve ta\u015f\u0131nmas\u0131n\u0131 kolayla\u015ft\u0131r\u0131r. Kaz\u0131c\u0131 y\u00fckleyicilerde ise bom silindiri sadece kaz\u0131 i\u015flemlerine de\u011fil, kald\u0131rma i\u015flemlerine de yard\u0131mc\u0131 olarak \u015fantiyelerde verimli malzeme ta\u015f\u0131ma olana\u011f\u0131 sa\u011flar.<\/p>\n<h3>Tar\u0131m Makinalar\u0131<\/h3>\n<p>Tar\u0131m makinelerinde, \u00f6n y\u00fckleyiciler toprak, saman ve di\u011fer malzemeleri kep\u00e7elemek, kald\u0131rmak ve ta\u015f\u0131mak i\u00e7in bom silindirlerine g\u00fcvenir. Bom silindirinin sa\u011flad\u0131\u011f\u0131 hassas kontrol, \u00e7iftlik i\u015flemlerinde verimlili\u011fi art\u0131rarak operat\u00f6rlerin g\u00f6revleri daha etkili bir \u015fekilde yerine getirmesine olanak tan\u0131r.<\/p>\n<h3>Ekskavat\u00f6rler<\/h3>\n<p>Kaz\u0131c\u0131 makineler, kep\u00e7enin topra\u011fa n\u00fcfuz etmesini sa\u011flayarak kazma i\u015flemlerini m\u00fcmk\u00fcn k\u0131lan bom silindirlerini kullan\u0131r. Bom silindiri taraf\u0131ndan \u00fcretilen hidrolik g\u00fc\u00e7, etkili bir n\u00fcfuz sa\u011flamay\u0131 ve kaz\u0131 i\u015flerinin verimlili\u011fini art\u0131rmay\u0131 garanti eder.<\/p>\n<h3>Y\u00fckleyiciler<\/h3>\n<p>\u00d6n y\u00fckleyicilerde, bom silindirleri y\u00fcklerin verimli bir \u015fekilde kald\u0131r\u0131lmas\u0131na ve bo\u015falt\u0131lmas\u0131na yard\u0131mc\u0131 olur. Bom silindirinin sa\u011flad\u0131\u011f\u0131 g\u00fcvenilir \u00e7al\u0131\u015fma, malzemelerin kamyonlara y\u00fcklenmesinden \u015fantiyeler aras\u0131 malzeme transferine kadar \u00e7e\u015fitli g\u00f6revler i\u00e7in \u00e7ok \u00f6nemlidir.<\/p>\n<h2>Tasar\u0131m Hususlar\u0131 ve Se\u00e7im Kriterleri<\/h2>\n<h3>Y\u00fck Kapasitesi<\/h3>\n<p>Bom silindiri se\u00e7ilirken y\u00fck ta\u015f\u0131ma kapasitesi son derece \u00f6nemlidir. Silindir, \u00e7al\u0131\u015fma s\u0131ras\u0131nda kar\u015f\u0131la\u015faca\u011f\u0131 a\u011f\u0131rl\u0131\u011f\u0131 ta\u015f\u0131yabilmelidir. Bu, se\u00e7ilen silindirin hem statik hem de dinamik y\u00fckleri etkili bir \u015fekilde y\u00f6netebilmesini ve olas\u0131 ar\u0131zalar\u0131 \u00f6nleyebilmesini sa\u011flamak i\u00e7in dikkatli hesaplamalar gerektirir.<\/p>\n<h3>S\u0131zd\u0131rmazl\u0131k Mekanizmalar\u0131<\/h3>\n<p>S\u0131zd\u0131rmazl\u0131k mekanizmas\u0131, hidrolik silindirlerin verimli \u00e7al\u0131\u015fmas\u0131 i\u00e7in kritik \u00f6neme sahiptir. Sa\u011flam bir s\u0131zd\u0131rmazl\u0131k sistemi, performans kayb\u0131na ve potansiyel hasara yol a\u00e7abilecek hidrolik s\u0131v\u0131n\u0131n s\u0131zmas\u0131n\u0131 \u00f6nler. Poli\u00fcretan veya nitril kau\u00e7uk gibi y\u00fcksek kaliteli contalar, dayan\u0131kl\u0131l\u0131k ve a\u015f\u0131nmaya kar\u015f\u0131 diren\u00e7 sa\u011flayarak silindirin \u00f6mr\u00fcn\u00fc uzat\u0131r.<\/p>\n<h3>Dayan\u0131kl\u0131l\u0131k<\/h3>\n<p>Dayan\u0131kl\u0131l\u0131k da bir di\u011fer \u00f6nemli husustur. Bom silindirinin yap\u0131m\u0131nda kullan\u0131lan malzemeler, kir, nem ve a\u015f\u0131r\u0131 s\u0131cakl\u0131klar da dahil olmak \u00fczere zorlu ortamlara dayanmal\u0131d\u0131r. Y\u00fcksek kaliteli malzemeler ve kaplamalar kullanmak, silindirin dayan\u0131kl\u0131l\u0131\u011f\u0131n\u0131 ve performans\u0131n\u0131 zaman i\u00e7inde \u00f6nemli \u00f6l\u00e7\u00fcde art\u0131rabilir.<\/p>\n<h3>G\u00fcvenlik \u00d6zellikleri<\/h3>\n<p>Bom silindirlerinin tasar\u0131m\u0131na g\u00fcvenlik \u00f6zelliklerinin dahil edilmesi \u00e7ok \u00f6nemlidir. Bas\u0131n\u00e7 tahliye vanalar\u0131 ve emniyet kilitleri kazalar\u0131 \u00f6nlemeye ve g\u00fcvenli \u00e7al\u0131\u015fmay\u0131 sa\u011flamaya yard\u0131mc\u0131 olur. Bu \u00f6zellikler, operat\u00f6rlere ekipman\u0131n \u00e7e\u015fitli ko\u015fullar alt\u0131nda g\u00fcvenli bir \u015fekilde \u00e7al\u0131\u015faca\u011f\u0131na dair g\u00fcven verir.<\/p>\n<h3>Bak\u0131m ve Onar\u0131m Kolayl\u0131\u011f\u0131<\/h3>\n<p>Bom silindirlerinin bak\u0131m kolayl\u0131\u011f\u0131 g\u00f6z \u00f6n\u00fcnde bulundurularak tasarlanmas\u0131, uzun hizmet \u00f6mr\u00fc i\u00e7in \u00e7ok \u00f6nemlidir. Bile\u015fenler, rutin kontroller, ya\u011flama ve onar\u0131mlar i\u00e7in kolayca eri\u015filebilir olmal\u0131d\u0131r. Bu, zaman\u0131nda bak\u0131m yap\u0131lmas\u0131n\u0131 kolayla\u015ft\u0131rarak, beklenmedik ar\u0131zalarla ili\u015fkili ar\u0131za s\u00fcrelerini ve i\u015fletme maliyetlerini en aza indirir.<\/p>\n<p><img decoding=\"async\" src=\"https:\/\/www.hydraulic-cylinders.net\/wp-content\/uploads\/2025\/04\/songte-oil-pipes-and-spare-parts.webp\" alt=\"Hidrolik Borular ve Yedek Par\u00e7alar\" \/><\/p>\n<h2>S\u0131zd\u0131rmazl\u0131k ve Ya\u011flama<\/h2>\n<p>Bom silindirlerinin performans\u0131 ve uzun \u00f6mr\u00fc i\u00e7in etkili s\u0131zd\u0131rmazl\u0131k ve ya\u011flama hayati \u00f6nem ta\u015f\u0131r. Piston contalar\u0131 ve mil contalar\u0131 gibi \u00e7e\u015fitli s\u0131zd\u0131rmazl\u0131k bile\u015fenleri, optimum bas\u0131nc\u0131 korurken hidrolik s\u0131v\u0131 s\u0131z\u0131nt\u0131lar\u0131n\u0131 \u00f6nlemek i\u00e7in tasarlanm\u0131\u015ft\u0131r. Poli\u00fcretan ve nitril kau\u00e7uk gibi malzemelerin se\u00e7imi, contalar\u0131n a\u015f\u0131nmaya dayan\u0131kl\u0131 olmas\u0131n\u0131 ve zorlu \u00e7al\u0131\u015fma ko\u015fullar\u0131na dayanabilmesini sa\u011flar.<\/p>\n<p>Ayr\u0131ca, silindir g\u00f6vdesinin ve di\u015fli u\u00e7lar\u0131n\u0131n titizlikle i\u015flenmesi, a\u015f\u0131nma direncini art\u0131r\u0131r ve s\u0131zd\u0131rmazl\u0131k performans\u0131n\u0131 iyile\u015ftirir. Sorunsuz \u00e7al\u0131\u015fmay\u0131 sa\u011flamak ve hareketli par\u00e7alarda a\u015f\u0131nmay\u0131 \u00f6nlemek i\u00e7in uygun hidrolik ya\u011f ile d\u00fczenli ya\u011flama gereklidir; bu da hidrolik sistemin genel dayan\u0131kl\u0131l\u0131\u011f\u0131na katk\u0131da bulunur.<\/p>\n<h2>Rutin Kontrol ve \u00d6nleyici Bak\u0131m<\/h2>\n<ul>\n<li><strong>D\u00fczenli Denetimler:<\/strong> Bom silindirinin d\u00fczenli olarak kontrol edilmesi, a\u015f\u0131nma veya hasar belirtilerini erken tespit etmek i\u00e7in \u00e7ok \u00f6nemlidir. Bu, s\u0131z\u0131nt\u0131lar\u0131n kontrol edilmesini, conta b\u00fct\u00fcnl\u00fc\u011f\u00fcn\u00fcn de\u011ferlendirilmesini ve hidrolik s\u0131v\u0131 seviyelerinin yeterli olmas\u0131n\u0131n sa\u011flanmas\u0131n\u0131 i\u00e7erir.<\/li>\n<li><strong>Uygun Ya\u011flama:<\/strong> Silindirin \u00fcreticinin spesifikasyonlar\u0131na g\u00f6re d\u00fczg\u00fcn bir \u015fekilde ya\u011flanmas\u0131 \u00e7ok \u00f6nemlidir. Bu, sorunsuz \u00e7al\u0131\u015fmay\u0131 s\u00fcrd\u00fcrmeye ve contalar\u0131n ve i\u00e7 bile\u015fenlerin erken a\u015f\u0131nmas\u0131n\u0131 \u00f6nlemeye yard\u0131mc\u0131 olur.<\/li>\n<li><strong>Conta De\u011fi\u015fimi:<\/strong> Silindirin performans\u0131n\u0131 korumak i\u00e7in a\u015f\u0131nm\u0131\u015f contalar\u0131n d\u00fczenli olarak de\u011fi\u015ftirilmesi hayati \u00f6nem ta\u015f\u0131r. Zamanla contalar bozulabilir, bu da s\u0131z\u0131nt\u0131lara ve verimlilik d\u00fc\u015f\u00fc\u015f\u00fcne yol a\u00e7abilir. Conta kontrol\u00fc ve de\u011fi\u015ftirme i\u00e7in bir program olu\u015fturmak, \u00e7al\u0131\u015fma ar\u0131zalar\u0131n\u0131 \u00f6nleyebilir.<\/li>\n<\/ul>\n<h2>Kurulum Talimatlar\u0131<\/h2>\n<p>Bom silindirinin do\u011fru montaj\u0131, optimum performans i\u00e7in \u00e7ok \u00f6nemlidir. \u00d6ncelikle t\u00fcm bile\u015fenlerin temiz ve kal\u0131nt\u0131lardan ar\u0131nd\u0131r\u0131lm\u0131\u015f oldu\u011fundan emin olun. Silindiri montaj braketleriyle do\u011fru \u015fekilde hizalay\u0131n ve silindiri yerine sabitlemek i\u00e7in uygun montaj desteklerini kullan\u0131n. Yanl\u0131\u015f hizalamay\u0131 veya silindire zarar vermeyi \u00f6nlemek i\u00e7in montaj s\u0131ras\u0131nda \u00fcreticinin tork \u00f6zelliklerine uymak \u00e7ok \u00f6nemlidir.<\/p>\n<p>Kurulumdan sonra, hidrolik hatlar\u0131n do\u011fru \u015fekilde ba\u011fland\u0131\u011f\u0131ndan ve b\u00fck\u00fclme veya t\u0131kan\u0131kl\u0131k olmad\u0131\u011f\u0131ndan emin olmak i\u00e7in kapsaml\u0131 bir kontrol yap\u0131n. Her \u015fey yerli yerine oturduktan sonra, silindirin s\u0131z\u0131nt\u0131 olmadan sorunsuz \u00e7al\u0131\u015ft\u0131\u011f\u0131n\u0131 do\u011frulamak i\u00e7in bir sistem bas\u0131n\u00e7 testi ger\u00e7ekle\u015ftirin. Kurulumun d\u00fczenli olarak izlenmesi, performans\u0131 korumaya ve hidrolik silindirin \u00f6mr\u00fcn\u00fc uzatmaya yard\u0131mc\u0131 olacakt\u0131r.<\/p>\n<p><img decoding=\"async\" src=\"https:\/\/www.hydraulic-cylinders.net\/wp-content\/uploads\/2025\/04\/songte-chushion-collar.webp\" alt=\"Yast\u0131k Yaka\" \/><\/p>\n<h2>G\u00fcvenlik Hususlar\u0131 ve \u00c7evresel Fakt\u00f6rler<\/h2>\n<p>Hidrolik makinelerin \u00e7al\u0131\u015ft\u0131r\u0131lmas\u0131nda g\u00fcvenlik \u00f6nlemleri son derece \u00f6nemlidir. Operat\u00f6rler, hidrolik sistemlerle ili\u015fkili riskleri anlamak da dahil olmak \u00fczere, bom silindirlerinin kullan\u0131m\u0131 konusunda uygun e\u011fitim almal\u0131d\u0131r. Koruyucu ekipman kullan\u0131m\u0131 ve d\u00fczenli g\u00fcvenlik denetimleri gibi g\u00fcvenlik protokollerinin uygulanmas\u0131, potansiyel tehlikeleri en aza indirmeye yard\u0131mc\u0131 olur. Ayr\u0131ca, s\u0131v\u0131 at\u0131k bertaraf\u0131 ve \u00e7evre dostu malzemelerin kullan\u0131m\u0131 gibi \u00e7evresel fakt\u00f6rlerin dikkate al\u0131nmas\u0131, s\u00fcrd\u00fcr\u00fclebilir operasyonlara katk\u0131da bulunur.<\/p>\n<h2>Yayg\u0131n Sorunlar\u0131n Giderilmesi<\/h2>\n<ul>\n<li><strong>S\u0131z\u0131nt\u0131:<\/strong> E\u011fer bom silindirinden hidrolik s\u0131v\u0131 s\u0131z\u0131yorsa, contalar\u0131 hasar veya a\u015f\u0131nma a\u00e7\u0131s\u0131ndan kontrol edin. A\u015f\u0131nm\u0131\u015f contalar\u0131n de\u011fi\u015ftirilmesi genellikle \u00e7\u00f6z\u00fcmd\u00fcr.<\/li>\n<li><strong>Tutarl\u0131 Olmayan Hareket:<\/strong> Silindir d\u00fczg\u00fcn bir \u015fekilde uzam\u0131yor veya geri \u00e7ekilmiyorsa, hidrolik hatlarda t\u0131kan\u0131kl\u0131k olup olmad\u0131\u011f\u0131n\u0131 veya hidrolik s\u0131v\u0131 seviyesinin d\u00fc\u015f\u00fck olup olmad\u0131\u011f\u0131n\u0131 kontrol edin; bu durum s\u0131v\u0131 takviyesi veya hat temizli\u011fi gerektirebilir.<\/li>\n<li><strong>A\u015f\u0131r\u0131 G\u00fcr\u00fclt\u00fc:<\/strong> \u00c7al\u0131\u015fma s\u0131ras\u0131nda ola\u011fand\u0131\u015f\u0131 sesler, i\u00e7 a\u015f\u0131nmaya veya ya\u011flama eksikli\u011fine i\u015faret edebilir. Silindiri a\u015f\u0131nma a\u00e7\u0131s\u0131ndan inceleyin ve uygun ya\u011flaman\u0131n sa\u011fland\u0131\u011f\u0131ndan emin olun.<\/li>\n<\/ul>\n<p>Olas\u0131 sorunlar\u0131 en aza indirmek i\u00e7in \u00f6nleyici tedbirlere uymak \u00e7ok \u00f6nemlidir; bunlar aras\u0131nda s\u0131v\u0131 seviyelerinin do\u011fru \u015fekilde korunmas\u0131 ve operasyonlarda g\u00fcvenilirlik ve verimlili\u011fi sa\u011flamak i\u00e7in bile\u015fenlerin d\u00fczenli olarak incelenmesi yer al\u0131r.<\/p>\n<p><img decoding=\"async\" src=\"https:\/\/www.hydraulic-cylinders.net\/wp-content\/uploads\/2025\/04\/songte-bushings-with-all-kinds-of-excavator-models.webp\" alt=\"Ekskavat\u00f6r Modellerinde Bur\u00e7lar\" \/><\/p>\n<h2>\u015eirketimiz Hakk\u0131nda<\/h2>\n<p>Hidrolik sistemler i\u00e7in y\u00fcksek kaliteli alternatifler sunma konusunda uzmanla\u015fm\u0131\u015f, \u00f6nde gelen bir hidrolik silindir \u00fcreticisiyiz. Geni\u015f \u00fcr\u00fcn yelpazemiz, bizi hem yurt i\u00e7i hem de uluslararas\u0131 pazarlarda en iyi \u00fcretici ve toptanc\u0131lardan biri konumuna getiriyor. M\u00fckemmellik ilkelerine ba\u011fl\u0131 kalarak ve geli\u015fmi\u015f \u00fcretim s\u00fcre\u00e7lerinden yararlanarak, \u00fcr\u00fcnlerimizin titiz kalite standartlar\u0131n\u0131 kar\u015f\u0131lamas\u0131n\u0131 sa\u011fl\u0131yoruz.<\/p>\n<p>\u00dcretim kapasitemiz, geli\u015fmi\u015f dijital ekipman ve g\u00fc\u00e7l\u00fc bir yetenek havuzu taraf\u0131ndan desteklenmekte olup, bu sayede y\u00fcksek d\u00fczeyde hassasiyet ve verimlilik sa\u011flayabiliyoruz. \u00d6zelle\u015ftirme, uluslararas\u0131 sertifikalar ve ola\u011fan\u00fcst\u00fc sat\u0131\u015f sonras\u0131 hizmete odaklanarak, m\u00fc\u015fterilerimizin \u00e7e\u015fitli ihtiya\u00e7lar\u0131n\u0131 kar\u015f\u0131lamaya kendimizi adad\u0131k.<\/p>\n<p><img decoding=\"async\" src=\"https:\/\/www.hydraulic-cylinders.net\/wp-content\/uploads\/2025\/04\/songte-company-4.webp\" alt=\"\u015eirket Genel Bak\u0131\u015f\u0131\" \/><br \/>\n<img decoding=\"async\" src=\"https:\/\/www.hydraulic-cylinders.net\/wp-content\/uploads\/2025\/04\/songte-company-3.webp\" alt=\"\u015eirket \u00dcretimi\" \/><\/p>\n<p>Yazar: lyl<\/p>","protected":false},"excerpt":{"rendered":"<p>Boom Cylinder For JCM Small Excavator 907D Product Overview The Boom Cylinder for JCM Small Excavator 907D is an essential hydraulic component designed to control the movement of the excavator&#8217;s boom. This hydraulic cylinder plays a crucial role in heavy machinery, allowing the boom to lift, lower, and tilt efficiently, which is vital for various [&hellip;]<\/p>","protected":false},"featured_media":17878,"comment_status":"open","ping_status":"closed","template":"","meta":{"_et_pb_use_builder":"","_et_pb_old_content":"","_et_gb_content_width":""},"product_brand":[],"product_cat":[1546],"product_tag":[1547,1496],"class_list":{"0":"post-19388","1":"product","2":"type-product","3":"status-publish","4":"has-post-thumbnail","6":"product_cat-boom-cylinders","7":"product_tag-boom-cylinders","8":"product_tag-hydraulic-cylinders","10":"first","11":"instock","12":"shipping-taxable","13":"product-type-simple"},"amp_enabled":true,"_links":{"self":[{"href":"https:\/\/www.hydraulic-cylinders.net\/tr\/wp-json\/wp\/v2\/product\/19388","targetHints":{"allow":["GET"]}}],"collection":[{"href":"https:\/\/www.hydraulic-cylinders.net\/tr\/wp-json\/wp\/v2\/product"}],"about":[{"href":"https:\/\/www.hydraulic-cylinders.net\/tr\/wp-json\/wp\/v2\/types\/product"}],"replies":[{"embeddable":true,"href":"https:\/\/www.hydraulic-cylinders.net\/tr\/wp-json\/wp\/v2\/comments?post=19388"}],"wp:featuredmedia":[{"embeddable":true,"href":"https:\/\/www.hydraulic-cylinders.net\/tr\/wp-json\/wp\/v2\/media\/17878"}],"wp:attachment":[{"href":"https:\/\/www.hydraulic-cylinders.net\/tr\/wp-json\/wp\/v2\/media?parent=19388"}],"wp:term":[{"taxonomy":"product_brand","embeddable":true,"href":"https:\/\/www.hydraulic-cylinders.net\/tr\/wp-json\/wp\/v2\/product_brand?post=19388"},{"taxonomy":"product_cat","embeddable":true,"href":"https:\/\/www.hydraulic-cylinders.net\/tr\/wp-json\/wp\/v2\/product_cat?post=19388"},{"taxonomy":"product_tag","embeddable":true,"href":"https:\/\/www.hydraulic-cylinders.net\/tr\/wp-json\/wp\/v2\/product_tag?post=19388"}],"curies":[{"name":"wp","href":"https:\/\/api.w.org\/{rel}","templated":true}]}}