{"id":19406,"date":"2025-04-07T06:32:52","date_gmt":"2025-04-07T06:32:52","guid":{"rendered":"https:\/\/www.hydraulic-cylinders.net\/product\/boom-cylinder-for-bobcat-small-excavator-e35\/"},"modified":"2025-04-07T06:32:55","modified_gmt":"2025-04-07T06:32:55","slug":"boom-cylinder-for-bobcat-small-excavator-e35","status":"publish","type":"product","link":"https:\/\/www.hydraulic-cylinders.net\/tr\/urun\/boom-cylinder-for-bobcat-small-excavator-e35\/","title":{"rendered":"Bobcat E35 K\u00fc\u00e7\u00fck Ekskavat\u00f6r \u0130\u00e7in Bom Silindiri"},"content":{"rendered":"<h1>Bobcat E35 K\u00fc\u00e7\u00fck Ekskavat\u00f6r \u0130\u00e7in Bom Silindiri<\/h1>\n<h2>Bom Silindirlerine Giri\u015f<\/h2>\n<p>Kep\u00e7e silindiri, \u00f6zellikle ekskavat\u00f6rler, kaz\u0131c\u0131 y\u00fckleyiciler ve \u00f6n y\u00fckleyiciler gibi \u00e7e\u015fitli a\u011f\u0131r makinelerin hidrolik sistemlerinde \u00e7ok \u00f6nemli bir bile\u015fendir. Kep\u00e7enin hareketini kontrol etmek i\u00e7in \u00f6zel olarak tasarlanan bu hidrolik silindir, kep\u00e7enin kald\u0131r\u0131lmas\u0131n\u0131, indirilmesini ve e\u011filmesini sa\u011flayarak verimli malzeme ta\u015f\u0131ma i\u015flemlerini kolayla\u015ft\u0131r\u0131r. Bir hidrolik silindir olarak, do\u011frusal hareket olu\u015fturmak i\u00e7in bas\u0131n\u00e7l\u0131 hidrolik s\u0131v\u0131 kullanarak \u00e7al\u0131\u015f\u0131r ve operat\u00f6rlerin in\u015faat ve kaz\u0131 i\u015flemlerinde gerekli olan bir dizi i\u015flemi ger\u00e7ekle\u015ftirmesini sa\u011flar.<\/p>\n<p><img decoding=\"async\" src=\"https:\/\/www.hydraulic-cylinders.net\/wp-content\/uploads\/2025\/04\/songte-company-1.webp\" alt=\"Bom Silindiri\" \/><\/p>\n<h3>Bom Silindirlerinin Ba\u015fl\u0131ca \u00d6zellikleri<\/h3>\n<ul>\n<li><strong>Y\u00fcksek Dayan\u0131kl\u0131l\u0131k ve Dayan\u0131kl\u0131l\u0131k:<\/strong> Y\u00fcksek mukavemetli \u00e7elik veya al\u00fcminyumdan \u00fcretilen bu silindirler, y\u00fcksek bas\u0131nca ve a\u011f\u0131r y\u00fcklere dayanacak \u015fekilde tasarlanm\u0131\u015ft\u0131r ve bu da onlar\u0131 zorlu \u00e7al\u0131\u015fma ortamlar\u0131 i\u00e7in uygun hale getirir.<\/li>\n<li><strong>Verimli Hidrolik \u00c7al\u0131\u015fma:<\/strong> Bom silindiri, sorunsuz uzatma ve geri \u00e7ekme i\u00e7in hidrolik ya\u011f bas\u0131nc\u0131ndan yararlanarak operasyonel komutlara h\u0131zl\u0131 yan\u0131t verilmesini ve g\u00fc\u00e7l\u00fc itme ve \u00e7ekme kuvvetleri sa\u011flanmas\u0131n\u0131 m\u00fcmk\u00fcn k\u0131lar.<\/li>\n<li><strong>\u00c7e\u015fitli T\u00fcrler:<\/strong> Tek y\u00f6nl\u00fc (tek y\u00f6nde \u00e7al\u0131\u015fan) veya \u00e7ift y\u00f6nl\u00fc (iki y\u00f6nde \u00e7al\u0131\u015fan) konfig\u00fcrasyonlarda bulunan baz\u0131 modellerde, d\u0131\u015f boyutlar\u0131 art\u0131rmadan daha fazla uzamaya olanak tan\u0131yan teleskopik tasar\u0131mlar mevcuttur.<\/li>\n<\/ul>\n<p>\u00c7e\u015fitli uygulamalarda mevcut hidrolik silindirlerin yerini m\u00fckemmel bir \u015fekilde alabilecek bu y\u00fcksek kaliteli bom silindirlerini \u00fcretebiliyoruz.<\/p>\n<p><img decoding=\"async\" src=\"https:\/\/www.hydraulic-cylinders.net\/wp-content\/uploads\/2025\/04\/songte-cylinder-head-with-all-kinds-excavator-models.webp\" alt=\"Ekskavat\u00f6r Modelleri\" \/><\/p>\n<h2>Bom Silindirlerinin Uygulamalar\u0131<\/h2>\n<h3>\u0130n\u015faat Ekipmanlar\u0131<\/h3>\n<p>\u0130n\u015faat ekipmanlar\u0131nda, \u00f6zellikle ekskavat\u00f6rlerde, bom silindirleri kazma, y\u00fckleme ve toprak veya moloz ta\u015f\u0131ma i\u015flemlerinde hayati bir rol oynar. Kep\u00e7enin pozisyonu ve hareketi \u00fczerinde hassas kontrol gerektiren g\u00f6revlerin yerine getirilmesi i\u00e7in gereklidirler ve kaz\u0131 ve malzeme ta\u015f\u0131ma s\u0131ras\u0131nda verimli \u00e7al\u0131\u015fma sa\u011flarlar.<\/p>\n<h3>Tar\u0131m Makinalar\u0131<\/h3>\n<p>Tar\u0131m makinelerinde, bom silindirleri tipik olarak \u00f6n y\u00fckleyicilerde bulunur ve toprak, saman ve di\u011fer malzemeleri kep\u00e7elemek, kald\u0131rmak ve ta\u015f\u0131mak i\u00e7in kullan\u0131l\u0131rlar. A\u011f\u0131r y\u00fckleri ta\u015f\u0131ma yetenekleri, \u00e7iftliklerde onlar\u0131 vazge\u00e7ilmez k\u0131lar ve verimlili\u011fi art\u0131ran \u00e7e\u015fitli g\u00f6revleri kolayla\u015ft\u0131r\u0131r.<\/p>\n<h3>Ekskavat\u00f6rler<\/h3>\n<p>Ekskavat\u00f6rlerde, bom silindiri kep\u00e7enin topra\u011fa n\u00fcfuz etmesini sa\u011flayarak etkili kaz\u0131 i\u015flemlerini kolayla\u015ft\u0131r\u0131r. Bu i\u015flev, in\u015faat, peyzaj ve toprak i\u015fleme gerektiren di\u011fer projeler i\u00e7in \u00e7ok \u00f6nemlidir.<\/p>\n<h3>Y\u00fckleyiciler<\/h3>\n<p>\u00d6n y\u00fckleyicilerde, bom silindirleri malzemelerin verimli bir \u015fekilde kald\u0131r\u0131lmas\u0131na ve bo\u015falt\u0131lmas\u0131na yard\u0131mc\u0131 olur. G\u00fcvenilir performanslar\u0131, operat\u00f6rlerin a\u011f\u0131r y\u00fckleri kolayl\u0131kla y\u00f6netmelerini sa\u011flayarak, malzeme ta\u015f\u0131ma g\u00f6revlerinin genel verimlili\u011fine katk\u0131da bulunur.<\/p>\n<h2>Tasar\u0131m Hususlar\u0131 ve Se\u00e7im Kriterleri<\/h2>\n<h3>Y\u00fck Kapasitesi<\/h3>\n<p>Bom silindirlerinin tasar\u0131m\u0131nda y\u00fck ta\u015f\u0131ma kapasitesi \u00f6ncelikli bir husustur. Silindir, \u00e7al\u0131\u015fma s\u0131ras\u0131nda kar\u015f\u0131la\u015faca\u011f\u0131 maksimum a\u011f\u0131rl\u0131\u011f\u0131 kald\u0131rabilecek \u015fekilde tasarlanmal\u0131d\u0131r. Bu, kald\u0131rma i\u015flemlerinde g\u00fcvenlik ve verimlilik sa\u011flayarak silindir ar\u0131zas\u0131n\u0131 \u00f6nler.<\/p>\n<h3>S\u0131zd\u0131rmazl\u0131k Performans\u0131<\/h3>\n<p>Hidrolik silindirlerde s\u0131zd\u0131rmazl\u0131k, s\u0131z\u0131nt\u0131lar\u0131 \u00f6nlemek ve bas\u0131nc\u0131 korumak a\u00e7\u0131s\u0131ndan kritik \u00f6neme sahiptir. Y\u00fcksek kaliteli contalar, silindirin maksimum performans\u0131n\u0131 ve uzun \u00f6mr\u00fcn\u00fc sa\u011flamak ve hidrolik s\u0131v\u0131 kayb\u0131 riskini en aza indirmek i\u00e7in gereklidir.<\/p>\n<h3>Dayan\u0131kl\u0131l\u0131k<\/h3>\n<p>Dayan\u0131kl\u0131l\u0131k, kullan\u0131lan malzemeleri ve \u00fcretim s\u00fcre\u00e7lerini kapsar. Bom silindirleri, s\u0131cakl\u0131k de\u011fi\u015fimleri ve a\u015f\u0131nd\u0131r\u0131c\u0131 maddelere maruz kalma da dahil olmak \u00fczere zorlu ko\u015fullara dayanabilen malzemelerden yap\u0131lmal\u0131d\u0131r.<\/p>\n<h3>G\u00fcvenlik Standartlar\u0131<\/h3>\n<p>Bom silindirlerinin tasar\u0131m\u0131nda g\u00fcvenlik en \u00f6nemli \u00f6nceliktir. End\u00fcstri standartlar\u0131na ve y\u00f6netmeliklerine uyulmas\u0131, silindirlerin beklenen y\u00fckler ve bas\u0131n\u00e7lar alt\u0131nda g\u00fcvenli bir \u015fekilde \u00e7al\u0131\u015fmas\u0131n\u0131 sa\u011flayarak kaza riskini azalt\u0131r.<\/p>\n<h3>Bak\u0131m Eri\u015filebilirli\u011fi<\/h3>\n<p>Bak\u0131m eri\u015filebilirli\u011fini g\u00f6z \u00f6n\u00fcnde bulunduran tasar\u0131m, incelemeleri ve onar\u0131mlar\u0131 kolayla\u015ft\u0131r\u0131r. Kolay eri\u015fim panelleri veya mod\u00fcler tasar\u0131mlar gibi \u00f6zellikler, daha h\u0131zl\u0131 bak\u0131m yap\u0131lmas\u0131n\u0131 sa\u011flayarak silindirlerin optimum durumda kalmas\u0131n\u0131 ve kullan\u0131m \u00f6mr\u00fcn\u00fcn uzamas\u0131n\u0131 m\u00fcmk\u00fcn k\u0131lar.<\/p>\n<p><img decoding=\"async\" src=\"https:\/\/www.hydraulic-cylinders.net\/wp-content\/uploads\/2025\/04\/songte-oil-pipes-and-spare-parts.webp\" alt=\"Petrol Borular\u0131 ve Yedek Par\u00e7alar\u0131\" \/><\/p>\n<h2>Bom Silindirlerinin S\u0131zd\u0131rmazl\u0131\u011f\u0131 ve Ya\u011flanmas\u0131<\/h2>\n<p>Bom silindirlerinin optimum performans\u0131 i\u00e7in etkili s\u0131zd\u0131rmazl\u0131k ve ya\u011flama hayati \u00f6nem ta\u015f\u0131r. Hidrolik bas\u0131nc\u0131 korumak ve s\u0131z\u0131nt\u0131lar\u0131 \u00f6nlemek i\u00e7in piston ve mil s\u0131zd\u0131rmazl\u0131k halkalar\u0131 gibi \u00e7e\u015fitli contalar kullan\u0131l\u0131r. Poli\u00fcretan ve nitril kau\u00e7uk gibi dayan\u0131kl\u0131 malzemelerden yap\u0131lan contalar, a\u015f\u0131nmaya ve y\u0131pranmaya kar\u015f\u0131 diren\u00e7 sa\u011flayarak uzun \u00f6m\u00fcrl\u00fc performans sunar.<\/p>\n<p>Silindir g\u00f6vdesi ve di\u015fli u\u00e7 y\u00fczeyleri, a\u015f\u0131nma direncini art\u0131rmak i\u00e7in hassas bir i\u015flemden ge\u00e7irilir; bu da hidrolik sistemin b\u00fct\u00fcnl\u00fc\u011f\u00fcn\u00fc korumak i\u00e7in kritik \u00f6neme sahiptir. Hareketli par\u00e7alardaki s\u00fcrt\u00fcnmeyi ve a\u015f\u0131nmay\u0131 azaltmak, \u00e7al\u0131\u015fma verimlili\u011fine ve uzun \u00f6mre katk\u0131da bulunmak i\u00e7in hidrolik ya\u011f ile d\u00fczenli ya\u011flama \u015fartt\u0131r.<\/p>\n<h2>D\u00fczenli Muayene ve \u00d6nleyici Bak\u0131m \u00d6nlemleri<\/h2>\n<ul>\n<li><strong>D\u00fczenli Denetimler:<\/strong> Bom silindirinde a\u015f\u0131nma, s\u0131z\u0131nt\u0131 veya hasar belirtileri olup olmad\u0131\u011f\u0131n\u0131n kapsaml\u0131 bir \u015fekilde incelenmesi, b\u00fcy\u00fck ar\u0131zalar\u0131n \u00f6nlenmesine yard\u0131mc\u0131 olabilir. Operat\u00f6rler, contalar\u0131n ve ba\u011flant\u0131lar\u0131n do\u011fru \u00e7al\u0131\u015ft\u0131\u011f\u0131ndan emin olmak i\u00e7in d\u00fczenli olarak kontrol etmelidir.<\/li>\n<li><strong>Uygun Ya\u011flama:<\/strong> Uygun ya\u011flama seviyelerinin korunmas\u0131, a\u015f\u0131nmay\u0131 \u00f6nlemek ve sorunsuz \u00e7al\u0131\u015fmay\u0131 sa\u011flamak i\u00e7in \u00e7ok \u00f6nemlidir. Operat\u00f6rler, ya\u011flama aral\u0131klar\u0131 ve miktarlar\u0131 konusunda \u00fcreticinin y\u00f6nergelerine uymal\u0131d\u0131r.<\/li>\n<li><strong>Conta De\u011fi\u015fimi:<\/strong> Contalar\u0131n d\u00fczenli olarak de\u011fi\u015ftirilmesi s\u0131z\u0131nt\u0131lar\u0131 \u00f6nleyebilir ve hidrolik verimlili\u011fi koruyabilir. Yedek contalar\u0131 el alt\u0131nda bulundurmak, bak\u0131m kontrolleri s\u0131ras\u0131nda h\u0131zl\u0131 de\u011fi\u015fimleri kolayla\u015ft\u0131rabilir.<\/li>\n<\/ul>\n<h2>Kurulum Talimatlar\u0131<\/h2>\n<p>Bom silindirlerinin etkili bir \u015fekilde monte edilmesini sa\u011flamak i\u00e7in \u015fu ad\u0131mlar\u0131 izleyin:<\/p>\n<ol>\n<li><strong>Haz\u0131rl\u0131k:<\/strong> Kurulum i\u015flemine ba\u015flamadan \u00f6nce gerekli t\u00fcm alet ve bile\u015fenlerin mevcut oldu\u011fundan emin olun. Ayr\u0131nt\u0131l\u0131 talimatlar i\u00e7in \u00fcreticinin kurulum k\u0131lavuzunu inceleyin.<\/li>\n<li><strong>Hizalama:<\/strong> Silindirin do\u011fru hizalanmas\u0131 \u00e7ok \u00f6nemlidir. Silindiri yerine sabitlemek i\u00e7in uygun montaj braketleri kullan\u0131n ve pivot noktalar\u0131yla hizaland\u0131\u011f\u0131ndan emin olun.<\/li>\n<li><strong>Ba\u011flant\u0131lar:<\/strong> Hidrolik hatlar\u0131 silindire dikkatlice ba\u011flay\u0131n ve hortumlarda herhangi bir b\u00fck\u00fclme veya daralma olmad\u0131\u011f\u0131ndan emin olun. T\u00fcm ba\u011flant\u0131 elemanlar\u0131n\u0131 iyice s\u0131k\u0131n, ancak ba\u011flant\u0131lara zarar verebilecek a\u015f\u0131r\u0131 s\u0131kmadan ka\u00e7\u0131n\u0131n.<\/li>\n<li><strong>Test:<\/strong> Kurulum tamamland\u0131ktan sonra, silindirin sorunsuz \u00e7al\u0131\u015ft\u0131\u011f\u0131ndan ve kontrol giri\u015flerine do\u011fru \u015fekilde yan\u0131t verdi\u011finden emin olmak i\u00e7in kapsaml\u0131 testler yap\u0131n. \u00c7al\u0131\u015fma s\u0131ras\u0131nda herhangi bir s\u0131z\u0131nt\u0131 veya anormal ses belirtisi olup olmad\u0131\u011f\u0131n\u0131 kontrol edin.<\/li>\n<\/ol>\n<h2>Yayg\u0131n Bak\u0131m G\u00f6revleri<\/h2>\n<h3>D\u00fczenli Denetimler<\/h3>\n<p>Potansiyel sorunlar\u0131n b\u00fcy\u00fcmeden \u00f6nce tespit edilmesi i\u00e7in d\u00fczenli denetimler \u015fartt\u0131r. Operat\u00f6rler, d\u00fczensiz hareket veya s\u0131z\u0131nt\u0131 gibi a\u015f\u0131nma belirtilerini aramal\u0131 ve i\u015flevselli\u011fi korumak i\u00e7in bunlar\u0131 derhal gidermelidir.<\/p>\n<h3>Uygun Ya\u011flama<\/h3>\n<p>Uygun ya\u011flama, bom silindirinin bile\u015fenlerindeki s\u00fcrt\u00fcnmeyi ve a\u015f\u0131nmay\u0131 azalt\u0131r. Operat\u00f6rler, optimum performans sa\u011flamak i\u00e7in ya\u011flama programlar\u0131na uymal\u0131 ve \u00f6nerilen hidrolik ya\u011f\u0131 kullanmal\u0131d\u0131r.<\/p>\n<h3>Conta De\u011fi\u015fimi ve Kalibrasyon Kontrolleri<\/h3>\n<p>S\u0131z\u0131nt\u0131lar\u0131 \u00f6nlemek i\u00e7in contalar\u0131n d\u00fczenli olarak de\u011fi\u015ftirilmesi \u00e7ok \u00f6nemlidir. Operat\u00f6rler ayr\u0131ca silindirin belirtilen parametreler dahilinde \u00e7al\u0131\u015ft\u0131\u011f\u0131ndan emin olmak i\u00e7in kalibrasyon kontrolleri yapmal\u0131 ve verimlili\u011fi korumak i\u00e7in gerekti\u011fi gibi ayarlamalar yapmal\u0131d\u0131r.<\/p>\n<p><img decoding=\"async\" src=\"https:\/\/www.hydraulic-cylinders.net\/wp-content\/uploads\/2025\/04\/songte-chushion-collar.webp\" alt=\"Yast\u0131k Yaka\" \/><\/p>\n<h2>G\u00fcvenlik Hususlar\u0131 ve \u00c7evresel Fakt\u00f6rler<\/h2>\n<p>Bom silindirlerinin \u00e7al\u0131\u015ft\u0131r\u0131lmas\u0131 s\u0131ras\u0131nda g\u00fcvenlik \u00f6nlemlerinin uygulanmas\u0131, kazalar\u0131 ve yaralanmalar\u0131 \u00f6nlemek i\u00e7in \u00e7ok \u00f6nemlidir. Operat\u00f6rler g\u00fcvenlik protokolleri konusunda e\u011fitilmeli ve \u00e7al\u0131\u015fma s\u0131ras\u0131nda koruyucu ekipman gibi t\u00fcm g\u00fcvenlik ekipmanlar\u0131n\u0131n kullan\u0131ld\u0131\u011f\u0131ndan emin olunmal\u0131d\u0131r. Ayr\u0131ca, \u00e7evresel etkiyi en aza indirmek i\u00e7in hidrolik s\u0131v\u0131lar\u0131n ve malzemelerin uygun \u015fekilde bertaraf edilmesi \u015fartt\u0131r.<\/p>\n<h2>Sorun Giderme ve Yayg\u0131n Sorunlar<\/h2>\n<h3>S\u0131k Kar\u015f\u0131la\u015f\u0131lan Sorunlar<\/h3>\n<ul>\n<li><strong>S\u0131z\u0131nt\u0131:<\/strong> A\u015f\u0131nm\u0131\u015f contalar veya hasarl\u0131 ba\u011flant\u0131 par\u00e7alar\u0131 nedeniyle s\u0131z\u0131nt\u0131 s\u0131k kar\u015f\u0131la\u015f\u0131lan bir sorundur. Silindiri d\u00fczenli olarak kontrol etmek, s\u0131z\u0131nt\u0131lar\u0131 erken tespit etmeye ve daha fazla hasar\u0131 \u00f6nlemeye yard\u0131mc\u0131 olabilir.<\/li>\n<li><strong>Yava\u015f \u00c7al\u0131\u015fma:<\/strong> Silindir yava\u015f \u00e7al\u0131\u015f\u0131yorsa, bu hidrolik s\u0131v\u0131 seviyesinin d\u00fc\u015f\u00fck oldu\u011funu veya kirlenme oldu\u011funu g\u00f6sterebilir. S\u0131v\u0131 seviyelerini ve kalitesini kontrol etmek bu sorunu gidermeye yard\u0131mc\u0131 olabilir.<\/li>\n<li><strong>Dengesiz Hareket:<\/strong> Silindirin d\u00fczensiz hareketi, yanl\u0131\u015f hizalama veya ar\u0131zal\u0131 bir contan\u0131n i\u015fareti olabilir. Do\u011fru hizalaman\u0131n sa\u011flanmas\u0131 ve gerekti\u011finde contalar\u0131n de\u011fi\u015ftirilmesi bu sorunu \u00e7\u00f6zebilir.<\/li>\n<\/ul>\n<h2>Ar\u0131za Giderme \u0130pu\u00e7lar\u0131<\/h2>\n<p>Bom silindirleriyle ilgili sorunlar\u0131 etkili bir \u015fekilde te\u015fhis etmek ve \u00e7\u00f6zmek i\u00e7in operat\u00f6rler \u015fu ipu\u00e7lar\u0131n\u0131 izlemelidir:<\/p>\n<ul>\n<li>Olas\u0131 sorunlar\u0131 erken tespit etmek i\u00e7in d\u00fczenli bak\u0131m kontrolleri yap\u0131n.<\/li>\n<li>Ekipmanda meydana gelen t\u00fcm sorunlar\u0131, yap\u0131lan onar\u0131mlar\u0131 veya bak\u0131mlar\u0131 ayr\u0131nt\u0131l\u0131 bir \u015fekilde kaydedin.<\/li>\n<li>Belirli sorunlar\u0131n giderilmesi i\u00e7in \u00fcreticinin y\u00f6nergelerine ba\u015fvurun ve uygun \u00e7\u00f6z\u00fcmlerin uyguland\u0131\u011f\u0131ndan emin olun.<\/li>\n<\/ul>\n<p><img decoding=\"async\" src=\"https:\/\/www.hydraulic-cylinders.net\/wp-content\/uploads\/2025\/04\/songte-bushings-with-all-kinds-of-excavator-models.webp\" alt=\"Ekskavat\u00f6r Modellerinde Bur\u00e7lar\" \/><\/p>\n<h2>\u015eirketimiz Hakk\u0131nda<\/h2>\n<p>Hidrolik sistemler i\u00e7in g\u00fcvenilir alternatifler \u00fcretme konusunda uzmanla\u015fm\u0131\u015f, \u00f6nde gelen bir hidrolik silindir \u00fcreticisiyiz. Kapsaml\u0131 \u00fcr\u00fcn yelpazemiz, bizi hem yurt i\u00e7i hem de uluslararas\u0131 pazarlarda \u00f6nde gelen bir \u00fcretici ve toptanc\u0131 olarak konumland\u0131rm\u0131\u015ft\u0131r. \u00dcr\u00fcnlerimizde m\u00fckemmelli\u011fi sa\u011flamak i\u00e7in titiz kalite standartlar\u0131na ba\u011fl\u0131 kal\u0131yor ve geli\u015fmi\u015f \u00fcretim stratejileri kullan\u0131yoruz.<\/p>\n<p>Geli\u015fmi\u015f \u00fcretim tesislerimiz, y\u00fcksek teknoloji \u00fcr\u00fcn\u00fc dijital ekipmanlar ve profesyonel test sistemleriyle donat\u0131lm\u0131\u015f olup, \u00fcretim kapasitemizi s\u00fcrekli olarak geli\u015ftirmemizi sa\u011flamaktad\u0131r. Verimlilik, hassasiyet ve kaliteye odaklanarak, m\u00fc\u015fterilerimizin \u00e7e\u015fitli ihtiya\u00e7lar\u0131n\u0131 kar\u015f\u0131lamaya \u00e7al\u0131\u015f\u0131yoruz.<\/p>\n<p><img decoding=\"async\" src=\"https:\/\/www.hydraulic-cylinders.net\/wp-content\/uploads\/2025\/04\/songte-company-4.webp\" alt=\"\u015eirket Genel Bak\u0131\u015f\u0131\" \/><br \/>\n<img decoding=\"async\" src=\"https:\/\/www.hydraulic-cylinders.net\/wp-content\/uploads\/2025\/04\/songte-company-3.webp\" alt=\"\u015eirket Tesisleri\" \/><\/p>\n<p>Yazar: lyl<\/p>","protected":false},"excerpt":{"rendered":"<p>Boom Cylinder For Bobcat Small Excavator E35 Introduction to Boom Cylinders The boom cylinder is a crucial component in the hydraulic systems of various heavy machinery, particularly excavators, backhoe loaders, and front loaders. Designed specifically for controlling the movement of the bucket, this hydraulic cylinder allows for lifting, lowering, and tilting of the bucket, facilitating [&hellip;]<\/p>","protected":false},"featured_media":17881,"comment_status":"open","ping_status":"closed","template":"","meta":{"_et_pb_use_builder":"","_et_pb_old_content":"","_et_gb_content_width":""},"product_brand":[],"product_cat":[1546],"product_tag":[1547,1496],"class_list":{"0":"post-19406","1":"product","2":"type-product","3":"status-publish","4":"has-post-thumbnail","6":"product_cat-boom-cylinders","7":"product_tag-boom-cylinders","8":"product_tag-hydraulic-cylinders","10":"first","11":"instock","12":"shipping-taxable","13":"product-type-simple"},"amp_enabled":true,"_links":{"self":[{"href":"https:\/\/www.hydraulic-cylinders.net\/tr\/wp-json\/wp\/v2\/product\/19406","targetHints":{"allow":["GET"]}}],"collection":[{"href":"https:\/\/www.hydraulic-cylinders.net\/tr\/wp-json\/wp\/v2\/product"}],"about":[{"href":"https:\/\/www.hydraulic-cylinders.net\/tr\/wp-json\/wp\/v2\/types\/product"}],"replies":[{"embeddable":true,"href":"https:\/\/www.hydraulic-cylinders.net\/tr\/wp-json\/wp\/v2\/comments?post=19406"}],"wp:featuredmedia":[{"embeddable":true,"href":"https:\/\/www.hydraulic-cylinders.net\/tr\/wp-json\/wp\/v2\/media\/17881"}],"wp:attachment":[{"href":"https:\/\/www.hydraulic-cylinders.net\/tr\/wp-json\/wp\/v2\/media?parent=19406"}],"wp:term":[{"taxonomy":"product_brand","embeddable":true,"href":"https:\/\/www.hydraulic-cylinders.net\/tr\/wp-json\/wp\/v2\/product_brand?post=19406"},{"taxonomy":"product_cat","embeddable":true,"href":"https:\/\/www.hydraulic-cylinders.net\/tr\/wp-json\/wp\/v2\/product_cat?post=19406"},{"taxonomy":"product_tag","embeddable":true,"href":"https:\/\/www.hydraulic-cylinders.net\/tr\/wp-json\/wp\/v2\/product_tag?post=19406"}],"curies":[{"name":"wp","href":"https:\/\/api.w.org\/{rel}","templated":true}]}}